{"id":186618,"date":"2025-09-01T17:13:53","date_gmt":"2025-09-01T15:14:07","guid":{"rendered":"https:\/\/tourtravelandmore.com\/?post_type=product&#038;p=186618"},"modified":"2025-09-01T17:35:16","modified_gmt":"2025-09-01T15:35:16","slug":"visite-privee-des-incontournables-de-bangkok-grand-palais-wat-phra-kaew-et-wat-pho-copy","status":"publish","type":"product","link":"https:\/\/tourtravelandmore.com\/fr\/tours\/thailande\/bangkok-fr\/tous-les-circuits-prives\/visite-privee-des-incontournables-de-bangkok-grand-palais-wat-phra-kaew-et-wat-pho-copy\/","title":{"rendered":"Visite priv\u00e9e du march\u00e9 ferroviaire de Maeklong et des march\u00e9s flottants"},"content":{"rendered":"<h2>Description | Visite priv\u00e9e du march\u00e9 ferroviaire de Maeklong et des march\u00e9s flottants<\/h2>\n<p>Embarquez pour un voyage inoubliable avec notre visite priv\u00e9e du march\u00e9 ferroviaire de Maeklong et des march\u00e9s flottants. Une exp\u00e9rience culturelle incontournable \u00e0 Bangkok. Cette visite combine deux des attractions les plus embl\u00e9matiques de Tha\u00eflande, vous permettant de d\u00e9couvrir de plus pr\u00e8s la vie locale authentique. \u00c0 quelques minutes en voiture de la ville, vous entrerez dans un monde vibrant de couleurs, de saveurs et de traditions.<\/p>\n<p>Au cours de cette exp\u00e9rience de 6 heures, votre guide priv\u00e9 et votre chauffeur veilleront \u00e0 ce que votre voyage se d\u00e9roule sans encombre pendant que vous explorerez ces march\u00e9s uniques. Vous serez plong\u00e9 dans l&#8217;atmosph\u00e8re fascinante o\u00f9 les trains traversent directement le march\u00e9 ferroviaire de Maeklong et o\u00f9 les marchands replient rapidement leurs \u00e9tals. Plus tard, vous profiterez du charme des march\u00e9s flottants, o\u00f9 les habitants vendent des fruits frais, des souvenirs et de d\u00e9licieux plats de rue depuis des bateaux traditionnels en bois.<\/p>\n<h2>Points forts<\/h2>\n<ul>\n<li><a href=\"https:\/\/www.tourismthailand.org\/Attraction\/Maeklong-Railway-Market?utm_source=chatgpt.com\"><b>March\u00e9 ferroviaire de Maeklong<\/b><\/a> : observez le c\u00e9l\u00e8bre train traverser le march\u00e9 anim\u00e9.<\/li>\n<li><b>March\u00e9 flottant de Damnoen Saduak<\/b> : explorez les canaux anim\u00e9s remplis de vendeurs locaux et de produits exotiques.<\/li>\n<li><b>Exp\u00e9rience priv\u00e9e<\/b> : service personnalis\u00e9 avec un chauffeur et un guide agr\u00e9\u00e9.<\/li>\n<li><b>Aper\u00e7u culturel<\/b> : d\u00e9couvrez les traditions, l&#8217;histoire et la vie quotidienne tha\u00eflandaises.<\/li>\n<\/ul>\n<p>Cette aventure culturelle offre un m\u00e9lange parfait d&#8217;excitation et de tradition. Que vous souhaitiez prendre de superbes photos, d\u00e9guster des sp\u00e9cialit\u00e9s tha\u00eflandaises ou simplement profiter de l&#8217;atmosph\u00e8re unique, cette <b>visite priv\u00e9e du march\u00e9 ferroviaire de Maeklong et des march\u00e9s flottants<\/b> est faite pour vous.<\/p>\n<p>Votre guide priv\u00e9 adaptera le rythme \u00e0 vos pr\u00e9f\u00e9rences, vous garantissant une visite enrichissante de chaque attraction. Si vous souhaitez prolonger votre s\u00e9jour \u00e0 Bangkok, vous pouvez d\u00e9couvrir nos autres <a href=\"https:\/\/tourtravelandmore.com\/?utm_source=chatgpt.com\">visites priv\u00e9es de Bangkok<\/a> ou combiner cette exp\u00e9rience avec une <a href=\"https:\/\/tourtravelandmore.com\/?utm_source=chatgpt.com\">visite \u00e0 pied de la vieille ville de Bangkok<\/a>.<\/p>\n","protected":false},"excerpt":{"rendered":"<p>Embarquez pour un voyage inoubliable avec notre visite priv\u00e9e du march\u00e9 ferroviaire de Maeklong et des march\u00e9s flottants. Une exp\u00e9rience culturelle incontournable \u00e0 Bangkok. Cette visite combine deux des attractions les plus embl\u00e9matiques de Tha\u00eflande, vous permettant de d\u00e9couvrir de plus pr\u00e8s la vie locale authentique. \u00c0 quelques minutes en voiture de la ville, vous entrerez dans un monde vibrant de couleurs, de saveurs et de traditions.<\/p>\n","protected":false},"featured_media":186630,"comment_status":"open","ping_status":"closed","template":"","meta":{"_acf_changed":false},"product_brand":[],"product_cat":[5594,5591,5597],"product_tag":[],"class_list":{"0":"post-186618","1":"product","2":"type-product","3":"status-publish","4":"has-post-thumbnail","6":"product_cat-bangkok-fr","7":"product_cat-thailande","8":"product_cat-tous-les-circuits-prives","10":"first","11":"instock","12":"shipping-taxable","13":"purchasable","14":"product-type-simple"},"acf":[],"yoast_head":"<!-- This site is optimized with the Yoast SEO Premium plugin v25.3.1 (Yoast SEO v25.3.1) - https:\/\/yoast.com\/wordpress\/plugins\/seo\/ -->\n<title>Visite priv\u00e9e du march\u00e9 ferroviaire de Maeklong et des march\u00e9s flottants<\/title>\n<meta name=\"description\" content=\"Visite priv\u00e9e du march\u00e9 ferroviaire de Maeklong et des march\u00e9s flottants. Explorez ses rues gr\u00e2ce \u00e0 cette visite priv\u00e9e d&#039;une journ\u00e9e compl\u00e8te avec un guide et un v\u00e9hicule priv\u00e9.\" \/>\n<meta name=\"robots\" content=\"index, follow, max-snippet:-1, max-image-preview:large, max-video-preview:-1\" \/>\n<link rel=\"canonical\" href=\"https:\/\/tourtravelandmore.com\/fr\/tours\/thailande\/bangkok-fr\/tous-les-circuits-prives\/visite-privee-des-incontournables-de-bangkok-grand-palais-wat-phra-kaew-et-wat-pho-copy\/\" \/>\n<meta property=\"og:locale\" content=\"fr_FR\" \/>\n<meta property=\"og:type\" content=\"article\" \/>\n<meta property=\"og:title\" content=\"Visite priv\u00e9e du march\u00e9 ferroviaire de Maeklong et des march\u00e9s flottants\" \/>\n<meta property=\"og:description\" content=\"Visite priv\u00e9e du march\u00e9 ferroviaire de Maeklong et des march\u00e9s flottants. Explorez ses rues gr\u00e2ce \u00e0 cette visite priv\u00e9e d&#039;une journ\u00e9e compl\u00e8te avec un guide et un v\u00e9hicule priv\u00e9.\" \/>\n<meta property=\"og:url\" content=\"https:\/\/tourtravelandmore.com\/fr\/tours\/thailande\/bangkok-fr\/tous-les-circuits-prives\/visite-privee-des-incontournables-de-bangkok-grand-palais-wat-phra-kaew-et-wat-pho-copy\/\" \/>\n<meta property=\"og:site_name\" content=\"Tour Travel And More\" \/>\n<meta property=\"article:publisher\" content=\"https:\/\/www.facebook.com\/tourtravelandmore\/\" \/>\n<meta property=\"article:modified_time\" content=\"2025-09-01T15:35:16+00:00\" \/>\n<meta property=\"og:image\" content=\"https:\/\/tourtravelandmore.com\/wp-content\/uploads\/2025\/09\/railway-5947866_1280.jpg\" \/>\n\t<meta property=\"og:image:width\" content=\"1280\" \/>\n\t<meta property=\"og:image:height\" content=\"853\" \/>\n\t<meta property=\"og:image:type\" content=\"image\/jpeg\" \/>\n<meta name=\"twitter:card\" content=\"summary_large_image\" \/>\n<meta name=\"twitter:site\" content=\"@TourTravel_More\" \/>\n<meta name=\"twitter:label1\" content=\"Dur\u00e9e de lecture estim\u00e9e\" \/>\n\t<meta name=\"twitter:data1\" content=\"2 minutes\" \/>\n<script type=\"application\/ld+json\" class=\"yoast-schema-graph\">{\"@context\":\"https:\/\/schema.org\",\"@graph\":[{\"@type\":\"WebPage\",\"@id\":\"https:\/\/tourtravelandmore.com\/fr\/tours\/thailande\/bangkok-fr\/tous-les-circuits-prives\/visite-privee-des-incontournables-de-bangkok-grand-palais-wat-phra-kaew-et-wat-pho-copy\/\",\"url\":\"https:\/\/tourtravelandmore.com\/fr\/tours\/thailande\/bangkok-fr\/tous-les-circuits-prives\/visite-privee-des-incontournables-de-bangkok-grand-palais-wat-phra-kaew-et-wat-pho-copy\/\",\"name\":\"Visite priv\u00e9e du march\u00e9 ferroviaire de Maeklong et des march\u00e9s flottants\",\"isPartOf\":{\"@id\":\"https:\/\/tourtravelandmore.com\/fr\/#website\"},\"primaryImageOfPage\":{\"@id\":\"https:\/\/tourtravelandmore.com\/fr\/tours\/thailande\/bangkok-fr\/tous-les-circuits-prives\/visite-privee-des-incontournables-de-bangkok-grand-palais-wat-phra-kaew-et-wat-pho-copy\/#primaryimage\"},\"image\":{\"@id\":\"https:\/\/tourtravelandmore.com\/fr\/tours\/thailande\/bangkok-fr\/tous-les-circuits-prives\/visite-privee-des-incontournables-de-bangkok-grand-palais-wat-phra-kaew-et-wat-pho-copy\/#primaryimage\"},\"thumbnailUrl\":\"https:\/\/tourtravelandmore.com\/wp-content\/uploads\/2025\/09\/railway-5947866_1280.jpg\",\"datePublished\":\"2025-09-01T15:14:07+00:00\",\"dateModified\":\"2025-09-01T15:35:16+00:00\",\"description\":\"Visite priv\u00e9e du march\u00e9 ferroviaire de Maeklong et des march\u00e9s flottants. Explorez ses rues gr\u00e2ce \u00e0 cette visite priv\u00e9e d'une journ\u00e9e compl\u00e8te avec un guide et un v\u00e9hicule priv\u00e9.\",\"breadcrumb\":{\"@id\":\"https:\/\/tourtravelandmore.com\/fr\/tours\/thailande\/bangkok-fr\/tous-les-circuits-prives\/visite-privee-des-incontournables-de-bangkok-grand-palais-wat-phra-kaew-et-wat-pho-copy\/#breadcrumb\"},\"inLanguage\":\"fr-FR\",\"potentialAction\":[{\"@type\":\"ReadAction\",\"target\":[\"https:\/\/tourtravelandmore.com\/fr\/tours\/thailande\/bangkok-fr\/tous-les-circuits-prives\/visite-privee-des-incontournables-de-bangkok-grand-palais-wat-phra-kaew-et-wat-pho-copy\/\"]}]},{\"@type\":\"ImageObject\",\"inLanguage\":\"fr-FR\",\"@id\":\"https:\/\/tourtravelandmore.com\/fr\/tours\/thailande\/bangkok-fr\/tous-les-circuits-prives\/visite-privee-des-incontournables-de-bangkok-grand-palais-wat-phra-kaew-et-wat-pho-copy\/#primaryimage\",\"url\":\"https:\/\/tourtravelandmore.com\/wp-content\/uploads\/2025\/09\/railway-5947866_1280.jpg\",\"contentUrl\":\"https:\/\/tourtravelandmore.com\/wp-content\/uploads\/2025\/09\/railway-5947866_1280.jpg\",\"width\":1280,\"height\":853},{\"@type\":\"BreadcrumbList\",\"@id\":\"https:\/\/tourtravelandmore.com\/fr\/tours\/thailande\/bangkok-fr\/tous-les-circuits-prives\/visite-privee-des-incontournables-de-bangkok-grand-palais-wat-phra-kaew-et-wat-pho-copy\/#breadcrumb\",\"itemListElement\":[{\"@type\":\"ListItem\",\"position\":1,\"name\":\"Home\",\"item\":\"https:\/\/tourtravelandmore.com\/fr\/\"},{\"@type\":\"ListItem\",\"position\":2,\"name\":\"Tours\",\"item\":\"https:\/\/tourtravelandmore.com\/fr\/tours\/\"},{\"@type\":\"ListItem\",\"position\":3,\"name\":\"Visite priv\u00e9e du march\u00e9 ferroviaire de Maeklong et des march\u00e9s flottants\"}]},{\"@type\":\"WebSite\",\"@id\":\"https:\/\/tourtravelandmore.com\/fr\/#website\",\"url\":\"https:\/\/tourtravelandmore.com\/fr\/\",\"name\":\"Tour Travel And More\",\"description\":\"Private sightseeing tours and luxury transfers in Spain\",\"publisher\":{\"@id\":\"https:\/\/tourtravelandmore.com\/fr\/#organization\"},\"potentialAction\":[{\"@type\":\"SearchAction\",\"target\":{\"@type\":\"EntryPoint\",\"urlTemplate\":\"https:\/\/tourtravelandmore.com\/fr\/?s={search_term_string}\"},\"query-input\":{\"@type\":\"PropertyValueSpecification\",\"valueRequired\":true,\"valueName\":\"search_term_string\"}}],\"inLanguage\":\"fr-FR\"},{\"@type\":\"Organization\",\"@id\":\"https:\/\/tourtravelandmore.com\/fr\/#organization\",\"name\":\"Tour Travel And More\",\"url\":\"https:\/\/tourtravelandmore.com\/fr\/\",\"logo\":{\"@type\":\"ImageObject\",\"inLanguage\":\"fr-FR\",\"@id\":\"https:\/\/tourtravelandmore.com\/fr\/#\/schema\/logo\/image\/\",\"url\":\"https:\/\/tourtravelandmore.com\/wp-content\/uploads\/2022\/12\/cropped-logo-cabecera-new.png\",\"contentUrl\":\"https:\/\/tourtravelandmore.com\/wp-content\/uploads\/2022\/12\/cropped-logo-cabecera-new.png\",\"width\":430,\"height\":61,\"caption\":\"Tour Travel And More\"},\"image\":{\"@id\":\"https:\/\/tourtravelandmore.com\/fr\/#\/schema\/logo\/image\/\"},\"sameAs\":[\"https:\/\/www.facebook.com\/tourtravelandmore\/\",\"https:\/\/x.com\/TourTravel_More\"]}]}<\/script>\n<!-- \/ Yoast SEO Premium plugin. -->","yoast_head_json":{"title":"Visite priv\u00e9e du march\u00e9 ferroviaire de Maeklong et des march\u00e9s flottants","description":"Visite priv\u00e9e du march\u00e9 ferroviaire de Maeklong et des march\u00e9s flottants. Explorez ses rues gr\u00e2ce \u00e0 cette visite priv\u00e9e d'une journ\u00e9e compl\u00e8te avec un guide et un v\u00e9hicule priv\u00e9.","robots":{"index":"index","follow":"follow","max-snippet":"max-snippet:-1","max-image-preview":"max-image-preview:large","max-video-preview":"max-video-preview:-1"},"canonical":"https:\/\/tourtravelandmore.com\/fr\/tours\/thailande\/bangkok-fr\/tous-les-circuits-prives\/visite-privee-des-incontournables-de-bangkok-grand-palais-wat-phra-kaew-et-wat-pho-copy\/","og_locale":"fr_FR","og_type":"article","og_title":"Visite priv\u00e9e du march\u00e9 ferroviaire de Maeklong et des march\u00e9s flottants","og_description":"Visite priv\u00e9e du march\u00e9 ferroviaire de Maeklong et des march\u00e9s flottants. Explorez ses rues gr\u00e2ce \u00e0 cette visite priv\u00e9e d'une journ\u00e9e compl\u00e8te avec un guide et un v\u00e9hicule priv\u00e9.","og_url":"https:\/\/tourtravelandmore.com\/fr\/tours\/thailande\/bangkok-fr\/tous-les-circuits-prives\/visite-privee-des-incontournables-de-bangkok-grand-palais-wat-phra-kaew-et-wat-pho-copy\/","og_site_name":"Tour Travel And More","article_publisher":"https:\/\/www.facebook.com\/tourtravelandmore\/","article_modified_time":"2025-09-01T15:35:16+00:00","og_image":[{"width":1280,"height":853,"url":"https:\/\/tourtravelandmore.com\/wp-content\/uploads\/2025\/09\/railway-5947866_1280.jpg","type":"image\/jpeg"}],"twitter_card":"summary_large_image","twitter_site":"@TourTravel_More","twitter_misc":{"Dur\u00e9e de lecture estim\u00e9e":"2 minutes"},"schema":{"@context":"https:\/\/schema.org","@graph":[{"@type":"WebPage","@id":"https:\/\/tourtravelandmore.com\/fr\/tours\/thailande\/bangkok-fr\/tous-les-circuits-prives\/visite-privee-des-incontournables-de-bangkok-grand-palais-wat-phra-kaew-et-wat-pho-copy\/","url":"https:\/\/tourtravelandmore.com\/fr\/tours\/thailande\/bangkok-fr\/tous-les-circuits-prives\/visite-privee-des-incontournables-de-bangkok-grand-palais-wat-phra-kaew-et-wat-pho-copy\/","name":"Visite priv\u00e9e du march\u00e9 ferroviaire de Maeklong et des march\u00e9s flottants","isPartOf":{"@id":"https:\/\/tourtravelandmore.com\/fr\/#website"},"primaryImageOfPage":{"@id":"https:\/\/tourtravelandmore.com\/fr\/tours\/thailande\/bangkok-fr\/tous-les-circuits-prives\/visite-privee-des-incontournables-de-bangkok-grand-palais-wat-phra-kaew-et-wat-pho-copy\/#primaryimage"},"image":{"@id":"https:\/\/tourtravelandmore.com\/fr\/tours\/thailande\/bangkok-fr\/tous-les-circuits-prives\/visite-privee-des-incontournables-de-bangkok-grand-palais-wat-phra-kaew-et-wat-pho-copy\/#primaryimage"},"thumbnailUrl":"https:\/\/tourtravelandmore.com\/wp-content\/uploads\/2025\/09\/railway-5947866_1280.jpg","datePublished":"2025-09-01T15:14:07+00:00","dateModified":"2025-09-01T15:35:16+00:00","description":"Visite priv\u00e9e du march\u00e9 ferroviaire de Maeklong et des march\u00e9s flottants. Explorez ses rues gr\u00e2ce \u00e0 cette visite priv\u00e9e d'une journ\u00e9e compl\u00e8te avec un guide et un v\u00e9hicule priv\u00e9.","breadcrumb":{"@id":"https:\/\/tourtravelandmore.com\/fr\/tours\/thailande\/bangkok-fr\/tous-les-circuits-prives\/visite-privee-des-incontournables-de-bangkok-grand-palais-wat-phra-kaew-et-wat-pho-copy\/#breadcrumb"},"inLanguage":"fr-FR","potentialAction":[{"@type":"ReadAction","target":["https:\/\/tourtravelandmore.com\/fr\/tours\/thailande\/bangkok-fr\/tous-les-circuits-prives\/visite-privee-des-incontournables-de-bangkok-grand-palais-wat-phra-kaew-et-wat-pho-copy\/"]}]},{"@type":"ImageObject","inLanguage":"fr-FR","@id":"https:\/\/tourtravelandmore.com\/fr\/tours\/thailande\/bangkok-fr\/tous-les-circuits-prives\/visite-privee-des-incontournables-de-bangkok-grand-palais-wat-phra-kaew-et-wat-pho-copy\/#primaryimage","url":"https:\/\/tourtravelandmore.com\/wp-content\/uploads\/2025\/09\/railway-5947866_1280.jpg","contentUrl":"https:\/\/tourtravelandmore.com\/wp-content\/uploads\/2025\/09\/railway-5947866_1280.jpg","width":1280,"height":853},{"@type":"BreadcrumbList","@id":"https:\/\/tourtravelandmore.com\/fr\/tours\/thailande\/bangkok-fr\/tous-les-circuits-prives\/visite-privee-des-incontournables-de-bangkok-grand-palais-wat-phra-kaew-et-wat-pho-copy\/#breadcrumb","itemListElement":[{"@type":"ListItem","position":1,"name":"Home","item":"https:\/\/tourtravelandmore.com\/fr\/"},{"@type":"ListItem","position":2,"name":"Tours","item":"https:\/\/tourtravelandmore.com\/fr\/tours\/"},{"@type":"ListItem","position":3,"name":"Visite priv\u00e9e du march\u00e9 ferroviaire de Maeklong et des march\u00e9s flottants"}]},{"@type":"WebSite","@id":"https:\/\/tourtravelandmore.com\/fr\/#website","url":"https:\/\/tourtravelandmore.com\/fr\/","name":"Tour Travel And More","description":"Private sightseeing tours and luxury transfers in Spain","publisher":{"@id":"https:\/\/tourtravelandmore.com\/fr\/#organization"},"potentialAction":[{"@type":"SearchAction","target":{"@type":"EntryPoint","urlTemplate":"https:\/\/tourtravelandmore.com\/fr\/?s={search_term_string}"},"query-input":{"@type":"PropertyValueSpecification","valueRequired":true,"valueName":"search_term_string"}}],"inLanguage":"fr-FR"},{"@type":"Organization","@id":"https:\/\/tourtravelandmore.com\/fr\/#organization","name":"Tour Travel And More","url":"https:\/\/tourtravelandmore.com\/fr\/","logo":{"@type":"ImageObject","inLanguage":"fr-FR","@id":"https:\/\/tourtravelandmore.com\/fr\/#\/schema\/logo\/image\/","url":"https:\/\/tourtravelandmore.com\/wp-content\/uploads\/2022\/12\/cropped-logo-cabecera-new.png","contentUrl":"https:\/\/tourtravelandmore.com\/wp-content\/uploads\/2022\/12\/cropped-logo-cabecera-new.png","width":430,"height":61,"caption":"Tour Travel And More"},"image":{"@id":"https:\/\/tourtravelandmore.com\/fr\/#\/schema\/logo\/image\/"},"sameAs":["https:\/\/www.facebook.com\/tourtravelandmore\/","https:\/\/x.com\/TourTravel_More"]}]}},"_links":{"self":[{"href":"https:\/\/tourtravelandmore.com\/fr\/wp-json\/wp\/v2\/product\/186618","targetHints":{"allow":["GET"]}}],"collection":[{"href":"https:\/\/tourtravelandmore.com\/fr\/wp-json\/wp\/v2\/product"}],"about":[{"href":"https:\/\/tourtravelandmore.com\/fr\/wp-json\/wp\/v2\/types\/product"}],"replies":[{"embeddable":true,"href":"https:\/\/tourtravelandmore.com\/fr\/wp-json\/wp\/v2\/comments?post=186618"}],"wp:featuredmedia":[{"embeddable":true,"href":"https:\/\/tourtravelandmore.com\/fr\/wp-json\/wp\/v2\/media\/186630"}],"wp:attachment":[{"href":"https:\/\/tourtravelandmore.com\/fr\/wp-json\/wp\/v2\/media?parent=186618"}],"wp:term":[{"taxonomy":"product_brand","embeddable":true,"href":"https:\/\/tourtravelandmore.com\/fr\/wp-json\/wp\/v2\/product_brand?post=186618"},{"taxonomy":"product_cat","embeddable":true,"href":"https:\/\/tourtravelandmore.com\/fr\/wp-json\/wp\/v2\/product_cat?post=186618"},{"taxonomy":"product_tag","embeddable":true,"href":"https:\/\/tourtravelandmore.com\/fr\/wp-json\/wp\/v2\/product_tag?post=186618"}],"curies":[{"name":"wp","href":"https:\/\/api.w.org\/{rel}","templated":true}]}}