{"id":186573,"date":"2025-08-29T18:25:39","date_gmt":"2025-08-29T16:25:44","guid":{"rendered":"https:\/\/tourtravelandmore.com\/?post_type=product&#038;p=186573"},"modified":"2025-08-29T18:35:33","modified_gmt":"2025-08-29T16:35:33","slug":"visite-privee-dune-journee-complete-de-bangkok-copy-2","status":"publish","type":"product","link":"https:\/\/tourtravelandmore.com\/fr\/tours\/thailande\/bangkok-fr\/tous-les-circuits-prives\/visite-privee-dune-journee-complete-de-bangkok-copy-2\/","title":{"rendered":"Visite priv\u00e9e des incontournables de Bangkok : Grand Palais, Wat Phra Kaew et Wat Pho"},"content":{"rendered":"<h2>Description | Visite priv\u00e9e des incontournables de Bangkok : Grand Palais, Wat Phra Kaew et Wat Pho<\/h2>\n<p>Commencez votre voyage \u00e0 travers le c\u0153ur culturel de la Tha\u00eflande avec notre <b>visite priv\u00e9e des incontournables de Bangkok : Grand Palais, Wat Phra Kaew et Wat Pho<\/b>. Cette exp\u00e9rience de 6 heures combine les sites les plus embl\u00e9matiques de la ville dans un itin\u00e9raire personnalis\u00e9 et fluide. Accompagn\u00e9 de votre chauffeur priv\u00e9 et de votre guide officiel, vous profiterez d&#8217;une exploration sans stress, d\u00e9couvrirez l&#8217;histoire et les traditions de Bangkok tout en admirant ses monuments \u00e0 couper le souffle.<\/p>\n<p>Apr\u00e8s une prise en charge confortable \u00e0 votre h\u00f4tel ou au port, votre guide vous conduira au Grand Palais, la r\u00e9sidence royale historique qui met en valeur l&#8217;art et le patrimoine culturel tha\u00eflandais. \u00c0 l&#8217;int\u00e9rieur de ses murs se trouve le magnifique Wat Phra Kaew, qui abrite le v\u00e9n\u00e9r\u00e9 Bouddha d&#8217;\u00e9meraude. Ces deux sites repr\u00e9sentent le centre spirituel et politique de la Tha\u00eflande, offrant aux voyageurs une compr\u00e9hension plus approfondie de l&#8217;identit\u00e9 du pays.<\/p>\n<p>Poursuivez votre visite par le <b>Wat Pho<\/b>, l&#8217;un des plus anciens temples de Bangkok, c\u00e9l\u00e8bre pour son immense Bouddha couch\u00e9. En vous promenant dans ses cours, vous d\u00e9couvrirez \u00e9galement le r\u00f4le du temple en tant que berceau du massage tha\u00ef traditionnel. Cet itin\u00e9raire soigneusement \u00e9labor\u00e9 vous permet de d\u00e9couvrir l&#8217;essence de Bangkok en quelques heures seulement, tout en vous laissant du temps pour explorer la ville \u00e0 votre guise.<\/p>\n<h2>Points forts | Visite priv\u00e9e des incontournables de Bangkok : Grand Palais, Wat Phra Kaew et Wat Pho<\/h2>\n<ul>\n<li><b>Grand Palais<\/b> : r\u00e9sidence royale embl\u00e9matique et symbole du patrimoine tha\u00eflandais.<\/li>\n<li><b>Wat Phra Kaew<\/b> : temple du Bouddha d&#8217;\u00e9meraude, le plus sacr\u00e9 de Tha\u00eflande.<\/li>\n<li><b>Wat Pho<\/b> : lieu de r\u00e9sidence du Bouddha couch\u00e9 et de la tradition du massage tha\u00eflandais.<\/li>\n<li><b>Exp\u00e9rience priv\u00e9e<\/b> : v\u00e9hicule avec chauffeur, guide agr\u00e9\u00e9 et tous les billets d&#8217;entr\u00e9e inclus.<\/li>\n<\/ul>\n<p>Votre guide priv\u00e9 adaptera le rythme \u00e0 vos pr\u00e9f\u00e9rences, vous garantissant une visite enrichissante de chaque attraction. Si vous souhaitez prolonger votre s\u00e9jour \u00e0 Bangkok, vous pouvez d\u00e9couvrir nos autres <a href=\"https:\/\/tourtravelandmore.com\/?utm_source=chatgpt.com\">visites priv\u00e9es de Bangkok<\/a> ou combiner cette exp\u00e9rience avec une <a href=\"https:\/\/tourtravelandmore.com\/?utm_source=chatgpt.com\">visite \u00e0 pied de la vieille ville de Bangkok<\/a>.<\/p>\n<p>Terminez cette journ\u00e9e inoubliable en m\u00e9ditant sur la grandeur des sites les plus sacr\u00e9s de Tha\u00eflande. La <b>visite priv\u00e9e des incontournables de Bangkok : Grand Palais, Wat Phra Kaew et Wat Pho<\/b> est une introduction parfaite aux merveilles culturelles de Bangkok.<\/p>\n","protected":false},"excerpt":{"rendered":"<p>Commencez votre voyage \u00e0 travers le c\u0153ur culturel de la Tha\u00eflande avec notre <b>visite priv\u00e9e des incontournables de Bangkok : Grand Palais, Wat Phra Kaew et Wat Pho<\/b>. Cette exp\u00e9rience de 6 heures combine les sites les plus embl\u00e9matiques de la ville dans un itin\u00e9raire personnalis\u00e9 et fluide. Accompagn\u00e9 de votre chauffeur priv\u00e9 et de votre guide officiel, vous profiterez d&#8217;une exploration sans stress, d\u00e9couvrirez l&#8217;histoire et les traditions de Bangkok tout en admirant ses monuments \u00e0 couper le souffle.<\/p>\n","protected":false},"featured_media":186421,"comment_status":"open","ping_status":"closed","template":"","meta":{"_acf_changed":false},"product_brand":[],"product_cat":[5594,5591,5597],"product_tag":[],"class_list":{"0":"post-186573","1":"product","2":"type-product","3":"status-publish","4":"has-post-thumbnail","6":"product_cat-bangkok-fr","7":"product_cat-thailande","8":"product_cat-tous-les-circuits-prives","10":"first","11":"instock","12":"shipping-taxable","13":"purchasable","14":"product-type-simple"},"acf":[],"yoast_head":"<!-- This site is optimized with the Yoast SEO Premium plugin v25.3.1 (Yoast SEO v25.3.1) - https:\/\/yoast.com\/wordpress\/plugins\/seo\/ -->\n<title>Visite priv\u00e9e des incontournables de Bangkok : Grand Palais, Wat Phra Kaew et Wat Pho<\/title>\n<meta name=\"description\" content=\"Visite priv\u00e9e des incontournables de Bangkok : Grand Palais, Wat Phra Kaew et Wat Pho. Explorez ses rues gr\u00e2ce \u00e0 cette visite priv\u00e9e d&#039;une journ\u00e9e compl\u00e8te avec un guide et un v\u00e9hicule priv\u00e9.\" \/>\n<meta name=\"robots\" content=\"index, follow, max-snippet:-1, max-image-preview:large, max-video-preview:-1\" \/>\n<link rel=\"canonical\" href=\"https:\/\/tourtravelandmore.com\/fr\/tours\/thailande\/bangkok-fr\/tous-les-circuits-prives\/visite-privee-dune-journee-complete-de-bangkok-copy-2\/\" \/>\n<meta property=\"og:locale\" content=\"fr_FR\" \/>\n<meta property=\"og:type\" content=\"article\" \/>\n<meta property=\"og:title\" content=\"Visite priv\u00e9e des incontournables de Bangkok : Grand Palais, Wat Phra Kaew et Wat Pho\" \/>\n<meta property=\"og:description\" content=\"Visite priv\u00e9e des incontournables de Bangkok : Grand Palais, Wat Phra Kaew et Wat Pho. Explorez ses rues gr\u00e2ce \u00e0 cette visite priv\u00e9e d&#039;une journ\u00e9e compl\u00e8te avec un guide et un v\u00e9hicule priv\u00e9.\" \/>\n<meta property=\"og:url\" content=\"https:\/\/tourtravelandmore.com\/fr\/tours\/thailande\/bangkok-fr\/tous-les-circuits-prives\/visite-privee-dune-journee-complete-de-bangkok-copy-2\/\" \/>\n<meta property=\"og:site_name\" content=\"Tour Travel And More\" \/>\n<meta property=\"article:publisher\" content=\"https:\/\/www.facebook.com\/tourtravelandmore\/\" \/>\n<meta property=\"article:modified_time\" content=\"2025-08-29T16:35:33+00:00\" \/>\n<meta property=\"og:image\" content=\"https:\/\/tourtravelandmore.com\/wp-content\/uploads\/2025\/08\/pexels-javon-swaby-197616-2797526.jpg\" \/>\n\t<meta property=\"og:image:width\" content=\"1280\" \/>\n\t<meta property=\"og:image:height\" content=\"853\" \/>\n\t<meta property=\"og:image:type\" content=\"image\/jpeg\" \/>\n<meta name=\"twitter:card\" content=\"summary_large_image\" \/>\n<meta name=\"twitter:site\" content=\"@TourTravel_More\" \/>\n<meta name=\"twitter:label1\" content=\"Dur\u00e9e de lecture estim\u00e9e\" \/>\n\t<meta name=\"twitter:data1\" content=\"2 minutes\" \/>\n<script type=\"application\/ld+json\" class=\"yoast-schema-graph\">{\"@context\":\"https:\/\/schema.org\",\"@graph\":[{\"@type\":\"WebPage\",\"@id\":\"https:\/\/tourtravelandmore.com\/fr\/tours\/thailande\/bangkok-fr\/tous-les-circuits-prives\/visite-privee-dune-journee-complete-de-bangkok-copy-2\/\",\"url\":\"https:\/\/tourtravelandmore.com\/fr\/tours\/thailande\/bangkok-fr\/tous-les-circuits-prives\/visite-privee-dune-journee-complete-de-bangkok-copy-2\/\",\"name\":\"Visite priv\u00e9e des incontournables de Bangkok : Grand Palais, Wat Phra Kaew et Wat Pho\",\"isPartOf\":{\"@id\":\"https:\/\/tourtravelandmore.com\/fr\/#website\"},\"primaryImageOfPage\":{\"@id\":\"https:\/\/tourtravelandmore.com\/fr\/tours\/thailande\/bangkok-fr\/tous-les-circuits-prives\/visite-privee-dune-journee-complete-de-bangkok-copy-2\/#primaryimage\"},\"image\":{\"@id\":\"https:\/\/tourtravelandmore.com\/fr\/tours\/thailande\/bangkok-fr\/tous-les-circuits-prives\/visite-privee-dune-journee-complete-de-bangkok-copy-2\/#primaryimage\"},\"thumbnailUrl\":\"https:\/\/tourtravelandmore.com\/wp-content\/uploads\/2025\/08\/pexels-javon-swaby-197616-2797526.jpg\",\"datePublished\":\"2025-08-29T16:25:44+00:00\",\"dateModified\":\"2025-08-29T16:35:33+00:00\",\"description\":\"Visite priv\u00e9e des incontournables de Bangkok : Grand Palais, Wat Phra Kaew et Wat Pho. Explorez ses rues gr\u00e2ce \u00e0 cette visite priv\u00e9e d'une journ\u00e9e compl\u00e8te avec un guide et un v\u00e9hicule priv\u00e9.\",\"breadcrumb\":{\"@id\":\"https:\/\/tourtravelandmore.com\/fr\/tours\/thailande\/bangkok-fr\/tous-les-circuits-prives\/visite-privee-dune-journee-complete-de-bangkok-copy-2\/#breadcrumb\"},\"inLanguage\":\"fr-FR\",\"potentialAction\":[{\"@type\":\"ReadAction\",\"target\":[\"https:\/\/tourtravelandmore.com\/fr\/tours\/thailande\/bangkok-fr\/tous-les-circuits-prives\/visite-privee-dune-journee-complete-de-bangkok-copy-2\/\"]}]},{\"@type\":\"ImageObject\",\"inLanguage\":\"fr-FR\",\"@id\":\"https:\/\/tourtravelandmore.com\/fr\/tours\/thailande\/bangkok-fr\/tous-les-circuits-prives\/visite-privee-dune-journee-complete-de-bangkok-copy-2\/#primaryimage\",\"url\":\"https:\/\/tourtravelandmore.com\/wp-content\/uploads\/2025\/08\/pexels-javon-swaby-197616-2797526.jpg\",\"contentUrl\":\"https:\/\/tourtravelandmore.com\/wp-content\/uploads\/2025\/08\/pexels-javon-swaby-197616-2797526.jpg\",\"width\":1280,\"height\":853},{\"@type\":\"BreadcrumbList\",\"@id\":\"https:\/\/tourtravelandmore.com\/fr\/tours\/thailande\/bangkok-fr\/tous-les-circuits-prives\/visite-privee-dune-journee-complete-de-bangkok-copy-2\/#breadcrumb\",\"itemListElement\":[{\"@type\":\"ListItem\",\"position\":1,\"name\":\"Home\",\"item\":\"https:\/\/tourtravelandmore.com\/fr\/\"},{\"@type\":\"ListItem\",\"position\":2,\"name\":\"Tours\",\"item\":\"https:\/\/tourtravelandmore.com\/fr\/tours\/\"},{\"@type\":\"ListItem\",\"position\":3,\"name\":\"Visite priv\u00e9e des incontournables de Bangkok : Grand Palais, Wat Phra Kaew et Wat Pho\"}]},{\"@type\":\"WebSite\",\"@id\":\"https:\/\/tourtravelandmore.com\/fr\/#website\",\"url\":\"https:\/\/tourtravelandmore.com\/fr\/\",\"name\":\"Tour Travel And More\",\"description\":\"Private sightseeing tours and luxury transfers in Spain\",\"publisher\":{\"@id\":\"https:\/\/tourtravelandmore.com\/fr\/#organization\"},\"potentialAction\":[{\"@type\":\"SearchAction\",\"target\":{\"@type\":\"EntryPoint\",\"urlTemplate\":\"https:\/\/tourtravelandmore.com\/fr\/?s={search_term_string}\"},\"query-input\":{\"@type\":\"PropertyValueSpecification\",\"valueRequired\":true,\"valueName\":\"search_term_string\"}}],\"inLanguage\":\"fr-FR\"},{\"@type\":\"Organization\",\"@id\":\"https:\/\/tourtravelandmore.com\/fr\/#organization\",\"name\":\"Tour Travel And More\",\"url\":\"https:\/\/tourtravelandmore.com\/fr\/\",\"logo\":{\"@type\":\"ImageObject\",\"inLanguage\":\"fr-FR\",\"@id\":\"https:\/\/tourtravelandmore.com\/fr\/#\/schema\/logo\/image\/\",\"url\":\"https:\/\/tourtravelandmore.com\/wp-content\/uploads\/2022\/12\/cropped-logo-cabecera-new.png\",\"contentUrl\":\"https:\/\/tourtravelandmore.com\/wp-content\/uploads\/2022\/12\/cropped-logo-cabecera-new.png\",\"width\":430,\"height\":61,\"caption\":\"Tour Travel And More\"},\"image\":{\"@id\":\"https:\/\/tourtravelandmore.com\/fr\/#\/schema\/logo\/image\/\"},\"sameAs\":[\"https:\/\/www.facebook.com\/tourtravelandmore\/\",\"https:\/\/x.com\/TourTravel_More\"]}]}<\/script>\n<!-- \/ Yoast SEO Premium plugin. -->","yoast_head_json":{"title":"Visite priv\u00e9e des incontournables de Bangkok : Grand Palais, Wat Phra Kaew et Wat Pho","description":"Visite priv\u00e9e des incontournables de Bangkok : Grand Palais, Wat Phra Kaew et Wat Pho. Explorez ses rues gr\u00e2ce \u00e0 cette visite priv\u00e9e d'une journ\u00e9e compl\u00e8te avec un guide et un v\u00e9hicule priv\u00e9.","robots":{"index":"index","follow":"follow","max-snippet":"max-snippet:-1","max-image-preview":"max-image-preview:large","max-video-preview":"max-video-preview:-1"},"canonical":"https:\/\/tourtravelandmore.com\/fr\/tours\/thailande\/bangkok-fr\/tous-les-circuits-prives\/visite-privee-dune-journee-complete-de-bangkok-copy-2\/","og_locale":"fr_FR","og_type":"article","og_title":"Visite priv\u00e9e des incontournables de Bangkok : Grand Palais, Wat Phra Kaew et Wat Pho","og_description":"Visite priv\u00e9e des incontournables de Bangkok : Grand Palais, Wat Phra Kaew et Wat Pho. Explorez ses rues gr\u00e2ce \u00e0 cette visite priv\u00e9e d'une journ\u00e9e compl\u00e8te avec un guide et un v\u00e9hicule priv\u00e9.","og_url":"https:\/\/tourtravelandmore.com\/fr\/tours\/thailande\/bangkok-fr\/tous-les-circuits-prives\/visite-privee-dune-journee-complete-de-bangkok-copy-2\/","og_site_name":"Tour Travel And More","article_publisher":"https:\/\/www.facebook.com\/tourtravelandmore\/","article_modified_time":"2025-08-29T16:35:33+00:00","og_image":[{"width":1280,"height":853,"url":"https:\/\/tourtravelandmore.com\/wp-content\/uploads\/2025\/08\/pexels-javon-swaby-197616-2797526.jpg","type":"image\/jpeg"}],"twitter_card":"summary_large_image","twitter_site":"@TourTravel_More","twitter_misc":{"Dur\u00e9e de lecture estim\u00e9e":"2 minutes"},"schema":{"@context":"https:\/\/schema.org","@graph":[{"@type":"WebPage","@id":"https:\/\/tourtravelandmore.com\/fr\/tours\/thailande\/bangkok-fr\/tous-les-circuits-prives\/visite-privee-dune-journee-complete-de-bangkok-copy-2\/","url":"https:\/\/tourtravelandmore.com\/fr\/tours\/thailande\/bangkok-fr\/tous-les-circuits-prives\/visite-privee-dune-journee-complete-de-bangkok-copy-2\/","name":"Visite priv\u00e9e des incontournables de Bangkok : Grand Palais, Wat Phra Kaew et Wat Pho","isPartOf":{"@id":"https:\/\/tourtravelandmore.com\/fr\/#website"},"primaryImageOfPage":{"@id":"https:\/\/tourtravelandmore.com\/fr\/tours\/thailande\/bangkok-fr\/tous-les-circuits-prives\/visite-privee-dune-journee-complete-de-bangkok-copy-2\/#primaryimage"},"image":{"@id":"https:\/\/tourtravelandmore.com\/fr\/tours\/thailande\/bangkok-fr\/tous-les-circuits-prives\/visite-privee-dune-journee-complete-de-bangkok-copy-2\/#primaryimage"},"thumbnailUrl":"https:\/\/tourtravelandmore.com\/wp-content\/uploads\/2025\/08\/pexels-javon-swaby-197616-2797526.jpg","datePublished":"2025-08-29T16:25:44+00:00","dateModified":"2025-08-29T16:35:33+00:00","description":"Visite priv\u00e9e des incontournables de Bangkok : Grand Palais, Wat Phra Kaew et Wat Pho. Explorez ses rues gr\u00e2ce \u00e0 cette visite priv\u00e9e d'une journ\u00e9e compl\u00e8te avec un guide et un v\u00e9hicule priv\u00e9.","breadcrumb":{"@id":"https:\/\/tourtravelandmore.com\/fr\/tours\/thailande\/bangkok-fr\/tous-les-circuits-prives\/visite-privee-dune-journee-complete-de-bangkok-copy-2\/#breadcrumb"},"inLanguage":"fr-FR","potentialAction":[{"@type":"ReadAction","target":["https:\/\/tourtravelandmore.com\/fr\/tours\/thailande\/bangkok-fr\/tous-les-circuits-prives\/visite-privee-dune-journee-complete-de-bangkok-copy-2\/"]}]},{"@type":"ImageObject","inLanguage":"fr-FR","@id":"https:\/\/tourtravelandmore.com\/fr\/tours\/thailande\/bangkok-fr\/tous-les-circuits-prives\/visite-privee-dune-journee-complete-de-bangkok-copy-2\/#primaryimage","url":"https:\/\/tourtravelandmore.com\/wp-content\/uploads\/2025\/08\/pexels-javon-swaby-197616-2797526.jpg","contentUrl":"https:\/\/tourtravelandmore.com\/wp-content\/uploads\/2025\/08\/pexels-javon-swaby-197616-2797526.jpg","width":1280,"height":853},{"@type":"BreadcrumbList","@id":"https:\/\/tourtravelandmore.com\/fr\/tours\/thailande\/bangkok-fr\/tous-les-circuits-prives\/visite-privee-dune-journee-complete-de-bangkok-copy-2\/#breadcrumb","itemListElement":[{"@type":"ListItem","position":1,"name":"Home","item":"https:\/\/tourtravelandmore.com\/fr\/"},{"@type":"ListItem","position":2,"name":"Tours","item":"https:\/\/tourtravelandmore.com\/fr\/tours\/"},{"@type":"ListItem","position":3,"name":"Visite priv\u00e9e des incontournables de Bangkok : Grand Palais, Wat Phra Kaew et Wat Pho"}]},{"@type":"WebSite","@id":"https:\/\/tourtravelandmore.com\/fr\/#website","url":"https:\/\/tourtravelandmore.com\/fr\/","name":"Tour Travel And More","description":"Private sightseeing tours and luxury transfers in Spain","publisher":{"@id":"https:\/\/tourtravelandmore.com\/fr\/#organization"},"potentialAction":[{"@type":"SearchAction","target":{"@type":"EntryPoint","urlTemplate":"https:\/\/tourtravelandmore.com\/fr\/?s={search_term_string}"},"query-input":{"@type":"PropertyValueSpecification","valueRequired":true,"valueName":"search_term_string"}}],"inLanguage":"fr-FR"},{"@type":"Organization","@id":"https:\/\/tourtravelandmore.com\/fr\/#organization","name":"Tour Travel And More","url":"https:\/\/tourtravelandmore.com\/fr\/","logo":{"@type":"ImageObject","inLanguage":"fr-FR","@id":"https:\/\/tourtravelandmore.com\/fr\/#\/schema\/logo\/image\/","url":"https:\/\/tourtravelandmore.com\/wp-content\/uploads\/2022\/12\/cropped-logo-cabecera-new.png","contentUrl":"https:\/\/tourtravelandmore.com\/wp-content\/uploads\/2022\/12\/cropped-logo-cabecera-new.png","width":430,"height":61,"caption":"Tour Travel And More"},"image":{"@id":"https:\/\/tourtravelandmore.com\/fr\/#\/schema\/logo\/image\/"},"sameAs":["https:\/\/www.facebook.com\/tourtravelandmore\/","https:\/\/x.com\/TourTravel_More"]}]}},"_links":{"self":[{"href":"https:\/\/tourtravelandmore.com\/fr\/wp-json\/wp\/v2\/product\/186573","targetHints":{"allow":["GET"]}}],"collection":[{"href":"https:\/\/tourtravelandmore.com\/fr\/wp-json\/wp\/v2\/product"}],"about":[{"href":"https:\/\/tourtravelandmore.com\/fr\/wp-json\/wp\/v2\/types\/product"}],"replies":[{"embeddable":true,"href":"https:\/\/tourtravelandmore.com\/fr\/wp-json\/wp\/v2\/comments?post=186573"}],"wp:featuredmedia":[{"embeddable":true,"href":"https:\/\/tourtravelandmore.com\/fr\/wp-json\/wp\/v2\/media\/186421"}],"wp:attachment":[{"href":"https:\/\/tourtravelandmore.com\/fr\/wp-json\/wp\/v2\/media?parent=186573"}],"wp:term":[{"taxonomy":"product_brand","embeddable":true,"href":"https:\/\/tourtravelandmore.com\/fr\/wp-json\/wp\/v2\/product_brand?post=186573"},{"taxonomy":"product_cat","embeddable":true,"href":"https:\/\/tourtravelandmore.com\/fr\/wp-json\/wp\/v2\/product_cat?post=186573"},{"taxonomy":"product_tag","embeddable":true,"href":"https:\/\/tourtravelandmore.com\/fr\/wp-json\/wp\/v2\/product_tag?post=186573"}],"curies":[{"name":"wp","href":"https:\/\/api.w.org\/{rel}","templated":true}]}}