{"id":186545,"date":"2025-08-29T17:54:44","date_gmt":"2025-08-29T15:54:49","guid":{"rendered":"https:\/\/tourtravelandmore.com\/?post_type=product&#038;p=186545"},"modified":"2025-08-29T18:18:59","modified_gmt":"2025-08-29T16:18:59","slug":"visite-guidee-privee-a-pied-de-la-vieille-ville-de-bangkok-copy","status":"publish","type":"product","link":"https:\/\/tourtravelandmore.com\/fr\/tours\/thailande\/bangkok-fr\/tous-les-circuits-prives\/visite-guidee-privee-a-pied-de-la-vieille-ville-de-bangkok-copy\/","title":{"rendered":"Visite priv\u00e9e nocturne en tuk-tuk des march\u00e9s alimentaires et du quartier chinois de Bangkok"},"content":{"rendered":"<h2>Description | Visite priv\u00e9e nocturne en tuk-tuk des march\u00e9s alimentaires et du quartier chinois de Bangkok<\/h2>\n<p>D\u00e9couvrez les saveurs vibrantes et la vie nocturne anim\u00e9e de Bangkok gr\u00e2ce \u00e0 notre visite priv\u00e9e nocturne en tuk-tuk des march\u00e9s alimentaires et du quartier chinois. Cette exp\u00e9rience immersive combine d\u00e9gustation de cuisine de rue, exploration culturelle et le plaisir unique de voyager en tuk-tuk \u00e0 travers les rues illumin\u00e9es de la capitale tha\u00eflandaise. C&#8217;est le moyen id\u00e9al pour explorer l&#8217;essence m\u00eame de Bangkok apr\u00e8s le coucher du soleil.<\/p>\n<p>Votre guide vous conduira \u00e0 travers Chinatown, le march\u00e9 nocturne le plus c\u00e9l\u00e8bre de Bangkok, o\u00f9 les woks br\u00fblants, les raviolis fumants et les desserts tha\u00eflandais sucr\u00e9s emplissent l&#8217;air d&#8217;ar\u00f4mes irr\u00e9sistibles. Vous profiterez de plusieurs arr\u00eats d\u00e9gustation pour d\u00e9couvrir la vari\u00e9t\u00e9 de la cuisine de rue authentique qui fait de ce quartier un paradis pour les gourmands. Entre les d\u00e9gustations, vous passerez en tuk-tuk devant certains des monuments de Bangkok magnifiquement illumin\u00e9s la nuit, tels que le Wat Pho et le Grand Palais.<\/p>\n<h2>Points forts | Visite priv\u00e9e en tuk-tuk du march\u00e9 de Chinatown et d\u00e9gustation de sp\u00e9cialit\u00e9s culinaires<\/h2>\n<ul>\n<li><b>Chinatown<\/b> : un haut lieu culinaire proposant une cuisine de rue tha\u00ef-chinoise authentique.<\/li>\n<li><b>Balade en tuk-tuk<\/b> : d\u00e9couvrez le plaisir et l&#8217;\u00e9nergie du moyen de transport embl\u00e9matique de Bangkok.<\/li>\n<li><b>Cuisine de rue locale<\/b> : d\u00e9gustez des raviolis, des nouilles, des fruits de mer et des desserts tha\u00eflandais.<\/li>\n<li><b>Vues nocturnes<\/b> : admirez les monuments illumin\u00e9s tels que le Wat Pho et le Grand Palais.<\/li>\n<\/ul>\n<p>Au fur et \u00e0 mesure que la nuit tombe, votre guide vous racontera des anecdotes sur les traditions culinaires et la culture locale de Bangkok. L&#8217;ambiance est anim\u00e9e, les saveurs inoubliables et la balade en tuk-tuk en fait une aventure vraiment unique.<\/p>\n<p>Terminez la soir\u00e9e avec des souvenirs, des saveurs et l&#8217;essence de la vie nocturne de Bangkok. Choisissez notre <b>visite priv\u00e9e en tuk-tuk de la cuisine nocturne et du march\u00e9 de Chinatown<\/b> pour une exp\u00e9rience qui combine gastronomie, culture et aventure en seulement quatre heures.<\/p>\n<p>\ud83d\udc49 Apprenez-en davantage sur <a href=\"https:\/\/www.tourismthailand.org\/\">Bangkok <\/a>et d\u00e9couvrez nos <a href=\"https:\/\/tourtravelandmore.com\/bangkok\/\">visites priv\u00e9es \u00e0 Bangkok<\/a>.<\/p>\n","protected":false},"excerpt":{"rendered":"<p>D\u00e9couvrez les saveurs vibrantes et la vie nocturne anim\u00e9e de Bangkok gr\u00e2ce \u00e0 notre visite priv\u00e9e nocturne en tuk-tuk des march\u00e9s alimentaires et du quartier chinois. Cette exp\u00e9rience immersive combine d\u00e9gustation de cuisine de rue, exploration culturelle et le plaisir unique de voyager en tuk-tuk \u00e0 travers les rues illumin\u00e9es de la capitale tha\u00eflandaise. C&#8217;est le moyen id\u00e9al pour explorer l&#8217;essence m\u00eame de Bangkok apr\u00e8s le coucher du soleil.<\/p>\n","protected":false},"featured_media":186454,"comment_status":"open","ping_status":"closed","template":"","meta":{"_acf_changed":false},"product_brand":[],"product_cat":[5594,5591,5597],"product_tag":[],"class_list":{"0":"post-186545","1":"product","2":"type-product","3":"status-publish","4":"has-post-thumbnail","6":"product_cat-bangkok-fr","7":"product_cat-thailande","8":"product_cat-tous-les-circuits-prives","10":"first","11":"instock","12":"shipping-taxable","13":"purchasable","14":"product-type-simple"},"acf":[],"yoast_head":"<!-- This site is optimized with the Yoast SEO Premium plugin v25.3.1 (Yoast SEO v25.3.1) - https:\/\/yoast.com\/wordpress\/plugins\/seo\/ -->\n<title>Visite priv\u00e9e nocturne en tuk-tuk des march\u00e9s alimentaires et du quartier chinois de Bangkok<\/title>\n<meta name=\"description\" content=\"Visite priv\u00e9e nocturne en tuk-tuk des march\u00e9s alimentaires et du quartier chinois de Bangkok. Explorez ses rues gr\u00e2ce \u00e0 cette visite priv\u00e9e d&#039;une journ\u00e9e compl\u00e8te avec un guide et un v\u00e9hicule priv\u00e9.\" \/>\n<meta name=\"robots\" content=\"index, follow, max-snippet:-1, max-image-preview:large, max-video-preview:-1\" \/>\n<link rel=\"canonical\" href=\"https:\/\/tourtravelandmore.com\/fr\/tours\/thailande\/bangkok-fr\/tous-les-circuits-prives\/visite-guidee-privee-a-pied-de-la-vieille-ville-de-bangkok-copy\/\" \/>\n<meta property=\"og:locale\" content=\"fr_FR\" \/>\n<meta property=\"og:type\" content=\"article\" \/>\n<meta property=\"og:title\" content=\"Visite priv\u00e9e nocturne en tuk-tuk des march\u00e9s alimentaires et du quartier chinois de Bangkok\" \/>\n<meta property=\"og:description\" content=\"Visite priv\u00e9e nocturne en tuk-tuk des march\u00e9s alimentaires et du quartier chinois de Bangkok. Explorez ses rues gr\u00e2ce \u00e0 cette visite priv\u00e9e d&#039;une journ\u00e9e compl\u00e8te avec un guide et un v\u00e9hicule priv\u00e9.\" \/>\n<meta property=\"og:url\" content=\"https:\/\/tourtravelandmore.com\/fr\/tours\/thailande\/bangkok-fr\/tous-les-circuits-prives\/visite-guidee-privee-a-pied-de-la-vieille-ville-de-bangkok-copy\/\" \/>\n<meta property=\"og:site_name\" content=\"Tour Travel And More\" \/>\n<meta property=\"article:publisher\" content=\"https:\/\/www.facebook.com\/tourtravelandmore\/\" \/>\n<meta property=\"article:modified_time\" content=\"2025-08-29T16:18:59+00:00\" \/>\n<meta property=\"og:image\" content=\"https:\/\/tourtravelandmore.com\/wp-content\/uploads\/2025\/08\/pexels-martinpechy-2078248.jpg\" \/>\n\t<meta property=\"og:image:width\" content=\"1280\" \/>\n\t<meta property=\"og:image:height\" content=\"853\" \/>\n\t<meta property=\"og:image:type\" content=\"image\/jpeg\" \/>\n<meta name=\"twitter:card\" content=\"summary_large_image\" \/>\n<meta name=\"twitter:site\" content=\"@TourTravel_More\" \/>\n<meta name=\"twitter:label1\" content=\"Dur\u00e9e de lecture estim\u00e9e\" \/>\n\t<meta name=\"twitter:data1\" content=\"2 minutes\" \/>\n<script type=\"application\/ld+json\" class=\"yoast-schema-graph\">{\"@context\":\"https:\/\/schema.org\",\"@graph\":[{\"@type\":\"WebPage\",\"@id\":\"https:\/\/tourtravelandmore.com\/fr\/tours\/thailande\/bangkok-fr\/tous-les-circuits-prives\/visite-guidee-privee-a-pied-de-la-vieille-ville-de-bangkok-copy\/\",\"url\":\"https:\/\/tourtravelandmore.com\/fr\/tours\/thailande\/bangkok-fr\/tous-les-circuits-prives\/visite-guidee-privee-a-pied-de-la-vieille-ville-de-bangkok-copy\/\",\"name\":\"Visite priv\u00e9e nocturne en tuk-tuk des march\u00e9s alimentaires et du quartier chinois de Bangkok\",\"isPartOf\":{\"@id\":\"https:\/\/tourtravelandmore.com\/fr\/#website\"},\"primaryImageOfPage\":{\"@id\":\"https:\/\/tourtravelandmore.com\/fr\/tours\/thailande\/bangkok-fr\/tous-les-circuits-prives\/visite-guidee-privee-a-pied-de-la-vieille-ville-de-bangkok-copy\/#primaryimage\"},\"image\":{\"@id\":\"https:\/\/tourtravelandmore.com\/fr\/tours\/thailande\/bangkok-fr\/tous-les-circuits-prives\/visite-guidee-privee-a-pied-de-la-vieille-ville-de-bangkok-copy\/#primaryimage\"},\"thumbnailUrl\":\"https:\/\/tourtravelandmore.com\/wp-content\/uploads\/2025\/08\/pexels-martinpechy-2078248.jpg\",\"datePublished\":\"2025-08-29T15:54:49+00:00\",\"dateModified\":\"2025-08-29T16:18:59+00:00\",\"description\":\"Visite priv\u00e9e nocturne en tuk-tuk des march\u00e9s alimentaires et du quartier chinois de Bangkok. Explorez ses rues gr\u00e2ce \u00e0 cette visite priv\u00e9e d'une journ\u00e9e compl\u00e8te avec un guide et un v\u00e9hicule priv\u00e9.\",\"breadcrumb\":{\"@id\":\"https:\/\/tourtravelandmore.com\/fr\/tours\/thailande\/bangkok-fr\/tous-les-circuits-prives\/visite-guidee-privee-a-pied-de-la-vieille-ville-de-bangkok-copy\/#breadcrumb\"},\"inLanguage\":\"fr-FR\",\"potentialAction\":[{\"@type\":\"ReadAction\",\"target\":[\"https:\/\/tourtravelandmore.com\/fr\/tours\/thailande\/bangkok-fr\/tous-les-circuits-prives\/visite-guidee-privee-a-pied-de-la-vieille-ville-de-bangkok-copy\/\"]}]},{\"@type\":\"ImageObject\",\"inLanguage\":\"fr-FR\",\"@id\":\"https:\/\/tourtravelandmore.com\/fr\/tours\/thailande\/bangkok-fr\/tous-les-circuits-prives\/visite-guidee-privee-a-pied-de-la-vieille-ville-de-bangkok-copy\/#primaryimage\",\"url\":\"https:\/\/tourtravelandmore.com\/wp-content\/uploads\/2025\/08\/pexels-martinpechy-2078248.jpg\",\"contentUrl\":\"https:\/\/tourtravelandmore.com\/wp-content\/uploads\/2025\/08\/pexels-martinpechy-2078248.jpg\",\"width\":1280,\"height\":853},{\"@type\":\"BreadcrumbList\",\"@id\":\"https:\/\/tourtravelandmore.com\/fr\/tours\/thailande\/bangkok-fr\/tous-les-circuits-prives\/visite-guidee-privee-a-pied-de-la-vieille-ville-de-bangkok-copy\/#breadcrumb\",\"itemListElement\":[{\"@type\":\"ListItem\",\"position\":1,\"name\":\"Home\",\"item\":\"https:\/\/tourtravelandmore.com\/fr\/\"},{\"@type\":\"ListItem\",\"position\":2,\"name\":\"Tours\",\"item\":\"https:\/\/tourtravelandmore.com\/fr\/tours\/\"},{\"@type\":\"ListItem\",\"position\":3,\"name\":\"Visite priv\u00e9e nocturne en tuk-tuk des march\u00e9s alimentaires et du quartier chinois de Bangkok\"}]},{\"@type\":\"WebSite\",\"@id\":\"https:\/\/tourtravelandmore.com\/fr\/#website\",\"url\":\"https:\/\/tourtravelandmore.com\/fr\/\",\"name\":\"Tour Travel And More\",\"description\":\"Private sightseeing tours and luxury transfers in Spain\",\"publisher\":{\"@id\":\"https:\/\/tourtravelandmore.com\/fr\/#organization\"},\"potentialAction\":[{\"@type\":\"SearchAction\",\"target\":{\"@type\":\"EntryPoint\",\"urlTemplate\":\"https:\/\/tourtravelandmore.com\/fr\/?s={search_term_string}\"},\"query-input\":{\"@type\":\"PropertyValueSpecification\",\"valueRequired\":true,\"valueName\":\"search_term_string\"}}],\"inLanguage\":\"fr-FR\"},{\"@type\":\"Organization\",\"@id\":\"https:\/\/tourtravelandmore.com\/fr\/#organization\",\"name\":\"Tour Travel And More\",\"url\":\"https:\/\/tourtravelandmore.com\/fr\/\",\"logo\":{\"@type\":\"ImageObject\",\"inLanguage\":\"fr-FR\",\"@id\":\"https:\/\/tourtravelandmore.com\/fr\/#\/schema\/logo\/image\/\",\"url\":\"https:\/\/tourtravelandmore.com\/wp-content\/uploads\/2022\/12\/cropped-logo-cabecera-new.png\",\"contentUrl\":\"https:\/\/tourtravelandmore.com\/wp-content\/uploads\/2022\/12\/cropped-logo-cabecera-new.png\",\"width\":430,\"height\":61,\"caption\":\"Tour Travel And More\"},\"image\":{\"@id\":\"https:\/\/tourtravelandmore.com\/fr\/#\/schema\/logo\/image\/\"},\"sameAs\":[\"https:\/\/www.facebook.com\/tourtravelandmore\/\",\"https:\/\/x.com\/TourTravel_More\"]}]}<\/script>\n<!-- \/ Yoast SEO Premium plugin. -->","yoast_head_json":{"title":"Visite priv\u00e9e nocturne en tuk-tuk des march\u00e9s alimentaires et du quartier chinois de Bangkok","description":"Visite priv\u00e9e nocturne en tuk-tuk des march\u00e9s alimentaires et du quartier chinois de Bangkok. Explorez ses rues gr\u00e2ce \u00e0 cette visite priv\u00e9e d'une journ\u00e9e compl\u00e8te avec un guide et un v\u00e9hicule priv\u00e9.","robots":{"index":"index","follow":"follow","max-snippet":"max-snippet:-1","max-image-preview":"max-image-preview:large","max-video-preview":"max-video-preview:-1"},"canonical":"https:\/\/tourtravelandmore.com\/fr\/tours\/thailande\/bangkok-fr\/tous-les-circuits-prives\/visite-guidee-privee-a-pied-de-la-vieille-ville-de-bangkok-copy\/","og_locale":"fr_FR","og_type":"article","og_title":"Visite priv\u00e9e nocturne en tuk-tuk des march\u00e9s alimentaires et du quartier chinois de Bangkok","og_description":"Visite priv\u00e9e nocturne en tuk-tuk des march\u00e9s alimentaires et du quartier chinois de Bangkok. Explorez ses rues gr\u00e2ce \u00e0 cette visite priv\u00e9e d'une journ\u00e9e compl\u00e8te avec un guide et un v\u00e9hicule priv\u00e9.","og_url":"https:\/\/tourtravelandmore.com\/fr\/tours\/thailande\/bangkok-fr\/tous-les-circuits-prives\/visite-guidee-privee-a-pied-de-la-vieille-ville-de-bangkok-copy\/","og_site_name":"Tour Travel And More","article_publisher":"https:\/\/www.facebook.com\/tourtravelandmore\/","article_modified_time":"2025-08-29T16:18:59+00:00","og_image":[{"width":1280,"height":853,"url":"https:\/\/tourtravelandmore.com\/wp-content\/uploads\/2025\/08\/pexels-martinpechy-2078248.jpg","type":"image\/jpeg"}],"twitter_card":"summary_large_image","twitter_site":"@TourTravel_More","twitter_misc":{"Dur\u00e9e de lecture estim\u00e9e":"2 minutes"},"schema":{"@context":"https:\/\/schema.org","@graph":[{"@type":"WebPage","@id":"https:\/\/tourtravelandmore.com\/fr\/tours\/thailande\/bangkok-fr\/tous-les-circuits-prives\/visite-guidee-privee-a-pied-de-la-vieille-ville-de-bangkok-copy\/","url":"https:\/\/tourtravelandmore.com\/fr\/tours\/thailande\/bangkok-fr\/tous-les-circuits-prives\/visite-guidee-privee-a-pied-de-la-vieille-ville-de-bangkok-copy\/","name":"Visite priv\u00e9e nocturne en tuk-tuk des march\u00e9s alimentaires et du quartier chinois de Bangkok","isPartOf":{"@id":"https:\/\/tourtravelandmore.com\/fr\/#website"},"primaryImageOfPage":{"@id":"https:\/\/tourtravelandmore.com\/fr\/tours\/thailande\/bangkok-fr\/tous-les-circuits-prives\/visite-guidee-privee-a-pied-de-la-vieille-ville-de-bangkok-copy\/#primaryimage"},"image":{"@id":"https:\/\/tourtravelandmore.com\/fr\/tours\/thailande\/bangkok-fr\/tous-les-circuits-prives\/visite-guidee-privee-a-pied-de-la-vieille-ville-de-bangkok-copy\/#primaryimage"},"thumbnailUrl":"https:\/\/tourtravelandmore.com\/wp-content\/uploads\/2025\/08\/pexels-martinpechy-2078248.jpg","datePublished":"2025-08-29T15:54:49+00:00","dateModified":"2025-08-29T16:18:59+00:00","description":"Visite priv\u00e9e nocturne en tuk-tuk des march\u00e9s alimentaires et du quartier chinois de Bangkok. Explorez ses rues gr\u00e2ce \u00e0 cette visite priv\u00e9e d'une journ\u00e9e compl\u00e8te avec un guide et un v\u00e9hicule priv\u00e9.","breadcrumb":{"@id":"https:\/\/tourtravelandmore.com\/fr\/tours\/thailande\/bangkok-fr\/tous-les-circuits-prives\/visite-guidee-privee-a-pied-de-la-vieille-ville-de-bangkok-copy\/#breadcrumb"},"inLanguage":"fr-FR","potentialAction":[{"@type":"ReadAction","target":["https:\/\/tourtravelandmore.com\/fr\/tours\/thailande\/bangkok-fr\/tous-les-circuits-prives\/visite-guidee-privee-a-pied-de-la-vieille-ville-de-bangkok-copy\/"]}]},{"@type":"ImageObject","inLanguage":"fr-FR","@id":"https:\/\/tourtravelandmore.com\/fr\/tours\/thailande\/bangkok-fr\/tous-les-circuits-prives\/visite-guidee-privee-a-pied-de-la-vieille-ville-de-bangkok-copy\/#primaryimage","url":"https:\/\/tourtravelandmore.com\/wp-content\/uploads\/2025\/08\/pexels-martinpechy-2078248.jpg","contentUrl":"https:\/\/tourtravelandmore.com\/wp-content\/uploads\/2025\/08\/pexels-martinpechy-2078248.jpg","width":1280,"height":853},{"@type":"BreadcrumbList","@id":"https:\/\/tourtravelandmore.com\/fr\/tours\/thailande\/bangkok-fr\/tous-les-circuits-prives\/visite-guidee-privee-a-pied-de-la-vieille-ville-de-bangkok-copy\/#breadcrumb","itemListElement":[{"@type":"ListItem","position":1,"name":"Home","item":"https:\/\/tourtravelandmore.com\/fr\/"},{"@type":"ListItem","position":2,"name":"Tours","item":"https:\/\/tourtravelandmore.com\/fr\/tours\/"},{"@type":"ListItem","position":3,"name":"Visite priv\u00e9e nocturne en tuk-tuk des march\u00e9s alimentaires et du quartier chinois de Bangkok"}]},{"@type":"WebSite","@id":"https:\/\/tourtravelandmore.com\/fr\/#website","url":"https:\/\/tourtravelandmore.com\/fr\/","name":"Tour Travel And More","description":"Private sightseeing tours and luxury transfers in Spain","publisher":{"@id":"https:\/\/tourtravelandmore.com\/fr\/#organization"},"potentialAction":[{"@type":"SearchAction","target":{"@type":"EntryPoint","urlTemplate":"https:\/\/tourtravelandmore.com\/fr\/?s={search_term_string}"},"query-input":{"@type":"PropertyValueSpecification","valueRequired":true,"valueName":"search_term_string"}}],"inLanguage":"fr-FR"},{"@type":"Organization","@id":"https:\/\/tourtravelandmore.com\/fr\/#organization","name":"Tour Travel And More","url":"https:\/\/tourtravelandmore.com\/fr\/","logo":{"@type":"ImageObject","inLanguage":"fr-FR","@id":"https:\/\/tourtravelandmore.com\/fr\/#\/schema\/logo\/image\/","url":"https:\/\/tourtravelandmore.com\/wp-content\/uploads\/2022\/12\/cropped-logo-cabecera-new.png","contentUrl":"https:\/\/tourtravelandmore.com\/wp-content\/uploads\/2022\/12\/cropped-logo-cabecera-new.png","width":430,"height":61,"caption":"Tour Travel And More"},"image":{"@id":"https:\/\/tourtravelandmore.com\/fr\/#\/schema\/logo\/image\/"},"sameAs":["https:\/\/www.facebook.com\/tourtravelandmore\/","https:\/\/x.com\/TourTravel_More"]}]}},"_links":{"self":[{"href":"https:\/\/tourtravelandmore.com\/fr\/wp-json\/wp\/v2\/product\/186545","targetHints":{"allow":["GET"]}}],"collection":[{"href":"https:\/\/tourtravelandmore.com\/fr\/wp-json\/wp\/v2\/product"}],"about":[{"href":"https:\/\/tourtravelandmore.com\/fr\/wp-json\/wp\/v2\/types\/product"}],"replies":[{"embeddable":true,"href":"https:\/\/tourtravelandmore.com\/fr\/wp-json\/wp\/v2\/comments?post=186545"}],"wp:featuredmedia":[{"embeddable":true,"href":"https:\/\/tourtravelandmore.com\/fr\/wp-json\/wp\/v2\/media\/186454"}],"wp:attachment":[{"href":"https:\/\/tourtravelandmore.com\/fr\/wp-json\/wp\/v2\/media?parent=186545"}],"wp:term":[{"taxonomy":"product_brand","embeddable":true,"href":"https:\/\/tourtravelandmore.com\/fr\/wp-json\/wp\/v2\/product_brand?post=186545"},{"taxonomy":"product_cat","embeddable":true,"href":"https:\/\/tourtravelandmore.com\/fr\/wp-json\/wp\/v2\/product_cat?post=186545"},{"taxonomy":"product_tag","embeddable":true,"href":"https:\/\/tourtravelandmore.com\/fr\/wp-json\/wp\/v2\/product_tag?post=186545"}],"curies":[{"name":"wp","href":"https:\/\/api.w.org\/{rel}","templated":true}]}}