{"id":186513,"date":"2025-08-29T17:11:47","date_gmt":"2025-08-29T15:11:51","guid":{"rendered":"https:\/\/tourtravelandmore.com\/?post_type=product&#038;p=186513"},"modified":"2025-08-29T17:49:32","modified_gmt":"2025-08-29T15:49:32","slug":"visite-privee-dune-journee-complete-de-bangkok-copy","status":"publish","type":"product","link":"https:\/\/tourtravelandmore.com\/fr\/tours\/thailande\/bangkok-fr\/tous-les-circuits-prives\/visite-privee-dune-journee-complete-de-bangkok-copy\/","title":{"rendered":"Visite guid\u00e9e priv\u00e9e \u00e0 pied de la vieille ville de Bangkok"},"content":{"rendered":"<h2>Description | Visite guid\u00e9e priv\u00e9e \u00e0 pied de la vieille ville de Bangkok<\/h2>\n<p>Embarquez pour une fascinante <b>visite guid\u00e9e priv\u00e9e \u00e0 pied de la vieille ville de Bangkok<\/b>, o\u00f9 l&#8217;histoire et la tradition se m\u00ealent harmonieusement \u00e0 la vie anim\u00e9e des rues. En vous promenant dans ce quartier, vous pourrez admirer des temples centenaires, l&#8217;architecture coloniale et les march\u00e9s anim\u00e9s tout en vous immergeant dans la culture locale. Cette visite est con\u00e7ue pour vous faire d\u00e9couvrir le c\u0153ur authentique de Bangkok et vous rapprocher de ses monuments les plus embl\u00e9matiques.<\/p>\n<p>Au fil de notre exploration, votre guide priv\u00e9 vous conduira \u00e0 travers des rues charmantes et des coins cach\u00e9s, en partageant des histoires qui relient le pass\u00e9 au pr\u00e9sent. Le rythme de la marche permet d&#8217;appr\u00e9cier chaque d\u00e9tail, des temples dor\u00e9s \u00e0 l&#8217;art de rue color\u00e9. En chemin, vous d\u00e9couvrirez \u00e9galement des boutiques traditionnelles et des stands de nourriture qui t\u00e9moignent de la vie quotidienne des habitants de Bangkok.<\/p>\n<h2>Points forts | Visite guid\u00e9e priv\u00e9e \u00e0 pied de la vieille ville de Bangkok<\/h2>\n<ul>\n<li><b>Grand Palais (ext\u00e9rieur) :<\/b> Admirez l&#8217;architecture \u00e9poustouflante du monument le plus c\u00e9l\u00e8bre de Bangkok. Plus d&#8217;informations<\/li>\n<li><b>Wat Pho :<\/b> D\u00e9couvrez le temple du Bouddha couch\u00e9 et ses cours paisibles. Plus d&#8217;informations<\/li>\n<li><b>March\u00e9 Tha Tien :<\/b> D\u00e9couvrez les saveurs et les ar\u00f4mes locaux dans ce march\u00e9 historique au bord du fleuve.<\/li>\n<li><b>Rues charmantes :<\/b> Promenez-vous dans les ruelles bord\u00e9es de b\u00e2timents coloniaux et de boutiques traditionnelles.<\/li>\n<li><b>Vie locale :<\/b> Profitez de l&#8217;atmosph\u00e8re anim\u00e9e et de l&#8217;essence culturelle du plus ancien quartier de Bangkok.<\/li>\n<\/ul>\n<p>Au cours de cette exp\u00e9rience, vous profiterez d&#8217;un itin\u00e9raire flexible et personnalis\u00e9. Nos visites guid\u00e9es \u00e0 pied sont toujours adapt\u00e9es \u00e0 vos int\u00e9r\u00eats, vous permettant de passer plus de temps dans les endroits qui vous fascinent le plus. Que vous pr\u00e9f\u00e9riez vous concentrer sur les temples bouddhistes, l&#8217;architecture historique ou la vie quotidienne dans les rues, votre guide vous garantira un voyage enrichissant et m\u00e9morable.<\/p>\n<p>Terminez votre <b>visite guid\u00e9e priv\u00e9e \u00e0 pied de la vieille ville de Bangkok<\/b> avec des impressions inoubliables d&#8217;une ville o\u00f9 tradition et modernit\u00e9 coexistent, offrant une rencontre culturelle vraiment authentique.<\/p>\n<p>Apprenez-en davantage sur <a href=\"https:\/\/www.tourismthailand.org\/\">Bangkok <\/a>et d\u00e9couvrez nos <a href=\"https:\/\/tourtravelandmore.com\/bangkok\/\">visites guid\u00e9es priv\u00e9es \u00e0 Bangkok<\/a>.<\/p>\n","protected":false},"excerpt":{"rendered":"<p>Embarquez pour une fascinante <b>visite guid\u00e9e priv\u00e9e \u00e0 pied de la vieille ville de Bangkok<\/b>, o\u00f9 l&#8217;histoire et la tradition se m\u00ealent harmonieusement \u00e0 la vie anim\u00e9e des rues. En vous promenant dans ce quartier, vous pourrez admirer des temples centenaires, l&#8217;architecture coloniale et les march\u00e9s anim\u00e9s tout en vous immergeant dans la culture locale. Cette visite est con\u00e7ue pour vous faire d\u00e9couvrir le c\u0153ur authentique de Bangkok et vous rapprocher de ses monuments les plus embl\u00e9matiques.<\/p>\n","protected":false},"featured_media":186526,"comment_status":"open","ping_status":"closed","template":"","meta":{"_acf_changed":false},"product_brand":[],"product_cat":[5594,5591,5597],"product_tag":[],"class_list":{"0":"post-186513","1":"product","2":"type-product","3":"status-publish","4":"has-post-thumbnail","6":"product_cat-bangkok-fr","7":"product_cat-thailande","8":"product_cat-tous-les-circuits-prives","10":"first","11":"instock","12":"shipping-taxable","13":"purchasable","14":"product-type-simple"},"acf":[],"yoast_head":"<!-- This site is optimized with the Yoast SEO Premium plugin v25.3.1 (Yoast SEO v25.3.1) - https:\/\/yoast.com\/wordpress\/plugins\/seo\/ -->\n<title>Visite guid\u00e9e priv\u00e9e \u00e0 pied de la vieille ville de Bangkok<\/title>\n<meta name=\"description\" content=\"Visite guid\u00e9e priv\u00e9e \u00e0 pied de la vieille ville de Bangkok. Explorez ses rues gr\u00e2ce \u00e0 cette visite priv\u00e9e d&#039;une journ\u00e9e compl\u00e8te avec un guide et un v\u00e9hicule priv\u00e9.\" \/>\n<meta name=\"robots\" content=\"index, follow, max-snippet:-1, max-image-preview:large, max-video-preview:-1\" \/>\n<link rel=\"canonical\" href=\"https:\/\/tourtravelandmore.com\/fr\/tours\/thailande\/bangkok-fr\/tous-les-circuits-prives\/visite-privee-dune-journee-complete-de-bangkok-copy\/\" \/>\n<meta property=\"og:locale\" content=\"fr_FR\" \/>\n<meta property=\"og:type\" content=\"article\" \/>\n<meta property=\"og:title\" content=\"Visite guid\u00e9e priv\u00e9e \u00e0 pied de la vieille ville de Bangkok\" \/>\n<meta property=\"og:description\" content=\"Visite guid\u00e9e priv\u00e9e \u00e0 pied de la vieille ville de Bangkok. Explorez ses rues gr\u00e2ce \u00e0 cette visite priv\u00e9e d&#039;une journ\u00e9e compl\u00e8te avec un guide et un v\u00e9hicule priv\u00e9.\" \/>\n<meta property=\"og:url\" content=\"https:\/\/tourtravelandmore.com\/fr\/tours\/thailande\/bangkok-fr\/tous-les-circuits-prives\/visite-privee-dune-journee-complete-de-bangkok-copy\/\" \/>\n<meta property=\"og:site_name\" content=\"Tour Travel And More\" \/>\n<meta property=\"article:publisher\" content=\"https:\/\/www.facebook.com\/tourtravelandmore\/\" \/>\n<meta property=\"article:modified_time\" content=\"2025-08-29T15:49:32+00:00\" \/>\n<meta property=\"og:image\" content=\"https:\/\/tourtravelandmore.com\/wp-content\/uploads\/2025\/08\/thailand-7046500_1280.jpg\" \/>\n\t<meta property=\"og:image:width\" content=\"1280\" \/>\n\t<meta property=\"og:image:height\" content=\"720\" \/>\n\t<meta property=\"og:image:type\" content=\"image\/jpeg\" \/>\n<meta name=\"twitter:card\" content=\"summary_large_image\" \/>\n<meta name=\"twitter:site\" content=\"@TourTravel_More\" \/>\n<meta name=\"twitter:label1\" content=\"Dur\u00e9e de lecture estim\u00e9e\" \/>\n\t<meta name=\"twitter:data1\" content=\"2 minutes\" \/>\n<script type=\"application\/ld+json\" class=\"yoast-schema-graph\">{\"@context\":\"https:\/\/schema.org\",\"@graph\":[{\"@type\":\"WebPage\",\"@id\":\"https:\/\/tourtravelandmore.com\/fr\/tours\/thailande\/bangkok-fr\/tous-les-circuits-prives\/visite-privee-dune-journee-complete-de-bangkok-copy\/\",\"url\":\"https:\/\/tourtravelandmore.com\/fr\/tours\/thailande\/bangkok-fr\/tous-les-circuits-prives\/visite-privee-dune-journee-complete-de-bangkok-copy\/\",\"name\":\"Visite guid\u00e9e priv\u00e9e \u00e0 pied de la vieille ville de Bangkok\",\"isPartOf\":{\"@id\":\"https:\/\/tourtravelandmore.com\/fr\/#website\"},\"primaryImageOfPage\":{\"@id\":\"https:\/\/tourtravelandmore.com\/fr\/tours\/thailande\/bangkok-fr\/tous-les-circuits-prives\/visite-privee-dune-journee-complete-de-bangkok-copy\/#primaryimage\"},\"image\":{\"@id\":\"https:\/\/tourtravelandmore.com\/fr\/tours\/thailande\/bangkok-fr\/tous-les-circuits-prives\/visite-privee-dune-journee-complete-de-bangkok-copy\/#primaryimage\"},\"thumbnailUrl\":\"https:\/\/tourtravelandmore.com\/wp-content\/uploads\/2025\/08\/thailand-7046500_1280.jpg\",\"datePublished\":\"2025-08-29T15:11:51+00:00\",\"dateModified\":\"2025-08-29T15:49:32+00:00\",\"description\":\"Visite guid\u00e9e priv\u00e9e \u00e0 pied de la vieille ville de Bangkok. Explorez ses rues gr\u00e2ce \u00e0 cette visite priv\u00e9e d'une journ\u00e9e compl\u00e8te avec un guide et un v\u00e9hicule priv\u00e9.\",\"breadcrumb\":{\"@id\":\"https:\/\/tourtravelandmore.com\/fr\/tours\/thailande\/bangkok-fr\/tous-les-circuits-prives\/visite-privee-dune-journee-complete-de-bangkok-copy\/#breadcrumb\"},\"inLanguage\":\"fr-FR\",\"potentialAction\":[{\"@type\":\"ReadAction\",\"target\":[\"https:\/\/tourtravelandmore.com\/fr\/tours\/thailande\/bangkok-fr\/tous-les-circuits-prives\/visite-privee-dune-journee-complete-de-bangkok-copy\/\"]}]},{\"@type\":\"ImageObject\",\"inLanguage\":\"fr-FR\",\"@id\":\"https:\/\/tourtravelandmore.com\/fr\/tours\/thailande\/bangkok-fr\/tous-les-circuits-prives\/visite-privee-dune-journee-complete-de-bangkok-copy\/#primaryimage\",\"url\":\"https:\/\/tourtravelandmore.com\/wp-content\/uploads\/2025\/08\/thailand-7046500_1280.jpg\",\"contentUrl\":\"https:\/\/tourtravelandmore.com\/wp-content\/uploads\/2025\/08\/thailand-7046500_1280.jpg\",\"width\":1280,\"height\":720},{\"@type\":\"BreadcrumbList\",\"@id\":\"https:\/\/tourtravelandmore.com\/fr\/tours\/thailande\/bangkok-fr\/tous-les-circuits-prives\/visite-privee-dune-journee-complete-de-bangkok-copy\/#breadcrumb\",\"itemListElement\":[{\"@type\":\"ListItem\",\"position\":1,\"name\":\"Home\",\"item\":\"https:\/\/tourtravelandmore.com\/fr\/\"},{\"@type\":\"ListItem\",\"position\":2,\"name\":\"Tours\",\"item\":\"https:\/\/tourtravelandmore.com\/fr\/tours\/\"},{\"@type\":\"ListItem\",\"position\":3,\"name\":\"Visite guid\u00e9e priv\u00e9e \u00e0 pied de la vieille ville de Bangkok\"}]},{\"@type\":\"WebSite\",\"@id\":\"https:\/\/tourtravelandmore.com\/fr\/#website\",\"url\":\"https:\/\/tourtravelandmore.com\/fr\/\",\"name\":\"Tour Travel And More\",\"description\":\"Private sightseeing tours and luxury transfers in Spain\",\"publisher\":{\"@id\":\"https:\/\/tourtravelandmore.com\/fr\/#organization\"},\"potentialAction\":[{\"@type\":\"SearchAction\",\"target\":{\"@type\":\"EntryPoint\",\"urlTemplate\":\"https:\/\/tourtravelandmore.com\/fr\/?s={search_term_string}\"},\"query-input\":{\"@type\":\"PropertyValueSpecification\",\"valueRequired\":true,\"valueName\":\"search_term_string\"}}],\"inLanguage\":\"fr-FR\"},{\"@type\":\"Organization\",\"@id\":\"https:\/\/tourtravelandmore.com\/fr\/#organization\",\"name\":\"Tour Travel And More\",\"url\":\"https:\/\/tourtravelandmore.com\/fr\/\",\"logo\":{\"@type\":\"ImageObject\",\"inLanguage\":\"fr-FR\",\"@id\":\"https:\/\/tourtravelandmore.com\/fr\/#\/schema\/logo\/image\/\",\"url\":\"https:\/\/tourtravelandmore.com\/wp-content\/uploads\/2022\/12\/cropped-logo-cabecera-new.png\",\"contentUrl\":\"https:\/\/tourtravelandmore.com\/wp-content\/uploads\/2022\/12\/cropped-logo-cabecera-new.png\",\"width\":430,\"height\":61,\"caption\":\"Tour Travel And More\"},\"image\":{\"@id\":\"https:\/\/tourtravelandmore.com\/fr\/#\/schema\/logo\/image\/\"},\"sameAs\":[\"https:\/\/www.facebook.com\/tourtravelandmore\/\",\"https:\/\/x.com\/TourTravel_More\"]}]}<\/script>\n<!-- \/ Yoast SEO Premium plugin. -->","yoast_head_json":{"title":"Visite guid\u00e9e priv\u00e9e \u00e0 pied de la vieille ville de Bangkok","description":"Visite guid\u00e9e priv\u00e9e \u00e0 pied de la vieille ville de Bangkok. Explorez ses rues gr\u00e2ce \u00e0 cette visite priv\u00e9e d'une journ\u00e9e compl\u00e8te avec un guide et un v\u00e9hicule priv\u00e9.","robots":{"index":"index","follow":"follow","max-snippet":"max-snippet:-1","max-image-preview":"max-image-preview:large","max-video-preview":"max-video-preview:-1"},"canonical":"https:\/\/tourtravelandmore.com\/fr\/tours\/thailande\/bangkok-fr\/tous-les-circuits-prives\/visite-privee-dune-journee-complete-de-bangkok-copy\/","og_locale":"fr_FR","og_type":"article","og_title":"Visite guid\u00e9e priv\u00e9e \u00e0 pied de la vieille ville de Bangkok","og_description":"Visite guid\u00e9e priv\u00e9e \u00e0 pied de la vieille ville de Bangkok. Explorez ses rues gr\u00e2ce \u00e0 cette visite priv\u00e9e d'une journ\u00e9e compl\u00e8te avec un guide et un v\u00e9hicule priv\u00e9.","og_url":"https:\/\/tourtravelandmore.com\/fr\/tours\/thailande\/bangkok-fr\/tous-les-circuits-prives\/visite-privee-dune-journee-complete-de-bangkok-copy\/","og_site_name":"Tour Travel And More","article_publisher":"https:\/\/www.facebook.com\/tourtravelandmore\/","article_modified_time":"2025-08-29T15:49:32+00:00","og_image":[{"width":1280,"height":720,"url":"https:\/\/tourtravelandmore.com\/wp-content\/uploads\/2025\/08\/thailand-7046500_1280.jpg","type":"image\/jpeg"}],"twitter_card":"summary_large_image","twitter_site":"@TourTravel_More","twitter_misc":{"Dur\u00e9e de lecture estim\u00e9e":"2 minutes"},"schema":{"@context":"https:\/\/schema.org","@graph":[{"@type":"WebPage","@id":"https:\/\/tourtravelandmore.com\/fr\/tours\/thailande\/bangkok-fr\/tous-les-circuits-prives\/visite-privee-dune-journee-complete-de-bangkok-copy\/","url":"https:\/\/tourtravelandmore.com\/fr\/tours\/thailande\/bangkok-fr\/tous-les-circuits-prives\/visite-privee-dune-journee-complete-de-bangkok-copy\/","name":"Visite guid\u00e9e priv\u00e9e \u00e0 pied de la vieille ville de Bangkok","isPartOf":{"@id":"https:\/\/tourtravelandmore.com\/fr\/#website"},"primaryImageOfPage":{"@id":"https:\/\/tourtravelandmore.com\/fr\/tours\/thailande\/bangkok-fr\/tous-les-circuits-prives\/visite-privee-dune-journee-complete-de-bangkok-copy\/#primaryimage"},"image":{"@id":"https:\/\/tourtravelandmore.com\/fr\/tours\/thailande\/bangkok-fr\/tous-les-circuits-prives\/visite-privee-dune-journee-complete-de-bangkok-copy\/#primaryimage"},"thumbnailUrl":"https:\/\/tourtravelandmore.com\/wp-content\/uploads\/2025\/08\/thailand-7046500_1280.jpg","datePublished":"2025-08-29T15:11:51+00:00","dateModified":"2025-08-29T15:49:32+00:00","description":"Visite guid\u00e9e priv\u00e9e \u00e0 pied de la vieille ville de Bangkok. Explorez ses rues gr\u00e2ce \u00e0 cette visite priv\u00e9e d'une journ\u00e9e compl\u00e8te avec un guide et un v\u00e9hicule priv\u00e9.","breadcrumb":{"@id":"https:\/\/tourtravelandmore.com\/fr\/tours\/thailande\/bangkok-fr\/tous-les-circuits-prives\/visite-privee-dune-journee-complete-de-bangkok-copy\/#breadcrumb"},"inLanguage":"fr-FR","potentialAction":[{"@type":"ReadAction","target":["https:\/\/tourtravelandmore.com\/fr\/tours\/thailande\/bangkok-fr\/tous-les-circuits-prives\/visite-privee-dune-journee-complete-de-bangkok-copy\/"]}]},{"@type":"ImageObject","inLanguage":"fr-FR","@id":"https:\/\/tourtravelandmore.com\/fr\/tours\/thailande\/bangkok-fr\/tous-les-circuits-prives\/visite-privee-dune-journee-complete-de-bangkok-copy\/#primaryimage","url":"https:\/\/tourtravelandmore.com\/wp-content\/uploads\/2025\/08\/thailand-7046500_1280.jpg","contentUrl":"https:\/\/tourtravelandmore.com\/wp-content\/uploads\/2025\/08\/thailand-7046500_1280.jpg","width":1280,"height":720},{"@type":"BreadcrumbList","@id":"https:\/\/tourtravelandmore.com\/fr\/tours\/thailande\/bangkok-fr\/tous-les-circuits-prives\/visite-privee-dune-journee-complete-de-bangkok-copy\/#breadcrumb","itemListElement":[{"@type":"ListItem","position":1,"name":"Home","item":"https:\/\/tourtravelandmore.com\/fr\/"},{"@type":"ListItem","position":2,"name":"Tours","item":"https:\/\/tourtravelandmore.com\/fr\/tours\/"},{"@type":"ListItem","position":3,"name":"Visite guid\u00e9e priv\u00e9e \u00e0 pied de la vieille ville de Bangkok"}]},{"@type":"WebSite","@id":"https:\/\/tourtravelandmore.com\/fr\/#website","url":"https:\/\/tourtravelandmore.com\/fr\/","name":"Tour Travel And More","description":"Private sightseeing tours and luxury transfers in Spain","publisher":{"@id":"https:\/\/tourtravelandmore.com\/fr\/#organization"},"potentialAction":[{"@type":"SearchAction","target":{"@type":"EntryPoint","urlTemplate":"https:\/\/tourtravelandmore.com\/fr\/?s={search_term_string}"},"query-input":{"@type":"PropertyValueSpecification","valueRequired":true,"valueName":"search_term_string"}}],"inLanguage":"fr-FR"},{"@type":"Organization","@id":"https:\/\/tourtravelandmore.com\/fr\/#organization","name":"Tour Travel And More","url":"https:\/\/tourtravelandmore.com\/fr\/","logo":{"@type":"ImageObject","inLanguage":"fr-FR","@id":"https:\/\/tourtravelandmore.com\/fr\/#\/schema\/logo\/image\/","url":"https:\/\/tourtravelandmore.com\/wp-content\/uploads\/2022\/12\/cropped-logo-cabecera-new.png","contentUrl":"https:\/\/tourtravelandmore.com\/wp-content\/uploads\/2022\/12\/cropped-logo-cabecera-new.png","width":430,"height":61,"caption":"Tour Travel And More"},"image":{"@id":"https:\/\/tourtravelandmore.com\/fr\/#\/schema\/logo\/image\/"},"sameAs":["https:\/\/www.facebook.com\/tourtravelandmore\/","https:\/\/x.com\/TourTravel_More"]}]}},"_links":{"self":[{"href":"https:\/\/tourtravelandmore.com\/fr\/wp-json\/wp\/v2\/product\/186513","targetHints":{"allow":["GET"]}}],"collection":[{"href":"https:\/\/tourtravelandmore.com\/fr\/wp-json\/wp\/v2\/product"}],"about":[{"href":"https:\/\/tourtravelandmore.com\/fr\/wp-json\/wp\/v2\/types\/product"}],"replies":[{"embeddable":true,"href":"https:\/\/tourtravelandmore.com\/fr\/wp-json\/wp\/v2\/comments?post=186513"}],"wp:featuredmedia":[{"embeddable":true,"href":"https:\/\/tourtravelandmore.com\/fr\/wp-json\/wp\/v2\/media\/186526"}],"wp:attachment":[{"href":"https:\/\/tourtravelandmore.com\/fr\/wp-json\/wp\/v2\/media?parent=186513"}],"wp:term":[{"taxonomy":"product_brand","embeddable":true,"href":"https:\/\/tourtravelandmore.com\/fr\/wp-json\/wp\/v2\/product_brand?post=186513"},{"taxonomy":"product_cat","embeddable":true,"href":"https:\/\/tourtravelandmore.com\/fr\/wp-json\/wp\/v2\/product_cat?post=186513"},{"taxonomy":"product_tag","embeddable":true,"href":"https:\/\/tourtravelandmore.com\/fr\/wp-json\/wp\/v2\/product_tag?post=186513"}],"curies":[{"name":"wp","href":"https:\/\/api.w.org\/{rel}","templated":true}]}}