{"id":186433,"date":"2025-08-27T20:33:34","date_gmt":"2025-08-27T18:33:42","guid":{"rendered":"https:\/\/tourtravelandmore.com\/?post_type=product&#038;p=186433"},"modified":"2025-08-27T20:46:36","modified_gmt":"2025-08-27T18:46:36","slug":"visite-privee-de-singapour-copy-5","status":"publish","type":"product","link":"https:\/\/tourtravelandmore.com\/fr\/tours\/thailande\/bangkok-fr\/tous-les-circuits-prives\/visite-privee-de-singapour-copy-5\/","title":{"rendered":"Visite priv\u00e9e d&#8217;une demi-journ\u00e9e de Bangkok"},"content":{"rendered":"<h2>Description | Visite priv\u00e9e d&#8217;une demi-journ\u00e9e de Bangkok<\/h2>\n<p>D\u00e9couvrez les contrastes saisissants de la capitale tha\u00eflandaise gr\u00e2ce \u00e0 notre visite priv\u00e9e d&#8217;une demi-journ\u00e9e de Bangkok, con\u00e7ue pour mettre en valeur \u00e0 la fois ses tr\u00e9sors culturels et son mode de vie moderne et dynamique. Accompagn\u00e9 de votre guide priv\u00e9, vous explorerez les sites incontournables en seulement quatre heures, pour un \u00e9quilibre parfait entre tradition et \u00e9nergie cosmopolite. Cette exp\u00e9rience courte mais immersive est id\u00e9ale pour les voyageurs disposant de peu de temps mais souhaitant tout de m\u00eame s&#8217;impr\u00e9gner de l&#8217;essence de la ville.<\/p>\n<p>Le voyage commence par une promenade en voiture dans les rues anim\u00e9es le long du fleuve Chao Phraya, en passant devant des monuments qui refl\u00e8tent le caract\u00e8re unique de Bangkok. Votre guide vous conduira dans le quartier du Grand Palais, o\u00f9 vous pourrez admirer son architecture impressionnante de l&#8217;ext\u00e9rieur, puis vous visiterez le Wat Pho, qui abrite le c\u00e9l\u00e8bre Bouddha couch\u00e9. De l\u00e0, vous vous prom\u00e8nerez dans les quartiers locaux et les march\u00e9s color\u00e9s, pour d\u00e9couvrir le rythme authentique de Bangkok.<\/p>\n<h2>Points forts | Visite priv\u00e9e d&#8217;une demi-journ\u00e9e de Bangkok<\/h2>\n<ul>\n<li><b>Wat Pho<\/b> : Admirez le magnifique Bouddha couch\u00e9 et l&#8217;architecture traditionnelle tha\u00eflandaise.<\/li>\n<li><b>Environs du Grand Palais<\/b> : Admirez l&#8217;ext\u00e9rieur majestueux du monument le plus embl\u00e9matique de Bangkok.<\/li>\n<li><b>Vues sur le fleuve Chao Phraya<\/b> : Roulez le long des berges et observez la rencontre entre le Bangkok moderne et traditionnel.<\/li>\n<li><b>March\u00e9s locaux<\/b> : D\u00e9couvrez des \u00e9tals anim\u00e9s regorgeant de saveurs et d&#8217;artisanat locaux.<\/li>\n<li><b>Aper\u00e7u culturel<\/b> : Profitez des explications de votre guide priv\u00e9, adapt\u00e9es \u00e0 vos centres d&#8217;int\u00e9r\u00eat.<\/li>\n<\/ul>\n<p>Enfin, la visite se termine par un tour panoramique dans le quartier d&#8217;affaires moderne, o\u00f9 vous pourrez admirer les gratte-ciel et le Bangkok contemporain. Selon vos pr\u00e9f\u00e9rences, la visite peut se terminer \u00e0 votre h\u00f4tel ou dans un quartier anim\u00e9 o\u00f9 vous pourrez continuer \u00e0 explorer par vous-m\u00eame.<\/p>\n<p>Avec notre <b>visite priv\u00e9e d&#8217;une demi-journ\u00e9e de Bangkok<\/b>, vous d\u00e9couvrirez cette ville fascinante en seulement quatre heures, ce qui vous donnera envie de revenir pour en d\u00e9couvrir davantage.<\/p>\n<p>Apprenez-en davantage sur <a href=\"https:\/\/www.tourismthailand.org\/\">Bangkok <\/a>et explorez nos <a href=\"https:\/\/tourtravelandmore.com\/bangkok\/\">visites priv\u00e9es \u00e0 Bangkok<\/a>.<\/p>\n","protected":false},"excerpt":{"rendered":"<p>D\u00e9couvrez les contrastes saisissants de la capitale tha\u00eflandaise gr\u00e2ce \u00e0 notre visite priv\u00e9e d&#8217;une demi-journ\u00e9e de Bangkok, con\u00e7ue pour mettre en valeur \u00e0 la fois ses tr\u00e9sors culturels et son mode de vie moderne et dynamique. Accompagn\u00e9 de votre guide priv\u00e9, vous explorerez les sites incontournables en seulement quatre heures, pour un \u00e9quilibre parfait entre tradition et \u00e9nergie cosmopolite. Cette exp\u00e9rience courte mais immersive est id\u00e9ale pour les voyageurs disposant de peu de temps mais souhaitant tout de m\u00eame s&#8217;impr\u00e9gner de l&#8217;essence de la ville.<\/p>\n","protected":false},"featured_media":186448,"comment_status":"open","ping_status":"closed","template":"","meta":{"_acf_changed":false},"product_brand":[],"product_cat":[5594,5591,5597],"product_tag":[],"class_list":{"0":"post-186433","1":"product","2":"type-product","3":"status-publish","4":"has-post-thumbnail","6":"product_cat-bangkok-fr","7":"product_cat-thailande","8":"product_cat-tous-les-circuits-prives","10":"first","11":"instock","12":"shipping-taxable","13":"purchasable","14":"product-type-simple"},"acf":[],"yoast_head":"<!-- This site is optimized with the Yoast SEO Premium plugin v25.3.1 (Yoast SEO v25.3.1) - https:\/\/yoast.com\/wordpress\/plugins\/seo\/ -->\n<title>Visite priv\u00e9e d&#039;une demi-journ\u00e9e de Bangkok<\/title>\n<meta name=\"description\" content=\"Visite priv\u00e9e d&#039;une demi-journ\u00e9e de Bangkok. Explorez ses rues gr\u00e2ce \u00e0 cette visite priv\u00e9e d&#039;une journ\u00e9e compl\u00e8te avec un guide et un v\u00e9hicule priv\u00e9.\" \/>\n<meta name=\"robots\" content=\"index, follow, max-snippet:-1, max-image-preview:large, max-video-preview:-1\" \/>\n<link rel=\"canonical\" href=\"https:\/\/tourtravelandmore.com\/fr\/tours\/thailande\/bangkok-fr\/tous-les-circuits-prives\/visite-privee-de-singapour-copy-5\/\" \/>\n<meta property=\"og:locale\" content=\"fr_FR\" \/>\n<meta property=\"og:type\" content=\"article\" \/>\n<meta property=\"og:title\" content=\"Visite priv\u00e9e d&#039;une demi-journ\u00e9e de Bangkok\" \/>\n<meta property=\"og:description\" content=\"Visite priv\u00e9e d&#039;une demi-journ\u00e9e de Bangkok. Explorez ses rues gr\u00e2ce \u00e0 cette visite priv\u00e9e d&#039;une journ\u00e9e compl\u00e8te avec un guide et un v\u00e9hicule priv\u00e9.\" \/>\n<meta property=\"og:url\" content=\"https:\/\/tourtravelandmore.com\/fr\/tours\/thailande\/bangkok-fr\/tous-les-circuits-prives\/visite-privee-de-singapour-copy-5\/\" \/>\n<meta property=\"og:site_name\" content=\"Tour Travel And More\" \/>\n<meta property=\"article:publisher\" content=\"https:\/\/www.facebook.com\/tourtravelandmore\/\" \/>\n<meta property=\"article:modified_time\" content=\"2025-08-27T18:46:36+00:00\" \/>\n<meta property=\"og:image\" content=\"https:\/\/tourtravelandmore.com\/wp-content\/uploads\/2025\/08\/pexels-te-lensfix-380994-1374377.jpg\" \/>\n\t<meta property=\"og:image:width\" content=\"1279\" \/>\n\t<meta property=\"og:image:height\" content=\"853\" \/>\n\t<meta property=\"og:image:type\" content=\"image\/jpeg\" \/>\n<meta name=\"twitter:card\" content=\"summary_large_image\" \/>\n<meta name=\"twitter:site\" content=\"@TourTravel_More\" \/>\n<meta name=\"twitter:label1\" content=\"Dur\u00e9e de lecture estim\u00e9e\" \/>\n\t<meta name=\"twitter:data1\" content=\"2 minutes\" \/>\n<script type=\"application\/ld+json\" class=\"yoast-schema-graph\">{\"@context\":\"https:\/\/schema.org\",\"@graph\":[{\"@type\":\"WebPage\",\"@id\":\"https:\/\/tourtravelandmore.com\/fr\/tours\/thailande\/bangkok-fr\/tous-les-circuits-prives\/visite-privee-de-singapour-copy-5\/\",\"url\":\"https:\/\/tourtravelandmore.com\/fr\/tours\/thailande\/bangkok-fr\/tous-les-circuits-prives\/visite-privee-de-singapour-copy-5\/\",\"name\":\"Visite priv\u00e9e d'une demi-journ\u00e9e de Bangkok\",\"isPartOf\":{\"@id\":\"https:\/\/tourtravelandmore.com\/fr\/#website\"},\"primaryImageOfPage\":{\"@id\":\"https:\/\/tourtravelandmore.com\/fr\/tours\/thailande\/bangkok-fr\/tous-les-circuits-prives\/visite-privee-de-singapour-copy-5\/#primaryimage\"},\"image\":{\"@id\":\"https:\/\/tourtravelandmore.com\/fr\/tours\/thailande\/bangkok-fr\/tous-les-circuits-prives\/visite-privee-de-singapour-copy-5\/#primaryimage\"},\"thumbnailUrl\":\"https:\/\/tourtravelandmore.com\/wp-content\/uploads\/2025\/08\/pexels-te-lensfix-380994-1374377.jpg\",\"datePublished\":\"2025-08-27T18:33:42+00:00\",\"dateModified\":\"2025-08-27T18:46:36+00:00\",\"description\":\"Visite priv\u00e9e d'une demi-journ\u00e9e de Bangkok. Explorez ses rues gr\u00e2ce \u00e0 cette visite priv\u00e9e d'une journ\u00e9e compl\u00e8te avec un guide et un v\u00e9hicule priv\u00e9.\",\"breadcrumb\":{\"@id\":\"https:\/\/tourtravelandmore.com\/fr\/tours\/thailande\/bangkok-fr\/tous-les-circuits-prives\/visite-privee-de-singapour-copy-5\/#breadcrumb\"},\"inLanguage\":\"fr-FR\",\"potentialAction\":[{\"@type\":\"ReadAction\",\"target\":[\"https:\/\/tourtravelandmore.com\/fr\/tours\/thailande\/bangkok-fr\/tous-les-circuits-prives\/visite-privee-de-singapour-copy-5\/\"]}]},{\"@type\":\"ImageObject\",\"inLanguage\":\"fr-FR\",\"@id\":\"https:\/\/tourtravelandmore.com\/fr\/tours\/thailande\/bangkok-fr\/tous-les-circuits-prives\/visite-privee-de-singapour-copy-5\/#primaryimage\",\"url\":\"https:\/\/tourtravelandmore.com\/wp-content\/uploads\/2025\/08\/pexels-te-lensfix-380994-1374377.jpg\",\"contentUrl\":\"https:\/\/tourtravelandmore.com\/wp-content\/uploads\/2025\/08\/pexels-te-lensfix-380994-1374377.jpg\",\"width\":1279,\"height\":853},{\"@type\":\"BreadcrumbList\",\"@id\":\"https:\/\/tourtravelandmore.com\/fr\/tours\/thailande\/bangkok-fr\/tous-les-circuits-prives\/visite-privee-de-singapour-copy-5\/#breadcrumb\",\"itemListElement\":[{\"@type\":\"ListItem\",\"position\":1,\"name\":\"Home\",\"item\":\"https:\/\/tourtravelandmore.com\/fr\/\"},{\"@type\":\"ListItem\",\"position\":2,\"name\":\"Tours\",\"item\":\"https:\/\/tourtravelandmore.com\/fr\/tours\/\"},{\"@type\":\"ListItem\",\"position\":3,\"name\":\"Visite priv\u00e9e d&#8217;une demi-journ\u00e9e de Bangkok\"}]},{\"@type\":\"WebSite\",\"@id\":\"https:\/\/tourtravelandmore.com\/fr\/#website\",\"url\":\"https:\/\/tourtravelandmore.com\/fr\/\",\"name\":\"Tour Travel And More\",\"description\":\"Private sightseeing tours and luxury transfers in Spain\",\"publisher\":{\"@id\":\"https:\/\/tourtravelandmore.com\/fr\/#organization\"},\"potentialAction\":[{\"@type\":\"SearchAction\",\"target\":{\"@type\":\"EntryPoint\",\"urlTemplate\":\"https:\/\/tourtravelandmore.com\/fr\/?s={search_term_string}\"},\"query-input\":{\"@type\":\"PropertyValueSpecification\",\"valueRequired\":true,\"valueName\":\"search_term_string\"}}],\"inLanguage\":\"fr-FR\"},{\"@type\":\"Organization\",\"@id\":\"https:\/\/tourtravelandmore.com\/fr\/#organization\",\"name\":\"Tour Travel And More\",\"url\":\"https:\/\/tourtravelandmore.com\/fr\/\",\"logo\":{\"@type\":\"ImageObject\",\"inLanguage\":\"fr-FR\",\"@id\":\"https:\/\/tourtravelandmore.com\/fr\/#\/schema\/logo\/image\/\",\"url\":\"https:\/\/tourtravelandmore.com\/wp-content\/uploads\/2022\/12\/cropped-logo-cabecera-new.png\",\"contentUrl\":\"https:\/\/tourtravelandmore.com\/wp-content\/uploads\/2022\/12\/cropped-logo-cabecera-new.png\",\"width\":430,\"height\":61,\"caption\":\"Tour Travel And More\"},\"image\":{\"@id\":\"https:\/\/tourtravelandmore.com\/fr\/#\/schema\/logo\/image\/\"},\"sameAs\":[\"https:\/\/www.facebook.com\/tourtravelandmore\/\",\"https:\/\/x.com\/TourTravel_More\"]}]}<\/script>\n<!-- \/ Yoast SEO Premium plugin. -->","yoast_head_json":{"title":"Visite priv\u00e9e d'une demi-journ\u00e9e de Bangkok","description":"Visite priv\u00e9e d'une demi-journ\u00e9e de Bangkok. Explorez ses rues gr\u00e2ce \u00e0 cette visite priv\u00e9e d'une journ\u00e9e compl\u00e8te avec un guide et un v\u00e9hicule priv\u00e9.","robots":{"index":"index","follow":"follow","max-snippet":"max-snippet:-1","max-image-preview":"max-image-preview:large","max-video-preview":"max-video-preview:-1"},"canonical":"https:\/\/tourtravelandmore.com\/fr\/tours\/thailande\/bangkok-fr\/tous-les-circuits-prives\/visite-privee-de-singapour-copy-5\/","og_locale":"fr_FR","og_type":"article","og_title":"Visite priv\u00e9e d'une demi-journ\u00e9e de Bangkok","og_description":"Visite priv\u00e9e d'une demi-journ\u00e9e de Bangkok. Explorez ses rues gr\u00e2ce \u00e0 cette visite priv\u00e9e d'une journ\u00e9e compl\u00e8te avec un guide et un v\u00e9hicule priv\u00e9.","og_url":"https:\/\/tourtravelandmore.com\/fr\/tours\/thailande\/bangkok-fr\/tous-les-circuits-prives\/visite-privee-de-singapour-copy-5\/","og_site_name":"Tour Travel And More","article_publisher":"https:\/\/www.facebook.com\/tourtravelandmore\/","article_modified_time":"2025-08-27T18:46:36+00:00","og_image":[{"width":1279,"height":853,"url":"https:\/\/tourtravelandmore.com\/wp-content\/uploads\/2025\/08\/pexels-te-lensfix-380994-1374377.jpg","type":"image\/jpeg"}],"twitter_card":"summary_large_image","twitter_site":"@TourTravel_More","twitter_misc":{"Dur\u00e9e de lecture estim\u00e9e":"2 minutes"},"schema":{"@context":"https:\/\/schema.org","@graph":[{"@type":"WebPage","@id":"https:\/\/tourtravelandmore.com\/fr\/tours\/thailande\/bangkok-fr\/tous-les-circuits-prives\/visite-privee-de-singapour-copy-5\/","url":"https:\/\/tourtravelandmore.com\/fr\/tours\/thailande\/bangkok-fr\/tous-les-circuits-prives\/visite-privee-de-singapour-copy-5\/","name":"Visite priv\u00e9e d'une demi-journ\u00e9e de Bangkok","isPartOf":{"@id":"https:\/\/tourtravelandmore.com\/fr\/#website"},"primaryImageOfPage":{"@id":"https:\/\/tourtravelandmore.com\/fr\/tours\/thailande\/bangkok-fr\/tous-les-circuits-prives\/visite-privee-de-singapour-copy-5\/#primaryimage"},"image":{"@id":"https:\/\/tourtravelandmore.com\/fr\/tours\/thailande\/bangkok-fr\/tous-les-circuits-prives\/visite-privee-de-singapour-copy-5\/#primaryimage"},"thumbnailUrl":"https:\/\/tourtravelandmore.com\/wp-content\/uploads\/2025\/08\/pexels-te-lensfix-380994-1374377.jpg","datePublished":"2025-08-27T18:33:42+00:00","dateModified":"2025-08-27T18:46:36+00:00","description":"Visite priv\u00e9e d'une demi-journ\u00e9e de Bangkok. Explorez ses rues gr\u00e2ce \u00e0 cette visite priv\u00e9e d'une journ\u00e9e compl\u00e8te avec un guide et un v\u00e9hicule priv\u00e9.","breadcrumb":{"@id":"https:\/\/tourtravelandmore.com\/fr\/tours\/thailande\/bangkok-fr\/tous-les-circuits-prives\/visite-privee-de-singapour-copy-5\/#breadcrumb"},"inLanguage":"fr-FR","potentialAction":[{"@type":"ReadAction","target":["https:\/\/tourtravelandmore.com\/fr\/tours\/thailande\/bangkok-fr\/tous-les-circuits-prives\/visite-privee-de-singapour-copy-5\/"]}]},{"@type":"ImageObject","inLanguage":"fr-FR","@id":"https:\/\/tourtravelandmore.com\/fr\/tours\/thailande\/bangkok-fr\/tous-les-circuits-prives\/visite-privee-de-singapour-copy-5\/#primaryimage","url":"https:\/\/tourtravelandmore.com\/wp-content\/uploads\/2025\/08\/pexels-te-lensfix-380994-1374377.jpg","contentUrl":"https:\/\/tourtravelandmore.com\/wp-content\/uploads\/2025\/08\/pexels-te-lensfix-380994-1374377.jpg","width":1279,"height":853},{"@type":"BreadcrumbList","@id":"https:\/\/tourtravelandmore.com\/fr\/tours\/thailande\/bangkok-fr\/tous-les-circuits-prives\/visite-privee-de-singapour-copy-5\/#breadcrumb","itemListElement":[{"@type":"ListItem","position":1,"name":"Home","item":"https:\/\/tourtravelandmore.com\/fr\/"},{"@type":"ListItem","position":2,"name":"Tours","item":"https:\/\/tourtravelandmore.com\/fr\/tours\/"},{"@type":"ListItem","position":3,"name":"Visite priv\u00e9e d&#8217;une demi-journ\u00e9e de Bangkok"}]},{"@type":"WebSite","@id":"https:\/\/tourtravelandmore.com\/fr\/#website","url":"https:\/\/tourtravelandmore.com\/fr\/","name":"Tour Travel And More","description":"Private sightseeing tours and luxury transfers in Spain","publisher":{"@id":"https:\/\/tourtravelandmore.com\/fr\/#organization"},"potentialAction":[{"@type":"SearchAction","target":{"@type":"EntryPoint","urlTemplate":"https:\/\/tourtravelandmore.com\/fr\/?s={search_term_string}"},"query-input":{"@type":"PropertyValueSpecification","valueRequired":true,"valueName":"search_term_string"}}],"inLanguage":"fr-FR"},{"@type":"Organization","@id":"https:\/\/tourtravelandmore.com\/fr\/#organization","name":"Tour Travel And More","url":"https:\/\/tourtravelandmore.com\/fr\/","logo":{"@type":"ImageObject","inLanguage":"fr-FR","@id":"https:\/\/tourtravelandmore.com\/fr\/#\/schema\/logo\/image\/","url":"https:\/\/tourtravelandmore.com\/wp-content\/uploads\/2022\/12\/cropped-logo-cabecera-new.png","contentUrl":"https:\/\/tourtravelandmore.com\/wp-content\/uploads\/2022\/12\/cropped-logo-cabecera-new.png","width":430,"height":61,"caption":"Tour Travel And More"},"image":{"@id":"https:\/\/tourtravelandmore.com\/fr\/#\/schema\/logo\/image\/"},"sameAs":["https:\/\/www.facebook.com\/tourtravelandmore\/","https:\/\/x.com\/TourTravel_More"]}]}},"_links":{"self":[{"href":"https:\/\/tourtravelandmore.com\/fr\/wp-json\/wp\/v2\/product\/186433","targetHints":{"allow":["GET"]}}],"collection":[{"href":"https:\/\/tourtravelandmore.com\/fr\/wp-json\/wp\/v2\/product"}],"about":[{"href":"https:\/\/tourtravelandmore.com\/fr\/wp-json\/wp\/v2\/types\/product"}],"replies":[{"embeddable":true,"href":"https:\/\/tourtravelandmore.com\/fr\/wp-json\/wp\/v2\/comments?post=186433"}],"wp:featuredmedia":[{"embeddable":true,"href":"https:\/\/tourtravelandmore.com\/fr\/wp-json\/wp\/v2\/media\/186448"}],"wp:attachment":[{"href":"https:\/\/tourtravelandmore.com\/fr\/wp-json\/wp\/v2\/media?parent=186433"}],"wp:term":[{"taxonomy":"product_brand","embeddable":true,"href":"https:\/\/tourtravelandmore.com\/fr\/wp-json\/wp\/v2\/product_brand?post=186433"},{"taxonomy":"product_cat","embeddable":true,"href":"https:\/\/tourtravelandmore.com\/fr\/wp-json\/wp\/v2\/product_cat?post=186433"},{"taxonomy":"product_tag","embeddable":true,"href":"https:\/\/tourtravelandmore.com\/fr\/wp-json\/wp\/v2\/product_tag?post=186433"}],"curies":[{"name":"wp","href":"https:\/\/api.w.org\/{rel}","templated":true}]}}