{"id":186092,"date":"2025-07-22T18:39:25","date_gmt":"2025-07-22T16:39:28","guid":{"rendered":"https:\/\/tourtravelandmore.com\/?post_type=product&#038;p=186092"},"modified":"2025-07-22T18:55:25","modified_gmt":"2025-07-22T16:55:25","slug":"visite-privee-nocturne-de-singapour-avec-spectacle-son-et-lumiere-copy","status":"publish","type":"product","link":"https:\/\/tourtravelandmore.com\/fr\/tours\/singapore-fr\/singapore-en-2-fr\/visite-privee-nocturne-de-singapour-avec-spectacle-son-et-lumiere-copy\/","title":{"rendered":"Transfert priv\u00e9 : a\u00e9roport ou gare &#8211; Singapour"},"content":{"rendered":"<h2>Description<\/h2>\n<p>Ce <strong>transfert priv\u00e9 : a\u00e9roport ou gare &#8211; Singapour<\/strong> vous offre un moyen \u00e9l\u00e9gant et sans encombre de commencer ou de terminer votre voyage. Que vous arriviez dans la ville pour la premi\u00e8re fois ou que vous preniez un vol pour rentrer chez vous, notre chauffeur professionnel vous garantit une exp\u00e9rience fluide et ponctuelle.<\/p>\n<p>Profitez d&#8217;un accueil chaleureux \u00e0 l&#8217;<b>a\u00e9roport Changi<\/b> ou dans l&#8217;une des gares centrales de Singapour. Votre chauffeur priv\u00e9 vous attendra avec une pancarte \u00e0 votre nom, pr\u00eat \u00e0 vous aider avec vos bagages et \u00e0 vous accompagner directement \u00e0 votre h\u00f4tel ou \u00e0 votre destination. Pas de file d&#8217;attente, pas de stress, juste un service efficace et courtois.<\/p>\n<p>Pour les d\u00e9parts, votre chauffeur viendra vous chercher \u00e0 l&#8217;endroit souhait\u00e9 et vous conduira directement au terminal ou \u00e0 la gare, en vous laissant suffisamment de temps pour vous enregistrer. Tous nos v\u00e9hicules sont modernes, climatis\u00e9s et entretenus selon les normes les plus strictes. Id\u00e9al pour les voyageurs seuls, les couples, les familles ou les clients d&#8217;affaires, ce service de transfert vous permet de voyager sans effort \u00e0 Singapour.<\/p>\n<p>Que vous arriviez ou partiez, le <b>transfert priv\u00e9 : a\u00e9roport ou gare \u2013 Singapour<\/b> est le point de d\u00e9part ou d&#8217;arriv\u00e9e id\u00e9al pour votre aventure.<\/p>\n<h2><b><strong>Points forts<\/strong><\/b><\/h2>\n<p><b>Service d&#8217;accueil :<\/b> Arriv\u00e9e personnalis\u00e9e : votre chauffeur vous attendra avec une pancarte \u00e0 votre nom dans le terminal ou sur le quai.<\/p>\n<p><b>Confort de porte \u00e0 porte :<\/b> Itin\u00e9raire direct : voyagez sans stress depuis ou vers votre h\u00e9bergement dans le centre de Singapour.<\/p>\n<p><b>Chauffeurs professionnels :<\/b> courtois et fiables : des chauffeurs locaux form\u00e9s vous garantissent un trajet s\u00fbr et agr\u00e9able.<\/p>\n<p><b>V\u00e9hicules modernes :<\/b> priv\u00e9s et climatis\u00e9s : profitez d&#8217;un trajet paisible dans une voiture ou un minibus bien entretenu.<\/p>\n<p><b>Horaires flexibles :<\/b> voyagez \u00e0 tout moment : disponible 24h\/24 et 7j\/7 pour s&#8217;adapter \u00e0 vos horaires de vol ou de train.<\/p>\n<p>D\u00e9couvrez d&#8217;autres options de voyage personnalis\u00e9es sur notre <a href=\"https:\/\/tourtravelandmore.com\/singapore\/\">page consacr\u00e9e aux circuits priv\u00e9s \u00e0 Singapour<\/a>. Renseignez-vous sur les installations de l&#8217;<a href=\"https:\/\/www.changiairport.com\/\">a\u00e9roport Changi<\/a> ou des principaux gares ferroviaires de Singapour avant votre voyage.<\/p>\n<p>Commencez ou terminez votre voyage de la meilleure fa\u00e7on qui soit avec un <b>transfert priv\u00e9 : a\u00e9roport ou gare ferroviaire \u2013 Singapour.<\/b> Fiable et sans aucun souci.<\/p>\n","protected":false},"excerpt":{"rendered":"<p>Ce <strong>transfert priv\u00e9 : a\u00e9roport ou gare &#8211; Singapour<\/strong> vous offre un moyen \u00e9l\u00e9gant et sans encombre de commencer ou de terminer votre voyage. Que vous arriviez dans la ville pour la premi\u00e8re fois ou que vous preniez un vol pour rentrer chez vous, notre chauffeur professionnel vous garantit une exp\u00e9rience fluide et ponctuelle.<\/p>\n","protected":false},"featured_media":185166,"comment_status":"open","ping_status":"closed","template":"","meta":{"_acf_changed":false},"product_brand":[],"product_cat":[5575,5578],"product_tag":[],"class_list":{"0":"post-186092","1":"product","2":"type-product","3":"status-publish","4":"has-post-thumbnail","6":"product_cat-singapore-fr","7":"product_cat-singapore-en-2-fr","9":"first","10":"instock","11":"shipping-taxable","12":"purchasable","13":"product-type-simple"},"acf":[],"yoast_head":"<!-- This site is optimized with the Yoast SEO Premium plugin v25.3.1 (Yoast SEO v25.3.1) - https:\/\/yoast.com\/wordpress\/plugins\/seo\/ -->\n<title>Transfert priv\u00e9 : a\u00e9roport ou gare - Singapour<\/title>\n<meta name=\"description\" content=\"Transfert priv\u00e9 : a\u00e9roport ou gare - Singapour. Explorez ses rues gr\u00e2ce \u00e0 cette visite priv\u00e9e d&#039;une journ\u00e9e compl\u00e8te avec un guide et un v\u00e9hicule priv\u00e9.\" \/>\n<meta name=\"robots\" content=\"index, follow, max-snippet:-1, max-image-preview:large, max-video-preview:-1\" \/>\n<link rel=\"canonical\" href=\"https:\/\/tourtravelandmore.com\/fr\/tours\/singapore-fr\/singapore-en-2-fr\/visite-privee-nocturne-de-singapour-avec-spectacle-son-et-lumiere-copy\/\" \/>\n<meta property=\"og:locale\" content=\"fr_FR\" \/>\n<meta property=\"og:type\" content=\"article\" \/>\n<meta property=\"og:title\" content=\"Transfert priv\u00e9 : a\u00e9roport ou gare - Singapour\" \/>\n<meta property=\"og:description\" content=\"Transfert priv\u00e9 : a\u00e9roport ou gare - Singapour. Explorez ses rues gr\u00e2ce \u00e0 cette visite priv\u00e9e d&#039;une journ\u00e9e compl\u00e8te avec un guide et un v\u00e9hicule priv\u00e9.\" \/>\n<meta property=\"og:url\" content=\"https:\/\/tourtravelandmore.com\/fr\/tours\/singapore-fr\/singapore-en-2-fr\/visite-privee-nocturne-de-singapour-avec-spectacle-son-et-lumiere-copy\/\" \/>\n<meta property=\"og:site_name\" content=\"Tour Travel And More\" \/>\n<meta property=\"article:publisher\" content=\"https:\/\/www.facebook.com\/tourtravelandmore\/\" \/>\n<meta property=\"article:modified_time\" content=\"2025-07-22T16:55:25+00:00\" \/>\n<meta property=\"og:image\" content=\"https:\/\/tourtravelandmore.com\/wp-content\/uploads\/2025\/07\/csm_airport-transfer_1_86c6f1c624.jpg\" \/>\n\t<meta property=\"og:image:width\" content=\"1920\" \/>\n\t<meta property=\"og:image:height\" content=\"1080\" \/>\n\t<meta property=\"og:image:type\" content=\"image\/jpeg\" \/>\n<meta name=\"twitter:card\" content=\"summary_large_image\" \/>\n<meta name=\"twitter:site\" content=\"@TourTravel_More\" \/>\n<meta name=\"twitter:label1\" content=\"Dur\u00e9e de lecture estim\u00e9e\" \/>\n\t<meta name=\"twitter:data1\" content=\"2 minutes\" \/>\n<script type=\"application\/ld+json\" class=\"yoast-schema-graph\">{\"@context\":\"https:\/\/schema.org\",\"@graph\":[{\"@type\":\"WebPage\",\"@id\":\"https:\/\/tourtravelandmore.com\/fr\/tours\/singapore-fr\/singapore-en-2-fr\/visite-privee-nocturne-de-singapour-avec-spectacle-son-et-lumiere-copy\/\",\"url\":\"https:\/\/tourtravelandmore.com\/fr\/tours\/singapore-fr\/singapore-en-2-fr\/visite-privee-nocturne-de-singapour-avec-spectacle-son-et-lumiere-copy\/\",\"name\":\"Transfert priv\u00e9 : a\u00e9roport ou gare - Singapour\",\"isPartOf\":{\"@id\":\"https:\/\/tourtravelandmore.com\/fr\/#website\"},\"primaryImageOfPage\":{\"@id\":\"https:\/\/tourtravelandmore.com\/fr\/tours\/singapore-fr\/singapore-en-2-fr\/visite-privee-nocturne-de-singapour-avec-spectacle-son-et-lumiere-copy\/#primaryimage\"},\"image\":{\"@id\":\"https:\/\/tourtravelandmore.com\/fr\/tours\/singapore-fr\/singapore-en-2-fr\/visite-privee-nocturne-de-singapour-avec-spectacle-son-et-lumiere-copy\/#primaryimage\"},\"thumbnailUrl\":\"https:\/\/tourtravelandmore.com\/wp-content\/uploads\/2025\/07\/csm_airport-transfer_1_86c6f1c624.jpg\",\"datePublished\":\"2025-07-22T16:39:28+00:00\",\"dateModified\":\"2025-07-22T16:55:25+00:00\",\"description\":\"Transfert priv\u00e9 : a\u00e9roport ou gare - Singapour. Explorez ses rues gr\u00e2ce \u00e0 cette visite priv\u00e9e d'une journ\u00e9e compl\u00e8te avec un guide et un v\u00e9hicule priv\u00e9.\",\"breadcrumb\":{\"@id\":\"https:\/\/tourtravelandmore.com\/fr\/tours\/singapore-fr\/singapore-en-2-fr\/visite-privee-nocturne-de-singapour-avec-spectacle-son-et-lumiere-copy\/#breadcrumb\"},\"inLanguage\":\"fr-FR\",\"potentialAction\":[{\"@type\":\"ReadAction\",\"target\":[\"https:\/\/tourtravelandmore.com\/fr\/tours\/singapore-fr\/singapore-en-2-fr\/visite-privee-nocturne-de-singapour-avec-spectacle-son-et-lumiere-copy\/\"]}]},{\"@type\":\"ImageObject\",\"inLanguage\":\"fr-FR\",\"@id\":\"https:\/\/tourtravelandmore.com\/fr\/tours\/singapore-fr\/singapore-en-2-fr\/visite-privee-nocturne-de-singapour-avec-spectacle-son-et-lumiere-copy\/#primaryimage\",\"url\":\"https:\/\/tourtravelandmore.com\/wp-content\/uploads\/2025\/07\/csm_airport-transfer_1_86c6f1c624.jpg\",\"contentUrl\":\"https:\/\/tourtravelandmore.com\/wp-content\/uploads\/2025\/07\/csm_airport-transfer_1_86c6f1c624.jpg\",\"width\":1920,\"height\":1080},{\"@type\":\"BreadcrumbList\",\"@id\":\"https:\/\/tourtravelandmore.com\/fr\/tours\/singapore-fr\/singapore-en-2-fr\/visite-privee-nocturne-de-singapour-avec-spectacle-son-et-lumiere-copy\/#breadcrumb\",\"itemListElement\":[{\"@type\":\"ListItem\",\"position\":1,\"name\":\"Home\",\"item\":\"https:\/\/tourtravelandmore.com\/fr\/\"},{\"@type\":\"ListItem\",\"position\":2,\"name\":\"Tours\",\"item\":\"https:\/\/tourtravelandmore.com\/fr\/tours\/\"},{\"@type\":\"ListItem\",\"position\":3,\"name\":\"Transfert priv\u00e9 : a\u00e9roport ou gare &#8211; Singapour\"}]},{\"@type\":\"WebSite\",\"@id\":\"https:\/\/tourtravelandmore.com\/fr\/#website\",\"url\":\"https:\/\/tourtravelandmore.com\/fr\/\",\"name\":\"Tour Travel And More\",\"description\":\"Private sightseeing tours and luxury transfers in Spain\",\"publisher\":{\"@id\":\"https:\/\/tourtravelandmore.com\/fr\/#organization\"},\"potentialAction\":[{\"@type\":\"SearchAction\",\"target\":{\"@type\":\"EntryPoint\",\"urlTemplate\":\"https:\/\/tourtravelandmore.com\/fr\/?s={search_term_string}\"},\"query-input\":{\"@type\":\"PropertyValueSpecification\",\"valueRequired\":true,\"valueName\":\"search_term_string\"}}],\"inLanguage\":\"fr-FR\"},{\"@type\":\"Organization\",\"@id\":\"https:\/\/tourtravelandmore.com\/fr\/#organization\",\"name\":\"Tour Travel And More\",\"url\":\"https:\/\/tourtravelandmore.com\/fr\/\",\"logo\":{\"@type\":\"ImageObject\",\"inLanguage\":\"fr-FR\",\"@id\":\"https:\/\/tourtravelandmore.com\/fr\/#\/schema\/logo\/image\/\",\"url\":\"https:\/\/tourtravelandmore.com\/wp-content\/uploads\/2022\/12\/cropped-logo-cabecera-new.png\",\"contentUrl\":\"https:\/\/tourtravelandmore.com\/wp-content\/uploads\/2022\/12\/cropped-logo-cabecera-new.png\",\"width\":430,\"height\":61,\"caption\":\"Tour Travel And More\"},\"image\":{\"@id\":\"https:\/\/tourtravelandmore.com\/fr\/#\/schema\/logo\/image\/\"},\"sameAs\":[\"https:\/\/www.facebook.com\/tourtravelandmore\/\",\"https:\/\/x.com\/TourTravel_More\"]}]}<\/script>\n<!-- \/ Yoast SEO Premium plugin. -->","yoast_head_json":{"title":"Transfert priv\u00e9 : a\u00e9roport ou gare - Singapour","description":"Transfert priv\u00e9 : a\u00e9roport ou gare - Singapour. Explorez ses rues gr\u00e2ce \u00e0 cette visite priv\u00e9e d'une journ\u00e9e compl\u00e8te avec un guide et un v\u00e9hicule priv\u00e9.","robots":{"index":"index","follow":"follow","max-snippet":"max-snippet:-1","max-image-preview":"max-image-preview:large","max-video-preview":"max-video-preview:-1"},"canonical":"https:\/\/tourtravelandmore.com\/fr\/tours\/singapore-fr\/singapore-en-2-fr\/visite-privee-nocturne-de-singapour-avec-spectacle-son-et-lumiere-copy\/","og_locale":"fr_FR","og_type":"article","og_title":"Transfert priv\u00e9 : a\u00e9roport ou gare - Singapour","og_description":"Transfert priv\u00e9 : a\u00e9roport ou gare - Singapour. Explorez ses rues gr\u00e2ce \u00e0 cette visite priv\u00e9e d'une journ\u00e9e compl\u00e8te avec un guide et un v\u00e9hicule priv\u00e9.","og_url":"https:\/\/tourtravelandmore.com\/fr\/tours\/singapore-fr\/singapore-en-2-fr\/visite-privee-nocturne-de-singapour-avec-spectacle-son-et-lumiere-copy\/","og_site_name":"Tour Travel And More","article_publisher":"https:\/\/www.facebook.com\/tourtravelandmore\/","article_modified_time":"2025-07-22T16:55:25+00:00","og_image":[{"width":1920,"height":1080,"url":"https:\/\/tourtravelandmore.com\/wp-content\/uploads\/2025\/07\/csm_airport-transfer_1_86c6f1c624.jpg","type":"image\/jpeg"}],"twitter_card":"summary_large_image","twitter_site":"@TourTravel_More","twitter_misc":{"Dur\u00e9e de lecture estim\u00e9e":"2 minutes"},"schema":{"@context":"https:\/\/schema.org","@graph":[{"@type":"WebPage","@id":"https:\/\/tourtravelandmore.com\/fr\/tours\/singapore-fr\/singapore-en-2-fr\/visite-privee-nocturne-de-singapour-avec-spectacle-son-et-lumiere-copy\/","url":"https:\/\/tourtravelandmore.com\/fr\/tours\/singapore-fr\/singapore-en-2-fr\/visite-privee-nocturne-de-singapour-avec-spectacle-son-et-lumiere-copy\/","name":"Transfert priv\u00e9 : a\u00e9roport ou gare - Singapour","isPartOf":{"@id":"https:\/\/tourtravelandmore.com\/fr\/#website"},"primaryImageOfPage":{"@id":"https:\/\/tourtravelandmore.com\/fr\/tours\/singapore-fr\/singapore-en-2-fr\/visite-privee-nocturne-de-singapour-avec-spectacle-son-et-lumiere-copy\/#primaryimage"},"image":{"@id":"https:\/\/tourtravelandmore.com\/fr\/tours\/singapore-fr\/singapore-en-2-fr\/visite-privee-nocturne-de-singapour-avec-spectacle-son-et-lumiere-copy\/#primaryimage"},"thumbnailUrl":"https:\/\/tourtravelandmore.com\/wp-content\/uploads\/2025\/07\/csm_airport-transfer_1_86c6f1c624.jpg","datePublished":"2025-07-22T16:39:28+00:00","dateModified":"2025-07-22T16:55:25+00:00","description":"Transfert priv\u00e9 : a\u00e9roport ou gare - Singapour. Explorez ses rues gr\u00e2ce \u00e0 cette visite priv\u00e9e d'une journ\u00e9e compl\u00e8te avec un guide et un v\u00e9hicule priv\u00e9.","breadcrumb":{"@id":"https:\/\/tourtravelandmore.com\/fr\/tours\/singapore-fr\/singapore-en-2-fr\/visite-privee-nocturne-de-singapour-avec-spectacle-son-et-lumiere-copy\/#breadcrumb"},"inLanguage":"fr-FR","potentialAction":[{"@type":"ReadAction","target":["https:\/\/tourtravelandmore.com\/fr\/tours\/singapore-fr\/singapore-en-2-fr\/visite-privee-nocturne-de-singapour-avec-spectacle-son-et-lumiere-copy\/"]}]},{"@type":"ImageObject","inLanguage":"fr-FR","@id":"https:\/\/tourtravelandmore.com\/fr\/tours\/singapore-fr\/singapore-en-2-fr\/visite-privee-nocturne-de-singapour-avec-spectacle-son-et-lumiere-copy\/#primaryimage","url":"https:\/\/tourtravelandmore.com\/wp-content\/uploads\/2025\/07\/csm_airport-transfer_1_86c6f1c624.jpg","contentUrl":"https:\/\/tourtravelandmore.com\/wp-content\/uploads\/2025\/07\/csm_airport-transfer_1_86c6f1c624.jpg","width":1920,"height":1080},{"@type":"BreadcrumbList","@id":"https:\/\/tourtravelandmore.com\/fr\/tours\/singapore-fr\/singapore-en-2-fr\/visite-privee-nocturne-de-singapour-avec-spectacle-son-et-lumiere-copy\/#breadcrumb","itemListElement":[{"@type":"ListItem","position":1,"name":"Home","item":"https:\/\/tourtravelandmore.com\/fr\/"},{"@type":"ListItem","position":2,"name":"Tours","item":"https:\/\/tourtravelandmore.com\/fr\/tours\/"},{"@type":"ListItem","position":3,"name":"Transfert priv\u00e9 : a\u00e9roport ou gare &#8211; Singapour"}]},{"@type":"WebSite","@id":"https:\/\/tourtravelandmore.com\/fr\/#website","url":"https:\/\/tourtravelandmore.com\/fr\/","name":"Tour Travel And More","description":"Private sightseeing tours and luxury transfers in Spain","publisher":{"@id":"https:\/\/tourtravelandmore.com\/fr\/#organization"},"potentialAction":[{"@type":"SearchAction","target":{"@type":"EntryPoint","urlTemplate":"https:\/\/tourtravelandmore.com\/fr\/?s={search_term_string}"},"query-input":{"@type":"PropertyValueSpecification","valueRequired":true,"valueName":"search_term_string"}}],"inLanguage":"fr-FR"},{"@type":"Organization","@id":"https:\/\/tourtravelandmore.com\/fr\/#organization","name":"Tour Travel And More","url":"https:\/\/tourtravelandmore.com\/fr\/","logo":{"@type":"ImageObject","inLanguage":"fr-FR","@id":"https:\/\/tourtravelandmore.com\/fr\/#\/schema\/logo\/image\/","url":"https:\/\/tourtravelandmore.com\/wp-content\/uploads\/2022\/12\/cropped-logo-cabecera-new.png","contentUrl":"https:\/\/tourtravelandmore.com\/wp-content\/uploads\/2022\/12\/cropped-logo-cabecera-new.png","width":430,"height":61,"caption":"Tour Travel And More"},"image":{"@id":"https:\/\/tourtravelandmore.com\/fr\/#\/schema\/logo\/image\/"},"sameAs":["https:\/\/www.facebook.com\/tourtravelandmore\/","https:\/\/x.com\/TourTravel_More"]}]}},"_links":{"self":[{"href":"https:\/\/tourtravelandmore.com\/fr\/wp-json\/wp\/v2\/product\/186092","targetHints":{"allow":["GET"]}}],"collection":[{"href":"https:\/\/tourtravelandmore.com\/fr\/wp-json\/wp\/v2\/product"}],"about":[{"href":"https:\/\/tourtravelandmore.com\/fr\/wp-json\/wp\/v2\/types\/product"}],"replies":[{"embeddable":true,"href":"https:\/\/tourtravelandmore.com\/fr\/wp-json\/wp\/v2\/comments?post=186092"}],"wp:featuredmedia":[{"embeddable":true,"href":"https:\/\/tourtravelandmore.com\/fr\/wp-json\/wp\/v2\/media\/185166"}],"wp:attachment":[{"href":"https:\/\/tourtravelandmore.com\/fr\/wp-json\/wp\/v2\/media?parent=186092"}],"wp:term":[{"taxonomy":"product_brand","embeddable":true,"href":"https:\/\/tourtravelandmore.com\/fr\/wp-json\/wp\/v2\/product_brand?post=186092"},{"taxonomy":"product_cat","embeddable":true,"href":"https:\/\/tourtravelandmore.com\/fr\/wp-json\/wp\/v2\/product_cat?post=186092"},{"taxonomy":"product_tag","embeddable":true,"href":"https:\/\/tourtravelandmore.com\/fr\/wp-json\/wp\/v2\/product_tag?post=186092"}],"curies":[{"name":"wp","href":"https:\/\/api.w.org\/{rel}","templated":true}]}}