{"id":186062,"date":"2025-07-22T18:25:06","date_gmt":"2025-07-22T16:25:10","guid":{"rendered":"https:\/\/tourtravelandmore.com\/?post_type=product&#038;p=186062"},"modified":"2025-07-22T18:35:48","modified_gmt":"2025-07-22T16:35:48","slug":"visite-privee-a-velo-de-singapour-copy","status":"publish","type":"product","link":"https:\/\/tourtravelandmore.com\/fr\/tours\/singapore-fr\/singapore-en-2-fr\/visite-privee-a-velo-de-singapour-copy\/","title":{"rendered":"Visite priv\u00e9e nocturne de Singapour avec spectacle son et lumi\u00e8re"},"content":{"rendered":"<h2>Description<\/h2>\n<p>Cette <strong>visite priv\u00e9e nocturne de Singapour avec spectacle son et lumi\u00e8re<\/strong> vous propose un voyage fascinant \u00e0 travers les monuments illumin\u00e9s et la vie nocturne anim\u00e9e de la ville. \u00c0 la tomb\u00e9e de la nuit, votre guide priv\u00e9 et votre chauffeur vous emm\u00e8neront pour une exploration inoubliable, qui culminera avec le spectacle son et lumi\u00e8re \u00e9poustouflant du Supertree Grove.<\/p>\n<p>Commencez votre soir\u00e9e en passant devant des sites embl\u00e9matiques tels que Marina Bay Sands, le Merlion et l&#8217;Esplanade. Les lumi\u00e8res de la ville se refl\u00e8tent magnifiquement sur l&#8217;eau, offrant des occasions parfaites pour prendre des photos. Votre guide vous racontera des histoires fascinantes sur la transformation de Singapour en une ville moderne \u00e9blouissante.<\/p>\n<p>Ensuite, visitez Gardens by the Bay, o\u00f9 vous attend le spectaculaire spectacle son et lumi\u00e8re Supertree Grove.<\/p>\n<p>Observez les jardins verticaux futuristes s&#8217;animer gr\u00e2ce \u00e0 un spectacle de lumi\u00e8res et de musique chor\u00e9graphi\u00e9 qui captive les visiteurs du monde entier. Ce spectacle est un moment fort de toute visite \u00e0 Singapour, alliant nature et technologie en parfaite harmonie.<\/p>\n<p>Au cours de cette visite priv\u00e9e de Singapour en soir\u00e9e avec spectacle son et lumi\u00e8re, vous b\u00e9n\u00e9ficierez d&#8217;un transfert en toute simplicit\u00e9 dans un v\u00e9hicule confortable. Le guide vous garantit une exp\u00e9rience intime et instructive, id\u00e9ale pour les familles, les couples et les voyageurs qui souhaitent s&#8217;impr\u00e9gner du charme nocturne de la ville.<\/p>\n<h2><b><strong>Points forts<\/strong><\/b><\/h2>\n<ul>\n<li><b>Marina Bay Sands :<\/b> embl\u00e8me nocturne : admirez le monument le plus c\u00e9l\u00e8bre de la ville illumin\u00e9.<\/li>\n<li><b>Merlion Park :<\/b> vues symboliques : prenez des photos avec la mascotte embl\u00e9matique de Singapour.<\/li>\n<li><b>Esplanade :<\/b> merveille architecturale : admirez le centre des arts du spectacle en forme de \u00ab durian \u00bb.<\/li>\n<li><b>Supertree Grove Light Show :<\/b> spectacle grandiose : profitez d&#8217;un m\u00e9lange \u00e9poustouflant de lumi\u00e8res, de musique et de nature.<\/li>\n<li><b>Transferts priv\u00e9s :<\/b> Confortables et pratiques : d\u00e9tendez-vous gr\u00e2ce \u00e0 un service porte-\u00e0-porte tout au long de la visite.<\/li>\n<\/ul>\n<p>D\u00e9couvrez d&#8217;autres visites nocturnes et exp\u00e9riences sur notre <a href=\"https:\/\/tourtravelandmore.com\/singapore\/\">page consacr\u00e9e aux visites priv\u00e9es \u00e0 Singapour<\/a>. Pour plus de d\u00e9tails sur le spectacle lumineux Supertree Grove, veuillez consulter le <a href=\"https:\/\/www.gardensbythebay.com.sg\/\">site officiel des Gardens by the Bay.<\/a><\/p>\n<p>Terminez votre journ\u00e9e en beaut\u00e9 avec la magie de la visite nocturne priv\u00e9e de Singapour avec spectacle lumineux, un m\u00e9lange parfait de culture, de lumi\u00e8re et de beaut\u00e9 urbaine.<\/p>\n","protected":false},"excerpt":{"rendered":"<p>Cette <strong>visite priv\u00e9e nocturne de Singapour avec spectacle son et lumi\u00e8re<\/strong> vous propose un voyage fascinant \u00e0 travers les monuments illumin\u00e9s et la vie nocturne anim\u00e9e de la ville. \u00c0 la tomb\u00e9e de la nuit, votre guide priv\u00e9 et votre chauffeur vous emm\u00e8neront pour une exploration inoubliable, qui culminera avec le spectacle son et lumi\u00e8re \u00e9poustouflant du Supertree Grove.<\/p>\n","protected":false},"featured_media":185647,"comment_status":"open","ping_status":"closed","template":"","meta":{"_acf_changed":false},"product_brand":[],"product_cat":[5575,5578],"product_tag":[],"class_list":{"0":"post-186062","1":"product","2":"type-product","3":"status-publish","4":"has-post-thumbnail","6":"product_cat-singapore-fr","7":"product_cat-singapore-en-2-fr","9":"first","10":"instock","11":"shipping-taxable","12":"purchasable","13":"product-type-simple"},"acf":[],"yoast_head":"<!-- This site is optimized with the Yoast SEO Premium plugin v25.3.1 (Yoast SEO v25.3.1) - https:\/\/yoast.com\/wordpress\/plugins\/seo\/ -->\n<title>Visite priv\u00e9e nocturne de Singapour avec spectacle son et lumi\u00e8re<\/title>\n<meta name=\"description\" content=\"Visite priv\u00e9e nocturne de Singapour avec spectacle son et lumi\u00e8re. Explorez ses rues gr\u00e2ce \u00e0 cette visite priv\u00e9e d&#039;une journ\u00e9e compl\u00e8te avec un guide et un v\u00e9hicule priv\u00e9.\" \/>\n<meta name=\"robots\" content=\"index, follow, max-snippet:-1, max-image-preview:large, max-video-preview:-1\" \/>\n<link rel=\"canonical\" href=\"https:\/\/tourtravelandmore.com\/fr\/tours\/singapore-fr\/singapore-en-2-fr\/visite-privee-a-velo-de-singapour-copy\/\" \/>\n<meta property=\"og:locale\" content=\"fr_FR\" \/>\n<meta property=\"og:type\" content=\"article\" \/>\n<meta property=\"og:title\" content=\"Visite priv\u00e9e nocturne de Singapour avec spectacle son et lumi\u00e8re\" \/>\n<meta property=\"og:description\" content=\"Visite priv\u00e9e nocturne de Singapour avec spectacle son et lumi\u00e8re. Explorez ses rues gr\u00e2ce \u00e0 cette visite priv\u00e9e d&#039;une journ\u00e9e compl\u00e8te avec un guide et un v\u00e9hicule priv\u00e9.\" \/>\n<meta property=\"og:url\" content=\"https:\/\/tourtravelandmore.com\/fr\/tours\/singapore-fr\/singapore-en-2-fr\/visite-privee-a-velo-de-singapour-copy\/\" \/>\n<meta property=\"og:site_name\" content=\"Tour Travel And More\" \/>\n<meta property=\"article:publisher\" content=\"https:\/\/www.facebook.com\/tourtravelandmore\/\" \/>\n<meta property=\"article:modified_time\" content=\"2025-07-22T16:35:48+00:00\" \/>\n<meta property=\"og:image\" content=\"https:\/\/tourtravelandmore.com\/wp-content\/uploads\/2025\/07\/pexels-addie-1650035-3152126.jpg\" \/>\n\t<meta property=\"og:image:width\" content=\"1280\" \/>\n\t<meta property=\"og:image:height\" content=\"853\" \/>\n\t<meta property=\"og:image:type\" content=\"image\/jpeg\" \/>\n<meta name=\"twitter:card\" content=\"summary_large_image\" \/>\n<meta name=\"twitter:site\" content=\"@TourTravel_More\" \/>\n<meta name=\"twitter:label1\" content=\"Dur\u00e9e de lecture estim\u00e9e\" \/>\n\t<meta name=\"twitter:data1\" content=\"2 minutes\" \/>\n<script type=\"application\/ld+json\" class=\"yoast-schema-graph\">{\"@context\":\"https:\/\/schema.org\",\"@graph\":[{\"@type\":\"WebPage\",\"@id\":\"https:\/\/tourtravelandmore.com\/fr\/tours\/singapore-fr\/singapore-en-2-fr\/visite-privee-a-velo-de-singapour-copy\/\",\"url\":\"https:\/\/tourtravelandmore.com\/fr\/tours\/singapore-fr\/singapore-en-2-fr\/visite-privee-a-velo-de-singapour-copy\/\",\"name\":\"Visite priv\u00e9e nocturne de Singapour avec spectacle son et lumi\u00e8re\",\"isPartOf\":{\"@id\":\"https:\/\/tourtravelandmore.com\/fr\/#website\"},\"primaryImageOfPage\":{\"@id\":\"https:\/\/tourtravelandmore.com\/fr\/tours\/singapore-fr\/singapore-en-2-fr\/visite-privee-a-velo-de-singapour-copy\/#primaryimage\"},\"image\":{\"@id\":\"https:\/\/tourtravelandmore.com\/fr\/tours\/singapore-fr\/singapore-en-2-fr\/visite-privee-a-velo-de-singapour-copy\/#primaryimage\"},\"thumbnailUrl\":\"https:\/\/tourtravelandmore.com\/wp-content\/uploads\/2025\/07\/pexels-addie-1650035-3152126.jpg\",\"datePublished\":\"2025-07-22T16:25:10+00:00\",\"dateModified\":\"2025-07-22T16:35:48+00:00\",\"description\":\"Visite priv\u00e9e nocturne de Singapour avec spectacle son et lumi\u00e8re. Explorez ses rues gr\u00e2ce \u00e0 cette visite priv\u00e9e d'une journ\u00e9e compl\u00e8te avec un guide et un v\u00e9hicule priv\u00e9.\",\"breadcrumb\":{\"@id\":\"https:\/\/tourtravelandmore.com\/fr\/tours\/singapore-fr\/singapore-en-2-fr\/visite-privee-a-velo-de-singapour-copy\/#breadcrumb\"},\"inLanguage\":\"fr-FR\",\"potentialAction\":[{\"@type\":\"ReadAction\",\"target\":[\"https:\/\/tourtravelandmore.com\/fr\/tours\/singapore-fr\/singapore-en-2-fr\/visite-privee-a-velo-de-singapour-copy\/\"]}]},{\"@type\":\"ImageObject\",\"inLanguage\":\"fr-FR\",\"@id\":\"https:\/\/tourtravelandmore.com\/fr\/tours\/singapore-fr\/singapore-en-2-fr\/visite-privee-a-velo-de-singapour-copy\/#primaryimage\",\"url\":\"https:\/\/tourtravelandmore.com\/wp-content\/uploads\/2025\/07\/pexels-addie-1650035-3152126.jpg\",\"contentUrl\":\"https:\/\/tourtravelandmore.com\/wp-content\/uploads\/2025\/07\/pexels-addie-1650035-3152126.jpg\",\"width\":1280,\"height\":853},{\"@type\":\"BreadcrumbList\",\"@id\":\"https:\/\/tourtravelandmore.com\/fr\/tours\/singapore-fr\/singapore-en-2-fr\/visite-privee-a-velo-de-singapour-copy\/#breadcrumb\",\"itemListElement\":[{\"@type\":\"ListItem\",\"position\":1,\"name\":\"Home\",\"item\":\"https:\/\/tourtravelandmore.com\/fr\/\"},{\"@type\":\"ListItem\",\"position\":2,\"name\":\"Tours\",\"item\":\"https:\/\/tourtravelandmore.com\/fr\/tours\/\"},{\"@type\":\"ListItem\",\"position\":3,\"name\":\"Visite priv\u00e9e nocturne de Singapour avec spectacle son et lumi\u00e8re\"}]},{\"@type\":\"WebSite\",\"@id\":\"https:\/\/tourtravelandmore.com\/fr\/#website\",\"url\":\"https:\/\/tourtravelandmore.com\/fr\/\",\"name\":\"Tour Travel And More\",\"description\":\"Private sightseeing tours and luxury transfers in Spain\",\"publisher\":{\"@id\":\"https:\/\/tourtravelandmore.com\/fr\/#organization\"},\"potentialAction\":[{\"@type\":\"SearchAction\",\"target\":{\"@type\":\"EntryPoint\",\"urlTemplate\":\"https:\/\/tourtravelandmore.com\/fr\/?s={search_term_string}\"},\"query-input\":{\"@type\":\"PropertyValueSpecification\",\"valueRequired\":true,\"valueName\":\"search_term_string\"}}],\"inLanguage\":\"fr-FR\"},{\"@type\":\"Organization\",\"@id\":\"https:\/\/tourtravelandmore.com\/fr\/#organization\",\"name\":\"Tour Travel And More\",\"url\":\"https:\/\/tourtravelandmore.com\/fr\/\",\"logo\":{\"@type\":\"ImageObject\",\"inLanguage\":\"fr-FR\",\"@id\":\"https:\/\/tourtravelandmore.com\/fr\/#\/schema\/logo\/image\/\",\"url\":\"https:\/\/tourtravelandmore.com\/wp-content\/uploads\/2022\/12\/cropped-logo-cabecera-new.png\",\"contentUrl\":\"https:\/\/tourtravelandmore.com\/wp-content\/uploads\/2022\/12\/cropped-logo-cabecera-new.png\",\"width\":430,\"height\":61,\"caption\":\"Tour Travel And More\"},\"image\":{\"@id\":\"https:\/\/tourtravelandmore.com\/fr\/#\/schema\/logo\/image\/\"},\"sameAs\":[\"https:\/\/www.facebook.com\/tourtravelandmore\/\",\"https:\/\/x.com\/TourTravel_More\"]}]}<\/script>\n<!-- \/ Yoast SEO Premium plugin. -->","yoast_head_json":{"title":"Visite priv\u00e9e nocturne de Singapour avec spectacle son et lumi\u00e8re","description":"Visite priv\u00e9e nocturne de Singapour avec spectacle son et lumi\u00e8re. Explorez ses rues gr\u00e2ce \u00e0 cette visite priv\u00e9e d'une journ\u00e9e compl\u00e8te avec un guide et un v\u00e9hicule priv\u00e9.","robots":{"index":"index","follow":"follow","max-snippet":"max-snippet:-1","max-image-preview":"max-image-preview:large","max-video-preview":"max-video-preview:-1"},"canonical":"https:\/\/tourtravelandmore.com\/fr\/tours\/singapore-fr\/singapore-en-2-fr\/visite-privee-a-velo-de-singapour-copy\/","og_locale":"fr_FR","og_type":"article","og_title":"Visite priv\u00e9e nocturne de Singapour avec spectacle son et lumi\u00e8re","og_description":"Visite priv\u00e9e nocturne de Singapour avec spectacle son et lumi\u00e8re. Explorez ses rues gr\u00e2ce \u00e0 cette visite priv\u00e9e d'une journ\u00e9e compl\u00e8te avec un guide et un v\u00e9hicule priv\u00e9.","og_url":"https:\/\/tourtravelandmore.com\/fr\/tours\/singapore-fr\/singapore-en-2-fr\/visite-privee-a-velo-de-singapour-copy\/","og_site_name":"Tour Travel And More","article_publisher":"https:\/\/www.facebook.com\/tourtravelandmore\/","article_modified_time":"2025-07-22T16:35:48+00:00","og_image":[{"width":1280,"height":853,"url":"https:\/\/tourtravelandmore.com\/wp-content\/uploads\/2025\/07\/pexels-addie-1650035-3152126.jpg","type":"image\/jpeg"}],"twitter_card":"summary_large_image","twitter_site":"@TourTravel_More","twitter_misc":{"Dur\u00e9e de lecture estim\u00e9e":"2 minutes"},"schema":{"@context":"https:\/\/schema.org","@graph":[{"@type":"WebPage","@id":"https:\/\/tourtravelandmore.com\/fr\/tours\/singapore-fr\/singapore-en-2-fr\/visite-privee-a-velo-de-singapour-copy\/","url":"https:\/\/tourtravelandmore.com\/fr\/tours\/singapore-fr\/singapore-en-2-fr\/visite-privee-a-velo-de-singapour-copy\/","name":"Visite priv\u00e9e nocturne de Singapour avec spectacle son et lumi\u00e8re","isPartOf":{"@id":"https:\/\/tourtravelandmore.com\/fr\/#website"},"primaryImageOfPage":{"@id":"https:\/\/tourtravelandmore.com\/fr\/tours\/singapore-fr\/singapore-en-2-fr\/visite-privee-a-velo-de-singapour-copy\/#primaryimage"},"image":{"@id":"https:\/\/tourtravelandmore.com\/fr\/tours\/singapore-fr\/singapore-en-2-fr\/visite-privee-a-velo-de-singapour-copy\/#primaryimage"},"thumbnailUrl":"https:\/\/tourtravelandmore.com\/wp-content\/uploads\/2025\/07\/pexels-addie-1650035-3152126.jpg","datePublished":"2025-07-22T16:25:10+00:00","dateModified":"2025-07-22T16:35:48+00:00","description":"Visite priv\u00e9e nocturne de Singapour avec spectacle son et lumi\u00e8re. Explorez ses rues gr\u00e2ce \u00e0 cette visite priv\u00e9e d'une journ\u00e9e compl\u00e8te avec un guide et un v\u00e9hicule priv\u00e9.","breadcrumb":{"@id":"https:\/\/tourtravelandmore.com\/fr\/tours\/singapore-fr\/singapore-en-2-fr\/visite-privee-a-velo-de-singapour-copy\/#breadcrumb"},"inLanguage":"fr-FR","potentialAction":[{"@type":"ReadAction","target":["https:\/\/tourtravelandmore.com\/fr\/tours\/singapore-fr\/singapore-en-2-fr\/visite-privee-a-velo-de-singapour-copy\/"]}]},{"@type":"ImageObject","inLanguage":"fr-FR","@id":"https:\/\/tourtravelandmore.com\/fr\/tours\/singapore-fr\/singapore-en-2-fr\/visite-privee-a-velo-de-singapour-copy\/#primaryimage","url":"https:\/\/tourtravelandmore.com\/wp-content\/uploads\/2025\/07\/pexels-addie-1650035-3152126.jpg","contentUrl":"https:\/\/tourtravelandmore.com\/wp-content\/uploads\/2025\/07\/pexels-addie-1650035-3152126.jpg","width":1280,"height":853},{"@type":"BreadcrumbList","@id":"https:\/\/tourtravelandmore.com\/fr\/tours\/singapore-fr\/singapore-en-2-fr\/visite-privee-a-velo-de-singapour-copy\/#breadcrumb","itemListElement":[{"@type":"ListItem","position":1,"name":"Home","item":"https:\/\/tourtravelandmore.com\/fr\/"},{"@type":"ListItem","position":2,"name":"Tours","item":"https:\/\/tourtravelandmore.com\/fr\/tours\/"},{"@type":"ListItem","position":3,"name":"Visite priv\u00e9e nocturne de Singapour avec spectacle son et lumi\u00e8re"}]},{"@type":"WebSite","@id":"https:\/\/tourtravelandmore.com\/fr\/#website","url":"https:\/\/tourtravelandmore.com\/fr\/","name":"Tour Travel And More","description":"Private sightseeing tours and luxury transfers in Spain","publisher":{"@id":"https:\/\/tourtravelandmore.com\/fr\/#organization"},"potentialAction":[{"@type":"SearchAction","target":{"@type":"EntryPoint","urlTemplate":"https:\/\/tourtravelandmore.com\/fr\/?s={search_term_string}"},"query-input":{"@type":"PropertyValueSpecification","valueRequired":true,"valueName":"search_term_string"}}],"inLanguage":"fr-FR"},{"@type":"Organization","@id":"https:\/\/tourtravelandmore.com\/fr\/#organization","name":"Tour Travel And More","url":"https:\/\/tourtravelandmore.com\/fr\/","logo":{"@type":"ImageObject","inLanguage":"fr-FR","@id":"https:\/\/tourtravelandmore.com\/fr\/#\/schema\/logo\/image\/","url":"https:\/\/tourtravelandmore.com\/wp-content\/uploads\/2022\/12\/cropped-logo-cabecera-new.png","contentUrl":"https:\/\/tourtravelandmore.com\/wp-content\/uploads\/2022\/12\/cropped-logo-cabecera-new.png","width":430,"height":61,"caption":"Tour Travel And More"},"image":{"@id":"https:\/\/tourtravelandmore.com\/fr\/#\/schema\/logo\/image\/"},"sameAs":["https:\/\/www.facebook.com\/tourtravelandmore\/","https:\/\/x.com\/TourTravel_More"]}]}},"_links":{"self":[{"href":"https:\/\/tourtravelandmore.com\/fr\/wp-json\/wp\/v2\/product\/186062","targetHints":{"allow":["GET"]}}],"collection":[{"href":"https:\/\/tourtravelandmore.com\/fr\/wp-json\/wp\/v2\/product"}],"about":[{"href":"https:\/\/tourtravelandmore.com\/fr\/wp-json\/wp\/v2\/types\/product"}],"replies":[{"embeddable":true,"href":"https:\/\/tourtravelandmore.com\/fr\/wp-json\/wp\/v2\/comments?post=186062"}],"wp:featuredmedia":[{"embeddable":true,"href":"https:\/\/tourtravelandmore.com\/fr\/wp-json\/wp\/v2\/media\/185647"}],"wp:attachment":[{"href":"https:\/\/tourtravelandmore.com\/fr\/wp-json\/wp\/v2\/media?parent=186062"}],"wp:term":[{"taxonomy":"product_brand","embeddable":true,"href":"https:\/\/tourtravelandmore.com\/fr\/wp-json\/wp\/v2\/product_brand?post=186062"},{"taxonomy":"product_cat","embeddable":true,"href":"https:\/\/tourtravelandmore.com\/fr\/wp-json\/wp\/v2\/product_cat?post=186062"},{"taxonomy":"product_tag","embeddable":true,"href":"https:\/\/tourtravelandmore.com\/fr\/wp-json\/wp\/v2\/product_tag?post=186062"}],"curies":[{"name":"wp","href":"https:\/\/api.w.org\/{rel}","templated":true}]}}