{"id":186031,"date":"2025-07-22T18:10:06","date_gmt":"2025-07-22T16:10:10","guid":{"rendered":"https:\/\/tourtravelandmore.com\/?post_type=product&#038;p=186031"},"modified":"2025-07-22T18:23:11","modified_gmt":"2025-07-22T16:23:11","slug":"visite-privee-coloniale-et-historique-de-singapour-copy","status":"publish","type":"product","link":"https:\/\/tourtravelandmore.com\/fr\/tours\/singapore-fr\/singapore-en-2-fr\/visite-privee-coloniale-et-historique-de-singapour-copy\/","title":{"rendered":"Visite priv\u00e9e \u00e0 v\u00e9lo de Singapour"},"content":{"rendered":"<h2>Description<\/h2>\n<p>D\u00e9couvrez Singapour comme jamais auparavant lors de cette <b>visite priv\u00e9e \u00e0 v\u00e9lo de Singapour<\/b>. Parcourez \u00e0 v\u00e9lo des quartiers anim\u00e9s, des parcs luxuriants et des fronts de mer pittoresques, tout cela \u00e0 votre rythme et en compagnie d&#8217;un guide exp\u00e9riment\u00e9.<\/p>\n<p>Commencez votre aventure \u00e0 v\u00e9lo en passant devant des sites embl\u00e9matiques tels que Marina Bay Sands et le parc Merlion.<\/p>\n<p>Votre guide vous fera d\u00e9couvrir des anecdotes et des informations locales, et vous d\u00e9voilera des tr\u00e9sors cach\u00e9s tout au long du parcours. Cette visite \u00e0 v\u00e9lo offre une perspective unique sur le m\u00e9lange de modernit\u00e9 et de tradition de la ville.<\/p>\n<p>En traversant des quartiers tels que Kampong Glam et Chinatown, impr\u00e9gnez-vous de l&#8217;art urbain color\u00e9, des temples historiques et des march\u00e9s anim\u00e9s. Cette visite priv\u00e9e \u00e0 v\u00e9lo de Singapour est id\u00e9ale pour les voyageurs actifs qui souhaitent combiner visites touristiques, air frais et exercice physique.<\/p>\n<h2><b><strong>Points forts<\/strong><\/b><\/h2>\n<ul>\n<li><b>Marina Bay Sands :<\/b> vues embl\u00e9matiques : roulez \u00e0 v\u00e9lo le long de l&#8217;un des monuments les plus c\u00e9l\u00e8bres de la ville.<\/li>\n<li><b>Kampong Glam :<\/b> c\u0153ur culturel : explorez des rues anim\u00e9es riches en patrimoine malais.<\/li>\n<li><b>Chinatown :<\/b> charme historique : d\u00e9couvrez des boutiques traditionnelles et des temples color\u00e9s.<\/li>\n<li><b>Gardens by the Bay :<\/b> \u00e9vasion verte : roulez pr\u00e8s de l&#8217;impressionnant Supertree Grove et des sentiers au bord de l&#8217;eau.<\/li>\n<li><b>Exp\u00e9rience guid\u00e9e :<\/b> rythme personnalis\u00e9 : votre guide adapte l&#8217;itin\u00e9raire en fonction de vos centres d&#8217;int\u00e9r\u00eat et de votre condition physique.<\/li>\n<\/ul>\n<p>Vous recherchez d&#8217;autres aventures en plein air ? <a href=\"https:\/\/tourtravelandmore.com\/singapore\/\">D\u00e9couvrez notre gamme compl\u00e8te de visites priv\u00e9es \u00e0 Singapour<\/a>. Pour conna\u00eetre les itin\u00e9raires cyclables et obtenir des conseils de s\u00e9curit\u00e9, consultez le site de la <a href=\"https:\/\/www.cycling.org.sg\/\">F\u00e9d\u00e9ration cycliste de Singapour.<\/a><\/p>\n<p>D\u00e9couvrez Singapour d&#8217;une mani\u00e8re originale et amusante gr\u00e2ce \u00e0 cette visite priv\u00e9e \u00e0 v\u00e9lo, qui allie \u00e0 la perfection culture, nature et activit\u00e9 physique.<\/p>\n","protected":false},"excerpt":{"rendered":"<p>D\u00e9couvrez Singapour comme jamais auparavant lors de cette <b>visite priv\u00e9e \u00e0 v\u00e9lo de Singapour<\/b>. Parcourez \u00e0 v\u00e9lo des quartiers anim\u00e9s, des parcs luxuriants et des fronts de mer pittoresques, tout cela \u00e0 votre rythme et en compagnie d&#8217;un guide exp\u00e9riment\u00e9.<\/p>\n","protected":false},"featured_media":186043,"comment_status":"open","ping_status":"closed","template":"","meta":{"_acf_changed":false},"product_brand":[],"product_cat":[5578,5575],"product_tag":[],"class_list":{"0":"post-186031","1":"product","2":"type-product","3":"status-publish","4":"has-post-thumbnail","6":"product_cat-singapore-en-2-fr","7":"product_cat-singapore-fr","9":"first","10":"instock","11":"shipping-taxable","12":"purchasable","13":"product-type-simple"},"acf":[],"yoast_head":"<!-- This site is optimized with the Yoast SEO Premium plugin v25.3.1 (Yoast SEO v25.3.1) - https:\/\/yoast.com\/wordpress\/plugins\/seo\/ -->\n<title>Visite priv\u00e9e \u00e0 v\u00e9lo de Singapour<\/title>\n<meta name=\"description\" content=\"Visite priv\u00e9e \u00e0 v\u00e9lo de Singapour. Explorez ses rues gr\u00e2ce \u00e0 cette visite priv\u00e9e d&#039;une journ\u00e9e compl\u00e8te avec un guide et un v\u00e9hicule priv\u00e9.\" \/>\n<meta name=\"robots\" content=\"index, follow, max-snippet:-1, max-image-preview:large, max-video-preview:-1\" \/>\n<link rel=\"canonical\" href=\"https:\/\/tourtravelandmore.com\/fr\/tours\/singapore-fr\/singapore-en-2-fr\/visite-privee-coloniale-et-historique-de-singapour-copy\/\" \/>\n<meta property=\"og:locale\" content=\"fr_FR\" \/>\n<meta property=\"og:type\" content=\"article\" \/>\n<meta property=\"og:title\" content=\"Visite priv\u00e9e \u00e0 v\u00e9lo de Singapour\" \/>\n<meta property=\"og:description\" content=\"Visite priv\u00e9e \u00e0 v\u00e9lo de Singapour. Explorez ses rues gr\u00e2ce \u00e0 cette visite priv\u00e9e d&#039;une journ\u00e9e compl\u00e8te avec un guide et un v\u00e9hicule priv\u00e9.\" \/>\n<meta property=\"og:url\" content=\"https:\/\/tourtravelandmore.com\/fr\/tours\/singapore-fr\/singapore-en-2-fr\/visite-privee-coloniale-et-historique-de-singapour-copy\/\" \/>\n<meta property=\"og:site_name\" content=\"Tour Travel And More\" \/>\n<meta property=\"article:publisher\" content=\"https:\/\/www.facebook.com\/tourtravelandmore\/\" \/>\n<meta property=\"article:modified_time\" content=\"2025-07-22T16:23:11+00:00\" \/>\n<meta property=\"og:image\" content=\"https:\/\/tourtravelandmore.com\/wp-content\/uploads\/2025\/07\/pexels-christina99999-23024943.jpg\" \/>\n\t<meta property=\"og:image:width\" content=\"1280\" \/>\n\t<meta property=\"og:image:height\" content=\"853\" \/>\n\t<meta property=\"og:image:type\" content=\"image\/jpeg\" \/>\n<meta name=\"twitter:card\" content=\"summary_large_image\" \/>\n<meta name=\"twitter:site\" content=\"@TourTravel_More\" \/>\n<meta name=\"twitter:label1\" content=\"Dur\u00e9e de lecture estim\u00e9e\" \/>\n\t<meta name=\"twitter:data1\" content=\"2 minutes\" \/>\n<script type=\"application\/ld+json\" class=\"yoast-schema-graph\">{\"@context\":\"https:\/\/schema.org\",\"@graph\":[{\"@type\":\"WebPage\",\"@id\":\"https:\/\/tourtravelandmore.com\/fr\/tours\/singapore-fr\/singapore-en-2-fr\/visite-privee-coloniale-et-historique-de-singapour-copy\/\",\"url\":\"https:\/\/tourtravelandmore.com\/fr\/tours\/singapore-fr\/singapore-en-2-fr\/visite-privee-coloniale-et-historique-de-singapour-copy\/\",\"name\":\"Visite priv\u00e9e \u00e0 v\u00e9lo de Singapour\",\"isPartOf\":{\"@id\":\"https:\/\/tourtravelandmore.com\/fr\/#website\"},\"primaryImageOfPage\":{\"@id\":\"https:\/\/tourtravelandmore.com\/fr\/tours\/singapore-fr\/singapore-en-2-fr\/visite-privee-coloniale-et-historique-de-singapour-copy\/#primaryimage\"},\"image\":{\"@id\":\"https:\/\/tourtravelandmore.com\/fr\/tours\/singapore-fr\/singapore-en-2-fr\/visite-privee-coloniale-et-historique-de-singapour-copy\/#primaryimage\"},\"thumbnailUrl\":\"https:\/\/tourtravelandmore.com\/wp-content\/uploads\/2025\/07\/pexels-christina99999-23024943.jpg\",\"datePublished\":\"2025-07-22T16:10:10+00:00\",\"dateModified\":\"2025-07-22T16:23:11+00:00\",\"description\":\"Visite priv\u00e9e \u00e0 v\u00e9lo de Singapour. Explorez ses rues gr\u00e2ce \u00e0 cette visite priv\u00e9e d'une journ\u00e9e compl\u00e8te avec un guide et un v\u00e9hicule priv\u00e9.\",\"breadcrumb\":{\"@id\":\"https:\/\/tourtravelandmore.com\/fr\/tours\/singapore-fr\/singapore-en-2-fr\/visite-privee-coloniale-et-historique-de-singapour-copy\/#breadcrumb\"},\"inLanguage\":\"fr-FR\",\"potentialAction\":[{\"@type\":\"ReadAction\",\"target\":[\"https:\/\/tourtravelandmore.com\/fr\/tours\/singapore-fr\/singapore-en-2-fr\/visite-privee-coloniale-et-historique-de-singapour-copy\/\"]}]},{\"@type\":\"ImageObject\",\"inLanguage\":\"fr-FR\",\"@id\":\"https:\/\/tourtravelandmore.com\/fr\/tours\/singapore-fr\/singapore-en-2-fr\/visite-privee-coloniale-et-historique-de-singapour-copy\/#primaryimage\",\"url\":\"https:\/\/tourtravelandmore.com\/wp-content\/uploads\/2025\/07\/pexels-christina99999-23024943.jpg\",\"contentUrl\":\"https:\/\/tourtravelandmore.com\/wp-content\/uploads\/2025\/07\/pexels-christina99999-23024943.jpg\",\"width\":1280,\"height\":853},{\"@type\":\"BreadcrumbList\",\"@id\":\"https:\/\/tourtravelandmore.com\/fr\/tours\/singapore-fr\/singapore-en-2-fr\/visite-privee-coloniale-et-historique-de-singapour-copy\/#breadcrumb\",\"itemListElement\":[{\"@type\":\"ListItem\",\"position\":1,\"name\":\"Home\",\"item\":\"https:\/\/tourtravelandmore.com\/fr\/\"},{\"@type\":\"ListItem\",\"position\":2,\"name\":\"Tours\",\"item\":\"https:\/\/tourtravelandmore.com\/fr\/tours\/\"},{\"@type\":\"ListItem\",\"position\":3,\"name\":\"Visite priv\u00e9e \u00e0 v\u00e9lo de Singapour\"}]},{\"@type\":\"WebSite\",\"@id\":\"https:\/\/tourtravelandmore.com\/fr\/#website\",\"url\":\"https:\/\/tourtravelandmore.com\/fr\/\",\"name\":\"Tour Travel And More\",\"description\":\"Private sightseeing tours and luxury transfers in Spain\",\"publisher\":{\"@id\":\"https:\/\/tourtravelandmore.com\/fr\/#organization\"},\"potentialAction\":[{\"@type\":\"SearchAction\",\"target\":{\"@type\":\"EntryPoint\",\"urlTemplate\":\"https:\/\/tourtravelandmore.com\/fr\/?s={search_term_string}\"},\"query-input\":{\"@type\":\"PropertyValueSpecification\",\"valueRequired\":true,\"valueName\":\"search_term_string\"}}],\"inLanguage\":\"fr-FR\"},{\"@type\":\"Organization\",\"@id\":\"https:\/\/tourtravelandmore.com\/fr\/#organization\",\"name\":\"Tour Travel And More\",\"url\":\"https:\/\/tourtravelandmore.com\/fr\/\",\"logo\":{\"@type\":\"ImageObject\",\"inLanguage\":\"fr-FR\",\"@id\":\"https:\/\/tourtravelandmore.com\/fr\/#\/schema\/logo\/image\/\",\"url\":\"https:\/\/tourtravelandmore.com\/wp-content\/uploads\/2022\/12\/cropped-logo-cabecera-new.png\",\"contentUrl\":\"https:\/\/tourtravelandmore.com\/wp-content\/uploads\/2022\/12\/cropped-logo-cabecera-new.png\",\"width\":430,\"height\":61,\"caption\":\"Tour Travel And More\"},\"image\":{\"@id\":\"https:\/\/tourtravelandmore.com\/fr\/#\/schema\/logo\/image\/\"},\"sameAs\":[\"https:\/\/www.facebook.com\/tourtravelandmore\/\",\"https:\/\/x.com\/TourTravel_More\"]}]}<\/script>\n<!-- \/ Yoast SEO Premium plugin. -->","yoast_head_json":{"title":"Visite priv\u00e9e \u00e0 v\u00e9lo de Singapour","description":"Visite priv\u00e9e \u00e0 v\u00e9lo de Singapour. Explorez ses rues gr\u00e2ce \u00e0 cette visite priv\u00e9e d'une journ\u00e9e compl\u00e8te avec un guide et un v\u00e9hicule priv\u00e9.","robots":{"index":"index","follow":"follow","max-snippet":"max-snippet:-1","max-image-preview":"max-image-preview:large","max-video-preview":"max-video-preview:-1"},"canonical":"https:\/\/tourtravelandmore.com\/fr\/tours\/singapore-fr\/singapore-en-2-fr\/visite-privee-coloniale-et-historique-de-singapour-copy\/","og_locale":"fr_FR","og_type":"article","og_title":"Visite priv\u00e9e \u00e0 v\u00e9lo de Singapour","og_description":"Visite priv\u00e9e \u00e0 v\u00e9lo de Singapour. Explorez ses rues gr\u00e2ce \u00e0 cette visite priv\u00e9e d'une journ\u00e9e compl\u00e8te avec un guide et un v\u00e9hicule priv\u00e9.","og_url":"https:\/\/tourtravelandmore.com\/fr\/tours\/singapore-fr\/singapore-en-2-fr\/visite-privee-coloniale-et-historique-de-singapour-copy\/","og_site_name":"Tour Travel And More","article_publisher":"https:\/\/www.facebook.com\/tourtravelandmore\/","article_modified_time":"2025-07-22T16:23:11+00:00","og_image":[{"width":1280,"height":853,"url":"https:\/\/tourtravelandmore.com\/wp-content\/uploads\/2025\/07\/pexels-christina99999-23024943.jpg","type":"image\/jpeg"}],"twitter_card":"summary_large_image","twitter_site":"@TourTravel_More","twitter_misc":{"Dur\u00e9e de lecture estim\u00e9e":"2 minutes"},"schema":{"@context":"https:\/\/schema.org","@graph":[{"@type":"WebPage","@id":"https:\/\/tourtravelandmore.com\/fr\/tours\/singapore-fr\/singapore-en-2-fr\/visite-privee-coloniale-et-historique-de-singapour-copy\/","url":"https:\/\/tourtravelandmore.com\/fr\/tours\/singapore-fr\/singapore-en-2-fr\/visite-privee-coloniale-et-historique-de-singapour-copy\/","name":"Visite priv\u00e9e \u00e0 v\u00e9lo de Singapour","isPartOf":{"@id":"https:\/\/tourtravelandmore.com\/fr\/#website"},"primaryImageOfPage":{"@id":"https:\/\/tourtravelandmore.com\/fr\/tours\/singapore-fr\/singapore-en-2-fr\/visite-privee-coloniale-et-historique-de-singapour-copy\/#primaryimage"},"image":{"@id":"https:\/\/tourtravelandmore.com\/fr\/tours\/singapore-fr\/singapore-en-2-fr\/visite-privee-coloniale-et-historique-de-singapour-copy\/#primaryimage"},"thumbnailUrl":"https:\/\/tourtravelandmore.com\/wp-content\/uploads\/2025\/07\/pexels-christina99999-23024943.jpg","datePublished":"2025-07-22T16:10:10+00:00","dateModified":"2025-07-22T16:23:11+00:00","description":"Visite priv\u00e9e \u00e0 v\u00e9lo de Singapour. Explorez ses rues gr\u00e2ce \u00e0 cette visite priv\u00e9e d'une journ\u00e9e compl\u00e8te avec un guide et un v\u00e9hicule priv\u00e9.","breadcrumb":{"@id":"https:\/\/tourtravelandmore.com\/fr\/tours\/singapore-fr\/singapore-en-2-fr\/visite-privee-coloniale-et-historique-de-singapour-copy\/#breadcrumb"},"inLanguage":"fr-FR","potentialAction":[{"@type":"ReadAction","target":["https:\/\/tourtravelandmore.com\/fr\/tours\/singapore-fr\/singapore-en-2-fr\/visite-privee-coloniale-et-historique-de-singapour-copy\/"]}]},{"@type":"ImageObject","inLanguage":"fr-FR","@id":"https:\/\/tourtravelandmore.com\/fr\/tours\/singapore-fr\/singapore-en-2-fr\/visite-privee-coloniale-et-historique-de-singapour-copy\/#primaryimage","url":"https:\/\/tourtravelandmore.com\/wp-content\/uploads\/2025\/07\/pexels-christina99999-23024943.jpg","contentUrl":"https:\/\/tourtravelandmore.com\/wp-content\/uploads\/2025\/07\/pexels-christina99999-23024943.jpg","width":1280,"height":853},{"@type":"BreadcrumbList","@id":"https:\/\/tourtravelandmore.com\/fr\/tours\/singapore-fr\/singapore-en-2-fr\/visite-privee-coloniale-et-historique-de-singapour-copy\/#breadcrumb","itemListElement":[{"@type":"ListItem","position":1,"name":"Home","item":"https:\/\/tourtravelandmore.com\/fr\/"},{"@type":"ListItem","position":2,"name":"Tours","item":"https:\/\/tourtravelandmore.com\/fr\/tours\/"},{"@type":"ListItem","position":3,"name":"Visite priv\u00e9e \u00e0 v\u00e9lo de Singapour"}]},{"@type":"WebSite","@id":"https:\/\/tourtravelandmore.com\/fr\/#website","url":"https:\/\/tourtravelandmore.com\/fr\/","name":"Tour Travel And More","description":"Private sightseeing tours and luxury transfers in Spain","publisher":{"@id":"https:\/\/tourtravelandmore.com\/fr\/#organization"},"potentialAction":[{"@type":"SearchAction","target":{"@type":"EntryPoint","urlTemplate":"https:\/\/tourtravelandmore.com\/fr\/?s={search_term_string}"},"query-input":{"@type":"PropertyValueSpecification","valueRequired":true,"valueName":"search_term_string"}}],"inLanguage":"fr-FR"},{"@type":"Organization","@id":"https:\/\/tourtravelandmore.com\/fr\/#organization","name":"Tour Travel And More","url":"https:\/\/tourtravelandmore.com\/fr\/","logo":{"@type":"ImageObject","inLanguage":"fr-FR","@id":"https:\/\/tourtravelandmore.com\/fr\/#\/schema\/logo\/image\/","url":"https:\/\/tourtravelandmore.com\/wp-content\/uploads\/2022\/12\/cropped-logo-cabecera-new.png","contentUrl":"https:\/\/tourtravelandmore.com\/wp-content\/uploads\/2022\/12\/cropped-logo-cabecera-new.png","width":430,"height":61,"caption":"Tour Travel And More"},"image":{"@id":"https:\/\/tourtravelandmore.com\/fr\/#\/schema\/logo\/image\/"},"sameAs":["https:\/\/www.facebook.com\/tourtravelandmore\/","https:\/\/x.com\/TourTravel_More"]}]}},"_links":{"self":[{"href":"https:\/\/tourtravelandmore.com\/fr\/wp-json\/wp\/v2\/product\/186031","targetHints":{"allow":["GET"]}}],"collection":[{"href":"https:\/\/tourtravelandmore.com\/fr\/wp-json\/wp\/v2\/product"}],"about":[{"href":"https:\/\/tourtravelandmore.com\/fr\/wp-json\/wp\/v2\/types\/product"}],"replies":[{"embeddable":true,"href":"https:\/\/tourtravelandmore.com\/fr\/wp-json\/wp\/v2\/comments?post=186031"}],"wp:featuredmedia":[{"embeddable":true,"href":"https:\/\/tourtravelandmore.com\/fr\/wp-json\/wp\/v2\/media\/186043"}],"wp:attachment":[{"href":"https:\/\/tourtravelandmore.com\/fr\/wp-json\/wp\/v2\/media?parent=186031"}],"wp:term":[{"taxonomy":"product_brand","embeddable":true,"href":"https:\/\/tourtravelandmore.com\/fr\/wp-json\/wp\/v2\/product_brand?post=186031"},{"taxonomy":"product_cat","embeddable":true,"href":"https:\/\/tourtravelandmore.com\/fr\/wp-json\/wp\/v2\/product_cat?post=186031"},{"taxonomy":"product_tag","embeddable":true,"href":"https:\/\/tourtravelandmore.com\/fr\/wp-json\/wp\/v2\/product_tag?post=186031"}],"curies":[{"name":"wp","href":"https:\/\/api.w.org\/{rel}","templated":true}]}}