{"id":186000,"date":"2025-07-22T17:48:23","date_gmt":"2025-07-22T15:48:28","guid":{"rendered":"https:\/\/tourtravelandmore.com\/?post_type=product&#038;p=186000"},"modified":"2025-07-22T18:08:24","modified_gmt":"2025-07-22T16:08:24","slug":"visite-privee-dune-demi-journee-de-singapour-copy-2","status":"publish","type":"product","link":"https:\/\/tourtravelandmore.com\/fr\/tours\/singapore-fr\/singapore-en-2-fr\/visite-privee-dune-demi-journee-de-singapour-copy-2\/","title":{"rendered":"Visite priv\u00e9e coloniale et historique de Singapour"},"content":{"rendered":"<h2><b><strong>Description<\/strong><\/b><\/h2>\n<p>Cette visite priv\u00e9e de Singapour, ax\u00e9e sur l&#8217;histoire et le colonialisme, vous fera d\u00e9couvrir les sites patrimoniaux les plus embl\u00e9matiques de la ville. Promenez-vous dans les rues o\u00f9 les gouverneurs britanniques, les marchands asiatiques et les leaders de la lutte pour l&#8217;ind\u00e9pendance ont laiss\u00e9 leur empreinte dans cette ville remarquable.<\/p>\n<p>Votre voyage commencera par une visite du l\u00e9gendaire Raffles Hotel, symbole intemporel de l&#8217;\u00e9l\u00e9gance coloniale. Vous continuerez ensuite vers le quartier civique, qui abrite l&#8217;ancien Parlement, la Cour supr\u00eame et la cath\u00e9drale Saint-Andr\u00e9.<\/p>\n<p>Au Padang et \u00e0 l&#8217;h\u00f4tel de ville, votre guide vous racontera les \u00e9v\u00e9nements marquants qui ont fa\u00e7onn\u00e9 la transformation de Singapour au fil des si\u00e8cles.<\/p>\n<p>La derni\u00e8re partie de la visite vous emm\u00e8ne \u00e0 Fort Canning Hill, ancien si\u00e8ge de la royaut\u00e9 malaise, puis poste militaire britannique. Entour\u00e9 d&#8217;une v\u00e9g\u00e9tation luxuriante et offrant une vue panoramique sur la ville, ce site r\u00e9v\u00e8le plusieurs couches d&#8217;histoire dans un cadre paisible. Cette visite priv\u00e9e de Singapour offre un aper\u00e7u saisissant des fondements et de la r\u00e9silience de la ville.<\/p>\n<h2><b><strong>Points forts | Visite priv\u00e9e coloniale et historique de Singapour<\/strong><\/b><\/h2>\n<ul>\n<li><b>Raffles Hotel : un patrimoine intemporel<\/b> \u2013 Entrez dans la grandeur coloniale de l&#8217;h\u00f4tel embl\u00e9matique de Singapour.<\/li>\n<li><b>Civic District : au c\u0153ur de l&#8217;h\u00e9ritage<\/b> \u2013 D\u00e9couvrez les b\u00e2timents n\u00e9oclassiques qui ont \u00e9t\u00e9 t\u00e9moins de la construction de la nation.<\/li>\n<li><b>Fort Canning Hill : surplombant l&#8217;histoire<\/b> \u2013 Des rois malais aux postes de commandement britanniques.<\/li>\n<li><b>The Padang : des moments \u00e9piques<\/b> \u2013 Un terrain qui a vu des matchs de cricket et des d\u00e9clarations d&#8217;ind\u00e9pendance.<\/li>\n<li><b>Cath\u00e9drale Saint-Andr\u00e9 : la gr\u00e2ce dans la pierre<\/b> \u2013 La plus ancienne \u00e9glise anglicane de la ville, toujours en activit\u00e9 aujourd&#8217;hui.<\/li>\n<\/ul>\n<p>Vous souhaitez vivre d&#8217;autres exp\u00e9riences enrichissantes ? Parcourez notre <a href=\"https:\/\/tourtravelandmore.com\/singapore\/\">gamme compl\u00e8te de visites priv\u00e9es historiques \u00e0 Singapour<\/a> ou d\u00e9couvrez-en davantage sur les <a href=\"https:\/\/www.roots.gov.sg\/\">monuments pr\u00e9serv\u00e9s de Singapour<\/a> gr\u00e2ce au National Heritage Board.<\/p>\n<p>Renouez avec les racines d&#8217;une nation gr\u00e2ce \u00e0 cette visite priv\u00e9e coloniale et historique de Singapour, o\u00f9 chaque recoin raconte une histoire.<\/p>\n","protected":false},"excerpt":{"rendered":"<p>Cette visite priv\u00e9e de Singapour, ax\u00e9e sur l&#8217;histoire et le colonialisme, vous fera d\u00e9couvrir les sites patrimoniaux les plus embl\u00e9matiques de la ville. Promenez-vous dans les rues o\u00f9 les gouverneurs britanniques, les marchands asiatiques et les leaders de la lutte pour l&#8217;ind\u00e9pendance ont laiss\u00e9 leur empreinte dans cette ville remarquable.<\/p>\n","protected":false},"featured_media":186012,"comment_status":"open","ping_status":"closed","template":"","meta":{"_acf_changed":false},"product_brand":[],"product_cat":[5575,5578],"product_tag":[],"class_list":{"0":"post-186000","1":"product","2":"type-product","3":"status-publish","4":"has-post-thumbnail","6":"product_cat-singapore-fr","7":"product_cat-singapore-en-2-fr","9":"first","10":"instock","11":"shipping-taxable","12":"purchasable","13":"product-type-simple"},"acf":[],"yoast_head":"<!-- This site is optimized with the Yoast SEO Premium plugin v25.3.1 (Yoast SEO v25.3.1) - https:\/\/yoast.com\/wordpress\/plugins\/seo\/ -->\n<title>Visite priv\u00e9e coloniale et historique de Singapour<\/title>\n<meta name=\"description\" content=\"Visite priv\u00e9e coloniale et historique de Singapour. Explorez ses rues gr\u00e2ce \u00e0 cette visite priv\u00e9e d&#039;une journ\u00e9e compl\u00e8te avec un guide et un v\u00e9hicule priv\u00e9.\" \/>\n<meta name=\"robots\" content=\"index, follow, max-snippet:-1, max-image-preview:large, max-video-preview:-1\" \/>\n<link rel=\"canonical\" href=\"https:\/\/tourtravelandmore.com\/fr\/tours\/singapore-fr\/singapore-en-2-fr\/visite-privee-dune-demi-journee-de-singapour-copy-2\/\" \/>\n<meta property=\"og:locale\" content=\"fr_FR\" \/>\n<meta property=\"og:type\" content=\"article\" \/>\n<meta property=\"og:title\" content=\"Visite priv\u00e9e coloniale et historique de Singapour\" \/>\n<meta property=\"og:description\" content=\"Visite priv\u00e9e coloniale et historique de Singapour. Explorez ses rues gr\u00e2ce \u00e0 cette visite priv\u00e9e d&#039;une journ\u00e9e compl\u00e8te avec un guide et un v\u00e9hicule priv\u00e9.\" \/>\n<meta property=\"og:url\" content=\"https:\/\/tourtravelandmore.com\/fr\/tours\/singapore-fr\/singapore-en-2-fr\/visite-privee-dune-demi-journee-de-singapour-copy-2\/\" \/>\n<meta property=\"og:site_name\" content=\"Tour Travel And More\" \/>\n<meta property=\"article:publisher\" content=\"https:\/\/www.facebook.com\/tourtravelandmore\/\" \/>\n<meta property=\"article:modified_time\" content=\"2025-07-22T16:08:24+00:00\" \/>\n<meta property=\"og:image\" content=\"https:\/\/tourtravelandmore.com\/wp-content\/uploads\/2025\/07\/pexels-snowfly09-33078335.jpg\" \/>\n\t<meta property=\"og:image:width\" content=\"1280\" \/>\n\t<meta property=\"og:image:height\" content=\"853\" \/>\n\t<meta property=\"og:image:type\" content=\"image\/jpeg\" \/>\n<meta name=\"twitter:card\" content=\"summary_large_image\" \/>\n<meta name=\"twitter:site\" content=\"@TourTravel_More\" \/>\n<meta name=\"twitter:label1\" content=\"Dur\u00e9e de lecture estim\u00e9e\" \/>\n\t<meta name=\"twitter:data1\" content=\"2 minutes\" \/>\n<script type=\"application\/ld+json\" class=\"yoast-schema-graph\">{\"@context\":\"https:\/\/schema.org\",\"@graph\":[{\"@type\":\"WebPage\",\"@id\":\"https:\/\/tourtravelandmore.com\/fr\/tours\/singapore-fr\/singapore-en-2-fr\/visite-privee-dune-demi-journee-de-singapour-copy-2\/\",\"url\":\"https:\/\/tourtravelandmore.com\/fr\/tours\/singapore-fr\/singapore-en-2-fr\/visite-privee-dune-demi-journee-de-singapour-copy-2\/\",\"name\":\"Visite priv\u00e9e coloniale et historique de Singapour\",\"isPartOf\":{\"@id\":\"https:\/\/tourtravelandmore.com\/fr\/#website\"},\"primaryImageOfPage\":{\"@id\":\"https:\/\/tourtravelandmore.com\/fr\/tours\/singapore-fr\/singapore-en-2-fr\/visite-privee-dune-demi-journee-de-singapour-copy-2\/#primaryimage\"},\"image\":{\"@id\":\"https:\/\/tourtravelandmore.com\/fr\/tours\/singapore-fr\/singapore-en-2-fr\/visite-privee-dune-demi-journee-de-singapour-copy-2\/#primaryimage\"},\"thumbnailUrl\":\"https:\/\/tourtravelandmore.com\/wp-content\/uploads\/2025\/07\/pexels-snowfly09-33078335.jpg\",\"datePublished\":\"2025-07-22T15:48:28+00:00\",\"dateModified\":\"2025-07-22T16:08:24+00:00\",\"description\":\"Visite priv\u00e9e coloniale et historique de Singapour. Explorez ses rues gr\u00e2ce \u00e0 cette visite priv\u00e9e d'une journ\u00e9e compl\u00e8te avec un guide et un v\u00e9hicule priv\u00e9.\",\"breadcrumb\":{\"@id\":\"https:\/\/tourtravelandmore.com\/fr\/tours\/singapore-fr\/singapore-en-2-fr\/visite-privee-dune-demi-journee-de-singapour-copy-2\/#breadcrumb\"},\"inLanguage\":\"fr-FR\",\"potentialAction\":[{\"@type\":\"ReadAction\",\"target\":[\"https:\/\/tourtravelandmore.com\/fr\/tours\/singapore-fr\/singapore-en-2-fr\/visite-privee-dune-demi-journee-de-singapour-copy-2\/\"]}]},{\"@type\":\"ImageObject\",\"inLanguage\":\"fr-FR\",\"@id\":\"https:\/\/tourtravelandmore.com\/fr\/tours\/singapore-fr\/singapore-en-2-fr\/visite-privee-dune-demi-journee-de-singapour-copy-2\/#primaryimage\",\"url\":\"https:\/\/tourtravelandmore.com\/wp-content\/uploads\/2025\/07\/pexels-snowfly09-33078335.jpg\",\"contentUrl\":\"https:\/\/tourtravelandmore.com\/wp-content\/uploads\/2025\/07\/pexels-snowfly09-33078335.jpg\",\"width\":1280,\"height\":853},{\"@type\":\"BreadcrumbList\",\"@id\":\"https:\/\/tourtravelandmore.com\/fr\/tours\/singapore-fr\/singapore-en-2-fr\/visite-privee-dune-demi-journee-de-singapour-copy-2\/#breadcrumb\",\"itemListElement\":[{\"@type\":\"ListItem\",\"position\":1,\"name\":\"Home\",\"item\":\"https:\/\/tourtravelandmore.com\/fr\/\"},{\"@type\":\"ListItem\",\"position\":2,\"name\":\"Tours\",\"item\":\"https:\/\/tourtravelandmore.com\/fr\/tours\/\"},{\"@type\":\"ListItem\",\"position\":3,\"name\":\"Visite priv\u00e9e coloniale et historique de Singapour\"}]},{\"@type\":\"WebSite\",\"@id\":\"https:\/\/tourtravelandmore.com\/fr\/#website\",\"url\":\"https:\/\/tourtravelandmore.com\/fr\/\",\"name\":\"Tour Travel And More\",\"description\":\"Private sightseeing tours and luxury transfers in Spain\",\"publisher\":{\"@id\":\"https:\/\/tourtravelandmore.com\/fr\/#organization\"},\"potentialAction\":[{\"@type\":\"SearchAction\",\"target\":{\"@type\":\"EntryPoint\",\"urlTemplate\":\"https:\/\/tourtravelandmore.com\/fr\/?s={search_term_string}\"},\"query-input\":{\"@type\":\"PropertyValueSpecification\",\"valueRequired\":true,\"valueName\":\"search_term_string\"}}],\"inLanguage\":\"fr-FR\"},{\"@type\":\"Organization\",\"@id\":\"https:\/\/tourtravelandmore.com\/fr\/#organization\",\"name\":\"Tour Travel And More\",\"url\":\"https:\/\/tourtravelandmore.com\/fr\/\",\"logo\":{\"@type\":\"ImageObject\",\"inLanguage\":\"fr-FR\",\"@id\":\"https:\/\/tourtravelandmore.com\/fr\/#\/schema\/logo\/image\/\",\"url\":\"https:\/\/tourtravelandmore.com\/wp-content\/uploads\/2022\/12\/cropped-logo-cabecera-new.png\",\"contentUrl\":\"https:\/\/tourtravelandmore.com\/wp-content\/uploads\/2022\/12\/cropped-logo-cabecera-new.png\",\"width\":430,\"height\":61,\"caption\":\"Tour Travel And More\"},\"image\":{\"@id\":\"https:\/\/tourtravelandmore.com\/fr\/#\/schema\/logo\/image\/\"},\"sameAs\":[\"https:\/\/www.facebook.com\/tourtravelandmore\/\",\"https:\/\/x.com\/TourTravel_More\"]}]}<\/script>\n<!-- \/ Yoast SEO Premium plugin. -->","yoast_head_json":{"title":"Visite priv\u00e9e coloniale et historique de Singapour","description":"Visite priv\u00e9e coloniale et historique de Singapour. Explorez ses rues gr\u00e2ce \u00e0 cette visite priv\u00e9e d'une journ\u00e9e compl\u00e8te avec un guide et un v\u00e9hicule priv\u00e9.","robots":{"index":"index","follow":"follow","max-snippet":"max-snippet:-1","max-image-preview":"max-image-preview:large","max-video-preview":"max-video-preview:-1"},"canonical":"https:\/\/tourtravelandmore.com\/fr\/tours\/singapore-fr\/singapore-en-2-fr\/visite-privee-dune-demi-journee-de-singapour-copy-2\/","og_locale":"fr_FR","og_type":"article","og_title":"Visite priv\u00e9e coloniale et historique de Singapour","og_description":"Visite priv\u00e9e coloniale et historique de Singapour. Explorez ses rues gr\u00e2ce \u00e0 cette visite priv\u00e9e d'une journ\u00e9e compl\u00e8te avec un guide et un v\u00e9hicule priv\u00e9.","og_url":"https:\/\/tourtravelandmore.com\/fr\/tours\/singapore-fr\/singapore-en-2-fr\/visite-privee-dune-demi-journee-de-singapour-copy-2\/","og_site_name":"Tour Travel And More","article_publisher":"https:\/\/www.facebook.com\/tourtravelandmore\/","article_modified_time":"2025-07-22T16:08:24+00:00","og_image":[{"width":1280,"height":853,"url":"https:\/\/tourtravelandmore.com\/wp-content\/uploads\/2025\/07\/pexels-snowfly09-33078335.jpg","type":"image\/jpeg"}],"twitter_card":"summary_large_image","twitter_site":"@TourTravel_More","twitter_misc":{"Dur\u00e9e de lecture estim\u00e9e":"2 minutes"},"schema":{"@context":"https:\/\/schema.org","@graph":[{"@type":"WebPage","@id":"https:\/\/tourtravelandmore.com\/fr\/tours\/singapore-fr\/singapore-en-2-fr\/visite-privee-dune-demi-journee-de-singapour-copy-2\/","url":"https:\/\/tourtravelandmore.com\/fr\/tours\/singapore-fr\/singapore-en-2-fr\/visite-privee-dune-demi-journee-de-singapour-copy-2\/","name":"Visite priv\u00e9e coloniale et historique de Singapour","isPartOf":{"@id":"https:\/\/tourtravelandmore.com\/fr\/#website"},"primaryImageOfPage":{"@id":"https:\/\/tourtravelandmore.com\/fr\/tours\/singapore-fr\/singapore-en-2-fr\/visite-privee-dune-demi-journee-de-singapour-copy-2\/#primaryimage"},"image":{"@id":"https:\/\/tourtravelandmore.com\/fr\/tours\/singapore-fr\/singapore-en-2-fr\/visite-privee-dune-demi-journee-de-singapour-copy-2\/#primaryimage"},"thumbnailUrl":"https:\/\/tourtravelandmore.com\/wp-content\/uploads\/2025\/07\/pexels-snowfly09-33078335.jpg","datePublished":"2025-07-22T15:48:28+00:00","dateModified":"2025-07-22T16:08:24+00:00","description":"Visite priv\u00e9e coloniale et historique de Singapour. Explorez ses rues gr\u00e2ce \u00e0 cette visite priv\u00e9e d'une journ\u00e9e compl\u00e8te avec un guide et un v\u00e9hicule priv\u00e9.","breadcrumb":{"@id":"https:\/\/tourtravelandmore.com\/fr\/tours\/singapore-fr\/singapore-en-2-fr\/visite-privee-dune-demi-journee-de-singapour-copy-2\/#breadcrumb"},"inLanguage":"fr-FR","potentialAction":[{"@type":"ReadAction","target":["https:\/\/tourtravelandmore.com\/fr\/tours\/singapore-fr\/singapore-en-2-fr\/visite-privee-dune-demi-journee-de-singapour-copy-2\/"]}]},{"@type":"ImageObject","inLanguage":"fr-FR","@id":"https:\/\/tourtravelandmore.com\/fr\/tours\/singapore-fr\/singapore-en-2-fr\/visite-privee-dune-demi-journee-de-singapour-copy-2\/#primaryimage","url":"https:\/\/tourtravelandmore.com\/wp-content\/uploads\/2025\/07\/pexels-snowfly09-33078335.jpg","contentUrl":"https:\/\/tourtravelandmore.com\/wp-content\/uploads\/2025\/07\/pexels-snowfly09-33078335.jpg","width":1280,"height":853},{"@type":"BreadcrumbList","@id":"https:\/\/tourtravelandmore.com\/fr\/tours\/singapore-fr\/singapore-en-2-fr\/visite-privee-dune-demi-journee-de-singapour-copy-2\/#breadcrumb","itemListElement":[{"@type":"ListItem","position":1,"name":"Home","item":"https:\/\/tourtravelandmore.com\/fr\/"},{"@type":"ListItem","position":2,"name":"Tours","item":"https:\/\/tourtravelandmore.com\/fr\/tours\/"},{"@type":"ListItem","position":3,"name":"Visite priv\u00e9e coloniale et historique de Singapour"}]},{"@type":"WebSite","@id":"https:\/\/tourtravelandmore.com\/fr\/#website","url":"https:\/\/tourtravelandmore.com\/fr\/","name":"Tour Travel And More","description":"Private sightseeing tours and luxury transfers in Spain","publisher":{"@id":"https:\/\/tourtravelandmore.com\/fr\/#organization"},"potentialAction":[{"@type":"SearchAction","target":{"@type":"EntryPoint","urlTemplate":"https:\/\/tourtravelandmore.com\/fr\/?s={search_term_string}"},"query-input":{"@type":"PropertyValueSpecification","valueRequired":true,"valueName":"search_term_string"}}],"inLanguage":"fr-FR"},{"@type":"Organization","@id":"https:\/\/tourtravelandmore.com\/fr\/#organization","name":"Tour Travel And More","url":"https:\/\/tourtravelandmore.com\/fr\/","logo":{"@type":"ImageObject","inLanguage":"fr-FR","@id":"https:\/\/tourtravelandmore.com\/fr\/#\/schema\/logo\/image\/","url":"https:\/\/tourtravelandmore.com\/wp-content\/uploads\/2022\/12\/cropped-logo-cabecera-new.png","contentUrl":"https:\/\/tourtravelandmore.com\/wp-content\/uploads\/2022\/12\/cropped-logo-cabecera-new.png","width":430,"height":61,"caption":"Tour Travel And More"},"image":{"@id":"https:\/\/tourtravelandmore.com\/fr\/#\/schema\/logo\/image\/"},"sameAs":["https:\/\/www.facebook.com\/tourtravelandmore\/","https:\/\/x.com\/TourTravel_More"]}]}},"_links":{"self":[{"href":"https:\/\/tourtravelandmore.com\/fr\/wp-json\/wp\/v2\/product\/186000","targetHints":{"allow":["GET"]}}],"collection":[{"href":"https:\/\/tourtravelandmore.com\/fr\/wp-json\/wp\/v2\/product"}],"about":[{"href":"https:\/\/tourtravelandmore.com\/fr\/wp-json\/wp\/v2\/types\/product"}],"replies":[{"embeddable":true,"href":"https:\/\/tourtravelandmore.com\/fr\/wp-json\/wp\/v2\/comments?post=186000"}],"wp:featuredmedia":[{"embeddable":true,"href":"https:\/\/tourtravelandmore.com\/fr\/wp-json\/wp\/v2\/media\/186012"}],"wp:attachment":[{"href":"https:\/\/tourtravelandmore.com\/fr\/wp-json\/wp\/v2\/media?parent=186000"}],"wp:term":[{"taxonomy":"product_brand","embeddable":true,"href":"https:\/\/tourtravelandmore.com\/fr\/wp-json\/wp\/v2\/product_brand?post=186000"},{"taxonomy":"product_cat","embeddable":true,"href":"https:\/\/tourtravelandmore.com\/fr\/wp-json\/wp\/v2\/product_cat?post=186000"},{"taxonomy":"product_tag","embeddable":true,"href":"https:\/\/tourtravelandmore.com\/fr\/wp-json\/wp\/v2\/product_tag?post=186000"}],"curies":[{"name":"wp","href":"https:\/\/api.w.org\/{rel}","templated":true}]}}