{"id":185872,"date":"2025-07-21T18:16:00","date_gmt":"2025-07-21T16:16:06","guid":{"rendered":"https:\/\/tourtravelandmore.com\/?post_type=product&#038;p=185872"},"modified":"2025-07-21T18:31:32","modified_gmt":"2025-07-21T16:31:32","slug":"visite-privee-des-jardins-de-la-baie-et-de-marina-bay-copy","status":"publish","type":"product","link":"https:\/\/tourtravelandmore.com\/fr\/tours\/singapore-fr\/singapore-en-2-fr\/visite-privee-des-jardins-de-la-baie-et-de-marina-bay-copy\/","title":{"rendered":"Visite priv\u00e9e de l&#8217;\u00eele de Sentosa"},"content":{"rendered":"<h2><strong>Description | Visite priv\u00e9e de l&#8217;\u00eele de Sentosa<\/strong><\/h2>\n<p>\u00c9chappez \u00e0 l&#8217;agitation de la ville gr\u00e2ce \u00e0 cette visite priv\u00e9e de l&#8217;\u00eele de Sentosa, con\u00e7ue pour vous faire d\u00e9couvrir le c\u00f4t\u00e9 le plus ludique et pittoresque de Singapour. En seulement cinq heures, vous d\u00e9couvrirez la beaut\u00e9 naturelle de l&#8217;\u00eele, ses sites culturels et ses attractions familiales, le tout dans le confort d&#8217;un v\u00e9hicule priv\u00e9 avec un guide.<\/p>\n<p>Commencez par traverser le pittoresque Sentosa Gateway.<\/p>\n<p>Vous pourrez ensuite vous promener dans le <b>belv\u00e9d\u00e8re d&#8217;Imbiah<\/b>, qui offre une v\u00e9g\u00e9tation luxuriante et une vue panoramique. En chemin, votre guide vous racontera des anecdotes fascinantes sur la transformation de Sentosa, qui \u00e9tait autrefois une base militaire avant de devenir un paradis de loisirs.<\/p>\n<p>Admirez la c\u00e9l\u00e8bre <b>statue du Merlion<\/b>, profitez de la vue depuis le <b>Skyline Luge<\/b> ou d\u00e9tendez-vous simplement \u00e0 la <b>plage de Siloso<\/b> : vous avez le choix. Cette visite offre une grande flexibilit\u00e9 et est id\u00e9ale pour les couples, les familles ou les voyageurs seuls qui souhaitent se d\u00e9tendre.<\/p>\n<p>Votre <i>visite priv\u00e9e de l&#8217;\u00eele de Sentosa<\/i> allie nature, culture et d\u00e9tente, ce qui en fait une escapade id\u00e9ale d&#8217;une demi-journ\u00e9e \u00e0 Singapour.<\/p>\n<h2><strong>Points forts<\/strong><\/h2>\n<ul>\n<li><b>Sentosa Gateway : une entr\u00e9e pittoresque<\/b> : entrez dans un monde de loisirs avec vue sur la mer.<\/li>\n<li><b>Imbiah Lookout : nature et panoramas<\/b> : d\u00e9couvrez des endroits cach\u00e9s et des paysages panoramiques.<\/li>\n<li><b>Statue du Merlion : une ic\u00f4ne nationale<\/b> : d\u00e9couvrez l&#8217;histoire derri\u00e8re ce symbole mythique.<\/li>\n<li><b>Siloso Beach : soleil et sable<\/b> : promenez-vous le long d&#8217;un rivage paisible ou profitez d&#8217;une pause \u00e0 la plage.<\/li>\n<li><b>Flexibilit\u00e9 guid\u00e9e : personnalisez votre visite<\/b> : adaptez les arr\u00eats \u00e0 votre rythme et \u00e0 vos centres d&#8217;int\u00e9r\u00eat.<\/li>\n<\/ul>\n<p>Vous souhaitez d\u00e9couvrir d&#8217;autres options dans la r\u00e9gion ? Consultez toutes nos visites priv\u00e9es \u00e0 Singapour. Pour plus d&#8217;informations sur les attractions, rendez-vous sur le <a href=\"https:\/\/www.sentosa.com.sg\/\">site officiel de Sentosa<\/a>.<\/p>\n<p>Laissez cette <i>visite priv\u00e9e de l&#8217;\u00eele de Sentosa<\/i> vous inviter \u00e0 ralentir le rythme, au rythme du soleil, des histoires et du style.<\/p>\n","protected":false},"excerpt":{"rendered":"<p>\u00c9chappez \u00e0 l&#8217;agitation de la ville gr\u00e2ce \u00e0 cette visite priv\u00e9e de l&#8217;\u00eele de Sentosa, con\u00e7ue pour vous faire d\u00e9couvrir le c\u00f4t\u00e9 le plus ludique et pittoresque de Singapour. En seulement cinq heures, vous d\u00e9couvrirez la beaut\u00e9 naturelle de l&#8217;\u00eele, ses sites culturels et ses attractions familiales, le tout dans le confort d&#8217;un v\u00e9hicule priv\u00e9 avec un guide.<\/p>\n","protected":false},"featured_media":185884,"comment_status":"open","ping_status":"closed","template":"","meta":{"_acf_changed":false},"product_brand":[],"product_cat":[5578,5575],"product_tag":[],"class_list":{"0":"post-185872","1":"product","2":"type-product","3":"status-publish","4":"has-post-thumbnail","6":"product_cat-singapore-en-2-fr","7":"product_cat-singapore-fr","9":"first","10":"instock","11":"shipping-taxable","12":"purchasable","13":"product-type-simple"},"acf":[],"yoast_head":"<!-- This site is optimized with the Yoast SEO Premium plugin v25.3.1 (Yoast SEO v25.3.1) - https:\/\/yoast.com\/wordpress\/plugins\/seo\/ -->\n<title>Visite priv\u00e9e de l&#039;\u00eele de Sentosa<\/title>\n<meta name=\"description\" content=\"Visite priv\u00e9e de l&#039;\u00eele de Sentosa. Explorez ses rues gr\u00e2ce \u00e0 cette visite priv\u00e9e d&#039;une journ\u00e9e compl\u00e8te avec un guide et un v\u00e9hicule priv\u00e9.\" \/>\n<meta name=\"robots\" content=\"index, follow, max-snippet:-1, max-image-preview:large, max-video-preview:-1\" \/>\n<link rel=\"canonical\" href=\"https:\/\/tourtravelandmore.com\/fr\/tours\/singapore-fr\/singapore-en-2-fr\/visite-privee-des-jardins-de-la-baie-et-de-marina-bay-copy\/\" \/>\n<meta property=\"og:locale\" content=\"fr_FR\" \/>\n<meta property=\"og:type\" content=\"article\" \/>\n<meta property=\"og:title\" content=\"Visite priv\u00e9e de l&#039;\u00eele de Sentosa\" \/>\n<meta property=\"og:description\" content=\"Visite priv\u00e9e de l&#039;\u00eele de Sentosa. Explorez ses rues gr\u00e2ce \u00e0 cette visite priv\u00e9e d&#039;une journ\u00e9e compl\u00e8te avec un guide et un v\u00e9hicule priv\u00e9.\" \/>\n<meta property=\"og:url\" content=\"https:\/\/tourtravelandmore.com\/fr\/tours\/singapore-fr\/singapore-en-2-fr\/visite-privee-des-jardins-de-la-baie-et-de-marina-bay-copy\/\" \/>\n<meta property=\"og:site_name\" content=\"Tour Travel And More\" \/>\n<meta property=\"article:publisher\" content=\"https:\/\/www.facebook.com\/tourtravelandmore\/\" \/>\n<meta property=\"article:modified_time\" content=\"2025-07-21T16:31:32+00:00\" \/>\n<meta property=\"og:image\" content=\"https:\/\/tourtravelandmore.com\/wp-content\/uploads\/2025\/07\/pexels-joerg-hartmann-626385254-24374016.jpg\" \/>\n\t<meta property=\"og:image:width\" content=\"1280\" \/>\n\t<meta property=\"og:image:height\" content=\"853\" \/>\n\t<meta property=\"og:image:type\" content=\"image\/jpeg\" \/>\n<meta name=\"twitter:card\" content=\"summary_large_image\" \/>\n<meta name=\"twitter:site\" content=\"@TourTravel_More\" \/>\n<meta name=\"twitter:label1\" content=\"Dur\u00e9e de lecture estim\u00e9e\" \/>\n\t<meta name=\"twitter:data1\" content=\"2 minutes\" \/>\n<script type=\"application\/ld+json\" class=\"yoast-schema-graph\">{\"@context\":\"https:\/\/schema.org\",\"@graph\":[{\"@type\":\"WebPage\",\"@id\":\"https:\/\/tourtravelandmore.com\/fr\/tours\/singapore-fr\/singapore-en-2-fr\/visite-privee-des-jardins-de-la-baie-et-de-marina-bay-copy\/\",\"url\":\"https:\/\/tourtravelandmore.com\/fr\/tours\/singapore-fr\/singapore-en-2-fr\/visite-privee-des-jardins-de-la-baie-et-de-marina-bay-copy\/\",\"name\":\"Visite priv\u00e9e de l'\u00eele de Sentosa\",\"isPartOf\":{\"@id\":\"https:\/\/tourtravelandmore.com\/fr\/#website\"},\"primaryImageOfPage\":{\"@id\":\"https:\/\/tourtravelandmore.com\/fr\/tours\/singapore-fr\/singapore-en-2-fr\/visite-privee-des-jardins-de-la-baie-et-de-marina-bay-copy\/#primaryimage\"},\"image\":{\"@id\":\"https:\/\/tourtravelandmore.com\/fr\/tours\/singapore-fr\/singapore-en-2-fr\/visite-privee-des-jardins-de-la-baie-et-de-marina-bay-copy\/#primaryimage\"},\"thumbnailUrl\":\"https:\/\/tourtravelandmore.com\/wp-content\/uploads\/2025\/07\/pexels-joerg-hartmann-626385254-24374016.jpg\",\"datePublished\":\"2025-07-21T16:16:06+00:00\",\"dateModified\":\"2025-07-21T16:31:32+00:00\",\"description\":\"Visite priv\u00e9e de l'\u00eele de Sentosa. Explorez ses rues gr\u00e2ce \u00e0 cette visite priv\u00e9e d'une journ\u00e9e compl\u00e8te avec un guide et un v\u00e9hicule priv\u00e9.\",\"breadcrumb\":{\"@id\":\"https:\/\/tourtravelandmore.com\/fr\/tours\/singapore-fr\/singapore-en-2-fr\/visite-privee-des-jardins-de-la-baie-et-de-marina-bay-copy\/#breadcrumb\"},\"inLanguage\":\"fr-FR\",\"potentialAction\":[{\"@type\":\"ReadAction\",\"target\":[\"https:\/\/tourtravelandmore.com\/fr\/tours\/singapore-fr\/singapore-en-2-fr\/visite-privee-des-jardins-de-la-baie-et-de-marina-bay-copy\/\"]}]},{\"@type\":\"ImageObject\",\"inLanguage\":\"fr-FR\",\"@id\":\"https:\/\/tourtravelandmore.com\/fr\/tours\/singapore-fr\/singapore-en-2-fr\/visite-privee-des-jardins-de-la-baie-et-de-marina-bay-copy\/#primaryimage\",\"url\":\"https:\/\/tourtravelandmore.com\/wp-content\/uploads\/2025\/07\/pexels-joerg-hartmann-626385254-24374016.jpg\",\"contentUrl\":\"https:\/\/tourtravelandmore.com\/wp-content\/uploads\/2025\/07\/pexels-joerg-hartmann-626385254-24374016.jpg\",\"width\":1280,\"height\":853},{\"@type\":\"BreadcrumbList\",\"@id\":\"https:\/\/tourtravelandmore.com\/fr\/tours\/singapore-fr\/singapore-en-2-fr\/visite-privee-des-jardins-de-la-baie-et-de-marina-bay-copy\/#breadcrumb\",\"itemListElement\":[{\"@type\":\"ListItem\",\"position\":1,\"name\":\"Home\",\"item\":\"https:\/\/tourtravelandmore.com\/fr\/\"},{\"@type\":\"ListItem\",\"position\":2,\"name\":\"Tours\",\"item\":\"https:\/\/tourtravelandmore.com\/fr\/tours\/\"},{\"@type\":\"ListItem\",\"position\":3,\"name\":\"Visite priv\u00e9e de l&#8217;\u00eele de Sentosa\"}]},{\"@type\":\"WebSite\",\"@id\":\"https:\/\/tourtravelandmore.com\/fr\/#website\",\"url\":\"https:\/\/tourtravelandmore.com\/fr\/\",\"name\":\"Tour Travel And More\",\"description\":\"Private sightseeing tours and luxury transfers in Spain\",\"publisher\":{\"@id\":\"https:\/\/tourtravelandmore.com\/fr\/#organization\"},\"potentialAction\":[{\"@type\":\"SearchAction\",\"target\":{\"@type\":\"EntryPoint\",\"urlTemplate\":\"https:\/\/tourtravelandmore.com\/fr\/?s={search_term_string}\"},\"query-input\":{\"@type\":\"PropertyValueSpecification\",\"valueRequired\":true,\"valueName\":\"search_term_string\"}}],\"inLanguage\":\"fr-FR\"},{\"@type\":\"Organization\",\"@id\":\"https:\/\/tourtravelandmore.com\/fr\/#organization\",\"name\":\"Tour Travel And More\",\"url\":\"https:\/\/tourtravelandmore.com\/fr\/\",\"logo\":{\"@type\":\"ImageObject\",\"inLanguage\":\"fr-FR\",\"@id\":\"https:\/\/tourtravelandmore.com\/fr\/#\/schema\/logo\/image\/\",\"url\":\"https:\/\/tourtravelandmore.com\/wp-content\/uploads\/2022\/12\/cropped-logo-cabecera-new.png\",\"contentUrl\":\"https:\/\/tourtravelandmore.com\/wp-content\/uploads\/2022\/12\/cropped-logo-cabecera-new.png\",\"width\":430,\"height\":61,\"caption\":\"Tour Travel And More\"},\"image\":{\"@id\":\"https:\/\/tourtravelandmore.com\/fr\/#\/schema\/logo\/image\/\"},\"sameAs\":[\"https:\/\/www.facebook.com\/tourtravelandmore\/\",\"https:\/\/x.com\/TourTravel_More\"]}]}<\/script>\n<!-- \/ Yoast SEO Premium plugin. -->","yoast_head_json":{"title":"Visite priv\u00e9e de l'\u00eele de Sentosa","description":"Visite priv\u00e9e de l'\u00eele de Sentosa. Explorez ses rues gr\u00e2ce \u00e0 cette visite priv\u00e9e d'une journ\u00e9e compl\u00e8te avec un guide et un v\u00e9hicule priv\u00e9.","robots":{"index":"index","follow":"follow","max-snippet":"max-snippet:-1","max-image-preview":"max-image-preview:large","max-video-preview":"max-video-preview:-1"},"canonical":"https:\/\/tourtravelandmore.com\/fr\/tours\/singapore-fr\/singapore-en-2-fr\/visite-privee-des-jardins-de-la-baie-et-de-marina-bay-copy\/","og_locale":"fr_FR","og_type":"article","og_title":"Visite priv\u00e9e de l'\u00eele de Sentosa","og_description":"Visite priv\u00e9e de l'\u00eele de Sentosa. Explorez ses rues gr\u00e2ce \u00e0 cette visite priv\u00e9e d'une journ\u00e9e compl\u00e8te avec un guide et un v\u00e9hicule priv\u00e9.","og_url":"https:\/\/tourtravelandmore.com\/fr\/tours\/singapore-fr\/singapore-en-2-fr\/visite-privee-des-jardins-de-la-baie-et-de-marina-bay-copy\/","og_site_name":"Tour Travel And More","article_publisher":"https:\/\/www.facebook.com\/tourtravelandmore\/","article_modified_time":"2025-07-21T16:31:32+00:00","og_image":[{"width":1280,"height":853,"url":"https:\/\/tourtravelandmore.com\/wp-content\/uploads\/2025\/07\/pexels-joerg-hartmann-626385254-24374016.jpg","type":"image\/jpeg"}],"twitter_card":"summary_large_image","twitter_site":"@TourTravel_More","twitter_misc":{"Dur\u00e9e de lecture estim\u00e9e":"2 minutes"},"schema":{"@context":"https:\/\/schema.org","@graph":[{"@type":"WebPage","@id":"https:\/\/tourtravelandmore.com\/fr\/tours\/singapore-fr\/singapore-en-2-fr\/visite-privee-des-jardins-de-la-baie-et-de-marina-bay-copy\/","url":"https:\/\/tourtravelandmore.com\/fr\/tours\/singapore-fr\/singapore-en-2-fr\/visite-privee-des-jardins-de-la-baie-et-de-marina-bay-copy\/","name":"Visite priv\u00e9e de l'\u00eele de Sentosa","isPartOf":{"@id":"https:\/\/tourtravelandmore.com\/fr\/#website"},"primaryImageOfPage":{"@id":"https:\/\/tourtravelandmore.com\/fr\/tours\/singapore-fr\/singapore-en-2-fr\/visite-privee-des-jardins-de-la-baie-et-de-marina-bay-copy\/#primaryimage"},"image":{"@id":"https:\/\/tourtravelandmore.com\/fr\/tours\/singapore-fr\/singapore-en-2-fr\/visite-privee-des-jardins-de-la-baie-et-de-marina-bay-copy\/#primaryimage"},"thumbnailUrl":"https:\/\/tourtravelandmore.com\/wp-content\/uploads\/2025\/07\/pexels-joerg-hartmann-626385254-24374016.jpg","datePublished":"2025-07-21T16:16:06+00:00","dateModified":"2025-07-21T16:31:32+00:00","description":"Visite priv\u00e9e de l'\u00eele de Sentosa. Explorez ses rues gr\u00e2ce \u00e0 cette visite priv\u00e9e d'une journ\u00e9e compl\u00e8te avec un guide et un v\u00e9hicule priv\u00e9.","breadcrumb":{"@id":"https:\/\/tourtravelandmore.com\/fr\/tours\/singapore-fr\/singapore-en-2-fr\/visite-privee-des-jardins-de-la-baie-et-de-marina-bay-copy\/#breadcrumb"},"inLanguage":"fr-FR","potentialAction":[{"@type":"ReadAction","target":["https:\/\/tourtravelandmore.com\/fr\/tours\/singapore-fr\/singapore-en-2-fr\/visite-privee-des-jardins-de-la-baie-et-de-marina-bay-copy\/"]}]},{"@type":"ImageObject","inLanguage":"fr-FR","@id":"https:\/\/tourtravelandmore.com\/fr\/tours\/singapore-fr\/singapore-en-2-fr\/visite-privee-des-jardins-de-la-baie-et-de-marina-bay-copy\/#primaryimage","url":"https:\/\/tourtravelandmore.com\/wp-content\/uploads\/2025\/07\/pexels-joerg-hartmann-626385254-24374016.jpg","contentUrl":"https:\/\/tourtravelandmore.com\/wp-content\/uploads\/2025\/07\/pexels-joerg-hartmann-626385254-24374016.jpg","width":1280,"height":853},{"@type":"BreadcrumbList","@id":"https:\/\/tourtravelandmore.com\/fr\/tours\/singapore-fr\/singapore-en-2-fr\/visite-privee-des-jardins-de-la-baie-et-de-marina-bay-copy\/#breadcrumb","itemListElement":[{"@type":"ListItem","position":1,"name":"Home","item":"https:\/\/tourtravelandmore.com\/fr\/"},{"@type":"ListItem","position":2,"name":"Tours","item":"https:\/\/tourtravelandmore.com\/fr\/tours\/"},{"@type":"ListItem","position":3,"name":"Visite priv\u00e9e de l&#8217;\u00eele de Sentosa"}]},{"@type":"WebSite","@id":"https:\/\/tourtravelandmore.com\/fr\/#website","url":"https:\/\/tourtravelandmore.com\/fr\/","name":"Tour Travel And More","description":"Private sightseeing tours and luxury transfers in Spain","publisher":{"@id":"https:\/\/tourtravelandmore.com\/fr\/#organization"},"potentialAction":[{"@type":"SearchAction","target":{"@type":"EntryPoint","urlTemplate":"https:\/\/tourtravelandmore.com\/fr\/?s={search_term_string}"},"query-input":{"@type":"PropertyValueSpecification","valueRequired":true,"valueName":"search_term_string"}}],"inLanguage":"fr-FR"},{"@type":"Organization","@id":"https:\/\/tourtravelandmore.com\/fr\/#organization","name":"Tour Travel And More","url":"https:\/\/tourtravelandmore.com\/fr\/","logo":{"@type":"ImageObject","inLanguage":"fr-FR","@id":"https:\/\/tourtravelandmore.com\/fr\/#\/schema\/logo\/image\/","url":"https:\/\/tourtravelandmore.com\/wp-content\/uploads\/2022\/12\/cropped-logo-cabecera-new.png","contentUrl":"https:\/\/tourtravelandmore.com\/wp-content\/uploads\/2022\/12\/cropped-logo-cabecera-new.png","width":430,"height":61,"caption":"Tour Travel And More"},"image":{"@id":"https:\/\/tourtravelandmore.com\/fr\/#\/schema\/logo\/image\/"},"sameAs":["https:\/\/www.facebook.com\/tourtravelandmore\/","https:\/\/x.com\/TourTravel_More"]}]}},"_links":{"self":[{"href":"https:\/\/tourtravelandmore.com\/fr\/wp-json\/wp\/v2\/product\/185872","targetHints":{"allow":["GET"]}}],"collection":[{"href":"https:\/\/tourtravelandmore.com\/fr\/wp-json\/wp\/v2\/product"}],"about":[{"href":"https:\/\/tourtravelandmore.com\/fr\/wp-json\/wp\/v2\/types\/product"}],"replies":[{"embeddable":true,"href":"https:\/\/tourtravelandmore.com\/fr\/wp-json\/wp\/v2\/comments?post=185872"}],"wp:featuredmedia":[{"embeddable":true,"href":"https:\/\/tourtravelandmore.com\/fr\/wp-json\/wp\/v2\/media\/185884"}],"wp:attachment":[{"href":"https:\/\/tourtravelandmore.com\/fr\/wp-json\/wp\/v2\/media?parent=185872"}],"wp:term":[{"taxonomy":"product_brand","embeddable":true,"href":"https:\/\/tourtravelandmore.com\/fr\/wp-json\/wp\/v2\/product_brand?post=185872"},{"taxonomy":"product_cat","embeddable":true,"href":"https:\/\/tourtravelandmore.com\/fr\/wp-json\/wp\/v2\/product_cat?post=185872"},{"taxonomy":"product_tag","embeddable":true,"href":"https:\/\/tourtravelandmore.com\/fr\/wp-json\/wp\/v2\/product_tag?post=185872"}],"curies":[{"name":"wp","href":"https:\/\/api.w.org\/{rel}","templated":true}]}}