{"id":185841,"date":"2025-07-21T17:20:11","date_gmt":"2025-07-21T15:20:15","guid":{"rendered":"https:\/\/tourtravelandmore.com\/?post_type=product&#038;p=185841"},"modified":"2025-07-21T18:09:09","modified_gmt":"2025-07-21T16:09:09","slug":"visite-multiculturelle-privee-de-singapour-copy","status":"publish","type":"product","link":"https:\/\/tourtravelandmore.com\/fr\/tours\/singapore-fr\/singapore-en-2-fr\/visite-multiculturelle-privee-de-singapour-copy\/","title":{"rendered":"Visite priv\u00e9e des jardins de la baie et de Marina Bay"},"content":{"rendered":"<h2><b><strong>Description | Visite priv\u00e9e des jardins de la baie et de Marina Bay<\/strong><\/b><\/h2>\n<p>D\u00e9couvrez l&#8217;avenir de l&#8217;urbanisme lors de cette visite priv\u00e9e des jardins de la baie et de Marina Bay, une exp\u00e9rience incontournable pour ceux qui visitent Singapour pour la premi\u00e8re fois. Au cours de quatre heures inoubliables, vous explorerez les attractions les plus embl\u00e9matiques de la ville, o\u00f9 la nature et la technologie s&#8217;\u00e9quilibrent \u00e0 la perfection.<\/p>\n<p>Commencez votre voyage aux <b>Gardens by the Bay<\/b>, qui abritent les c\u00e9l\u00e8bres <i>Supertree Grove<\/i>. Ces jardins verticaux imposants sont non seulement magnifiques, mais ils remplissent \u00e9galement de v\u00e9ritables fonctions \u00e9cologiques. Ensuite, admirez la beaut\u00e9 brumeuse de la <i>Cloud Forest<\/i>, o\u00f9 des cascades et des plantes exotiques prosp\u00e8rent \u00e0 l&#8217;int\u00e9rieur d&#8217;un d\u00f4me futuriste.<\/p>\n<p>Rendez-vous ensuite \u00e0 <b>Marina Bay Sands<\/b>, symbole moderne de l&#8217;innovation \u00e0 Singapour. Votre guide vous fera d\u00e9couvrir la promenade au bord de l&#8217;eau et vous donnera des informations sur l&#8217;architecture, l&#8217;art public et le d\u00e9veloppement du quartier. \u00c0 chaque \u00e9tape, vous appr\u00e9cierez davantage l&#8217;engagement de la ville en faveur du d\u00e9veloppement durable et de la beaut\u00e9.<\/p>\n<p>Cette visite combine des vues embl\u00e9matiques et des anecdotes passionnantes, le tout racont\u00e9 par un guide local exp\u00e9riment\u00e9.<\/p>\n<h2><b><strong>Points forts<\/strong><\/b><\/h2>\n<ul>\n<li><b>Gardens by the Bay : la nature r\u00e9invent\u00e9e<\/b> : promenez-vous parmi les jardins verticaux et visitez la for\u00eat tropicale.<\/li>\n<li><b>Promenade de Marina Bay : horizon et histoires<\/b> : admirez la vue sur la ville et d\u00e9couvrez l&#8217;essor de Singapour.<\/li>\n<li><b>Conception durable : la beaut\u00e9 au service d&#8217;une cause<\/b> : d\u00e9couvrez comment l&#8217;innovation alimente les espaces verts de la ville.<\/li>\n<li><b>Guide expert : des connaissances locales \u00e0 chaque \u00e9tape<\/b> : d\u00e9couvrez les anecdotes culturelles et architecturales qui se cachent derri\u00e8re les monuments.<\/li>\n<li><b>Exp\u00e9rience priv\u00e9e : confort et flexibilit\u00e9<\/b> : profitez de chaque instant gr\u00e2ce \u00e0 une attention personnalis\u00e9e.<\/li>\n<\/ul>\n<p>Pour des exp\u00e9riences plus ax\u00e9es sur la nature, d\u00e9couvrez nos visites priv\u00e9es de Singapour. Vous pouvez \u00e9galement consulter le <a href=\"https:\/\/www.gardensbythebay.com.sg\/\">site officiel de Gardens by the Bay<\/a> pour conna\u00eetre les expositions et les spectacles floraux en cours.<\/p>\n<p>Cette <i>visite priv\u00e9e de Gardens by the Bay et Marina Bay<\/i> vous montre comment Singapour montre la voie avec \u00e9l\u00e9gance, vision et souci de l&#8217;avenir.<\/p>\n","protected":false},"excerpt":{"rendered":"<p>D\u00e9couvrez l&#8217;avenir de l&#8217;urbanisme lors de cette visite priv\u00e9e des jardins de la baie et de Marina Bay, une exp\u00e9rience incontournable pour ceux qui visitent Singapour pour la premi\u00e8re fois. Au cours de quatre heures inoubliables, vous explorerez les attractions les plus embl\u00e9matiques de la ville, o\u00f9 la nature et la technologie s&#8217;\u00e9quilibrent \u00e0 la perfection.<\/p>\n","protected":false},"featured_media":185853,"comment_status":"open","ping_status":"closed","template":"","meta":{"_acf_changed":false},"product_brand":[],"product_cat":[5575,5578],"product_tag":[],"class_list":{"0":"post-185841","1":"product","2":"type-product","3":"status-publish","4":"has-post-thumbnail","6":"product_cat-singapore-fr","7":"product_cat-singapore-en-2-fr","9":"first","10":"instock","11":"shipping-taxable","12":"purchasable","13":"product-type-simple"},"acf":[],"yoast_head":"<!-- This site is optimized with the Yoast SEO Premium plugin v25.3.1 (Yoast SEO v25.3.1) - https:\/\/yoast.com\/wordpress\/plugins\/seo\/ -->\n<title>Visite priv\u00e9e des jardins de la baie et de Marina Bay<\/title>\n<meta name=\"description\" content=\"Visite priv\u00e9e des jardins de la baie et de Marina Bay. Explorez ses rues gr\u00e2ce \u00e0 cette visite priv\u00e9e d&#039;une journ\u00e9e compl\u00e8te avec un guide et un v\u00e9hicule priv\u00e9.\" \/>\n<meta name=\"robots\" content=\"index, follow, max-snippet:-1, max-image-preview:large, max-video-preview:-1\" \/>\n<link rel=\"canonical\" href=\"https:\/\/tourtravelandmore.com\/fr\/tours\/singapore-fr\/singapore-en-2-fr\/visite-multiculturelle-privee-de-singapour-copy\/\" \/>\n<meta property=\"og:locale\" content=\"fr_FR\" \/>\n<meta property=\"og:type\" content=\"article\" \/>\n<meta property=\"og:title\" content=\"Visite priv\u00e9e des jardins de la baie et de Marina Bay\" \/>\n<meta property=\"og:description\" content=\"Visite priv\u00e9e des jardins de la baie et de Marina Bay. Explorez ses rues gr\u00e2ce \u00e0 cette visite priv\u00e9e d&#039;une journ\u00e9e compl\u00e8te avec un guide et un v\u00e9hicule priv\u00e9.\" \/>\n<meta property=\"og:url\" content=\"https:\/\/tourtravelandmore.com\/fr\/tours\/singapore-fr\/singapore-en-2-fr\/visite-multiculturelle-privee-de-singapour-copy\/\" \/>\n<meta property=\"og:site_name\" content=\"Tour Travel And More\" \/>\n<meta property=\"article:publisher\" content=\"https:\/\/www.facebook.com\/tourtravelandmore\/\" \/>\n<meta property=\"article:modified_time\" content=\"2025-07-21T16:09:09+00:00\" \/>\n<meta property=\"og:image\" content=\"https:\/\/tourtravelandmore.com\/wp-content\/uploads\/2025\/07\/pexels-elina-sazonova-1907053.jpg\" \/>\n\t<meta property=\"og:image:width\" content=\"1920\" \/>\n\t<meta property=\"og:image:height\" content=\"1280\" \/>\n\t<meta property=\"og:image:type\" content=\"image\/jpeg\" \/>\n<meta name=\"twitter:card\" content=\"summary_large_image\" \/>\n<meta name=\"twitter:site\" content=\"@TourTravel_More\" \/>\n<meta name=\"twitter:label1\" content=\"Dur\u00e9e de lecture estim\u00e9e\" \/>\n\t<meta name=\"twitter:data1\" content=\"2 minutes\" \/>\n<script type=\"application\/ld+json\" class=\"yoast-schema-graph\">{\"@context\":\"https:\/\/schema.org\",\"@graph\":[{\"@type\":\"WebPage\",\"@id\":\"https:\/\/tourtravelandmore.com\/fr\/tours\/singapore-fr\/singapore-en-2-fr\/visite-multiculturelle-privee-de-singapour-copy\/\",\"url\":\"https:\/\/tourtravelandmore.com\/fr\/tours\/singapore-fr\/singapore-en-2-fr\/visite-multiculturelle-privee-de-singapour-copy\/\",\"name\":\"Visite priv\u00e9e des jardins de la baie et de Marina Bay\",\"isPartOf\":{\"@id\":\"https:\/\/tourtravelandmore.com\/fr\/#website\"},\"primaryImageOfPage\":{\"@id\":\"https:\/\/tourtravelandmore.com\/fr\/tours\/singapore-fr\/singapore-en-2-fr\/visite-multiculturelle-privee-de-singapour-copy\/#primaryimage\"},\"image\":{\"@id\":\"https:\/\/tourtravelandmore.com\/fr\/tours\/singapore-fr\/singapore-en-2-fr\/visite-multiculturelle-privee-de-singapour-copy\/#primaryimage\"},\"thumbnailUrl\":\"https:\/\/tourtravelandmore.com\/wp-content\/uploads\/2025\/07\/pexels-elina-sazonova-1907053.jpg\",\"datePublished\":\"2025-07-21T15:20:15+00:00\",\"dateModified\":\"2025-07-21T16:09:09+00:00\",\"description\":\"Visite priv\u00e9e des jardins de la baie et de Marina Bay. Explorez ses rues gr\u00e2ce \u00e0 cette visite priv\u00e9e d'une journ\u00e9e compl\u00e8te avec un guide et un v\u00e9hicule priv\u00e9.\",\"breadcrumb\":{\"@id\":\"https:\/\/tourtravelandmore.com\/fr\/tours\/singapore-fr\/singapore-en-2-fr\/visite-multiculturelle-privee-de-singapour-copy\/#breadcrumb\"},\"inLanguage\":\"fr-FR\",\"potentialAction\":[{\"@type\":\"ReadAction\",\"target\":[\"https:\/\/tourtravelandmore.com\/fr\/tours\/singapore-fr\/singapore-en-2-fr\/visite-multiculturelle-privee-de-singapour-copy\/\"]}]},{\"@type\":\"ImageObject\",\"inLanguage\":\"fr-FR\",\"@id\":\"https:\/\/tourtravelandmore.com\/fr\/tours\/singapore-fr\/singapore-en-2-fr\/visite-multiculturelle-privee-de-singapour-copy\/#primaryimage\",\"url\":\"https:\/\/tourtravelandmore.com\/wp-content\/uploads\/2025\/07\/pexels-elina-sazonova-1907053.jpg\",\"contentUrl\":\"https:\/\/tourtravelandmore.com\/wp-content\/uploads\/2025\/07\/pexels-elina-sazonova-1907053.jpg\",\"width\":1920,\"height\":1280},{\"@type\":\"BreadcrumbList\",\"@id\":\"https:\/\/tourtravelandmore.com\/fr\/tours\/singapore-fr\/singapore-en-2-fr\/visite-multiculturelle-privee-de-singapour-copy\/#breadcrumb\",\"itemListElement\":[{\"@type\":\"ListItem\",\"position\":1,\"name\":\"Home\",\"item\":\"https:\/\/tourtravelandmore.com\/fr\/\"},{\"@type\":\"ListItem\",\"position\":2,\"name\":\"Tours\",\"item\":\"https:\/\/tourtravelandmore.com\/fr\/tours\/\"},{\"@type\":\"ListItem\",\"position\":3,\"name\":\"Visite priv\u00e9e des jardins de la baie et de Marina Bay\"}]},{\"@type\":\"WebSite\",\"@id\":\"https:\/\/tourtravelandmore.com\/fr\/#website\",\"url\":\"https:\/\/tourtravelandmore.com\/fr\/\",\"name\":\"Tour Travel And More\",\"description\":\"Private sightseeing tours and luxury transfers in Spain\",\"publisher\":{\"@id\":\"https:\/\/tourtravelandmore.com\/fr\/#organization\"},\"potentialAction\":[{\"@type\":\"SearchAction\",\"target\":{\"@type\":\"EntryPoint\",\"urlTemplate\":\"https:\/\/tourtravelandmore.com\/fr\/?s={search_term_string}\"},\"query-input\":{\"@type\":\"PropertyValueSpecification\",\"valueRequired\":true,\"valueName\":\"search_term_string\"}}],\"inLanguage\":\"fr-FR\"},{\"@type\":\"Organization\",\"@id\":\"https:\/\/tourtravelandmore.com\/fr\/#organization\",\"name\":\"Tour Travel And More\",\"url\":\"https:\/\/tourtravelandmore.com\/fr\/\",\"logo\":{\"@type\":\"ImageObject\",\"inLanguage\":\"fr-FR\",\"@id\":\"https:\/\/tourtravelandmore.com\/fr\/#\/schema\/logo\/image\/\",\"url\":\"https:\/\/tourtravelandmore.com\/wp-content\/uploads\/2022\/12\/cropped-logo-cabecera-new.png\",\"contentUrl\":\"https:\/\/tourtravelandmore.com\/wp-content\/uploads\/2022\/12\/cropped-logo-cabecera-new.png\",\"width\":430,\"height\":61,\"caption\":\"Tour Travel And More\"},\"image\":{\"@id\":\"https:\/\/tourtravelandmore.com\/fr\/#\/schema\/logo\/image\/\"},\"sameAs\":[\"https:\/\/www.facebook.com\/tourtravelandmore\/\",\"https:\/\/x.com\/TourTravel_More\"]}]}<\/script>\n<!-- \/ Yoast SEO Premium plugin. -->","yoast_head_json":{"title":"Visite priv\u00e9e des jardins de la baie et de Marina Bay","description":"Visite priv\u00e9e des jardins de la baie et de Marina Bay. Explorez ses rues gr\u00e2ce \u00e0 cette visite priv\u00e9e d'une journ\u00e9e compl\u00e8te avec un guide et un v\u00e9hicule priv\u00e9.","robots":{"index":"index","follow":"follow","max-snippet":"max-snippet:-1","max-image-preview":"max-image-preview:large","max-video-preview":"max-video-preview:-1"},"canonical":"https:\/\/tourtravelandmore.com\/fr\/tours\/singapore-fr\/singapore-en-2-fr\/visite-multiculturelle-privee-de-singapour-copy\/","og_locale":"fr_FR","og_type":"article","og_title":"Visite priv\u00e9e des jardins de la baie et de Marina Bay","og_description":"Visite priv\u00e9e des jardins de la baie et de Marina Bay. Explorez ses rues gr\u00e2ce \u00e0 cette visite priv\u00e9e d'une journ\u00e9e compl\u00e8te avec un guide et un v\u00e9hicule priv\u00e9.","og_url":"https:\/\/tourtravelandmore.com\/fr\/tours\/singapore-fr\/singapore-en-2-fr\/visite-multiculturelle-privee-de-singapour-copy\/","og_site_name":"Tour Travel And More","article_publisher":"https:\/\/www.facebook.com\/tourtravelandmore\/","article_modified_time":"2025-07-21T16:09:09+00:00","og_image":[{"width":1920,"height":1280,"url":"https:\/\/tourtravelandmore.com\/wp-content\/uploads\/2025\/07\/pexels-elina-sazonova-1907053.jpg","type":"image\/jpeg"}],"twitter_card":"summary_large_image","twitter_site":"@TourTravel_More","twitter_misc":{"Dur\u00e9e de lecture estim\u00e9e":"2 minutes"},"schema":{"@context":"https:\/\/schema.org","@graph":[{"@type":"WebPage","@id":"https:\/\/tourtravelandmore.com\/fr\/tours\/singapore-fr\/singapore-en-2-fr\/visite-multiculturelle-privee-de-singapour-copy\/","url":"https:\/\/tourtravelandmore.com\/fr\/tours\/singapore-fr\/singapore-en-2-fr\/visite-multiculturelle-privee-de-singapour-copy\/","name":"Visite priv\u00e9e des jardins de la baie et de Marina Bay","isPartOf":{"@id":"https:\/\/tourtravelandmore.com\/fr\/#website"},"primaryImageOfPage":{"@id":"https:\/\/tourtravelandmore.com\/fr\/tours\/singapore-fr\/singapore-en-2-fr\/visite-multiculturelle-privee-de-singapour-copy\/#primaryimage"},"image":{"@id":"https:\/\/tourtravelandmore.com\/fr\/tours\/singapore-fr\/singapore-en-2-fr\/visite-multiculturelle-privee-de-singapour-copy\/#primaryimage"},"thumbnailUrl":"https:\/\/tourtravelandmore.com\/wp-content\/uploads\/2025\/07\/pexels-elina-sazonova-1907053.jpg","datePublished":"2025-07-21T15:20:15+00:00","dateModified":"2025-07-21T16:09:09+00:00","description":"Visite priv\u00e9e des jardins de la baie et de Marina Bay. Explorez ses rues gr\u00e2ce \u00e0 cette visite priv\u00e9e d'une journ\u00e9e compl\u00e8te avec un guide et un v\u00e9hicule priv\u00e9.","breadcrumb":{"@id":"https:\/\/tourtravelandmore.com\/fr\/tours\/singapore-fr\/singapore-en-2-fr\/visite-multiculturelle-privee-de-singapour-copy\/#breadcrumb"},"inLanguage":"fr-FR","potentialAction":[{"@type":"ReadAction","target":["https:\/\/tourtravelandmore.com\/fr\/tours\/singapore-fr\/singapore-en-2-fr\/visite-multiculturelle-privee-de-singapour-copy\/"]}]},{"@type":"ImageObject","inLanguage":"fr-FR","@id":"https:\/\/tourtravelandmore.com\/fr\/tours\/singapore-fr\/singapore-en-2-fr\/visite-multiculturelle-privee-de-singapour-copy\/#primaryimage","url":"https:\/\/tourtravelandmore.com\/wp-content\/uploads\/2025\/07\/pexels-elina-sazonova-1907053.jpg","contentUrl":"https:\/\/tourtravelandmore.com\/wp-content\/uploads\/2025\/07\/pexels-elina-sazonova-1907053.jpg","width":1920,"height":1280},{"@type":"BreadcrumbList","@id":"https:\/\/tourtravelandmore.com\/fr\/tours\/singapore-fr\/singapore-en-2-fr\/visite-multiculturelle-privee-de-singapour-copy\/#breadcrumb","itemListElement":[{"@type":"ListItem","position":1,"name":"Home","item":"https:\/\/tourtravelandmore.com\/fr\/"},{"@type":"ListItem","position":2,"name":"Tours","item":"https:\/\/tourtravelandmore.com\/fr\/tours\/"},{"@type":"ListItem","position":3,"name":"Visite priv\u00e9e des jardins de la baie et de Marina Bay"}]},{"@type":"WebSite","@id":"https:\/\/tourtravelandmore.com\/fr\/#website","url":"https:\/\/tourtravelandmore.com\/fr\/","name":"Tour Travel And More","description":"Private sightseeing tours and luxury transfers in Spain","publisher":{"@id":"https:\/\/tourtravelandmore.com\/fr\/#organization"},"potentialAction":[{"@type":"SearchAction","target":{"@type":"EntryPoint","urlTemplate":"https:\/\/tourtravelandmore.com\/fr\/?s={search_term_string}"},"query-input":{"@type":"PropertyValueSpecification","valueRequired":true,"valueName":"search_term_string"}}],"inLanguage":"fr-FR"},{"@type":"Organization","@id":"https:\/\/tourtravelandmore.com\/fr\/#organization","name":"Tour Travel And More","url":"https:\/\/tourtravelandmore.com\/fr\/","logo":{"@type":"ImageObject","inLanguage":"fr-FR","@id":"https:\/\/tourtravelandmore.com\/fr\/#\/schema\/logo\/image\/","url":"https:\/\/tourtravelandmore.com\/wp-content\/uploads\/2022\/12\/cropped-logo-cabecera-new.png","contentUrl":"https:\/\/tourtravelandmore.com\/wp-content\/uploads\/2022\/12\/cropped-logo-cabecera-new.png","width":430,"height":61,"caption":"Tour Travel And More"},"image":{"@id":"https:\/\/tourtravelandmore.com\/fr\/#\/schema\/logo\/image\/"},"sameAs":["https:\/\/www.facebook.com\/tourtravelandmore\/","https:\/\/x.com\/TourTravel_More"]}]}},"_links":{"self":[{"href":"https:\/\/tourtravelandmore.com\/fr\/wp-json\/wp\/v2\/product\/185841","targetHints":{"allow":["GET"]}}],"collection":[{"href":"https:\/\/tourtravelandmore.com\/fr\/wp-json\/wp\/v2\/product"}],"about":[{"href":"https:\/\/tourtravelandmore.com\/fr\/wp-json\/wp\/v2\/types\/product"}],"replies":[{"embeddable":true,"href":"https:\/\/tourtravelandmore.com\/fr\/wp-json\/wp\/v2\/comments?post=185841"}],"wp:featuredmedia":[{"embeddable":true,"href":"https:\/\/tourtravelandmore.com\/fr\/wp-json\/wp\/v2\/media\/185853"}],"wp:attachment":[{"href":"https:\/\/tourtravelandmore.com\/fr\/wp-json\/wp\/v2\/media?parent=185841"}],"wp:term":[{"taxonomy":"product_brand","embeddable":true,"href":"https:\/\/tourtravelandmore.com\/fr\/wp-json\/wp\/v2\/product_brand?post=185841"},{"taxonomy":"product_cat","embeddable":true,"href":"https:\/\/tourtravelandmore.com\/fr\/wp-json\/wp\/v2\/product_cat?post=185841"},{"taxonomy":"product_tag","embeddable":true,"href":"https:\/\/tourtravelandmore.com\/fr\/wp-json\/wp\/v2\/product_tag?post=185841"}],"curies":[{"name":"wp","href":"https:\/\/api.w.org\/{rel}","templated":true}]}}