{"id":185810,"date":"2025-07-21T16:58:58","date_gmt":"2025-07-21T14:59:01","guid":{"rendered":"https:\/\/tourtravelandmore.com\/?post_type=product&#038;p=185810"},"modified":"2025-07-21T17:06:06","modified_gmt":"2025-07-21T15:06:06","slug":"visite-privee-de-singapour-copy-2","status":"publish","type":"product","link":"https:\/\/tourtravelandmore.com\/fr\/tours\/singapore-fr\/singapore-en-2-fr\/visite-privee-de-singapour-copy-2\/","title":{"rendered":"Visite multiculturelle priv\u00e9e de Singapour"},"content":{"rendered":"<h2><strong>Description | Visite multiculturelle priv\u00e9e de Singapour<\/strong><\/h2>\n<p>Cette visite multiculturelle priv\u00e9e de Singapour vous plongera au c\u0153ur de la mosa\u00efque culturelle qui caract\u00e9rise la ville. Pendant cinq heures fascinantes, votre guide vous aidera \u00e0 d\u00e9couvrir comment diff\u00e9rentes traditions cohabitent dans les temples, les quartiers et les rituels quotidiens.<\/p>\n<p>Commencez par Little India, o\u00f9 les couleurs, les parfums d&#8217;encens et la musique envahissent les sens. Visitez le temple Sri Veeramakaliamman, l&#8217;un des plus anciens temples hindous de Singapour.<\/p>\n<p>Continuez ensuite vers <b>Kampong Glam<\/b>, le c\u0153ur du patrimoine malais-musulman. Passez devant la <i>mosqu\u00e9e Sultan<\/i> au d\u00f4me dor\u00e9 et d\u00e9couvrez les histoires qui se cachent derri\u00e8re l&#8217;artisanat et la cuisine traditionnels.<\/p>\n<p>Rendez-vous ensuite \u00e0 <b>Chinatown<\/b>, qui abrite des temples tao\u00efstes, des boutiques de m\u00e9decine chinoise et des maisons-boutiques charg\u00e9es d&#8217;histoire. Votre guide vous expliquera comment ces enclaves ethniques ont fa\u00e7onn\u00e9 le Singapour moderne. \u00c0 chaque pas, la visite vous d\u00e9voilera les diff\u00e9rentes couches d&#8217;une histoire commune, de tol\u00e9rance et d&#8217;identit\u00e9 riche.<\/p>\n<p>Plus qu&#8217;une simple visite de la ville, c&#8217;est un voyage \u00e0 travers la coexistence et le respect.<\/p>\n<h3><strong>Points forts<\/strong><\/h3>\n<ul>\n<li><b>Little India : une c\u00e9l\u00e9bration des sens<\/b> : plongez dans les traditions hindoues et la vie quotidienne color\u00e9e.<\/li>\n<li><b>Kampong Glam : patrimoine islamique et vie de rue<\/b> : explorez les mosqu\u00e9es, l&#8217;histoire malaise et les tr\u00e9sors cach\u00e9s.<\/li>\n<li><b>Chinatown : temples et traditions<\/b> : d\u00e9couvrez un quartier o\u00f9 le pass\u00e9 et le pr\u00e9sent s&#8217;entrem\u00ealent.<\/li>\n<li><b>Histoires culturelles : au-del\u00e0 des apparences<\/b> : comprenez comment l&#8217;harmonie fa\u00e7onne le quotidien \u00e0 Singapour.<\/li>\n<li><b>Guide local expert : des informations pertinentes<\/b> : votre guide vous raconte des anecdotes qui vont au-del\u00e0 des apparences.<\/li>\n<\/ul>\n<p>D\u00e9couvrez nos visites priv\u00e9es \u00e0 Singapour et ne manquez pas le <a href=\"https:\/\/www.nhb.gov.sg\/\">National Heritage Board<\/a> pour des informations culturelles et les expositions en cours.<\/p>\n<p>D\u00e9couvrez l&#8217;\u00e2me de la ville \u00e0 travers ses habitants et ses traditions lors de cette <i>visite multiculturelle priv\u00e9e de Singapour<\/i>, une exp\u00e9rience \u00e9mouvante qui c\u00e9l\u00e8bre l&#8217;unit\u00e9 dans la diversit\u00e9.<\/p>\n","protected":false},"excerpt":{"rendered":"<p>Cette visite multiculturelle priv\u00e9e de Singapour vous plongera au c\u0153ur de la mosa\u00efque culturelle qui caract\u00e9rise la ville. Pendant cinq heures fascinantes, votre guide vous aidera \u00e0 d\u00e9couvrir comment diff\u00e9rentes traditions cohabitent dans les temples, les quartiers et les rituels quotidiens.<\/p>\n","protected":false},"featured_media":185822,"comment_status":"open","ping_status":"closed","template":"","meta":{"_acf_changed":false},"product_brand":[],"product_cat":[5578,5575],"product_tag":[],"class_list":{"0":"post-185810","1":"product","2":"type-product","3":"status-publish","4":"has-post-thumbnail","6":"product_cat-singapore-en-2-fr","7":"product_cat-singapore-fr","9":"first","10":"instock","11":"shipping-taxable","12":"purchasable","13":"product-type-simple"},"acf":[],"yoast_head":"<!-- This site is optimized with the Yoast SEO Premium plugin v25.3.1 (Yoast SEO v25.3.1) - https:\/\/yoast.com\/wordpress\/plugins\/seo\/ -->\n<title>Visite multiculturelle priv\u00e9e de Singapour<\/title>\n<meta name=\"description\" content=\"Visite multiculturelle priv\u00e9e de Singapour. Explorez ses rues gr\u00e2ce \u00e0 cette visite priv\u00e9e d&#039;une journ\u00e9e compl\u00e8te avec un guide et un v\u00e9hicule priv\u00e9.\" \/>\n<meta name=\"robots\" content=\"index, follow, max-snippet:-1, max-image-preview:large, max-video-preview:-1\" \/>\n<link rel=\"canonical\" href=\"https:\/\/tourtravelandmore.com\/fr\/tours\/singapore-fr\/singapore-en-2-fr\/visite-privee-de-singapour-copy-2\/\" \/>\n<meta property=\"og:locale\" content=\"fr_FR\" \/>\n<meta property=\"og:type\" content=\"article\" \/>\n<meta property=\"og:title\" content=\"Visite multiculturelle priv\u00e9e de Singapour\" \/>\n<meta property=\"og:description\" content=\"Visite multiculturelle priv\u00e9e de Singapour. Explorez ses rues gr\u00e2ce \u00e0 cette visite priv\u00e9e d&#039;une journ\u00e9e compl\u00e8te avec un guide et un v\u00e9hicule priv\u00e9.\" \/>\n<meta property=\"og:url\" content=\"https:\/\/tourtravelandmore.com\/fr\/tours\/singapore-fr\/singapore-en-2-fr\/visite-privee-de-singapour-copy-2\/\" \/>\n<meta property=\"og:site_name\" content=\"Tour Travel And More\" \/>\n<meta property=\"article:publisher\" content=\"https:\/\/www.facebook.com\/tourtravelandmore\/\" \/>\n<meta property=\"article:modified_time\" content=\"2025-07-21T15:06:06+00:00\" \/>\n<meta property=\"og:image\" content=\"https:\/\/tourtravelandmore.com\/wp-content\/uploads\/2025\/07\/pexels-hsm0815-2689554.jpg\" \/>\n\t<meta property=\"og:image:width\" content=\"1280\" \/>\n\t<meta property=\"og:image:height\" content=\"960\" \/>\n\t<meta property=\"og:image:type\" content=\"image\/jpeg\" \/>\n<meta name=\"twitter:card\" content=\"summary_large_image\" \/>\n<meta name=\"twitter:site\" content=\"@TourTravel_More\" \/>\n<meta name=\"twitter:label1\" content=\"Dur\u00e9e de lecture estim\u00e9e\" \/>\n\t<meta name=\"twitter:data1\" content=\"2 minutes\" \/>\n<script type=\"application\/ld+json\" class=\"yoast-schema-graph\">{\"@context\":\"https:\/\/schema.org\",\"@graph\":[{\"@type\":\"WebPage\",\"@id\":\"https:\/\/tourtravelandmore.com\/fr\/tours\/singapore-fr\/singapore-en-2-fr\/visite-privee-de-singapour-copy-2\/\",\"url\":\"https:\/\/tourtravelandmore.com\/fr\/tours\/singapore-fr\/singapore-en-2-fr\/visite-privee-de-singapour-copy-2\/\",\"name\":\"Visite multiculturelle priv\u00e9e de Singapour\",\"isPartOf\":{\"@id\":\"https:\/\/tourtravelandmore.com\/fr\/#website\"},\"primaryImageOfPage\":{\"@id\":\"https:\/\/tourtravelandmore.com\/fr\/tours\/singapore-fr\/singapore-en-2-fr\/visite-privee-de-singapour-copy-2\/#primaryimage\"},\"image\":{\"@id\":\"https:\/\/tourtravelandmore.com\/fr\/tours\/singapore-fr\/singapore-en-2-fr\/visite-privee-de-singapour-copy-2\/#primaryimage\"},\"thumbnailUrl\":\"https:\/\/tourtravelandmore.com\/wp-content\/uploads\/2025\/07\/pexels-hsm0815-2689554.jpg\",\"datePublished\":\"2025-07-21T14:59:01+00:00\",\"dateModified\":\"2025-07-21T15:06:06+00:00\",\"description\":\"Visite multiculturelle priv\u00e9e de Singapour. Explorez ses rues gr\u00e2ce \u00e0 cette visite priv\u00e9e d'une journ\u00e9e compl\u00e8te avec un guide et un v\u00e9hicule priv\u00e9.\",\"breadcrumb\":{\"@id\":\"https:\/\/tourtravelandmore.com\/fr\/tours\/singapore-fr\/singapore-en-2-fr\/visite-privee-de-singapour-copy-2\/#breadcrumb\"},\"inLanguage\":\"fr-FR\",\"potentialAction\":[{\"@type\":\"ReadAction\",\"target\":[\"https:\/\/tourtravelandmore.com\/fr\/tours\/singapore-fr\/singapore-en-2-fr\/visite-privee-de-singapour-copy-2\/\"]}]},{\"@type\":\"ImageObject\",\"inLanguage\":\"fr-FR\",\"@id\":\"https:\/\/tourtravelandmore.com\/fr\/tours\/singapore-fr\/singapore-en-2-fr\/visite-privee-de-singapour-copy-2\/#primaryimage\",\"url\":\"https:\/\/tourtravelandmore.com\/wp-content\/uploads\/2025\/07\/pexels-hsm0815-2689554.jpg\",\"contentUrl\":\"https:\/\/tourtravelandmore.com\/wp-content\/uploads\/2025\/07\/pexels-hsm0815-2689554.jpg\",\"width\":1280,\"height\":960},{\"@type\":\"BreadcrumbList\",\"@id\":\"https:\/\/tourtravelandmore.com\/fr\/tours\/singapore-fr\/singapore-en-2-fr\/visite-privee-de-singapour-copy-2\/#breadcrumb\",\"itemListElement\":[{\"@type\":\"ListItem\",\"position\":1,\"name\":\"Home\",\"item\":\"https:\/\/tourtravelandmore.com\/fr\/\"},{\"@type\":\"ListItem\",\"position\":2,\"name\":\"Tours\",\"item\":\"https:\/\/tourtravelandmore.com\/fr\/tours\/\"},{\"@type\":\"ListItem\",\"position\":3,\"name\":\"Visite multiculturelle priv\u00e9e de Singapour\"}]},{\"@type\":\"WebSite\",\"@id\":\"https:\/\/tourtravelandmore.com\/fr\/#website\",\"url\":\"https:\/\/tourtravelandmore.com\/fr\/\",\"name\":\"Tour Travel And More\",\"description\":\"Private sightseeing tours and luxury transfers in Spain\",\"publisher\":{\"@id\":\"https:\/\/tourtravelandmore.com\/fr\/#organization\"},\"potentialAction\":[{\"@type\":\"SearchAction\",\"target\":{\"@type\":\"EntryPoint\",\"urlTemplate\":\"https:\/\/tourtravelandmore.com\/fr\/?s={search_term_string}\"},\"query-input\":{\"@type\":\"PropertyValueSpecification\",\"valueRequired\":true,\"valueName\":\"search_term_string\"}}],\"inLanguage\":\"fr-FR\"},{\"@type\":\"Organization\",\"@id\":\"https:\/\/tourtravelandmore.com\/fr\/#organization\",\"name\":\"Tour Travel And More\",\"url\":\"https:\/\/tourtravelandmore.com\/fr\/\",\"logo\":{\"@type\":\"ImageObject\",\"inLanguage\":\"fr-FR\",\"@id\":\"https:\/\/tourtravelandmore.com\/fr\/#\/schema\/logo\/image\/\",\"url\":\"https:\/\/tourtravelandmore.com\/wp-content\/uploads\/2022\/12\/cropped-logo-cabecera-new.png\",\"contentUrl\":\"https:\/\/tourtravelandmore.com\/wp-content\/uploads\/2022\/12\/cropped-logo-cabecera-new.png\",\"width\":430,\"height\":61,\"caption\":\"Tour Travel And More\"},\"image\":{\"@id\":\"https:\/\/tourtravelandmore.com\/fr\/#\/schema\/logo\/image\/\"},\"sameAs\":[\"https:\/\/www.facebook.com\/tourtravelandmore\/\",\"https:\/\/x.com\/TourTravel_More\"]}]}<\/script>\n<!-- \/ Yoast SEO Premium plugin. -->","yoast_head_json":{"title":"Visite multiculturelle priv\u00e9e de Singapour","description":"Visite multiculturelle priv\u00e9e de Singapour. Explorez ses rues gr\u00e2ce \u00e0 cette visite priv\u00e9e d'une journ\u00e9e compl\u00e8te avec un guide et un v\u00e9hicule priv\u00e9.","robots":{"index":"index","follow":"follow","max-snippet":"max-snippet:-1","max-image-preview":"max-image-preview:large","max-video-preview":"max-video-preview:-1"},"canonical":"https:\/\/tourtravelandmore.com\/fr\/tours\/singapore-fr\/singapore-en-2-fr\/visite-privee-de-singapour-copy-2\/","og_locale":"fr_FR","og_type":"article","og_title":"Visite multiculturelle priv\u00e9e de Singapour","og_description":"Visite multiculturelle priv\u00e9e de Singapour. Explorez ses rues gr\u00e2ce \u00e0 cette visite priv\u00e9e d'une journ\u00e9e compl\u00e8te avec un guide et un v\u00e9hicule priv\u00e9.","og_url":"https:\/\/tourtravelandmore.com\/fr\/tours\/singapore-fr\/singapore-en-2-fr\/visite-privee-de-singapour-copy-2\/","og_site_name":"Tour Travel And More","article_publisher":"https:\/\/www.facebook.com\/tourtravelandmore\/","article_modified_time":"2025-07-21T15:06:06+00:00","og_image":[{"width":1280,"height":960,"url":"https:\/\/tourtravelandmore.com\/wp-content\/uploads\/2025\/07\/pexels-hsm0815-2689554.jpg","type":"image\/jpeg"}],"twitter_card":"summary_large_image","twitter_site":"@TourTravel_More","twitter_misc":{"Dur\u00e9e de lecture estim\u00e9e":"2 minutes"},"schema":{"@context":"https:\/\/schema.org","@graph":[{"@type":"WebPage","@id":"https:\/\/tourtravelandmore.com\/fr\/tours\/singapore-fr\/singapore-en-2-fr\/visite-privee-de-singapour-copy-2\/","url":"https:\/\/tourtravelandmore.com\/fr\/tours\/singapore-fr\/singapore-en-2-fr\/visite-privee-de-singapour-copy-2\/","name":"Visite multiculturelle priv\u00e9e de Singapour","isPartOf":{"@id":"https:\/\/tourtravelandmore.com\/fr\/#website"},"primaryImageOfPage":{"@id":"https:\/\/tourtravelandmore.com\/fr\/tours\/singapore-fr\/singapore-en-2-fr\/visite-privee-de-singapour-copy-2\/#primaryimage"},"image":{"@id":"https:\/\/tourtravelandmore.com\/fr\/tours\/singapore-fr\/singapore-en-2-fr\/visite-privee-de-singapour-copy-2\/#primaryimage"},"thumbnailUrl":"https:\/\/tourtravelandmore.com\/wp-content\/uploads\/2025\/07\/pexels-hsm0815-2689554.jpg","datePublished":"2025-07-21T14:59:01+00:00","dateModified":"2025-07-21T15:06:06+00:00","description":"Visite multiculturelle priv\u00e9e de Singapour. Explorez ses rues gr\u00e2ce \u00e0 cette visite priv\u00e9e d'une journ\u00e9e compl\u00e8te avec un guide et un v\u00e9hicule priv\u00e9.","breadcrumb":{"@id":"https:\/\/tourtravelandmore.com\/fr\/tours\/singapore-fr\/singapore-en-2-fr\/visite-privee-de-singapour-copy-2\/#breadcrumb"},"inLanguage":"fr-FR","potentialAction":[{"@type":"ReadAction","target":["https:\/\/tourtravelandmore.com\/fr\/tours\/singapore-fr\/singapore-en-2-fr\/visite-privee-de-singapour-copy-2\/"]}]},{"@type":"ImageObject","inLanguage":"fr-FR","@id":"https:\/\/tourtravelandmore.com\/fr\/tours\/singapore-fr\/singapore-en-2-fr\/visite-privee-de-singapour-copy-2\/#primaryimage","url":"https:\/\/tourtravelandmore.com\/wp-content\/uploads\/2025\/07\/pexels-hsm0815-2689554.jpg","contentUrl":"https:\/\/tourtravelandmore.com\/wp-content\/uploads\/2025\/07\/pexels-hsm0815-2689554.jpg","width":1280,"height":960},{"@type":"BreadcrumbList","@id":"https:\/\/tourtravelandmore.com\/fr\/tours\/singapore-fr\/singapore-en-2-fr\/visite-privee-de-singapour-copy-2\/#breadcrumb","itemListElement":[{"@type":"ListItem","position":1,"name":"Home","item":"https:\/\/tourtravelandmore.com\/fr\/"},{"@type":"ListItem","position":2,"name":"Tours","item":"https:\/\/tourtravelandmore.com\/fr\/tours\/"},{"@type":"ListItem","position":3,"name":"Visite multiculturelle priv\u00e9e de Singapour"}]},{"@type":"WebSite","@id":"https:\/\/tourtravelandmore.com\/fr\/#website","url":"https:\/\/tourtravelandmore.com\/fr\/","name":"Tour Travel And More","description":"Private sightseeing tours and luxury transfers in Spain","publisher":{"@id":"https:\/\/tourtravelandmore.com\/fr\/#organization"},"potentialAction":[{"@type":"SearchAction","target":{"@type":"EntryPoint","urlTemplate":"https:\/\/tourtravelandmore.com\/fr\/?s={search_term_string}"},"query-input":{"@type":"PropertyValueSpecification","valueRequired":true,"valueName":"search_term_string"}}],"inLanguage":"fr-FR"},{"@type":"Organization","@id":"https:\/\/tourtravelandmore.com\/fr\/#organization","name":"Tour Travel And More","url":"https:\/\/tourtravelandmore.com\/fr\/","logo":{"@type":"ImageObject","inLanguage":"fr-FR","@id":"https:\/\/tourtravelandmore.com\/fr\/#\/schema\/logo\/image\/","url":"https:\/\/tourtravelandmore.com\/wp-content\/uploads\/2022\/12\/cropped-logo-cabecera-new.png","contentUrl":"https:\/\/tourtravelandmore.com\/wp-content\/uploads\/2022\/12\/cropped-logo-cabecera-new.png","width":430,"height":61,"caption":"Tour Travel And More"},"image":{"@id":"https:\/\/tourtravelandmore.com\/fr\/#\/schema\/logo\/image\/"},"sameAs":["https:\/\/www.facebook.com\/tourtravelandmore\/","https:\/\/x.com\/TourTravel_More"]}]}},"_links":{"self":[{"href":"https:\/\/tourtravelandmore.com\/fr\/wp-json\/wp\/v2\/product\/185810","targetHints":{"allow":["GET"]}}],"collection":[{"href":"https:\/\/tourtravelandmore.com\/fr\/wp-json\/wp\/v2\/product"}],"about":[{"href":"https:\/\/tourtravelandmore.com\/fr\/wp-json\/wp\/v2\/types\/product"}],"replies":[{"embeddable":true,"href":"https:\/\/tourtravelandmore.com\/fr\/wp-json\/wp\/v2\/comments?post=185810"}],"wp:featuredmedia":[{"embeddable":true,"href":"https:\/\/tourtravelandmore.com\/fr\/wp-json\/wp\/v2\/media\/185822"}],"wp:attachment":[{"href":"https:\/\/tourtravelandmore.com\/fr\/wp-json\/wp\/v2\/media?parent=185810"}],"wp:term":[{"taxonomy":"product_brand","embeddable":true,"href":"https:\/\/tourtravelandmore.com\/fr\/wp-json\/wp\/v2\/product_brand?post=185810"},{"taxonomy":"product_cat","embeddable":true,"href":"https:\/\/tourtravelandmore.com\/fr\/wp-json\/wp\/v2\/product_cat?post=185810"},{"taxonomy":"product_tag","embeddable":true,"href":"https:\/\/tourtravelandmore.com\/fr\/wp-json\/wp\/v2\/product_tag?post=185810"}],"curies":[{"name":"wp","href":"https:\/\/api.w.org\/{rel}","templated":true}]}}