{"id":185779,"date":"2025-07-21T16:45:28","date_gmt":"2025-07-21T14:45:33","guid":{"rendered":"https:\/\/tourtravelandmore.com\/?post_type=product&#038;p=185779"},"modified":"2025-07-21T16:52:36","modified_gmt":"2025-07-21T14:52:36","slug":"visite-guidee-privee-a-pied-de-singapour-copy","status":"publish","type":"product","link":"https:\/\/tourtravelandmore.com\/fr\/tours\/singapore-fr\/singapore-en-2-fr\/visite-guidee-privee-a-pied-de-singapour-copy\/","title":{"rendered":"Visite guid\u00e9e priv\u00e9e \u00e0 pied de Singapour \u00e0 la d\u00e9couverte de la cuisine de rue"},"content":{"rendered":"<h2><strong>Description | <\/strong><strong>Visite guid\u00e9e priv\u00e9e \u00e0 pied de Singapour \u00e0 la d\u00e9couverte de la cuisine de rue<\/strong><\/h2>\n<p>Cette visite guid\u00e9e priv\u00e9e \u00e0 pied de Singapour \u00e0 la d\u00e9couverte de la cuisine de rue est une excellente introduction \u00e0 l&#8217;\u00e2me de la ville \u00e0 travers sa gastronomie. Pendant quatre heures, vous vous prom\u00e8nerez dans des quartiers anim\u00e9s, d\u00e9gusterez des sp\u00e9cialit\u00e9s locales et d\u00e9couvrirez leurs racines culturelles. Chaque bouch\u00e9e raconte une histoire, et votre guide vous la fera revivre \u00e0 travers des anecdotes captivantes.<\/p>\n<p>Commencez par le <b>Chinatown Complex<\/b>, l&#8217;un des centres de restauration ambulante les plus anciens et les plus authentiques de la ville. Go\u00fbtez des plats tels que le <i>char kway teow<\/i>, le <i>carrot cake<\/i> (qui n&#8217;est pas sucr\u00e9 !) ou le <i>satay<\/i> juteux. Continuez vers <b>Little India<\/b>, o\u00f9 les ar\u00f4mes d&#8217;\u00e9pices embaument l&#8217;air. Du <i>roti prata<\/i> au <i>teh tarik<\/i>, chaque arr\u00eat vous permettra d&#8217;approfondir votre connaissance du patrimoine culinaire de Singapour.<\/p>\n<p>Plus tard, marchez jusqu&#8217;\u00e0 <b>Bugis Street<\/b>, un quartier anim\u00e9 o\u00f9 l&#8217;Orient rencontre l&#8217;Occident. Votre guide vous expliquera comment la cuisine singapourienne refl\u00e8te l&#8217;histoire multiculturelle et l&#8217;innovation permanente du pays. Cette exp\u00e9rience immersive est id\u00e9ale pour les gourmets curieux d\u00e9sireux de d\u00e9couvrir les saveurs locales authentiques en compagnie d&#8217;un guide local exp\u00e9riment\u00e9.<\/p>\n<h3><strong>Points forts<\/strong><\/h3>\n<ul>\n<li><b>Chinatown Complex : la tradition servie chaud<\/b> : go\u00fbtez des plats embl\u00e9matiques de la cuisine de rue, profond\u00e9ment enracin\u00e9s dans la culture locale.<\/li>\n<li><b>Little India : un festin \u00e9pic\u00e9<\/b> : d\u00e9couvrez des saveurs audacieuses et une vie de rue anim\u00e9e.<\/li>\n<li><b>Bugis Street : snacks et sucreries locaux<\/b> : d\u00e9gustez des friandises tout en \u00e9coutant des anecdotes culinaires fascinantes.<\/li>\n<li><b>Aper\u00e7u culturel : bien plus que de la nourriture<\/b> : d\u00e9couvrez comment la diversit\u00e9 de Singapour a fa\u00e7onn\u00e9 sa cuisine.<\/li>\n<li><b>Guide local expert : la passion rencontre le savoir<\/b> : d\u00e9couvrez des tr\u00e9sors cach\u00e9s que vous ne trouveriez jamais par vous-m\u00eame.<\/li>\n<\/ul>\n<p>D\u00e9couvrez d&#8217;autres exp\u00e9riences culinaires dans notre section circuits priv\u00e9s \u00e0 Singapour. Pour les gourmets qui planifient leur voyage \u00e0 l&#8217;avance, consultez <a href=\"https:\/\/www.makansutra.com\/\">Makansutra<\/a>, un guide l\u00e9gendaire sur la cuisine locale.<\/p>\n<p>D\u00e9couvrez des saveurs authentiques avec notre circuit priv\u00e9 \u00e0 pied sur le th\u00e8me de la cuisine de rue \u00e0 Singapour, un voyage qui satisfera bien plus que votre app\u00e9tit.<\/p>\n","protected":false},"excerpt":{"rendered":"<p>Cette visite guid\u00e9e priv\u00e9e \u00e0 pied de Singapour \u00e0 la d\u00e9couverte de la cuisine de rue est une excellente introduction \u00e0 l&#8217;\u00e2me de la ville \u00e0 travers sa gastronomie. Pendant quatre heures, vous vous prom\u00e8nerez dans des quartiers anim\u00e9s, d\u00e9gusterez des sp\u00e9cialit\u00e9s locales et d\u00e9couvrirez leurs racines culturelles. Chaque bouch\u00e9e raconte une histoire, et votre guide vous la fera revivre \u00e0 travers des anecdotes captivantes.<\/p>\n","protected":false},"featured_media":185791,"comment_status":"open","ping_status":"closed","template":"","meta":{"_acf_changed":false},"product_brand":[],"product_cat":[5578,5575],"product_tag":[],"class_list":{"0":"post-185779","1":"product","2":"type-product","3":"status-publish","4":"has-post-thumbnail","6":"product_cat-singapore-en-2-fr","7":"product_cat-singapore-fr","9":"first","10":"instock","11":"shipping-taxable","12":"purchasable","13":"product-type-simple"},"acf":[],"yoast_head":"<!-- This site is optimized with the Yoast SEO Premium plugin v25.3.1 (Yoast SEO v25.3.1) - https:\/\/yoast.com\/wordpress\/plugins\/seo\/ -->\n<title>Visite guid\u00e9e priv\u00e9e \u00e0 pied de Singapour \u00e0 la d\u00e9couverte de la cuisine de rue<\/title>\n<meta name=\"description\" content=\"Visite guid\u00e9e priv\u00e9e \u00e0 pied de Singapour \u00e0 la d\u00e9couverte de la cuisine de rue. Explorez ses rues gr\u00e2ce \u00e0 cette visite priv\u00e9e d&#039;une journ\u00e9e compl\u00e8te avec un guide et un v\u00e9hicule priv\u00e9.\" \/>\n<meta name=\"robots\" content=\"index, follow, max-snippet:-1, max-image-preview:large, max-video-preview:-1\" \/>\n<link rel=\"canonical\" href=\"https:\/\/tourtravelandmore.com\/fr\/tours\/singapore-fr\/singapore-en-2-fr\/visite-guidee-privee-a-pied-de-singapour-copy\/\" \/>\n<meta property=\"og:locale\" content=\"fr_FR\" \/>\n<meta property=\"og:type\" content=\"article\" \/>\n<meta property=\"og:title\" content=\"Visite guid\u00e9e priv\u00e9e \u00e0 pied de Singapour \u00e0 la d\u00e9couverte de la cuisine de rue\" \/>\n<meta property=\"og:description\" content=\"Visite guid\u00e9e priv\u00e9e \u00e0 pied de Singapour \u00e0 la d\u00e9couverte de la cuisine de rue. Explorez ses rues gr\u00e2ce \u00e0 cette visite priv\u00e9e d&#039;une journ\u00e9e compl\u00e8te avec un guide et un v\u00e9hicule priv\u00e9.\" \/>\n<meta property=\"og:url\" content=\"https:\/\/tourtravelandmore.com\/fr\/tours\/singapore-fr\/singapore-en-2-fr\/visite-guidee-privee-a-pied-de-singapour-copy\/\" \/>\n<meta property=\"og:site_name\" content=\"Tour Travel And More\" \/>\n<meta property=\"article:publisher\" content=\"https:\/\/www.facebook.com\/tourtravelandmore\/\" \/>\n<meta property=\"article:modified_time\" content=\"2025-07-21T14:52:36+00:00\" \/>\n<meta property=\"og:image\" content=\"https:\/\/tourtravelandmore.com\/wp-content\/uploads\/2025\/07\/pexels-pixabay-276114.jpg\" \/>\n\t<meta property=\"og:image:width\" content=\"1920\" \/>\n\t<meta property=\"og:image:height\" content=\"1280\" \/>\n\t<meta property=\"og:image:type\" content=\"image\/jpeg\" \/>\n<meta name=\"twitter:card\" content=\"summary_large_image\" \/>\n<meta name=\"twitter:site\" content=\"@TourTravel_More\" \/>\n<meta name=\"twitter:label1\" content=\"Dur\u00e9e de lecture estim\u00e9e\" \/>\n\t<meta name=\"twitter:data1\" content=\"2 minutes\" \/>\n<script type=\"application\/ld+json\" class=\"yoast-schema-graph\">{\"@context\":\"https:\/\/schema.org\",\"@graph\":[{\"@type\":\"WebPage\",\"@id\":\"https:\/\/tourtravelandmore.com\/fr\/tours\/singapore-fr\/singapore-en-2-fr\/visite-guidee-privee-a-pied-de-singapour-copy\/\",\"url\":\"https:\/\/tourtravelandmore.com\/fr\/tours\/singapore-fr\/singapore-en-2-fr\/visite-guidee-privee-a-pied-de-singapour-copy\/\",\"name\":\"Visite guid\u00e9e priv\u00e9e \u00e0 pied de Singapour \u00e0 la d\u00e9couverte de la cuisine de rue\",\"isPartOf\":{\"@id\":\"https:\/\/tourtravelandmore.com\/fr\/#website\"},\"primaryImageOfPage\":{\"@id\":\"https:\/\/tourtravelandmore.com\/fr\/tours\/singapore-fr\/singapore-en-2-fr\/visite-guidee-privee-a-pied-de-singapour-copy\/#primaryimage\"},\"image\":{\"@id\":\"https:\/\/tourtravelandmore.com\/fr\/tours\/singapore-fr\/singapore-en-2-fr\/visite-guidee-privee-a-pied-de-singapour-copy\/#primaryimage\"},\"thumbnailUrl\":\"https:\/\/tourtravelandmore.com\/wp-content\/uploads\/2025\/07\/pexels-pixabay-276114.jpg\",\"datePublished\":\"2025-07-21T14:45:33+00:00\",\"dateModified\":\"2025-07-21T14:52:36+00:00\",\"description\":\"Visite guid\u00e9e priv\u00e9e \u00e0 pied de Singapour \u00e0 la d\u00e9couverte de la cuisine de rue. Explorez ses rues gr\u00e2ce \u00e0 cette visite priv\u00e9e d'une journ\u00e9e compl\u00e8te avec un guide et un v\u00e9hicule priv\u00e9.\",\"breadcrumb\":{\"@id\":\"https:\/\/tourtravelandmore.com\/fr\/tours\/singapore-fr\/singapore-en-2-fr\/visite-guidee-privee-a-pied-de-singapour-copy\/#breadcrumb\"},\"inLanguage\":\"fr-FR\",\"potentialAction\":[{\"@type\":\"ReadAction\",\"target\":[\"https:\/\/tourtravelandmore.com\/fr\/tours\/singapore-fr\/singapore-en-2-fr\/visite-guidee-privee-a-pied-de-singapour-copy\/\"]}]},{\"@type\":\"ImageObject\",\"inLanguage\":\"fr-FR\",\"@id\":\"https:\/\/tourtravelandmore.com\/fr\/tours\/singapore-fr\/singapore-en-2-fr\/visite-guidee-privee-a-pied-de-singapour-copy\/#primaryimage\",\"url\":\"https:\/\/tourtravelandmore.com\/wp-content\/uploads\/2025\/07\/pexels-pixabay-276114.jpg\",\"contentUrl\":\"https:\/\/tourtravelandmore.com\/wp-content\/uploads\/2025\/07\/pexels-pixabay-276114.jpg\",\"width\":1920,\"height\":1280},{\"@type\":\"BreadcrumbList\",\"@id\":\"https:\/\/tourtravelandmore.com\/fr\/tours\/singapore-fr\/singapore-en-2-fr\/visite-guidee-privee-a-pied-de-singapour-copy\/#breadcrumb\",\"itemListElement\":[{\"@type\":\"ListItem\",\"position\":1,\"name\":\"Home\",\"item\":\"https:\/\/tourtravelandmore.com\/fr\/\"},{\"@type\":\"ListItem\",\"position\":2,\"name\":\"Tours\",\"item\":\"https:\/\/tourtravelandmore.com\/fr\/tours\/\"},{\"@type\":\"ListItem\",\"position\":3,\"name\":\"Visite guid\u00e9e priv\u00e9e \u00e0 pied de Singapour \u00e0 la d\u00e9couverte de la cuisine de rue\"}]},{\"@type\":\"WebSite\",\"@id\":\"https:\/\/tourtravelandmore.com\/fr\/#website\",\"url\":\"https:\/\/tourtravelandmore.com\/fr\/\",\"name\":\"Tour Travel And More\",\"description\":\"Private sightseeing tours and luxury transfers in Spain\",\"publisher\":{\"@id\":\"https:\/\/tourtravelandmore.com\/fr\/#organization\"},\"potentialAction\":[{\"@type\":\"SearchAction\",\"target\":{\"@type\":\"EntryPoint\",\"urlTemplate\":\"https:\/\/tourtravelandmore.com\/fr\/?s={search_term_string}\"},\"query-input\":{\"@type\":\"PropertyValueSpecification\",\"valueRequired\":true,\"valueName\":\"search_term_string\"}}],\"inLanguage\":\"fr-FR\"},{\"@type\":\"Organization\",\"@id\":\"https:\/\/tourtravelandmore.com\/fr\/#organization\",\"name\":\"Tour Travel And More\",\"url\":\"https:\/\/tourtravelandmore.com\/fr\/\",\"logo\":{\"@type\":\"ImageObject\",\"inLanguage\":\"fr-FR\",\"@id\":\"https:\/\/tourtravelandmore.com\/fr\/#\/schema\/logo\/image\/\",\"url\":\"https:\/\/tourtravelandmore.com\/wp-content\/uploads\/2022\/12\/cropped-logo-cabecera-new.png\",\"contentUrl\":\"https:\/\/tourtravelandmore.com\/wp-content\/uploads\/2022\/12\/cropped-logo-cabecera-new.png\",\"width\":430,\"height\":61,\"caption\":\"Tour Travel And More\"},\"image\":{\"@id\":\"https:\/\/tourtravelandmore.com\/fr\/#\/schema\/logo\/image\/\"},\"sameAs\":[\"https:\/\/www.facebook.com\/tourtravelandmore\/\",\"https:\/\/x.com\/TourTravel_More\"]}]}<\/script>\n<!-- \/ Yoast SEO Premium plugin. -->","yoast_head_json":{"title":"Visite guid\u00e9e priv\u00e9e \u00e0 pied de Singapour \u00e0 la d\u00e9couverte de la cuisine de rue","description":"Visite guid\u00e9e priv\u00e9e \u00e0 pied de Singapour \u00e0 la d\u00e9couverte de la cuisine de rue. Explorez ses rues gr\u00e2ce \u00e0 cette visite priv\u00e9e d'une journ\u00e9e compl\u00e8te avec un guide et un v\u00e9hicule priv\u00e9.","robots":{"index":"index","follow":"follow","max-snippet":"max-snippet:-1","max-image-preview":"max-image-preview:large","max-video-preview":"max-video-preview:-1"},"canonical":"https:\/\/tourtravelandmore.com\/fr\/tours\/singapore-fr\/singapore-en-2-fr\/visite-guidee-privee-a-pied-de-singapour-copy\/","og_locale":"fr_FR","og_type":"article","og_title":"Visite guid\u00e9e priv\u00e9e \u00e0 pied de Singapour \u00e0 la d\u00e9couverte de la cuisine de rue","og_description":"Visite guid\u00e9e priv\u00e9e \u00e0 pied de Singapour \u00e0 la d\u00e9couverte de la cuisine de rue. Explorez ses rues gr\u00e2ce \u00e0 cette visite priv\u00e9e d'une journ\u00e9e compl\u00e8te avec un guide et un v\u00e9hicule priv\u00e9.","og_url":"https:\/\/tourtravelandmore.com\/fr\/tours\/singapore-fr\/singapore-en-2-fr\/visite-guidee-privee-a-pied-de-singapour-copy\/","og_site_name":"Tour Travel And More","article_publisher":"https:\/\/www.facebook.com\/tourtravelandmore\/","article_modified_time":"2025-07-21T14:52:36+00:00","og_image":[{"width":1920,"height":1280,"url":"https:\/\/tourtravelandmore.com\/wp-content\/uploads\/2025\/07\/pexels-pixabay-276114.jpg","type":"image\/jpeg"}],"twitter_card":"summary_large_image","twitter_site":"@TourTravel_More","twitter_misc":{"Dur\u00e9e de lecture estim\u00e9e":"2 minutes"},"schema":{"@context":"https:\/\/schema.org","@graph":[{"@type":"WebPage","@id":"https:\/\/tourtravelandmore.com\/fr\/tours\/singapore-fr\/singapore-en-2-fr\/visite-guidee-privee-a-pied-de-singapour-copy\/","url":"https:\/\/tourtravelandmore.com\/fr\/tours\/singapore-fr\/singapore-en-2-fr\/visite-guidee-privee-a-pied-de-singapour-copy\/","name":"Visite guid\u00e9e priv\u00e9e \u00e0 pied de Singapour \u00e0 la d\u00e9couverte de la cuisine de rue","isPartOf":{"@id":"https:\/\/tourtravelandmore.com\/fr\/#website"},"primaryImageOfPage":{"@id":"https:\/\/tourtravelandmore.com\/fr\/tours\/singapore-fr\/singapore-en-2-fr\/visite-guidee-privee-a-pied-de-singapour-copy\/#primaryimage"},"image":{"@id":"https:\/\/tourtravelandmore.com\/fr\/tours\/singapore-fr\/singapore-en-2-fr\/visite-guidee-privee-a-pied-de-singapour-copy\/#primaryimage"},"thumbnailUrl":"https:\/\/tourtravelandmore.com\/wp-content\/uploads\/2025\/07\/pexels-pixabay-276114.jpg","datePublished":"2025-07-21T14:45:33+00:00","dateModified":"2025-07-21T14:52:36+00:00","description":"Visite guid\u00e9e priv\u00e9e \u00e0 pied de Singapour \u00e0 la d\u00e9couverte de la cuisine de rue. Explorez ses rues gr\u00e2ce \u00e0 cette visite priv\u00e9e d'une journ\u00e9e compl\u00e8te avec un guide et un v\u00e9hicule priv\u00e9.","breadcrumb":{"@id":"https:\/\/tourtravelandmore.com\/fr\/tours\/singapore-fr\/singapore-en-2-fr\/visite-guidee-privee-a-pied-de-singapour-copy\/#breadcrumb"},"inLanguage":"fr-FR","potentialAction":[{"@type":"ReadAction","target":["https:\/\/tourtravelandmore.com\/fr\/tours\/singapore-fr\/singapore-en-2-fr\/visite-guidee-privee-a-pied-de-singapour-copy\/"]}]},{"@type":"ImageObject","inLanguage":"fr-FR","@id":"https:\/\/tourtravelandmore.com\/fr\/tours\/singapore-fr\/singapore-en-2-fr\/visite-guidee-privee-a-pied-de-singapour-copy\/#primaryimage","url":"https:\/\/tourtravelandmore.com\/wp-content\/uploads\/2025\/07\/pexels-pixabay-276114.jpg","contentUrl":"https:\/\/tourtravelandmore.com\/wp-content\/uploads\/2025\/07\/pexels-pixabay-276114.jpg","width":1920,"height":1280},{"@type":"BreadcrumbList","@id":"https:\/\/tourtravelandmore.com\/fr\/tours\/singapore-fr\/singapore-en-2-fr\/visite-guidee-privee-a-pied-de-singapour-copy\/#breadcrumb","itemListElement":[{"@type":"ListItem","position":1,"name":"Home","item":"https:\/\/tourtravelandmore.com\/fr\/"},{"@type":"ListItem","position":2,"name":"Tours","item":"https:\/\/tourtravelandmore.com\/fr\/tours\/"},{"@type":"ListItem","position":3,"name":"Visite guid\u00e9e priv\u00e9e \u00e0 pied de Singapour \u00e0 la d\u00e9couverte de la cuisine de rue"}]},{"@type":"WebSite","@id":"https:\/\/tourtravelandmore.com\/fr\/#website","url":"https:\/\/tourtravelandmore.com\/fr\/","name":"Tour Travel And More","description":"Private sightseeing tours and luxury transfers in Spain","publisher":{"@id":"https:\/\/tourtravelandmore.com\/fr\/#organization"},"potentialAction":[{"@type":"SearchAction","target":{"@type":"EntryPoint","urlTemplate":"https:\/\/tourtravelandmore.com\/fr\/?s={search_term_string}"},"query-input":{"@type":"PropertyValueSpecification","valueRequired":true,"valueName":"search_term_string"}}],"inLanguage":"fr-FR"},{"@type":"Organization","@id":"https:\/\/tourtravelandmore.com\/fr\/#organization","name":"Tour Travel And More","url":"https:\/\/tourtravelandmore.com\/fr\/","logo":{"@type":"ImageObject","inLanguage":"fr-FR","@id":"https:\/\/tourtravelandmore.com\/fr\/#\/schema\/logo\/image\/","url":"https:\/\/tourtravelandmore.com\/wp-content\/uploads\/2022\/12\/cropped-logo-cabecera-new.png","contentUrl":"https:\/\/tourtravelandmore.com\/wp-content\/uploads\/2022\/12\/cropped-logo-cabecera-new.png","width":430,"height":61,"caption":"Tour Travel And More"},"image":{"@id":"https:\/\/tourtravelandmore.com\/fr\/#\/schema\/logo\/image\/"},"sameAs":["https:\/\/www.facebook.com\/tourtravelandmore\/","https:\/\/x.com\/TourTravel_More"]}]}},"_links":{"self":[{"href":"https:\/\/tourtravelandmore.com\/fr\/wp-json\/wp\/v2\/product\/185779","targetHints":{"allow":["GET"]}}],"collection":[{"href":"https:\/\/tourtravelandmore.com\/fr\/wp-json\/wp\/v2\/product"}],"about":[{"href":"https:\/\/tourtravelandmore.com\/fr\/wp-json\/wp\/v2\/types\/product"}],"replies":[{"embeddable":true,"href":"https:\/\/tourtravelandmore.com\/fr\/wp-json\/wp\/v2\/comments?post=185779"}],"wp:featuredmedia":[{"embeddable":true,"href":"https:\/\/tourtravelandmore.com\/fr\/wp-json\/wp\/v2\/media\/185791"}],"wp:attachment":[{"href":"https:\/\/tourtravelandmore.com\/fr\/wp-json\/wp\/v2\/media?parent=185779"}],"wp:term":[{"taxonomy":"product_brand","embeddable":true,"href":"https:\/\/tourtravelandmore.com\/fr\/wp-json\/wp\/v2\/product_brand?post=185779"},{"taxonomy":"product_cat","embeddable":true,"href":"https:\/\/tourtravelandmore.com\/fr\/wp-json\/wp\/v2\/product_cat?post=185779"},{"taxonomy":"product_tag","embeddable":true,"href":"https:\/\/tourtravelandmore.com\/fr\/wp-json\/wp\/v2\/product_tag?post=185779"}],"curies":[{"name":"wp","href":"https:\/\/api.w.org\/{rel}","templated":true}]}}