{"id":185632,"date":"2025-07-18T18:47:29","date_gmt":"2025-07-18T16:47:36","guid":{"rendered":"https:\/\/tourtravelandmore.com\/?post_type=product&#038;p=185632"},"modified":"2025-07-18T20:44:01","modified_gmt":"2025-07-18T18:44:01","slug":"visite-privee-dune-demi-journee-de-la-ville-de-seoul-copy-2","status":"publish","type":"product","link":"https:\/\/tourtravelandmore.com\/fr\/tours\/singapore-fr\/singapore-en-2-fr\/visite-privee-dune-demi-journee-de-la-ville-de-seoul-copy-2\/","title":{"rendered":"Visite priv\u00e9e d&#8217;une demi-journ\u00e9e de Singapour"},"content":{"rendered":"<h2><b><strong>Description | Visite priv\u00e9e d&#8217;une demi-journ\u00e9e de Singapour<\/strong><\/b><\/h2>\n<p>D\u00e9couvrez la ville de mani\u00e8re \u00e9l\u00e9gante et efficace gr\u00e2ce \u00e0 notre visite priv\u00e9e d&#8217;une demi-journ\u00e9e de Singapour. En seulement quatre heures, vous explorerez certains des sites les plus embl\u00e9matiques de la ville dans le confort d&#8217;un v\u00e9hicule priv\u00e9 et en compagnie d&#8217;un guide expert.<\/p>\n<p>Commencez votre voyage \u00e0 <b>Marina Bay<\/b>, o\u00f9 l&#8217;architecture moderne c\u00f4toie des vues \u00e0 couper le souffle. Ensuite, explorez le charme colonial du <b>quartier civique<\/b>, en passant par le Padang, l&#8217;h\u00f4tel de ville et la Cour supr\u00eame. Tout au long de la visite, votre guide vous fera d\u00e9couvrir les racines multiculturelles de Singapour et l&#8217;histoire de son ascension en tant que ville mondiale. Cette <i>visite priv\u00e9e d&#8217;une demi-journ\u00e9e de Singapour<\/i> offre un \u00e9quilibre entre histoire, architecture et culture, ce qui est parfait pour les visiteurs qui d\u00e9couvrent la ville pour la premi\u00e8re fois.<\/p>\n<p>Que vous disposiez d&#8217;une longue escale ou que vous pr\u00e9f\u00e9riez des excursions plus courtes, cette exp\u00e9rience vous offre un aper\u00e7u privil\u00e9gi\u00e9 du c\u0153ur de Singapour.<\/p>\n<h2><b><strong>Points forts<\/strong><\/b><\/h2>\n<p><b>Marina Bay : skyline embl\u00e9matique et arr\u00eats photo<\/b> : d\u00e9couvrez des sites embl\u00e9matiques tels que Marina Bay Sands, le Merlion et l&#8217;Esplanade.<\/p>\n<p><b>Quartier civique : h\u00e9ritage colonial<\/b> : traversez le c\u0153ur historique de Singapour, riche en b\u00e2timents n\u00e9oclassiques et monuments nationaux.<\/p>\n<p><b>Little India : contraste culturel<\/b> : une visite rapide mais color\u00e9e qui r\u00e9v\u00e8le une autre facette de la ville.<\/p>\n<p><b>Chinatown : la tradition rencontre la vie urbaine<\/b> : explorez un m\u00e9lange de temples, de boutiques et de rues anim\u00e9es.<\/p>\n<p><b>Gardens by the Bay (ext\u00e9rieur) : nature moderne<\/b> : admirez de l&#8217;ext\u00e9rieur le Supertree Grove et le Flower Dome, deux structures futuristes.<\/p>\n<p>Flexible et confortable : gr\u00e2ce \u00e0 un transport priv\u00e9, vous pouvez adapter votre horaire et profiter de la visite \u00e0 votre rythme.<\/p>\n<p>D\u00e9couvrez d&#8217;autres visites priv\u00e9es \u00e0 Singapour pour enrichir votre programme de voyage.<\/p>\n<p>Pour obtenir des informations officielles sur la destination, consultez les sites <a href=\"https:\/\/www.visitsingapore.com\/\" data-mce-href=\"https:\/\/www.visitsingapore.com\/\">VisitSingapore<\/a> et <a href=\"https:\/\/www.nhb.gov.sg\/\" data-mce-href=\"https:\/\/www.nhb.gov.sg\/\">Singapore National Heritage Board<\/a>.<\/p>\n<p>Cette <i>visite priv\u00e9e d&#8217;une demi-journ\u00e9e de Singapour<\/i> est le moyen id\u00e9al pour explorer l&#8217;essence de la ville, dans le confort, l&#8217;\u00e9l\u00e9gance et en profondeur.<\/p>\n","protected":false},"excerpt":{"rendered":"<p>D\u00e9couvrez la ville de mani\u00e8re \u00e9l\u00e9gante et efficace gr\u00e2ce \u00e0 notre visite priv\u00e9e d&#8217;une demi-journ\u00e9e de Singapour. En seulement quatre heures, vous explorerez certains des sites les plus embl\u00e9matiques de la ville dans le confort d&#8217;un v\u00e9hicule priv\u00e9 et en compagnie d&#8217;un guide expert.<\/p>\n","protected":false},"featured_media":185644,"comment_status":"open","ping_status":"closed","template":"","meta":{"_acf_changed":false},"product_brand":[],"product_cat":[5575,5578],"product_tag":[],"class_list":{"0":"post-185632","1":"product","2":"type-product","3":"status-publish","4":"has-post-thumbnail","6":"product_cat-singapore-fr","7":"product_cat-singapore-en-2-fr","9":"first","10":"instock","11":"shipping-taxable","12":"purchasable","13":"product-type-simple"},"acf":[],"yoast_head":"<!-- This site is optimized with the Yoast SEO Premium plugin v25.3.1 (Yoast SEO v25.3.1) - https:\/\/yoast.com\/wordpress\/plugins\/seo\/ -->\n<title>Visite priv\u00e9e d&#039;une demi-journ\u00e9e de Singapour<\/title>\n<meta name=\"description\" content=\"Visite priv\u00e9e d&#039;une demi-journ\u00e9e de Singapour. Explorez ses rues gr\u00e2ce \u00e0 cette visite priv\u00e9e d&#039;une journ\u00e9e compl\u00e8te avec un guide et un v\u00e9hicule priv\u00e9.\" \/>\n<meta name=\"robots\" content=\"index, follow, max-snippet:-1, max-image-preview:large, max-video-preview:-1\" \/>\n<link rel=\"canonical\" href=\"https:\/\/tourtravelandmore.com\/fr\/tours\/singapore-fr\/singapore-en-2-fr\/visite-privee-dune-demi-journee-de-la-ville-de-seoul-copy-2\/\" \/>\n<meta property=\"og:locale\" content=\"fr_FR\" \/>\n<meta property=\"og:type\" content=\"article\" \/>\n<meta property=\"og:title\" content=\"Visite priv\u00e9e d&#039;une demi-journ\u00e9e de Singapour\" \/>\n<meta property=\"og:description\" content=\"Visite priv\u00e9e d&#039;une demi-journ\u00e9e de Singapour. Explorez ses rues gr\u00e2ce \u00e0 cette visite priv\u00e9e d&#039;une journ\u00e9e compl\u00e8te avec un guide et un v\u00e9hicule priv\u00e9.\" \/>\n<meta property=\"og:url\" content=\"https:\/\/tourtravelandmore.com\/fr\/tours\/singapore-fr\/singapore-en-2-fr\/visite-privee-dune-demi-journee-de-la-ville-de-seoul-copy-2\/\" \/>\n<meta property=\"og:site_name\" content=\"Tour Travel And More\" \/>\n<meta property=\"article:publisher\" content=\"https:\/\/www.facebook.com\/tourtravelandmore\/\" \/>\n<meta property=\"article:modified_time\" content=\"2025-07-18T18:44:01+00:00\" \/>\n<meta property=\"og:image\" content=\"https:\/\/tourtravelandmore.com\/wp-content\/uploads\/2025\/07\/pexels-stijn-dijkstra-1306815-2499786.jpg\" \/>\n\t<meta property=\"og:image:width\" content=\"1280\" \/>\n\t<meta property=\"og:image:height\" content=\"853\" \/>\n\t<meta property=\"og:image:type\" content=\"image\/jpeg\" \/>\n<meta name=\"twitter:card\" content=\"summary_large_image\" \/>\n<meta name=\"twitter:site\" content=\"@TourTravel_More\" \/>\n<meta name=\"twitter:label1\" content=\"Dur\u00e9e de lecture estim\u00e9e\" \/>\n\t<meta name=\"twitter:data1\" content=\"2 minutes\" \/>\n<script type=\"application\/ld+json\" class=\"yoast-schema-graph\">{\"@context\":\"https:\/\/schema.org\",\"@graph\":[{\"@type\":\"WebPage\",\"@id\":\"https:\/\/tourtravelandmore.com\/fr\/tours\/singapore-fr\/singapore-en-2-fr\/visite-privee-dune-demi-journee-de-la-ville-de-seoul-copy-2\/\",\"url\":\"https:\/\/tourtravelandmore.com\/fr\/tours\/singapore-fr\/singapore-en-2-fr\/visite-privee-dune-demi-journee-de-la-ville-de-seoul-copy-2\/\",\"name\":\"Visite priv\u00e9e d'une demi-journ\u00e9e de Singapour\",\"isPartOf\":{\"@id\":\"https:\/\/tourtravelandmore.com\/fr\/#website\"},\"primaryImageOfPage\":{\"@id\":\"https:\/\/tourtravelandmore.com\/fr\/tours\/singapore-fr\/singapore-en-2-fr\/visite-privee-dune-demi-journee-de-la-ville-de-seoul-copy-2\/#primaryimage\"},\"image\":{\"@id\":\"https:\/\/tourtravelandmore.com\/fr\/tours\/singapore-fr\/singapore-en-2-fr\/visite-privee-dune-demi-journee-de-la-ville-de-seoul-copy-2\/#primaryimage\"},\"thumbnailUrl\":\"https:\/\/tourtravelandmore.com\/wp-content\/uploads\/2025\/07\/pexels-stijn-dijkstra-1306815-2499786.jpg\",\"datePublished\":\"2025-07-18T16:47:36+00:00\",\"dateModified\":\"2025-07-18T18:44:01+00:00\",\"description\":\"Visite priv\u00e9e d'une demi-journ\u00e9e de Singapour. Explorez ses rues gr\u00e2ce \u00e0 cette visite priv\u00e9e d'une journ\u00e9e compl\u00e8te avec un guide et un v\u00e9hicule priv\u00e9.\",\"breadcrumb\":{\"@id\":\"https:\/\/tourtravelandmore.com\/fr\/tours\/singapore-fr\/singapore-en-2-fr\/visite-privee-dune-demi-journee-de-la-ville-de-seoul-copy-2\/#breadcrumb\"},\"inLanguage\":\"fr-FR\",\"potentialAction\":[{\"@type\":\"ReadAction\",\"target\":[\"https:\/\/tourtravelandmore.com\/fr\/tours\/singapore-fr\/singapore-en-2-fr\/visite-privee-dune-demi-journee-de-la-ville-de-seoul-copy-2\/\"]}]},{\"@type\":\"ImageObject\",\"inLanguage\":\"fr-FR\",\"@id\":\"https:\/\/tourtravelandmore.com\/fr\/tours\/singapore-fr\/singapore-en-2-fr\/visite-privee-dune-demi-journee-de-la-ville-de-seoul-copy-2\/#primaryimage\",\"url\":\"https:\/\/tourtravelandmore.com\/wp-content\/uploads\/2025\/07\/pexels-stijn-dijkstra-1306815-2499786.jpg\",\"contentUrl\":\"https:\/\/tourtravelandmore.com\/wp-content\/uploads\/2025\/07\/pexels-stijn-dijkstra-1306815-2499786.jpg\",\"width\":1280,\"height\":853},{\"@type\":\"BreadcrumbList\",\"@id\":\"https:\/\/tourtravelandmore.com\/fr\/tours\/singapore-fr\/singapore-en-2-fr\/visite-privee-dune-demi-journee-de-la-ville-de-seoul-copy-2\/#breadcrumb\",\"itemListElement\":[{\"@type\":\"ListItem\",\"position\":1,\"name\":\"Home\",\"item\":\"https:\/\/tourtravelandmore.com\/fr\/\"},{\"@type\":\"ListItem\",\"position\":2,\"name\":\"Tours\",\"item\":\"https:\/\/tourtravelandmore.com\/fr\/tours\/\"},{\"@type\":\"ListItem\",\"position\":3,\"name\":\"Visite priv\u00e9e d&#8217;une demi-journ\u00e9e de Singapour\"}]},{\"@type\":\"WebSite\",\"@id\":\"https:\/\/tourtravelandmore.com\/fr\/#website\",\"url\":\"https:\/\/tourtravelandmore.com\/fr\/\",\"name\":\"Tour Travel And More\",\"description\":\"Private sightseeing tours and luxury transfers in Spain\",\"publisher\":{\"@id\":\"https:\/\/tourtravelandmore.com\/fr\/#organization\"},\"potentialAction\":[{\"@type\":\"SearchAction\",\"target\":{\"@type\":\"EntryPoint\",\"urlTemplate\":\"https:\/\/tourtravelandmore.com\/fr\/?s={search_term_string}\"},\"query-input\":{\"@type\":\"PropertyValueSpecification\",\"valueRequired\":true,\"valueName\":\"search_term_string\"}}],\"inLanguage\":\"fr-FR\"},{\"@type\":\"Organization\",\"@id\":\"https:\/\/tourtravelandmore.com\/fr\/#organization\",\"name\":\"Tour Travel And More\",\"url\":\"https:\/\/tourtravelandmore.com\/fr\/\",\"logo\":{\"@type\":\"ImageObject\",\"inLanguage\":\"fr-FR\",\"@id\":\"https:\/\/tourtravelandmore.com\/fr\/#\/schema\/logo\/image\/\",\"url\":\"https:\/\/tourtravelandmore.com\/wp-content\/uploads\/2022\/12\/cropped-logo-cabecera-new.png\",\"contentUrl\":\"https:\/\/tourtravelandmore.com\/wp-content\/uploads\/2022\/12\/cropped-logo-cabecera-new.png\",\"width\":430,\"height\":61,\"caption\":\"Tour Travel And More\"},\"image\":{\"@id\":\"https:\/\/tourtravelandmore.com\/fr\/#\/schema\/logo\/image\/\"},\"sameAs\":[\"https:\/\/www.facebook.com\/tourtravelandmore\/\",\"https:\/\/x.com\/TourTravel_More\"]}]}<\/script>\n<!-- \/ Yoast SEO Premium plugin. -->","yoast_head_json":{"title":"Visite priv\u00e9e d'une demi-journ\u00e9e de Singapour","description":"Visite priv\u00e9e d'une demi-journ\u00e9e de Singapour. Explorez ses rues gr\u00e2ce \u00e0 cette visite priv\u00e9e d'une journ\u00e9e compl\u00e8te avec un guide et un v\u00e9hicule priv\u00e9.","robots":{"index":"index","follow":"follow","max-snippet":"max-snippet:-1","max-image-preview":"max-image-preview:large","max-video-preview":"max-video-preview:-1"},"canonical":"https:\/\/tourtravelandmore.com\/fr\/tours\/singapore-fr\/singapore-en-2-fr\/visite-privee-dune-demi-journee-de-la-ville-de-seoul-copy-2\/","og_locale":"fr_FR","og_type":"article","og_title":"Visite priv\u00e9e d'une demi-journ\u00e9e de Singapour","og_description":"Visite priv\u00e9e d'une demi-journ\u00e9e de Singapour. Explorez ses rues gr\u00e2ce \u00e0 cette visite priv\u00e9e d'une journ\u00e9e compl\u00e8te avec un guide et un v\u00e9hicule priv\u00e9.","og_url":"https:\/\/tourtravelandmore.com\/fr\/tours\/singapore-fr\/singapore-en-2-fr\/visite-privee-dune-demi-journee-de-la-ville-de-seoul-copy-2\/","og_site_name":"Tour Travel And More","article_publisher":"https:\/\/www.facebook.com\/tourtravelandmore\/","article_modified_time":"2025-07-18T18:44:01+00:00","og_image":[{"width":1280,"height":853,"url":"https:\/\/tourtravelandmore.com\/wp-content\/uploads\/2025\/07\/pexels-stijn-dijkstra-1306815-2499786.jpg","type":"image\/jpeg"}],"twitter_card":"summary_large_image","twitter_site":"@TourTravel_More","twitter_misc":{"Dur\u00e9e de lecture estim\u00e9e":"2 minutes"},"schema":{"@context":"https:\/\/schema.org","@graph":[{"@type":"WebPage","@id":"https:\/\/tourtravelandmore.com\/fr\/tours\/singapore-fr\/singapore-en-2-fr\/visite-privee-dune-demi-journee-de-la-ville-de-seoul-copy-2\/","url":"https:\/\/tourtravelandmore.com\/fr\/tours\/singapore-fr\/singapore-en-2-fr\/visite-privee-dune-demi-journee-de-la-ville-de-seoul-copy-2\/","name":"Visite priv\u00e9e d'une demi-journ\u00e9e de Singapour","isPartOf":{"@id":"https:\/\/tourtravelandmore.com\/fr\/#website"},"primaryImageOfPage":{"@id":"https:\/\/tourtravelandmore.com\/fr\/tours\/singapore-fr\/singapore-en-2-fr\/visite-privee-dune-demi-journee-de-la-ville-de-seoul-copy-2\/#primaryimage"},"image":{"@id":"https:\/\/tourtravelandmore.com\/fr\/tours\/singapore-fr\/singapore-en-2-fr\/visite-privee-dune-demi-journee-de-la-ville-de-seoul-copy-2\/#primaryimage"},"thumbnailUrl":"https:\/\/tourtravelandmore.com\/wp-content\/uploads\/2025\/07\/pexels-stijn-dijkstra-1306815-2499786.jpg","datePublished":"2025-07-18T16:47:36+00:00","dateModified":"2025-07-18T18:44:01+00:00","description":"Visite priv\u00e9e d'une demi-journ\u00e9e de Singapour. Explorez ses rues gr\u00e2ce \u00e0 cette visite priv\u00e9e d'une journ\u00e9e compl\u00e8te avec un guide et un v\u00e9hicule priv\u00e9.","breadcrumb":{"@id":"https:\/\/tourtravelandmore.com\/fr\/tours\/singapore-fr\/singapore-en-2-fr\/visite-privee-dune-demi-journee-de-la-ville-de-seoul-copy-2\/#breadcrumb"},"inLanguage":"fr-FR","potentialAction":[{"@type":"ReadAction","target":["https:\/\/tourtravelandmore.com\/fr\/tours\/singapore-fr\/singapore-en-2-fr\/visite-privee-dune-demi-journee-de-la-ville-de-seoul-copy-2\/"]}]},{"@type":"ImageObject","inLanguage":"fr-FR","@id":"https:\/\/tourtravelandmore.com\/fr\/tours\/singapore-fr\/singapore-en-2-fr\/visite-privee-dune-demi-journee-de-la-ville-de-seoul-copy-2\/#primaryimage","url":"https:\/\/tourtravelandmore.com\/wp-content\/uploads\/2025\/07\/pexels-stijn-dijkstra-1306815-2499786.jpg","contentUrl":"https:\/\/tourtravelandmore.com\/wp-content\/uploads\/2025\/07\/pexels-stijn-dijkstra-1306815-2499786.jpg","width":1280,"height":853},{"@type":"BreadcrumbList","@id":"https:\/\/tourtravelandmore.com\/fr\/tours\/singapore-fr\/singapore-en-2-fr\/visite-privee-dune-demi-journee-de-la-ville-de-seoul-copy-2\/#breadcrumb","itemListElement":[{"@type":"ListItem","position":1,"name":"Home","item":"https:\/\/tourtravelandmore.com\/fr\/"},{"@type":"ListItem","position":2,"name":"Tours","item":"https:\/\/tourtravelandmore.com\/fr\/tours\/"},{"@type":"ListItem","position":3,"name":"Visite priv\u00e9e d&#8217;une demi-journ\u00e9e de Singapour"}]},{"@type":"WebSite","@id":"https:\/\/tourtravelandmore.com\/fr\/#website","url":"https:\/\/tourtravelandmore.com\/fr\/","name":"Tour Travel And More","description":"Private sightseeing tours and luxury transfers in Spain","publisher":{"@id":"https:\/\/tourtravelandmore.com\/fr\/#organization"},"potentialAction":[{"@type":"SearchAction","target":{"@type":"EntryPoint","urlTemplate":"https:\/\/tourtravelandmore.com\/fr\/?s={search_term_string}"},"query-input":{"@type":"PropertyValueSpecification","valueRequired":true,"valueName":"search_term_string"}}],"inLanguage":"fr-FR"},{"@type":"Organization","@id":"https:\/\/tourtravelandmore.com\/fr\/#organization","name":"Tour Travel And More","url":"https:\/\/tourtravelandmore.com\/fr\/","logo":{"@type":"ImageObject","inLanguage":"fr-FR","@id":"https:\/\/tourtravelandmore.com\/fr\/#\/schema\/logo\/image\/","url":"https:\/\/tourtravelandmore.com\/wp-content\/uploads\/2022\/12\/cropped-logo-cabecera-new.png","contentUrl":"https:\/\/tourtravelandmore.com\/wp-content\/uploads\/2022\/12\/cropped-logo-cabecera-new.png","width":430,"height":61,"caption":"Tour Travel And More"},"image":{"@id":"https:\/\/tourtravelandmore.com\/fr\/#\/schema\/logo\/image\/"},"sameAs":["https:\/\/www.facebook.com\/tourtravelandmore\/","https:\/\/x.com\/TourTravel_More"]}]}},"_links":{"self":[{"href":"https:\/\/tourtravelandmore.com\/fr\/wp-json\/wp\/v2\/product\/185632","targetHints":{"allow":["GET"]}}],"collection":[{"href":"https:\/\/tourtravelandmore.com\/fr\/wp-json\/wp\/v2\/product"}],"about":[{"href":"https:\/\/tourtravelandmore.com\/fr\/wp-json\/wp\/v2\/types\/product"}],"replies":[{"embeddable":true,"href":"https:\/\/tourtravelandmore.com\/fr\/wp-json\/wp\/v2\/comments?post=185632"}],"wp:featuredmedia":[{"embeddable":true,"href":"https:\/\/tourtravelandmore.com\/fr\/wp-json\/wp\/v2\/media\/185644"}],"wp:attachment":[{"href":"https:\/\/tourtravelandmore.com\/fr\/wp-json\/wp\/v2\/media?parent=185632"}],"wp:term":[{"taxonomy":"product_brand","embeddable":true,"href":"https:\/\/tourtravelandmore.com\/fr\/wp-json\/wp\/v2\/product_brand?post=185632"},{"taxonomy":"product_cat","embeddable":true,"href":"https:\/\/tourtravelandmore.com\/fr\/wp-json\/wp\/v2\/product_cat?post=185632"},{"taxonomy":"product_tag","embeddable":true,"href":"https:\/\/tourtravelandmore.com\/fr\/wp-json\/wp\/v2\/product_tag?post=185632"}],"curies":[{"name":"wp","href":"https:\/\/api.w.org\/{rel}","templated":true}]}}