{"id":185576,"date":"2025-07-11T16:47:18","date_gmt":"2025-07-11T14:47:21","guid":{"rendered":"https:\/\/tourtravelandmore.com\/?post_type=product&#038;p=185576"},"modified":"2025-07-11T16:56:56","modified_gmt":"2025-07-11T14:56:56","slug":"transfert-prive-depuis-vers-laeroport-ou-la-gare-de-seoul-copy-2","status":"publish","type":"product","link":"https:\/\/tourtravelandmore.com\/fr\/tours\/coree-du-sud-fr\/busan\/transfert-prive-depuis-vers-laeroport-ou-la-gare-de-seoul-copy-2\/","title":{"rendered":"Transfert priv\u00e9 depuis\/vers l&#8217;a\u00e9roport ou la gare de Busan"},"content":{"rendered":"<h2><b><strong>Description<\/strong><\/b><\/h2>\n<p>Arrivez \u00e0 Busan en toute simplicit\u00e9 gr\u00e2ce \u00e0 notre service de transfert priv\u00e9 depuis l&#8217;a\u00e9roport ou la gare vers Busan. Que vous atterrissiez \u00e0 l&#8217;a\u00e9roport d&#8217;Incheon ou de Gimpo, ou que vous arriviez en train, notre service avec chauffeur vous garantit un trajet agr\u00e9able et relaxant jusqu&#8217;\u00e0 votre destination.<\/p>\n<p>Vous n&#8217;aurez pas \u00e0 vous soucier de l&#8217;itin\u00e9raire, de la barri\u00e8re de la langue ou des transports en commun. D\u00e8s votre arriv\u00e9e, votre chauffeur vous attendra avec une pancarte et un sourire, pr\u00eat \u00e0 vous aider avec vos bagages et \u00e0 vous mettre en route. Ce transfert priv\u00e9 depuis\/vers l&#8217;a\u00e9roport ou la gare vers Busan est id\u00e9al pour les particuliers, les familles ou les voyageurs d&#8217;affaires qui appr\u00e9cient le confort, la fiabilit\u00e9 et le gain de temps.<\/p>\n<p>Le trajet est direct, priv\u00e9 et enti\u00e8rement personnalis\u00e9 en fonction de votre emploi du temps. C&#8217;est le moyen id\u00e9al pour commencer ou terminer votre s\u00e9jour dans la capitale cor\u00e9enne.<\/p>\n<h2><b><strong>Points forts | Transfert priv\u00e9 depuis\/vers l&#8217;a\u00e9roport ou la gare de Busan<\/strong><\/b><\/h2>\n<ul>\n<li><b>Confort porte-\u00e0-porte<\/b> : profitez d&#8217;un transport direct entre l&#8217;a\u00e9roport ou la gare et votre h\u00f4tel ou votre h\u00e9bergement \u00e0 Busan.<\/li>\n<li><b>Chauffeur professionnel<\/b> : votre chauffeur agr\u00e9\u00e9 vous garantit s\u00e9curit\u00e9, ponctualit\u00e9 et assistance avec vos bagages du d\u00e9but \u00e0 la fin.<\/li>\n<li><b>Suivi des vols et des trains<\/b> : nous suivons les heures d&#8217;arriv\u00e9e afin de nous adapter aux retards et de garantir une prise en charge ponctuelle et sans stress.<\/li>\n<li><b>Options flexibles<\/b> : choisissez un service aller simple ou aller-retour en fonction de vos besoins.<\/li>\n<li><b>Pas de barri\u00e8re linguistique<\/b> : la communication est fluide, nos chauffeurs sont exp\u00e9riment\u00e9s et form\u00e9s pour accueillir des clients internationaux.<\/li>\n<li><b>V\u00e9hicule priv\u00e9 et propre<\/b> : voyagez dans une voiture ou un minibus confortable, bien entretenu et r\u00e9serv\u00e9 exclusivement pour vous ou votre groupe.<\/li>\n<\/ul>\n<p><a href=\"https:\/\/tourtravelandmore.com\/cities\/seoul\/\">R\u00e9servez d&#8217;autres transferts priv\u00e9s \u00e0 Busan <\/a>et voyagez intelligemment, sans stress et selon vos propres conditions.<\/p>\n<p>Pour plus d&#8217;informations sur l&#8217;a\u00e9roport et les services \u00e0 l&#8217;arriv\u00e9e,<a href=\"https:\/\/www.airport.kr\/ap\/en\/index.do\"> consultez le site web de l&#8217;a\u00e9roport d&#8217;Incheo<\/a>n ou le site officiel de Korail pour acc\u00e9der \u00e0 la gare.<\/p>\n<p>Ce transfert priv\u00e9 depuis\/vers l&#8217;a\u00e9roport ou la gare vers Busan vous garantit une tranquillit\u00e9 d&#8217;esprit totale. Du premier au dernier kilom\u00e8tre, vous voyagerez en toute simplicit\u00e9, dans le confort et en toute fiabilit\u00e9.<\/p>\n","protected":false},"excerpt":{"rendered":"<p>Arrivez \u00e0 Busan en toute simplicit\u00e9 gr\u00e2ce \u00e0 notre service de transfert priv\u00e9 depuis l&#8217;a\u00e9roport ou la gare vers Busan. Que vous atterrissiez \u00e0 l&#8217;a\u00e9roport d&#8217;Incheon ou de Gimpo, ou que vous arriviez en train, notre service avec chauffeur vous garantit un trajet agr\u00e9able et relaxant jusqu&#8217;\u00e0 votre destination.<\/p>\n","protected":false},"featured_media":185181,"comment_status":"open","ping_status":"closed","template":"","meta":{"_acf_changed":false},"product_brand":[],"product_cat":[5563,5560,5553],"product_tag":[],"class_list":{"0":"post-185576","1":"product","2":"type-product","3":"status-publish","4":"has-post-thumbnail","6":"product_cat-all-private-tours-fr-10","7":"product_cat-busan","8":"product_cat-coree-du-sud-fr","10":"first","11":"instock","12":"shipping-taxable","13":"purchasable","14":"product-type-simple"},"acf":[],"yoast_head":"<!-- This site is optimized with the Yoast SEO Premium plugin v25.3.1 (Yoast SEO v25.3.1) - https:\/\/yoast.com\/wordpress\/plugins\/seo\/ -->\n<title>Transfert priv\u00e9 depuis\/vers l&#039;a\u00e9roport ou la gare de Busan<\/title>\n<meta name=\"description\" content=\"Transfert priv\u00e9 depuis\/vers l&#039;a\u00e9roport ou la gare de Busan. Explorez ses rues gr\u00e2ce \u00e0 cette visite priv\u00e9e d&#039;une journ\u00e9e compl\u00e8te avec un guide et un v\u00e9hicule priv\u00e9.\" \/>\n<meta name=\"robots\" content=\"index, follow, max-snippet:-1, max-image-preview:large, max-video-preview:-1\" \/>\n<link rel=\"canonical\" href=\"https:\/\/tourtravelandmore.com\/fr\/tours\/coree-du-sud-fr\/busan\/transfert-prive-depuis-vers-laeroport-ou-la-gare-de-seoul-copy-2\/\" \/>\n<meta property=\"og:locale\" content=\"fr_FR\" \/>\n<meta property=\"og:type\" content=\"article\" \/>\n<meta property=\"og:title\" content=\"Transfert priv\u00e9 depuis\/vers l&#039;a\u00e9roport ou la gare de Busan\" \/>\n<meta property=\"og:description\" content=\"Transfert priv\u00e9 depuis\/vers l&#039;a\u00e9roport ou la gare de Busan. Explorez ses rues gr\u00e2ce \u00e0 cette visite priv\u00e9e d&#039;une journ\u00e9e compl\u00e8te avec un guide et un v\u00e9hicule priv\u00e9.\" \/>\n<meta property=\"og:url\" content=\"https:\/\/tourtravelandmore.com\/fr\/tours\/coree-du-sud-fr\/busan\/transfert-prive-depuis-vers-laeroport-ou-la-gare-de-seoul-copy-2\/\" \/>\n<meta property=\"og:site_name\" content=\"Tour Travel And More\" \/>\n<meta property=\"article:publisher\" content=\"https:\/\/www.facebook.com\/tourtravelandmore\/\" \/>\n<meta property=\"article:modified_time\" content=\"2025-07-11T14:56:56+00:00\" \/>\n<meta property=\"og:image\" content=\"https:\/\/tourtravelandmore.com\/wp-content\/uploads\/2025\/07\/barcelona-wedding-transfer-3.jpg\" \/>\n\t<meta property=\"og:image:width\" content=\"1920\" \/>\n\t<meta property=\"og:image:height\" content=\"891\" \/>\n\t<meta property=\"og:image:type\" content=\"image\/jpeg\" \/>\n<meta name=\"twitter:card\" content=\"summary_large_image\" \/>\n<meta name=\"twitter:site\" content=\"@TourTravel_More\" \/>\n<meta name=\"twitter:label1\" content=\"Dur\u00e9e de lecture estim\u00e9e\" \/>\n\t<meta name=\"twitter:data1\" content=\"2 minutes\" \/>\n<script type=\"application\/ld+json\" class=\"yoast-schema-graph\">{\"@context\":\"https:\/\/schema.org\",\"@graph\":[{\"@type\":\"WebPage\",\"@id\":\"https:\/\/tourtravelandmore.com\/fr\/tours\/coree-du-sud-fr\/busan\/transfert-prive-depuis-vers-laeroport-ou-la-gare-de-seoul-copy-2\/\",\"url\":\"https:\/\/tourtravelandmore.com\/fr\/tours\/coree-du-sud-fr\/busan\/transfert-prive-depuis-vers-laeroport-ou-la-gare-de-seoul-copy-2\/\",\"name\":\"Transfert priv\u00e9 depuis\/vers l'a\u00e9roport ou la gare de Busan\",\"isPartOf\":{\"@id\":\"https:\/\/tourtravelandmore.com\/fr\/#website\"},\"primaryImageOfPage\":{\"@id\":\"https:\/\/tourtravelandmore.com\/fr\/tours\/coree-du-sud-fr\/busan\/transfert-prive-depuis-vers-laeroport-ou-la-gare-de-seoul-copy-2\/#primaryimage\"},\"image\":{\"@id\":\"https:\/\/tourtravelandmore.com\/fr\/tours\/coree-du-sud-fr\/busan\/transfert-prive-depuis-vers-laeroport-ou-la-gare-de-seoul-copy-2\/#primaryimage\"},\"thumbnailUrl\":\"https:\/\/tourtravelandmore.com\/wp-content\/uploads\/2025\/07\/barcelona-wedding-transfer-3.jpg\",\"datePublished\":\"2025-07-11T14:47:21+00:00\",\"dateModified\":\"2025-07-11T14:56:56+00:00\",\"description\":\"Transfert priv\u00e9 depuis\/vers l'a\u00e9roport ou la gare de Busan. Explorez ses rues gr\u00e2ce \u00e0 cette visite priv\u00e9e d'une journ\u00e9e compl\u00e8te avec un guide et un v\u00e9hicule priv\u00e9.\",\"breadcrumb\":{\"@id\":\"https:\/\/tourtravelandmore.com\/fr\/tours\/coree-du-sud-fr\/busan\/transfert-prive-depuis-vers-laeroport-ou-la-gare-de-seoul-copy-2\/#breadcrumb\"},\"inLanguage\":\"fr-FR\",\"potentialAction\":[{\"@type\":\"ReadAction\",\"target\":[\"https:\/\/tourtravelandmore.com\/fr\/tours\/coree-du-sud-fr\/busan\/transfert-prive-depuis-vers-laeroport-ou-la-gare-de-seoul-copy-2\/\"]}]},{\"@type\":\"ImageObject\",\"inLanguage\":\"fr-FR\",\"@id\":\"https:\/\/tourtravelandmore.com\/fr\/tours\/coree-du-sud-fr\/busan\/transfert-prive-depuis-vers-laeroport-ou-la-gare-de-seoul-copy-2\/#primaryimage\",\"url\":\"https:\/\/tourtravelandmore.com\/wp-content\/uploads\/2025\/07\/barcelona-wedding-transfer-3.jpg\",\"contentUrl\":\"https:\/\/tourtravelandmore.com\/wp-content\/uploads\/2025\/07\/barcelona-wedding-transfer-3.jpg\",\"width\":1920,\"height\":891,\"caption\":\"BRABUS Upgrades - Mercedes AMG S-Class\"},{\"@type\":\"BreadcrumbList\",\"@id\":\"https:\/\/tourtravelandmore.com\/fr\/tours\/coree-du-sud-fr\/busan\/transfert-prive-depuis-vers-laeroport-ou-la-gare-de-seoul-copy-2\/#breadcrumb\",\"itemListElement\":[{\"@type\":\"ListItem\",\"position\":1,\"name\":\"Home\",\"item\":\"https:\/\/tourtravelandmore.com\/fr\/\"},{\"@type\":\"ListItem\",\"position\":2,\"name\":\"Tours\",\"item\":\"https:\/\/tourtravelandmore.com\/fr\/tours\/\"},{\"@type\":\"ListItem\",\"position\":3,\"name\":\"Transfert priv\u00e9 depuis\/vers l&#8217;a\u00e9roport ou la gare de Busan\"}]},{\"@type\":\"WebSite\",\"@id\":\"https:\/\/tourtravelandmore.com\/fr\/#website\",\"url\":\"https:\/\/tourtravelandmore.com\/fr\/\",\"name\":\"Tour Travel And More\",\"description\":\"Private sightseeing tours and luxury transfers in Spain\",\"publisher\":{\"@id\":\"https:\/\/tourtravelandmore.com\/fr\/#organization\"},\"potentialAction\":[{\"@type\":\"SearchAction\",\"target\":{\"@type\":\"EntryPoint\",\"urlTemplate\":\"https:\/\/tourtravelandmore.com\/fr\/?s={search_term_string}\"},\"query-input\":{\"@type\":\"PropertyValueSpecification\",\"valueRequired\":true,\"valueName\":\"search_term_string\"}}],\"inLanguage\":\"fr-FR\"},{\"@type\":\"Organization\",\"@id\":\"https:\/\/tourtravelandmore.com\/fr\/#organization\",\"name\":\"Tour Travel And More\",\"url\":\"https:\/\/tourtravelandmore.com\/fr\/\",\"logo\":{\"@type\":\"ImageObject\",\"inLanguage\":\"fr-FR\",\"@id\":\"https:\/\/tourtravelandmore.com\/fr\/#\/schema\/logo\/image\/\",\"url\":\"https:\/\/tourtravelandmore.com\/wp-content\/uploads\/2022\/12\/cropped-logo-cabecera-new.png\",\"contentUrl\":\"https:\/\/tourtravelandmore.com\/wp-content\/uploads\/2022\/12\/cropped-logo-cabecera-new.png\",\"width\":430,\"height\":61,\"caption\":\"Tour Travel And More\"},\"image\":{\"@id\":\"https:\/\/tourtravelandmore.com\/fr\/#\/schema\/logo\/image\/\"},\"sameAs\":[\"https:\/\/www.facebook.com\/tourtravelandmore\/\",\"https:\/\/x.com\/TourTravel_More\"]}]}<\/script>\n<!-- \/ Yoast SEO Premium plugin. -->","yoast_head_json":{"title":"Transfert priv\u00e9 depuis\/vers l'a\u00e9roport ou la gare de Busan","description":"Transfert priv\u00e9 depuis\/vers l'a\u00e9roport ou la gare de Busan. Explorez ses rues gr\u00e2ce \u00e0 cette visite priv\u00e9e d'une journ\u00e9e compl\u00e8te avec un guide et un v\u00e9hicule priv\u00e9.","robots":{"index":"index","follow":"follow","max-snippet":"max-snippet:-1","max-image-preview":"max-image-preview:large","max-video-preview":"max-video-preview:-1"},"canonical":"https:\/\/tourtravelandmore.com\/fr\/tours\/coree-du-sud-fr\/busan\/transfert-prive-depuis-vers-laeroport-ou-la-gare-de-seoul-copy-2\/","og_locale":"fr_FR","og_type":"article","og_title":"Transfert priv\u00e9 depuis\/vers l'a\u00e9roport ou la gare de Busan","og_description":"Transfert priv\u00e9 depuis\/vers l'a\u00e9roport ou la gare de Busan. Explorez ses rues gr\u00e2ce \u00e0 cette visite priv\u00e9e d'une journ\u00e9e compl\u00e8te avec un guide et un v\u00e9hicule priv\u00e9.","og_url":"https:\/\/tourtravelandmore.com\/fr\/tours\/coree-du-sud-fr\/busan\/transfert-prive-depuis-vers-laeroport-ou-la-gare-de-seoul-copy-2\/","og_site_name":"Tour Travel And More","article_publisher":"https:\/\/www.facebook.com\/tourtravelandmore\/","article_modified_time":"2025-07-11T14:56:56+00:00","og_image":[{"width":1920,"height":891,"url":"https:\/\/tourtravelandmore.com\/wp-content\/uploads\/2025\/07\/barcelona-wedding-transfer-3.jpg","type":"image\/jpeg"}],"twitter_card":"summary_large_image","twitter_site":"@TourTravel_More","twitter_misc":{"Dur\u00e9e de lecture estim\u00e9e":"2 minutes"},"schema":{"@context":"https:\/\/schema.org","@graph":[{"@type":"WebPage","@id":"https:\/\/tourtravelandmore.com\/fr\/tours\/coree-du-sud-fr\/busan\/transfert-prive-depuis-vers-laeroport-ou-la-gare-de-seoul-copy-2\/","url":"https:\/\/tourtravelandmore.com\/fr\/tours\/coree-du-sud-fr\/busan\/transfert-prive-depuis-vers-laeroport-ou-la-gare-de-seoul-copy-2\/","name":"Transfert priv\u00e9 depuis\/vers l'a\u00e9roport ou la gare de Busan","isPartOf":{"@id":"https:\/\/tourtravelandmore.com\/fr\/#website"},"primaryImageOfPage":{"@id":"https:\/\/tourtravelandmore.com\/fr\/tours\/coree-du-sud-fr\/busan\/transfert-prive-depuis-vers-laeroport-ou-la-gare-de-seoul-copy-2\/#primaryimage"},"image":{"@id":"https:\/\/tourtravelandmore.com\/fr\/tours\/coree-du-sud-fr\/busan\/transfert-prive-depuis-vers-laeroport-ou-la-gare-de-seoul-copy-2\/#primaryimage"},"thumbnailUrl":"https:\/\/tourtravelandmore.com\/wp-content\/uploads\/2025\/07\/barcelona-wedding-transfer-3.jpg","datePublished":"2025-07-11T14:47:21+00:00","dateModified":"2025-07-11T14:56:56+00:00","description":"Transfert priv\u00e9 depuis\/vers l'a\u00e9roport ou la gare de Busan. Explorez ses rues gr\u00e2ce \u00e0 cette visite priv\u00e9e d'une journ\u00e9e compl\u00e8te avec un guide et un v\u00e9hicule priv\u00e9.","breadcrumb":{"@id":"https:\/\/tourtravelandmore.com\/fr\/tours\/coree-du-sud-fr\/busan\/transfert-prive-depuis-vers-laeroport-ou-la-gare-de-seoul-copy-2\/#breadcrumb"},"inLanguage":"fr-FR","potentialAction":[{"@type":"ReadAction","target":["https:\/\/tourtravelandmore.com\/fr\/tours\/coree-du-sud-fr\/busan\/transfert-prive-depuis-vers-laeroport-ou-la-gare-de-seoul-copy-2\/"]}]},{"@type":"ImageObject","inLanguage":"fr-FR","@id":"https:\/\/tourtravelandmore.com\/fr\/tours\/coree-du-sud-fr\/busan\/transfert-prive-depuis-vers-laeroport-ou-la-gare-de-seoul-copy-2\/#primaryimage","url":"https:\/\/tourtravelandmore.com\/wp-content\/uploads\/2025\/07\/barcelona-wedding-transfer-3.jpg","contentUrl":"https:\/\/tourtravelandmore.com\/wp-content\/uploads\/2025\/07\/barcelona-wedding-transfer-3.jpg","width":1920,"height":891,"caption":"BRABUS Upgrades - Mercedes AMG S-Class"},{"@type":"BreadcrumbList","@id":"https:\/\/tourtravelandmore.com\/fr\/tours\/coree-du-sud-fr\/busan\/transfert-prive-depuis-vers-laeroport-ou-la-gare-de-seoul-copy-2\/#breadcrumb","itemListElement":[{"@type":"ListItem","position":1,"name":"Home","item":"https:\/\/tourtravelandmore.com\/fr\/"},{"@type":"ListItem","position":2,"name":"Tours","item":"https:\/\/tourtravelandmore.com\/fr\/tours\/"},{"@type":"ListItem","position":3,"name":"Transfert priv\u00e9 depuis\/vers l&#8217;a\u00e9roport ou la gare de Busan"}]},{"@type":"WebSite","@id":"https:\/\/tourtravelandmore.com\/fr\/#website","url":"https:\/\/tourtravelandmore.com\/fr\/","name":"Tour Travel And More","description":"Private sightseeing tours and luxury transfers in Spain","publisher":{"@id":"https:\/\/tourtravelandmore.com\/fr\/#organization"},"potentialAction":[{"@type":"SearchAction","target":{"@type":"EntryPoint","urlTemplate":"https:\/\/tourtravelandmore.com\/fr\/?s={search_term_string}"},"query-input":{"@type":"PropertyValueSpecification","valueRequired":true,"valueName":"search_term_string"}}],"inLanguage":"fr-FR"},{"@type":"Organization","@id":"https:\/\/tourtravelandmore.com\/fr\/#organization","name":"Tour Travel And More","url":"https:\/\/tourtravelandmore.com\/fr\/","logo":{"@type":"ImageObject","inLanguage":"fr-FR","@id":"https:\/\/tourtravelandmore.com\/fr\/#\/schema\/logo\/image\/","url":"https:\/\/tourtravelandmore.com\/wp-content\/uploads\/2022\/12\/cropped-logo-cabecera-new.png","contentUrl":"https:\/\/tourtravelandmore.com\/wp-content\/uploads\/2022\/12\/cropped-logo-cabecera-new.png","width":430,"height":61,"caption":"Tour Travel And More"},"image":{"@id":"https:\/\/tourtravelandmore.com\/fr\/#\/schema\/logo\/image\/"},"sameAs":["https:\/\/www.facebook.com\/tourtravelandmore\/","https:\/\/x.com\/TourTravel_More"]}]}},"_links":{"self":[{"href":"https:\/\/tourtravelandmore.com\/fr\/wp-json\/wp\/v2\/product\/185576","targetHints":{"allow":["GET"]}}],"collection":[{"href":"https:\/\/tourtravelandmore.com\/fr\/wp-json\/wp\/v2\/product"}],"about":[{"href":"https:\/\/tourtravelandmore.com\/fr\/wp-json\/wp\/v2\/types\/product"}],"replies":[{"embeddable":true,"href":"https:\/\/tourtravelandmore.com\/fr\/wp-json\/wp\/v2\/comments?post=185576"}],"wp:featuredmedia":[{"embeddable":true,"href":"https:\/\/tourtravelandmore.com\/fr\/wp-json\/wp\/v2\/media\/185181"}],"wp:attachment":[{"href":"https:\/\/tourtravelandmore.com\/fr\/wp-json\/wp\/v2\/media?parent=185576"}],"wp:term":[{"taxonomy":"product_brand","embeddable":true,"href":"https:\/\/tourtravelandmore.com\/fr\/wp-json\/wp\/v2\/product_brand?post=185576"},{"taxonomy":"product_cat","embeddable":true,"href":"https:\/\/tourtravelandmore.com\/fr\/wp-json\/wp\/v2\/product_cat?post=185576"},{"taxonomy":"product_tag","embeddable":true,"href":"https:\/\/tourtravelandmore.com\/fr\/wp-json\/wp\/v2\/product_tag?post=185576"}],"curies":[{"name":"wp","href":"https:\/\/api.w.org\/{rel}","templated":true}]}}