{"id":185508,"date":"2025-07-10T21:29:55","date_gmt":"2025-07-10T19:30:00","guid":{"rendered":"https:\/\/tourtravelandmore.com\/?post_type=product&#038;p=185508"},"modified":"2025-11-24T15:50:27","modified_gmt":"2025-11-24T14:50:27","slug":"visite-privee-de-busan-haedong-yonggungsa-et-gamcheon-copy","status":"publish","type":"product","link":"https:\/\/tourtravelandmore.com\/fr\/tours\/coree-du-sud-fr\/busan\/visite-privee-de-busan-haedong-yonggungsa-et-gamcheon-copy\/","title":{"rendered":"Visite priv\u00e9e des marais de Junam et du temple Haeinsa au d\u00e9part de Busan"},"content":{"rendered":"<h2><strong>Description | Visite priv\u00e9e des marais de Junam et du temple Haeinsa au d\u00e9part de Busan<\/strong><\/h2>\n<p>\u00c9chappez \u00e0 l&#8217;agitation de la ville et plongez dans la nature et l&#8217;h\u00e9ritage spirituel avec notre visite priv\u00e9e des marais de Junam et du temple Haeinsa au d\u00e9part de Busan. Cette exp\u00e9rience d&#8217;une journ\u00e9e compl\u00e8te vous fera d\u00e9couvrir des paysages paisibles de marais et l&#8217;un des temples bouddhistes les plus sacr\u00e9s de Cor\u00e9e, le tout avec un guide priv\u00e9 et un moyen de transport confortable.<\/p>\n<p>Le voyage commence dans les <b>marais de Junam<\/b>, qui abritent des centaines d&#8217;esp\u00e8ces d&#8217;oiseaux et des sentiers de randonn\u00e9e paisibles. Vous visiterez ensuite le <b>temple Haeinsa<\/b>, class\u00e9 au patrimoine mondial de l&#8217;UNESCO, qui conserve le <i>Tripitaka Koreana<\/i>, l&#8217;ensemble le plus complet au monde de textes bouddhistes grav\u00e9s sur des blocs de bois. La <i>visite priv\u00e9e des marais de Junam et du temple Haeinsa au d\u00e9part de Busan<\/i> offre un m\u00e9lange rafra\u00eechissant d&#8217;\u00e9cologie, de tranquillit\u00e9 et de sagesse ancestrale.<\/p>\n<p>Que vous soyez amateur de photographie, d&#8217;observation des oiseaux ou de patrimoine spirituel, cette visite vous offre le temps et l&#8217;espace n\u00e9cessaires pour vous connecter aux rythmes profonds de la Cor\u00e9e.<\/p>\n<h2><strong>Points forts<\/strong><\/h2>\n<ul>\n<li><b>Parc des zones humides de Junam<\/b> : promenez-vous dans l&#8217;une des plus importantes r\u00e9serves de zones humides de Cor\u00e9e. Observez les oiseaux migrateurs et profitez d&#8217;un paysage paisible.<\/li>\n<li>Opportunit\u00e9s d&#8217;observation des oiseaux : selon la saison, observez des grues, des h\u00e9rons, des canards et bien d&#8217;autres esp\u00e8ces. Votre guide vous aidera \u00e0 identifier les esp\u00e8ces locales.<\/li>\n<li>Temple Haeinsa : visitez ce temple nich\u00e9 dans le parc national de Gayasan. Il abrite plus de 80 000 blocs de bois contenant des \u00e9critures bouddhistes.<\/li>\n<li>Aper\u00e7u culturel : d\u00e9couvrez la philosophie bouddhiste, l&#8217;architecture des temples et la pr\u00e9servation du patrimoine sacr\u00e9 de la Cor\u00e9e.<\/li>\n<li>Trajet relaxant : le trajet depuis Busan est confortable et pittoresque, vous permettant d&#8217;admirer la campagne entre les diff\u00e9rents sites.<\/li>\n<li>Flexible et priv\u00e9 : profitez du calme en petit comit\u00e9, guid\u00e9 \u00e0 votre rythme, avec des arr\u00eats adapt\u00e9s \u00e0 vos centres d&#8217;int\u00e9r\u00eat.<\/li>\n<\/ul>\n<p>D\u00e9couvrez d&#8217;autres circuits priv\u00e9s au d\u00e9part de Busan pour explorer les tr\u00e9sors naturels et culturels cach\u00e9s du pays.<\/p>\n<p>Pour plus d&#8217;informations sur le temple Haeinsa ou les marais de Junam, veuillez consulter les sites web de l&#8217;Organisation cor\u00e9enne du patrimoine et du tourisme.<\/p>\n<p>Ce circuit priv\u00e9 des marais de Junam et du temple Haeinsa au d\u00e9part de Busan vous fera d\u00e9couvrir la face cach\u00e9e de la Cor\u00e9e, o\u00f9 la nature respire et o\u00f9 des si\u00e8cles de sagesse r\u00e9sonnent encore dans chaque pierre et chaque chant d&#8217;oiseau.<\/p>\n","protected":false},"excerpt":{"rendered":"<p>\u00c9chappez \u00e0 l&#8217;agitation de la ville et plongez dans la nature et l&#8217;h\u00e9ritage spirituel avec notre visite priv\u00e9e des marais de Junam et du temple Haeinsa au d\u00e9part de Busan. Cette exp\u00e9rience d&#8217;une journ\u00e9e compl\u00e8te vous fera d\u00e9couvrir des paysages paisibles de marais et l&#8217;un des temples bouddhistes les plus sacr\u00e9s de Cor\u00e9e, le tout avec un guide priv\u00e9 et un moyen de transport confortable.<\/p>\n","protected":false},"featured_media":185520,"comment_status":"open","ping_status":"closed","template":"","meta":{"_acf_changed":false},"product_brand":[],"product_cat":[5563,5560,5553],"product_tag":[],"class_list":{"0":"post-185508","1":"product","2":"type-product","3":"status-publish","4":"has-post-thumbnail","6":"product_cat-all-private-tours-fr-10","7":"product_cat-busan","8":"product_cat-coree-du-sud-fr","10":"first","11":"instock","12":"shipping-taxable","13":"purchasable","14":"product-type-simple"},"acf":[],"yoast_head":"<!-- This site is optimized with the Yoast SEO Premium plugin v25.3.1 (Yoast SEO v25.3.1) - https:\/\/yoast.com\/wordpress\/plugins\/seo\/ -->\n<title>Visite priv\u00e9e des marais de Junam et du temple Haeinsa au d\u00e9part de Busan<\/title>\n<meta name=\"description\" content=\"Visite priv\u00e9e des marais de Junam et du temple Haeinsa au d\u00e9part de Busan. Explorez ses rues gr\u00e2ce \u00e0 cette visite priv\u00e9e d&#039;une journ\u00e9e compl\u00e8te avec un guide et un v\u00e9hicule priv\u00e9.\" \/>\n<meta name=\"robots\" content=\"index, follow, max-snippet:-1, max-image-preview:large, max-video-preview:-1\" \/>\n<link rel=\"canonical\" href=\"https:\/\/tourtravelandmore.com\/fr\/tours\/coree-du-sud-fr\/busan\/visite-privee-de-busan-haedong-yonggungsa-et-gamcheon-copy\/\" \/>\n<meta property=\"og:locale\" content=\"fr_FR\" \/>\n<meta property=\"og:type\" content=\"article\" \/>\n<meta property=\"og:title\" content=\"Visite priv\u00e9e des marais de Junam et du temple Haeinsa au d\u00e9part de Busan\" \/>\n<meta property=\"og:description\" content=\"Visite priv\u00e9e des marais de Junam et du temple Haeinsa au d\u00e9part de Busan. Explorez ses rues gr\u00e2ce \u00e0 cette visite priv\u00e9e d&#039;une journ\u00e9e compl\u00e8te avec un guide et un v\u00e9hicule priv\u00e9.\" \/>\n<meta property=\"og:url\" content=\"https:\/\/tourtravelandmore.com\/fr\/tours\/coree-du-sud-fr\/busan\/visite-privee-de-busan-haedong-yonggungsa-et-gamcheon-copy\/\" \/>\n<meta property=\"og:site_name\" content=\"Tour Travel And More\" \/>\n<meta property=\"article:publisher\" content=\"https:\/\/www.facebook.com\/tourtravelandmore\/\" \/>\n<meta property=\"article:modified_time\" content=\"2025-11-24T14:50:27+00:00\" \/>\n<meta property=\"og:image\" content=\"https:\/\/tourtravelandmore.com\/wp-content\/uploads\/2025\/07\/pexels-onthecrow-30940697.jpg\" \/>\n\t<meta property=\"og:image:width\" content=\"1279\" \/>\n\t<meta property=\"og:image:height\" content=\"853\" \/>\n\t<meta property=\"og:image:type\" content=\"image\/jpeg\" \/>\n<meta name=\"twitter:card\" content=\"summary_large_image\" \/>\n<meta name=\"twitter:site\" content=\"@TourTravel_More\" \/>\n<meta name=\"twitter:label1\" content=\"Dur\u00e9e de lecture estim\u00e9e\" \/>\n\t<meta name=\"twitter:data1\" content=\"2 minutes\" \/>\n<script type=\"application\/ld+json\" class=\"yoast-schema-graph\">{\"@context\":\"https:\/\/schema.org\",\"@graph\":[{\"@type\":\"WebPage\",\"@id\":\"https:\/\/tourtravelandmore.com\/fr\/tours\/coree-du-sud-fr\/busan\/visite-privee-de-busan-haedong-yonggungsa-et-gamcheon-copy\/\",\"url\":\"https:\/\/tourtravelandmore.com\/fr\/tours\/coree-du-sud-fr\/busan\/visite-privee-de-busan-haedong-yonggungsa-et-gamcheon-copy\/\",\"name\":\"Visite priv\u00e9e des marais de Junam et du temple Haeinsa au d\u00e9part de Busan\",\"isPartOf\":{\"@id\":\"https:\/\/tourtravelandmore.com\/fr\/#website\"},\"primaryImageOfPage\":{\"@id\":\"https:\/\/tourtravelandmore.com\/fr\/tours\/coree-du-sud-fr\/busan\/visite-privee-de-busan-haedong-yonggungsa-et-gamcheon-copy\/#primaryimage\"},\"image\":{\"@id\":\"https:\/\/tourtravelandmore.com\/fr\/tours\/coree-du-sud-fr\/busan\/visite-privee-de-busan-haedong-yonggungsa-et-gamcheon-copy\/#primaryimage\"},\"thumbnailUrl\":\"https:\/\/tourtravelandmore.com\/wp-content\/uploads\/2025\/07\/pexels-onthecrow-30940697.jpg\",\"datePublished\":\"2025-07-10T19:30:00+00:00\",\"dateModified\":\"2025-11-24T14:50:27+00:00\",\"description\":\"Visite priv\u00e9e des marais de Junam et du temple Haeinsa au d\u00e9part de Busan. Explorez ses rues gr\u00e2ce \u00e0 cette visite priv\u00e9e d'une journ\u00e9e compl\u00e8te avec un guide et un v\u00e9hicule priv\u00e9.\",\"breadcrumb\":{\"@id\":\"https:\/\/tourtravelandmore.com\/fr\/tours\/coree-du-sud-fr\/busan\/visite-privee-de-busan-haedong-yonggungsa-et-gamcheon-copy\/#breadcrumb\"},\"inLanguage\":\"fr-FR\",\"potentialAction\":[{\"@type\":\"ReadAction\",\"target\":[\"https:\/\/tourtravelandmore.com\/fr\/tours\/coree-du-sud-fr\/busan\/visite-privee-de-busan-haedong-yonggungsa-et-gamcheon-copy\/\"]}]},{\"@type\":\"ImageObject\",\"inLanguage\":\"fr-FR\",\"@id\":\"https:\/\/tourtravelandmore.com\/fr\/tours\/coree-du-sud-fr\/busan\/visite-privee-de-busan-haedong-yonggungsa-et-gamcheon-copy\/#primaryimage\",\"url\":\"https:\/\/tourtravelandmore.com\/wp-content\/uploads\/2025\/07\/pexels-onthecrow-30940697.jpg\",\"contentUrl\":\"https:\/\/tourtravelandmore.com\/wp-content\/uploads\/2025\/07\/pexels-onthecrow-30940697.jpg\",\"width\":1279,\"height\":853},{\"@type\":\"BreadcrumbList\",\"@id\":\"https:\/\/tourtravelandmore.com\/fr\/tours\/coree-du-sud-fr\/busan\/visite-privee-de-busan-haedong-yonggungsa-et-gamcheon-copy\/#breadcrumb\",\"itemListElement\":[{\"@type\":\"ListItem\",\"position\":1,\"name\":\"Home\",\"item\":\"https:\/\/tourtravelandmore.com\/fr\/\"},{\"@type\":\"ListItem\",\"position\":2,\"name\":\"Tours\",\"item\":\"https:\/\/tourtravelandmore.com\/fr\/tours\/\"},{\"@type\":\"ListItem\",\"position\":3,\"name\":\"Visite priv\u00e9e des marais de Junam et du temple Haeinsa au d\u00e9part de Busan\"}]},{\"@type\":\"WebSite\",\"@id\":\"https:\/\/tourtravelandmore.com\/fr\/#website\",\"url\":\"https:\/\/tourtravelandmore.com\/fr\/\",\"name\":\"Tour Travel And More\",\"description\":\"Private sightseeing tours and luxury transfers in Spain\",\"publisher\":{\"@id\":\"https:\/\/tourtravelandmore.com\/fr\/#organization\"},\"potentialAction\":[{\"@type\":\"SearchAction\",\"target\":{\"@type\":\"EntryPoint\",\"urlTemplate\":\"https:\/\/tourtravelandmore.com\/fr\/?s={search_term_string}\"},\"query-input\":{\"@type\":\"PropertyValueSpecification\",\"valueRequired\":true,\"valueName\":\"search_term_string\"}}],\"inLanguage\":\"fr-FR\"},{\"@type\":\"Organization\",\"@id\":\"https:\/\/tourtravelandmore.com\/fr\/#organization\",\"name\":\"Tour Travel And More\",\"url\":\"https:\/\/tourtravelandmore.com\/fr\/\",\"logo\":{\"@type\":\"ImageObject\",\"inLanguage\":\"fr-FR\",\"@id\":\"https:\/\/tourtravelandmore.com\/fr\/#\/schema\/logo\/image\/\",\"url\":\"https:\/\/tourtravelandmore.com\/wp-content\/uploads\/2022\/12\/cropped-logo-cabecera-new.png\",\"contentUrl\":\"https:\/\/tourtravelandmore.com\/wp-content\/uploads\/2022\/12\/cropped-logo-cabecera-new.png\",\"width\":430,\"height\":61,\"caption\":\"Tour Travel And More\"},\"image\":{\"@id\":\"https:\/\/tourtravelandmore.com\/fr\/#\/schema\/logo\/image\/\"},\"sameAs\":[\"https:\/\/www.facebook.com\/tourtravelandmore\/\",\"https:\/\/x.com\/TourTravel_More\"]}]}<\/script>\n<!-- \/ Yoast SEO Premium plugin. -->","yoast_head_json":{"title":"Visite priv\u00e9e des marais de Junam et du temple Haeinsa au d\u00e9part de Busan","description":"Visite priv\u00e9e des marais de Junam et du temple Haeinsa au d\u00e9part de Busan. Explorez ses rues gr\u00e2ce \u00e0 cette visite priv\u00e9e d'une journ\u00e9e compl\u00e8te avec un guide et un v\u00e9hicule priv\u00e9.","robots":{"index":"index","follow":"follow","max-snippet":"max-snippet:-1","max-image-preview":"max-image-preview:large","max-video-preview":"max-video-preview:-1"},"canonical":"https:\/\/tourtravelandmore.com\/fr\/tours\/coree-du-sud-fr\/busan\/visite-privee-de-busan-haedong-yonggungsa-et-gamcheon-copy\/","og_locale":"fr_FR","og_type":"article","og_title":"Visite priv\u00e9e des marais de Junam et du temple Haeinsa au d\u00e9part de Busan","og_description":"Visite priv\u00e9e des marais de Junam et du temple Haeinsa au d\u00e9part de Busan. Explorez ses rues gr\u00e2ce \u00e0 cette visite priv\u00e9e d'une journ\u00e9e compl\u00e8te avec un guide et un v\u00e9hicule priv\u00e9.","og_url":"https:\/\/tourtravelandmore.com\/fr\/tours\/coree-du-sud-fr\/busan\/visite-privee-de-busan-haedong-yonggungsa-et-gamcheon-copy\/","og_site_name":"Tour Travel And More","article_publisher":"https:\/\/www.facebook.com\/tourtravelandmore\/","article_modified_time":"2025-11-24T14:50:27+00:00","og_image":[{"width":1279,"height":853,"url":"https:\/\/tourtravelandmore.com\/wp-content\/uploads\/2025\/07\/pexels-onthecrow-30940697.jpg","type":"image\/jpeg"}],"twitter_card":"summary_large_image","twitter_site":"@TourTravel_More","twitter_misc":{"Dur\u00e9e de lecture estim\u00e9e":"2 minutes"},"schema":{"@context":"https:\/\/schema.org","@graph":[{"@type":"WebPage","@id":"https:\/\/tourtravelandmore.com\/fr\/tours\/coree-du-sud-fr\/busan\/visite-privee-de-busan-haedong-yonggungsa-et-gamcheon-copy\/","url":"https:\/\/tourtravelandmore.com\/fr\/tours\/coree-du-sud-fr\/busan\/visite-privee-de-busan-haedong-yonggungsa-et-gamcheon-copy\/","name":"Visite priv\u00e9e des marais de Junam et du temple Haeinsa au d\u00e9part de Busan","isPartOf":{"@id":"https:\/\/tourtravelandmore.com\/fr\/#website"},"primaryImageOfPage":{"@id":"https:\/\/tourtravelandmore.com\/fr\/tours\/coree-du-sud-fr\/busan\/visite-privee-de-busan-haedong-yonggungsa-et-gamcheon-copy\/#primaryimage"},"image":{"@id":"https:\/\/tourtravelandmore.com\/fr\/tours\/coree-du-sud-fr\/busan\/visite-privee-de-busan-haedong-yonggungsa-et-gamcheon-copy\/#primaryimage"},"thumbnailUrl":"https:\/\/tourtravelandmore.com\/wp-content\/uploads\/2025\/07\/pexels-onthecrow-30940697.jpg","datePublished":"2025-07-10T19:30:00+00:00","dateModified":"2025-11-24T14:50:27+00:00","description":"Visite priv\u00e9e des marais de Junam et du temple Haeinsa au d\u00e9part de Busan. Explorez ses rues gr\u00e2ce \u00e0 cette visite priv\u00e9e d'une journ\u00e9e compl\u00e8te avec un guide et un v\u00e9hicule priv\u00e9.","breadcrumb":{"@id":"https:\/\/tourtravelandmore.com\/fr\/tours\/coree-du-sud-fr\/busan\/visite-privee-de-busan-haedong-yonggungsa-et-gamcheon-copy\/#breadcrumb"},"inLanguage":"fr-FR","potentialAction":[{"@type":"ReadAction","target":["https:\/\/tourtravelandmore.com\/fr\/tours\/coree-du-sud-fr\/busan\/visite-privee-de-busan-haedong-yonggungsa-et-gamcheon-copy\/"]}]},{"@type":"ImageObject","inLanguage":"fr-FR","@id":"https:\/\/tourtravelandmore.com\/fr\/tours\/coree-du-sud-fr\/busan\/visite-privee-de-busan-haedong-yonggungsa-et-gamcheon-copy\/#primaryimage","url":"https:\/\/tourtravelandmore.com\/wp-content\/uploads\/2025\/07\/pexels-onthecrow-30940697.jpg","contentUrl":"https:\/\/tourtravelandmore.com\/wp-content\/uploads\/2025\/07\/pexels-onthecrow-30940697.jpg","width":1279,"height":853},{"@type":"BreadcrumbList","@id":"https:\/\/tourtravelandmore.com\/fr\/tours\/coree-du-sud-fr\/busan\/visite-privee-de-busan-haedong-yonggungsa-et-gamcheon-copy\/#breadcrumb","itemListElement":[{"@type":"ListItem","position":1,"name":"Home","item":"https:\/\/tourtravelandmore.com\/fr\/"},{"@type":"ListItem","position":2,"name":"Tours","item":"https:\/\/tourtravelandmore.com\/fr\/tours\/"},{"@type":"ListItem","position":3,"name":"Visite priv\u00e9e des marais de Junam et du temple Haeinsa au d\u00e9part de Busan"}]},{"@type":"WebSite","@id":"https:\/\/tourtravelandmore.com\/fr\/#website","url":"https:\/\/tourtravelandmore.com\/fr\/","name":"Tour Travel And More","description":"Private sightseeing tours and luxury transfers in Spain","publisher":{"@id":"https:\/\/tourtravelandmore.com\/fr\/#organization"},"potentialAction":[{"@type":"SearchAction","target":{"@type":"EntryPoint","urlTemplate":"https:\/\/tourtravelandmore.com\/fr\/?s={search_term_string}"},"query-input":{"@type":"PropertyValueSpecification","valueRequired":true,"valueName":"search_term_string"}}],"inLanguage":"fr-FR"},{"@type":"Organization","@id":"https:\/\/tourtravelandmore.com\/fr\/#organization","name":"Tour Travel And More","url":"https:\/\/tourtravelandmore.com\/fr\/","logo":{"@type":"ImageObject","inLanguage":"fr-FR","@id":"https:\/\/tourtravelandmore.com\/fr\/#\/schema\/logo\/image\/","url":"https:\/\/tourtravelandmore.com\/wp-content\/uploads\/2022\/12\/cropped-logo-cabecera-new.png","contentUrl":"https:\/\/tourtravelandmore.com\/wp-content\/uploads\/2022\/12\/cropped-logo-cabecera-new.png","width":430,"height":61,"caption":"Tour Travel And More"},"image":{"@id":"https:\/\/tourtravelandmore.com\/fr\/#\/schema\/logo\/image\/"},"sameAs":["https:\/\/www.facebook.com\/tourtravelandmore\/","https:\/\/x.com\/TourTravel_More"]}]}},"_links":{"self":[{"href":"https:\/\/tourtravelandmore.com\/fr\/wp-json\/wp\/v2\/product\/185508","targetHints":{"allow":["GET"]}}],"collection":[{"href":"https:\/\/tourtravelandmore.com\/fr\/wp-json\/wp\/v2\/product"}],"about":[{"href":"https:\/\/tourtravelandmore.com\/fr\/wp-json\/wp\/v2\/types\/product"}],"replies":[{"embeddable":true,"href":"https:\/\/tourtravelandmore.com\/fr\/wp-json\/wp\/v2\/comments?post=185508"}],"wp:featuredmedia":[{"embeddable":true,"href":"https:\/\/tourtravelandmore.com\/fr\/wp-json\/wp\/v2\/media\/185520"}],"wp:attachment":[{"href":"https:\/\/tourtravelandmore.com\/fr\/wp-json\/wp\/v2\/media?parent=185508"}],"wp:term":[{"taxonomy":"product_brand","embeddable":true,"href":"https:\/\/tourtravelandmore.com\/fr\/wp-json\/wp\/v2\/product_brand?post=185508"},{"taxonomy":"product_cat","embeddable":true,"href":"https:\/\/tourtravelandmore.com\/fr\/wp-json\/wp\/v2\/product_cat?post=185508"},{"taxonomy":"product_tag","embeddable":true,"href":"https:\/\/tourtravelandmore.com\/fr\/wp-json\/wp\/v2\/product_tag?post=185508"}],"curies":[{"name":"wp","href":"https:\/\/api.w.org\/{rel}","templated":true}]}}