{"id":185477,"date":"2025-07-10T20:30:49","date_gmt":"2025-07-10T18:30:54","guid":{"rendered":"https:\/\/tourtravelandmore.com\/?post_type=product&#038;p=185477"},"modified":"2025-07-10T21:26:24","modified_gmt":"2025-07-10T19:26:24","slug":"visite-privee-de-busan-avec-le-temple-beomeosa-et-gamcheon-copy","status":"publish","type":"product","link":"https:\/\/tourtravelandmore.com\/fr\/tours\/coree-du-sud-fr\/busan\/visite-privee-de-busan-avec-le-temple-beomeosa-et-gamcheon-copy\/","title":{"rendered":"Visite priv\u00e9e de Busan : Haedong Yonggungsa et Gamcheon"},"content":{"rendered":"<h2><b><strong>Description | Visite priv\u00e9e de Busan : Haedong Yonggungsa et Gamcheon<\/strong><\/b><\/h2>\n<p>Passez une journ\u00e9e compl\u00e8te \u00e0 d\u00e9couvrir deux des sites les plus embl\u00e9matiques et contrast\u00e9s de Busan gr\u00e2ce \u00e0 notre visite priv\u00e9e \u00ab Haedong Yonggungsa et Gamcheon \u00bb. Des temples paisibles en bord de mer aux villages artistiques \u00e0 flanc de colline, cette exp\u00e9rience vous permettra de saisir l&#8217;essence m\u00eame de la capitale c\u00f4ti\u00e8re de la Cor\u00e9e.<\/p>\n<p>Votre voyage commence au temple Haedong Yonggungsa, un temple bouddhiste rare construit de mani\u00e8re spectaculaire sur les falaises en bord de mer. Ensuite, la visite se poursuit vers le village culturel de Gamcheon, un quartier autrefois oubli\u00e9 qui a rena\u00eet gr\u00e2ce \u00e0 ses couleurs, son art de rue et son esprit communautaire. Avec votre guide priv\u00e9 qui vous guide, chaque destination devient plus riche, pleine d&#8217;histoires, de symbolisme et de liens personnels.<\/p>\n<p>La visite priv\u00e9e de Busan \u2013 Haedong Yonggungsa et Gamcheon est id\u00e9ale pour les voyageurs qui souhaitent explorer les aspects pittoresques, spirituels et cr\u00e9atifs de Busan en une seule journ\u00e9e.<\/p>\n<h2><b><strong>Points forts<\/strong><\/b><\/h2>\n<ul>\n<li><b>Temple Haedong Yonggungsa<\/b> : situ\u00e9 au-dessus des vagues d\u00e9ferlantes, ce temple du XIVe si\u00e8cle offre une vue sur la mer, des sculptures bouddhistes et des sentiers tranquilles bord\u00e9s de lanternes.<\/li>\n<li><b>Village culturel de Gamcheon<\/b> : promenez-vous dans un labyrinthe anim\u00e9 de maisons color\u00e9es et de fresques murales. Chaque d\u00e9tour r\u00e9v\u00e8le de nouvelles \u0153uvres d&#8217;art, de l&#8217;artisanat local et une vue imprenable sur la ville.<\/li>\n<li><b>Route panoramique le long de la c\u00f4te<\/b> : profitez d&#8217;un trajet fluide entre les sites le long de la c\u00f4te, avec le temps de vous arr\u00eater pour admirer le paysage.<\/li>\n<li><b>Promenade dans le march\u00e9 local (ext\u00e9rieur)<\/b> : passez devant des march\u00e9s traditionnels anim\u00e9s. Votre guide vous fera d\u00e9couvrir les coutumes et les saveurs locales.<\/li>\n<li><b>Exp\u00e9rience culturelle personnalis\u00e9e<\/b> : posez des questions, avancez \u00e0 votre rythme et personnalisez chaque arr\u00eat. Votre guide adaptera la journ\u00e9e \u00e0 vos centres d&#8217;int\u00e9r\u00eat.<\/li>\n<li><b>Priv\u00e9 et efficace<\/b> : \u00e9vitez la foule et le stress. Voyagez dans un v\u00e9hicule propre et confortable avec un chauffeur d\u00e9di\u00e9 et un guide expert.<\/li>\n<\/ul>\n<p><a href=\"https:\/\/tourtravelandmore.com\/cities\/busan\/\">D\u00e9couvrez d&#8217;autres circuits priv\u00e9s \u00e0 Busan<\/a> pour explorer la ville c\u00f4ti\u00e8re la plus fascinante de Cor\u00e9e \u00e0 votre rythme.<\/p>\n<p>Pour plus d&#8217;informations sur le <a href=\"https:\/\/english.visitkorea.or.kr\/enu\/ATR\/SI_EN_3_1_1_1.jsp?cid=264150\">temple Haedong Yonggungsa<\/a> ou le village culturel de Gamcheon, veuillez consulter le site de l&#8217;Office national du tourisme de Cor\u00e9e.<\/p>\n<p>Cette visite priv\u00e9e de Busan \u2013 Haedong Yonggungsa et Gamcheon vous fera d\u00e9couvrir Busan sous toutes ses facettes : spirituelle, artistique et inoubliable, du d\u00e9but \u00e0 la fin.<\/p>\n","protected":false},"excerpt":{"rendered":"<p>Passez une journ\u00e9e compl\u00e8te \u00e0 d\u00e9couvrir deux des sites les plus embl\u00e9matiques et contrast\u00e9s de Busan gr\u00e2ce \u00e0 notre visite priv\u00e9e \u00ab Haedong Yonggungsa et Gamcheon \u00bb. Des temples paisibles en bord de mer aux villages artistiques \u00e0 flanc de colline, cette exp\u00e9rience vous permettra de saisir l&#8217;essence m\u00eame de la capitale c\u00f4ti\u00e8re de la Cor\u00e9e.<\/p>\n","protected":false},"featured_media":185489,"comment_status":"open","ping_status":"closed","template":"","meta":{"_acf_changed":false},"product_brand":[],"product_cat":[5563,5560,5553],"product_tag":[],"class_list":{"0":"post-185477","1":"product","2":"type-product","3":"status-publish","4":"has-post-thumbnail","6":"product_cat-all-private-tours-fr-10","7":"product_cat-busan","8":"product_cat-coree-du-sud-fr","10":"first","11":"instock","12":"shipping-taxable","13":"purchasable","14":"product-type-simple"},"acf":[],"yoast_head":"<!-- This site is optimized with the Yoast SEO Premium plugin v25.3.1 (Yoast SEO v25.3.1) - https:\/\/yoast.com\/wordpress\/plugins\/seo\/ -->\n<title>Visite priv\u00e9e de Busan : Haedong Yonggungsa et Gamcheon<\/title>\n<meta name=\"description\" content=\"Visite priv\u00e9e de Busan : Haedong Yonggungsa et Gamcheon. Explorez ses rues gr\u00e2ce \u00e0 cette visite priv\u00e9e d&#039;une journ\u00e9e compl\u00e8te avec un guide et un v\u00e9hicule priv\u00e9.\" \/>\n<meta name=\"robots\" content=\"index, follow, max-snippet:-1, max-image-preview:large, max-video-preview:-1\" \/>\n<link rel=\"canonical\" href=\"https:\/\/tourtravelandmore.com\/fr\/tours\/coree-du-sud-fr\/busan\/visite-privee-de-busan-avec-le-temple-beomeosa-et-gamcheon-copy\/\" \/>\n<meta property=\"og:locale\" content=\"fr_FR\" \/>\n<meta property=\"og:type\" content=\"article\" \/>\n<meta property=\"og:title\" content=\"Visite priv\u00e9e de Busan : Haedong Yonggungsa et Gamcheon\" \/>\n<meta property=\"og:description\" content=\"Visite priv\u00e9e de Busan : Haedong Yonggungsa et Gamcheon. Explorez ses rues gr\u00e2ce \u00e0 cette visite priv\u00e9e d&#039;une journ\u00e9e compl\u00e8te avec un guide et un v\u00e9hicule priv\u00e9.\" \/>\n<meta property=\"og:url\" content=\"https:\/\/tourtravelandmore.com\/fr\/tours\/coree-du-sud-fr\/busan\/visite-privee-de-busan-avec-le-temple-beomeosa-et-gamcheon-copy\/\" \/>\n<meta property=\"og:site_name\" content=\"Tour Travel And More\" \/>\n<meta property=\"article:publisher\" content=\"https:\/\/www.facebook.com\/tourtravelandmore\/\" \/>\n<meta property=\"article:modified_time\" content=\"2025-07-10T19:26:24+00:00\" \/>\n<meta property=\"og:image\" content=\"https:\/\/tourtravelandmore.com\/wp-content\/uploads\/2025\/07\/gamcheon-culture-village-6591589_1280.jpg\" \/>\n\t<meta property=\"og:image:width\" content=\"1280\" \/>\n\t<meta property=\"og:image:height\" content=\"854\" \/>\n\t<meta property=\"og:image:type\" content=\"image\/jpeg\" \/>\n<meta name=\"twitter:card\" content=\"summary_large_image\" \/>\n<meta name=\"twitter:site\" content=\"@TourTravel_More\" \/>\n<meta name=\"twitter:label1\" content=\"Dur\u00e9e de lecture estim\u00e9e\" \/>\n\t<meta name=\"twitter:data1\" content=\"2 minutes\" \/>\n<script type=\"application\/ld+json\" class=\"yoast-schema-graph\">{\"@context\":\"https:\/\/schema.org\",\"@graph\":[{\"@type\":\"WebPage\",\"@id\":\"https:\/\/tourtravelandmore.com\/fr\/tours\/coree-du-sud-fr\/busan\/visite-privee-de-busan-avec-le-temple-beomeosa-et-gamcheon-copy\/\",\"url\":\"https:\/\/tourtravelandmore.com\/fr\/tours\/coree-du-sud-fr\/busan\/visite-privee-de-busan-avec-le-temple-beomeosa-et-gamcheon-copy\/\",\"name\":\"Visite priv\u00e9e de Busan : Haedong Yonggungsa et Gamcheon\",\"isPartOf\":{\"@id\":\"https:\/\/tourtravelandmore.com\/fr\/#website\"},\"primaryImageOfPage\":{\"@id\":\"https:\/\/tourtravelandmore.com\/fr\/tours\/coree-du-sud-fr\/busan\/visite-privee-de-busan-avec-le-temple-beomeosa-et-gamcheon-copy\/#primaryimage\"},\"image\":{\"@id\":\"https:\/\/tourtravelandmore.com\/fr\/tours\/coree-du-sud-fr\/busan\/visite-privee-de-busan-avec-le-temple-beomeosa-et-gamcheon-copy\/#primaryimage\"},\"thumbnailUrl\":\"https:\/\/tourtravelandmore.com\/wp-content\/uploads\/2025\/07\/gamcheon-culture-village-6591589_1280.jpg\",\"datePublished\":\"2025-07-10T18:30:54+00:00\",\"dateModified\":\"2025-07-10T19:26:24+00:00\",\"description\":\"Visite priv\u00e9e de Busan : Haedong Yonggungsa et Gamcheon. Explorez ses rues gr\u00e2ce \u00e0 cette visite priv\u00e9e d'une journ\u00e9e compl\u00e8te avec un guide et un v\u00e9hicule priv\u00e9.\",\"breadcrumb\":{\"@id\":\"https:\/\/tourtravelandmore.com\/fr\/tours\/coree-du-sud-fr\/busan\/visite-privee-de-busan-avec-le-temple-beomeosa-et-gamcheon-copy\/#breadcrumb\"},\"inLanguage\":\"fr-FR\",\"potentialAction\":[{\"@type\":\"ReadAction\",\"target\":[\"https:\/\/tourtravelandmore.com\/fr\/tours\/coree-du-sud-fr\/busan\/visite-privee-de-busan-avec-le-temple-beomeosa-et-gamcheon-copy\/\"]}]},{\"@type\":\"ImageObject\",\"inLanguage\":\"fr-FR\",\"@id\":\"https:\/\/tourtravelandmore.com\/fr\/tours\/coree-du-sud-fr\/busan\/visite-privee-de-busan-avec-le-temple-beomeosa-et-gamcheon-copy\/#primaryimage\",\"url\":\"https:\/\/tourtravelandmore.com\/wp-content\/uploads\/2025\/07\/gamcheon-culture-village-6591589_1280.jpg\",\"contentUrl\":\"https:\/\/tourtravelandmore.com\/wp-content\/uploads\/2025\/07\/gamcheon-culture-village-6591589_1280.jpg\",\"width\":1280,\"height\":854},{\"@type\":\"BreadcrumbList\",\"@id\":\"https:\/\/tourtravelandmore.com\/fr\/tours\/coree-du-sud-fr\/busan\/visite-privee-de-busan-avec-le-temple-beomeosa-et-gamcheon-copy\/#breadcrumb\",\"itemListElement\":[{\"@type\":\"ListItem\",\"position\":1,\"name\":\"Home\",\"item\":\"https:\/\/tourtravelandmore.com\/fr\/\"},{\"@type\":\"ListItem\",\"position\":2,\"name\":\"Tours\",\"item\":\"https:\/\/tourtravelandmore.com\/fr\/tours\/\"},{\"@type\":\"ListItem\",\"position\":3,\"name\":\"Visite priv\u00e9e de Busan : Haedong Yonggungsa et Gamcheon\"}]},{\"@type\":\"WebSite\",\"@id\":\"https:\/\/tourtravelandmore.com\/fr\/#website\",\"url\":\"https:\/\/tourtravelandmore.com\/fr\/\",\"name\":\"Tour Travel And More\",\"description\":\"Private sightseeing tours and luxury transfers in Spain\",\"publisher\":{\"@id\":\"https:\/\/tourtravelandmore.com\/fr\/#organization\"},\"potentialAction\":[{\"@type\":\"SearchAction\",\"target\":{\"@type\":\"EntryPoint\",\"urlTemplate\":\"https:\/\/tourtravelandmore.com\/fr\/?s={search_term_string}\"},\"query-input\":{\"@type\":\"PropertyValueSpecification\",\"valueRequired\":true,\"valueName\":\"search_term_string\"}}],\"inLanguage\":\"fr-FR\"},{\"@type\":\"Organization\",\"@id\":\"https:\/\/tourtravelandmore.com\/fr\/#organization\",\"name\":\"Tour Travel And More\",\"url\":\"https:\/\/tourtravelandmore.com\/fr\/\",\"logo\":{\"@type\":\"ImageObject\",\"inLanguage\":\"fr-FR\",\"@id\":\"https:\/\/tourtravelandmore.com\/fr\/#\/schema\/logo\/image\/\",\"url\":\"https:\/\/tourtravelandmore.com\/wp-content\/uploads\/2022\/12\/cropped-logo-cabecera-new.png\",\"contentUrl\":\"https:\/\/tourtravelandmore.com\/wp-content\/uploads\/2022\/12\/cropped-logo-cabecera-new.png\",\"width\":430,\"height\":61,\"caption\":\"Tour Travel And More\"},\"image\":{\"@id\":\"https:\/\/tourtravelandmore.com\/fr\/#\/schema\/logo\/image\/\"},\"sameAs\":[\"https:\/\/www.facebook.com\/tourtravelandmore\/\",\"https:\/\/x.com\/TourTravel_More\"]}]}<\/script>\n<!-- \/ Yoast SEO Premium plugin. -->","yoast_head_json":{"title":"Visite priv\u00e9e de Busan : Haedong Yonggungsa et Gamcheon","description":"Visite priv\u00e9e de Busan : Haedong Yonggungsa et Gamcheon. Explorez ses rues gr\u00e2ce \u00e0 cette visite priv\u00e9e d'une journ\u00e9e compl\u00e8te avec un guide et un v\u00e9hicule priv\u00e9.","robots":{"index":"index","follow":"follow","max-snippet":"max-snippet:-1","max-image-preview":"max-image-preview:large","max-video-preview":"max-video-preview:-1"},"canonical":"https:\/\/tourtravelandmore.com\/fr\/tours\/coree-du-sud-fr\/busan\/visite-privee-de-busan-avec-le-temple-beomeosa-et-gamcheon-copy\/","og_locale":"fr_FR","og_type":"article","og_title":"Visite priv\u00e9e de Busan : Haedong Yonggungsa et Gamcheon","og_description":"Visite priv\u00e9e de Busan : Haedong Yonggungsa et Gamcheon. Explorez ses rues gr\u00e2ce \u00e0 cette visite priv\u00e9e d'une journ\u00e9e compl\u00e8te avec un guide et un v\u00e9hicule priv\u00e9.","og_url":"https:\/\/tourtravelandmore.com\/fr\/tours\/coree-du-sud-fr\/busan\/visite-privee-de-busan-avec-le-temple-beomeosa-et-gamcheon-copy\/","og_site_name":"Tour Travel And More","article_publisher":"https:\/\/www.facebook.com\/tourtravelandmore\/","article_modified_time":"2025-07-10T19:26:24+00:00","og_image":[{"width":1280,"height":854,"url":"https:\/\/tourtravelandmore.com\/wp-content\/uploads\/2025\/07\/gamcheon-culture-village-6591589_1280.jpg","type":"image\/jpeg"}],"twitter_card":"summary_large_image","twitter_site":"@TourTravel_More","twitter_misc":{"Dur\u00e9e de lecture estim\u00e9e":"2 minutes"},"schema":{"@context":"https:\/\/schema.org","@graph":[{"@type":"WebPage","@id":"https:\/\/tourtravelandmore.com\/fr\/tours\/coree-du-sud-fr\/busan\/visite-privee-de-busan-avec-le-temple-beomeosa-et-gamcheon-copy\/","url":"https:\/\/tourtravelandmore.com\/fr\/tours\/coree-du-sud-fr\/busan\/visite-privee-de-busan-avec-le-temple-beomeosa-et-gamcheon-copy\/","name":"Visite priv\u00e9e de Busan : Haedong Yonggungsa et Gamcheon","isPartOf":{"@id":"https:\/\/tourtravelandmore.com\/fr\/#website"},"primaryImageOfPage":{"@id":"https:\/\/tourtravelandmore.com\/fr\/tours\/coree-du-sud-fr\/busan\/visite-privee-de-busan-avec-le-temple-beomeosa-et-gamcheon-copy\/#primaryimage"},"image":{"@id":"https:\/\/tourtravelandmore.com\/fr\/tours\/coree-du-sud-fr\/busan\/visite-privee-de-busan-avec-le-temple-beomeosa-et-gamcheon-copy\/#primaryimage"},"thumbnailUrl":"https:\/\/tourtravelandmore.com\/wp-content\/uploads\/2025\/07\/gamcheon-culture-village-6591589_1280.jpg","datePublished":"2025-07-10T18:30:54+00:00","dateModified":"2025-07-10T19:26:24+00:00","description":"Visite priv\u00e9e de Busan : Haedong Yonggungsa et Gamcheon. Explorez ses rues gr\u00e2ce \u00e0 cette visite priv\u00e9e d'une journ\u00e9e compl\u00e8te avec un guide et un v\u00e9hicule priv\u00e9.","breadcrumb":{"@id":"https:\/\/tourtravelandmore.com\/fr\/tours\/coree-du-sud-fr\/busan\/visite-privee-de-busan-avec-le-temple-beomeosa-et-gamcheon-copy\/#breadcrumb"},"inLanguage":"fr-FR","potentialAction":[{"@type":"ReadAction","target":["https:\/\/tourtravelandmore.com\/fr\/tours\/coree-du-sud-fr\/busan\/visite-privee-de-busan-avec-le-temple-beomeosa-et-gamcheon-copy\/"]}]},{"@type":"ImageObject","inLanguage":"fr-FR","@id":"https:\/\/tourtravelandmore.com\/fr\/tours\/coree-du-sud-fr\/busan\/visite-privee-de-busan-avec-le-temple-beomeosa-et-gamcheon-copy\/#primaryimage","url":"https:\/\/tourtravelandmore.com\/wp-content\/uploads\/2025\/07\/gamcheon-culture-village-6591589_1280.jpg","contentUrl":"https:\/\/tourtravelandmore.com\/wp-content\/uploads\/2025\/07\/gamcheon-culture-village-6591589_1280.jpg","width":1280,"height":854},{"@type":"BreadcrumbList","@id":"https:\/\/tourtravelandmore.com\/fr\/tours\/coree-du-sud-fr\/busan\/visite-privee-de-busan-avec-le-temple-beomeosa-et-gamcheon-copy\/#breadcrumb","itemListElement":[{"@type":"ListItem","position":1,"name":"Home","item":"https:\/\/tourtravelandmore.com\/fr\/"},{"@type":"ListItem","position":2,"name":"Tours","item":"https:\/\/tourtravelandmore.com\/fr\/tours\/"},{"@type":"ListItem","position":3,"name":"Visite priv\u00e9e de Busan : Haedong Yonggungsa et Gamcheon"}]},{"@type":"WebSite","@id":"https:\/\/tourtravelandmore.com\/fr\/#website","url":"https:\/\/tourtravelandmore.com\/fr\/","name":"Tour Travel And More","description":"Private sightseeing tours and luxury transfers in Spain","publisher":{"@id":"https:\/\/tourtravelandmore.com\/fr\/#organization"},"potentialAction":[{"@type":"SearchAction","target":{"@type":"EntryPoint","urlTemplate":"https:\/\/tourtravelandmore.com\/fr\/?s={search_term_string}"},"query-input":{"@type":"PropertyValueSpecification","valueRequired":true,"valueName":"search_term_string"}}],"inLanguage":"fr-FR"},{"@type":"Organization","@id":"https:\/\/tourtravelandmore.com\/fr\/#organization","name":"Tour Travel And More","url":"https:\/\/tourtravelandmore.com\/fr\/","logo":{"@type":"ImageObject","inLanguage":"fr-FR","@id":"https:\/\/tourtravelandmore.com\/fr\/#\/schema\/logo\/image\/","url":"https:\/\/tourtravelandmore.com\/wp-content\/uploads\/2022\/12\/cropped-logo-cabecera-new.png","contentUrl":"https:\/\/tourtravelandmore.com\/wp-content\/uploads\/2022\/12\/cropped-logo-cabecera-new.png","width":430,"height":61,"caption":"Tour Travel And More"},"image":{"@id":"https:\/\/tourtravelandmore.com\/fr\/#\/schema\/logo\/image\/"},"sameAs":["https:\/\/www.facebook.com\/tourtravelandmore\/","https:\/\/x.com\/TourTravel_More"]}]}},"_links":{"self":[{"href":"https:\/\/tourtravelandmore.com\/fr\/wp-json\/wp\/v2\/product\/185477","targetHints":{"allow":["GET"]}}],"collection":[{"href":"https:\/\/tourtravelandmore.com\/fr\/wp-json\/wp\/v2\/product"}],"about":[{"href":"https:\/\/tourtravelandmore.com\/fr\/wp-json\/wp\/v2\/types\/product"}],"replies":[{"embeddable":true,"href":"https:\/\/tourtravelandmore.com\/fr\/wp-json\/wp\/v2\/comments?post=185477"}],"wp:featuredmedia":[{"embeddable":true,"href":"https:\/\/tourtravelandmore.com\/fr\/wp-json\/wp\/v2\/media\/185489"}],"wp:attachment":[{"href":"https:\/\/tourtravelandmore.com\/fr\/wp-json\/wp\/v2\/media?parent=185477"}],"wp:term":[{"taxonomy":"product_brand","embeddable":true,"href":"https:\/\/tourtravelandmore.com\/fr\/wp-json\/wp\/v2\/product_brand?post=185477"},{"taxonomy":"product_cat","embeddable":true,"href":"https:\/\/tourtravelandmore.com\/fr\/wp-json\/wp\/v2\/product_cat?post=185477"},{"taxonomy":"product_tag","embeddable":true,"href":"https:\/\/tourtravelandmore.com\/fr\/wp-json\/wp\/v2\/product_tag?post=185477"}],"curies":[{"name":"wp","href":"https:\/\/api.w.org\/{rel}","templated":true}]}}