{"id":185449,"date":"2025-07-10T19:48:53","date_gmt":"2025-07-10T17:49:01","guid":{"rendered":"https:\/\/tourtravelandmore.com\/?post_type=product&#038;p=185449"},"modified":"2025-07-10T20:29:05","modified_gmt":"2025-07-10T18:29:05","slug":"visite-nocturne-privee-a-pied-de-busan-copy","status":"publish","type":"product","link":"https:\/\/tourtravelandmore.com\/fr\/tours\/coree-du-sud-fr\/busan\/visite-nocturne-privee-a-pied-de-busan-copy\/","title":{"rendered":"Visite priv\u00e9e de Busan avec le temple Beomeosa et Gamcheon"},"content":{"rendered":"<h2><strong>Description | Visite priv\u00e9e de Busan avec le temple Beomeosa et Gamcheon<\/strong><\/h2>\n<p>D\u00e9couvrez les aspects les plus spirituels et artistiques de Busan lors de cette visite priv\u00e9e de Busan avec le temple Beomeosa et Gamcheon. Au cours de 8 heures enrichissantes, vous passerez de la s\u00e9r\u00e9nit\u00e9 d&#8217;un temple de montagne aux ruelles anim\u00e9es d&#8217;un village \u00e0 flanc de colline, avec un guide expert et un v\u00e9hicule priv\u00e9 qui rendront chaque instant agr\u00e9able et significatif.<\/p>\n<p>Commencez la journ\u00e9e au milieu des sentiers forestiers et de l&#8217;architecture sacr\u00e9e du <b>temple Beomeosa<\/b>, l&#8217;un des sites bouddhistes les plus importants de Cor\u00e9e. Plus tard, contrastez ce calme avec la cr\u00e9ativit\u00e9 color\u00e9e du <b>village culturel de Gamcheon<\/b>, connu pour ses peintures murales, ses mosa\u00efques et ses vues sur les collines. Cette <i>visite priv\u00e9e de Busan avec le temple Beomeosa et Gamcheon<\/i> est id\u00e9ale pour les voyageurs qui souhaitent allier tradition et modernit\u00e9 dans une exp\u00e9rience unique.<\/p>\n<p>Tout au long de la journ\u00e9e, votre guide vous fera d\u00e9couvrir chaque site \u00e0 travers des anecdotes qui vous r\u00e9v\u00e9leront les riches couches culturelles de Busan.<\/p>\n<h2><strong>Points forts<\/strong><\/h2>\n<ul>\n<li><b>Temple Beomeosa<\/b> : nich\u00e9 sur les pentes du mont Geumjeongsan, ce temple offre des sentiers paisibles, des portes orn\u00e9es et des si\u00e8cles d&#8217;histoire spirituelle.<\/li>\n<li><b>Village culturel de Gamcheon<\/b> : d\u00e9couvrez un quartier transform\u00e9 en espace artistique, avec ses fa\u00e7ades color\u00e9es, ses sculptures et ses points de vue panoramiques sur le port.<\/li>\n<li><b>Route panoramique<\/b> : profitez du trajet entre les sites gr\u00e2ce aux commentaires et aux routes c\u00f4ti\u00e8res pittoresques qui vous d\u00e9voileront tout le charme de Busan.<\/li>\n<li><b>March\u00e9s locaux (visite ext\u00e9rieure)<\/b> : passez devant des march\u00e9s traditionnels anim\u00e9s o\u00f9 vous pourrez observer le rythme de la vie quotidienne \u00e0 Busan.<\/li>\n<li><b>Aper\u00e7u culturel<\/b> : votre guide vous racontera des anecdotes, des l\u00e9gendes et vous donnera des informations contextuelles qui feront de chaque arr\u00eat bien plus qu&#8217;un simple moment de carte postale.<\/li>\n<li><b>Confort priv\u00e9<\/b> : voyagez \u00e0 votre rythme, avec votre propre guide et chauffeur qui vous garantiront flexibilit\u00e9 et tranquillit\u00e9 tout au long de la journ\u00e9e.<\/li>\n<\/ul>\n<p><a href=\"https:\/\/tourtravelandmore.com\/cities\/busan\/\">D\u00e9couvrez d&#8217;autres circuits priv\u00e9s \u00e0 Busan<\/a> pour des exp\u00e9riences d&#8217;une journ\u00e9e compl\u00e8te adapt\u00e9es \u00e0 vos centres d&#8217;int\u00e9r\u00eat.<\/p>\n<p>Pour en savoir plus sur le<a href=\"https:\/\/english.visitkorea.or.kr\/enu\/ATR\/SI_EN_3_1_1_1.jsp?cid=264149\"> temple Beomeosa <\/a>ou le village culturel de Gamcheon, consultez le site officiel de l&#8217;Office national du tourisme de Cor\u00e9e.<\/p>\n<p>Cette visite priv\u00e9e de Busan avec le temple Beomeosa et Gamcheon allie nature, art et spiritualit\u00e9 dans un voyage immersif. Vous repartirez avec une meilleure compr\u00e9hension de la ville et de nombreux souvenirs inoubliables.<\/p>\n","protected":false},"excerpt":{"rendered":"<p>D\u00e9couvrez les aspects les plus spirituels et artistiques de Busan lors de cette visite priv\u00e9e de Busan avec le temple Beomeosa et Gamcheon. Au cours de 8 heures enrichissantes, vous passerez de la s\u00e9r\u00e9nit\u00e9 d&#8217;un temple de montagne aux ruelles anim\u00e9es d&#8217;un village \u00e0 flanc de colline, avec un guide expert et un v\u00e9hicule priv\u00e9 qui rendront chaque instant agr\u00e9able et significatif.<\/p>\n","protected":false},"featured_media":185020,"comment_status":"open","ping_status":"closed","template":"","meta":{"_acf_changed":false},"product_brand":[],"product_cat":[5563,5560,5553],"product_tag":[],"class_list":{"0":"post-185449","1":"product","2":"type-product","3":"status-publish","4":"has-post-thumbnail","6":"product_cat-all-private-tours-fr-10","7":"product_cat-busan","8":"product_cat-coree-du-sud-fr","10":"first","11":"instock","12":"shipping-taxable","13":"purchasable","14":"product-type-simple"},"acf":[],"yoast_head":"<!-- This site is optimized with the Yoast SEO Premium plugin v25.3.1 (Yoast SEO v25.3.1) - https:\/\/yoast.com\/wordpress\/plugins\/seo\/ -->\n<title>Visite priv\u00e9e de Busan avec le temple Beomeosa et Gamcheon<\/title>\n<meta name=\"description\" content=\"Visite priv\u00e9e de Busan avec le temple Beomeosa et Gamcheon. Explorez ses rues gr\u00e2ce \u00e0 cette visite priv\u00e9e d&#039;une journ\u00e9e compl\u00e8te avec un guide et un v\u00e9hicule priv\u00e9.\" \/>\n<meta name=\"robots\" content=\"index, follow, max-snippet:-1, max-image-preview:large, max-video-preview:-1\" \/>\n<link rel=\"canonical\" href=\"https:\/\/tourtravelandmore.com\/fr\/tours\/coree-du-sud-fr\/busan\/visite-nocturne-privee-a-pied-de-busan-copy\/\" \/>\n<meta property=\"og:locale\" content=\"fr_FR\" \/>\n<meta property=\"og:type\" content=\"article\" \/>\n<meta property=\"og:title\" content=\"Visite priv\u00e9e de Busan avec le temple Beomeosa et Gamcheon\" \/>\n<meta property=\"og:description\" content=\"Visite priv\u00e9e de Busan avec le temple Beomeosa et Gamcheon. Explorez ses rues gr\u00e2ce \u00e0 cette visite priv\u00e9e d&#039;une journ\u00e9e compl\u00e8te avec un guide et un v\u00e9hicule priv\u00e9.\" \/>\n<meta property=\"og:url\" content=\"https:\/\/tourtravelandmore.com\/fr\/tours\/coree-du-sud-fr\/busan\/visite-nocturne-privee-a-pied-de-busan-copy\/\" \/>\n<meta property=\"og:site_name\" content=\"Tour Travel And More\" \/>\n<meta property=\"article:publisher\" content=\"https:\/\/www.facebook.com\/tourtravelandmore\/\" \/>\n<meta property=\"article:modified_time\" content=\"2025-07-10T18:29:05+00:00\" \/>\n<meta property=\"og:image\" content=\"https:\/\/tourtravelandmore.com\/wp-content\/uploads\/2025\/07\/gyeongbokgung-palace-7490465_1280.jpg\" \/>\n\t<meta property=\"og:image:width\" content=\"1280\" \/>\n\t<meta property=\"og:image:height\" content=\"853\" \/>\n\t<meta property=\"og:image:type\" content=\"image\/jpeg\" \/>\n<meta name=\"twitter:card\" content=\"summary_large_image\" \/>\n<meta name=\"twitter:site\" content=\"@TourTravel_More\" \/>\n<meta name=\"twitter:label1\" content=\"Dur\u00e9e de lecture estim\u00e9e\" \/>\n\t<meta name=\"twitter:data1\" content=\"2 minutes\" \/>\n<script type=\"application\/ld+json\" class=\"yoast-schema-graph\">{\"@context\":\"https:\/\/schema.org\",\"@graph\":[{\"@type\":\"WebPage\",\"@id\":\"https:\/\/tourtravelandmore.com\/fr\/tours\/coree-du-sud-fr\/busan\/visite-nocturne-privee-a-pied-de-busan-copy\/\",\"url\":\"https:\/\/tourtravelandmore.com\/fr\/tours\/coree-du-sud-fr\/busan\/visite-nocturne-privee-a-pied-de-busan-copy\/\",\"name\":\"Visite priv\u00e9e de Busan avec le temple Beomeosa et Gamcheon\",\"isPartOf\":{\"@id\":\"https:\/\/tourtravelandmore.com\/fr\/#website\"},\"primaryImageOfPage\":{\"@id\":\"https:\/\/tourtravelandmore.com\/fr\/tours\/coree-du-sud-fr\/busan\/visite-nocturne-privee-a-pied-de-busan-copy\/#primaryimage\"},\"image\":{\"@id\":\"https:\/\/tourtravelandmore.com\/fr\/tours\/coree-du-sud-fr\/busan\/visite-nocturne-privee-a-pied-de-busan-copy\/#primaryimage\"},\"thumbnailUrl\":\"https:\/\/tourtravelandmore.com\/wp-content\/uploads\/2025\/07\/gyeongbokgung-palace-7490465_1280.jpg\",\"datePublished\":\"2025-07-10T17:49:01+00:00\",\"dateModified\":\"2025-07-10T18:29:05+00:00\",\"description\":\"Visite priv\u00e9e de Busan avec le temple Beomeosa et Gamcheon. Explorez ses rues gr\u00e2ce \u00e0 cette visite priv\u00e9e d'une journ\u00e9e compl\u00e8te avec un guide et un v\u00e9hicule priv\u00e9.\",\"breadcrumb\":{\"@id\":\"https:\/\/tourtravelandmore.com\/fr\/tours\/coree-du-sud-fr\/busan\/visite-nocturne-privee-a-pied-de-busan-copy\/#breadcrumb\"},\"inLanguage\":\"fr-FR\",\"potentialAction\":[{\"@type\":\"ReadAction\",\"target\":[\"https:\/\/tourtravelandmore.com\/fr\/tours\/coree-du-sud-fr\/busan\/visite-nocturne-privee-a-pied-de-busan-copy\/\"]}]},{\"@type\":\"ImageObject\",\"inLanguage\":\"fr-FR\",\"@id\":\"https:\/\/tourtravelandmore.com\/fr\/tours\/coree-du-sud-fr\/busan\/visite-nocturne-privee-a-pied-de-busan-copy\/#primaryimage\",\"url\":\"https:\/\/tourtravelandmore.com\/wp-content\/uploads\/2025\/07\/gyeongbokgung-palace-7490465_1280.jpg\",\"contentUrl\":\"https:\/\/tourtravelandmore.com\/wp-content\/uploads\/2025\/07\/gyeongbokgung-palace-7490465_1280.jpg\",\"width\":1280,\"height\":853},{\"@type\":\"BreadcrumbList\",\"@id\":\"https:\/\/tourtravelandmore.com\/fr\/tours\/coree-du-sud-fr\/busan\/visite-nocturne-privee-a-pied-de-busan-copy\/#breadcrumb\",\"itemListElement\":[{\"@type\":\"ListItem\",\"position\":1,\"name\":\"Home\",\"item\":\"https:\/\/tourtravelandmore.com\/fr\/\"},{\"@type\":\"ListItem\",\"position\":2,\"name\":\"Tours\",\"item\":\"https:\/\/tourtravelandmore.com\/fr\/tours\/\"},{\"@type\":\"ListItem\",\"position\":3,\"name\":\"Visite priv\u00e9e de Busan avec le temple Beomeosa et Gamcheon\"}]},{\"@type\":\"WebSite\",\"@id\":\"https:\/\/tourtravelandmore.com\/fr\/#website\",\"url\":\"https:\/\/tourtravelandmore.com\/fr\/\",\"name\":\"Tour Travel And More\",\"description\":\"Private sightseeing tours and luxury transfers in Spain\",\"publisher\":{\"@id\":\"https:\/\/tourtravelandmore.com\/fr\/#organization\"},\"potentialAction\":[{\"@type\":\"SearchAction\",\"target\":{\"@type\":\"EntryPoint\",\"urlTemplate\":\"https:\/\/tourtravelandmore.com\/fr\/?s={search_term_string}\"},\"query-input\":{\"@type\":\"PropertyValueSpecification\",\"valueRequired\":true,\"valueName\":\"search_term_string\"}}],\"inLanguage\":\"fr-FR\"},{\"@type\":\"Organization\",\"@id\":\"https:\/\/tourtravelandmore.com\/fr\/#organization\",\"name\":\"Tour Travel And More\",\"url\":\"https:\/\/tourtravelandmore.com\/fr\/\",\"logo\":{\"@type\":\"ImageObject\",\"inLanguage\":\"fr-FR\",\"@id\":\"https:\/\/tourtravelandmore.com\/fr\/#\/schema\/logo\/image\/\",\"url\":\"https:\/\/tourtravelandmore.com\/wp-content\/uploads\/2022\/12\/cropped-logo-cabecera-new.png\",\"contentUrl\":\"https:\/\/tourtravelandmore.com\/wp-content\/uploads\/2022\/12\/cropped-logo-cabecera-new.png\",\"width\":430,\"height\":61,\"caption\":\"Tour Travel And More\"},\"image\":{\"@id\":\"https:\/\/tourtravelandmore.com\/fr\/#\/schema\/logo\/image\/\"},\"sameAs\":[\"https:\/\/www.facebook.com\/tourtravelandmore\/\",\"https:\/\/x.com\/TourTravel_More\"]}]}<\/script>\n<!-- \/ Yoast SEO Premium plugin. -->","yoast_head_json":{"title":"Visite priv\u00e9e de Busan avec le temple Beomeosa et Gamcheon","description":"Visite priv\u00e9e de Busan avec le temple Beomeosa et Gamcheon. Explorez ses rues gr\u00e2ce \u00e0 cette visite priv\u00e9e d'une journ\u00e9e compl\u00e8te avec un guide et un v\u00e9hicule priv\u00e9.","robots":{"index":"index","follow":"follow","max-snippet":"max-snippet:-1","max-image-preview":"max-image-preview:large","max-video-preview":"max-video-preview:-1"},"canonical":"https:\/\/tourtravelandmore.com\/fr\/tours\/coree-du-sud-fr\/busan\/visite-nocturne-privee-a-pied-de-busan-copy\/","og_locale":"fr_FR","og_type":"article","og_title":"Visite priv\u00e9e de Busan avec le temple Beomeosa et Gamcheon","og_description":"Visite priv\u00e9e de Busan avec le temple Beomeosa et Gamcheon. Explorez ses rues gr\u00e2ce \u00e0 cette visite priv\u00e9e d'une journ\u00e9e compl\u00e8te avec un guide et un v\u00e9hicule priv\u00e9.","og_url":"https:\/\/tourtravelandmore.com\/fr\/tours\/coree-du-sud-fr\/busan\/visite-nocturne-privee-a-pied-de-busan-copy\/","og_site_name":"Tour Travel And More","article_publisher":"https:\/\/www.facebook.com\/tourtravelandmore\/","article_modified_time":"2025-07-10T18:29:05+00:00","og_image":[{"width":1280,"height":853,"url":"https:\/\/tourtravelandmore.com\/wp-content\/uploads\/2025\/07\/gyeongbokgung-palace-7490465_1280.jpg","type":"image\/jpeg"}],"twitter_card":"summary_large_image","twitter_site":"@TourTravel_More","twitter_misc":{"Dur\u00e9e de lecture estim\u00e9e":"2 minutes"},"schema":{"@context":"https:\/\/schema.org","@graph":[{"@type":"WebPage","@id":"https:\/\/tourtravelandmore.com\/fr\/tours\/coree-du-sud-fr\/busan\/visite-nocturne-privee-a-pied-de-busan-copy\/","url":"https:\/\/tourtravelandmore.com\/fr\/tours\/coree-du-sud-fr\/busan\/visite-nocturne-privee-a-pied-de-busan-copy\/","name":"Visite priv\u00e9e de Busan avec le temple Beomeosa et Gamcheon","isPartOf":{"@id":"https:\/\/tourtravelandmore.com\/fr\/#website"},"primaryImageOfPage":{"@id":"https:\/\/tourtravelandmore.com\/fr\/tours\/coree-du-sud-fr\/busan\/visite-nocturne-privee-a-pied-de-busan-copy\/#primaryimage"},"image":{"@id":"https:\/\/tourtravelandmore.com\/fr\/tours\/coree-du-sud-fr\/busan\/visite-nocturne-privee-a-pied-de-busan-copy\/#primaryimage"},"thumbnailUrl":"https:\/\/tourtravelandmore.com\/wp-content\/uploads\/2025\/07\/gyeongbokgung-palace-7490465_1280.jpg","datePublished":"2025-07-10T17:49:01+00:00","dateModified":"2025-07-10T18:29:05+00:00","description":"Visite priv\u00e9e de Busan avec le temple Beomeosa et Gamcheon. Explorez ses rues gr\u00e2ce \u00e0 cette visite priv\u00e9e d'une journ\u00e9e compl\u00e8te avec un guide et un v\u00e9hicule priv\u00e9.","breadcrumb":{"@id":"https:\/\/tourtravelandmore.com\/fr\/tours\/coree-du-sud-fr\/busan\/visite-nocturne-privee-a-pied-de-busan-copy\/#breadcrumb"},"inLanguage":"fr-FR","potentialAction":[{"@type":"ReadAction","target":["https:\/\/tourtravelandmore.com\/fr\/tours\/coree-du-sud-fr\/busan\/visite-nocturne-privee-a-pied-de-busan-copy\/"]}]},{"@type":"ImageObject","inLanguage":"fr-FR","@id":"https:\/\/tourtravelandmore.com\/fr\/tours\/coree-du-sud-fr\/busan\/visite-nocturne-privee-a-pied-de-busan-copy\/#primaryimage","url":"https:\/\/tourtravelandmore.com\/wp-content\/uploads\/2025\/07\/gyeongbokgung-palace-7490465_1280.jpg","contentUrl":"https:\/\/tourtravelandmore.com\/wp-content\/uploads\/2025\/07\/gyeongbokgung-palace-7490465_1280.jpg","width":1280,"height":853},{"@type":"BreadcrumbList","@id":"https:\/\/tourtravelandmore.com\/fr\/tours\/coree-du-sud-fr\/busan\/visite-nocturne-privee-a-pied-de-busan-copy\/#breadcrumb","itemListElement":[{"@type":"ListItem","position":1,"name":"Home","item":"https:\/\/tourtravelandmore.com\/fr\/"},{"@type":"ListItem","position":2,"name":"Tours","item":"https:\/\/tourtravelandmore.com\/fr\/tours\/"},{"@type":"ListItem","position":3,"name":"Visite priv\u00e9e de Busan avec le temple Beomeosa et Gamcheon"}]},{"@type":"WebSite","@id":"https:\/\/tourtravelandmore.com\/fr\/#website","url":"https:\/\/tourtravelandmore.com\/fr\/","name":"Tour Travel And More","description":"Private sightseeing tours and luxury transfers in Spain","publisher":{"@id":"https:\/\/tourtravelandmore.com\/fr\/#organization"},"potentialAction":[{"@type":"SearchAction","target":{"@type":"EntryPoint","urlTemplate":"https:\/\/tourtravelandmore.com\/fr\/?s={search_term_string}"},"query-input":{"@type":"PropertyValueSpecification","valueRequired":true,"valueName":"search_term_string"}}],"inLanguage":"fr-FR"},{"@type":"Organization","@id":"https:\/\/tourtravelandmore.com\/fr\/#organization","name":"Tour Travel And More","url":"https:\/\/tourtravelandmore.com\/fr\/","logo":{"@type":"ImageObject","inLanguage":"fr-FR","@id":"https:\/\/tourtravelandmore.com\/fr\/#\/schema\/logo\/image\/","url":"https:\/\/tourtravelandmore.com\/wp-content\/uploads\/2022\/12\/cropped-logo-cabecera-new.png","contentUrl":"https:\/\/tourtravelandmore.com\/wp-content\/uploads\/2022\/12\/cropped-logo-cabecera-new.png","width":430,"height":61,"caption":"Tour Travel And More"},"image":{"@id":"https:\/\/tourtravelandmore.com\/fr\/#\/schema\/logo\/image\/"},"sameAs":["https:\/\/www.facebook.com\/tourtravelandmore\/","https:\/\/x.com\/TourTravel_More"]}]}},"_links":{"self":[{"href":"https:\/\/tourtravelandmore.com\/fr\/wp-json\/wp\/v2\/product\/185449","targetHints":{"allow":["GET"]}}],"collection":[{"href":"https:\/\/tourtravelandmore.com\/fr\/wp-json\/wp\/v2\/product"}],"about":[{"href":"https:\/\/tourtravelandmore.com\/fr\/wp-json\/wp\/v2\/types\/product"}],"replies":[{"embeddable":true,"href":"https:\/\/tourtravelandmore.com\/fr\/wp-json\/wp\/v2\/comments?post=185449"}],"wp:featuredmedia":[{"embeddable":true,"href":"https:\/\/tourtravelandmore.com\/fr\/wp-json\/wp\/v2\/media\/185020"}],"wp:attachment":[{"href":"https:\/\/tourtravelandmore.com\/fr\/wp-json\/wp\/v2\/media?parent=185449"}],"wp:term":[{"taxonomy":"product_brand","embeddable":true,"href":"https:\/\/tourtravelandmore.com\/fr\/wp-json\/wp\/v2\/product_brand?post=185449"},{"taxonomy":"product_cat","embeddable":true,"href":"https:\/\/tourtravelandmore.com\/fr\/wp-json\/wp\/v2\/product_cat?post=185449"},{"taxonomy":"product_tag","embeddable":true,"href":"https:\/\/tourtravelandmore.com\/fr\/wp-json\/wp\/v2\/product_tag?post=185449"}],"curies":[{"name":"wp","href":"https:\/\/api.w.org\/{rel}","templated":true}]}}