{"id":185421,"date":"2025-07-10T16:53:46","date_gmt":"2025-07-10T14:53:50","guid":{"rendered":"https:\/\/tourtravelandmore.com\/?post_type=product&#038;p=185421"},"modified":"2025-07-10T18:46:02","modified_gmt":"2025-07-10T16:46:02","slug":"visite-guidee-privee-a-pied-de-busan-copy","status":"publish","type":"product","link":"https:\/\/tourtravelandmore.com\/fr\/tours\/coree-du-sud-fr\/busan\/visite-guidee-privee-a-pied-de-busan-copy\/","title":{"rendered":"Visite nocturne priv\u00e9e \u00e0 pied de Busan"},"content":{"rendered":"<h2><b><strong>Description | Visite nocturne priv\u00e9e \u00e0 pied de Busan<\/strong><\/b><\/h2>\n<p>D\u00e9couvrez la ville sous un autre angle gr\u00e2ce \u00e0 notre <b><i>visite nocturne priv\u00e9e \u00e0 pied de Busan<\/i><\/b>. En seulement deux heures, vous d\u00e9couvrirez l&#8217;atmosph\u00e8re unique de cette ville portuaire du sud de la Cor\u00e9e qui brille sous le ciel nocturne.<\/p>\n<p>Cette promenade nocturne vous emm\u00e8ne \u00e0 travers des rues illumin\u00e9es, des parcs tranquilles et des places anim\u00e9es o\u00f9 les habitants viennent se d\u00e9tendre. Avec votre guide pour vous guider, la visite nocturne priv\u00e9e \u00e0 pied de Busan devient plus qu&#8217;une simple promenade : c&#8217;est une histoire de lumi\u00e8re, de rythme et de charme c\u00f4tier.<\/p>\n<p>Id\u00e9ale pour ceux qui aiment les lumi\u00e8res de la ville, les coins tranquilles ou la photographie en toute d\u00e9contraction, cette visite vous invite \u00e0 ralentir le rythme et \u00e0 profiter de Busan apr\u00e8s la tomb\u00e9e de la nuit.<\/p>\n<h2><b><strong>Points forts<\/strong><\/b><\/h2>\n<ul>\n<li><b>Parc Yongdusan<\/b> : promenez-vous dans cet espace vert paisible illumin\u00e9 la nuit. Depuis la base de la tour de Busan, la ville scintille en contrebas.<\/li>\n<li><b>Place BIFF<\/b> : d\u00e9couvrez le quartier du cin\u00e9ma de Busan apr\u00e8s la fermeture, lorsque les lumi\u00e8res, les stands de nourriture et la vie nocturne cr\u00e9ent une \u00e9nergie color\u00e9e.<\/li>\n<li><b>Gwangbok-ro<\/b> : fl\u00e2nez dans une rue commer\u00e7ante \u00e9l\u00e9gante, bord\u00e9e de vitrines lumineuses, de caf\u00e9s et d&#8217;artistes de rue.<\/li>\n<li><b>Vues du port la nuit<\/b> : Observez l&#8217;activit\u00e9 tranquille du port et les reflets scintillants sur l&#8217;eau.<\/li>\n<li><b>Aper\u00e7u local<\/b> : Votre guide vous expliquera comment la culture de Busan change apr\u00e8s le coucher du soleil, de la gastronomie aux loisirs en passant par le rythme de la ville.<\/li>\n<li><b>Promenade tranquille et pittoresque<\/b> : L&#8217;itin\u00e9raire est facile \u00e0 suivre et riche en d\u00e9tails, parfait pour une exp\u00e9rience nocturne d\u00e9tendue mais immersive.<\/li>\n<\/ul>\n<p>D\u00e9couvrez d&#8217;autres visites guid\u00e9es \u00e0 pied \u00e0 Busan et observez \u00e0 quel point chaque quartier est diff\u00e9rent sous une lumi\u00e8re changeante.<\/p>\n<p>Pour en savoir plus sur le parc Yongdusan ou la place BIFF, veuillez consulter le site officiel de l&#8217;Office national du tourisme de Cor\u00e9e.<\/p>\n<p>Cette visite guid\u00e9e priv\u00e9e \u00e0 pied de Busan en soir\u00e9e est une fa\u00e7on paisible et magnifique de terminer votre journ\u00e9e. Elle vous permettra de vous rapprocher de l&#8217;\u00e2me de la ville, calme, lumineuse et pleine d&#8217;histoires.<\/p>\n","protected":false},"excerpt":{"rendered":"<p>D\u00e9couvrez la ville sous un autre angle gr\u00e2ce \u00e0 notre <b><i>visite nocturne priv\u00e9e \u00e0 pied de Busan<\/i><\/b>. En seulement deux heures, vous d\u00e9couvrirez l&#8217;atmosph\u00e8re unique de cette ville portuaire du sud de la Cor\u00e9e qui brille sous le ciel nocturne.<\/p>\n","protected":false},"featured_media":185307,"comment_status":"open","ping_status":"closed","template":"","meta":{"_acf_changed":false},"product_brand":[],"product_cat":[5563,5560,5553],"product_tag":[],"class_list":{"0":"post-185421","1":"product","2":"type-product","3":"status-publish","4":"has-post-thumbnail","6":"product_cat-all-private-tours-fr-10","7":"product_cat-busan","8":"product_cat-coree-du-sud-fr","10":"first","11":"instock","12":"shipping-taxable","13":"purchasable","14":"product-type-simple"},"acf":[],"yoast_head":"<!-- This site is optimized with the Yoast SEO Premium plugin v25.3.1 (Yoast SEO v25.3.1) - https:\/\/yoast.com\/wordpress\/plugins\/seo\/ -->\n<title>Visite nocturne priv\u00e9e \u00e0 pied de Busan<\/title>\n<meta name=\"description\" content=\"Visite nocturne priv\u00e9e \u00e0 pied de Busan. Explorez ses rues gr\u00e2ce \u00e0 cette visite priv\u00e9e d&#039;une journ\u00e9e compl\u00e8te avec un guide et un v\u00e9hicule priv\u00e9.\" \/>\n<meta name=\"robots\" content=\"index, follow, max-snippet:-1, max-image-preview:large, max-video-preview:-1\" \/>\n<link rel=\"canonical\" href=\"https:\/\/tourtravelandmore.com\/fr\/tours\/coree-du-sud-fr\/busan\/visite-guidee-privee-a-pied-de-busan-copy\/\" \/>\n<meta property=\"og:locale\" content=\"fr_FR\" \/>\n<meta property=\"og:type\" content=\"article\" \/>\n<meta property=\"og:title\" content=\"Visite nocturne priv\u00e9e \u00e0 pied de Busan\" \/>\n<meta property=\"og:description\" content=\"Visite nocturne priv\u00e9e \u00e0 pied de Busan. Explorez ses rues gr\u00e2ce \u00e0 cette visite priv\u00e9e d&#039;une journ\u00e9e compl\u00e8te avec un guide et un v\u00e9hicule priv\u00e9.\" \/>\n<meta property=\"og:url\" content=\"https:\/\/tourtravelandmore.com\/fr\/tours\/coree-du-sud-fr\/busan\/visite-guidee-privee-a-pied-de-busan-copy\/\" \/>\n<meta property=\"og:site_name\" content=\"Tour Travel And More\" \/>\n<meta property=\"article:publisher\" content=\"https:\/\/www.facebook.com\/tourtravelandmore\/\" \/>\n<meta property=\"article:modified_time\" content=\"2025-07-10T16:46:02+00:00\" \/>\n<meta property=\"og:image\" content=\"https:\/\/tourtravelandmore.com\/wp-content\/uploads\/2025\/07\/pexels-thuan-nguyen-1317341160-29861387.jpg\" \/>\n\t<meta property=\"og:image:width\" content=\"1280\" \/>\n\t<meta property=\"og:image:height\" content=\"853\" \/>\n\t<meta property=\"og:image:type\" content=\"image\/jpeg\" \/>\n<meta name=\"twitter:card\" content=\"summary_large_image\" \/>\n<meta name=\"twitter:site\" content=\"@TourTravel_More\" \/>\n<meta name=\"twitter:label1\" content=\"Dur\u00e9e de lecture estim\u00e9e\" \/>\n\t<meta name=\"twitter:data1\" content=\"2 minutes\" \/>\n<script type=\"application\/ld+json\" class=\"yoast-schema-graph\">{\"@context\":\"https:\/\/schema.org\",\"@graph\":[{\"@type\":\"WebPage\",\"@id\":\"https:\/\/tourtravelandmore.com\/fr\/tours\/coree-du-sud-fr\/busan\/visite-guidee-privee-a-pied-de-busan-copy\/\",\"url\":\"https:\/\/tourtravelandmore.com\/fr\/tours\/coree-du-sud-fr\/busan\/visite-guidee-privee-a-pied-de-busan-copy\/\",\"name\":\"Visite nocturne priv\u00e9e \u00e0 pied de Busan\",\"isPartOf\":{\"@id\":\"https:\/\/tourtravelandmore.com\/fr\/#website\"},\"primaryImageOfPage\":{\"@id\":\"https:\/\/tourtravelandmore.com\/fr\/tours\/coree-du-sud-fr\/busan\/visite-guidee-privee-a-pied-de-busan-copy\/#primaryimage\"},\"image\":{\"@id\":\"https:\/\/tourtravelandmore.com\/fr\/tours\/coree-du-sud-fr\/busan\/visite-guidee-privee-a-pied-de-busan-copy\/#primaryimage\"},\"thumbnailUrl\":\"https:\/\/tourtravelandmore.com\/wp-content\/uploads\/2025\/07\/pexels-thuan-nguyen-1317341160-29861387.jpg\",\"datePublished\":\"2025-07-10T14:53:50+00:00\",\"dateModified\":\"2025-07-10T16:46:02+00:00\",\"description\":\"Visite nocturne priv\u00e9e \u00e0 pied de Busan. Explorez ses rues gr\u00e2ce \u00e0 cette visite priv\u00e9e d'une journ\u00e9e compl\u00e8te avec un guide et un v\u00e9hicule priv\u00e9.\",\"breadcrumb\":{\"@id\":\"https:\/\/tourtravelandmore.com\/fr\/tours\/coree-du-sud-fr\/busan\/visite-guidee-privee-a-pied-de-busan-copy\/#breadcrumb\"},\"inLanguage\":\"fr-FR\",\"potentialAction\":[{\"@type\":\"ReadAction\",\"target\":[\"https:\/\/tourtravelandmore.com\/fr\/tours\/coree-du-sud-fr\/busan\/visite-guidee-privee-a-pied-de-busan-copy\/\"]}]},{\"@type\":\"ImageObject\",\"inLanguage\":\"fr-FR\",\"@id\":\"https:\/\/tourtravelandmore.com\/fr\/tours\/coree-du-sud-fr\/busan\/visite-guidee-privee-a-pied-de-busan-copy\/#primaryimage\",\"url\":\"https:\/\/tourtravelandmore.com\/wp-content\/uploads\/2025\/07\/pexels-thuan-nguyen-1317341160-29861387.jpg\",\"contentUrl\":\"https:\/\/tourtravelandmore.com\/wp-content\/uploads\/2025\/07\/pexels-thuan-nguyen-1317341160-29861387.jpg\",\"width\":1280,\"height\":853},{\"@type\":\"BreadcrumbList\",\"@id\":\"https:\/\/tourtravelandmore.com\/fr\/tours\/coree-du-sud-fr\/busan\/visite-guidee-privee-a-pied-de-busan-copy\/#breadcrumb\",\"itemListElement\":[{\"@type\":\"ListItem\",\"position\":1,\"name\":\"Home\",\"item\":\"https:\/\/tourtravelandmore.com\/fr\/\"},{\"@type\":\"ListItem\",\"position\":2,\"name\":\"Tours\",\"item\":\"https:\/\/tourtravelandmore.com\/fr\/tours\/\"},{\"@type\":\"ListItem\",\"position\":3,\"name\":\"Visite nocturne priv\u00e9e \u00e0 pied de Busan\"}]},{\"@type\":\"WebSite\",\"@id\":\"https:\/\/tourtravelandmore.com\/fr\/#website\",\"url\":\"https:\/\/tourtravelandmore.com\/fr\/\",\"name\":\"Tour Travel And More\",\"description\":\"Private sightseeing tours and luxury transfers in Spain\",\"publisher\":{\"@id\":\"https:\/\/tourtravelandmore.com\/fr\/#organization\"},\"potentialAction\":[{\"@type\":\"SearchAction\",\"target\":{\"@type\":\"EntryPoint\",\"urlTemplate\":\"https:\/\/tourtravelandmore.com\/fr\/?s={search_term_string}\"},\"query-input\":{\"@type\":\"PropertyValueSpecification\",\"valueRequired\":true,\"valueName\":\"search_term_string\"}}],\"inLanguage\":\"fr-FR\"},{\"@type\":\"Organization\",\"@id\":\"https:\/\/tourtravelandmore.com\/fr\/#organization\",\"name\":\"Tour Travel And More\",\"url\":\"https:\/\/tourtravelandmore.com\/fr\/\",\"logo\":{\"@type\":\"ImageObject\",\"inLanguage\":\"fr-FR\",\"@id\":\"https:\/\/tourtravelandmore.com\/fr\/#\/schema\/logo\/image\/\",\"url\":\"https:\/\/tourtravelandmore.com\/wp-content\/uploads\/2022\/12\/cropped-logo-cabecera-new.png\",\"contentUrl\":\"https:\/\/tourtravelandmore.com\/wp-content\/uploads\/2022\/12\/cropped-logo-cabecera-new.png\",\"width\":430,\"height\":61,\"caption\":\"Tour Travel And More\"},\"image\":{\"@id\":\"https:\/\/tourtravelandmore.com\/fr\/#\/schema\/logo\/image\/\"},\"sameAs\":[\"https:\/\/www.facebook.com\/tourtravelandmore\/\",\"https:\/\/x.com\/TourTravel_More\"]}]}<\/script>\n<!-- \/ Yoast SEO Premium plugin. -->","yoast_head_json":{"title":"Visite nocturne priv\u00e9e \u00e0 pied de Busan","description":"Visite nocturne priv\u00e9e \u00e0 pied de Busan. Explorez ses rues gr\u00e2ce \u00e0 cette visite priv\u00e9e d'une journ\u00e9e compl\u00e8te avec un guide et un v\u00e9hicule priv\u00e9.","robots":{"index":"index","follow":"follow","max-snippet":"max-snippet:-1","max-image-preview":"max-image-preview:large","max-video-preview":"max-video-preview:-1"},"canonical":"https:\/\/tourtravelandmore.com\/fr\/tours\/coree-du-sud-fr\/busan\/visite-guidee-privee-a-pied-de-busan-copy\/","og_locale":"fr_FR","og_type":"article","og_title":"Visite nocturne priv\u00e9e \u00e0 pied de Busan","og_description":"Visite nocturne priv\u00e9e \u00e0 pied de Busan. Explorez ses rues gr\u00e2ce \u00e0 cette visite priv\u00e9e d'une journ\u00e9e compl\u00e8te avec un guide et un v\u00e9hicule priv\u00e9.","og_url":"https:\/\/tourtravelandmore.com\/fr\/tours\/coree-du-sud-fr\/busan\/visite-guidee-privee-a-pied-de-busan-copy\/","og_site_name":"Tour Travel And More","article_publisher":"https:\/\/www.facebook.com\/tourtravelandmore\/","article_modified_time":"2025-07-10T16:46:02+00:00","og_image":[{"width":1280,"height":853,"url":"https:\/\/tourtravelandmore.com\/wp-content\/uploads\/2025\/07\/pexels-thuan-nguyen-1317341160-29861387.jpg","type":"image\/jpeg"}],"twitter_card":"summary_large_image","twitter_site":"@TourTravel_More","twitter_misc":{"Dur\u00e9e de lecture estim\u00e9e":"2 minutes"},"schema":{"@context":"https:\/\/schema.org","@graph":[{"@type":"WebPage","@id":"https:\/\/tourtravelandmore.com\/fr\/tours\/coree-du-sud-fr\/busan\/visite-guidee-privee-a-pied-de-busan-copy\/","url":"https:\/\/tourtravelandmore.com\/fr\/tours\/coree-du-sud-fr\/busan\/visite-guidee-privee-a-pied-de-busan-copy\/","name":"Visite nocturne priv\u00e9e \u00e0 pied de Busan","isPartOf":{"@id":"https:\/\/tourtravelandmore.com\/fr\/#website"},"primaryImageOfPage":{"@id":"https:\/\/tourtravelandmore.com\/fr\/tours\/coree-du-sud-fr\/busan\/visite-guidee-privee-a-pied-de-busan-copy\/#primaryimage"},"image":{"@id":"https:\/\/tourtravelandmore.com\/fr\/tours\/coree-du-sud-fr\/busan\/visite-guidee-privee-a-pied-de-busan-copy\/#primaryimage"},"thumbnailUrl":"https:\/\/tourtravelandmore.com\/wp-content\/uploads\/2025\/07\/pexels-thuan-nguyen-1317341160-29861387.jpg","datePublished":"2025-07-10T14:53:50+00:00","dateModified":"2025-07-10T16:46:02+00:00","description":"Visite nocturne priv\u00e9e \u00e0 pied de Busan. Explorez ses rues gr\u00e2ce \u00e0 cette visite priv\u00e9e d'une journ\u00e9e compl\u00e8te avec un guide et un v\u00e9hicule priv\u00e9.","breadcrumb":{"@id":"https:\/\/tourtravelandmore.com\/fr\/tours\/coree-du-sud-fr\/busan\/visite-guidee-privee-a-pied-de-busan-copy\/#breadcrumb"},"inLanguage":"fr-FR","potentialAction":[{"@type":"ReadAction","target":["https:\/\/tourtravelandmore.com\/fr\/tours\/coree-du-sud-fr\/busan\/visite-guidee-privee-a-pied-de-busan-copy\/"]}]},{"@type":"ImageObject","inLanguage":"fr-FR","@id":"https:\/\/tourtravelandmore.com\/fr\/tours\/coree-du-sud-fr\/busan\/visite-guidee-privee-a-pied-de-busan-copy\/#primaryimage","url":"https:\/\/tourtravelandmore.com\/wp-content\/uploads\/2025\/07\/pexels-thuan-nguyen-1317341160-29861387.jpg","contentUrl":"https:\/\/tourtravelandmore.com\/wp-content\/uploads\/2025\/07\/pexels-thuan-nguyen-1317341160-29861387.jpg","width":1280,"height":853},{"@type":"BreadcrumbList","@id":"https:\/\/tourtravelandmore.com\/fr\/tours\/coree-du-sud-fr\/busan\/visite-guidee-privee-a-pied-de-busan-copy\/#breadcrumb","itemListElement":[{"@type":"ListItem","position":1,"name":"Home","item":"https:\/\/tourtravelandmore.com\/fr\/"},{"@type":"ListItem","position":2,"name":"Tours","item":"https:\/\/tourtravelandmore.com\/fr\/tours\/"},{"@type":"ListItem","position":3,"name":"Visite nocturne priv\u00e9e \u00e0 pied de Busan"}]},{"@type":"WebSite","@id":"https:\/\/tourtravelandmore.com\/fr\/#website","url":"https:\/\/tourtravelandmore.com\/fr\/","name":"Tour Travel And More","description":"Private sightseeing tours and luxury transfers in Spain","publisher":{"@id":"https:\/\/tourtravelandmore.com\/fr\/#organization"},"potentialAction":[{"@type":"SearchAction","target":{"@type":"EntryPoint","urlTemplate":"https:\/\/tourtravelandmore.com\/fr\/?s={search_term_string}"},"query-input":{"@type":"PropertyValueSpecification","valueRequired":true,"valueName":"search_term_string"}}],"inLanguage":"fr-FR"},{"@type":"Organization","@id":"https:\/\/tourtravelandmore.com\/fr\/#organization","name":"Tour Travel And More","url":"https:\/\/tourtravelandmore.com\/fr\/","logo":{"@type":"ImageObject","inLanguage":"fr-FR","@id":"https:\/\/tourtravelandmore.com\/fr\/#\/schema\/logo\/image\/","url":"https:\/\/tourtravelandmore.com\/wp-content\/uploads\/2022\/12\/cropped-logo-cabecera-new.png","contentUrl":"https:\/\/tourtravelandmore.com\/wp-content\/uploads\/2022\/12\/cropped-logo-cabecera-new.png","width":430,"height":61,"caption":"Tour Travel And More"},"image":{"@id":"https:\/\/tourtravelandmore.com\/fr\/#\/schema\/logo\/image\/"},"sameAs":["https:\/\/www.facebook.com\/tourtravelandmore\/","https:\/\/x.com\/TourTravel_More"]}]}},"_links":{"self":[{"href":"https:\/\/tourtravelandmore.com\/fr\/wp-json\/wp\/v2\/product\/185421","targetHints":{"allow":["GET"]}}],"collection":[{"href":"https:\/\/tourtravelandmore.com\/fr\/wp-json\/wp\/v2\/product"}],"about":[{"href":"https:\/\/tourtravelandmore.com\/fr\/wp-json\/wp\/v2\/types\/product"}],"replies":[{"embeddable":true,"href":"https:\/\/tourtravelandmore.com\/fr\/wp-json\/wp\/v2\/comments?post=185421"}],"wp:featuredmedia":[{"embeddable":true,"href":"https:\/\/tourtravelandmore.com\/fr\/wp-json\/wp\/v2\/media\/185307"}],"wp:attachment":[{"href":"https:\/\/tourtravelandmore.com\/fr\/wp-json\/wp\/v2\/media?parent=185421"}],"wp:term":[{"taxonomy":"product_brand","embeddable":true,"href":"https:\/\/tourtravelandmore.com\/fr\/wp-json\/wp\/v2\/product_brand?post=185421"},{"taxonomy":"product_cat","embeddable":true,"href":"https:\/\/tourtravelandmore.com\/fr\/wp-json\/wp\/v2\/product_cat?post=185421"},{"taxonomy":"product_tag","embeddable":true,"href":"https:\/\/tourtravelandmore.com\/fr\/wp-json\/wp\/v2\/product_tag?post=185421"}],"curies":[{"name":"wp","href":"https:\/\/api.w.org\/{rel}","templated":true}]}}