{"id":185332,"date":"2025-07-08T20:40:09","date_gmt":"2025-07-08T18:40:12","guid":{"rendered":"https:\/\/tourtravelandmore.com\/?post_type=product&#038;p=185332"},"modified":"2025-07-10T20:29:28","modified_gmt":"2025-07-10T18:29:28","slug":"visite-privee-dune-journee-complete-a-busan-copy","status":"publish","type":"product","link":"https:\/\/tourtravelandmore.com\/fr\/tours\/coree-du-sud-fr\/busan\/visite-privee-dune-journee-complete-a-busan-copy\/","title":{"rendered":"Visite priv\u00e9e d&#8217;une demi-journ\u00e9e \u00e0 Busan"},"content":{"rendered":"<h2><b><strong>Description | Visite priv\u00e9e d&#8217;une demi-journ\u00e9e \u00e0 Busan<\/strong><\/b><\/h2>\n<p>Profitez au maximum de votre s\u00e9jour dans la ville dynamique du sud de la Cor\u00e9e gr\u00e2ce \u00e0 notre visite priv\u00e9e d&#8217;une demi-journ\u00e9e \u00e0 Busan. Cette exp\u00e9rience compacte de 4 heures vous propose une s\u00e9lection des principaux sites touristiques de la ville, alliant culture locale, vues sur l&#8217;oc\u00e9an et quartiers artistiques, le tout avec un guide priv\u00e9 et un chauffeur.<\/p>\n<p>Que vous soyez de passage ou que vous disposiez de peu de temps, la <i>visite priv\u00e9e d&#8217;une demi-journ\u00e9e \u00e0 Busan<\/i> vous permettra de d\u00e9couvrir l&#8217;\u00e2me de la ville. Vous explorerez des collines color\u00e9es, vous vous prom\u00e8nerez dans des temples paisibles et vous vous impr\u00e9gnerez du m\u00e9lange de tradition et d&#8217;innovation de Busan en quelques heures seulement.<\/p>\n<p>Voyagez sans stress. Posez toutes vos questions. Laissez votre guide vous faire d\u00e9couvrir chaque recoin de la ville pendant que vous vous d\u00e9tendez et profitez du trajet.<\/p>\n<h2><b><strong>Points forts<\/strong><\/b><\/h2>\n<ul>\n<li><b>Village culturel de Gamcheon<\/b> : promenez-vous dans ce quartier artistique connu pour ses maisons color\u00e9es et son street art inspirant.<\/li>\n<li><b>Temple Haedong Yonggungsa<\/b> : visitez ce temple bouddhiste rare situ\u00e9 en bord de mer, perch\u00e9 au-dessus des vagues d\u00e9ferlantes, qui offre un m\u00e9lange \u00e9tonnant de nature et de spiritualit\u00e9.<\/li>\n<li><b>Point de vue sur la plage de Haeundae<\/b> : admirez les panoramas c\u00f4tiers et profitez de la brise marine dans la zone baln\u00e9aire la plus embl\u00e9matique de Cor\u00e9e.<\/li>\n<li><b>March\u00e9s locaux (visite ext\u00e9rieure)<\/b> : passez devant des march\u00e9s de rue traditionnels o\u00f9 la culture culinaire et la vie quotidienne de Busan se d\u00e9voilent en temps r\u00e9el.<\/li>\n<li><b>Transport fluide<\/b> : d\u00e9placez-vous facilement entre les attractions dans votre v\u00e9hicule priv\u00e9, tandis que votre guide vous raconte des anecdotes et vous donne des informations contextuelles.<\/li>\n<li><b>Aper\u00e7u culturel sur mesure<\/b> : cette visite s&#8217;adapte \u00e0 votre rythme. Que vous soyez int\u00e9ress\u00e9 par l&#8217;art, la religion ou les paysages, elle est con\u00e7ue pour vous.<\/li>\n<\/ul>\n<p><a href=\"https:\/\/tourtravelandmore.com\/cities\/busan\/\">D\u00e9couvrez d&#8217;autres visites priv\u00e9es de Busan<\/a> et continuez \u00e0 explorer le meilleur du littoral cor\u00e9en.<\/p>\n<p>Pour en savoir plus sur <a href=\"https:\/\/english.visitkorea.or.kr\/enu\/ATR\/SI_EN_3_1_1_1.jsp?cid=264150\">le temple Haedong Yonggungsa<\/a> ou le village culturel de Gamcheon, veuillez consulter le site de l&#8217;Office national du tourisme de Cor\u00e9e.<\/p>\n<p>Cette visite priv\u00e9e d&#8217;une demi-journ\u00e9e \u00e0 Busan est un voyage court mais enrichissant. Elle vous offre une nouvelle perspective sur cette ville dynamique, \u00e0 travers des vues, des textures et des histoires que vous n&#8217;oublierez pas.<\/p>\n","protected":false},"excerpt":{"rendered":"<p>Profitez au maximum de votre s\u00e9jour dans la ville dynamique du sud de la Cor\u00e9e gr\u00e2ce \u00e0 notre visite priv\u00e9e d&#8217;une demi-journ\u00e9e \u00e0 Busan. Cette exp\u00e9rience compacte de 4 heures vous propose une s\u00e9lection des principaux sites touristiques de la ville, alliant culture locale, vues sur l&#8217;oc\u00e9an et quartiers artistiques, le tout avec un guide priv\u00e9 et un chauffeur.<\/p>\n","protected":false},"featured_media":185304,"comment_status":"open","ping_status":"closed","template":"","meta":{"_acf_changed":false},"product_brand":[],"product_cat":[5563,5560,5553],"product_tag":[],"class_list":{"0":"post-185332","1":"product","2":"type-product","3":"status-publish","4":"has-post-thumbnail","6":"product_cat-all-private-tours-fr-10","7":"product_cat-busan","8":"product_cat-coree-du-sud-fr","10":"first","11":"instock","12":"shipping-taxable","13":"purchasable","14":"product-type-simple"},"acf":[],"yoast_head":"<!-- This site is optimized with the Yoast SEO Premium plugin v25.3.1 (Yoast SEO v25.3.1) - https:\/\/yoast.com\/wordpress\/plugins\/seo\/ -->\n<title>Visite priv\u00e9e d&#039;une demi-journ\u00e9e \u00e0 Busan<\/title>\n<meta name=\"description\" content=\"Visite priv\u00e9e d&#039;une demi-journ\u00e9e \u00e0 Busan. Explorez ses rues gr\u00e2ce \u00e0 cette visite priv\u00e9e d&#039;une journ\u00e9e compl\u00e8te avec un guide et un v\u00e9hicule priv\u00e9.\" \/>\n<meta name=\"robots\" content=\"index, follow, max-snippet:-1, max-image-preview:large, max-video-preview:-1\" \/>\n<link rel=\"canonical\" href=\"https:\/\/tourtravelandmore.com\/fr\/tours\/coree-du-sud-fr\/busan\/visite-privee-dune-journee-complete-a-busan-copy\/\" \/>\n<meta property=\"og:locale\" content=\"fr_FR\" \/>\n<meta property=\"og:type\" content=\"article\" \/>\n<meta property=\"og:title\" content=\"Visite priv\u00e9e d&#039;une demi-journ\u00e9e \u00e0 Busan\" \/>\n<meta property=\"og:description\" content=\"Visite priv\u00e9e d&#039;une demi-journ\u00e9e \u00e0 Busan. Explorez ses rues gr\u00e2ce \u00e0 cette visite priv\u00e9e d&#039;une journ\u00e9e compl\u00e8te avec un guide et un v\u00e9hicule priv\u00e9.\" \/>\n<meta property=\"og:url\" content=\"https:\/\/tourtravelandmore.com\/fr\/tours\/coree-du-sud-fr\/busan\/visite-privee-dune-journee-complete-a-busan-copy\/\" \/>\n<meta property=\"og:site_name\" content=\"Tour Travel And More\" \/>\n<meta property=\"article:publisher\" content=\"https:\/\/www.facebook.com\/tourtravelandmore\/\" \/>\n<meta property=\"article:modified_time\" content=\"2025-07-10T18:29:28+00:00\" \/>\n<meta property=\"og:image\" content=\"https:\/\/tourtravelandmore.com\/wp-content\/uploads\/2025\/07\/pexels-santesson89-28486315.jpg\" \/>\n\t<meta property=\"og:image:width\" content=\"1280\" \/>\n\t<meta property=\"og:image:height\" content=\"853\" \/>\n\t<meta property=\"og:image:type\" content=\"image\/jpeg\" \/>\n<meta name=\"twitter:card\" content=\"summary_large_image\" \/>\n<meta name=\"twitter:site\" content=\"@TourTravel_More\" \/>\n<meta name=\"twitter:label1\" content=\"Dur\u00e9e de lecture estim\u00e9e\" \/>\n\t<meta name=\"twitter:data1\" content=\"2 minutes\" \/>\n<script type=\"application\/ld+json\" class=\"yoast-schema-graph\">{\"@context\":\"https:\/\/schema.org\",\"@graph\":[{\"@type\":\"WebPage\",\"@id\":\"https:\/\/tourtravelandmore.com\/fr\/tours\/coree-du-sud-fr\/busan\/visite-privee-dune-journee-complete-a-busan-copy\/\",\"url\":\"https:\/\/tourtravelandmore.com\/fr\/tours\/coree-du-sud-fr\/busan\/visite-privee-dune-journee-complete-a-busan-copy\/\",\"name\":\"Visite priv\u00e9e d'une demi-journ\u00e9e \u00e0 Busan\",\"isPartOf\":{\"@id\":\"https:\/\/tourtravelandmore.com\/fr\/#website\"},\"primaryImageOfPage\":{\"@id\":\"https:\/\/tourtravelandmore.com\/fr\/tours\/coree-du-sud-fr\/busan\/visite-privee-dune-journee-complete-a-busan-copy\/#primaryimage\"},\"image\":{\"@id\":\"https:\/\/tourtravelandmore.com\/fr\/tours\/coree-du-sud-fr\/busan\/visite-privee-dune-journee-complete-a-busan-copy\/#primaryimage\"},\"thumbnailUrl\":\"https:\/\/tourtravelandmore.com\/wp-content\/uploads\/2025\/07\/pexels-santesson89-28486315.jpg\",\"datePublished\":\"2025-07-08T18:40:12+00:00\",\"dateModified\":\"2025-07-10T18:29:28+00:00\",\"description\":\"Visite priv\u00e9e d'une demi-journ\u00e9e \u00e0 Busan. Explorez ses rues gr\u00e2ce \u00e0 cette visite priv\u00e9e d'une journ\u00e9e compl\u00e8te avec un guide et un v\u00e9hicule priv\u00e9.\",\"breadcrumb\":{\"@id\":\"https:\/\/tourtravelandmore.com\/fr\/tours\/coree-du-sud-fr\/busan\/visite-privee-dune-journee-complete-a-busan-copy\/#breadcrumb\"},\"inLanguage\":\"fr-FR\",\"potentialAction\":[{\"@type\":\"ReadAction\",\"target\":[\"https:\/\/tourtravelandmore.com\/fr\/tours\/coree-du-sud-fr\/busan\/visite-privee-dune-journee-complete-a-busan-copy\/\"]}]},{\"@type\":\"ImageObject\",\"inLanguage\":\"fr-FR\",\"@id\":\"https:\/\/tourtravelandmore.com\/fr\/tours\/coree-du-sud-fr\/busan\/visite-privee-dune-journee-complete-a-busan-copy\/#primaryimage\",\"url\":\"https:\/\/tourtravelandmore.com\/wp-content\/uploads\/2025\/07\/pexels-santesson89-28486315.jpg\",\"contentUrl\":\"https:\/\/tourtravelandmore.com\/wp-content\/uploads\/2025\/07\/pexels-santesson89-28486315.jpg\",\"width\":1280,\"height\":853},{\"@type\":\"BreadcrumbList\",\"@id\":\"https:\/\/tourtravelandmore.com\/fr\/tours\/coree-du-sud-fr\/busan\/visite-privee-dune-journee-complete-a-busan-copy\/#breadcrumb\",\"itemListElement\":[{\"@type\":\"ListItem\",\"position\":1,\"name\":\"Home\",\"item\":\"https:\/\/tourtravelandmore.com\/fr\/\"},{\"@type\":\"ListItem\",\"position\":2,\"name\":\"Tours\",\"item\":\"https:\/\/tourtravelandmore.com\/fr\/tours\/\"},{\"@type\":\"ListItem\",\"position\":3,\"name\":\"Visite priv\u00e9e d&#8217;une demi-journ\u00e9e \u00e0 Busan\"}]},{\"@type\":\"WebSite\",\"@id\":\"https:\/\/tourtravelandmore.com\/fr\/#website\",\"url\":\"https:\/\/tourtravelandmore.com\/fr\/\",\"name\":\"Tour Travel And More\",\"description\":\"Private sightseeing tours and luxury transfers in Spain\",\"publisher\":{\"@id\":\"https:\/\/tourtravelandmore.com\/fr\/#organization\"},\"potentialAction\":[{\"@type\":\"SearchAction\",\"target\":{\"@type\":\"EntryPoint\",\"urlTemplate\":\"https:\/\/tourtravelandmore.com\/fr\/?s={search_term_string}\"},\"query-input\":{\"@type\":\"PropertyValueSpecification\",\"valueRequired\":true,\"valueName\":\"search_term_string\"}}],\"inLanguage\":\"fr-FR\"},{\"@type\":\"Organization\",\"@id\":\"https:\/\/tourtravelandmore.com\/fr\/#organization\",\"name\":\"Tour Travel And More\",\"url\":\"https:\/\/tourtravelandmore.com\/fr\/\",\"logo\":{\"@type\":\"ImageObject\",\"inLanguage\":\"fr-FR\",\"@id\":\"https:\/\/tourtravelandmore.com\/fr\/#\/schema\/logo\/image\/\",\"url\":\"https:\/\/tourtravelandmore.com\/wp-content\/uploads\/2022\/12\/cropped-logo-cabecera-new.png\",\"contentUrl\":\"https:\/\/tourtravelandmore.com\/wp-content\/uploads\/2022\/12\/cropped-logo-cabecera-new.png\",\"width\":430,\"height\":61,\"caption\":\"Tour Travel And More\"},\"image\":{\"@id\":\"https:\/\/tourtravelandmore.com\/fr\/#\/schema\/logo\/image\/\"},\"sameAs\":[\"https:\/\/www.facebook.com\/tourtravelandmore\/\",\"https:\/\/x.com\/TourTravel_More\"]}]}<\/script>\n<!-- \/ Yoast SEO Premium plugin. -->","yoast_head_json":{"title":"Visite priv\u00e9e d'une demi-journ\u00e9e \u00e0 Busan","description":"Visite priv\u00e9e d'une demi-journ\u00e9e \u00e0 Busan. Explorez ses rues gr\u00e2ce \u00e0 cette visite priv\u00e9e d'une journ\u00e9e compl\u00e8te avec un guide et un v\u00e9hicule priv\u00e9.","robots":{"index":"index","follow":"follow","max-snippet":"max-snippet:-1","max-image-preview":"max-image-preview:large","max-video-preview":"max-video-preview:-1"},"canonical":"https:\/\/tourtravelandmore.com\/fr\/tours\/coree-du-sud-fr\/busan\/visite-privee-dune-journee-complete-a-busan-copy\/","og_locale":"fr_FR","og_type":"article","og_title":"Visite priv\u00e9e d'une demi-journ\u00e9e \u00e0 Busan","og_description":"Visite priv\u00e9e d'une demi-journ\u00e9e \u00e0 Busan. Explorez ses rues gr\u00e2ce \u00e0 cette visite priv\u00e9e d'une journ\u00e9e compl\u00e8te avec un guide et un v\u00e9hicule priv\u00e9.","og_url":"https:\/\/tourtravelandmore.com\/fr\/tours\/coree-du-sud-fr\/busan\/visite-privee-dune-journee-complete-a-busan-copy\/","og_site_name":"Tour Travel And More","article_publisher":"https:\/\/www.facebook.com\/tourtravelandmore\/","article_modified_time":"2025-07-10T18:29:28+00:00","og_image":[{"width":1280,"height":853,"url":"https:\/\/tourtravelandmore.com\/wp-content\/uploads\/2025\/07\/pexels-santesson89-28486315.jpg","type":"image\/jpeg"}],"twitter_card":"summary_large_image","twitter_site":"@TourTravel_More","twitter_misc":{"Dur\u00e9e de lecture estim\u00e9e":"2 minutes"},"schema":{"@context":"https:\/\/schema.org","@graph":[{"@type":"WebPage","@id":"https:\/\/tourtravelandmore.com\/fr\/tours\/coree-du-sud-fr\/busan\/visite-privee-dune-journee-complete-a-busan-copy\/","url":"https:\/\/tourtravelandmore.com\/fr\/tours\/coree-du-sud-fr\/busan\/visite-privee-dune-journee-complete-a-busan-copy\/","name":"Visite priv\u00e9e d'une demi-journ\u00e9e \u00e0 Busan","isPartOf":{"@id":"https:\/\/tourtravelandmore.com\/fr\/#website"},"primaryImageOfPage":{"@id":"https:\/\/tourtravelandmore.com\/fr\/tours\/coree-du-sud-fr\/busan\/visite-privee-dune-journee-complete-a-busan-copy\/#primaryimage"},"image":{"@id":"https:\/\/tourtravelandmore.com\/fr\/tours\/coree-du-sud-fr\/busan\/visite-privee-dune-journee-complete-a-busan-copy\/#primaryimage"},"thumbnailUrl":"https:\/\/tourtravelandmore.com\/wp-content\/uploads\/2025\/07\/pexels-santesson89-28486315.jpg","datePublished":"2025-07-08T18:40:12+00:00","dateModified":"2025-07-10T18:29:28+00:00","description":"Visite priv\u00e9e d'une demi-journ\u00e9e \u00e0 Busan. Explorez ses rues gr\u00e2ce \u00e0 cette visite priv\u00e9e d'une journ\u00e9e compl\u00e8te avec un guide et un v\u00e9hicule priv\u00e9.","breadcrumb":{"@id":"https:\/\/tourtravelandmore.com\/fr\/tours\/coree-du-sud-fr\/busan\/visite-privee-dune-journee-complete-a-busan-copy\/#breadcrumb"},"inLanguage":"fr-FR","potentialAction":[{"@type":"ReadAction","target":["https:\/\/tourtravelandmore.com\/fr\/tours\/coree-du-sud-fr\/busan\/visite-privee-dune-journee-complete-a-busan-copy\/"]}]},{"@type":"ImageObject","inLanguage":"fr-FR","@id":"https:\/\/tourtravelandmore.com\/fr\/tours\/coree-du-sud-fr\/busan\/visite-privee-dune-journee-complete-a-busan-copy\/#primaryimage","url":"https:\/\/tourtravelandmore.com\/wp-content\/uploads\/2025\/07\/pexels-santesson89-28486315.jpg","contentUrl":"https:\/\/tourtravelandmore.com\/wp-content\/uploads\/2025\/07\/pexels-santesson89-28486315.jpg","width":1280,"height":853},{"@type":"BreadcrumbList","@id":"https:\/\/tourtravelandmore.com\/fr\/tours\/coree-du-sud-fr\/busan\/visite-privee-dune-journee-complete-a-busan-copy\/#breadcrumb","itemListElement":[{"@type":"ListItem","position":1,"name":"Home","item":"https:\/\/tourtravelandmore.com\/fr\/"},{"@type":"ListItem","position":2,"name":"Tours","item":"https:\/\/tourtravelandmore.com\/fr\/tours\/"},{"@type":"ListItem","position":3,"name":"Visite priv\u00e9e d&#8217;une demi-journ\u00e9e \u00e0 Busan"}]},{"@type":"WebSite","@id":"https:\/\/tourtravelandmore.com\/fr\/#website","url":"https:\/\/tourtravelandmore.com\/fr\/","name":"Tour Travel And More","description":"Private sightseeing tours and luxury transfers in Spain","publisher":{"@id":"https:\/\/tourtravelandmore.com\/fr\/#organization"},"potentialAction":[{"@type":"SearchAction","target":{"@type":"EntryPoint","urlTemplate":"https:\/\/tourtravelandmore.com\/fr\/?s={search_term_string}"},"query-input":{"@type":"PropertyValueSpecification","valueRequired":true,"valueName":"search_term_string"}}],"inLanguage":"fr-FR"},{"@type":"Organization","@id":"https:\/\/tourtravelandmore.com\/fr\/#organization","name":"Tour Travel And More","url":"https:\/\/tourtravelandmore.com\/fr\/","logo":{"@type":"ImageObject","inLanguage":"fr-FR","@id":"https:\/\/tourtravelandmore.com\/fr\/#\/schema\/logo\/image\/","url":"https:\/\/tourtravelandmore.com\/wp-content\/uploads\/2022\/12\/cropped-logo-cabecera-new.png","contentUrl":"https:\/\/tourtravelandmore.com\/wp-content\/uploads\/2022\/12\/cropped-logo-cabecera-new.png","width":430,"height":61,"caption":"Tour Travel And More"},"image":{"@id":"https:\/\/tourtravelandmore.com\/fr\/#\/schema\/logo\/image\/"},"sameAs":["https:\/\/www.facebook.com\/tourtravelandmore\/","https:\/\/x.com\/TourTravel_More"]}]}},"_links":{"self":[{"href":"https:\/\/tourtravelandmore.com\/fr\/wp-json\/wp\/v2\/product\/185332","targetHints":{"allow":["GET"]}}],"collection":[{"href":"https:\/\/tourtravelandmore.com\/fr\/wp-json\/wp\/v2\/product"}],"about":[{"href":"https:\/\/tourtravelandmore.com\/fr\/wp-json\/wp\/v2\/types\/product"}],"replies":[{"embeddable":true,"href":"https:\/\/tourtravelandmore.com\/fr\/wp-json\/wp\/v2\/comments?post=185332"}],"wp:featuredmedia":[{"embeddable":true,"href":"https:\/\/tourtravelandmore.com\/fr\/wp-json\/wp\/v2\/media\/185304"}],"wp:attachment":[{"href":"https:\/\/tourtravelandmore.com\/fr\/wp-json\/wp\/v2\/media?parent=185332"}],"wp:term":[{"taxonomy":"product_brand","embeddable":true,"href":"https:\/\/tourtravelandmore.com\/fr\/wp-json\/wp\/v2\/product_brand?post=185332"},{"taxonomy":"product_cat","embeddable":true,"href":"https:\/\/tourtravelandmore.com\/fr\/wp-json\/wp\/v2\/product_cat?post=185332"},{"taxonomy":"product_tag","embeddable":true,"href":"https:\/\/tourtravelandmore.com\/fr\/wp-json\/wp\/v2\/product_tag?post=185332"}],"curies":[{"name":"wp","href":"https:\/\/api.w.org\/{rel}","templated":true}]}}