{"id":185280,"date":"2025-07-08T20:12:43","date_gmt":"2025-07-08T18:12:46","guid":{"rendered":"https:\/\/tourtravelandmore.com\/?post_type=product&#038;p=185280"},"modified":"2025-07-08T20:37:56","modified_gmt":"2025-07-08T18:37:56","slug":"visite-privee-premium-de-la-dmz-et-du-pont-suspendu-ou-de-la-tour-n-copy-4","status":"publish","type":"product","link":"https:\/\/tourtravelandmore.com\/fr\/tours\/coree-du-sud-fr\/busan\/visite-privee-premium-de-la-dmz-et-du-pont-suspendu-ou-de-la-tour-n-copy-4\/","title":{"rendered":"Visite priv\u00e9e d&#8217;une journ\u00e9e compl\u00e8te \u00e0 Busan"},"content":{"rendered":"<h2><b><strong>Description | Visite priv\u00e9e d&#8217;une journ\u00e9e compl\u00e8te \u00e0 Busan<\/strong><\/b><\/h2>\n<p>D\u00e9couvrez la ville portuaire anim\u00e9e de la Cor\u00e9e du Sud gr\u00e2ce \u00e0 notre visite priv\u00e9e d&#8217;une journ\u00e9e compl\u00e8te \u00e0 Busan. Cette exp\u00e9rience d&#8217;une journ\u00e9e compl\u00e8te offre un m\u00e9lange parfait de tradition, de culture moderne et de paysages magnifiques, le tout guid\u00e9 par un expert local et agr\u00e9ment\u00e9 d&#8217;un transport priv\u00e9 pour un confort optimal.<\/p>\n<p>Votre voyage commence par des points de vue embl\u00e9matiques sur la c\u00f4te et se poursuit \u00e0 travers des villages color\u00e9s, des temples sereins et des quartiers urbains anim\u00e9s. Que vous soyez fascin\u00e9 par l&#8217;histoire, l&#8217;art ou la vie quotidienne au bord de la mer, la visite priv\u00e9e d&#8217;une journ\u00e9e \u00e0 Busan vous d\u00e9voile le caract\u00e8re authentique de la ville, loin des sentiers battus.<\/p>\n<p>Voyagez \u00e0 votre rythme, posez toutes vos questions et profitez de commentaires avis\u00e9s tout au long du parcours. C&#8217;est la meilleure fa\u00e7on de d\u00e9couvrir la deuxi\u00e8me plus grande ville de Cor\u00e9e, sans la foule ni la contrainte du temps.<\/p>\n<h2><b><strong>Points forts<\/strong><\/b><\/h2>\n<ul>\n<li><b>Village culturel de Gamcheon<\/b> : fl\u00e2nez dans les ruelles sinueuses orn\u00e9es de fresques murales, de mosa\u00efques et d&#8217;installations artistiques cr\u00e9atives dans ce quartier perch\u00e9 \u00e0 flanc de colline.<\/li>\n<li><b>Temple Haedong Yonggungsa<\/b> : visitez un temple bouddhiste rare construit sur les falaises c\u00f4ti\u00e8res. C&#8217;est un site paisible offrant une vue imprenable sur l&#8217;oc\u00e9an.<\/li>\n<li><b>Plage de Haeundae<\/b> : respirez l&#8217;air frais de la mer en vous promenant sur l&#8217;une des plages les plus c\u00e9l\u00e8bres de Cor\u00e9e. Les habitants et les visiteurs appr\u00e9cient son large littoral.<\/li>\n<li><b>BIFF Square<\/b> : explorez le c\u0153ur du quartier du cin\u00e9ma de Busan, o\u00f9 se m\u00ealent cuisine de rue, histoire du cin\u00e9ma et vie urbaine anim\u00e9e.<\/li>\n<li><b>March\u00e9 de Jagalchi (visite ext\u00e9rieure)<\/b> : d\u00e9couvrez le plus grand march\u00e9 aux fruits de mer de Cor\u00e9e. Observez la p\u00eache du jour et l&#8217;\u00e9nergie dynamique des vendeurs locaux.<\/li>\n<li><b>Route panoramique<\/b> : profitez de routes pittoresques entre les \u00e9tapes, avec les commentaires de votre guide, tout cela dans le confort de votre v\u00e9hicule priv\u00e9.<\/li>\n<\/ul>\n<p>D<a href=\"https:\/\/tourtravelandmore.com\/cities\/busan\/\">\u00e9couvrez d&#8217;autres visites priv\u00e9es \u00e0 Busan<\/a> pour explorer les tr\u00e9sors c\u00f4tiers de la Cor\u00e9e \u00e0 votre rythme.<\/p>\n<p>Pour obtenir des informations officielles sur le village culturel de <a href=\"https:\/\/english.visitkorea.or.kr\/enu\/ATR\/SI_EN_3_1_1_1.jsp?cid=1998212\">Gamcheon ou le temple Haedong Yonggungsa<\/a>, veuillez consulter le site de l&#8217;Office national du tourisme de Cor\u00e9e.<\/p>\n<p>Cette visite priv\u00e9e d&#8217;une journ\u00e9e compl\u00e8te de Busan vous offre un \u00e9quilibre parfait entre paysages c\u00f4tiers, richesse culturelle et \u00e9nergie urbaine. Votre guide s&#8217;occupant de tous les d\u00e9tails, vous \u00eates libre de profiter de Busan de la mani\u00e8re la plus d\u00e9tendue et la plus m\u00e9morable qui soit.<\/p>\n","protected":false},"excerpt":{"rendered":"<p>D\u00e9couvrez la ville portuaire anim\u00e9e de la Cor\u00e9e du Sud gr\u00e2ce \u00e0 notre visite priv\u00e9e d&#8217;une journ\u00e9e compl\u00e8te \u00e0 Busan. Cette exp\u00e9rience d&#8217;une journ\u00e9e compl\u00e8te offre un m\u00e9lange parfait de tradition, de culture moderne et de paysages magnifiques, le tout guid\u00e9 par un expert local et agr\u00e9ment\u00e9 d&#8217;un transport priv\u00e9 pour un confort optimal.<\/p>\n","protected":false},"featured_media":185301,"comment_status":"open","ping_status":"closed","template":"","meta":{"_acf_changed":false},"product_brand":[],"product_cat":[5563,5560,5553],"product_tag":[],"class_list":{"0":"post-185280","1":"product","2":"type-product","3":"status-publish","4":"has-post-thumbnail","6":"product_cat-all-private-tours-fr-10","7":"product_cat-busan","8":"product_cat-coree-du-sud-fr","10":"first","11":"instock","12":"shipping-taxable","13":"purchasable","14":"product-type-simple"},"acf":[],"yoast_head":"<!-- This site is optimized with the Yoast SEO Premium plugin v25.3.1 (Yoast SEO v25.3.1) - https:\/\/yoast.com\/wordpress\/plugins\/seo\/ -->\n<title>Visite priv\u00e9e d&#039;une journ\u00e9e compl\u00e8te \u00e0 Busan<\/title>\n<meta name=\"description\" content=\"Visite priv\u00e9e d&#039;une journ\u00e9e compl\u00e8te \u00e0 Busan. Explorez ses rues gr\u00e2ce \u00e0 cette visite priv\u00e9e d&#039;une journ\u00e9e compl\u00e8te avec un guide et un v\u00e9hicule priv\u00e9.\" \/>\n<meta name=\"robots\" content=\"index, follow, max-snippet:-1, max-image-preview:large, max-video-preview:-1\" \/>\n<link rel=\"canonical\" href=\"https:\/\/tourtravelandmore.com\/fr\/tours\/coree-du-sud-fr\/busan\/visite-privee-premium-de-la-dmz-et-du-pont-suspendu-ou-de-la-tour-n-copy-4\/\" \/>\n<meta property=\"og:locale\" content=\"fr_FR\" \/>\n<meta property=\"og:type\" content=\"article\" \/>\n<meta property=\"og:title\" content=\"Visite priv\u00e9e d&#039;une journ\u00e9e compl\u00e8te \u00e0 Busan\" \/>\n<meta property=\"og:description\" content=\"Visite priv\u00e9e d&#039;une journ\u00e9e compl\u00e8te \u00e0 Busan. Explorez ses rues gr\u00e2ce \u00e0 cette visite priv\u00e9e d&#039;une journ\u00e9e compl\u00e8te avec un guide et un v\u00e9hicule priv\u00e9.\" \/>\n<meta property=\"og:url\" content=\"https:\/\/tourtravelandmore.com\/fr\/tours\/coree-du-sud-fr\/busan\/visite-privee-premium-de-la-dmz-et-du-pont-suspendu-ou-de-la-tour-n-copy-4\/\" \/>\n<meta property=\"og:site_name\" content=\"Tour Travel And More\" \/>\n<meta property=\"article:publisher\" content=\"https:\/\/www.facebook.com\/tourtravelandmore\/\" \/>\n<meta property=\"article:modified_time\" content=\"2025-07-08T18:37:56+00:00\" \/>\n<meta property=\"og:image\" content=\"https:\/\/tourtravelandmore.com\/wp-content\/uploads\/2025\/07\/pexels-markus-winkler-1430818-3018977.jpg\" \/>\n\t<meta property=\"og:image:width\" content=\"1280\" \/>\n\t<meta property=\"og:image:height\" content=\"960\" \/>\n\t<meta property=\"og:image:type\" content=\"image\/jpeg\" \/>\n<meta name=\"twitter:card\" content=\"summary_large_image\" \/>\n<meta name=\"twitter:site\" content=\"@TourTravel_More\" \/>\n<meta name=\"twitter:label1\" content=\"Dur\u00e9e de lecture estim\u00e9e\" \/>\n\t<meta name=\"twitter:data1\" content=\"2 minutes\" \/>\n<script type=\"application\/ld+json\" class=\"yoast-schema-graph\">{\"@context\":\"https:\/\/schema.org\",\"@graph\":[{\"@type\":\"WebPage\",\"@id\":\"https:\/\/tourtravelandmore.com\/fr\/tours\/coree-du-sud-fr\/busan\/visite-privee-premium-de-la-dmz-et-du-pont-suspendu-ou-de-la-tour-n-copy-4\/\",\"url\":\"https:\/\/tourtravelandmore.com\/fr\/tours\/coree-du-sud-fr\/busan\/visite-privee-premium-de-la-dmz-et-du-pont-suspendu-ou-de-la-tour-n-copy-4\/\",\"name\":\"Visite priv\u00e9e d'une journ\u00e9e compl\u00e8te \u00e0 Busan\",\"isPartOf\":{\"@id\":\"https:\/\/tourtravelandmore.com\/fr\/#website\"},\"primaryImageOfPage\":{\"@id\":\"https:\/\/tourtravelandmore.com\/fr\/tours\/coree-du-sud-fr\/busan\/visite-privee-premium-de-la-dmz-et-du-pont-suspendu-ou-de-la-tour-n-copy-4\/#primaryimage\"},\"image\":{\"@id\":\"https:\/\/tourtravelandmore.com\/fr\/tours\/coree-du-sud-fr\/busan\/visite-privee-premium-de-la-dmz-et-du-pont-suspendu-ou-de-la-tour-n-copy-4\/#primaryimage\"},\"thumbnailUrl\":\"https:\/\/tourtravelandmore.com\/wp-content\/uploads\/2025\/07\/pexels-markus-winkler-1430818-3018977.jpg\",\"datePublished\":\"2025-07-08T18:12:46+00:00\",\"dateModified\":\"2025-07-08T18:37:56+00:00\",\"description\":\"Visite priv\u00e9e d'une journ\u00e9e compl\u00e8te \u00e0 Busan. Explorez ses rues gr\u00e2ce \u00e0 cette visite priv\u00e9e d'une journ\u00e9e compl\u00e8te avec un guide et un v\u00e9hicule priv\u00e9.\",\"breadcrumb\":{\"@id\":\"https:\/\/tourtravelandmore.com\/fr\/tours\/coree-du-sud-fr\/busan\/visite-privee-premium-de-la-dmz-et-du-pont-suspendu-ou-de-la-tour-n-copy-4\/#breadcrumb\"},\"inLanguage\":\"fr-FR\",\"potentialAction\":[{\"@type\":\"ReadAction\",\"target\":[\"https:\/\/tourtravelandmore.com\/fr\/tours\/coree-du-sud-fr\/busan\/visite-privee-premium-de-la-dmz-et-du-pont-suspendu-ou-de-la-tour-n-copy-4\/\"]}]},{\"@type\":\"ImageObject\",\"inLanguage\":\"fr-FR\",\"@id\":\"https:\/\/tourtravelandmore.com\/fr\/tours\/coree-du-sud-fr\/busan\/visite-privee-premium-de-la-dmz-et-du-pont-suspendu-ou-de-la-tour-n-copy-4\/#primaryimage\",\"url\":\"https:\/\/tourtravelandmore.com\/wp-content\/uploads\/2025\/07\/pexels-markus-winkler-1430818-3018977.jpg\",\"contentUrl\":\"https:\/\/tourtravelandmore.com\/wp-content\/uploads\/2025\/07\/pexels-markus-winkler-1430818-3018977.jpg\",\"width\":1280,\"height\":960},{\"@type\":\"BreadcrumbList\",\"@id\":\"https:\/\/tourtravelandmore.com\/fr\/tours\/coree-du-sud-fr\/busan\/visite-privee-premium-de-la-dmz-et-du-pont-suspendu-ou-de-la-tour-n-copy-4\/#breadcrumb\",\"itemListElement\":[{\"@type\":\"ListItem\",\"position\":1,\"name\":\"Home\",\"item\":\"https:\/\/tourtravelandmore.com\/fr\/\"},{\"@type\":\"ListItem\",\"position\":2,\"name\":\"Tours\",\"item\":\"https:\/\/tourtravelandmore.com\/fr\/tours\/\"},{\"@type\":\"ListItem\",\"position\":3,\"name\":\"Visite priv\u00e9e d&#8217;une journ\u00e9e compl\u00e8te \u00e0 Busan\"}]},{\"@type\":\"WebSite\",\"@id\":\"https:\/\/tourtravelandmore.com\/fr\/#website\",\"url\":\"https:\/\/tourtravelandmore.com\/fr\/\",\"name\":\"Tour Travel And More\",\"description\":\"Private sightseeing tours and luxury transfers in Spain\",\"publisher\":{\"@id\":\"https:\/\/tourtravelandmore.com\/fr\/#organization\"},\"potentialAction\":[{\"@type\":\"SearchAction\",\"target\":{\"@type\":\"EntryPoint\",\"urlTemplate\":\"https:\/\/tourtravelandmore.com\/fr\/?s={search_term_string}\"},\"query-input\":{\"@type\":\"PropertyValueSpecification\",\"valueRequired\":true,\"valueName\":\"search_term_string\"}}],\"inLanguage\":\"fr-FR\"},{\"@type\":\"Organization\",\"@id\":\"https:\/\/tourtravelandmore.com\/fr\/#organization\",\"name\":\"Tour Travel And More\",\"url\":\"https:\/\/tourtravelandmore.com\/fr\/\",\"logo\":{\"@type\":\"ImageObject\",\"inLanguage\":\"fr-FR\",\"@id\":\"https:\/\/tourtravelandmore.com\/fr\/#\/schema\/logo\/image\/\",\"url\":\"https:\/\/tourtravelandmore.com\/wp-content\/uploads\/2022\/12\/cropped-logo-cabecera-new.png\",\"contentUrl\":\"https:\/\/tourtravelandmore.com\/wp-content\/uploads\/2022\/12\/cropped-logo-cabecera-new.png\",\"width\":430,\"height\":61,\"caption\":\"Tour Travel And More\"},\"image\":{\"@id\":\"https:\/\/tourtravelandmore.com\/fr\/#\/schema\/logo\/image\/\"},\"sameAs\":[\"https:\/\/www.facebook.com\/tourtravelandmore\/\",\"https:\/\/x.com\/TourTravel_More\"]}]}<\/script>\n<!-- \/ Yoast SEO Premium plugin. -->","yoast_head_json":{"title":"Visite priv\u00e9e d'une journ\u00e9e compl\u00e8te \u00e0 Busan","description":"Visite priv\u00e9e d'une journ\u00e9e compl\u00e8te \u00e0 Busan. Explorez ses rues gr\u00e2ce \u00e0 cette visite priv\u00e9e d'une journ\u00e9e compl\u00e8te avec un guide et un v\u00e9hicule priv\u00e9.","robots":{"index":"index","follow":"follow","max-snippet":"max-snippet:-1","max-image-preview":"max-image-preview:large","max-video-preview":"max-video-preview:-1"},"canonical":"https:\/\/tourtravelandmore.com\/fr\/tours\/coree-du-sud-fr\/busan\/visite-privee-premium-de-la-dmz-et-du-pont-suspendu-ou-de-la-tour-n-copy-4\/","og_locale":"fr_FR","og_type":"article","og_title":"Visite priv\u00e9e d'une journ\u00e9e compl\u00e8te \u00e0 Busan","og_description":"Visite priv\u00e9e d'une journ\u00e9e compl\u00e8te \u00e0 Busan. Explorez ses rues gr\u00e2ce \u00e0 cette visite priv\u00e9e d'une journ\u00e9e compl\u00e8te avec un guide et un v\u00e9hicule priv\u00e9.","og_url":"https:\/\/tourtravelandmore.com\/fr\/tours\/coree-du-sud-fr\/busan\/visite-privee-premium-de-la-dmz-et-du-pont-suspendu-ou-de-la-tour-n-copy-4\/","og_site_name":"Tour Travel And More","article_publisher":"https:\/\/www.facebook.com\/tourtravelandmore\/","article_modified_time":"2025-07-08T18:37:56+00:00","og_image":[{"width":1280,"height":960,"url":"https:\/\/tourtravelandmore.com\/wp-content\/uploads\/2025\/07\/pexels-markus-winkler-1430818-3018977.jpg","type":"image\/jpeg"}],"twitter_card":"summary_large_image","twitter_site":"@TourTravel_More","twitter_misc":{"Dur\u00e9e de lecture estim\u00e9e":"2 minutes"},"schema":{"@context":"https:\/\/schema.org","@graph":[{"@type":"WebPage","@id":"https:\/\/tourtravelandmore.com\/fr\/tours\/coree-du-sud-fr\/busan\/visite-privee-premium-de-la-dmz-et-du-pont-suspendu-ou-de-la-tour-n-copy-4\/","url":"https:\/\/tourtravelandmore.com\/fr\/tours\/coree-du-sud-fr\/busan\/visite-privee-premium-de-la-dmz-et-du-pont-suspendu-ou-de-la-tour-n-copy-4\/","name":"Visite priv\u00e9e d'une journ\u00e9e compl\u00e8te \u00e0 Busan","isPartOf":{"@id":"https:\/\/tourtravelandmore.com\/fr\/#website"},"primaryImageOfPage":{"@id":"https:\/\/tourtravelandmore.com\/fr\/tours\/coree-du-sud-fr\/busan\/visite-privee-premium-de-la-dmz-et-du-pont-suspendu-ou-de-la-tour-n-copy-4\/#primaryimage"},"image":{"@id":"https:\/\/tourtravelandmore.com\/fr\/tours\/coree-du-sud-fr\/busan\/visite-privee-premium-de-la-dmz-et-du-pont-suspendu-ou-de-la-tour-n-copy-4\/#primaryimage"},"thumbnailUrl":"https:\/\/tourtravelandmore.com\/wp-content\/uploads\/2025\/07\/pexels-markus-winkler-1430818-3018977.jpg","datePublished":"2025-07-08T18:12:46+00:00","dateModified":"2025-07-08T18:37:56+00:00","description":"Visite priv\u00e9e d'une journ\u00e9e compl\u00e8te \u00e0 Busan. Explorez ses rues gr\u00e2ce \u00e0 cette visite priv\u00e9e d'une journ\u00e9e compl\u00e8te avec un guide et un v\u00e9hicule priv\u00e9.","breadcrumb":{"@id":"https:\/\/tourtravelandmore.com\/fr\/tours\/coree-du-sud-fr\/busan\/visite-privee-premium-de-la-dmz-et-du-pont-suspendu-ou-de-la-tour-n-copy-4\/#breadcrumb"},"inLanguage":"fr-FR","potentialAction":[{"@type":"ReadAction","target":["https:\/\/tourtravelandmore.com\/fr\/tours\/coree-du-sud-fr\/busan\/visite-privee-premium-de-la-dmz-et-du-pont-suspendu-ou-de-la-tour-n-copy-4\/"]}]},{"@type":"ImageObject","inLanguage":"fr-FR","@id":"https:\/\/tourtravelandmore.com\/fr\/tours\/coree-du-sud-fr\/busan\/visite-privee-premium-de-la-dmz-et-du-pont-suspendu-ou-de-la-tour-n-copy-4\/#primaryimage","url":"https:\/\/tourtravelandmore.com\/wp-content\/uploads\/2025\/07\/pexels-markus-winkler-1430818-3018977.jpg","contentUrl":"https:\/\/tourtravelandmore.com\/wp-content\/uploads\/2025\/07\/pexels-markus-winkler-1430818-3018977.jpg","width":1280,"height":960},{"@type":"BreadcrumbList","@id":"https:\/\/tourtravelandmore.com\/fr\/tours\/coree-du-sud-fr\/busan\/visite-privee-premium-de-la-dmz-et-du-pont-suspendu-ou-de-la-tour-n-copy-4\/#breadcrumb","itemListElement":[{"@type":"ListItem","position":1,"name":"Home","item":"https:\/\/tourtravelandmore.com\/fr\/"},{"@type":"ListItem","position":2,"name":"Tours","item":"https:\/\/tourtravelandmore.com\/fr\/tours\/"},{"@type":"ListItem","position":3,"name":"Visite priv\u00e9e d&#8217;une journ\u00e9e compl\u00e8te \u00e0 Busan"}]},{"@type":"WebSite","@id":"https:\/\/tourtravelandmore.com\/fr\/#website","url":"https:\/\/tourtravelandmore.com\/fr\/","name":"Tour Travel And More","description":"Private sightseeing tours and luxury transfers in Spain","publisher":{"@id":"https:\/\/tourtravelandmore.com\/fr\/#organization"},"potentialAction":[{"@type":"SearchAction","target":{"@type":"EntryPoint","urlTemplate":"https:\/\/tourtravelandmore.com\/fr\/?s={search_term_string}"},"query-input":{"@type":"PropertyValueSpecification","valueRequired":true,"valueName":"search_term_string"}}],"inLanguage":"fr-FR"},{"@type":"Organization","@id":"https:\/\/tourtravelandmore.com\/fr\/#organization","name":"Tour Travel And More","url":"https:\/\/tourtravelandmore.com\/fr\/","logo":{"@type":"ImageObject","inLanguage":"fr-FR","@id":"https:\/\/tourtravelandmore.com\/fr\/#\/schema\/logo\/image\/","url":"https:\/\/tourtravelandmore.com\/wp-content\/uploads\/2022\/12\/cropped-logo-cabecera-new.png","contentUrl":"https:\/\/tourtravelandmore.com\/wp-content\/uploads\/2022\/12\/cropped-logo-cabecera-new.png","width":430,"height":61,"caption":"Tour Travel And More"},"image":{"@id":"https:\/\/tourtravelandmore.com\/fr\/#\/schema\/logo\/image\/"},"sameAs":["https:\/\/www.facebook.com\/tourtravelandmore\/","https:\/\/x.com\/TourTravel_More"]}]}},"_links":{"self":[{"href":"https:\/\/tourtravelandmore.com\/fr\/wp-json\/wp\/v2\/product\/185280","targetHints":{"allow":["GET"]}}],"collection":[{"href":"https:\/\/tourtravelandmore.com\/fr\/wp-json\/wp\/v2\/product"}],"about":[{"href":"https:\/\/tourtravelandmore.com\/fr\/wp-json\/wp\/v2\/types\/product"}],"replies":[{"embeddable":true,"href":"https:\/\/tourtravelandmore.com\/fr\/wp-json\/wp\/v2\/comments?post=185280"}],"wp:featuredmedia":[{"embeddable":true,"href":"https:\/\/tourtravelandmore.com\/fr\/wp-json\/wp\/v2\/media\/185301"}],"wp:attachment":[{"href":"https:\/\/tourtravelandmore.com\/fr\/wp-json\/wp\/v2\/media?parent=185280"}],"wp:term":[{"taxonomy":"product_brand","embeddable":true,"href":"https:\/\/tourtravelandmore.com\/fr\/wp-json\/wp\/v2\/product_brand?post=185280"},{"taxonomy":"product_cat","embeddable":true,"href":"https:\/\/tourtravelandmore.com\/fr\/wp-json\/wp\/v2\/product_cat?post=185280"},{"taxonomy":"product_tag","embeddable":true,"href":"https:\/\/tourtravelandmore.com\/fr\/wp-json\/wp\/v2\/product_tag?post=185280"}],"curies":[{"name":"wp","href":"https:\/\/api.w.org\/{rel}","templated":true}]}}