{"id":185120,"date":"2025-07-07T17:26:30","date_gmt":"2025-07-07T15:26:34","guid":{"rendered":"https:\/\/tourtravelandmore.com\/?post_type=product&#038;p=185120"},"modified":"2025-07-07T17:38:30","modified_gmt":"2025-07-07T15:38:30","slug":"visite-privee-dune-demi-journee-de-la-ville-de-seoul-copy","status":"publish","type":"product","link":"https:\/\/tourtravelandmore.com\/fr\/tours\/coree-du-sud-fr\/seoul-fr\/visite-privee-dune-demi-journee-de-la-ville-de-seoul-copy\/","title":{"rendered":"Visite priv\u00e9e de S\u00e9oul la nuit"},"content":{"rendered":"<h2><b><strong>Description | Visite priv\u00e9e de S\u00e9oul la nuit<\/strong><\/b><\/h2>\n<p>D\u00e9couvrez la capitale de la Cor\u00e9e illumin\u00e9e lors de notre <b><i>visite priv\u00e9e de S\u00e9oul la nuit<\/i><\/b>. Cette exp\u00e9rience de 3 heures vous propose un voyage pittoresque et relaxant \u00e0 travers des sites embl\u00e9matiques illumin\u00e9s, des lieux historiques et des rues modernes pleines de vie.<\/p>\n<p>Commencez votre soir\u00e9e en tout confort, guid\u00e9 par un expert local qui vous racontera des anecdotes et vous fera d\u00e9couvrir des coins cach\u00e9s tout au long du parcours.<\/p>\n<p>Au coucher du soleil, S\u00e9oul se transforme : ses palais s&#8217;illuminent, ses rues s&#8217;animent et ses temples refl\u00e8tent une nouvelle forme de calme. La visite priv\u00e9e de S\u00e9oul la nuit est id\u00e9ale pour les voyageurs qui souhaitent d\u00e9couvrir la ville dans une ambiance paisible tout en profitant de ses magnifiques paysages.<\/p>\n<p>En quelques heures seulement, vous d\u00e9couvrirez un contraste surprenant : une spiritualit\u00e9 tranquille, des march\u00e9s nocturnes anim\u00e9s et le rythme effr\u00e9n\u00e9 du centre-ville.<\/p>\n<h2><b><strong>Points forts<\/strong><\/b><\/h2>\n<ul>\n<li><b>Ruisseau Cheonggyecheon<\/b> : profitez d&#8217;une promenade paisible le long des eaux doucement \u00e9clair\u00e9es, o\u00f9 les bruits de la ville s&#8217;estompent et laissent place au calme.<\/li>\n<li><b>Place Gwanghwamun<\/b> : admirez les grands monuments et les fontaines illumin\u00e9s. L&#8217;histoire et le design se rencontrent ici dans un d\u00e9cor nocturne saisissant.<\/li>\n<li><b>Temple Jogyesa<\/b> : visitez ce temple lorsque les lanternes brillent doucement, offrant un moment de r\u00e9flexion au c\u0153ur de la capitale.<\/li>\n<li><b>Dongdaemun Design Plaza (DDP)<\/b> : \u00e9merveillez-vous devant le b\u00e2timent le plus futuriste de S\u00e9oul, magnifiquement \u00e9clair\u00e9 et anim\u00e9 par l&#8217;art et l&#8217;\u00e9nergie nocturne.<\/li>\n<li><b>Confortable trajet nocturne<\/b> : votre v\u00e9hicule priv\u00e9 vous permet de vous d\u00e9tendre et de profiter de la vue pendant que votre guide vous raconte l&#8217;histoire de la ville.<\/li>\n<li><b>Exp\u00e9rience nocturne personnalis\u00e9e<\/b> : vous d\u00e9cidez du rythme et des centres d&#8217;int\u00e9r\u00eat. Posez des questions, prenez des photos et laissez la ville se d\u00e9voiler \u00e0 votre rythme.<\/li>\n<\/ul>\n<p><a href=\"https:\/\/tourtravelandmore.com\/cities\/seoul\/\">D\u00e9couvrez d&#8217;autres visites priv\u00e9es de S\u00e9oul en soir\u00e9e gr\u00e2ce \u00e0 nos itin\u00e9raires personnalis\u00e9s.<\/a><\/p>\n<p>Pour obtenir des informations officielles sur le <a href=\"https:\/\/english.visitkorea.or.kr\/enu\/ATR\/SI_EN_3_1_1_1.jsp?cid=1998211\">Dongdaemun Design Plaza<\/a> ou le ruisseau Cheonggyecheon, veuillez consulter le site web de l&#8217;Office national du tourisme de Cor\u00e9e.<\/p>\n<p>Cette visite priv\u00e9e de S\u00e9oul en soir\u00e9e vous invite \u00e0 d\u00e9couvrir la ville sous un autre angle : \u00e9l\u00e9gante, calme et riche en histoires. Laissez-vous guider par la ligne d&#8217;horizon pendant que nous nous occupons de tout le reste.<\/p>\n","protected":false},"excerpt":{"rendered":"<p>D\u00e9couvrez la capitale de la Cor\u00e9e illumin\u00e9e lors de notre <b><i>visite priv\u00e9e de S\u00e9oul la nuit<\/i><\/b>. Cette exp\u00e9rience de 3 heures vous propose un voyage pittoresque et relaxant \u00e0 travers des sites embl\u00e9matiques illumin\u00e9s, des lieux historiques et des rues modernes pleines de vie.<\/p>\n","protected":false},"featured_media":185132,"comment_status":"open","ping_status":"closed","template":"","meta":{"_acf_changed":false},"product_brand":[],"product_cat":[5554,5553,5544],"product_tag":[],"class_list":{"0":"post-185120","1":"product","2":"type-product","3":"status-publish","4":"has-post-thumbnail","6":"product_cat-all-private-tours-fr-9","7":"product_cat-coree-du-sud-fr","8":"product_cat-seoul-fr","10":"first","11":"instock","12":"shipping-taxable","13":"purchasable","14":"product-type-simple"},"acf":[],"yoast_head":"<!-- This site is optimized with the Yoast SEO Premium plugin v25.3.1 (Yoast SEO v25.3.1) - https:\/\/yoast.com\/wordpress\/plugins\/seo\/ -->\n<title>Visite priv\u00e9e de S\u00e9oul la nuit<\/title>\n<meta name=\"description\" content=\"Visite priv\u00e9e de S\u00e9oul la nuit. Explorez ses rues gr\u00e2ce \u00e0 cette visite priv\u00e9e d&#039;une journ\u00e9e compl\u00e8te avec un guide et un v\u00e9hicule priv\u00e9.\" \/>\n<meta name=\"robots\" content=\"index, follow, max-snippet:-1, max-image-preview:large, max-video-preview:-1\" \/>\n<link rel=\"canonical\" href=\"https:\/\/tourtravelandmore.com\/fr\/tours\/coree-du-sud-fr\/seoul-fr\/visite-privee-dune-demi-journee-de-la-ville-de-seoul-copy\/\" \/>\n<meta property=\"og:locale\" content=\"fr_FR\" \/>\n<meta property=\"og:type\" content=\"article\" \/>\n<meta property=\"og:title\" content=\"Visite priv\u00e9e de S\u00e9oul la nuit\" \/>\n<meta property=\"og:description\" content=\"Visite priv\u00e9e de S\u00e9oul la nuit. Explorez ses rues gr\u00e2ce \u00e0 cette visite priv\u00e9e d&#039;une journ\u00e9e compl\u00e8te avec un guide et un v\u00e9hicule priv\u00e9.\" \/>\n<meta property=\"og:url\" content=\"https:\/\/tourtravelandmore.com\/fr\/tours\/coree-du-sud-fr\/seoul-fr\/visite-privee-dune-demi-journee-de-la-ville-de-seoul-copy\/\" \/>\n<meta property=\"og:site_name\" content=\"Tour Travel And More\" \/>\n<meta property=\"article:publisher\" content=\"https:\/\/www.facebook.com\/tourtravelandmore\/\" \/>\n<meta property=\"article:modified_time\" content=\"2025-07-07T15:38:30+00:00\" \/>\n<meta property=\"og:image\" content=\"https:\/\/tourtravelandmore.com\/wp-content\/uploads\/2025\/07\/gwanghwamun-636115_1280.jpg\" \/>\n\t<meta property=\"og:image:width\" content=\"1280\" \/>\n\t<meta property=\"og:image:height\" content=\"853\" \/>\n\t<meta property=\"og:image:type\" content=\"image\/jpeg\" \/>\n<meta name=\"twitter:card\" content=\"summary_large_image\" \/>\n<meta name=\"twitter:site\" content=\"@TourTravel_More\" \/>\n<meta name=\"twitter:label1\" content=\"Dur\u00e9e de lecture estim\u00e9e\" \/>\n\t<meta name=\"twitter:data1\" content=\"2 minutes\" \/>\n<script type=\"application\/ld+json\" class=\"yoast-schema-graph\">{\"@context\":\"https:\/\/schema.org\",\"@graph\":[{\"@type\":\"WebPage\",\"@id\":\"https:\/\/tourtravelandmore.com\/fr\/tours\/coree-du-sud-fr\/seoul-fr\/visite-privee-dune-demi-journee-de-la-ville-de-seoul-copy\/\",\"url\":\"https:\/\/tourtravelandmore.com\/fr\/tours\/coree-du-sud-fr\/seoul-fr\/visite-privee-dune-demi-journee-de-la-ville-de-seoul-copy\/\",\"name\":\"Visite priv\u00e9e de S\u00e9oul la nuit\",\"isPartOf\":{\"@id\":\"https:\/\/tourtravelandmore.com\/fr\/#website\"},\"primaryImageOfPage\":{\"@id\":\"https:\/\/tourtravelandmore.com\/fr\/tours\/coree-du-sud-fr\/seoul-fr\/visite-privee-dune-demi-journee-de-la-ville-de-seoul-copy\/#primaryimage\"},\"image\":{\"@id\":\"https:\/\/tourtravelandmore.com\/fr\/tours\/coree-du-sud-fr\/seoul-fr\/visite-privee-dune-demi-journee-de-la-ville-de-seoul-copy\/#primaryimage\"},\"thumbnailUrl\":\"https:\/\/tourtravelandmore.com\/wp-content\/uploads\/2025\/07\/gwanghwamun-636115_1280.jpg\",\"datePublished\":\"2025-07-07T15:26:34+00:00\",\"dateModified\":\"2025-07-07T15:38:30+00:00\",\"description\":\"Visite priv\u00e9e de S\u00e9oul la nuit. Explorez ses rues gr\u00e2ce \u00e0 cette visite priv\u00e9e d'une journ\u00e9e compl\u00e8te avec un guide et un v\u00e9hicule priv\u00e9.\",\"breadcrumb\":{\"@id\":\"https:\/\/tourtravelandmore.com\/fr\/tours\/coree-du-sud-fr\/seoul-fr\/visite-privee-dune-demi-journee-de-la-ville-de-seoul-copy\/#breadcrumb\"},\"inLanguage\":\"fr-FR\",\"potentialAction\":[{\"@type\":\"ReadAction\",\"target\":[\"https:\/\/tourtravelandmore.com\/fr\/tours\/coree-du-sud-fr\/seoul-fr\/visite-privee-dune-demi-journee-de-la-ville-de-seoul-copy\/\"]}]},{\"@type\":\"ImageObject\",\"inLanguage\":\"fr-FR\",\"@id\":\"https:\/\/tourtravelandmore.com\/fr\/tours\/coree-du-sud-fr\/seoul-fr\/visite-privee-dune-demi-journee-de-la-ville-de-seoul-copy\/#primaryimage\",\"url\":\"https:\/\/tourtravelandmore.com\/wp-content\/uploads\/2025\/07\/gwanghwamun-636115_1280.jpg\",\"contentUrl\":\"https:\/\/tourtravelandmore.com\/wp-content\/uploads\/2025\/07\/gwanghwamun-636115_1280.jpg\",\"width\":1280,\"height\":853},{\"@type\":\"BreadcrumbList\",\"@id\":\"https:\/\/tourtravelandmore.com\/fr\/tours\/coree-du-sud-fr\/seoul-fr\/visite-privee-dune-demi-journee-de-la-ville-de-seoul-copy\/#breadcrumb\",\"itemListElement\":[{\"@type\":\"ListItem\",\"position\":1,\"name\":\"Home\",\"item\":\"https:\/\/tourtravelandmore.com\/fr\/\"},{\"@type\":\"ListItem\",\"position\":2,\"name\":\"Tours\",\"item\":\"https:\/\/tourtravelandmore.com\/fr\/tours\/\"},{\"@type\":\"ListItem\",\"position\":3,\"name\":\"Visite priv\u00e9e de S\u00e9oul la nuit\"}]},{\"@type\":\"WebSite\",\"@id\":\"https:\/\/tourtravelandmore.com\/fr\/#website\",\"url\":\"https:\/\/tourtravelandmore.com\/fr\/\",\"name\":\"Tour Travel And More\",\"description\":\"Private sightseeing tours and luxury transfers in Spain\",\"publisher\":{\"@id\":\"https:\/\/tourtravelandmore.com\/fr\/#organization\"},\"potentialAction\":[{\"@type\":\"SearchAction\",\"target\":{\"@type\":\"EntryPoint\",\"urlTemplate\":\"https:\/\/tourtravelandmore.com\/fr\/?s={search_term_string}\"},\"query-input\":{\"@type\":\"PropertyValueSpecification\",\"valueRequired\":true,\"valueName\":\"search_term_string\"}}],\"inLanguage\":\"fr-FR\"},{\"@type\":\"Organization\",\"@id\":\"https:\/\/tourtravelandmore.com\/fr\/#organization\",\"name\":\"Tour Travel And More\",\"url\":\"https:\/\/tourtravelandmore.com\/fr\/\",\"logo\":{\"@type\":\"ImageObject\",\"inLanguage\":\"fr-FR\",\"@id\":\"https:\/\/tourtravelandmore.com\/fr\/#\/schema\/logo\/image\/\",\"url\":\"https:\/\/tourtravelandmore.com\/wp-content\/uploads\/2022\/12\/cropped-logo-cabecera-new.png\",\"contentUrl\":\"https:\/\/tourtravelandmore.com\/wp-content\/uploads\/2022\/12\/cropped-logo-cabecera-new.png\",\"width\":430,\"height\":61,\"caption\":\"Tour Travel And More\"},\"image\":{\"@id\":\"https:\/\/tourtravelandmore.com\/fr\/#\/schema\/logo\/image\/\"},\"sameAs\":[\"https:\/\/www.facebook.com\/tourtravelandmore\/\",\"https:\/\/x.com\/TourTravel_More\"]}]}<\/script>\n<!-- \/ Yoast SEO Premium plugin. -->","yoast_head_json":{"title":"Visite priv\u00e9e de S\u00e9oul la nuit","description":"Visite priv\u00e9e de S\u00e9oul la nuit. Explorez ses rues gr\u00e2ce \u00e0 cette visite priv\u00e9e d'une journ\u00e9e compl\u00e8te avec un guide et un v\u00e9hicule priv\u00e9.","robots":{"index":"index","follow":"follow","max-snippet":"max-snippet:-1","max-image-preview":"max-image-preview:large","max-video-preview":"max-video-preview:-1"},"canonical":"https:\/\/tourtravelandmore.com\/fr\/tours\/coree-du-sud-fr\/seoul-fr\/visite-privee-dune-demi-journee-de-la-ville-de-seoul-copy\/","og_locale":"fr_FR","og_type":"article","og_title":"Visite priv\u00e9e de S\u00e9oul la nuit","og_description":"Visite priv\u00e9e de S\u00e9oul la nuit. Explorez ses rues gr\u00e2ce \u00e0 cette visite priv\u00e9e d'une journ\u00e9e compl\u00e8te avec un guide et un v\u00e9hicule priv\u00e9.","og_url":"https:\/\/tourtravelandmore.com\/fr\/tours\/coree-du-sud-fr\/seoul-fr\/visite-privee-dune-demi-journee-de-la-ville-de-seoul-copy\/","og_site_name":"Tour Travel And More","article_publisher":"https:\/\/www.facebook.com\/tourtravelandmore\/","article_modified_time":"2025-07-07T15:38:30+00:00","og_image":[{"width":1280,"height":853,"url":"https:\/\/tourtravelandmore.com\/wp-content\/uploads\/2025\/07\/gwanghwamun-636115_1280.jpg","type":"image\/jpeg"}],"twitter_card":"summary_large_image","twitter_site":"@TourTravel_More","twitter_misc":{"Dur\u00e9e de lecture estim\u00e9e":"2 minutes"},"schema":{"@context":"https:\/\/schema.org","@graph":[{"@type":"WebPage","@id":"https:\/\/tourtravelandmore.com\/fr\/tours\/coree-du-sud-fr\/seoul-fr\/visite-privee-dune-demi-journee-de-la-ville-de-seoul-copy\/","url":"https:\/\/tourtravelandmore.com\/fr\/tours\/coree-du-sud-fr\/seoul-fr\/visite-privee-dune-demi-journee-de-la-ville-de-seoul-copy\/","name":"Visite priv\u00e9e de S\u00e9oul la nuit","isPartOf":{"@id":"https:\/\/tourtravelandmore.com\/fr\/#website"},"primaryImageOfPage":{"@id":"https:\/\/tourtravelandmore.com\/fr\/tours\/coree-du-sud-fr\/seoul-fr\/visite-privee-dune-demi-journee-de-la-ville-de-seoul-copy\/#primaryimage"},"image":{"@id":"https:\/\/tourtravelandmore.com\/fr\/tours\/coree-du-sud-fr\/seoul-fr\/visite-privee-dune-demi-journee-de-la-ville-de-seoul-copy\/#primaryimage"},"thumbnailUrl":"https:\/\/tourtravelandmore.com\/wp-content\/uploads\/2025\/07\/gwanghwamun-636115_1280.jpg","datePublished":"2025-07-07T15:26:34+00:00","dateModified":"2025-07-07T15:38:30+00:00","description":"Visite priv\u00e9e de S\u00e9oul la nuit. Explorez ses rues gr\u00e2ce \u00e0 cette visite priv\u00e9e d'une journ\u00e9e compl\u00e8te avec un guide et un v\u00e9hicule priv\u00e9.","breadcrumb":{"@id":"https:\/\/tourtravelandmore.com\/fr\/tours\/coree-du-sud-fr\/seoul-fr\/visite-privee-dune-demi-journee-de-la-ville-de-seoul-copy\/#breadcrumb"},"inLanguage":"fr-FR","potentialAction":[{"@type":"ReadAction","target":["https:\/\/tourtravelandmore.com\/fr\/tours\/coree-du-sud-fr\/seoul-fr\/visite-privee-dune-demi-journee-de-la-ville-de-seoul-copy\/"]}]},{"@type":"ImageObject","inLanguage":"fr-FR","@id":"https:\/\/tourtravelandmore.com\/fr\/tours\/coree-du-sud-fr\/seoul-fr\/visite-privee-dune-demi-journee-de-la-ville-de-seoul-copy\/#primaryimage","url":"https:\/\/tourtravelandmore.com\/wp-content\/uploads\/2025\/07\/gwanghwamun-636115_1280.jpg","contentUrl":"https:\/\/tourtravelandmore.com\/wp-content\/uploads\/2025\/07\/gwanghwamun-636115_1280.jpg","width":1280,"height":853},{"@type":"BreadcrumbList","@id":"https:\/\/tourtravelandmore.com\/fr\/tours\/coree-du-sud-fr\/seoul-fr\/visite-privee-dune-demi-journee-de-la-ville-de-seoul-copy\/#breadcrumb","itemListElement":[{"@type":"ListItem","position":1,"name":"Home","item":"https:\/\/tourtravelandmore.com\/fr\/"},{"@type":"ListItem","position":2,"name":"Tours","item":"https:\/\/tourtravelandmore.com\/fr\/tours\/"},{"@type":"ListItem","position":3,"name":"Visite priv\u00e9e de S\u00e9oul la nuit"}]},{"@type":"WebSite","@id":"https:\/\/tourtravelandmore.com\/fr\/#website","url":"https:\/\/tourtravelandmore.com\/fr\/","name":"Tour Travel And More","description":"Private sightseeing tours and luxury transfers in Spain","publisher":{"@id":"https:\/\/tourtravelandmore.com\/fr\/#organization"},"potentialAction":[{"@type":"SearchAction","target":{"@type":"EntryPoint","urlTemplate":"https:\/\/tourtravelandmore.com\/fr\/?s={search_term_string}"},"query-input":{"@type":"PropertyValueSpecification","valueRequired":true,"valueName":"search_term_string"}}],"inLanguage":"fr-FR"},{"@type":"Organization","@id":"https:\/\/tourtravelandmore.com\/fr\/#organization","name":"Tour Travel And More","url":"https:\/\/tourtravelandmore.com\/fr\/","logo":{"@type":"ImageObject","inLanguage":"fr-FR","@id":"https:\/\/tourtravelandmore.com\/fr\/#\/schema\/logo\/image\/","url":"https:\/\/tourtravelandmore.com\/wp-content\/uploads\/2022\/12\/cropped-logo-cabecera-new.png","contentUrl":"https:\/\/tourtravelandmore.com\/wp-content\/uploads\/2022\/12\/cropped-logo-cabecera-new.png","width":430,"height":61,"caption":"Tour Travel And More"},"image":{"@id":"https:\/\/tourtravelandmore.com\/fr\/#\/schema\/logo\/image\/"},"sameAs":["https:\/\/www.facebook.com\/tourtravelandmore\/","https:\/\/x.com\/TourTravel_More"]}]}},"_links":{"self":[{"href":"https:\/\/tourtravelandmore.com\/fr\/wp-json\/wp\/v2\/product\/185120","targetHints":{"allow":["GET"]}}],"collection":[{"href":"https:\/\/tourtravelandmore.com\/fr\/wp-json\/wp\/v2\/product"}],"about":[{"href":"https:\/\/tourtravelandmore.com\/fr\/wp-json\/wp\/v2\/types\/product"}],"replies":[{"embeddable":true,"href":"https:\/\/tourtravelandmore.com\/fr\/wp-json\/wp\/v2\/comments?post=185120"}],"wp:featuredmedia":[{"embeddable":true,"href":"https:\/\/tourtravelandmore.com\/fr\/wp-json\/wp\/v2\/media\/185132"}],"wp:attachment":[{"href":"https:\/\/tourtravelandmore.com\/fr\/wp-json\/wp\/v2\/media?parent=185120"}],"wp:term":[{"taxonomy":"product_brand","embeddable":true,"href":"https:\/\/tourtravelandmore.com\/fr\/wp-json\/wp\/v2\/product_brand?post=185120"},{"taxonomy":"product_cat","embeddable":true,"href":"https:\/\/tourtravelandmore.com\/fr\/wp-json\/wp\/v2\/product_cat?post=185120"},{"taxonomy":"product_tag","embeddable":true,"href":"https:\/\/tourtravelandmore.com\/fr\/wp-json\/wp\/v2\/product_tag?post=185120"}],"curies":[{"name":"wp","href":"https:\/\/api.w.org\/{rel}","templated":true}]}}