{"id":185089,"date":"2025-07-07T16:50:47","date_gmt":"2025-07-07T14:50:52","guid":{"rendered":"https:\/\/tourtravelandmore.com\/?post_type=product&#038;p=185089"},"modified":"2025-07-07T17:25:11","modified_gmt":"2025-07-07T15:25:11","slug":"visite-guidee-privee-a-pied-de-seoul-la-nuit-copy","status":"publish","type":"product","link":"https:\/\/tourtravelandmore.com\/fr\/tours\/coree-du-sud-fr\/seoul-fr\/visite-guidee-privee-a-pied-de-seoul-la-nuit-copy\/","title":{"rendered":"Visite priv\u00e9e d&#8217;une demi-journ\u00e9e de la ville de S\u00e9oul"},"content":{"rendered":"<h2><b><strong>Description | Visite priv\u00e9e d&#8217;une demi-journ\u00e9e de la ville de S\u00e9oul<\/strong><\/b><\/h2>\n<p>D\u00e9couvrez la capitale dynamique de la Cor\u00e9e en tout confort gr\u00e2ce \u00e0 notre visite priv\u00e9e d&#8217;une demi-journ\u00e9e de la ville de S\u00e9oul. En seulement quatre heures, vous d\u00e9couvrirez l&#8217;essence m\u00eame de S\u00e9oul, son histoire, sa spiritualit\u00e9 et sa culture quotidienne, le tout en compagnie d&#8217;un expert local.<\/p>\n<p>Cette visite est id\u00e9ale si vous disposez de peu de temps mais souhaitez vivre une exp\u00e9rience compl\u00e8te. Gr\u00e2ce \u00e0 un transport priv\u00e9 et \u00e0 un guide exp\u00e9riment\u00e9, vous visiterez les principaux sites touristiques tout en \u00e9vitant le stress et la foule. Des portes royales aux temples paisibles en passant par les rues color\u00e9es, la ville se d\u00e9voile \u00e0 travers des moments \u00e0 la fois grandioses et intimes.<\/p>\n<p>La visite priv\u00e9e d&#8217;une demi-journ\u00e9e de la ville de S\u00e9oul est parfaite pour les nouveaux visiteurs ou ceux qui souhaitent d\u00e9couvrir les points forts de la ville \u00e0 un rythme d\u00e9tendu.<\/p>\n<h2><b><strong>Points forts<\/strong><\/b><\/h2>\n<ul>\n<li><b>Palais Gyeongbokgung (visite ext\u00e9rieure)<\/b> : d\u00e9couvrez la grandeur du palais le plus embl\u00e9matique de Cor\u00e9e, o\u00f9 les gardes c\u00e9r\u00e9moniels et l&#8217;h\u00e9ritage royal r\u00e9sonnent encore aujourd&#8217;hui.<\/li>\n<li><b>Temple Jogyesa<\/b> : entrez dans un monde serein de tradition bouddhiste. Les lanternes, les arbres anciens et l&#8217;encens cr\u00e9ent une pause paisible loin de la vie urbaine.<\/li>\n<li><b>Rue culturelle Insadong<\/b> : cette zone pi\u00e9tonne anim\u00e9e regorge de salons de th\u00e9, de boutiques traditionnelles et d&#8217;artisanat cor\u00e9en. Elle est tr\u00e8s appr\u00e9ci\u00e9e des habitants et des visiteurs.<\/li>\n<li><b>Ruisseau Cheonggyecheon<\/b> : promenez-vous le long d&#8217;un ruisseau restaur\u00e9 qui traverse le centre-ville de S\u00e9oul. C&#8217;est un espace calme entour\u00e9 par le rythme de la vie urbaine.<\/li>\n<li><b>Efficace et confortable<\/b> : voyagez en toute tranquillit\u00e9 dans votre v\u00e9hicule priv\u00e9. Votre guide s&#8217;occupe de tous les d\u00e9tails afin que vous puissiez vous concentrer sur votre d\u00e9couverte.<\/li>\n<li><b>Une immersion culturelle sur mesure<\/b> : posez des questions, suivez vos centres d&#8217;int\u00e9r\u00eat et profitez d&#8217;une exp\u00e9rience personnalis\u00e9e du d\u00e9but \u00e0 la fin.<\/li>\n<\/ul>\n<p>D\u00e9couvrez d&#8217;autres visites priv\u00e9es de S\u00e9oul pour approfondir votre exploration de la capitale cor\u00e9enne.<\/p>\n<p>Pour en savoir plus sur le palais <a href=\"https:\/\/english.visitkorea.or.kr\/enu\/ATR\/SI_EN_3_1_1_1.jsp?cid=264337\">Gyeongbokgung<\/a> ou le temple Jogyesa, rendez-vous sur le site officiel de l&#8217;Office national du tourisme cor\u00e9en.<\/p>\n<p>Cette visite priv\u00e9e d&#8217;une demi-journ\u00e9e de S\u00e9oul vous offre une introduction authentique en quelques heures seulement. C&#8217;est un voyage \u00e0 travers l&#8217;architecture, les croyances et la vie urbaine, facile, instructif et inoubliable.<\/p>\n","protected":false},"excerpt":{"rendered":"<p>D\u00e9couvrez la capitale dynamique de la Cor\u00e9e en tout confort gr\u00e2ce \u00e0 notre visite priv\u00e9e d&#8217;une demi-journ\u00e9e de la ville de S\u00e9oul. En seulement quatre heures, vous d\u00e9couvrirez l&#8217;essence m\u00eame de S\u00e9oul, son histoire, sa spiritualit\u00e9 et sa culture quotidienne, le tout en compagnie d&#8217;un expert local.<\/p>\n","protected":false},"featured_media":185101,"comment_status":"open","ping_status":"closed","template":"","meta":{"_acf_changed":false},"product_brand":[],"product_cat":[5554,5553,5544],"product_tag":[],"class_list":{"0":"post-185089","1":"product","2":"type-product","3":"status-publish","4":"has-post-thumbnail","6":"product_cat-all-private-tours-fr-9","7":"product_cat-coree-du-sud-fr","8":"product_cat-seoul-fr","10":"first","11":"instock","12":"shipping-taxable","13":"purchasable","14":"product-type-simple"},"acf":[],"yoast_head":"<!-- This site is optimized with the Yoast SEO Premium plugin v25.3.1 (Yoast SEO v25.3.1) - https:\/\/yoast.com\/wordpress\/plugins\/seo\/ -->\n<title>Visite priv\u00e9e d&#039;une demi-journ\u00e9e de la ville de S\u00e9oul<\/title>\n<meta name=\"description\" content=\"Visite priv\u00e9e d&#039;une demi-journ\u00e9e de la ville de S\u00e9oul. Explorez ses rues gr\u00e2ce \u00e0 cette visite priv\u00e9e d&#039;une journ\u00e9e compl\u00e8te avec un guide et un v\u00e9hicule priv\u00e9.\" \/>\n<meta name=\"robots\" content=\"index, follow, max-snippet:-1, max-image-preview:large, max-video-preview:-1\" \/>\n<link rel=\"canonical\" href=\"https:\/\/tourtravelandmore.com\/fr\/tours\/coree-du-sud-fr\/seoul-fr\/visite-guidee-privee-a-pied-de-seoul-la-nuit-copy\/\" \/>\n<meta property=\"og:locale\" content=\"fr_FR\" \/>\n<meta property=\"og:type\" content=\"article\" \/>\n<meta property=\"og:title\" content=\"Visite priv\u00e9e d&#039;une demi-journ\u00e9e de la ville de S\u00e9oul\" \/>\n<meta property=\"og:description\" content=\"Visite priv\u00e9e d&#039;une demi-journ\u00e9e de la ville de S\u00e9oul. Explorez ses rues gr\u00e2ce \u00e0 cette visite priv\u00e9e d&#039;une journ\u00e9e compl\u00e8te avec un guide et un v\u00e9hicule priv\u00e9.\" \/>\n<meta property=\"og:url\" content=\"https:\/\/tourtravelandmore.com\/fr\/tours\/coree-du-sud-fr\/seoul-fr\/visite-guidee-privee-a-pied-de-seoul-la-nuit-copy\/\" \/>\n<meta property=\"og:site_name\" content=\"Tour Travel And More\" \/>\n<meta property=\"article:publisher\" content=\"https:\/\/www.facebook.com\/tourtravelandmore\/\" \/>\n<meta property=\"article:modified_time\" content=\"2025-07-07T15:25:11+00:00\" \/>\n<meta property=\"og:image\" content=\"https:\/\/tourtravelandmore.com\/wp-content\/uploads\/2025\/07\/gwanghwamun-636113_1280.jpg\" \/>\n\t<meta property=\"og:image:width\" content=\"1280\" \/>\n\t<meta property=\"og:image:height\" content=\"853\" \/>\n\t<meta property=\"og:image:type\" content=\"image\/jpeg\" \/>\n<meta name=\"twitter:card\" content=\"summary_large_image\" \/>\n<meta name=\"twitter:site\" content=\"@TourTravel_More\" \/>\n<meta name=\"twitter:label1\" content=\"Dur\u00e9e de lecture estim\u00e9e\" \/>\n\t<meta name=\"twitter:data1\" content=\"2 minutes\" \/>\n<script type=\"application\/ld+json\" class=\"yoast-schema-graph\">{\"@context\":\"https:\/\/schema.org\",\"@graph\":[{\"@type\":\"WebPage\",\"@id\":\"https:\/\/tourtravelandmore.com\/fr\/tours\/coree-du-sud-fr\/seoul-fr\/visite-guidee-privee-a-pied-de-seoul-la-nuit-copy\/\",\"url\":\"https:\/\/tourtravelandmore.com\/fr\/tours\/coree-du-sud-fr\/seoul-fr\/visite-guidee-privee-a-pied-de-seoul-la-nuit-copy\/\",\"name\":\"Visite priv\u00e9e d'une demi-journ\u00e9e de la ville de S\u00e9oul\",\"isPartOf\":{\"@id\":\"https:\/\/tourtravelandmore.com\/fr\/#website\"},\"primaryImageOfPage\":{\"@id\":\"https:\/\/tourtravelandmore.com\/fr\/tours\/coree-du-sud-fr\/seoul-fr\/visite-guidee-privee-a-pied-de-seoul-la-nuit-copy\/#primaryimage\"},\"image\":{\"@id\":\"https:\/\/tourtravelandmore.com\/fr\/tours\/coree-du-sud-fr\/seoul-fr\/visite-guidee-privee-a-pied-de-seoul-la-nuit-copy\/#primaryimage\"},\"thumbnailUrl\":\"https:\/\/tourtravelandmore.com\/wp-content\/uploads\/2025\/07\/gwanghwamun-636113_1280.jpg\",\"datePublished\":\"2025-07-07T14:50:52+00:00\",\"dateModified\":\"2025-07-07T15:25:11+00:00\",\"description\":\"Visite priv\u00e9e d'une demi-journ\u00e9e de la ville de S\u00e9oul. Explorez ses rues gr\u00e2ce \u00e0 cette visite priv\u00e9e d'une journ\u00e9e compl\u00e8te avec un guide et un v\u00e9hicule priv\u00e9.\",\"breadcrumb\":{\"@id\":\"https:\/\/tourtravelandmore.com\/fr\/tours\/coree-du-sud-fr\/seoul-fr\/visite-guidee-privee-a-pied-de-seoul-la-nuit-copy\/#breadcrumb\"},\"inLanguage\":\"fr-FR\",\"potentialAction\":[{\"@type\":\"ReadAction\",\"target\":[\"https:\/\/tourtravelandmore.com\/fr\/tours\/coree-du-sud-fr\/seoul-fr\/visite-guidee-privee-a-pied-de-seoul-la-nuit-copy\/\"]}]},{\"@type\":\"ImageObject\",\"inLanguage\":\"fr-FR\",\"@id\":\"https:\/\/tourtravelandmore.com\/fr\/tours\/coree-du-sud-fr\/seoul-fr\/visite-guidee-privee-a-pied-de-seoul-la-nuit-copy\/#primaryimage\",\"url\":\"https:\/\/tourtravelandmore.com\/wp-content\/uploads\/2025\/07\/gwanghwamun-636113_1280.jpg\",\"contentUrl\":\"https:\/\/tourtravelandmore.com\/wp-content\/uploads\/2025\/07\/gwanghwamun-636113_1280.jpg\",\"width\":1280,\"height\":853},{\"@type\":\"BreadcrumbList\",\"@id\":\"https:\/\/tourtravelandmore.com\/fr\/tours\/coree-du-sud-fr\/seoul-fr\/visite-guidee-privee-a-pied-de-seoul-la-nuit-copy\/#breadcrumb\",\"itemListElement\":[{\"@type\":\"ListItem\",\"position\":1,\"name\":\"Home\",\"item\":\"https:\/\/tourtravelandmore.com\/fr\/\"},{\"@type\":\"ListItem\",\"position\":2,\"name\":\"Tours\",\"item\":\"https:\/\/tourtravelandmore.com\/fr\/tours\/\"},{\"@type\":\"ListItem\",\"position\":3,\"name\":\"Visite priv\u00e9e d&#8217;une demi-journ\u00e9e de la ville de S\u00e9oul\"}]},{\"@type\":\"WebSite\",\"@id\":\"https:\/\/tourtravelandmore.com\/fr\/#website\",\"url\":\"https:\/\/tourtravelandmore.com\/fr\/\",\"name\":\"Tour Travel And More\",\"description\":\"Private sightseeing tours and luxury transfers in Spain\",\"publisher\":{\"@id\":\"https:\/\/tourtravelandmore.com\/fr\/#organization\"},\"potentialAction\":[{\"@type\":\"SearchAction\",\"target\":{\"@type\":\"EntryPoint\",\"urlTemplate\":\"https:\/\/tourtravelandmore.com\/fr\/?s={search_term_string}\"},\"query-input\":{\"@type\":\"PropertyValueSpecification\",\"valueRequired\":true,\"valueName\":\"search_term_string\"}}],\"inLanguage\":\"fr-FR\"},{\"@type\":\"Organization\",\"@id\":\"https:\/\/tourtravelandmore.com\/fr\/#organization\",\"name\":\"Tour Travel And More\",\"url\":\"https:\/\/tourtravelandmore.com\/fr\/\",\"logo\":{\"@type\":\"ImageObject\",\"inLanguage\":\"fr-FR\",\"@id\":\"https:\/\/tourtravelandmore.com\/fr\/#\/schema\/logo\/image\/\",\"url\":\"https:\/\/tourtravelandmore.com\/wp-content\/uploads\/2022\/12\/cropped-logo-cabecera-new.png\",\"contentUrl\":\"https:\/\/tourtravelandmore.com\/wp-content\/uploads\/2022\/12\/cropped-logo-cabecera-new.png\",\"width\":430,\"height\":61,\"caption\":\"Tour Travel And More\"},\"image\":{\"@id\":\"https:\/\/tourtravelandmore.com\/fr\/#\/schema\/logo\/image\/\"},\"sameAs\":[\"https:\/\/www.facebook.com\/tourtravelandmore\/\",\"https:\/\/x.com\/TourTravel_More\"]}]}<\/script>\n<!-- \/ Yoast SEO Premium plugin. -->","yoast_head_json":{"title":"Visite priv\u00e9e d'une demi-journ\u00e9e de la ville de S\u00e9oul","description":"Visite priv\u00e9e d'une demi-journ\u00e9e de la ville de S\u00e9oul. Explorez ses rues gr\u00e2ce \u00e0 cette visite priv\u00e9e d'une journ\u00e9e compl\u00e8te avec un guide et un v\u00e9hicule priv\u00e9.","robots":{"index":"index","follow":"follow","max-snippet":"max-snippet:-1","max-image-preview":"max-image-preview:large","max-video-preview":"max-video-preview:-1"},"canonical":"https:\/\/tourtravelandmore.com\/fr\/tours\/coree-du-sud-fr\/seoul-fr\/visite-guidee-privee-a-pied-de-seoul-la-nuit-copy\/","og_locale":"fr_FR","og_type":"article","og_title":"Visite priv\u00e9e d'une demi-journ\u00e9e de la ville de S\u00e9oul","og_description":"Visite priv\u00e9e d'une demi-journ\u00e9e de la ville de S\u00e9oul. Explorez ses rues gr\u00e2ce \u00e0 cette visite priv\u00e9e d'une journ\u00e9e compl\u00e8te avec un guide et un v\u00e9hicule priv\u00e9.","og_url":"https:\/\/tourtravelandmore.com\/fr\/tours\/coree-du-sud-fr\/seoul-fr\/visite-guidee-privee-a-pied-de-seoul-la-nuit-copy\/","og_site_name":"Tour Travel And More","article_publisher":"https:\/\/www.facebook.com\/tourtravelandmore\/","article_modified_time":"2025-07-07T15:25:11+00:00","og_image":[{"width":1280,"height":853,"url":"https:\/\/tourtravelandmore.com\/wp-content\/uploads\/2025\/07\/gwanghwamun-636113_1280.jpg","type":"image\/jpeg"}],"twitter_card":"summary_large_image","twitter_site":"@TourTravel_More","twitter_misc":{"Dur\u00e9e de lecture estim\u00e9e":"2 minutes"},"schema":{"@context":"https:\/\/schema.org","@graph":[{"@type":"WebPage","@id":"https:\/\/tourtravelandmore.com\/fr\/tours\/coree-du-sud-fr\/seoul-fr\/visite-guidee-privee-a-pied-de-seoul-la-nuit-copy\/","url":"https:\/\/tourtravelandmore.com\/fr\/tours\/coree-du-sud-fr\/seoul-fr\/visite-guidee-privee-a-pied-de-seoul-la-nuit-copy\/","name":"Visite priv\u00e9e d'une demi-journ\u00e9e de la ville de S\u00e9oul","isPartOf":{"@id":"https:\/\/tourtravelandmore.com\/fr\/#website"},"primaryImageOfPage":{"@id":"https:\/\/tourtravelandmore.com\/fr\/tours\/coree-du-sud-fr\/seoul-fr\/visite-guidee-privee-a-pied-de-seoul-la-nuit-copy\/#primaryimage"},"image":{"@id":"https:\/\/tourtravelandmore.com\/fr\/tours\/coree-du-sud-fr\/seoul-fr\/visite-guidee-privee-a-pied-de-seoul-la-nuit-copy\/#primaryimage"},"thumbnailUrl":"https:\/\/tourtravelandmore.com\/wp-content\/uploads\/2025\/07\/gwanghwamun-636113_1280.jpg","datePublished":"2025-07-07T14:50:52+00:00","dateModified":"2025-07-07T15:25:11+00:00","description":"Visite priv\u00e9e d'une demi-journ\u00e9e de la ville de S\u00e9oul. Explorez ses rues gr\u00e2ce \u00e0 cette visite priv\u00e9e d'une journ\u00e9e compl\u00e8te avec un guide et un v\u00e9hicule priv\u00e9.","breadcrumb":{"@id":"https:\/\/tourtravelandmore.com\/fr\/tours\/coree-du-sud-fr\/seoul-fr\/visite-guidee-privee-a-pied-de-seoul-la-nuit-copy\/#breadcrumb"},"inLanguage":"fr-FR","potentialAction":[{"@type":"ReadAction","target":["https:\/\/tourtravelandmore.com\/fr\/tours\/coree-du-sud-fr\/seoul-fr\/visite-guidee-privee-a-pied-de-seoul-la-nuit-copy\/"]}]},{"@type":"ImageObject","inLanguage":"fr-FR","@id":"https:\/\/tourtravelandmore.com\/fr\/tours\/coree-du-sud-fr\/seoul-fr\/visite-guidee-privee-a-pied-de-seoul-la-nuit-copy\/#primaryimage","url":"https:\/\/tourtravelandmore.com\/wp-content\/uploads\/2025\/07\/gwanghwamun-636113_1280.jpg","contentUrl":"https:\/\/tourtravelandmore.com\/wp-content\/uploads\/2025\/07\/gwanghwamun-636113_1280.jpg","width":1280,"height":853},{"@type":"BreadcrumbList","@id":"https:\/\/tourtravelandmore.com\/fr\/tours\/coree-du-sud-fr\/seoul-fr\/visite-guidee-privee-a-pied-de-seoul-la-nuit-copy\/#breadcrumb","itemListElement":[{"@type":"ListItem","position":1,"name":"Home","item":"https:\/\/tourtravelandmore.com\/fr\/"},{"@type":"ListItem","position":2,"name":"Tours","item":"https:\/\/tourtravelandmore.com\/fr\/tours\/"},{"@type":"ListItem","position":3,"name":"Visite priv\u00e9e d&#8217;une demi-journ\u00e9e de la ville de S\u00e9oul"}]},{"@type":"WebSite","@id":"https:\/\/tourtravelandmore.com\/fr\/#website","url":"https:\/\/tourtravelandmore.com\/fr\/","name":"Tour Travel And More","description":"Private sightseeing tours and luxury transfers in Spain","publisher":{"@id":"https:\/\/tourtravelandmore.com\/fr\/#organization"},"potentialAction":[{"@type":"SearchAction","target":{"@type":"EntryPoint","urlTemplate":"https:\/\/tourtravelandmore.com\/fr\/?s={search_term_string}"},"query-input":{"@type":"PropertyValueSpecification","valueRequired":true,"valueName":"search_term_string"}}],"inLanguage":"fr-FR"},{"@type":"Organization","@id":"https:\/\/tourtravelandmore.com\/fr\/#organization","name":"Tour Travel And More","url":"https:\/\/tourtravelandmore.com\/fr\/","logo":{"@type":"ImageObject","inLanguage":"fr-FR","@id":"https:\/\/tourtravelandmore.com\/fr\/#\/schema\/logo\/image\/","url":"https:\/\/tourtravelandmore.com\/wp-content\/uploads\/2022\/12\/cropped-logo-cabecera-new.png","contentUrl":"https:\/\/tourtravelandmore.com\/wp-content\/uploads\/2022\/12\/cropped-logo-cabecera-new.png","width":430,"height":61,"caption":"Tour Travel And More"},"image":{"@id":"https:\/\/tourtravelandmore.com\/fr\/#\/schema\/logo\/image\/"},"sameAs":["https:\/\/www.facebook.com\/tourtravelandmore\/","https:\/\/x.com\/TourTravel_More"]}]}},"_links":{"self":[{"href":"https:\/\/tourtravelandmore.com\/fr\/wp-json\/wp\/v2\/product\/185089","targetHints":{"allow":["GET"]}}],"collection":[{"href":"https:\/\/tourtravelandmore.com\/fr\/wp-json\/wp\/v2\/product"}],"about":[{"href":"https:\/\/tourtravelandmore.com\/fr\/wp-json\/wp\/v2\/types\/product"}],"replies":[{"embeddable":true,"href":"https:\/\/tourtravelandmore.com\/fr\/wp-json\/wp\/v2\/comments?post=185089"}],"wp:featuredmedia":[{"embeddable":true,"href":"https:\/\/tourtravelandmore.com\/fr\/wp-json\/wp\/v2\/media\/185101"}],"wp:attachment":[{"href":"https:\/\/tourtravelandmore.com\/fr\/wp-json\/wp\/v2\/media?parent=185089"}],"wp:term":[{"taxonomy":"product_brand","embeddable":true,"href":"https:\/\/tourtravelandmore.com\/fr\/wp-json\/wp\/v2\/product_brand?post=185089"},{"taxonomy":"product_cat","embeddable":true,"href":"https:\/\/tourtravelandmore.com\/fr\/wp-json\/wp\/v2\/product_cat?post=185089"},{"taxonomy":"product_tag","embeddable":true,"href":"https:\/\/tourtravelandmore.com\/fr\/wp-json\/wp\/v2\/product_tag?post=185089"}],"curies":[{"name":"wp","href":"https:\/\/api.w.org\/{rel}","templated":true}]}}