{"id":185058,"date":"2025-07-07T16:18:27","date_gmt":"2025-07-07T14:18:43","guid":{"rendered":"https:\/\/tourtravelandmore.com\/?post_type=product&#038;p=185058"},"modified":"2025-07-07T16:49:39","modified_gmt":"2025-07-07T14:49:39","slug":"visite-privee-premium-de-la-dmz-et-du-pont-suspendu-ou-de-la-tour-n-copy-3","status":"publish","type":"product","link":"https:\/\/tourtravelandmore.com\/fr\/tours\/coree-du-sud-fr\/seoul-fr\/visite-privee-premium-de-la-dmz-et-du-pont-suspendu-ou-de-la-tour-n-copy-3\/","title":{"rendered":"Visite guid\u00e9e priv\u00e9e \u00e0 pied de S\u00e9oul la nuit"},"content":{"rendered":"<h2><b><strong>Description<\/strong><\/b><\/h2>\n<p>D\u00e9couvrez la ville sous un nouveau jour gr\u00e2ce \u00e0 notre <strong>visite guid\u00e9e priv\u00e9e \u00e0 pied de S\u00e9oul la nuit<\/strong>. Ce circuit de deux heures vous emm\u00e8ne \u00e0 travers les rues illumin\u00e9es, les monuments historiques et les quartiers anim\u00e9s, o\u00f9 l&#8217;\u00e9nergie de S\u00e9oul prend v\u00e9ritablement vie apr\u00e8s le coucher du soleil.<\/p>\n<p>Commencez votre promenade au c\u0153ur de la capitale, tandis que votre guide vous conduit \u00e0 travers des ruelles pittoresques et des sites embl\u00e9matiques illumin\u00e9s dans le ciel nocturne.<\/p>\n<p>En chemin, vous d\u00e9couvrirez comment la tradition se m\u00eale \u00e0 la vie moderne, des palais et temples illumin\u00e9s aux march\u00e9s anim\u00e9s et chemins le long du fleuve. La visite priv\u00e9e \u00e0 pied de S\u00e9oul la nuit est id\u00e9ale pour les voyageurs qui souhaitent d\u00e9couvrir la ville de mani\u00e8re plus intime, paisible et visuellement \u00e9poustouflante.<\/p>\n<p>Que vous soyez amateur de photographie, de promenades nocturnes ou de d\u00e9couverte de lieux cach\u00e9s, cette visite vous offre une fa\u00e7on m\u00e9morable et rafra\u00eechissante d&#8217;explorer S\u00e9oul.<\/p>\n<h2><b><strong>Points forts<\/strong><\/b><\/h2>\n<ul>\n<li><b>Ruisseau Cheonggyecheon<\/b> : promenez-vous le long des eaux doucement \u00e9clair\u00e9es de ce ruisseau du centre-ville, o\u00f9 les habitants viennent se d\u00e9tendre apr\u00e8s une journ\u00e9e bien remplie.<\/li>\n<li><b>Place Gwanghwamun<\/b> : admirez la grandeur du principal boulevard c\u00e9r\u00e9moniel de S\u00e9oul sous la lueur des lumi\u00e8res de la ville et des sculptures modernes.<\/li>\n<li><b>Temple Jogyesa<\/b> : visitez la cour du temple la nuit, lorsque ses lanternes color\u00e9es et son ambiance paisible cr\u00e9ent un contraste m\u00e9ditatif avec le bruit de la ville.<\/li>\n<li><b>Insadong la nuit<\/b> : d\u00e9couvrez ce quartier artistique qui s&#8217;anime le soir avec ses artistes de rue, ses salons de th\u00e9 accueillants et les lumi\u00e8res des galeries.<\/li>\n<li><b>Histoires locales<\/b> : votre guide vous racontera l&#8217;histoire et les l\u00e9gendes qui se cachent derri\u00e8re les sites touristiques, donnant ainsi plus de profondeur \u00e0 chaque coin de rue.<\/li>\n<li><b>Une escapade paisible<\/b> : le calme de la nuit offre une vision plus d\u00e9tendue et plus r\u00e9fl\u00e9chie de S\u00e9oul, parfaite pour terminer votre journ\u00e9e de mani\u00e8re significative.<\/li>\n<\/ul>\n<p><a href=\"https:\/\/tourtravelandmore.com\/cities\/seoul\/\">D\u00e9couvrez d&#8217;autres visites priv\u00e9es nocturnes et balades \u00e0 S\u00e9oul<\/a> pour profiter de perspectives uniques et de moments paisibles.<\/p>\n<p>Pour en savoir plus sur le <a href=\"https:\/\/english.visitkorea.or.kr\/enu\/ATR\/SI_EN_3_1_1_1.jsp?cid=264293\">ruisseau Cheonggyecheon<\/a>, consultez le site officiel de l&#8217;Office national du tourisme cor\u00e9en.<\/p>\n<p>Cette visite priv\u00e9e \u00e0 pied de S\u00e9oul la nuit est bien plus qu&#8217;une simple promenade : c&#8217;est une rencontre tranquille avec l&#8217;\u00e2me de la ville. Laissez-vous guider par les lumi\u00e8res, inspirez-vous de votre guide et d\u00e9couvrez une autre facette de S\u00e9oul.<\/p>\n","protected":false},"excerpt":{"rendered":"<p>D\u00e9couvrez la ville sous un nouveau jour gr\u00e2ce \u00e0 notre visite guid\u00e9e priv\u00e9e \u00e0 pied de S\u00e9oul la nuit. Ce circuit de deux heures vous emm\u00e8ne \u00e0 travers les rues illumin\u00e9es, les monuments historiques et les quartiers anim\u00e9s, o\u00f9 l&#8217;\u00e9nergie de S\u00e9oul prend v\u00e9ritablement vie apr\u00e8s le coucher du soleil.<\/p>\n","protected":false},"featured_media":185070,"comment_status":"open","ping_status":"closed","template":"","meta":{"_acf_changed":false},"product_brand":[],"product_cat":[5554,5553,5544],"product_tag":[],"class_list":{"0":"post-185058","1":"product","2":"type-product","3":"status-publish","4":"has-post-thumbnail","6":"product_cat-all-private-tours-fr-9","7":"product_cat-coree-du-sud-fr","8":"product_cat-seoul-fr","10":"first","11":"instock","12":"shipping-taxable","13":"purchasable","14":"product-type-simple"},"acf":[],"yoast_head":"<!-- This site is optimized with the Yoast SEO Premium plugin v25.3.1 (Yoast SEO v25.3.1) - https:\/\/yoast.com\/wordpress\/plugins\/seo\/ -->\n<title>Visite guid\u00e9e priv\u00e9e \u00e0 pied de S\u00e9oul la nuit<\/title>\n<meta name=\"description\" content=\"Visite guid\u00e9e priv\u00e9e \u00e0 pied de S\u00e9oul la nuit. Explorez ses rues gr\u00e2ce \u00e0 cette visite priv\u00e9e d&#039;une journ\u00e9e compl\u00e8te avec un guide et un v\u00e9hicule priv\u00e9.\" \/>\n<meta name=\"robots\" content=\"index, follow, max-snippet:-1, max-image-preview:large, max-video-preview:-1\" \/>\n<link rel=\"canonical\" href=\"https:\/\/tourtravelandmore.com\/fr\/tours\/coree-du-sud-fr\/seoul-fr\/visite-privee-premium-de-la-dmz-et-du-pont-suspendu-ou-de-la-tour-n-copy-3\/\" \/>\n<meta property=\"og:locale\" content=\"fr_FR\" \/>\n<meta property=\"og:type\" content=\"article\" \/>\n<meta property=\"og:title\" content=\"Visite guid\u00e9e priv\u00e9e \u00e0 pied de S\u00e9oul la nuit\" \/>\n<meta property=\"og:description\" content=\"Visite guid\u00e9e priv\u00e9e \u00e0 pied de S\u00e9oul la nuit. Explorez ses rues gr\u00e2ce \u00e0 cette visite priv\u00e9e d&#039;une journ\u00e9e compl\u00e8te avec un guide et un v\u00e9hicule priv\u00e9.\" \/>\n<meta property=\"og:url\" content=\"https:\/\/tourtravelandmore.com\/fr\/tours\/coree-du-sud-fr\/seoul-fr\/visite-privee-premium-de-la-dmz-et-du-pont-suspendu-ou-de-la-tour-n-copy-3\/\" \/>\n<meta property=\"og:site_name\" content=\"Tour Travel And More\" \/>\n<meta property=\"article:publisher\" content=\"https:\/\/www.facebook.com\/tourtravelandmore\/\" \/>\n<meta property=\"article:modified_time\" content=\"2025-07-07T14:49:39+00:00\" \/>\n<meta property=\"og:image\" content=\"https:\/\/tourtravelandmore.com\/wp-content\/uploads\/2025\/07\/city-7358078_1280.jpg\" \/>\n\t<meta property=\"og:image:width\" content=\"1280\" \/>\n\t<meta property=\"og:image:height\" content=\"853\" \/>\n\t<meta property=\"og:image:type\" content=\"image\/jpeg\" \/>\n<meta name=\"twitter:card\" content=\"summary_large_image\" \/>\n<meta name=\"twitter:site\" content=\"@TourTravel_More\" \/>\n<meta name=\"twitter:label1\" content=\"Dur\u00e9e de lecture estim\u00e9e\" \/>\n\t<meta name=\"twitter:data1\" content=\"2 minutes\" \/>\n<script type=\"application\/ld+json\" class=\"yoast-schema-graph\">{\"@context\":\"https:\/\/schema.org\",\"@graph\":[{\"@type\":\"WebPage\",\"@id\":\"https:\/\/tourtravelandmore.com\/fr\/tours\/coree-du-sud-fr\/seoul-fr\/visite-privee-premium-de-la-dmz-et-du-pont-suspendu-ou-de-la-tour-n-copy-3\/\",\"url\":\"https:\/\/tourtravelandmore.com\/fr\/tours\/coree-du-sud-fr\/seoul-fr\/visite-privee-premium-de-la-dmz-et-du-pont-suspendu-ou-de-la-tour-n-copy-3\/\",\"name\":\"Visite guid\u00e9e priv\u00e9e \u00e0 pied de S\u00e9oul la nuit\",\"isPartOf\":{\"@id\":\"https:\/\/tourtravelandmore.com\/fr\/#website\"},\"primaryImageOfPage\":{\"@id\":\"https:\/\/tourtravelandmore.com\/fr\/tours\/coree-du-sud-fr\/seoul-fr\/visite-privee-premium-de-la-dmz-et-du-pont-suspendu-ou-de-la-tour-n-copy-3\/#primaryimage\"},\"image\":{\"@id\":\"https:\/\/tourtravelandmore.com\/fr\/tours\/coree-du-sud-fr\/seoul-fr\/visite-privee-premium-de-la-dmz-et-du-pont-suspendu-ou-de-la-tour-n-copy-3\/#primaryimage\"},\"thumbnailUrl\":\"https:\/\/tourtravelandmore.com\/wp-content\/uploads\/2025\/07\/city-7358078_1280.jpg\",\"datePublished\":\"2025-07-07T14:18:43+00:00\",\"dateModified\":\"2025-07-07T14:49:39+00:00\",\"description\":\"Visite guid\u00e9e priv\u00e9e \u00e0 pied de S\u00e9oul la nuit. Explorez ses rues gr\u00e2ce \u00e0 cette visite priv\u00e9e d'une journ\u00e9e compl\u00e8te avec un guide et un v\u00e9hicule priv\u00e9.\",\"breadcrumb\":{\"@id\":\"https:\/\/tourtravelandmore.com\/fr\/tours\/coree-du-sud-fr\/seoul-fr\/visite-privee-premium-de-la-dmz-et-du-pont-suspendu-ou-de-la-tour-n-copy-3\/#breadcrumb\"},\"inLanguage\":\"fr-FR\",\"potentialAction\":[{\"@type\":\"ReadAction\",\"target\":[\"https:\/\/tourtravelandmore.com\/fr\/tours\/coree-du-sud-fr\/seoul-fr\/visite-privee-premium-de-la-dmz-et-du-pont-suspendu-ou-de-la-tour-n-copy-3\/\"]}]},{\"@type\":\"ImageObject\",\"inLanguage\":\"fr-FR\",\"@id\":\"https:\/\/tourtravelandmore.com\/fr\/tours\/coree-du-sud-fr\/seoul-fr\/visite-privee-premium-de-la-dmz-et-du-pont-suspendu-ou-de-la-tour-n-copy-3\/#primaryimage\",\"url\":\"https:\/\/tourtravelandmore.com\/wp-content\/uploads\/2025\/07\/city-7358078_1280.jpg\",\"contentUrl\":\"https:\/\/tourtravelandmore.com\/wp-content\/uploads\/2025\/07\/city-7358078_1280.jpg\",\"width\":1280,\"height\":853},{\"@type\":\"BreadcrumbList\",\"@id\":\"https:\/\/tourtravelandmore.com\/fr\/tours\/coree-du-sud-fr\/seoul-fr\/visite-privee-premium-de-la-dmz-et-du-pont-suspendu-ou-de-la-tour-n-copy-3\/#breadcrumb\",\"itemListElement\":[{\"@type\":\"ListItem\",\"position\":1,\"name\":\"Home\",\"item\":\"https:\/\/tourtravelandmore.com\/fr\/\"},{\"@type\":\"ListItem\",\"position\":2,\"name\":\"Tours\",\"item\":\"https:\/\/tourtravelandmore.com\/fr\/tours\/\"},{\"@type\":\"ListItem\",\"position\":3,\"name\":\"Visite guid\u00e9e priv\u00e9e \u00e0 pied de S\u00e9oul la nuit\"}]},{\"@type\":\"WebSite\",\"@id\":\"https:\/\/tourtravelandmore.com\/fr\/#website\",\"url\":\"https:\/\/tourtravelandmore.com\/fr\/\",\"name\":\"Tour Travel And More\",\"description\":\"Private sightseeing tours and luxury transfers in Spain\",\"publisher\":{\"@id\":\"https:\/\/tourtravelandmore.com\/fr\/#organization\"},\"potentialAction\":[{\"@type\":\"SearchAction\",\"target\":{\"@type\":\"EntryPoint\",\"urlTemplate\":\"https:\/\/tourtravelandmore.com\/fr\/?s={search_term_string}\"},\"query-input\":{\"@type\":\"PropertyValueSpecification\",\"valueRequired\":true,\"valueName\":\"search_term_string\"}}],\"inLanguage\":\"fr-FR\"},{\"@type\":\"Organization\",\"@id\":\"https:\/\/tourtravelandmore.com\/fr\/#organization\",\"name\":\"Tour Travel And More\",\"url\":\"https:\/\/tourtravelandmore.com\/fr\/\",\"logo\":{\"@type\":\"ImageObject\",\"inLanguage\":\"fr-FR\",\"@id\":\"https:\/\/tourtravelandmore.com\/fr\/#\/schema\/logo\/image\/\",\"url\":\"https:\/\/tourtravelandmore.com\/wp-content\/uploads\/2022\/12\/cropped-logo-cabecera-new.png\",\"contentUrl\":\"https:\/\/tourtravelandmore.com\/wp-content\/uploads\/2022\/12\/cropped-logo-cabecera-new.png\",\"width\":430,\"height\":61,\"caption\":\"Tour Travel And More\"},\"image\":{\"@id\":\"https:\/\/tourtravelandmore.com\/fr\/#\/schema\/logo\/image\/\"},\"sameAs\":[\"https:\/\/www.facebook.com\/tourtravelandmore\/\",\"https:\/\/x.com\/TourTravel_More\"]}]}<\/script>\n<!-- \/ Yoast SEO Premium plugin. -->","yoast_head_json":{"title":"Visite guid\u00e9e priv\u00e9e \u00e0 pied de S\u00e9oul la nuit","description":"Visite guid\u00e9e priv\u00e9e \u00e0 pied de S\u00e9oul la nuit. Explorez ses rues gr\u00e2ce \u00e0 cette visite priv\u00e9e d'une journ\u00e9e compl\u00e8te avec un guide et un v\u00e9hicule priv\u00e9.","robots":{"index":"index","follow":"follow","max-snippet":"max-snippet:-1","max-image-preview":"max-image-preview:large","max-video-preview":"max-video-preview:-1"},"canonical":"https:\/\/tourtravelandmore.com\/fr\/tours\/coree-du-sud-fr\/seoul-fr\/visite-privee-premium-de-la-dmz-et-du-pont-suspendu-ou-de-la-tour-n-copy-3\/","og_locale":"fr_FR","og_type":"article","og_title":"Visite guid\u00e9e priv\u00e9e \u00e0 pied de S\u00e9oul la nuit","og_description":"Visite guid\u00e9e priv\u00e9e \u00e0 pied de S\u00e9oul la nuit. Explorez ses rues gr\u00e2ce \u00e0 cette visite priv\u00e9e d'une journ\u00e9e compl\u00e8te avec un guide et un v\u00e9hicule priv\u00e9.","og_url":"https:\/\/tourtravelandmore.com\/fr\/tours\/coree-du-sud-fr\/seoul-fr\/visite-privee-premium-de-la-dmz-et-du-pont-suspendu-ou-de-la-tour-n-copy-3\/","og_site_name":"Tour Travel And More","article_publisher":"https:\/\/www.facebook.com\/tourtravelandmore\/","article_modified_time":"2025-07-07T14:49:39+00:00","og_image":[{"width":1280,"height":853,"url":"https:\/\/tourtravelandmore.com\/wp-content\/uploads\/2025\/07\/city-7358078_1280.jpg","type":"image\/jpeg"}],"twitter_card":"summary_large_image","twitter_site":"@TourTravel_More","twitter_misc":{"Dur\u00e9e de lecture estim\u00e9e":"2 minutes"},"schema":{"@context":"https:\/\/schema.org","@graph":[{"@type":"WebPage","@id":"https:\/\/tourtravelandmore.com\/fr\/tours\/coree-du-sud-fr\/seoul-fr\/visite-privee-premium-de-la-dmz-et-du-pont-suspendu-ou-de-la-tour-n-copy-3\/","url":"https:\/\/tourtravelandmore.com\/fr\/tours\/coree-du-sud-fr\/seoul-fr\/visite-privee-premium-de-la-dmz-et-du-pont-suspendu-ou-de-la-tour-n-copy-3\/","name":"Visite guid\u00e9e priv\u00e9e \u00e0 pied de S\u00e9oul la nuit","isPartOf":{"@id":"https:\/\/tourtravelandmore.com\/fr\/#website"},"primaryImageOfPage":{"@id":"https:\/\/tourtravelandmore.com\/fr\/tours\/coree-du-sud-fr\/seoul-fr\/visite-privee-premium-de-la-dmz-et-du-pont-suspendu-ou-de-la-tour-n-copy-3\/#primaryimage"},"image":{"@id":"https:\/\/tourtravelandmore.com\/fr\/tours\/coree-du-sud-fr\/seoul-fr\/visite-privee-premium-de-la-dmz-et-du-pont-suspendu-ou-de-la-tour-n-copy-3\/#primaryimage"},"thumbnailUrl":"https:\/\/tourtravelandmore.com\/wp-content\/uploads\/2025\/07\/city-7358078_1280.jpg","datePublished":"2025-07-07T14:18:43+00:00","dateModified":"2025-07-07T14:49:39+00:00","description":"Visite guid\u00e9e priv\u00e9e \u00e0 pied de S\u00e9oul la nuit. Explorez ses rues gr\u00e2ce \u00e0 cette visite priv\u00e9e d'une journ\u00e9e compl\u00e8te avec un guide et un v\u00e9hicule priv\u00e9.","breadcrumb":{"@id":"https:\/\/tourtravelandmore.com\/fr\/tours\/coree-du-sud-fr\/seoul-fr\/visite-privee-premium-de-la-dmz-et-du-pont-suspendu-ou-de-la-tour-n-copy-3\/#breadcrumb"},"inLanguage":"fr-FR","potentialAction":[{"@type":"ReadAction","target":["https:\/\/tourtravelandmore.com\/fr\/tours\/coree-du-sud-fr\/seoul-fr\/visite-privee-premium-de-la-dmz-et-du-pont-suspendu-ou-de-la-tour-n-copy-3\/"]}]},{"@type":"ImageObject","inLanguage":"fr-FR","@id":"https:\/\/tourtravelandmore.com\/fr\/tours\/coree-du-sud-fr\/seoul-fr\/visite-privee-premium-de-la-dmz-et-du-pont-suspendu-ou-de-la-tour-n-copy-3\/#primaryimage","url":"https:\/\/tourtravelandmore.com\/wp-content\/uploads\/2025\/07\/city-7358078_1280.jpg","contentUrl":"https:\/\/tourtravelandmore.com\/wp-content\/uploads\/2025\/07\/city-7358078_1280.jpg","width":1280,"height":853},{"@type":"BreadcrumbList","@id":"https:\/\/tourtravelandmore.com\/fr\/tours\/coree-du-sud-fr\/seoul-fr\/visite-privee-premium-de-la-dmz-et-du-pont-suspendu-ou-de-la-tour-n-copy-3\/#breadcrumb","itemListElement":[{"@type":"ListItem","position":1,"name":"Home","item":"https:\/\/tourtravelandmore.com\/fr\/"},{"@type":"ListItem","position":2,"name":"Tours","item":"https:\/\/tourtravelandmore.com\/fr\/tours\/"},{"@type":"ListItem","position":3,"name":"Visite guid\u00e9e priv\u00e9e \u00e0 pied de S\u00e9oul la nuit"}]},{"@type":"WebSite","@id":"https:\/\/tourtravelandmore.com\/fr\/#website","url":"https:\/\/tourtravelandmore.com\/fr\/","name":"Tour Travel And More","description":"Private sightseeing tours and luxury transfers in Spain","publisher":{"@id":"https:\/\/tourtravelandmore.com\/fr\/#organization"},"potentialAction":[{"@type":"SearchAction","target":{"@type":"EntryPoint","urlTemplate":"https:\/\/tourtravelandmore.com\/fr\/?s={search_term_string}"},"query-input":{"@type":"PropertyValueSpecification","valueRequired":true,"valueName":"search_term_string"}}],"inLanguage":"fr-FR"},{"@type":"Organization","@id":"https:\/\/tourtravelandmore.com\/fr\/#organization","name":"Tour Travel And More","url":"https:\/\/tourtravelandmore.com\/fr\/","logo":{"@type":"ImageObject","inLanguage":"fr-FR","@id":"https:\/\/tourtravelandmore.com\/fr\/#\/schema\/logo\/image\/","url":"https:\/\/tourtravelandmore.com\/wp-content\/uploads\/2022\/12\/cropped-logo-cabecera-new.png","contentUrl":"https:\/\/tourtravelandmore.com\/wp-content\/uploads\/2022\/12\/cropped-logo-cabecera-new.png","width":430,"height":61,"caption":"Tour Travel And More"},"image":{"@id":"https:\/\/tourtravelandmore.com\/fr\/#\/schema\/logo\/image\/"},"sameAs":["https:\/\/www.facebook.com\/tourtravelandmore\/","https:\/\/x.com\/TourTravel_More"]}]}},"_links":{"self":[{"href":"https:\/\/tourtravelandmore.com\/fr\/wp-json\/wp\/v2\/product\/185058","targetHints":{"allow":["GET"]}}],"collection":[{"href":"https:\/\/tourtravelandmore.com\/fr\/wp-json\/wp\/v2\/product"}],"about":[{"href":"https:\/\/tourtravelandmore.com\/fr\/wp-json\/wp\/v2\/types\/product"}],"replies":[{"embeddable":true,"href":"https:\/\/tourtravelandmore.com\/fr\/wp-json\/wp\/v2\/comments?post=185058"}],"wp:featuredmedia":[{"embeddable":true,"href":"https:\/\/tourtravelandmore.com\/fr\/wp-json\/wp\/v2\/media\/185070"}],"wp:attachment":[{"href":"https:\/\/tourtravelandmore.com\/fr\/wp-json\/wp\/v2\/media?parent=185058"}],"wp:term":[{"taxonomy":"product_brand","embeddable":true,"href":"https:\/\/tourtravelandmore.com\/fr\/wp-json\/wp\/v2\/product_brand?post=185058"},{"taxonomy":"product_cat","embeddable":true,"href":"https:\/\/tourtravelandmore.com\/fr\/wp-json\/wp\/v2\/product_cat?post=185058"},{"taxonomy":"product_tag","embeddable":true,"href":"https:\/\/tourtravelandmore.com\/fr\/wp-json\/wp\/v2\/product_tag?post=185058"}],"curies":[{"name":"wp","href":"https:\/\/api.w.org\/{rel}","templated":true}]}}