{"id":185008,"date":"2025-07-04T18:21:17","date_gmt":"2025-07-04T16:21:22","guid":{"rendered":"https:\/\/tourtravelandmore.com\/?post_type=product&#038;p=185008"},"modified":"2025-07-04T18:40:44","modified_gmt":"2025-07-04T16:40:44","slug":"visite-privee-des-monuments-de-seoul-et-du-temple-jogyesa-copy","status":"publish","type":"product","link":"https:\/\/tourtravelandmore.com\/fr\/tours\/coree-du-sud-fr\/seoul-fr\/visite-privee-des-monuments-de-seoul-et-du-temple-jogyesa-copy\/","title":{"rendered":"Visite priv\u00e9e du palais, du temple et du march\u00e9 de S\u00e9oul"},"content":{"rendered":"<h2><b><strong>Description<\/strong><\/b><\/h2>\n<p>Profitez pleinement de votre s\u00e9jour dans la capitale cor\u00e9enne gr\u00e2ce \u00e0 notre visite priv\u00e9e du palais, du temple et du march\u00e9 de S\u00e9oul. Cette exp\u00e9rience de 4 heures vous offre une introduction concise mais enrichissante au patrimoine royal, \u00e0 l&#8217;essence spirituelle et \u00e0 la vie locale anim\u00e9e de la ville, le tout dans le confort d&#8217;un v\u00e9hicule priv\u00e9 et en compagnie d&#8217;un guide expert.<\/p>\n<p>Commencez votre voyage dans un magnifique palais royal, o\u00f9 vous d\u00e9couvrirez l&#8217;histoire des dynasties cor\u00e9ennes et une architecture impressionnante. Poursuivez par une visite sereine du <b>temple Jogyesa<\/b>, un lieu spirituel qui allie tradition bouddhiste et vie quotidienne de la ville. Terminez votre visite dans l&#8217;un des march\u00e9s locaux les plus embl\u00e9matiques de S\u00e9oul, o\u00f9 la nourriture, l&#8217;artisanat et les couleurs se m\u00e9langent dans une atmosph\u00e8re inoubliable.<\/p>\n<p>Que ce soit votre premi\u00e8re visite ou un retour dans la ville, cette <i>visite priv\u00e9e du palais, du temple et du march\u00e9 de S\u00e9oul<\/i> est l&#8217;introduction parfaite \u00e0 l&#8217;essence de la ville en une demi-journ\u00e9e.<\/p>\n<h2><b><strong>Points forts | Visite priv\u00e9e du palais, du temple et du march\u00e9 de S\u00e9oul<\/strong><\/b><\/h2>\n<ul>\n<li><b>Palais Gyeongbokgung (visite ext\u00e9rieure)<\/b> : remontez le temps dans le palais royal le plus embl\u00e9matique de Cor\u00e9e. D\u00e9couvrez les rois de Joseon, les c\u00e9r\u00e9monies et le symbolisme architectural.<\/li>\n<li><b>Temple Jogyesa<\/b> : d\u00e9couvrez le c\u0153ur du bouddhisme zen cor\u00e9en. Des lanternes color\u00e9es, des arbres centenaires et le parfum de l&#8217;encens vous accueillent dans un espace de calme.<\/li>\n<li><b>Rue culturelle Insadong<\/b> : promenez-vous dans un quartier anim\u00e9 regorgeant de boutiques locales, d&#8217;artistes et d&#8217;exp\u00e9riences culturelles. Une \u00e9tape incontournable pour les amateurs d&#8217;artisanat et de souvenirs.<\/li>\n<li><b>Visite d&#8217;un march\u00e9 local<\/b> : explorez l&#8217;un des march\u00e9s authentiques de S\u00e9oul avec votre guide. Go\u00fbtez aux sp\u00e9cialit\u00e9s locales et d\u00e9couvrez la vie quotidienne des Cor\u00e9ens \u00e0 travers leurs saveurs.<\/li>\n<li><b>Voyage sans effort<\/b> : le transport priv\u00e9 rend la visite fluide et efficace. Profitez au maximum de votre visite en toute flexibilit\u00e9 et dans le plus grand confort.<\/li>\n<li><b>Visite culturelle guid\u00e9e<\/b> : votre guide personnel vous fera d\u00e9couvrir les sites \u00e0 travers des anecdotes qui r\u00e9v\u00e8lent la signification profonde de chaque lieu.<\/li>\n<\/ul>\n<p><a href=\"https:\/\/tourtravelandmore.com\/cities\/seoul\/\">D\u00e9couvrez d&#8217;autres visites d&#8217;une demi-journ\u00e9e \u00e0 S\u00e9oul <\/a>et trouvez celles qui correspondent \u00e0 vos centres d&#8217;int\u00e9r\u00eat et \u00e0 votre emploi du temps.<\/p>\n<p>Pour plus d&#8217;informations sur le <a href=\"https:\/\/english.visitkorea.or.kr\/enu\/ATR\/SI_EN_3_1_1_1.jsp?cid=264337\">palais Gyeongbokgung<\/a> et le temple Jogyesa, vous pouvez consulter le site officiel de l&#8217;Office national du tourisme de Cor\u00e9e.<\/p>\n<p>Cette visite priv\u00e9e des palais, temples et march\u00e9s de S\u00e9oul est votre passeport pour d\u00e9couvrir la Cor\u00e9e authentique. En seulement quatre heures, vous d\u00e9couvrirez la vie royale, spirituelle et quotidienne de S\u00e9oul, de mani\u00e8re personnalis\u00e9e, fluide et inoubliable.<\/p>\n","protected":false},"excerpt":{"rendered":"<p>Profitez pleinement de votre s\u00e9jour dans la capitale cor\u00e9enne gr\u00e2ce \u00e0 notre visite priv\u00e9e du palais, du temple et du march\u00e9 de S\u00e9oul. Cette exp\u00e9rience de 4 heures vous offre une introduction concise mais enrichissante au patrimoine royal, \u00e0 l&#8217;essence spirituelle et \u00e0 la vie locale anim\u00e9e de la ville, le tout dans le confort d&#8217;un v\u00e9hicule priv\u00e9 et en compagnie d&#8217;un guide expert.<\/p>\n","protected":false},"featured_media":185020,"comment_status":"open","ping_status":"closed","template":"","meta":{"_acf_changed":false},"product_brand":[],"product_cat":[5554,5553,5544],"product_tag":[],"class_list":{"0":"post-185008","1":"product","2":"type-product","3":"status-publish","4":"has-post-thumbnail","6":"product_cat-all-private-tours-fr-9","7":"product_cat-coree-du-sud-fr","8":"product_cat-seoul-fr","10":"first","11":"instock","12":"shipping-taxable","13":"purchasable","14":"product-type-simple"},"acf":[],"yoast_head":"<!-- This site is optimized with the Yoast SEO Premium plugin v25.3.1 (Yoast SEO v25.3.1) - https:\/\/yoast.com\/wordpress\/plugins\/seo\/ -->\n<title>Visite priv\u00e9e du palais, du temple et du march\u00e9 de S\u00e9oul<\/title>\n<meta name=\"description\" content=\"Visite priv\u00e9e du palais, du temple et du march\u00e9 de S\u00e9oul. Explorez ses rues gr\u00e2ce \u00e0 cette visite priv\u00e9e d&#039;une journ\u00e9e compl\u00e8te avec un guide et un v\u00e9hicule priv\u00e9.\" \/>\n<meta name=\"robots\" content=\"index, follow, max-snippet:-1, max-image-preview:large, max-video-preview:-1\" \/>\n<link rel=\"canonical\" href=\"https:\/\/tourtravelandmore.com\/fr\/tours\/coree-du-sud-fr\/seoul-fr\/visite-privee-des-monuments-de-seoul-et-du-temple-jogyesa-copy\/\" \/>\n<meta property=\"og:locale\" content=\"fr_FR\" \/>\n<meta property=\"og:type\" content=\"article\" \/>\n<meta property=\"og:title\" content=\"Visite priv\u00e9e du palais, du temple et du march\u00e9 de S\u00e9oul\" \/>\n<meta property=\"og:description\" content=\"Visite priv\u00e9e du palais, du temple et du march\u00e9 de S\u00e9oul. Explorez ses rues gr\u00e2ce \u00e0 cette visite priv\u00e9e d&#039;une journ\u00e9e compl\u00e8te avec un guide et un v\u00e9hicule priv\u00e9.\" \/>\n<meta property=\"og:url\" content=\"https:\/\/tourtravelandmore.com\/fr\/tours\/coree-du-sud-fr\/seoul-fr\/visite-privee-des-monuments-de-seoul-et-du-temple-jogyesa-copy\/\" \/>\n<meta property=\"og:site_name\" content=\"Tour Travel And More\" \/>\n<meta property=\"article:publisher\" content=\"https:\/\/www.facebook.com\/tourtravelandmore\/\" \/>\n<meta property=\"article:modified_time\" content=\"2025-07-04T16:40:44+00:00\" \/>\n<meta property=\"og:image\" content=\"https:\/\/tourtravelandmore.com\/wp-content\/uploads\/2025\/07\/gyeongbokgung-palace-7490465_1280.jpg\" \/>\n\t<meta property=\"og:image:width\" content=\"1280\" \/>\n\t<meta property=\"og:image:height\" content=\"853\" \/>\n\t<meta property=\"og:image:type\" content=\"image\/jpeg\" \/>\n<meta name=\"twitter:card\" content=\"summary_large_image\" \/>\n<meta name=\"twitter:site\" content=\"@TourTravel_More\" \/>\n<meta name=\"twitter:label1\" content=\"Dur\u00e9e de lecture estim\u00e9e\" \/>\n\t<meta name=\"twitter:data1\" content=\"2 minutes\" \/>\n<script type=\"application\/ld+json\" class=\"yoast-schema-graph\">{\"@context\":\"https:\/\/schema.org\",\"@graph\":[{\"@type\":\"WebPage\",\"@id\":\"https:\/\/tourtravelandmore.com\/fr\/tours\/coree-du-sud-fr\/seoul-fr\/visite-privee-des-monuments-de-seoul-et-du-temple-jogyesa-copy\/\",\"url\":\"https:\/\/tourtravelandmore.com\/fr\/tours\/coree-du-sud-fr\/seoul-fr\/visite-privee-des-monuments-de-seoul-et-du-temple-jogyesa-copy\/\",\"name\":\"Visite priv\u00e9e du palais, du temple et du march\u00e9 de S\u00e9oul\",\"isPartOf\":{\"@id\":\"https:\/\/tourtravelandmore.com\/fr\/#website\"},\"primaryImageOfPage\":{\"@id\":\"https:\/\/tourtravelandmore.com\/fr\/tours\/coree-du-sud-fr\/seoul-fr\/visite-privee-des-monuments-de-seoul-et-du-temple-jogyesa-copy\/#primaryimage\"},\"image\":{\"@id\":\"https:\/\/tourtravelandmore.com\/fr\/tours\/coree-du-sud-fr\/seoul-fr\/visite-privee-des-monuments-de-seoul-et-du-temple-jogyesa-copy\/#primaryimage\"},\"thumbnailUrl\":\"https:\/\/tourtravelandmore.com\/wp-content\/uploads\/2025\/07\/gyeongbokgung-palace-7490465_1280.jpg\",\"datePublished\":\"2025-07-04T16:21:22+00:00\",\"dateModified\":\"2025-07-04T16:40:44+00:00\",\"description\":\"Visite priv\u00e9e du palais, du temple et du march\u00e9 de S\u00e9oul. Explorez ses rues gr\u00e2ce \u00e0 cette visite priv\u00e9e d'une journ\u00e9e compl\u00e8te avec un guide et un v\u00e9hicule priv\u00e9.\",\"breadcrumb\":{\"@id\":\"https:\/\/tourtravelandmore.com\/fr\/tours\/coree-du-sud-fr\/seoul-fr\/visite-privee-des-monuments-de-seoul-et-du-temple-jogyesa-copy\/#breadcrumb\"},\"inLanguage\":\"fr-FR\",\"potentialAction\":[{\"@type\":\"ReadAction\",\"target\":[\"https:\/\/tourtravelandmore.com\/fr\/tours\/coree-du-sud-fr\/seoul-fr\/visite-privee-des-monuments-de-seoul-et-du-temple-jogyesa-copy\/\"]}]},{\"@type\":\"ImageObject\",\"inLanguage\":\"fr-FR\",\"@id\":\"https:\/\/tourtravelandmore.com\/fr\/tours\/coree-du-sud-fr\/seoul-fr\/visite-privee-des-monuments-de-seoul-et-du-temple-jogyesa-copy\/#primaryimage\",\"url\":\"https:\/\/tourtravelandmore.com\/wp-content\/uploads\/2025\/07\/gyeongbokgung-palace-7490465_1280.jpg\",\"contentUrl\":\"https:\/\/tourtravelandmore.com\/wp-content\/uploads\/2025\/07\/gyeongbokgung-palace-7490465_1280.jpg\",\"width\":1280,\"height\":853},{\"@type\":\"BreadcrumbList\",\"@id\":\"https:\/\/tourtravelandmore.com\/fr\/tours\/coree-du-sud-fr\/seoul-fr\/visite-privee-des-monuments-de-seoul-et-du-temple-jogyesa-copy\/#breadcrumb\",\"itemListElement\":[{\"@type\":\"ListItem\",\"position\":1,\"name\":\"Home\",\"item\":\"https:\/\/tourtravelandmore.com\/fr\/\"},{\"@type\":\"ListItem\",\"position\":2,\"name\":\"Tours\",\"item\":\"https:\/\/tourtravelandmore.com\/fr\/tours\/\"},{\"@type\":\"ListItem\",\"position\":3,\"name\":\"Visite priv\u00e9e du palais, du temple et du march\u00e9 de S\u00e9oul\"}]},{\"@type\":\"WebSite\",\"@id\":\"https:\/\/tourtravelandmore.com\/fr\/#website\",\"url\":\"https:\/\/tourtravelandmore.com\/fr\/\",\"name\":\"Tour Travel And More\",\"description\":\"Private sightseeing tours and luxury transfers in Spain\",\"publisher\":{\"@id\":\"https:\/\/tourtravelandmore.com\/fr\/#organization\"},\"potentialAction\":[{\"@type\":\"SearchAction\",\"target\":{\"@type\":\"EntryPoint\",\"urlTemplate\":\"https:\/\/tourtravelandmore.com\/fr\/?s={search_term_string}\"},\"query-input\":{\"@type\":\"PropertyValueSpecification\",\"valueRequired\":true,\"valueName\":\"search_term_string\"}}],\"inLanguage\":\"fr-FR\"},{\"@type\":\"Organization\",\"@id\":\"https:\/\/tourtravelandmore.com\/fr\/#organization\",\"name\":\"Tour Travel And More\",\"url\":\"https:\/\/tourtravelandmore.com\/fr\/\",\"logo\":{\"@type\":\"ImageObject\",\"inLanguage\":\"fr-FR\",\"@id\":\"https:\/\/tourtravelandmore.com\/fr\/#\/schema\/logo\/image\/\",\"url\":\"https:\/\/tourtravelandmore.com\/wp-content\/uploads\/2022\/12\/cropped-logo-cabecera-new.png\",\"contentUrl\":\"https:\/\/tourtravelandmore.com\/wp-content\/uploads\/2022\/12\/cropped-logo-cabecera-new.png\",\"width\":430,\"height\":61,\"caption\":\"Tour Travel And More\"},\"image\":{\"@id\":\"https:\/\/tourtravelandmore.com\/fr\/#\/schema\/logo\/image\/\"},\"sameAs\":[\"https:\/\/www.facebook.com\/tourtravelandmore\/\",\"https:\/\/x.com\/TourTravel_More\"]}]}<\/script>\n<!-- \/ Yoast SEO Premium plugin. -->","yoast_head_json":{"title":"Visite priv\u00e9e du palais, du temple et du march\u00e9 de S\u00e9oul","description":"Visite priv\u00e9e du palais, du temple et du march\u00e9 de S\u00e9oul. Explorez ses rues gr\u00e2ce \u00e0 cette visite priv\u00e9e d'une journ\u00e9e compl\u00e8te avec un guide et un v\u00e9hicule priv\u00e9.","robots":{"index":"index","follow":"follow","max-snippet":"max-snippet:-1","max-image-preview":"max-image-preview:large","max-video-preview":"max-video-preview:-1"},"canonical":"https:\/\/tourtravelandmore.com\/fr\/tours\/coree-du-sud-fr\/seoul-fr\/visite-privee-des-monuments-de-seoul-et-du-temple-jogyesa-copy\/","og_locale":"fr_FR","og_type":"article","og_title":"Visite priv\u00e9e du palais, du temple et du march\u00e9 de S\u00e9oul","og_description":"Visite priv\u00e9e du palais, du temple et du march\u00e9 de S\u00e9oul. Explorez ses rues gr\u00e2ce \u00e0 cette visite priv\u00e9e d'une journ\u00e9e compl\u00e8te avec un guide et un v\u00e9hicule priv\u00e9.","og_url":"https:\/\/tourtravelandmore.com\/fr\/tours\/coree-du-sud-fr\/seoul-fr\/visite-privee-des-monuments-de-seoul-et-du-temple-jogyesa-copy\/","og_site_name":"Tour Travel And More","article_publisher":"https:\/\/www.facebook.com\/tourtravelandmore\/","article_modified_time":"2025-07-04T16:40:44+00:00","og_image":[{"width":1280,"height":853,"url":"https:\/\/tourtravelandmore.com\/wp-content\/uploads\/2025\/07\/gyeongbokgung-palace-7490465_1280.jpg","type":"image\/jpeg"}],"twitter_card":"summary_large_image","twitter_site":"@TourTravel_More","twitter_misc":{"Dur\u00e9e de lecture estim\u00e9e":"2 minutes"},"schema":{"@context":"https:\/\/schema.org","@graph":[{"@type":"WebPage","@id":"https:\/\/tourtravelandmore.com\/fr\/tours\/coree-du-sud-fr\/seoul-fr\/visite-privee-des-monuments-de-seoul-et-du-temple-jogyesa-copy\/","url":"https:\/\/tourtravelandmore.com\/fr\/tours\/coree-du-sud-fr\/seoul-fr\/visite-privee-des-monuments-de-seoul-et-du-temple-jogyesa-copy\/","name":"Visite priv\u00e9e du palais, du temple et du march\u00e9 de S\u00e9oul","isPartOf":{"@id":"https:\/\/tourtravelandmore.com\/fr\/#website"},"primaryImageOfPage":{"@id":"https:\/\/tourtravelandmore.com\/fr\/tours\/coree-du-sud-fr\/seoul-fr\/visite-privee-des-monuments-de-seoul-et-du-temple-jogyesa-copy\/#primaryimage"},"image":{"@id":"https:\/\/tourtravelandmore.com\/fr\/tours\/coree-du-sud-fr\/seoul-fr\/visite-privee-des-monuments-de-seoul-et-du-temple-jogyesa-copy\/#primaryimage"},"thumbnailUrl":"https:\/\/tourtravelandmore.com\/wp-content\/uploads\/2025\/07\/gyeongbokgung-palace-7490465_1280.jpg","datePublished":"2025-07-04T16:21:22+00:00","dateModified":"2025-07-04T16:40:44+00:00","description":"Visite priv\u00e9e du palais, du temple et du march\u00e9 de S\u00e9oul. Explorez ses rues gr\u00e2ce \u00e0 cette visite priv\u00e9e d'une journ\u00e9e compl\u00e8te avec un guide et un v\u00e9hicule priv\u00e9.","breadcrumb":{"@id":"https:\/\/tourtravelandmore.com\/fr\/tours\/coree-du-sud-fr\/seoul-fr\/visite-privee-des-monuments-de-seoul-et-du-temple-jogyesa-copy\/#breadcrumb"},"inLanguage":"fr-FR","potentialAction":[{"@type":"ReadAction","target":["https:\/\/tourtravelandmore.com\/fr\/tours\/coree-du-sud-fr\/seoul-fr\/visite-privee-des-monuments-de-seoul-et-du-temple-jogyesa-copy\/"]}]},{"@type":"ImageObject","inLanguage":"fr-FR","@id":"https:\/\/tourtravelandmore.com\/fr\/tours\/coree-du-sud-fr\/seoul-fr\/visite-privee-des-monuments-de-seoul-et-du-temple-jogyesa-copy\/#primaryimage","url":"https:\/\/tourtravelandmore.com\/wp-content\/uploads\/2025\/07\/gyeongbokgung-palace-7490465_1280.jpg","contentUrl":"https:\/\/tourtravelandmore.com\/wp-content\/uploads\/2025\/07\/gyeongbokgung-palace-7490465_1280.jpg","width":1280,"height":853},{"@type":"BreadcrumbList","@id":"https:\/\/tourtravelandmore.com\/fr\/tours\/coree-du-sud-fr\/seoul-fr\/visite-privee-des-monuments-de-seoul-et-du-temple-jogyesa-copy\/#breadcrumb","itemListElement":[{"@type":"ListItem","position":1,"name":"Home","item":"https:\/\/tourtravelandmore.com\/fr\/"},{"@type":"ListItem","position":2,"name":"Tours","item":"https:\/\/tourtravelandmore.com\/fr\/tours\/"},{"@type":"ListItem","position":3,"name":"Visite priv\u00e9e du palais, du temple et du march\u00e9 de S\u00e9oul"}]},{"@type":"WebSite","@id":"https:\/\/tourtravelandmore.com\/fr\/#website","url":"https:\/\/tourtravelandmore.com\/fr\/","name":"Tour Travel And More","description":"Private sightseeing tours and luxury transfers in Spain","publisher":{"@id":"https:\/\/tourtravelandmore.com\/fr\/#organization"},"potentialAction":[{"@type":"SearchAction","target":{"@type":"EntryPoint","urlTemplate":"https:\/\/tourtravelandmore.com\/fr\/?s={search_term_string}"},"query-input":{"@type":"PropertyValueSpecification","valueRequired":true,"valueName":"search_term_string"}}],"inLanguage":"fr-FR"},{"@type":"Organization","@id":"https:\/\/tourtravelandmore.com\/fr\/#organization","name":"Tour Travel And More","url":"https:\/\/tourtravelandmore.com\/fr\/","logo":{"@type":"ImageObject","inLanguage":"fr-FR","@id":"https:\/\/tourtravelandmore.com\/fr\/#\/schema\/logo\/image\/","url":"https:\/\/tourtravelandmore.com\/wp-content\/uploads\/2022\/12\/cropped-logo-cabecera-new.png","contentUrl":"https:\/\/tourtravelandmore.com\/wp-content\/uploads\/2022\/12\/cropped-logo-cabecera-new.png","width":430,"height":61,"caption":"Tour Travel And More"},"image":{"@id":"https:\/\/tourtravelandmore.com\/fr\/#\/schema\/logo\/image\/"},"sameAs":["https:\/\/www.facebook.com\/tourtravelandmore\/","https:\/\/x.com\/TourTravel_More"]}]}},"_links":{"self":[{"href":"https:\/\/tourtravelandmore.com\/fr\/wp-json\/wp\/v2\/product\/185008","targetHints":{"allow":["GET"]}}],"collection":[{"href":"https:\/\/tourtravelandmore.com\/fr\/wp-json\/wp\/v2\/product"}],"about":[{"href":"https:\/\/tourtravelandmore.com\/fr\/wp-json\/wp\/v2\/types\/product"}],"replies":[{"embeddable":true,"href":"https:\/\/tourtravelandmore.com\/fr\/wp-json\/wp\/v2\/comments?post=185008"}],"wp:featuredmedia":[{"embeddable":true,"href":"https:\/\/tourtravelandmore.com\/fr\/wp-json\/wp\/v2\/media\/185020"}],"wp:attachment":[{"href":"https:\/\/tourtravelandmore.com\/fr\/wp-json\/wp\/v2\/media?parent=185008"}],"wp:term":[{"taxonomy":"product_brand","embeddable":true,"href":"https:\/\/tourtravelandmore.com\/fr\/wp-json\/wp\/v2\/product_brand?post=185008"},{"taxonomy":"product_cat","embeddable":true,"href":"https:\/\/tourtravelandmore.com\/fr\/wp-json\/wp\/v2\/product_cat?post=185008"},{"taxonomy":"product_tag","embeddable":true,"href":"https:\/\/tourtravelandmore.com\/fr\/wp-json\/wp\/v2\/product_tag?post=185008"}],"curies":[{"name":"wp","href":"https:\/\/api.w.org\/{rel}","templated":true}]}}