{"id":184977,"date":"2025-07-04T17:38:24","date_gmt":"2025-07-04T15:38:31","guid":{"rendered":"https:\/\/tourtravelandmore.com\/?post_type=product&#038;p=184977"},"modified":"2025-07-04T18:07:42","modified_gmt":"2025-07-04T16:07:42","slug":"visite-guidee-privee-a-pied-de-seoul-copy","status":"publish","type":"product","link":"https:\/\/tourtravelandmore.com\/fr\/tours\/coree-du-sud-fr\/seoul-fr\/visite-guidee-privee-a-pied-de-seoul-copy\/","title":{"rendered":"Visite priv\u00e9e des monuments de S\u00e9oul et du temple Jogyesa"},"content":{"rendered":"<h2><strong>Description<\/strong><\/h2>\n<p>D\u00e9couvrez les sites historiques et culturels les plus embl\u00e9matiques de la capitale cor\u00e9enne lors de cette visite priv\u00e9e des monuments et du temple Jogyesa. Au cours de cette excursion de huit heures, vous explorerez les sites les plus symboliques de S\u00e9oul, o\u00f9 se m\u00ealent h\u00e9ritage royal, spiritualit\u00e9 traditionnelle et charme urbain. Vous voyagerez confortablement dans votre v\u00e9hicule priv\u00e9 et serez guid\u00e9 par un expert local.<\/p>\n<p>Commencez votre journ\u00e9e par les portes majestueuses et les places c\u00e9r\u00e9monielles qui r\u00e9v\u00e8lent la puissance et la beaut\u00e9 de la dynastie Joseon. Continuez ensuite vers le temple Jogyesa, le c\u0153ur du bouddhisme zen cor\u00e9en, o\u00f9 coexistent encens tranquille et lanternes color\u00e9es. Cette visite priv\u00e9e des monuments et du temple Jogyesa est con\u00e7ue pour les voyageurs qui souhaitent approfondir leurs connaissances sur les fondements historiques, spirituels et architecturaux de S\u00e9oul.<\/p>\n<p>Tout au long de la journ\u00e9e, votre guide vous racontera des anecdotes qui relieront chaque \u00e9tape, vous offrant ainsi une exp\u00e9rience coh\u00e9rente et enrichissante du pass\u00e9 et du pr\u00e9sent de la ville.<\/p>\n<h2><strong>Points forts<\/strong><\/h2>\n<ul>\n<li><b>Palais Gyeongbokgung (visite ext\u00e9rieure)<\/b> : admirez l&#8217;architecture grandiose du palais royal le plus c\u00e9l\u00e8bre de Cor\u00e9e, qui abritait autrefois les rois et les c\u00e9r\u00e9monies de l&#8217;\u00e9poque Joseon.<\/li>\n<li><b>Place Gwanghwamun<\/b> : promenez-vous dans un espace public moderne entour\u00e9 de statues, de fontaines et de monuments historiques importants qui rendent hommage aux h\u00e9ros cor\u00e9ens.<\/li>\n<li><b>Route de la Maison Bleue<\/b> : passez en voiture devant le quartier de la r\u00e9sidence pr\u00e9sidentielle et profitez d&#8217;une vue panoramique sur le mont Bugaksan en arri\u00e8re-plan.<\/li>\n<li><b>Temple Jogyesa<\/b> : visitez le temple central du bouddhisme zen cor\u00e9en. Sa cour tranquille et ses lanternes color\u00e9es offrent un contraste paisible avec l&#8217;\u00e9nergie urbaine.<\/li>\n<li><b>Village de Bukchon Hanok<\/b> : Explorez un quartier pr\u00e9serv\u00e9 de maisons traditionnelles cor\u00e9ennes. Id\u00e9al pour prendre des photos et comprendre l&#8217;architecture locale.<\/li>\n<li><b>Rue culturelle d&#8217;Insadong<\/b> : Un m\u00e9lange vibrant de tradition et de modernit\u00e9. D\u00e9couvrez des salons de th\u00e9, des galeries et des boutiques d&#8217;artisanat dans ce quartier pi\u00e9ton.<\/li>\n<li><b>Une exp\u00e9rience flexible et priv\u00e9e<\/b> : La journ\u00e9e est organis\u00e9e en fonction de votre rythme et de vos centres d&#8217;int\u00e9r\u00eat, et toute la logistique est prise en charge du d\u00e9but \u00e0 la fin.<\/li>\n<\/ul>\n<p><a href=\"https:\/\/tourtravelandmore.com\/cities\/seoul\/\">D\u00e9couvrez d&#8217;autres visites culturelles priv\u00e9es \u00e0 S\u00e9oul<\/a> avec nos exp\u00e9riences guid\u00e9es par des experts.<\/p>\n<p>Pour en savoir plus sur le temple Jogyesa, consultez le site officiel de l&#8217;Office national du tourisme de Cor\u00e9e.<\/p>\n<p>Cette visite priv\u00e9e des monuments et du temple Jogyesa vous invite \u00e0 d\u00e9couvrir S\u00e9oul non seulement comme une ville moderne, mais aussi comme un lieu o\u00f9 le patrimoine est vivant. Profitez d&#8217;une journ\u00e9e compl\u00e8te de beaut\u00e9, de d\u00e9couverte et d&#8217;apprentissage, dans le confort et \u00e0 votre rythme.<\/p>\n","protected":false},"excerpt":{"rendered":"<p>D\u00e9couvrez les sites historiques et culturels les plus embl\u00e9matiques de la capitale cor\u00e9enne lors de cette visite priv\u00e9e des monuments et du temple Jogyesa. Au cours de cette excursion de huit heures, vous explorerez les sites les plus symboliques de S\u00e9oul, o\u00f9 se m\u00ealent h\u00e9ritage royal, spiritualit\u00e9 traditionnelle et charme urbain. Vous voyagerez confortablement dans votre v\u00e9hicule priv\u00e9 et serez guid\u00e9 par un expert local.<\/p>\n","protected":false},"featured_media":184989,"comment_status":"open","ping_status":"closed","template":"","meta":{"_acf_changed":false},"product_brand":[],"product_cat":[5554,5553,5544],"product_tag":[],"class_list":{"0":"post-184977","1":"product","2":"type-product","3":"status-publish","4":"has-post-thumbnail","6":"product_cat-all-private-tours-fr-9","7":"product_cat-coree-du-sud-fr","8":"product_cat-seoul-fr","10":"first","11":"instock","12":"shipping-taxable","13":"purchasable","14":"product-type-simple"},"acf":[],"yoast_head":"<!-- This site is optimized with the Yoast SEO Premium plugin v25.3.1 (Yoast SEO v25.3.1) - https:\/\/yoast.com\/wordpress\/plugins\/seo\/ -->\n<title>Visite priv\u00e9e des monuments de S\u00e9oul et du temple Jogyesa<\/title>\n<meta name=\"description\" content=\"Visite priv\u00e9e des monuments de S\u00e9oul et du temple Jogyesa. Explorez ses rues gr\u00e2ce \u00e0 cette visite priv\u00e9e d&#039;une journ\u00e9e compl\u00e8te avec un guide et un v\u00e9hicule priv\u00e9.\" \/>\n<meta name=\"robots\" content=\"index, follow, max-snippet:-1, max-image-preview:large, max-video-preview:-1\" \/>\n<link rel=\"canonical\" href=\"https:\/\/tourtravelandmore.com\/fr\/tours\/coree-du-sud-fr\/seoul-fr\/visite-guidee-privee-a-pied-de-seoul-copy\/\" \/>\n<meta property=\"og:locale\" content=\"fr_FR\" \/>\n<meta property=\"og:type\" content=\"article\" \/>\n<meta property=\"og:title\" content=\"Visite priv\u00e9e des monuments de S\u00e9oul et du temple Jogyesa\" \/>\n<meta property=\"og:description\" content=\"Visite priv\u00e9e des monuments de S\u00e9oul et du temple Jogyesa. Explorez ses rues gr\u00e2ce \u00e0 cette visite priv\u00e9e d&#039;une journ\u00e9e compl\u00e8te avec un guide et un v\u00e9hicule priv\u00e9.\" \/>\n<meta property=\"og:url\" content=\"https:\/\/tourtravelandmore.com\/fr\/tours\/coree-du-sud-fr\/seoul-fr\/visite-guidee-privee-a-pied-de-seoul-copy\/\" \/>\n<meta property=\"og:site_name\" content=\"Tour Travel And More\" \/>\n<meta property=\"article:publisher\" content=\"https:\/\/www.facebook.com\/tourtravelandmore\/\" \/>\n<meta property=\"article:modified_time\" content=\"2025-07-04T16:07:42+00:00\" \/>\n<meta property=\"og:image\" content=\"https:\/\/tourtravelandmore.com\/wp-content\/uploads\/2025\/07\/lantern-7989500_1280.jpg\" \/>\n\t<meta property=\"og:image:width\" content=\"1280\" \/>\n\t<meta property=\"og:image:height\" content=\"853\" \/>\n\t<meta property=\"og:image:type\" content=\"image\/jpeg\" \/>\n<meta name=\"twitter:card\" content=\"summary_large_image\" \/>\n<meta name=\"twitter:site\" content=\"@TourTravel_More\" \/>\n<meta name=\"twitter:label1\" content=\"Dur\u00e9e de lecture estim\u00e9e\" \/>\n\t<meta name=\"twitter:data1\" content=\"2 minutes\" \/>\n<script type=\"application\/ld+json\" class=\"yoast-schema-graph\">{\"@context\":\"https:\/\/schema.org\",\"@graph\":[{\"@type\":\"WebPage\",\"@id\":\"https:\/\/tourtravelandmore.com\/fr\/tours\/coree-du-sud-fr\/seoul-fr\/visite-guidee-privee-a-pied-de-seoul-copy\/\",\"url\":\"https:\/\/tourtravelandmore.com\/fr\/tours\/coree-du-sud-fr\/seoul-fr\/visite-guidee-privee-a-pied-de-seoul-copy\/\",\"name\":\"Visite priv\u00e9e des monuments de S\u00e9oul et du temple Jogyesa\",\"isPartOf\":{\"@id\":\"https:\/\/tourtravelandmore.com\/fr\/#website\"},\"primaryImageOfPage\":{\"@id\":\"https:\/\/tourtravelandmore.com\/fr\/tours\/coree-du-sud-fr\/seoul-fr\/visite-guidee-privee-a-pied-de-seoul-copy\/#primaryimage\"},\"image\":{\"@id\":\"https:\/\/tourtravelandmore.com\/fr\/tours\/coree-du-sud-fr\/seoul-fr\/visite-guidee-privee-a-pied-de-seoul-copy\/#primaryimage\"},\"thumbnailUrl\":\"https:\/\/tourtravelandmore.com\/wp-content\/uploads\/2025\/07\/lantern-7989500_1280.jpg\",\"datePublished\":\"2025-07-04T15:38:31+00:00\",\"dateModified\":\"2025-07-04T16:07:42+00:00\",\"description\":\"Visite priv\u00e9e des monuments de S\u00e9oul et du temple Jogyesa. Explorez ses rues gr\u00e2ce \u00e0 cette visite priv\u00e9e d'une journ\u00e9e compl\u00e8te avec un guide et un v\u00e9hicule priv\u00e9.\",\"breadcrumb\":{\"@id\":\"https:\/\/tourtravelandmore.com\/fr\/tours\/coree-du-sud-fr\/seoul-fr\/visite-guidee-privee-a-pied-de-seoul-copy\/#breadcrumb\"},\"inLanguage\":\"fr-FR\",\"potentialAction\":[{\"@type\":\"ReadAction\",\"target\":[\"https:\/\/tourtravelandmore.com\/fr\/tours\/coree-du-sud-fr\/seoul-fr\/visite-guidee-privee-a-pied-de-seoul-copy\/\"]}]},{\"@type\":\"ImageObject\",\"inLanguage\":\"fr-FR\",\"@id\":\"https:\/\/tourtravelandmore.com\/fr\/tours\/coree-du-sud-fr\/seoul-fr\/visite-guidee-privee-a-pied-de-seoul-copy\/#primaryimage\",\"url\":\"https:\/\/tourtravelandmore.com\/wp-content\/uploads\/2025\/07\/lantern-7989500_1280.jpg\",\"contentUrl\":\"https:\/\/tourtravelandmore.com\/wp-content\/uploads\/2025\/07\/lantern-7989500_1280.jpg\",\"width\":1280,\"height\":853},{\"@type\":\"BreadcrumbList\",\"@id\":\"https:\/\/tourtravelandmore.com\/fr\/tours\/coree-du-sud-fr\/seoul-fr\/visite-guidee-privee-a-pied-de-seoul-copy\/#breadcrumb\",\"itemListElement\":[{\"@type\":\"ListItem\",\"position\":1,\"name\":\"Home\",\"item\":\"https:\/\/tourtravelandmore.com\/fr\/\"},{\"@type\":\"ListItem\",\"position\":2,\"name\":\"Tours\",\"item\":\"https:\/\/tourtravelandmore.com\/fr\/tours\/\"},{\"@type\":\"ListItem\",\"position\":3,\"name\":\"Visite priv\u00e9e des monuments de S\u00e9oul et du temple Jogyesa\"}]},{\"@type\":\"WebSite\",\"@id\":\"https:\/\/tourtravelandmore.com\/fr\/#website\",\"url\":\"https:\/\/tourtravelandmore.com\/fr\/\",\"name\":\"Tour Travel And More\",\"description\":\"Private sightseeing tours and luxury transfers in Spain\",\"publisher\":{\"@id\":\"https:\/\/tourtravelandmore.com\/fr\/#organization\"},\"potentialAction\":[{\"@type\":\"SearchAction\",\"target\":{\"@type\":\"EntryPoint\",\"urlTemplate\":\"https:\/\/tourtravelandmore.com\/fr\/?s={search_term_string}\"},\"query-input\":{\"@type\":\"PropertyValueSpecification\",\"valueRequired\":true,\"valueName\":\"search_term_string\"}}],\"inLanguage\":\"fr-FR\"},{\"@type\":\"Organization\",\"@id\":\"https:\/\/tourtravelandmore.com\/fr\/#organization\",\"name\":\"Tour Travel And More\",\"url\":\"https:\/\/tourtravelandmore.com\/fr\/\",\"logo\":{\"@type\":\"ImageObject\",\"inLanguage\":\"fr-FR\",\"@id\":\"https:\/\/tourtravelandmore.com\/fr\/#\/schema\/logo\/image\/\",\"url\":\"https:\/\/tourtravelandmore.com\/wp-content\/uploads\/2022\/12\/cropped-logo-cabecera-new.png\",\"contentUrl\":\"https:\/\/tourtravelandmore.com\/wp-content\/uploads\/2022\/12\/cropped-logo-cabecera-new.png\",\"width\":430,\"height\":61,\"caption\":\"Tour Travel And More\"},\"image\":{\"@id\":\"https:\/\/tourtravelandmore.com\/fr\/#\/schema\/logo\/image\/\"},\"sameAs\":[\"https:\/\/www.facebook.com\/tourtravelandmore\/\",\"https:\/\/x.com\/TourTravel_More\"]}]}<\/script>\n<!-- \/ Yoast SEO Premium plugin. -->","yoast_head_json":{"title":"Visite priv\u00e9e des monuments de S\u00e9oul et du temple Jogyesa","description":"Visite priv\u00e9e des monuments de S\u00e9oul et du temple Jogyesa. Explorez ses rues gr\u00e2ce \u00e0 cette visite priv\u00e9e d'une journ\u00e9e compl\u00e8te avec un guide et un v\u00e9hicule priv\u00e9.","robots":{"index":"index","follow":"follow","max-snippet":"max-snippet:-1","max-image-preview":"max-image-preview:large","max-video-preview":"max-video-preview:-1"},"canonical":"https:\/\/tourtravelandmore.com\/fr\/tours\/coree-du-sud-fr\/seoul-fr\/visite-guidee-privee-a-pied-de-seoul-copy\/","og_locale":"fr_FR","og_type":"article","og_title":"Visite priv\u00e9e des monuments de S\u00e9oul et du temple Jogyesa","og_description":"Visite priv\u00e9e des monuments de S\u00e9oul et du temple Jogyesa. Explorez ses rues gr\u00e2ce \u00e0 cette visite priv\u00e9e d'une journ\u00e9e compl\u00e8te avec un guide et un v\u00e9hicule priv\u00e9.","og_url":"https:\/\/tourtravelandmore.com\/fr\/tours\/coree-du-sud-fr\/seoul-fr\/visite-guidee-privee-a-pied-de-seoul-copy\/","og_site_name":"Tour Travel And More","article_publisher":"https:\/\/www.facebook.com\/tourtravelandmore\/","article_modified_time":"2025-07-04T16:07:42+00:00","og_image":[{"width":1280,"height":853,"url":"https:\/\/tourtravelandmore.com\/wp-content\/uploads\/2025\/07\/lantern-7989500_1280.jpg","type":"image\/jpeg"}],"twitter_card":"summary_large_image","twitter_site":"@TourTravel_More","twitter_misc":{"Dur\u00e9e de lecture estim\u00e9e":"2 minutes"},"schema":{"@context":"https:\/\/schema.org","@graph":[{"@type":"WebPage","@id":"https:\/\/tourtravelandmore.com\/fr\/tours\/coree-du-sud-fr\/seoul-fr\/visite-guidee-privee-a-pied-de-seoul-copy\/","url":"https:\/\/tourtravelandmore.com\/fr\/tours\/coree-du-sud-fr\/seoul-fr\/visite-guidee-privee-a-pied-de-seoul-copy\/","name":"Visite priv\u00e9e des monuments de S\u00e9oul et du temple Jogyesa","isPartOf":{"@id":"https:\/\/tourtravelandmore.com\/fr\/#website"},"primaryImageOfPage":{"@id":"https:\/\/tourtravelandmore.com\/fr\/tours\/coree-du-sud-fr\/seoul-fr\/visite-guidee-privee-a-pied-de-seoul-copy\/#primaryimage"},"image":{"@id":"https:\/\/tourtravelandmore.com\/fr\/tours\/coree-du-sud-fr\/seoul-fr\/visite-guidee-privee-a-pied-de-seoul-copy\/#primaryimage"},"thumbnailUrl":"https:\/\/tourtravelandmore.com\/wp-content\/uploads\/2025\/07\/lantern-7989500_1280.jpg","datePublished":"2025-07-04T15:38:31+00:00","dateModified":"2025-07-04T16:07:42+00:00","description":"Visite priv\u00e9e des monuments de S\u00e9oul et du temple Jogyesa. Explorez ses rues gr\u00e2ce \u00e0 cette visite priv\u00e9e d'une journ\u00e9e compl\u00e8te avec un guide et un v\u00e9hicule priv\u00e9.","breadcrumb":{"@id":"https:\/\/tourtravelandmore.com\/fr\/tours\/coree-du-sud-fr\/seoul-fr\/visite-guidee-privee-a-pied-de-seoul-copy\/#breadcrumb"},"inLanguage":"fr-FR","potentialAction":[{"@type":"ReadAction","target":["https:\/\/tourtravelandmore.com\/fr\/tours\/coree-du-sud-fr\/seoul-fr\/visite-guidee-privee-a-pied-de-seoul-copy\/"]}]},{"@type":"ImageObject","inLanguage":"fr-FR","@id":"https:\/\/tourtravelandmore.com\/fr\/tours\/coree-du-sud-fr\/seoul-fr\/visite-guidee-privee-a-pied-de-seoul-copy\/#primaryimage","url":"https:\/\/tourtravelandmore.com\/wp-content\/uploads\/2025\/07\/lantern-7989500_1280.jpg","contentUrl":"https:\/\/tourtravelandmore.com\/wp-content\/uploads\/2025\/07\/lantern-7989500_1280.jpg","width":1280,"height":853},{"@type":"BreadcrumbList","@id":"https:\/\/tourtravelandmore.com\/fr\/tours\/coree-du-sud-fr\/seoul-fr\/visite-guidee-privee-a-pied-de-seoul-copy\/#breadcrumb","itemListElement":[{"@type":"ListItem","position":1,"name":"Home","item":"https:\/\/tourtravelandmore.com\/fr\/"},{"@type":"ListItem","position":2,"name":"Tours","item":"https:\/\/tourtravelandmore.com\/fr\/tours\/"},{"@type":"ListItem","position":3,"name":"Visite priv\u00e9e des monuments de S\u00e9oul et du temple Jogyesa"}]},{"@type":"WebSite","@id":"https:\/\/tourtravelandmore.com\/fr\/#website","url":"https:\/\/tourtravelandmore.com\/fr\/","name":"Tour Travel And More","description":"Private sightseeing tours and luxury transfers in Spain","publisher":{"@id":"https:\/\/tourtravelandmore.com\/fr\/#organization"},"potentialAction":[{"@type":"SearchAction","target":{"@type":"EntryPoint","urlTemplate":"https:\/\/tourtravelandmore.com\/fr\/?s={search_term_string}"},"query-input":{"@type":"PropertyValueSpecification","valueRequired":true,"valueName":"search_term_string"}}],"inLanguage":"fr-FR"},{"@type":"Organization","@id":"https:\/\/tourtravelandmore.com\/fr\/#organization","name":"Tour Travel And More","url":"https:\/\/tourtravelandmore.com\/fr\/","logo":{"@type":"ImageObject","inLanguage":"fr-FR","@id":"https:\/\/tourtravelandmore.com\/fr\/#\/schema\/logo\/image\/","url":"https:\/\/tourtravelandmore.com\/wp-content\/uploads\/2022\/12\/cropped-logo-cabecera-new.png","contentUrl":"https:\/\/tourtravelandmore.com\/wp-content\/uploads\/2022\/12\/cropped-logo-cabecera-new.png","width":430,"height":61,"caption":"Tour Travel And More"},"image":{"@id":"https:\/\/tourtravelandmore.com\/fr\/#\/schema\/logo\/image\/"},"sameAs":["https:\/\/www.facebook.com\/tourtravelandmore\/","https:\/\/x.com\/TourTravel_More"]}]}},"_links":{"self":[{"href":"https:\/\/tourtravelandmore.com\/fr\/wp-json\/wp\/v2\/product\/184977","targetHints":{"allow":["GET"]}}],"collection":[{"href":"https:\/\/tourtravelandmore.com\/fr\/wp-json\/wp\/v2\/product"}],"about":[{"href":"https:\/\/tourtravelandmore.com\/fr\/wp-json\/wp\/v2\/types\/product"}],"replies":[{"embeddable":true,"href":"https:\/\/tourtravelandmore.com\/fr\/wp-json\/wp\/v2\/comments?post=184977"}],"wp:featuredmedia":[{"embeddable":true,"href":"https:\/\/tourtravelandmore.com\/fr\/wp-json\/wp\/v2\/media\/184989"}],"wp:attachment":[{"href":"https:\/\/tourtravelandmore.com\/fr\/wp-json\/wp\/v2\/media?parent=184977"}],"wp:term":[{"taxonomy":"product_brand","embeddable":true,"href":"https:\/\/tourtravelandmore.com\/fr\/wp-json\/wp\/v2\/product_brand?post=184977"},{"taxonomy":"product_cat","embeddable":true,"href":"https:\/\/tourtravelandmore.com\/fr\/wp-json\/wp\/v2\/product_cat?post=184977"},{"taxonomy":"product_tag","embeddable":true,"href":"https:\/\/tourtravelandmore.com\/fr\/wp-json\/wp\/v2\/product_tag?post=184977"}],"curies":[{"name":"wp","href":"https:\/\/api.w.org\/{rel}","templated":true}]}}