{"id":184945,"date":"2025-07-04T15:38:07","date_gmt":"2025-07-04T13:38:11","guid":{"rendered":"https:\/\/tourtravelandmore.com\/?post_type=product&#038;p=184945"},"modified":"2025-07-04T17:37:57","modified_gmt":"2025-07-04T15:37:57","slug":"visite-gastronomique-privee-a-pied-de-seoul-copy","status":"publish","type":"product","link":"https:\/\/tourtravelandmore.com\/fr\/tours\/coree-du-sud-fr\/seoul-fr\/visite-gastronomique-privee-a-pied-de-seoul-copy\/","title":{"rendered":"Visite guid\u00e9e priv\u00e9e \u00e0 pied de S\u00e9oul"},"content":{"rendered":"<h2><b><strong>Description<\/strong><\/b><\/h2>\n<p>D\u00e9couvrez la capitale de la Cor\u00e9e du Sud depuis ses fondations gr\u00e2ce \u00e0 notre <b><i>visite guid\u00e9e priv\u00e9e \u00e0 pied de S\u00e9oul<\/i><\/b>. En seulement trois heures, vous d\u00e9couvrirez des si\u00e8cles d&#8217;histoire, une architecture \u00e9poustouflante et la vie locale, le tout guid\u00e9 par un expert qui vous fera revivre l&#8217;histoire de la ville.<\/p>\n<p>Cette <b><i>visite guid\u00e9e priv\u00e9e \u00e0 pied de S\u00e9oul<\/i> <\/b>commence au c\u0153ur de la capitale et vous emm\u00e8ne \u00e0 travers les quartiers historiques, les march\u00e9s anim\u00e9s et les sites culturels embl\u00e9matiques. Au fil de la visite, votre guide vous donnera un aper\u00e7u de l&#8217;\u00e9volution de S\u00e9oul, des dynasties anciennes aux quartiers ultramodernes. Que vous soyez amateur de photographie, de culture ou que vous souhaitiez simplement mieux conna\u00eetre la ville, cette visite guid\u00e9e \u00e0 pied est une excellente introduction.<\/p>\n<p>Id\u00e9al pour les voyageurs qui souhaitent d\u00e9couvrir S\u00e9oul de mani\u00e8re personnalis\u00e9e et approfondie, sans la pr\u00e9cipitation des bus ou la distance des visites en groupe.<\/p>\n<h2><b><strong>Points forts<\/strong><\/b><\/h2>\n<ul>\n<li><b>Village de Bukchon Hanok<\/b> : promenez-vous dans les ruelles \u00e9troites bord\u00e9es de maisons traditionnelles pr\u00e9serv\u00e9es. Profitez d&#8217;une vue panoramique et d&#8217;un m\u00e9lange unique d&#8217;ancien et de moderne.<\/li>\n<li><b>Rue culturelle d&#8217;Insadong<\/b> : ce quartier color\u00e9 regorge d&#8217;artisanat, de salons de th\u00e9, de galeries d&#8217;art et d&#8217;artistes de rue. C&#8217;est un lieu incontournable du centre de S\u00e9oul.<\/li>\n<li><b>Temple Jogyesa<\/b> : visitez l&#8217;un des temples bouddhistes les plus importants de la ville. L&#8217;atmosph\u00e8re paisible et les lanternes color\u00e9es cr\u00e9ent une exp\u00e9rience apaisante.<\/li>\n<li><b>Ruisseau Cheonggyecheon<\/b> : promenez-vous le long d&#8217;un ruisseau magnifiquement restaur\u00e9 qui traverse le centre-ville. C&#8217;est un endroit tr\u00e8s appr\u00e9ci\u00e9 des habitants et des visiteurs.<\/li>\n<li><b>Connaissances locales<\/b> : votre guide vous fera d\u00e9couvrir des anecdotes et le contexte historique que vous ne trouverez pas dans une application de voyage.<\/li>\n<li><b>Une exp\u00e9rience sur mesure<\/b> : posez des questions, choisissez votre rythme et explorez ce qui vous int\u00e9resse le plus. Cette visite est enti\u00e8rement priv\u00e9e et flexible.<\/li>\n<\/ul>\n<p>D\u00e9couvrez d&#8217;autres visites guid\u00e9es \u00e0 pied et exp\u00e9riences locales \u00e0 S\u00e9oul gr\u00e2ce \u00e0 notre s\u00e9lection.<\/p>\n<p>Vous pouvez \u00e9galement en savoir plus sur le temple Jogyesa sur le site officiel du tourisme en Cor\u00e9e.<\/p>\n<p>Cette visite guid\u00e9e priv\u00e9e \u00e0 pied de S\u00e9oul vous offre une vue imprenable sur l&#8217;\u00e2me de la ville. \u00c0 chaque pas, vous d\u00e9couvrirez quelque chose d&#8217;authentique, des temples tranquilles aux march\u00e9s anim\u00e9s, qui rendra votre s\u00e9jour \u00e0 S\u00e9oul vraiment inoubliable.<\/p>\n","protected":false},"excerpt":{"rendered":"<p>D\u00e9couvrez la capitale de la Cor\u00e9e du Sud depuis ses fondations gr\u00e2ce \u00e0 notre <b><i>visite guid\u00e9e priv\u00e9e \u00e0 pied de S\u00e9oul<\/i><\/b>. En seulement trois heures, vous d\u00e9couvrirez des si\u00e8cles d&#8217;histoire, une architecture \u00e9poustouflante et la vie locale, le tout guid\u00e9 par un expert qui vous fera revivre l&#8217;histoire de la ville.<\/p>\n","protected":false},"featured_media":184957,"comment_status":"open","ping_status":"closed","template":"","meta":{"_acf_changed":false},"product_brand":[],"product_cat":[5554,5553,5544],"product_tag":[],"class_list":{"0":"post-184945","1":"product","2":"type-product","3":"status-publish","4":"has-post-thumbnail","6":"product_cat-all-private-tours-fr-9","7":"product_cat-coree-du-sud-fr","8":"product_cat-seoul-fr","10":"first","11":"instock","12":"shipping-taxable","13":"purchasable","14":"product-type-simple"},"acf":[],"yoast_head":"<!-- This site is optimized with the Yoast SEO Premium plugin v25.3.1 (Yoast SEO v25.3.1) - https:\/\/yoast.com\/wordpress\/plugins\/seo\/ -->\n<title>Visite guid\u00e9e priv\u00e9e \u00e0 pied de S\u00e9oul<\/title>\n<meta name=\"description\" content=\"Visite guid\u00e9e priv\u00e9e \u00e0 pied de S\u00e9oul. Explorez ses rues gr\u00e2ce \u00e0 cette visite priv\u00e9e d&#039;une journ\u00e9e compl\u00e8te avec un guide et un v\u00e9hicule priv\u00e9.\" \/>\n<meta name=\"robots\" content=\"index, follow, max-snippet:-1, max-image-preview:large, max-video-preview:-1\" \/>\n<link rel=\"canonical\" href=\"https:\/\/tourtravelandmore.com\/fr\/tours\/coree-du-sud-fr\/seoul-fr\/visite-gastronomique-privee-a-pied-de-seoul-copy\/\" \/>\n<meta property=\"og:locale\" content=\"fr_FR\" \/>\n<meta property=\"og:type\" content=\"article\" \/>\n<meta property=\"og:title\" content=\"Visite guid\u00e9e priv\u00e9e \u00e0 pied de S\u00e9oul\" \/>\n<meta property=\"og:description\" content=\"Visite guid\u00e9e priv\u00e9e \u00e0 pied de S\u00e9oul. Explorez ses rues gr\u00e2ce \u00e0 cette visite priv\u00e9e d&#039;une journ\u00e9e compl\u00e8te avec un guide et un v\u00e9hicule priv\u00e9.\" \/>\n<meta property=\"og:url\" content=\"https:\/\/tourtravelandmore.com\/fr\/tours\/coree-du-sud-fr\/seoul-fr\/visite-gastronomique-privee-a-pied-de-seoul-copy\/\" \/>\n<meta property=\"og:site_name\" content=\"Tour Travel And More\" \/>\n<meta property=\"article:publisher\" content=\"https:\/\/www.facebook.com\/tourtravelandmore\/\" \/>\n<meta property=\"article:modified_time\" content=\"2025-07-04T15:37:57+00:00\" \/>\n<meta property=\"og:image\" content=\"https:\/\/tourtravelandmore.com\/wp-content\/uploads\/2025\/07\/business-5475283_1280.jpg\" \/>\n\t<meta property=\"og:image:width\" content=\"1280\" \/>\n\t<meta property=\"og:image:height\" content=\"853\" \/>\n\t<meta property=\"og:image:type\" content=\"image\/jpeg\" \/>\n<meta name=\"twitter:card\" content=\"summary_large_image\" \/>\n<meta name=\"twitter:site\" content=\"@TourTravel_More\" \/>\n<meta name=\"twitter:label1\" content=\"Dur\u00e9e de lecture estim\u00e9e\" \/>\n\t<meta name=\"twitter:data1\" content=\"2 minutes\" \/>\n<script type=\"application\/ld+json\" class=\"yoast-schema-graph\">{\"@context\":\"https:\/\/schema.org\",\"@graph\":[{\"@type\":\"WebPage\",\"@id\":\"https:\/\/tourtravelandmore.com\/fr\/tours\/coree-du-sud-fr\/seoul-fr\/visite-gastronomique-privee-a-pied-de-seoul-copy\/\",\"url\":\"https:\/\/tourtravelandmore.com\/fr\/tours\/coree-du-sud-fr\/seoul-fr\/visite-gastronomique-privee-a-pied-de-seoul-copy\/\",\"name\":\"Visite guid\u00e9e priv\u00e9e \u00e0 pied de S\u00e9oul\",\"isPartOf\":{\"@id\":\"https:\/\/tourtravelandmore.com\/fr\/#website\"},\"primaryImageOfPage\":{\"@id\":\"https:\/\/tourtravelandmore.com\/fr\/tours\/coree-du-sud-fr\/seoul-fr\/visite-gastronomique-privee-a-pied-de-seoul-copy\/#primaryimage\"},\"image\":{\"@id\":\"https:\/\/tourtravelandmore.com\/fr\/tours\/coree-du-sud-fr\/seoul-fr\/visite-gastronomique-privee-a-pied-de-seoul-copy\/#primaryimage\"},\"thumbnailUrl\":\"https:\/\/tourtravelandmore.com\/wp-content\/uploads\/2025\/07\/business-5475283_1280.jpg\",\"datePublished\":\"2025-07-04T13:38:11+00:00\",\"dateModified\":\"2025-07-04T15:37:57+00:00\",\"description\":\"Visite guid\u00e9e priv\u00e9e \u00e0 pied de S\u00e9oul. Explorez ses rues gr\u00e2ce \u00e0 cette visite priv\u00e9e d'une journ\u00e9e compl\u00e8te avec un guide et un v\u00e9hicule priv\u00e9.\",\"breadcrumb\":{\"@id\":\"https:\/\/tourtravelandmore.com\/fr\/tours\/coree-du-sud-fr\/seoul-fr\/visite-gastronomique-privee-a-pied-de-seoul-copy\/#breadcrumb\"},\"inLanguage\":\"fr-FR\",\"potentialAction\":[{\"@type\":\"ReadAction\",\"target\":[\"https:\/\/tourtravelandmore.com\/fr\/tours\/coree-du-sud-fr\/seoul-fr\/visite-gastronomique-privee-a-pied-de-seoul-copy\/\"]}]},{\"@type\":\"ImageObject\",\"inLanguage\":\"fr-FR\",\"@id\":\"https:\/\/tourtravelandmore.com\/fr\/tours\/coree-du-sud-fr\/seoul-fr\/visite-gastronomique-privee-a-pied-de-seoul-copy\/#primaryimage\",\"url\":\"https:\/\/tourtravelandmore.com\/wp-content\/uploads\/2025\/07\/business-5475283_1280.jpg\",\"contentUrl\":\"https:\/\/tourtravelandmore.com\/wp-content\/uploads\/2025\/07\/business-5475283_1280.jpg\",\"width\":1280,\"height\":853},{\"@type\":\"BreadcrumbList\",\"@id\":\"https:\/\/tourtravelandmore.com\/fr\/tours\/coree-du-sud-fr\/seoul-fr\/visite-gastronomique-privee-a-pied-de-seoul-copy\/#breadcrumb\",\"itemListElement\":[{\"@type\":\"ListItem\",\"position\":1,\"name\":\"Home\",\"item\":\"https:\/\/tourtravelandmore.com\/fr\/\"},{\"@type\":\"ListItem\",\"position\":2,\"name\":\"Tours\",\"item\":\"https:\/\/tourtravelandmore.com\/fr\/tours\/\"},{\"@type\":\"ListItem\",\"position\":3,\"name\":\"Visite guid\u00e9e priv\u00e9e \u00e0 pied de S\u00e9oul\"}]},{\"@type\":\"WebSite\",\"@id\":\"https:\/\/tourtravelandmore.com\/fr\/#website\",\"url\":\"https:\/\/tourtravelandmore.com\/fr\/\",\"name\":\"Tour Travel And More\",\"description\":\"Private sightseeing tours and luxury transfers in Spain\",\"publisher\":{\"@id\":\"https:\/\/tourtravelandmore.com\/fr\/#organization\"},\"potentialAction\":[{\"@type\":\"SearchAction\",\"target\":{\"@type\":\"EntryPoint\",\"urlTemplate\":\"https:\/\/tourtravelandmore.com\/fr\/?s={search_term_string}\"},\"query-input\":{\"@type\":\"PropertyValueSpecification\",\"valueRequired\":true,\"valueName\":\"search_term_string\"}}],\"inLanguage\":\"fr-FR\"},{\"@type\":\"Organization\",\"@id\":\"https:\/\/tourtravelandmore.com\/fr\/#organization\",\"name\":\"Tour Travel And More\",\"url\":\"https:\/\/tourtravelandmore.com\/fr\/\",\"logo\":{\"@type\":\"ImageObject\",\"inLanguage\":\"fr-FR\",\"@id\":\"https:\/\/tourtravelandmore.com\/fr\/#\/schema\/logo\/image\/\",\"url\":\"https:\/\/tourtravelandmore.com\/wp-content\/uploads\/2022\/12\/cropped-logo-cabecera-new.png\",\"contentUrl\":\"https:\/\/tourtravelandmore.com\/wp-content\/uploads\/2022\/12\/cropped-logo-cabecera-new.png\",\"width\":430,\"height\":61,\"caption\":\"Tour Travel And More\"},\"image\":{\"@id\":\"https:\/\/tourtravelandmore.com\/fr\/#\/schema\/logo\/image\/\"},\"sameAs\":[\"https:\/\/www.facebook.com\/tourtravelandmore\/\",\"https:\/\/x.com\/TourTravel_More\"]}]}<\/script>\n<!-- \/ Yoast SEO Premium plugin. -->","yoast_head_json":{"title":"Visite guid\u00e9e priv\u00e9e \u00e0 pied de S\u00e9oul","description":"Visite guid\u00e9e priv\u00e9e \u00e0 pied de S\u00e9oul. Explorez ses rues gr\u00e2ce \u00e0 cette visite priv\u00e9e d'une journ\u00e9e compl\u00e8te avec un guide et un v\u00e9hicule priv\u00e9.","robots":{"index":"index","follow":"follow","max-snippet":"max-snippet:-1","max-image-preview":"max-image-preview:large","max-video-preview":"max-video-preview:-1"},"canonical":"https:\/\/tourtravelandmore.com\/fr\/tours\/coree-du-sud-fr\/seoul-fr\/visite-gastronomique-privee-a-pied-de-seoul-copy\/","og_locale":"fr_FR","og_type":"article","og_title":"Visite guid\u00e9e priv\u00e9e \u00e0 pied de S\u00e9oul","og_description":"Visite guid\u00e9e priv\u00e9e \u00e0 pied de S\u00e9oul. Explorez ses rues gr\u00e2ce \u00e0 cette visite priv\u00e9e d'une journ\u00e9e compl\u00e8te avec un guide et un v\u00e9hicule priv\u00e9.","og_url":"https:\/\/tourtravelandmore.com\/fr\/tours\/coree-du-sud-fr\/seoul-fr\/visite-gastronomique-privee-a-pied-de-seoul-copy\/","og_site_name":"Tour Travel And More","article_publisher":"https:\/\/www.facebook.com\/tourtravelandmore\/","article_modified_time":"2025-07-04T15:37:57+00:00","og_image":[{"width":1280,"height":853,"url":"https:\/\/tourtravelandmore.com\/wp-content\/uploads\/2025\/07\/business-5475283_1280.jpg","type":"image\/jpeg"}],"twitter_card":"summary_large_image","twitter_site":"@TourTravel_More","twitter_misc":{"Dur\u00e9e de lecture estim\u00e9e":"2 minutes"},"schema":{"@context":"https:\/\/schema.org","@graph":[{"@type":"WebPage","@id":"https:\/\/tourtravelandmore.com\/fr\/tours\/coree-du-sud-fr\/seoul-fr\/visite-gastronomique-privee-a-pied-de-seoul-copy\/","url":"https:\/\/tourtravelandmore.com\/fr\/tours\/coree-du-sud-fr\/seoul-fr\/visite-gastronomique-privee-a-pied-de-seoul-copy\/","name":"Visite guid\u00e9e priv\u00e9e \u00e0 pied de S\u00e9oul","isPartOf":{"@id":"https:\/\/tourtravelandmore.com\/fr\/#website"},"primaryImageOfPage":{"@id":"https:\/\/tourtravelandmore.com\/fr\/tours\/coree-du-sud-fr\/seoul-fr\/visite-gastronomique-privee-a-pied-de-seoul-copy\/#primaryimage"},"image":{"@id":"https:\/\/tourtravelandmore.com\/fr\/tours\/coree-du-sud-fr\/seoul-fr\/visite-gastronomique-privee-a-pied-de-seoul-copy\/#primaryimage"},"thumbnailUrl":"https:\/\/tourtravelandmore.com\/wp-content\/uploads\/2025\/07\/business-5475283_1280.jpg","datePublished":"2025-07-04T13:38:11+00:00","dateModified":"2025-07-04T15:37:57+00:00","description":"Visite guid\u00e9e priv\u00e9e \u00e0 pied de S\u00e9oul. Explorez ses rues gr\u00e2ce \u00e0 cette visite priv\u00e9e d'une journ\u00e9e compl\u00e8te avec un guide et un v\u00e9hicule priv\u00e9.","breadcrumb":{"@id":"https:\/\/tourtravelandmore.com\/fr\/tours\/coree-du-sud-fr\/seoul-fr\/visite-gastronomique-privee-a-pied-de-seoul-copy\/#breadcrumb"},"inLanguage":"fr-FR","potentialAction":[{"@type":"ReadAction","target":["https:\/\/tourtravelandmore.com\/fr\/tours\/coree-du-sud-fr\/seoul-fr\/visite-gastronomique-privee-a-pied-de-seoul-copy\/"]}]},{"@type":"ImageObject","inLanguage":"fr-FR","@id":"https:\/\/tourtravelandmore.com\/fr\/tours\/coree-du-sud-fr\/seoul-fr\/visite-gastronomique-privee-a-pied-de-seoul-copy\/#primaryimage","url":"https:\/\/tourtravelandmore.com\/wp-content\/uploads\/2025\/07\/business-5475283_1280.jpg","contentUrl":"https:\/\/tourtravelandmore.com\/wp-content\/uploads\/2025\/07\/business-5475283_1280.jpg","width":1280,"height":853},{"@type":"BreadcrumbList","@id":"https:\/\/tourtravelandmore.com\/fr\/tours\/coree-du-sud-fr\/seoul-fr\/visite-gastronomique-privee-a-pied-de-seoul-copy\/#breadcrumb","itemListElement":[{"@type":"ListItem","position":1,"name":"Home","item":"https:\/\/tourtravelandmore.com\/fr\/"},{"@type":"ListItem","position":2,"name":"Tours","item":"https:\/\/tourtravelandmore.com\/fr\/tours\/"},{"@type":"ListItem","position":3,"name":"Visite guid\u00e9e priv\u00e9e \u00e0 pied de S\u00e9oul"}]},{"@type":"WebSite","@id":"https:\/\/tourtravelandmore.com\/fr\/#website","url":"https:\/\/tourtravelandmore.com\/fr\/","name":"Tour Travel And More","description":"Private sightseeing tours and luxury transfers in Spain","publisher":{"@id":"https:\/\/tourtravelandmore.com\/fr\/#organization"},"potentialAction":[{"@type":"SearchAction","target":{"@type":"EntryPoint","urlTemplate":"https:\/\/tourtravelandmore.com\/fr\/?s={search_term_string}"},"query-input":{"@type":"PropertyValueSpecification","valueRequired":true,"valueName":"search_term_string"}}],"inLanguage":"fr-FR"},{"@type":"Organization","@id":"https:\/\/tourtravelandmore.com\/fr\/#organization","name":"Tour Travel And More","url":"https:\/\/tourtravelandmore.com\/fr\/","logo":{"@type":"ImageObject","inLanguage":"fr-FR","@id":"https:\/\/tourtravelandmore.com\/fr\/#\/schema\/logo\/image\/","url":"https:\/\/tourtravelandmore.com\/wp-content\/uploads\/2022\/12\/cropped-logo-cabecera-new.png","contentUrl":"https:\/\/tourtravelandmore.com\/wp-content\/uploads\/2022\/12\/cropped-logo-cabecera-new.png","width":430,"height":61,"caption":"Tour Travel And More"},"image":{"@id":"https:\/\/tourtravelandmore.com\/fr\/#\/schema\/logo\/image\/"},"sameAs":["https:\/\/www.facebook.com\/tourtravelandmore\/","https:\/\/x.com\/TourTravel_More"]}]}},"_links":{"self":[{"href":"https:\/\/tourtravelandmore.com\/fr\/wp-json\/wp\/v2\/product\/184945","targetHints":{"allow":["GET"]}}],"collection":[{"href":"https:\/\/tourtravelandmore.com\/fr\/wp-json\/wp\/v2\/product"}],"about":[{"href":"https:\/\/tourtravelandmore.com\/fr\/wp-json\/wp\/v2\/types\/product"}],"replies":[{"embeddable":true,"href":"https:\/\/tourtravelandmore.com\/fr\/wp-json\/wp\/v2\/comments?post=184945"}],"wp:featuredmedia":[{"embeddable":true,"href":"https:\/\/tourtravelandmore.com\/fr\/wp-json\/wp\/v2\/media\/184957"}],"wp:attachment":[{"href":"https:\/\/tourtravelandmore.com\/fr\/wp-json\/wp\/v2\/media?parent=184945"}],"wp:term":[{"taxonomy":"product_brand","embeddable":true,"href":"https:\/\/tourtravelandmore.com\/fr\/wp-json\/wp\/v2\/product_brand?post=184945"},{"taxonomy":"product_cat","embeddable":true,"href":"https:\/\/tourtravelandmore.com\/fr\/wp-json\/wp\/v2\/product_cat?post=184945"},{"taxonomy":"product_tag","embeddable":true,"href":"https:\/\/tourtravelandmore.com\/fr\/wp-json\/wp\/v2\/product_tag?post=184945"}],"curies":[{"name":"wp","href":"https:\/\/api.w.org\/{rel}","templated":true}]}}