{"id":184914,"date":"2025-07-04T15:01:32","date_gmt":"2025-07-04T13:01:46","guid":{"rendered":"https:\/\/tourtravelandmore.com\/?post_type=product&#038;p=184914"},"modified":"2025-07-04T15:29:27","modified_gmt":"2025-07-04T13:29:27","slug":"visite-privee-premium-de-la-dmz-et-du-pont-suspendu-ou-de-la-tour-n-copy-2","status":"publish","type":"product","link":"https:\/\/tourtravelandmore.com\/fr\/tours\/coree-du-sud-fr\/seoul-fr\/visite-privee-premium-de-la-dmz-et-du-pont-suspendu-ou-de-la-tour-n-copy-2\/","title":{"rendered":"Visite gastronomique priv\u00e9e \u00e0 pied de S\u00e9oul"},"content":{"rendered":"<h2><b><strong>Description<\/strong><\/b><\/h2>\n<p>D\u00e9couvrez la culture culinaire dynamique de la Cor\u00e9e du Sud gr\u00e2ce \u00e0 notre <b><i>visite gastronomique priv\u00e9e \u00e0 pied de S\u00e9oul<\/i>.<\/b> Cette exp\u00e9rience guid\u00e9e de 3 heures vous emm\u00e8ne dans les rues savoureuses de la ville, o\u00f9 l&#8217;histoire et la tradition se retrouvent dans chaque bouch\u00e9e. Que vous soyez un fin gourmet ou simplement curieux, c&#8217;est l&#8217;occasion d&#8217;explorer \u00e0 pied les march\u00e9s locaux et les restaurants cach\u00e9s de S\u00e9oul.<\/p>\n<p>Commencez votre visite dans un march\u00e9 traditionnel anim\u00e9, o\u00f9 des \u00e9tals color\u00e9s proposent tout, du hotteok br\u00fblant au tteokbokki savoureux. Au fil de votre promenade, votre guide expert vous fera d\u00e9couvrir les saveurs, les histoires et les ingr\u00e9dients qui caract\u00e9risent la cuisine de rue cor\u00e9enne. En chemin, vous pourrez d\u00e9guster une s\u00e9lection de mets qui mettent en valeur \u00e0 la fois des classiques traditionnels et des variations contemporaines.<\/p>\n<p>La <b><i>visite gastronomique priv\u00e9e \u00e0 pied de S\u00e9oul<\/i><\/b> est une fa\u00e7on d\u00e9licieuse et immersive de comprendre la culture, les habitants et le rythme de la ville, \u00e0 travers des \u00e9tapes qui mettront vos papilles en \u00e9veil.<\/p>\n<h2><b><strong>Points forts<\/strong><\/b><\/h2>\n<ul>\n<li><b>March\u00e9 de Gwangjang<\/b> : fl\u00e2nez dans l&#8217;un des plus anciens march\u00e9s alimentaires de S\u00e9oul, c\u00e9l\u00e8bre pour ses cr\u00eapes aux haricots mungo, ses nouilles artisanales et ses d\u00e9lices ferment\u00e9s.<\/li>\n<li>D\u00e9gustation de cuisine de rue : go\u00fbtez \u00e0 d&#8217;authentiques snacks cor\u00e9ens tels que le gimbap, le mandu et les g\u00e2teaux de riz \u00e9pic\u00e9s. D\u00e9couvrez pourquoi les habitants font la queue pour ces en-cas rapides.<\/li>\n<li>Restaurants cach\u00e9s : visitez de petits \u00e9tablissements familiaux connus uniquement des habitants. Ces joyaux discrets servent souvent les plats les plus m\u00e9morables de la visite.<\/li>\n<li>Culture culinaire cor\u00e9enne : d\u00e9couvrez la fermentation, les ingr\u00e9dients de saison et les coutumes alimentaires. Votre guide vous fournira des informations contextuelles qui donneront vie \u00e0 chaque saveur.<\/li>\n<li>Promenades culturelles : entre deux bouch\u00e9es, explorez des ruelles anim\u00e9es et des quartiers vivants qui refl\u00e8tent le charme urbain et l&#8217;\u00e9nergie quotidienne de S\u00e9oul.<\/li>\n<li>Exp\u00e9rience personnalis\u00e9e : cette visite priv\u00e9e est enti\u00e8rement guid\u00e9e et adapt\u00e9e \u00e0 votre rythme, \u00e0 vos go\u00fbts et \u00e0 vos questions.<\/li>\n<\/ul>\n<p><a href=\"https:\/\/tourtravelandmore.com\/cities\/seoul\/\">D\u00e9couvrez d&#8217;autres visites priv\u00e9es \u00e0 pied \u00e0 S\u00e9oul<\/a> et plongez plus profond\u00e9ment dans la vie de rue cor\u00e9enne avec nous.<\/p>\n<p>Vous pouvez \u00e9galement d\u00e9couvrir l&#8217;histoire et les sp\u00e9cialit\u00e9s culinaires du march\u00e9 de Gwangjang sur le <a href=\"https:\/\/english.visitkorea.or.kr\/enu\/ATR\/SI_EN_3_1_1_1.jsp?cid=264550\">site officiel de Visit Korea<\/a>.<\/p>\n<p>Cette visite gastronomique priv\u00e9e \u00e0 pied de S\u00e9oul vous offre bien plus qu&#8217;une cuisine exceptionnelle : c&#8217;est une exp\u00e9rience inoubliable qui vous plongera dans la vie quotidienne, les relations humaines et les traditions. Laissez-vous guider par les ar\u00f4mes, nourrir par les histoires et surprendre par la ville.<\/p>\n","protected":false},"excerpt":{"rendered":"<p>D\u00e9couvrez la culture culinaire dynamique de la Cor\u00e9e du Sud gr\u00e2ce \u00e0 notre <b><i>visite gastronomique priv\u00e9e \u00e0 pied de S\u00e9oul<\/i>.<\/b> Cette exp\u00e9rience guid\u00e9e de 3 heures vous emm\u00e8ne dans les rues savoureuses de la ville, o\u00f9 l&#8217;histoire et la tradition se retrouvent dans chaque bouch\u00e9e. Que vous soyez un fin gourmet ou simplement curieux, c&#8217;est l&#8217;occasion d&#8217;explorer \u00e0 pied les march\u00e9s locaux et les restaurants cach\u00e9s de S\u00e9oul.<\/p>\n","protected":false},"featured_media":184926,"comment_status":"open","ping_status":"closed","template":"","meta":{"_acf_changed":false},"product_brand":[],"product_cat":[5554,5553,5544],"product_tag":[],"class_list":{"0":"post-184914","1":"product","2":"type-product","3":"status-publish","4":"has-post-thumbnail","6":"product_cat-all-private-tours-fr-9","7":"product_cat-coree-du-sud-fr","8":"product_cat-seoul-fr","10":"first","11":"instock","12":"shipping-taxable","13":"purchasable","14":"product-type-simple"},"acf":[],"yoast_head":"<!-- This site is optimized with the Yoast SEO Premium plugin v25.3.1 (Yoast SEO v25.3.1) - https:\/\/yoast.com\/wordpress\/plugins\/seo\/ -->\n<title>Visite gastronomique priv\u00e9e \u00e0 pied de S\u00e9oul<\/title>\n<meta name=\"description\" content=\"Visite gastronomique priv\u00e9e \u00e0 pied de S\u00e9oul. Explorez ses rues gr\u00e2ce \u00e0 cette visite priv\u00e9e d&#039;une journ\u00e9e compl\u00e8te avec un guide et un v\u00e9hicule priv\u00e9.\" \/>\n<meta name=\"robots\" content=\"index, follow, max-snippet:-1, max-image-preview:large, max-video-preview:-1\" \/>\n<link rel=\"canonical\" href=\"https:\/\/tourtravelandmore.com\/fr\/tours\/coree-du-sud-fr\/seoul-fr\/visite-privee-premium-de-la-dmz-et-du-pont-suspendu-ou-de-la-tour-n-copy-2\/\" \/>\n<meta property=\"og:locale\" content=\"fr_FR\" \/>\n<meta property=\"og:type\" content=\"article\" \/>\n<meta property=\"og:title\" content=\"Visite gastronomique priv\u00e9e \u00e0 pied de S\u00e9oul\" \/>\n<meta property=\"og:description\" content=\"Visite gastronomique priv\u00e9e \u00e0 pied de S\u00e9oul. Explorez ses rues gr\u00e2ce \u00e0 cette visite priv\u00e9e d&#039;une journ\u00e9e compl\u00e8te avec un guide et un v\u00e9hicule priv\u00e9.\" \/>\n<meta property=\"og:url\" content=\"https:\/\/tourtravelandmore.com\/fr\/tours\/coree-du-sud-fr\/seoul-fr\/visite-privee-premium-de-la-dmz-et-du-pont-suspendu-ou-de-la-tour-n-copy-2\/\" \/>\n<meta property=\"og:site_name\" content=\"Tour Travel And More\" \/>\n<meta property=\"article:publisher\" content=\"https:\/\/www.facebook.com\/tourtravelandmore\/\" \/>\n<meta property=\"article:modified_time\" content=\"2025-07-04T13:29:27+00:00\" \/>\n<meta property=\"og:image\" content=\"https:\/\/tourtravelandmore.com\/wp-content\/uploads\/2025\/07\/pexels-senuscape-728360-2313695-1.jpg\" \/>\n\t<meta property=\"og:image:width\" content=\"1280\" \/>\n\t<meta property=\"og:image:height\" content=\"854\" \/>\n\t<meta property=\"og:image:type\" content=\"image\/jpeg\" \/>\n<meta name=\"twitter:card\" content=\"summary_large_image\" \/>\n<meta name=\"twitter:site\" content=\"@TourTravel_More\" \/>\n<meta name=\"twitter:label1\" content=\"Dur\u00e9e de lecture estim\u00e9e\" \/>\n\t<meta name=\"twitter:data1\" content=\"2 minutes\" \/>\n<script type=\"application\/ld+json\" class=\"yoast-schema-graph\">{\"@context\":\"https:\/\/schema.org\",\"@graph\":[{\"@type\":\"WebPage\",\"@id\":\"https:\/\/tourtravelandmore.com\/fr\/tours\/coree-du-sud-fr\/seoul-fr\/visite-privee-premium-de-la-dmz-et-du-pont-suspendu-ou-de-la-tour-n-copy-2\/\",\"url\":\"https:\/\/tourtravelandmore.com\/fr\/tours\/coree-du-sud-fr\/seoul-fr\/visite-privee-premium-de-la-dmz-et-du-pont-suspendu-ou-de-la-tour-n-copy-2\/\",\"name\":\"Visite gastronomique priv\u00e9e \u00e0 pied de S\u00e9oul\",\"isPartOf\":{\"@id\":\"https:\/\/tourtravelandmore.com\/fr\/#website\"},\"primaryImageOfPage\":{\"@id\":\"https:\/\/tourtravelandmore.com\/fr\/tours\/coree-du-sud-fr\/seoul-fr\/visite-privee-premium-de-la-dmz-et-du-pont-suspendu-ou-de-la-tour-n-copy-2\/#primaryimage\"},\"image\":{\"@id\":\"https:\/\/tourtravelandmore.com\/fr\/tours\/coree-du-sud-fr\/seoul-fr\/visite-privee-premium-de-la-dmz-et-du-pont-suspendu-ou-de-la-tour-n-copy-2\/#primaryimage\"},\"thumbnailUrl\":\"https:\/\/tourtravelandmore.com\/wp-content\/uploads\/2025\/07\/pexels-senuscape-728360-2313695-1.jpg\",\"datePublished\":\"2025-07-04T13:01:46+00:00\",\"dateModified\":\"2025-07-04T13:29:27+00:00\",\"description\":\"Visite gastronomique priv\u00e9e \u00e0 pied de S\u00e9oul. Explorez ses rues gr\u00e2ce \u00e0 cette visite priv\u00e9e d'une journ\u00e9e compl\u00e8te avec un guide et un v\u00e9hicule priv\u00e9.\",\"breadcrumb\":{\"@id\":\"https:\/\/tourtravelandmore.com\/fr\/tours\/coree-du-sud-fr\/seoul-fr\/visite-privee-premium-de-la-dmz-et-du-pont-suspendu-ou-de-la-tour-n-copy-2\/#breadcrumb\"},\"inLanguage\":\"fr-FR\",\"potentialAction\":[{\"@type\":\"ReadAction\",\"target\":[\"https:\/\/tourtravelandmore.com\/fr\/tours\/coree-du-sud-fr\/seoul-fr\/visite-privee-premium-de-la-dmz-et-du-pont-suspendu-ou-de-la-tour-n-copy-2\/\"]}]},{\"@type\":\"ImageObject\",\"inLanguage\":\"fr-FR\",\"@id\":\"https:\/\/tourtravelandmore.com\/fr\/tours\/coree-du-sud-fr\/seoul-fr\/visite-privee-premium-de-la-dmz-et-du-pont-suspendu-ou-de-la-tour-n-copy-2\/#primaryimage\",\"url\":\"https:\/\/tourtravelandmore.com\/wp-content\/uploads\/2025\/07\/pexels-senuscape-728360-2313695-1.jpg\",\"contentUrl\":\"https:\/\/tourtravelandmore.com\/wp-content\/uploads\/2025\/07\/pexels-senuscape-728360-2313695-1.jpg\",\"width\":1280,\"height\":854},{\"@type\":\"BreadcrumbList\",\"@id\":\"https:\/\/tourtravelandmore.com\/fr\/tours\/coree-du-sud-fr\/seoul-fr\/visite-privee-premium-de-la-dmz-et-du-pont-suspendu-ou-de-la-tour-n-copy-2\/#breadcrumb\",\"itemListElement\":[{\"@type\":\"ListItem\",\"position\":1,\"name\":\"Home\",\"item\":\"https:\/\/tourtravelandmore.com\/fr\/\"},{\"@type\":\"ListItem\",\"position\":2,\"name\":\"Tours\",\"item\":\"https:\/\/tourtravelandmore.com\/fr\/tours\/\"},{\"@type\":\"ListItem\",\"position\":3,\"name\":\"Visite gastronomique priv\u00e9e \u00e0 pied de S\u00e9oul\"}]},{\"@type\":\"WebSite\",\"@id\":\"https:\/\/tourtravelandmore.com\/fr\/#website\",\"url\":\"https:\/\/tourtravelandmore.com\/fr\/\",\"name\":\"Tour Travel And More\",\"description\":\"Private sightseeing tours and luxury transfers in Spain\",\"publisher\":{\"@id\":\"https:\/\/tourtravelandmore.com\/fr\/#organization\"},\"potentialAction\":[{\"@type\":\"SearchAction\",\"target\":{\"@type\":\"EntryPoint\",\"urlTemplate\":\"https:\/\/tourtravelandmore.com\/fr\/?s={search_term_string}\"},\"query-input\":{\"@type\":\"PropertyValueSpecification\",\"valueRequired\":true,\"valueName\":\"search_term_string\"}}],\"inLanguage\":\"fr-FR\"},{\"@type\":\"Organization\",\"@id\":\"https:\/\/tourtravelandmore.com\/fr\/#organization\",\"name\":\"Tour Travel And More\",\"url\":\"https:\/\/tourtravelandmore.com\/fr\/\",\"logo\":{\"@type\":\"ImageObject\",\"inLanguage\":\"fr-FR\",\"@id\":\"https:\/\/tourtravelandmore.com\/fr\/#\/schema\/logo\/image\/\",\"url\":\"https:\/\/tourtravelandmore.com\/wp-content\/uploads\/2022\/12\/cropped-logo-cabecera-new.png\",\"contentUrl\":\"https:\/\/tourtravelandmore.com\/wp-content\/uploads\/2022\/12\/cropped-logo-cabecera-new.png\",\"width\":430,\"height\":61,\"caption\":\"Tour Travel And More\"},\"image\":{\"@id\":\"https:\/\/tourtravelandmore.com\/fr\/#\/schema\/logo\/image\/\"},\"sameAs\":[\"https:\/\/www.facebook.com\/tourtravelandmore\/\",\"https:\/\/x.com\/TourTravel_More\"]}]}<\/script>\n<!-- \/ Yoast SEO Premium plugin. -->","yoast_head_json":{"title":"Visite gastronomique priv\u00e9e \u00e0 pied de S\u00e9oul","description":"Visite gastronomique priv\u00e9e \u00e0 pied de S\u00e9oul. Explorez ses rues gr\u00e2ce \u00e0 cette visite priv\u00e9e d'une journ\u00e9e compl\u00e8te avec un guide et un v\u00e9hicule priv\u00e9.","robots":{"index":"index","follow":"follow","max-snippet":"max-snippet:-1","max-image-preview":"max-image-preview:large","max-video-preview":"max-video-preview:-1"},"canonical":"https:\/\/tourtravelandmore.com\/fr\/tours\/coree-du-sud-fr\/seoul-fr\/visite-privee-premium-de-la-dmz-et-du-pont-suspendu-ou-de-la-tour-n-copy-2\/","og_locale":"fr_FR","og_type":"article","og_title":"Visite gastronomique priv\u00e9e \u00e0 pied de S\u00e9oul","og_description":"Visite gastronomique priv\u00e9e \u00e0 pied de S\u00e9oul. Explorez ses rues gr\u00e2ce \u00e0 cette visite priv\u00e9e d'une journ\u00e9e compl\u00e8te avec un guide et un v\u00e9hicule priv\u00e9.","og_url":"https:\/\/tourtravelandmore.com\/fr\/tours\/coree-du-sud-fr\/seoul-fr\/visite-privee-premium-de-la-dmz-et-du-pont-suspendu-ou-de-la-tour-n-copy-2\/","og_site_name":"Tour Travel And More","article_publisher":"https:\/\/www.facebook.com\/tourtravelandmore\/","article_modified_time":"2025-07-04T13:29:27+00:00","og_image":[{"width":1280,"height":854,"url":"https:\/\/tourtravelandmore.com\/wp-content\/uploads\/2025\/07\/pexels-senuscape-728360-2313695-1.jpg","type":"image\/jpeg"}],"twitter_card":"summary_large_image","twitter_site":"@TourTravel_More","twitter_misc":{"Dur\u00e9e de lecture estim\u00e9e":"2 minutes"},"schema":{"@context":"https:\/\/schema.org","@graph":[{"@type":"WebPage","@id":"https:\/\/tourtravelandmore.com\/fr\/tours\/coree-du-sud-fr\/seoul-fr\/visite-privee-premium-de-la-dmz-et-du-pont-suspendu-ou-de-la-tour-n-copy-2\/","url":"https:\/\/tourtravelandmore.com\/fr\/tours\/coree-du-sud-fr\/seoul-fr\/visite-privee-premium-de-la-dmz-et-du-pont-suspendu-ou-de-la-tour-n-copy-2\/","name":"Visite gastronomique priv\u00e9e \u00e0 pied de S\u00e9oul","isPartOf":{"@id":"https:\/\/tourtravelandmore.com\/fr\/#website"},"primaryImageOfPage":{"@id":"https:\/\/tourtravelandmore.com\/fr\/tours\/coree-du-sud-fr\/seoul-fr\/visite-privee-premium-de-la-dmz-et-du-pont-suspendu-ou-de-la-tour-n-copy-2\/#primaryimage"},"image":{"@id":"https:\/\/tourtravelandmore.com\/fr\/tours\/coree-du-sud-fr\/seoul-fr\/visite-privee-premium-de-la-dmz-et-du-pont-suspendu-ou-de-la-tour-n-copy-2\/#primaryimage"},"thumbnailUrl":"https:\/\/tourtravelandmore.com\/wp-content\/uploads\/2025\/07\/pexels-senuscape-728360-2313695-1.jpg","datePublished":"2025-07-04T13:01:46+00:00","dateModified":"2025-07-04T13:29:27+00:00","description":"Visite gastronomique priv\u00e9e \u00e0 pied de S\u00e9oul. Explorez ses rues gr\u00e2ce \u00e0 cette visite priv\u00e9e d'une journ\u00e9e compl\u00e8te avec un guide et un v\u00e9hicule priv\u00e9.","breadcrumb":{"@id":"https:\/\/tourtravelandmore.com\/fr\/tours\/coree-du-sud-fr\/seoul-fr\/visite-privee-premium-de-la-dmz-et-du-pont-suspendu-ou-de-la-tour-n-copy-2\/#breadcrumb"},"inLanguage":"fr-FR","potentialAction":[{"@type":"ReadAction","target":["https:\/\/tourtravelandmore.com\/fr\/tours\/coree-du-sud-fr\/seoul-fr\/visite-privee-premium-de-la-dmz-et-du-pont-suspendu-ou-de-la-tour-n-copy-2\/"]}]},{"@type":"ImageObject","inLanguage":"fr-FR","@id":"https:\/\/tourtravelandmore.com\/fr\/tours\/coree-du-sud-fr\/seoul-fr\/visite-privee-premium-de-la-dmz-et-du-pont-suspendu-ou-de-la-tour-n-copy-2\/#primaryimage","url":"https:\/\/tourtravelandmore.com\/wp-content\/uploads\/2025\/07\/pexels-senuscape-728360-2313695-1.jpg","contentUrl":"https:\/\/tourtravelandmore.com\/wp-content\/uploads\/2025\/07\/pexels-senuscape-728360-2313695-1.jpg","width":1280,"height":854},{"@type":"BreadcrumbList","@id":"https:\/\/tourtravelandmore.com\/fr\/tours\/coree-du-sud-fr\/seoul-fr\/visite-privee-premium-de-la-dmz-et-du-pont-suspendu-ou-de-la-tour-n-copy-2\/#breadcrumb","itemListElement":[{"@type":"ListItem","position":1,"name":"Home","item":"https:\/\/tourtravelandmore.com\/fr\/"},{"@type":"ListItem","position":2,"name":"Tours","item":"https:\/\/tourtravelandmore.com\/fr\/tours\/"},{"@type":"ListItem","position":3,"name":"Visite gastronomique priv\u00e9e \u00e0 pied de S\u00e9oul"}]},{"@type":"WebSite","@id":"https:\/\/tourtravelandmore.com\/fr\/#website","url":"https:\/\/tourtravelandmore.com\/fr\/","name":"Tour Travel And More","description":"Private sightseeing tours and luxury transfers in Spain","publisher":{"@id":"https:\/\/tourtravelandmore.com\/fr\/#organization"},"potentialAction":[{"@type":"SearchAction","target":{"@type":"EntryPoint","urlTemplate":"https:\/\/tourtravelandmore.com\/fr\/?s={search_term_string}"},"query-input":{"@type":"PropertyValueSpecification","valueRequired":true,"valueName":"search_term_string"}}],"inLanguage":"fr-FR"},{"@type":"Organization","@id":"https:\/\/tourtravelandmore.com\/fr\/#organization","name":"Tour Travel And More","url":"https:\/\/tourtravelandmore.com\/fr\/","logo":{"@type":"ImageObject","inLanguage":"fr-FR","@id":"https:\/\/tourtravelandmore.com\/fr\/#\/schema\/logo\/image\/","url":"https:\/\/tourtravelandmore.com\/wp-content\/uploads\/2022\/12\/cropped-logo-cabecera-new.png","contentUrl":"https:\/\/tourtravelandmore.com\/wp-content\/uploads\/2022\/12\/cropped-logo-cabecera-new.png","width":430,"height":61,"caption":"Tour Travel And More"},"image":{"@id":"https:\/\/tourtravelandmore.com\/fr\/#\/schema\/logo\/image\/"},"sameAs":["https:\/\/www.facebook.com\/tourtravelandmore\/","https:\/\/x.com\/TourTravel_More"]}]}},"_links":{"self":[{"href":"https:\/\/tourtravelandmore.com\/fr\/wp-json\/wp\/v2\/product\/184914","targetHints":{"allow":["GET"]}}],"collection":[{"href":"https:\/\/tourtravelandmore.com\/fr\/wp-json\/wp\/v2\/product"}],"about":[{"href":"https:\/\/tourtravelandmore.com\/fr\/wp-json\/wp\/v2\/types\/product"}],"replies":[{"embeddable":true,"href":"https:\/\/tourtravelandmore.com\/fr\/wp-json\/wp\/v2\/comments?post=184914"}],"wp:featuredmedia":[{"embeddable":true,"href":"https:\/\/tourtravelandmore.com\/fr\/wp-json\/wp\/v2\/media\/184926"}],"wp:attachment":[{"href":"https:\/\/tourtravelandmore.com\/fr\/wp-json\/wp\/v2\/media?parent=184914"}],"wp:term":[{"taxonomy":"product_brand","embeddable":true,"href":"https:\/\/tourtravelandmore.com\/fr\/wp-json\/wp\/v2\/product_brand?post=184914"},{"taxonomy":"product_cat","embeddable":true,"href":"https:\/\/tourtravelandmore.com\/fr\/wp-json\/wp\/v2\/product_cat?post=184914"},{"taxonomy":"product_tag","embeddable":true,"href":"https:\/\/tourtravelandmore.com\/fr\/wp-json\/wp\/v2\/product_tag?post=184914"}],"curies":[{"name":"wp","href":"https:\/\/api.w.org\/{rel}","templated":true}]}}