{"id":184869,"date":"2025-07-02T20:15:21","date_gmt":"2025-07-02T18:15:24","guid":{"rendered":"https:\/\/tourtravelandmore.com\/?post_type=product&#038;p=184869"},"modified":"2025-07-02T20:47:56","modified_gmt":"2025-07-02T18:47:56","slug":"visite-privee-premium-de-la-dmz-et-du-pont-suspendu-ou-de-la-tour-n-copy","status":"publish","type":"product","link":"https:\/\/tourtravelandmore.com\/fr\/tours\/coree-du-sud-fr\/seoul-fr\/visite-privee-premium-de-la-dmz-et-du-pont-suspendu-ou-de-la-tour-n-copy\/","title":{"rendered":"Excursion Priv\u00e9e \u00e0 l&#8217;\u00eele de Nami et au Jardin du Matin Calme"},"content":{"rendered":"<h3><b><strong>Description<\/strong><\/b><\/h3>\n<p>\u00c9chappez au rythme effr\u00e9n\u00e9 de S\u00e9oul gr\u00e2ce \u00e0 cette excursion priv\u00e9e d&#8217;une journ\u00e9e \u00e0 l&#8217;\u00eele de Nami et au Jardin du Matin Calme. Cette exp\u00e9rience d&#8217;une journ\u00e9e compl\u00e8te allie nature paisible, tradition cor\u00e9enne et paysages romantiques, le tout \u00e0 quelques minutes en voiture de la capitale. Avec votre propre v\u00e9hicule avec chauffeur et un guide expert, vous profiterez d&#8217;une exploration d\u00e9tendue et immersive de deux des joyaux naturels les plus appr\u00e9ci\u00e9s de Cor\u00e9e.<\/p>\n<p>Commencez par les charmants sentiers bord\u00e9s d&#8217;arbres de l&#8217;\u00eele de Nami, c\u00e9l\u00e8bre pour ses paysages pittoresques et son charme culturel. Poursuivez ensuite votre voyage vers le Jardin du matin calme, o\u00f9 des jardins th\u00e9matiques et des compositions florales cr\u00e9ent une atmosph\u00e8re de s\u00e9r\u00e9nit\u00e9 et d&#8217;inspiration. Tout au long de la journ\u00e9e, votre guide vous fera d\u00e9couvrir des anecdotes locales et des d\u00e9tails cach\u00e9s, vous garantissant une exp\u00e9rience enrichissante et captivante.<\/p>\n<p>Cette excursion priv\u00e9e d&#8217;une journ\u00e9e \u00e0 l&#8217;\u00eele de Nami est id\u00e9ale pour les couples, les familles ou toute personne souhaitant d\u00e9couvrir la beaut\u00e9 naturelle de la Cor\u00e9e sans la foule ni la contrainte du temps.<\/p>\n<h3><b><strong>Points forts<\/strong><\/b><\/h3>\n<ul>\n<li><b>\u00cele de Nami<\/b>Promenez-vous dans les avenues bord\u00e9es d&#8217;arbres embl\u00e9matiques et les all\u00e9es pittoresques qui ont servi de d\u00e9cor \u00e0 d&#8217;innombrables s\u00e9ries t\u00e9l\u00e9vis\u00e9es cor\u00e9ennes. Son atmosph\u00e8re paisible et sa beaut\u00e9 naturelle en font une destination de choix pr\u00e8s de S\u00e9oul.<\/li>\n<li><b>Jardin du matin calme<\/b>Explorez l&#8217;un des plus anciens jardins priv\u00e9s de Cor\u00e9e, avec plus de vingt zones th\u00e9matiques alliant horticulture, art et esth\u00e9tique cor\u00e9enne. Chaque saison offre un nouveau spectacle de couleurs et de parfums.<\/li>\n<li><b>Voyage sans souci<\/b>Votre v\u00e9hicule personnel vous garantit un trajet fluide et confortable. De la prise en charge \u00e0 l&#8217;h\u00f4tel aux routes panoramiques de campagne, chaque instant est pris en charge avec soin et commodit\u00e9.<\/li>\n<li><b>Guide local expert<\/b>D\u00e9couvrez la signification culturelle et l&#8217;histoire des sites que vous visitez. Votre guide vous racontera des anecdotes et vous donnera des informations contextuelles qui vous permettront d&#8217;appr\u00e9cier encore davantage la beaut\u00e9 des lieux.<\/li>\n<li><b>Itin\u00e9raire flexible<\/b>Vous pr\u00e9f\u00e9rez passer plus de temps dans les jardins ou prendre un d\u00e9jeuner tranquille au bord de la rivi\u00e8re ? Cette excursion s&#8217;adapte \u00e0 votre rythme et \u00e0 vos centres d&#8217;int\u00e9r\u00eat.<\/li>\n<li><b>\u00c9vadez-vous de la ville avec \u00e9l\u00e9gance<\/b>D\u00e9couvrez la campagne cor\u00e9enne dans un cadre raffin\u00e9 et priv\u00e9, sans foule, sans pr\u00e9cipitation et sans stress.<\/li>\n<\/ul>\n<p>D\u00e9couvrez d&#8217;autres excursions d&#8217;une journ\u00e9e dans la nature au d\u00e9part de S\u00e9oul gr\u00e2ce \u00e0 nos exp\u00e9riences priv\u00e9es sur mesure.<\/p>\n<p>Pour obtenir des informations officielles sur l&#8217;\u00eele de Nami ou le <a href=\"http:\/\/morningcalm.co.kr\/\">Jardin du matin calme<\/a>, vous pouvez consulter leurs sites web respectifs.<\/p>\n<p>Cette excursion priv\u00e9e d&#8217;une journ\u00e9e \u00e0 l&#8217;\u00eele de Nami et au Jardin du matin calme est une fa\u00e7on douce et inoubliable de d\u00e9couvrir la beaut\u00e9 saisonni\u00e8re de la Cor\u00e9e. Des fleurs printani\u00e8res aux couleurs vives au feuillage automnal, les paysages changent avec le temps, offrant quelque chose de nouveau \u00e0 chaque visite. Laissez-nous nous occuper des d\u00e9tails pendant que vous renouez avec la nature, la culture et le calme.<\/p>\n","protected":false},"excerpt":{"rendered":"<p>\u00c9chappez au rythme effr\u00e9n\u00e9 de S\u00e9oul gr\u00e2ce \u00e0 cette excursion priv\u00e9e d&#8217;une journ\u00e9e \u00e0 l&#8217;\u00eele de Nami et au Jardin du Matin Calme. Cette exp\u00e9rience d&#8217;une journ\u00e9e compl\u00e8te allie nature paisible, tradition cor\u00e9enne et paysages romantiques, le tout \u00e0 quelques minutes en voiture de la capitale. Avec votre propre v\u00e9hicule avec chauffeur et un guide expert, vous profiterez d&#8217;une exploration d\u00e9tendue et immersive de deux des joyaux naturels les plus appr\u00e9ci\u00e9s de Cor\u00e9e.<\/p>\n","protected":false},"featured_media":184881,"comment_status":"open","ping_status":"closed","template":"","meta":{"_acf_changed":false},"product_brand":[],"product_cat":[5554,5553,5544],"product_tag":[],"class_list":{"0":"post-184869","1":"product","2":"type-product","3":"status-publish","4":"has-post-thumbnail","6":"product_cat-all-private-tours-fr-9","7":"product_cat-coree-du-sud-fr","8":"product_cat-seoul-fr","10":"first","11":"instock","12":"shipping-taxable","13":"purchasable","14":"product-type-simple"},"acf":[],"yoast_head":"<!-- This site is optimized with the Yoast SEO Premium plugin v25.3.1 (Yoast SEO v25.3.1) - https:\/\/yoast.com\/wordpress\/plugins\/seo\/ -->\n<title>Excursion Priv\u00e9e \u00e0 l&#039;\u00eele de Nami et au Jardin du Matin Calme<\/title>\n<meta name=\"description\" content=\"Excursion Priv\u00e9e \u00e0 l&#039;\u00eele de Nami et au Jardin du Matin Calme. Explorez ses rues gr\u00e2ce \u00e0 cette visite priv\u00e9e d&#039;une journ\u00e9e compl\u00e8te avec un guide et un v\u00e9hicule priv\u00e9.\" \/>\n<meta name=\"robots\" content=\"index, follow, max-snippet:-1, max-image-preview:large, max-video-preview:-1\" \/>\n<link rel=\"canonical\" href=\"https:\/\/tourtravelandmore.com\/fr\/tours\/coree-du-sud-fr\/seoul-fr\/visite-privee-premium-de-la-dmz-et-du-pont-suspendu-ou-de-la-tour-n-copy\/\" \/>\n<meta property=\"og:locale\" content=\"fr_FR\" \/>\n<meta property=\"og:type\" content=\"article\" \/>\n<meta property=\"og:title\" content=\"Excursion Priv\u00e9e \u00e0 l&#039;\u00eele de Nami et au Jardin du Matin Calme\" \/>\n<meta property=\"og:description\" content=\"Excursion Priv\u00e9e \u00e0 l&#039;\u00eele de Nami et au Jardin du Matin Calme. Explorez ses rues gr\u00e2ce \u00e0 cette visite priv\u00e9e d&#039;une journ\u00e9e compl\u00e8te avec un guide et un v\u00e9hicule priv\u00e9.\" \/>\n<meta property=\"og:url\" content=\"https:\/\/tourtravelandmore.com\/fr\/tours\/coree-du-sud-fr\/seoul-fr\/visite-privee-premium-de-la-dmz-et-du-pont-suspendu-ou-de-la-tour-n-copy\/\" \/>\n<meta property=\"og:site_name\" content=\"Tour Travel And More\" \/>\n<meta property=\"article:publisher\" content=\"https:\/\/www.facebook.com\/tourtravelandmore\/\" \/>\n<meta property=\"article:modified_time\" content=\"2025-07-02T18:47:56+00:00\" \/>\n<meta property=\"og:image\" content=\"https:\/\/tourtravelandmore.com\/wp-content\/uploads\/2025\/07\/pexels-marius-mann-772581-1637783.jpg\" \/>\n\t<meta property=\"og:image:width\" content=\"1280\" \/>\n\t<meta property=\"og:image:height\" content=\"960\" \/>\n\t<meta property=\"og:image:type\" content=\"image\/jpeg\" \/>\n<meta name=\"twitter:card\" content=\"summary_large_image\" \/>\n<meta name=\"twitter:site\" content=\"@TourTravel_More\" \/>\n<meta name=\"twitter:label1\" content=\"Dur\u00e9e de lecture estim\u00e9e\" \/>\n\t<meta name=\"twitter:data1\" content=\"3 minutes\" \/>\n<script type=\"application\/ld+json\" class=\"yoast-schema-graph\">{\"@context\":\"https:\/\/schema.org\",\"@graph\":[{\"@type\":\"WebPage\",\"@id\":\"https:\/\/tourtravelandmore.com\/fr\/tours\/coree-du-sud-fr\/seoul-fr\/visite-privee-premium-de-la-dmz-et-du-pont-suspendu-ou-de-la-tour-n-copy\/\",\"url\":\"https:\/\/tourtravelandmore.com\/fr\/tours\/coree-du-sud-fr\/seoul-fr\/visite-privee-premium-de-la-dmz-et-du-pont-suspendu-ou-de-la-tour-n-copy\/\",\"name\":\"Excursion Priv\u00e9e \u00e0 l'\u00eele de Nami et au Jardin du Matin Calme\",\"isPartOf\":{\"@id\":\"https:\/\/tourtravelandmore.com\/fr\/#website\"},\"primaryImageOfPage\":{\"@id\":\"https:\/\/tourtravelandmore.com\/fr\/tours\/coree-du-sud-fr\/seoul-fr\/visite-privee-premium-de-la-dmz-et-du-pont-suspendu-ou-de-la-tour-n-copy\/#primaryimage\"},\"image\":{\"@id\":\"https:\/\/tourtravelandmore.com\/fr\/tours\/coree-du-sud-fr\/seoul-fr\/visite-privee-premium-de-la-dmz-et-du-pont-suspendu-ou-de-la-tour-n-copy\/#primaryimage\"},\"thumbnailUrl\":\"https:\/\/tourtravelandmore.com\/wp-content\/uploads\/2025\/07\/pexels-marius-mann-772581-1637783.jpg\",\"datePublished\":\"2025-07-02T18:15:24+00:00\",\"dateModified\":\"2025-07-02T18:47:56+00:00\",\"description\":\"Excursion Priv\u00e9e \u00e0 l'\u00eele de Nami et au Jardin du Matin Calme. Explorez ses rues gr\u00e2ce \u00e0 cette visite priv\u00e9e d'une journ\u00e9e compl\u00e8te avec un guide et un v\u00e9hicule priv\u00e9.\",\"breadcrumb\":{\"@id\":\"https:\/\/tourtravelandmore.com\/fr\/tours\/coree-du-sud-fr\/seoul-fr\/visite-privee-premium-de-la-dmz-et-du-pont-suspendu-ou-de-la-tour-n-copy\/#breadcrumb\"},\"inLanguage\":\"fr-FR\",\"potentialAction\":[{\"@type\":\"ReadAction\",\"target\":[\"https:\/\/tourtravelandmore.com\/fr\/tours\/coree-du-sud-fr\/seoul-fr\/visite-privee-premium-de-la-dmz-et-du-pont-suspendu-ou-de-la-tour-n-copy\/\"]}]},{\"@type\":\"ImageObject\",\"inLanguage\":\"fr-FR\",\"@id\":\"https:\/\/tourtravelandmore.com\/fr\/tours\/coree-du-sud-fr\/seoul-fr\/visite-privee-premium-de-la-dmz-et-du-pont-suspendu-ou-de-la-tour-n-copy\/#primaryimage\",\"url\":\"https:\/\/tourtravelandmore.com\/wp-content\/uploads\/2025\/07\/pexels-marius-mann-772581-1637783.jpg\",\"contentUrl\":\"https:\/\/tourtravelandmore.com\/wp-content\/uploads\/2025\/07\/pexels-marius-mann-772581-1637783.jpg\",\"width\":1280,\"height\":960},{\"@type\":\"BreadcrumbList\",\"@id\":\"https:\/\/tourtravelandmore.com\/fr\/tours\/coree-du-sud-fr\/seoul-fr\/visite-privee-premium-de-la-dmz-et-du-pont-suspendu-ou-de-la-tour-n-copy\/#breadcrumb\",\"itemListElement\":[{\"@type\":\"ListItem\",\"position\":1,\"name\":\"Home\",\"item\":\"https:\/\/tourtravelandmore.com\/fr\/\"},{\"@type\":\"ListItem\",\"position\":2,\"name\":\"Tours\",\"item\":\"https:\/\/tourtravelandmore.com\/fr\/tours\/\"},{\"@type\":\"ListItem\",\"position\":3,\"name\":\"Excursion Priv\u00e9e \u00e0 l&#8217;\u00eele de Nami et au Jardin du Matin Calme\"}]},{\"@type\":\"WebSite\",\"@id\":\"https:\/\/tourtravelandmore.com\/fr\/#website\",\"url\":\"https:\/\/tourtravelandmore.com\/fr\/\",\"name\":\"Tour Travel And More\",\"description\":\"Private sightseeing tours and luxury transfers in Spain\",\"publisher\":{\"@id\":\"https:\/\/tourtravelandmore.com\/fr\/#organization\"},\"potentialAction\":[{\"@type\":\"SearchAction\",\"target\":{\"@type\":\"EntryPoint\",\"urlTemplate\":\"https:\/\/tourtravelandmore.com\/fr\/?s={search_term_string}\"},\"query-input\":{\"@type\":\"PropertyValueSpecification\",\"valueRequired\":true,\"valueName\":\"search_term_string\"}}],\"inLanguage\":\"fr-FR\"},{\"@type\":\"Organization\",\"@id\":\"https:\/\/tourtravelandmore.com\/fr\/#organization\",\"name\":\"Tour Travel And More\",\"url\":\"https:\/\/tourtravelandmore.com\/fr\/\",\"logo\":{\"@type\":\"ImageObject\",\"inLanguage\":\"fr-FR\",\"@id\":\"https:\/\/tourtravelandmore.com\/fr\/#\/schema\/logo\/image\/\",\"url\":\"https:\/\/tourtravelandmore.com\/wp-content\/uploads\/2022\/12\/cropped-logo-cabecera-new.png\",\"contentUrl\":\"https:\/\/tourtravelandmore.com\/wp-content\/uploads\/2022\/12\/cropped-logo-cabecera-new.png\",\"width\":430,\"height\":61,\"caption\":\"Tour Travel And More\"},\"image\":{\"@id\":\"https:\/\/tourtravelandmore.com\/fr\/#\/schema\/logo\/image\/\"},\"sameAs\":[\"https:\/\/www.facebook.com\/tourtravelandmore\/\",\"https:\/\/x.com\/TourTravel_More\"]}]}<\/script>\n<!-- \/ Yoast SEO Premium plugin. -->","yoast_head_json":{"title":"Excursion Priv\u00e9e \u00e0 l'\u00eele de Nami et au Jardin du Matin Calme","description":"Excursion Priv\u00e9e \u00e0 l'\u00eele de Nami et au Jardin du Matin Calme. Explorez ses rues gr\u00e2ce \u00e0 cette visite priv\u00e9e d'une journ\u00e9e compl\u00e8te avec un guide et un v\u00e9hicule priv\u00e9.","robots":{"index":"index","follow":"follow","max-snippet":"max-snippet:-1","max-image-preview":"max-image-preview:large","max-video-preview":"max-video-preview:-1"},"canonical":"https:\/\/tourtravelandmore.com\/fr\/tours\/coree-du-sud-fr\/seoul-fr\/visite-privee-premium-de-la-dmz-et-du-pont-suspendu-ou-de-la-tour-n-copy\/","og_locale":"fr_FR","og_type":"article","og_title":"Excursion Priv\u00e9e \u00e0 l'\u00eele de Nami et au Jardin du Matin Calme","og_description":"Excursion Priv\u00e9e \u00e0 l'\u00eele de Nami et au Jardin du Matin Calme. Explorez ses rues gr\u00e2ce \u00e0 cette visite priv\u00e9e d'une journ\u00e9e compl\u00e8te avec un guide et un v\u00e9hicule priv\u00e9.","og_url":"https:\/\/tourtravelandmore.com\/fr\/tours\/coree-du-sud-fr\/seoul-fr\/visite-privee-premium-de-la-dmz-et-du-pont-suspendu-ou-de-la-tour-n-copy\/","og_site_name":"Tour Travel And More","article_publisher":"https:\/\/www.facebook.com\/tourtravelandmore\/","article_modified_time":"2025-07-02T18:47:56+00:00","og_image":[{"width":1280,"height":960,"url":"https:\/\/tourtravelandmore.com\/wp-content\/uploads\/2025\/07\/pexels-marius-mann-772581-1637783.jpg","type":"image\/jpeg"}],"twitter_card":"summary_large_image","twitter_site":"@TourTravel_More","twitter_misc":{"Dur\u00e9e de lecture estim\u00e9e":"3 minutes"},"schema":{"@context":"https:\/\/schema.org","@graph":[{"@type":"WebPage","@id":"https:\/\/tourtravelandmore.com\/fr\/tours\/coree-du-sud-fr\/seoul-fr\/visite-privee-premium-de-la-dmz-et-du-pont-suspendu-ou-de-la-tour-n-copy\/","url":"https:\/\/tourtravelandmore.com\/fr\/tours\/coree-du-sud-fr\/seoul-fr\/visite-privee-premium-de-la-dmz-et-du-pont-suspendu-ou-de-la-tour-n-copy\/","name":"Excursion Priv\u00e9e \u00e0 l'\u00eele de Nami et au Jardin du Matin Calme","isPartOf":{"@id":"https:\/\/tourtravelandmore.com\/fr\/#website"},"primaryImageOfPage":{"@id":"https:\/\/tourtravelandmore.com\/fr\/tours\/coree-du-sud-fr\/seoul-fr\/visite-privee-premium-de-la-dmz-et-du-pont-suspendu-ou-de-la-tour-n-copy\/#primaryimage"},"image":{"@id":"https:\/\/tourtravelandmore.com\/fr\/tours\/coree-du-sud-fr\/seoul-fr\/visite-privee-premium-de-la-dmz-et-du-pont-suspendu-ou-de-la-tour-n-copy\/#primaryimage"},"thumbnailUrl":"https:\/\/tourtravelandmore.com\/wp-content\/uploads\/2025\/07\/pexels-marius-mann-772581-1637783.jpg","datePublished":"2025-07-02T18:15:24+00:00","dateModified":"2025-07-02T18:47:56+00:00","description":"Excursion Priv\u00e9e \u00e0 l'\u00eele de Nami et au Jardin du Matin Calme. Explorez ses rues gr\u00e2ce \u00e0 cette visite priv\u00e9e d'une journ\u00e9e compl\u00e8te avec un guide et un v\u00e9hicule priv\u00e9.","breadcrumb":{"@id":"https:\/\/tourtravelandmore.com\/fr\/tours\/coree-du-sud-fr\/seoul-fr\/visite-privee-premium-de-la-dmz-et-du-pont-suspendu-ou-de-la-tour-n-copy\/#breadcrumb"},"inLanguage":"fr-FR","potentialAction":[{"@type":"ReadAction","target":["https:\/\/tourtravelandmore.com\/fr\/tours\/coree-du-sud-fr\/seoul-fr\/visite-privee-premium-de-la-dmz-et-du-pont-suspendu-ou-de-la-tour-n-copy\/"]}]},{"@type":"ImageObject","inLanguage":"fr-FR","@id":"https:\/\/tourtravelandmore.com\/fr\/tours\/coree-du-sud-fr\/seoul-fr\/visite-privee-premium-de-la-dmz-et-du-pont-suspendu-ou-de-la-tour-n-copy\/#primaryimage","url":"https:\/\/tourtravelandmore.com\/wp-content\/uploads\/2025\/07\/pexels-marius-mann-772581-1637783.jpg","contentUrl":"https:\/\/tourtravelandmore.com\/wp-content\/uploads\/2025\/07\/pexels-marius-mann-772581-1637783.jpg","width":1280,"height":960},{"@type":"BreadcrumbList","@id":"https:\/\/tourtravelandmore.com\/fr\/tours\/coree-du-sud-fr\/seoul-fr\/visite-privee-premium-de-la-dmz-et-du-pont-suspendu-ou-de-la-tour-n-copy\/#breadcrumb","itemListElement":[{"@type":"ListItem","position":1,"name":"Home","item":"https:\/\/tourtravelandmore.com\/fr\/"},{"@type":"ListItem","position":2,"name":"Tours","item":"https:\/\/tourtravelandmore.com\/fr\/tours\/"},{"@type":"ListItem","position":3,"name":"Excursion Priv\u00e9e \u00e0 l&#8217;\u00eele de Nami et au Jardin du Matin Calme"}]},{"@type":"WebSite","@id":"https:\/\/tourtravelandmore.com\/fr\/#website","url":"https:\/\/tourtravelandmore.com\/fr\/","name":"Tour Travel And More","description":"Private sightseeing tours and luxury transfers in Spain","publisher":{"@id":"https:\/\/tourtravelandmore.com\/fr\/#organization"},"potentialAction":[{"@type":"SearchAction","target":{"@type":"EntryPoint","urlTemplate":"https:\/\/tourtravelandmore.com\/fr\/?s={search_term_string}"},"query-input":{"@type":"PropertyValueSpecification","valueRequired":true,"valueName":"search_term_string"}}],"inLanguage":"fr-FR"},{"@type":"Organization","@id":"https:\/\/tourtravelandmore.com\/fr\/#organization","name":"Tour Travel And More","url":"https:\/\/tourtravelandmore.com\/fr\/","logo":{"@type":"ImageObject","inLanguage":"fr-FR","@id":"https:\/\/tourtravelandmore.com\/fr\/#\/schema\/logo\/image\/","url":"https:\/\/tourtravelandmore.com\/wp-content\/uploads\/2022\/12\/cropped-logo-cabecera-new.png","contentUrl":"https:\/\/tourtravelandmore.com\/wp-content\/uploads\/2022\/12\/cropped-logo-cabecera-new.png","width":430,"height":61,"caption":"Tour Travel And More"},"image":{"@id":"https:\/\/tourtravelandmore.com\/fr\/#\/schema\/logo\/image\/"},"sameAs":["https:\/\/www.facebook.com\/tourtravelandmore\/","https:\/\/x.com\/TourTravel_More"]}]}},"_links":{"self":[{"href":"https:\/\/tourtravelandmore.com\/fr\/wp-json\/wp\/v2\/product\/184869","targetHints":{"allow":["GET"]}}],"collection":[{"href":"https:\/\/tourtravelandmore.com\/fr\/wp-json\/wp\/v2\/product"}],"about":[{"href":"https:\/\/tourtravelandmore.com\/fr\/wp-json\/wp\/v2\/types\/product"}],"replies":[{"embeddable":true,"href":"https:\/\/tourtravelandmore.com\/fr\/wp-json\/wp\/v2\/comments?post=184869"}],"wp:featuredmedia":[{"embeddable":true,"href":"https:\/\/tourtravelandmore.com\/fr\/wp-json\/wp\/v2\/media\/184881"}],"wp:attachment":[{"href":"https:\/\/tourtravelandmore.com\/fr\/wp-json\/wp\/v2\/media?parent=184869"}],"wp:term":[{"taxonomy":"product_brand","embeddable":true,"href":"https:\/\/tourtravelandmore.com\/fr\/wp-json\/wp\/v2\/product_brand?post=184869"},{"taxonomy":"product_cat","embeddable":true,"href":"https:\/\/tourtravelandmore.com\/fr\/wp-json\/wp\/v2\/product_cat?post=184869"},{"taxonomy":"product_tag","embeddable":true,"href":"https:\/\/tourtravelandmore.com\/fr\/wp-json\/wp\/v2\/product_tag?post=184869"}],"curies":[{"name":"wp","href":"https:\/\/api.w.org\/{rel}","templated":true}]}}