{"id":184841,"date":"2025-07-02T17:57:33","date_gmt":"2025-07-02T15:57:39","guid":{"rendered":"https:\/\/tourtravelandmore.com\/?post_type=product&#038;p=184841"},"modified":"2025-07-02T18:50:15","modified_gmt":"2025-07-02T16:50:15","slug":"visite-privee-de-dublin-copy-2","status":"publish","type":"product","link":"https:\/\/tourtravelandmore.com\/fr\/tours\/coree-du-sud-fr\/seoul-fr\/visite-privee-de-dublin-copy-2\/","title":{"rendered":"Visite priv\u00e9e premium de la DMZ et du pont suspendu ou de la tour N"},"content":{"rendered":"<h2><strong>Visite priv\u00e9e premium de la DMZ et du pont suspendu ou de la tour N | Description<\/strong><\/h2>\n<p>D\u00e9couvrez l&#8217;une des r\u00e9gions les plus uniques et les plus importantes au monde sur le plan historique gr\u00e2ce \u00e0 notre visite priv\u00e9e premium de la DMZ et du pont suspendu ou de la tour N. Cette excursion d&#8217;une journ\u00e9e compl\u00e8te combine des moments de r\u00e9flexion intense, des paysages naturels magnifiques et des vues panoramiques, le tout dans un circuit fluide au d\u00e9part de S\u00e9oul.<\/p>\n<p>Commencez votre journ\u00e9e en explorant la <b>zone d\u00e9militaris\u00e9e (DMZ)<\/b>, o\u00f9 la Cor\u00e9e du Nord et la Cor\u00e9e du Sud se rencontrent dans un \u00e9quilibre d\u00e9licat entre histoire et espoir. Avec votre guide priv\u00e9, d\u00e9couvrez de premi\u00e8re main des d\u00e9cennies de conflit et de diplomatie, une histoire qui se poursuit encore aujourd&#8217;hui. Plus tard, selon vos pr\u00e9f\u00e9rences, vous pourrez soit traverser un pont suspendu spectaculaire entour\u00e9 de paysages luxuriants, soit monter au sommet de la tour N <a href=\"https:\/\/es.wikipedia.org\/wiki\/Se%C3%BAl\">Seoul<\/a> pour profiter d&#8217;une vue imprenable sur la capitale.<\/p>\n<p>Toute la logistique est prise en charge : transport priv\u00e9, guide expert et entr\u00e9e \u00e0 toutes les attractions incluses. Que vous soyez passionn\u00e9 d&#8217;histoire, amoureux de la nature ou simplement curieux de d\u00e9couvrir le pass\u00e9 et le pr\u00e9sent de la Cor\u00e9e, cette exp\u00e9rience exclusive vous offrira des moments riches de sens et des souvenirs inoubliables.<\/p>\n<h2><strong>Points forts<\/strong><\/h2>\n<ul>\n<li><b>Parc Imjingak<\/b>Commencez votre voyage dans la DMZ ici, un site symbolique rempli de monuments comm\u00e9moratifs, de plateformes d&#8217;observation et d&#8217;espoir pour la r\u00e9unification.<\/li>\n<li><b>Pont de la Libert\u00e9 et troisi\u00e8me tunnel<\/b>Traversez une ancienne route militaire et descendez dans l&#8217;un des tunnels secrets autrefois utilis\u00e9s pour l&#8217;infiltration, une exp\u00e9rience \u00e0 la fois captivante et instructive.<\/li>\n<li><b>Observatoire Dora<\/b>Depuis ce point de vue, vous pourrez apercevoir la Cor\u00e9e du Nord, un spectacle rare. Par temps clair, vous pourrez voir le village de l&#8217;autre c\u00f4t\u00e9 de la fronti\u00e8re.<\/li>\n<li><b>Village de la r\u00e9unification<\/b>Explorez une ville rurale tranquille qui prosp\u00e8re juste au sud de la DMZ, contrastant avec le contexte politique tendu qui l&#8217;entoure.<\/li>\n<li><b>Pont suspendu (option 1)<\/b>Si vous pr\u00e9f\u00e9rez la nature, rendez-vous au lac Majang ou \u00e0 Gamaksan pour une promenade palpitante mais s\u00e9curis\u00e9e sur un pont suspendu pittoresque.<\/li>\n<li><b>Tour N Seoul (option 2)<\/b>Vous pr\u00e9f\u00e9rez un panorama urbain ? Montez au sommet du Namsan et profitez d&#8217;une vue imprenable \u00e0 360\u00b0 depuis l&#8217;une des tours les plus embl\u00e9matiques de S\u00e9oul.<\/li>\n<li><b>Itin\u00e9raire priv\u00e9 et flexible<\/b> Gr\u00e2ce \u00e0 un transport et \u00e0 un guide personnalis\u00e9s, vous d\u00e9cidez du rythme et des centres d&#8217;int\u00e9r\u00eat. La visite s&#8217;adapte \u00e0 vos envies et \u00e0 votre \u00e9nergie.<\/li>\n<\/ul>\n<p>Cette exp\u00e9rience Premium DMZ et S\u00e9oul allie r\u00e9flexion, beaut\u00e9 et d\u00e9couverte en une seule journ\u00e9e inoubliable. Chaque d\u00e9tail \u00e9tant soigneusement organis\u00e9, des billets au timing, vous profiterez d&#8217;un confort total tout en explorant les destinations les plus significatives de Cor\u00e9e. Profitez au maximum de votre s\u00e9jour \u00e0 S\u00e9oul avec un voyage instructif, inspirant et surprenant.<\/p>\n","protected":false},"excerpt":{"rendered":"<p>D\u00e9couvrez l&#8217;une des r\u00e9gions les plus uniques et les plus importantes au monde sur le plan historique gr\u00e2ce \u00e0 notre visite priv\u00e9e premium de la DMZ et du pont suspendu ou de la tour N. Cette excursion d&#8217;une journ\u00e9e compl\u00e8te combine des moments de r\u00e9flexion intense, des paysages naturels magnifiques et des vues panoramiques, le tout dans un circuit fluide au d\u00e9part de S\u00e9oul.<\/p>\n","protected":false},"featured_media":184823,"comment_status":"open","ping_status":"closed","template":"","meta":{"_acf_changed":false},"product_brand":[],"product_cat":[5554,5553,5544],"product_tag":[],"class_list":{"0":"post-184841","1":"product","2":"type-product","3":"status-publish","4":"has-post-thumbnail","6":"product_cat-all-private-tours-fr-9","7":"product_cat-coree-du-sud-fr","8":"product_cat-seoul-fr","10":"first","11":"instock","12":"shipping-taxable","13":"purchasable","14":"product-type-simple"},"acf":[],"yoast_head":"<!-- This site is optimized with the Yoast SEO Premium plugin v25.3.1 (Yoast SEO v25.3.1) - https:\/\/yoast.com\/wordpress\/plugins\/seo\/ -->\n<title>Visite priv\u00e9e premium de la DMZ et du pont suspendu ou de la tour N<\/title>\n<meta name=\"description\" content=\"Visite priv\u00e9e premium de la DMZ et du pont suspendu ou de la tour N. Explorez ses rues gr\u00e2ce \u00e0 cette visite priv\u00e9e d&#039;une journ\u00e9e compl\u00e8te avec un guide et un v\u00e9hicule priv\u00e9.\" \/>\n<meta name=\"robots\" content=\"index, follow, max-snippet:-1, max-image-preview:large, max-video-preview:-1\" \/>\n<link rel=\"canonical\" href=\"https:\/\/tourtravelandmore.com\/fr\/tours\/coree-du-sud-fr\/seoul-fr\/visite-privee-de-dublin-copy-2\/\" \/>\n<meta property=\"og:locale\" content=\"fr_FR\" \/>\n<meta property=\"og:type\" content=\"article\" \/>\n<meta property=\"og:title\" content=\"Visite priv\u00e9e premium de la DMZ et du pont suspendu ou de la tour N\" \/>\n<meta property=\"og:description\" content=\"Visite priv\u00e9e premium de la DMZ et du pont suspendu ou de la tour N. Explorez ses rues gr\u00e2ce \u00e0 cette visite priv\u00e9e d&#039;une journ\u00e9e compl\u00e8te avec un guide et un v\u00e9hicule priv\u00e9.\" \/>\n<meta property=\"og:url\" content=\"https:\/\/tourtravelandmore.com\/fr\/tours\/coree-du-sud-fr\/seoul-fr\/visite-privee-de-dublin-copy-2\/\" \/>\n<meta property=\"og:site_name\" content=\"Tour Travel And More\" \/>\n<meta property=\"article:publisher\" content=\"https:\/\/www.facebook.com\/tourtravelandmore\/\" \/>\n<meta property=\"article:modified_time\" content=\"2025-07-02T16:50:15+00:00\" \/>\n<meta property=\"og:image\" content=\"https:\/\/tourtravelandmore.com\/wp-content\/uploads\/2025\/07\/pexels-pixabay-237211.jpg\" \/>\n\t<meta property=\"og:image:width\" content=\"1280\" \/>\n\t<meta property=\"og:image:height\" content=\"853\" \/>\n\t<meta property=\"og:image:type\" content=\"image\/jpeg\" \/>\n<meta name=\"twitter:card\" content=\"summary_large_image\" \/>\n<meta name=\"twitter:site\" content=\"@TourTravel_More\" \/>\n<meta name=\"twitter:label1\" content=\"Dur\u00e9e de lecture estim\u00e9e\" \/>\n\t<meta name=\"twitter:data1\" content=\"3 minutes\" \/>\n<script type=\"application\/ld+json\" class=\"yoast-schema-graph\">{\"@context\":\"https:\/\/schema.org\",\"@graph\":[{\"@type\":\"WebPage\",\"@id\":\"https:\/\/tourtravelandmore.com\/fr\/tours\/coree-du-sud-fr\/seoul-fr\/visite-privee-de-dublin-copy-2\/\",\"url\":\"https:\/\/tourtravelandmore.com\/fr\/tours\/coree-du-sud-fr\/seoul-fr\/visite-privee-de-dublin-copy-2\/\",\"name\":\"Visite priv\u00e9e premium de la DMZ et du pont suspendu ou de la tour N\",\"isPartOf\":{\"@id\":\"https:\/\/tourtravelandmore.com\/fr\/#website\"},\"primaryImageOfPage\":{\"@id\":\"https:\/\/tourtravelandmore.com\/fr\/tours\/coree-du-sud-fr\/seoul-fr\/visite-privee-de-dublin-copy-2\/#primaryimage\"},\"image\":{\"@id\":\"https:\/\/tourtravelandmore.com\/fr\/tours\/coree-du-sud-fr\/seoul-fr\/visite-privee-de-dublin-copy-2\/#primaryimage\"},\"thumbnailUrl\":\"https:\/\/tourtravelandmore.com\/wp-content\/uploads\/2025\/07\/pexels-pixabay-237211.jpg\",\"datePublished\":\"2025-07-02T15:57:39+00:00\",\"dateModified\":\"2025-07-02T16:50:15+00:00\",\"description\":\"Visite priv\u00e9e premium de la DMZ et du pont suspendu ou de la tour N. Explorez ses rues gr\u00e2ce \u00e0 cette visite priv\u00e9e d'une journ\u00e9e compl\u00e8te avec un guide et un v\u00e9hicule priv\u00e9.\",\"breadcrumb\":{\"@id\":\"https:\/\/tourtravelandmore.com\/fr\/tours\/coree-du-sud-fr\/seoul-fr\/visite-privee-de-dublin-copy-2\/#breadcrumb\"},\"inLanguage\":\"fr-FR\",\"potentialAction\":[{\"@type\":\"ReadAction\",\"target\":[\"https:\/\/tourtravelandmore.com\/fr\/tours\/coree-du-sud-fr\/seoul-fr\/visite-privee-de-dublin-copy-2\/\"]}]},{\"@type\":\"ImageObject\",\"inLanguage\":\"fr-FR\",\"@id\":\"https:\/\/tourtravelandmore.com\/fr\/tours\/coree-du-sud-fr\/seoul-fr\/visite-privee-de-dublin-copy-2\/#primaryimage\",\"url\":\"https:\/\/tourtravelandmore.com\/wp-content\/uploads\/2025\/07\/pexels-pixabay-237211.jpg\",\"contentUrl\":\"https:\/\/tourtravelandmore.com\/wp-content\/uploads\/2025\/07\/pexels-pixabay-237211.jpg\",\"width\":1280,\"height\":853},{\"@type\":\"BreadcrumbList\",\"@id\":\"https:\/\/tourtravelandmore.com\/fr\/tours\/coree-du-sud-fr\/seoul-fr\/visite-privee-de-dublin-copy-2\/#breadcrumb\",\"itemListElement\":[{\"@type\":\"ListItem\",\"position\":1,\"name\":\"Home\",\"item\":\"https:\/\/tourtravelandmore.com\/fr\/\"},{\"@type\":\"ListItem\",\"position\":2,\"name\":\"Tours\",\"item\":\"https:\/\/tourtravelandmore.com\/fr\/tours\/\"},{\"@type\":\"ListItem\",\"position\":3,\"name\":\"Visite priv\u00e9e premium de la DMZ et du pont suspendu ou de la tour N\"}]},{\"@type\":\"WebSite\",\"@id\":\"https:\/\/tourtravelandmore.com\/fr\/#website\",\"url\":\"https:\/\/tourtravelandmore.com\/fr\/\",\"name\":\"Tour Travel And More\",\"description\":\"Private sightseeing tours and luxury transfers in Spain\",\"publisher\":{\"@id\":\"https:\/\/tourtravelandmore.com\/fr\/#organization\"},\"potentialAction\":[{\"@type\":\"SearchAction\",\"target\":{\"@type\":\"EntryPoint\",\"urlTemplate\":\"https:\/\/tourtravelandmore.com\/fr\/?s={search_term_string}\"},\"query-input\":{\"@type\":\"PropertyValueSpecification\",\"valueRequired\":true,\"valueName\":\"search_term_string\"}}],\"inLanguage\":\"fr-FR\"},{\"@type\":\"Organization\",\"@id\":\"https:\/\/tourtravelandmore.com\/fr\/#organization\",\"name\":\"Tour Travel And More\",\"url\":\"https:\/\/tourtravelandmore.com\/fr\/\",\"logo\":{\"@type\":\"ImageObject\",\"inLanguage\":\"fr-FR\",\"@id\":\"https:\/\/tourtravelandmore.com\/fr\/#\/schema\/logo\/image\/\",\"url\":\"https:\/\/tourtravelandmore.com\/wp-content\/uploads\/2022\/12\/cropped-logo-cabecera-new.png\",\"contentUrl\":\"https:\/\/tourtravelandmore.com\/wp-content\/uploads\/2022\/12\/cropped-logo-cabecera-new.png\",\"width\":430,\"height\":61,\"caption\":\"Tour Travel And More\"},\"image\":{\"@id\":\"https:\/\/tourtravelandmore.com\/fr\/#\/schema\/logo\/image\/\"},\"sameAs\":[\"https:\/\/www.facebook.com\/tourtravelandmore\/\",\"https:\/\/x.com\/TourTravel_More\"]}]}<\/script>\n<!-- \/ Yoast SEO Premium plugin. -->","yoast_head_json":{"title":"Visite priv\u00e9e premium de la DMZ et du pont suspendu ou de la tour N","description":"Visite priv\u00e9e premium de la DMZ et du pont suspendu ou de la tour N. Explorez ses rues gr\u00e2ce \u00e0 cette visite priv\u00e9e d'une journ\u00e9e compl\u00e8te avec un guide et un v\u00e9hicule priv\u00e9.","robots":{"index":"index","follow":"follow","max-snippet":"max-snippet:-1","max-image-preview":"max-image-preview:large","max-video-preview":"max-video-preview:-1"},"canonical":"https:\/\/tourtravelandmore.com\/fr\/tours\/coree-du-sud-fr\/seoul-fr\/visite-privee-de-dublin-copy-2\/","og_locale":"fr_FR","og_type":"article","og_title":"Visite priv\u00e9e premium de la DMZ et du pont suspendu ou de la tour N","og_description":"Visite priv\u00e9e premium de la DMZ et du pont suspendu ou de la tour N. Explorez ses rues gr\u00e2ce \u00e0 cette visite priv\u00e9e d'une journ\u00e9e compl\u00e8te avec un guide et un v\u00e9hicule priv\u00e9.","og_url":"https:\/\/tourtravelandmore.com\/fr\/tours\/coree-du-sud-fr\/seoul-fr\/visite-privee-de-dublin-copy-2\/","og_site_name":"Tour Travel And More","article_publisher":"https:\/\/www.facebook.com\/tourtravelandmore\/","article_modified_time":"2025-07-02T16:50:15+00:00","og_image":[{"width":1280,"height":853,"url":"https:\/\/tourtravelandmore.com\/wp-content\/uploads\/2025\/07\/pexels-pixabay-237211.jpg","type":"image\/jpeg"}],"twitter_card":"summary_large_image","twitter_site":"@TourTravel_More","twitter_misc":{"Dur\u00e9e de lecture estim\u00e9e":"3 minutes"},"schema":{"@context":"https:\/\/schema.org","@graph":[{"@type":"WebPage","@id":"https:\/\/tourtravelandmore.com\/fr\/tours\/coree-du-sud-fr\/seoul-fr\/visite-privee-de-dublin-copy-2\/","url":"https:\/\/tourtravelandmore.com\/fr\/tours\/coree-du-sud-fr\/seoul-fr\/visite-privee-de-dublin-copy-2\/","name":"Visite priv\u00e9e premium de la DMZ et du pont suspendu ou de la tour N","isPartOf":{"@id":"https:\/\/tourtravelandmore.com\/fr\/#website"},"primaryImageOfPage":{"@id":"https:\/\/tourtravelandmore.com\/fr\/tours\/coree-du-sud-fr\/seoul-fr\/visite-privee-de-dublin-copy-2\/#primaryimage"},"image":{"@id":"https:\/\/tourtravelandmore.com\/fr\/tours\/coree-du-sud-fr\/seoul-fr\/visite-privee-de-dublin-copy-2\/#primaryimage"},"thumbnailUrl":"https:\/\/tourtravelandmore.com\/wp-content\/uploads\/2025\/07\/pexels-pixabay-237211.jpg","datePublished":"2025-07-02T15:57:39+00:00","dateModified":"2025-07-02T16:50:15+00:00","description":"Visite priv\u00e9e premium de la DMZ et du pont suspendu ou de la tour N. Explorez ses rues gr\u00e2ce \u00e0 cette visite priv\u00e9e d'une journ\u00e9e compl\u00e8te avec un guide et un v\u00e9hicule priv\u00e9.","breadcrumb":{"@id":"https:\/\/tourtravelandmore.com\/fr\/tours\/coree-du-sud-fr\/seoul-fr\/visite-privee-de-dublin-copy-2\/#breadcrumb"},"inLanguage":"fr-FR","potentialAction":[{"@type":"ReadAction","target":["https:\/\/tourtravelandmore.com\/fr\/tours\/coree-du-sud-fr\/seoul-fr\/visite-privee-de-dublin-copy-2\/"]}]},{"@type":"ImageObject","inLanguage":"fr-FR","@id":"https:\/\/tourtravelandmore.com\/fr\/tours\/coree-du-sud-fr\/seoul-fr\/visite-privee-de-dublin-copy-2\/#primaryimage","url":"https:\/\/tourtravelandmore.com\/wp-content\/uploads\/2025\/07\/pexels-pixabay-237211.jpg","contentUrl":"https:\/\/tourtravelandmore.com\/wp-content\/uploads\/2025\/07\/pexels-pixabay-237211.jpg","width":1280,"height":853},{"@type":"BreadcrumbList","@id":"https:\/\/tourtravelandmore.com\/fr\/tours\/coree-du-sud-fr\/seoul-fr\/visite-privee-de-dublin-copy-2\/#breadcrumb","itemListElement":[{"@type":"ListItem","position":1,"name":"Home","item":"https:\/\/tourtravelandmore.com\/fr\/"},{"@type":"ListItem","position":2,"name":"Tours","item":"https:\/\/tourtravelandmore.com\/fr\/tours\/"},{"@type":"ListItem","position":3,"name":"Visite priv\u00e9e premium de la DMZ et du pont suspendu ou de la tour N"}]},{"@type":"WebSite","@id":"https:\/\/tourtravelandmore.com\/fr\/#website","url":"https:\/\/tourtravelandmore.com\/fr\/","name":"Tour Travel And More","description":"Private sightseeing tours and luxury transfers in Spain","publisher":{"@id":"https:\/\/tourtravelandmore.com\/fr\/#organization"},"potentialAction":[{"@type":"SearchAction","target":{"@type":"EntryPoint","urlTemplate":"https:\/\/tourtravelandmore.com\/fr\/?s={search_term_string}"},"query-input":{"@type":"PropertyValueSpecification","valueRequired":true,"valueName":"search_term_string"}}],"inLanguage":"fr-FR"},{"@type":"Organization","@id":"https:\/\/tourtravelandmore.com\/fr\/#organization","name":"Tour Travel And More","url":"https:\/\/tourtravelandmore.com\/fr\/","logo":{"@type":"ImageObject","inLanguage":"fr-FR","@id":"https:\/\/tourtravelandmore.com\/fr\/#\/schema\/logo\/image\/","url":"https:\/\/tourtravelandmore.com\/wp-content\/uploads\/2022\/12\/cropped-logo-cabecera-new.png","contentUrl":"https:\/\/tourtravelandmore.com\/wp-content\/uploads\/2022\/12\/cropped-logo-cabecera-new.png","width":430,"height":61,"caption":"Tour Travel And More"},"image":{"@id":"https:\/\/tourtravelandmore.com\/fr\/#\/schema\/logo\/image\/"},"sameAs":["https:\/\/www.facebook.com\/tourtravelandmore\/","https:\/\/x.com\/TourTravel_More"]}]}},"_links":{"self":[{"href":"https:\/\/tourtravelandmore.com\/fr\/wp-json\/wp\/v2\/product\/184841","targetHints":{"allow":["GET"]}}],"collection":[{"href":"https:\/\/tourtravelandmore.com\/fr\/wp-json\/wp\/v2\/product"}],"about":[{"href":"https:\/\/tourtravelandmore.com\/fr\/wp-json\/wp\/v2\/types\/product"}],"replies":[{"embeddable":true,"href":"https:\/\/tourtravelandmore.com\/fr\/wp-json\/wp\/v2\/comments?post=184841"}],"wp:featuredmedia":[{"embeddable":true,"href":"https:\/\/tourtravelandmore.com\/fr\/wp-json\/wp\/v2\/media\/184823"}],"wp:attachment":[{"href":"https:\/\/tourtravelandmore.com\/fr\/wp-json\/wp\/v2\/media?parent=184841"}],"wp:term":[{"taxonomy":"product_brand","embeddable":true,"href":"https:\/\/tourtravelandmore.com\/fr\/wp-json\/wp\/v2\/product_brand?post=184841"},{"taxonomy":"product_cat","embeddable":true,"href":"https:\/\/tourtravelandmore.com\/fr\/wp-json\/wp\/v2\/product_cat?post=184841"},{"taxonomy":"product_tag","embeddable":true,"href":"https:\/\/tourtravelandmore.com\/fr\/wp-json\/wp\/v2\/product_tag?post=184841"}],"curies":[{"name":"wp","href":"https:\/\/api.w.org\/{rel}","templated":true}]}}