{"id":184793,"date":"2025-07-02T16:05:07","date_gmt":"2025-07-02T14:05:10","guid":{"rendered":"https:\/\/tourtravelandmore.com\/?post_type=product&#038;p=184793"},"modified":"2025-07-02T19:36:21","modified_gmt":"2025-07-02T17:36:21","slug":"visite-privee-dune-journee-complete-de-la-ville-de-seoul","status":"publish","type":"product","link":"https:\/\/tourtravelandmore.com\/fr\/tours\/coree-du-sud-fr\/seoul-fr\/visite-privee-dune-journee-complete-de-la-ville-de-seoul\/","title":{"rendered":"Visite priv\u00e9e d&#8217;une journ\u00e9e compl\u00e8te de la ville de S\u00e9oul"},"content":{"rendered":"<h2><strong>Description | Visite priv\u00e9e d&#8217;une journ\u00e9e compl\u00e8te de la ville de S\u00e9oul<\/strong><\/h2>\n<p>D\u00e9couvrez l&#8217;\u00e2me vibrante de la capitale sud-cor\u00e9enne gr\u00e2ce \u00e0 notre <b><i>visite priv\u00e9e d&#8217;une journ\u00e9e compl\u00e8te de la ville de S\u00e9oul<\/i><\/b>. Cette exp\u00e9rience de 8 heures est con\u00e7ue pour vous faire d\u00e9couvrir le meilleur de l&#8217;histoire, de la culture et de l&#8217;\u00e9nergie moderne de <a href=\"https:\/\/es.wikipedia.org\/wiki\/Se%C3%BAl\">S\u00e9oul<\/a>, le tout dans le confort et \u00e0 votre rythme. \u00c0 bord d&#8217;un v\u00e9hicule priv\u00e9 et accompagn\u00e9 d&#8217;un guide local expert, vous explorerez les sites les plus embl\u00e9matiques de la ville, ses quartiers anim\u00e9s et ses points de vue panoramiques, tout en disposant de suffisamment de temps pour prendre des photos, \u00e9couter des anecdotes et d\u00e9couvrir la culture locale.<\/p>\n<p>Que ce soit votre premi\u00e8re visite \u00e0 S\u00e9oul ou que vous souhaitiez d\u00e9couvrir la ville de mani\u00e8re plus approfondie et plus personnelle, cette visite offre un m\u00e9lange id\u00e9al de tradition et de modernit\u00e9. Des palais anciens et villages traditionnels aux vues panoramiques et march\u00e9s anim\u00e9s, vous profiterez d&#8217;une introduction compl\u00e8te \u00e0 ce qui rend S\u00e9oul unique.<\/p>\n<p>Pas de file d&#8217;attente, pas de pr\u00e9cipitation, juste un voyage sur mesure \u00e0 travers l&#8217;une des capitales les plus dynamiques d&#8217;Asie.<\/p>\n<h2><strong>Points forts | Visite priv\u00e9e d&#8217;une journ\u00e9e compl\u00e8te de la ville de S\u00e9oul<\/strong><\/h2>\n<ul>\n<li><b>Palais Gyeongbokgung (visite ext\u00e9rieure): <\/b>Admirez les portes majestueuses et l&#8217;architecture du palais royal le plus embl\u00e9matique de S\u00e9oul, symbole de la dynastie Joseon en Cor\u00e9e. Promenade facultative sur la place Gwanghwamun \u00e0 proximit\u00e9.<\/li>\n<li><b>Village de Bukchon Hanok: <\/b>Promenez-vous dans les ruelles \u00e9troites bord\u00e9es de maisons traditionnelles cor\u00e9ennes (hanok) et profitez d&#8217;une vue imprenable sur les toits de la ville qui contrastent avec le patrimoine s\u00e9culaire.<\/li>\n<li><b>Rue culturelle d&#8217;Insadong: <\/b>Quartier anim\u00e9 regorgeant de boutiques d&#8217;antiquit\u00e9s, de galeries, de stands de nourriture de rue et de salons de th\u00e9 traditionnels, id\u00e9al pour s&#8217;immerger dans la culture cor\u00e9enne.<\/li>\n<li><b>Ruisseau Cheonggyecheon: <\/b>Promenez-vous le long de ce ruisseau urbain paisible entour\u00e9 de gratte-ciel modernes et de ponts historiques, en plein c\u0153ur du centre-ville de S\u00e9oul.<\/li>\n<li><b>Parc Namsan et tour N Seoul (vue ext\u00e9rieure): <\/b>Rendez-vous en voiture au mont Namsan pour profiter d&#8217;une vue panoramique sur la ville. Arr\u00eatez-vous devant la c\u00e9l\u00e8bre cl\u00f4ture des \u00ab cadenas d&#8217;amour \u00bb et admirez S\u00e9oul depuis les hauteurs.<\/li>\n<li><b>March\u00e9 de Namdaemun: <\/b>L&#8217;un des march\u00e9s traditionnels les plus grands et les plus anciens de Cor\u00e9e, id\u00e9al pour d\u00e9nicher des souvenirs, go\u00fbter des sp\u00e9cialit\u00e9s locales ou simplement s&#8217;impr\u00e9gner de l&#8217;\u00e9nergie de la ville.<\/li>\n<li><b>Dongdaemun Design Plaza (DDP): <\/b>Admirez l&#8217;architecture futuriste du chef-d&#8217;\u0153uvre de Zaha Hadid, un centre culturel connu pour ses installations artistiques, ses expositions de mode et ses jardins de roses en LED.<\/li>\n<li><b>Itaewon ou Hongdae (si le temps le permet): <\/b>Terminez votre visite dans un quartier branch\u00e9 de votre choix : Itaewon pour son ambiance internationale et sa cuisine de rue, ou Hongdae pour sa culture jeune, sa musique indie et ses fresques murales.<\/li>\n<\/ul>\n<p>Laissez-nous nous occuper de tous les d\u00e9tails pendant que vous profitez du meilleur de S\u00e9oul dans le confort et l&#8217;\u00e9l\u00e9gance. Avec votre propre v\u00e9hicule priv\u00e9 et un guide exp\u00e9riment\u00e9, cette visite d&#8217;une journ\u00e9e compl\u00e8te vous garantit une exp\u00e9rience riche et m\u00e9morable de la ville. Elle est id\u00e9ale pour les couples, les familles ou les petits groupes qui souhaitent d\u00e9couvrir de mani\u00e8re personnalis\u00e9e et approfondie la fascinante capitale de la Cor\u00e9e du Sud.<\/p>\n","protected":false},"excerpt":{"rendered":"<p>D\u00e9couvrez l&#8217;\u00e2me vibrante de la capitale sud-cor\u00e9enne gr\u00e2ce \u00e0 notre <b><i>visite priv\u00e9e d&#8217;une journ\u00e9e compl\u00e8te de la ville de S\u00e9oul<\/i><\/b>. Cette exp\u00e9rience de 8 heures est con\u00e7ue pour vous faire d\u00e9couvrir le meilleur de l&#8217;histoire, de la culture et de l&#8217;\u00e9nergie moderne de <a href=\"https:\/\/es.wikipedia.org\/wiki\/Se%C3%BAl\">S\u00e9oul<\/a>, le tout dans le confort et \u00e0 votre rythme. \u00c0 bord d&#8217;un v\u00e9hicule priv\u00e9 et accompagn\u00e9 d&#8217;un guide local expert, vous explorerez les sites les plus embl\u00e9matiques de la ville, ses quartiers anim\u00e9s et ses points de vue panoramiques, tout en disposant de suffisamment de temps pour prendre des photos, \u00e9couter des anecdotes et d\u00e9couvrir la culture locale.<\/p>\n","protected":false},"featured_media":184811,"comment_status":"open","ping_status":"closed","template":"","meta":{"_acf_changed":false},"product_brand":[],"product_cat":[5554,5553,5544],"product_tag":[],"class_list":{"0":"post-184793","1":"product","2":"type-product","3":"status-publish","4":"has-post-thumbnail","6":"product_cat-all-private-tours-fr-9","7":"product_cat-coree-du-sud-fr","8":"product_cat-seoul-fr","10":"first","11":"instock","12":"shipping-taxable","13":"purchasable","14":"product-type-simple"},"acf":[],"yoast_head":"<!-- This site is optimized with the Yoast SEO Premium plugin v25.3.1 (Yoast SEO v25.3.1) - https:\/\/yoast.com\/wordpress\/plugins\/seo\/ -->\n<title>Visite priv\u00e9e d&#039;une journ\u00e9e compl\u00e8te de la ville de S\u00e9oul - TT&amp;M<\/title>\n<meta name=\"description\" content=\"Que ce soit votre premi\u00e8re visite \u00e0 S\u00e9oul ou que vous souhaitiez d\u00e9couvrir la ville de mani\u00e8re plus approfondie et plus personnelle,.\" \/>\n<meta name=\"robots\" content=\"index, follow, max-snippet:-1, max-image-preview:large, max-video-preview:-1\" \/>\n<link rel=\"canonical\" href=\"https:\/\/tourtravelandmore.com\/fr\/tours\/coree-du-sud-fr\/seoul-fr\/visite-privee-dune-journee-complete-de-la-ville-de-seoul\/\" \/>\n<meta property=\"og:locale\" content=\"fr_FR\" \/>\n<meta property=\"og:type\" content=\"article\" \/>\n<meta property=\"og:title\" content=\"Visite priv\u00e9e d&#039;une journ\u00e9e compl\u00e8te de la ville de S\u00e9oul\" \/>\n<meta property=\"og:description\" content=\"Que ce soit votre premi\u00e8re visite \u00e0 S\u00e9oul ou que vous souhaitiez d\u00e9couvrir la ville de mani\u00e8re plus approfondie et plus personnelle,.\" \/>\n<meta property=\"og:url\" content=\"https:\/\/tourtravelandmore.com\/fr\/tours\/coree-du-sud-fr\/seoul-fr\/visite-privee-dune-journee-complete-de-la-ville-de-seoul\/\" \/>\n<meta property=\"og:site_name\" content=\"Tour Travel And More\" \/>\n<meta property=\"article:publisher\" content=\"https:\/\/www.facebook.com\/tourtravelandmore\/\" \/>\n<meta property=\"article:modified_time\" content=\"2025-07-02T17:36:21+00:00\" \/>\n<meta property=\"og:image\" content=\"https:\/\/tourtravelandmore.com\/wp-content\/uploads\/2025\/07\/pexels-geoyul-32782628-1.jpg\" \/>\n\t<meta property=\"og:image:width\" content=\"1280\" \/>\n\t<meta property=\"og:image:height\" content=\"854\" \/>\n\t<meta property=\"og:image:type\" content=\"image\/jpeg\" \/>\n<meta name=\"twitter:card\" content=\"summary_large_image\" \/>\n<meta name=\"twitter:site\" content=\"@TourTravel_More\" \/>\n<meta name=\"twitter:label1\" content=\"Dur\u00e9e de lecture estim\u00e9e\" \/>\n\t<meta name=\"twitter:data1\" content=\"3 minutes\" \/>\n<script type=\"application\/ld+json\" class=\"yoast-schema-graph\">{\"@context\":\"https:\/\/schema.org\",\"@graph\":[{\"@type\":\"WebPage\",\"@id\":\"https:\/\/tourtravelandmore.com\/fr\/tours\/coree-du-sud-fr\/seoul-fr\/visite-privee-dune-journee-complete-de-la-ville-de-seoul\/\",\"url\":\"https:\/\/tourtravelandmore.com\/fr\/tours\/coree-du-sud-fr\/seoul-fr\/visite-privee-dune-journee-complete-de-la-ville-de-seoul\/\",\"name\":\"Visite priv\u00e9e d'une journ\u00e9e compl\u00e8te de la ville de S\u00e9oul - TT&M\",\"isPartOf\":{\"@id\":\"https:\/\/tourtravelandmore.com\/fr\/#website\"},\"primaryImageOfPage\":{\"@id\":\"https:\/\/tourtravelandmore.com\/fr\/tours\/coree-du-sud-fr\/seoul-fr\/visite-privee-dune-journee-complete-de-la-ville-de-seoul\/#primaryimage\"},\"image\":{\"@id\":\"https:\/\/tourtravelandmore.com\/fr\/tours\/coree-du-sud-fr\/seoul-fr\/visite-privee-dune-journee-complete-de-la-ville-de-seoul\/#primaryimage\"},\"thumbnailUrl\":\"https:\/\/tourtravelandmore.com\/wp-content\/uploads\/2025\/07\/pexels-geoyul-32782628-1.jpg\",\"datePublished\":\"2025-07-02T14:05:10+00:00\",\"dateModified\":\"2025-07-02T17:36:21+00:00\",\"description\":\"Que ce soit votre premi\u00e8re visite \u00e0 S\u00e9oul ou que vous souhaitiez d\u00e9couvrir la ville de mani\u00e8re plus approfondie et plus personnelle,.\",\"breadcrumb\":{\"@id\":\"https:\/\/tourtravelandmore.com\/fr\/tours\/coree-du-sud-fr\/seoul-fr\/visite-privee-dune-journee-complete-de-la-ville-de-seoul\/#breadcrumb\"},\"inLanguage\":\"fr-FR\",\"potentialAction\":[{\"@type\":\"ReadAction\",\"target\":[\"https:\/\/tourtravelandmore.com\/fr\/tours\/coree-du-sud-fr\/seoul-fr\/visite-privee-dune-journee-complete-de-la-ville-de-seoul\/\"]}]},{\"@type\":\"ImageObject\",\"inLanguage\":\"fr-FR\",\"@id\":\"https:\/\/tourtravelandmore.com\/fr\/tours\/coree-du-sud-fr\/seoul-fr\/visite-privee-dune-journee-complete-de-la-ville-de-seoul\/#primaryimage\",\"url\":\"https:\/\/tourtravelandmore.com\/wp-content\/uploads\/2025\/07\/pexels-geoyul-32782628-1.jpg\",\"contentUrl\":\"https:\/\/tourtravelandmore.com\/wp-content\/uploads\/2025\/07\/pexels-geoyul-32782628-1.jpg\",\"width\":1280,\"height\":854},{\"@type\":\"BreadcrumbList\",\"@id\":\"https:\/\/tourtravelandmore.com\/fr\/tours\/coree-du-sud-fr\/seoul-fr\/visite-privee-dune-journee-complete-de-la-ville-de-seoul\/#breadcrumb\",\"itemListElement\":[{\"@type\":\"ListItem\",\"position\":1,\"name\":\"Home\",\"item\":\"https:\/\/tourtravelandmore.com\/fr\/\"},{\"@type\":\"ListItem\",\"position\":2,\"name\":\"Tours\",\"item\":\"https:\/\/tourtravelandmore.com\/fr\/tours\/\"},{\"@type\":\"ListItem\",\"position\":3,\"name\":\"Visite priv\u00e9e d&#8217;une journ\u00e9e compl\u00e8te de la ville de S\u00e9oul\"}]},{\"@type\":\"WebSite\",\"@id\":\"https:\/\/tourtravelandmore.com\/fr\/#website\",\"url\":\"https:\/\/tourtravelandmore.com\/fr\/\",\"name\":\"Tour Travel And More\",\"description\":\"Private sightseeing tours and luxury transfers in Spain\",\"publisher\":{\"@id\":\"https:\/\/tourtravelandmore.com\/fr\/#organization\"},\"potentialAction\":[{\"@type\":\"SearchAction\",\"target\":{\"@type\":\"EntryPoint\",\"urlTemplate\":\"https:\/\/tourtravelandmore.com\/fr\/?s={search_term_string}\"},\"query-input\":{\"@type\":\"PropertyValueSpecification\",\"valueRequired\":true,\"valueName\":\"search_term_string\"}}],\"inLanguage\":\"fr-FR\"},{\"@type\":\"Organization\",\"@id\":\"https:\/\/tourtravelandmore.com\/fr\/#organization\",\"name\":\"Tour Travel And More\",\"url\":\"https:\/\/tourtravelandmore.com\/fr\/\",\"logo\":{\"@type\":\"ImageObject\",\"inLanguage\":\"fr-FR\",\"@id\":\"https:\/\/tourtravelandmore.com\/fr\/#\/schema\/logo\/image\/\",\"url\":\"https:\/\/tourtravelandmore.com\/wp-content\/uploads\/2022\/12\/cropped-logo-cabecera-new.png\",\"contentUrl\":\"https:\/\/tourtravelandmore.com\/wp-content\/uploads\/2022\/12\/cropped-logo-cabecera-new.png\",\"width\":430,\"height\":61,\"caption\":\"Tour Travel And More\"},\"image\":{\"@id\":\"https:\/\/tourtravelandmore.com\/fr\/#\/schema\/logo\/image\/\"},\"sameAs\":[\"https:\/\/www.facebook.com\/tourtravelandmore\/\",\"https:\/\/x.com\/TourTravel_More\"]}]}<\/script>\n<!-- \/ Yoast SEO Premium plugin. -->","yoast_head_json":{"title":"Visite priv\u00e9e d'une journ\u00e9e compl\u00e8te de la ville de S\u00e9oul - TT&M","description":"Que ce soit votre premi\u00e8re visite \u00e0 S\u00e9oul ou que vous souhaitiez d\u00e9couvrir la ville de mani\u00e8re plus approfondie et plus personnelle,.","robots":{"index":"index","follow":"follow","max-snippet":"max-snippet:-1","max-image-preview":"max-image-preview:large","max-video-preview":"max-video-preview:-1"},"canonical":"https:\/\/tourtravelandmore.com\/fr\/tours\/coree-du-sud-fr\/seoul-fr\/visite-privee-dune-journee-complete-de-la-ville-de-seoul\/","og_locale":"fr_FR","og_type":"article","og_title":"Visite priv\u00e9e d'une journ\u00e9e compl\u00e8te de la ville de S\u00e9oul","og_description":"Que ce soit votre premi\u00e8re visite \u00e0 S\u00e9oul ou que vous souhaitiez d\u00e9couvrir la ville de mani\u00e8re plus approfondie et plus personnelle,.","og_url":"https:\/\/tourtravelandmore.com\/fr\/tours\/coree-du-sud-fr\/seoul-fr\/visite-privee-dune-journee-complete-de-la-ville-de-seoul\/","og_site_name":"Tour Travel And More","article_publisher":"https:\/\/www.facebook.com\/tourtravelandmore\/","article_modified_time":"2025-07-02T17:36:21+00:00","og_image":[{"width":1280,"height":854,"url":"https:\/\/tourtravelandmore.com\/wp-content\/uploads\/2025\/07\/pexels-geoyul-32782628-1.jpg","type":"image\/jpeg"}],"twitter_card":"summary_large_image","twitter_site":"@TourTravel_More","twitter_misc":{"Dur\u00e9e de lecture estim\u00e9e":"3 minutes"},"schema":{"@context":"https:\/\/schema.org","@graph":[{"@type":"WebPage","@id":"https:\/\/tourtravelandmore.com\/fr\/tours\/coree-du-sud-fr\/seoul-fr\/visite-privee-dune-journee-complete-de-la-ville-de-seoul\/","url":"https:\/\/tourtravelandmore.com\/fr\/tours\/coree-du-sud-fr\/seoul-fr\/visite-privee-dune-journee-complete-de-la-ville-de-seoul\/","name":"Visite priv\u00e9e d'une journ\u00e9e compl\u00e8te de la ville de S\u00e9oul - TT&M","isPartOf":{"@id":"https:\/\/tourtravelandmore.com\/fr\/#website"},"primaryImageOfPage":{"@id":"https:\/\/tourtravelandmore.com\/fr\/tours\/coree-du-sud-fr\/seoul-fr\/visite-privee-dune-journee-complete-de-la-ville-de-seoul\/#primaryimage"},"image":{"@id":"https:\/\/tourtravelandmore.com\/fr\/tours\/coree-du-sud-fr\/seoul-fr\/visite-privee-dune-journee-complete-de-la-ville-de-seoul\/#primaryimage"},"thumbnailUrl":"https:\/\/tourtravelandmore.com\/wp-content\/uploads\/2025\/07\/pexels-geoyul-32782628-1.jpg","datePublished":"2025-07-02T14:05:10+00:00","dateModified":"2025-07-02T17:36:21+00:00","description":"Que ce soit votre premi\u00e8re visite \u00e0 S\u00e9oul ou que vous souhaitiez d\u00e9couvrir la ville de mani\u00e8re plus approfondie et plus personnelle,.","breadcrumb":{"@id":"https:\/\/tourtravelandmore.com\/fr\/tours\/coree-du-sud-fr\/seoul-fr\/visite-privee-dune-journee-complete-de-la-ville-de-seoul\/#breadcrumb"},"inLanguage":"fr-FR","potentialAction":[{"@type":"ReadAction","target":["https:\/\/tourtravelandmore.com\/fr\/tours\/coree-du-sud-fr\/seoul-fr\/visite-privee-dune-journee-complete-de-la-ville-de-seoul\/"]}]},{"@type":"ImageObject","inLanguage":"fr-FR","@id":"https:\/\/tourtravelandmore.com\/fr\/tours\/coree-du-sud-fr\/seoul-fr\/visite-privee-dune-journee-complete-de-la-ville-de-seoul\/#primaryimage","url":"https:\/\/tourtravelandmore.com\/wp-content\/uploads\/2025\/07\/pexels-geoyul-32782628-1.jpg","contentUrl":"https:\/\/tourtravelandmore.com\/wp-content\/uploads\/2025\/07\/pexels-geoyul-32782628-1.jpg","width":1280,"height":854},{"@type":"BreadcrumbList","@id":"https:\/\/tourtravelandmore.com\/fr\/tours\/coree-du-sud-fr\/seoul-fr\/visite-privee-dune-journee-complete-de-la-ville-de-seoul\/#breadcrumb","itemListElement":[{"@type":"ListItem","position":1,"name":"Home","item":"https:\/\/tourtravelandmore.com\/fr\/"},{"@type":"ListItem","position":2,"name":"Tours","item":"https:\/\/tourtravelandmore.com\/fr\/tours\/"},{"@type":"ListItem","position":3,"name":"Visite priv\u00e9e d&#8217;une journ\u00e9e compl\u00e8te de la ville de S\u00e9oul"}]},{"@type":"WebSite","@id":"https:\/\/tourtravelandmore.com\/fr\/#website","url":"https:\/\/tourtravelandmore.com\/fr\/","name":"Tour Travel And More","description":"Private sightseeing tours and luxury transfers in Spain","publisher":{"@id":"https:\/\/tourtravelandmore.com\/fr\/#organization"},"potentialAction":[{"@type":"SearchAction","target":{"@type":"EntryPoint","urlTemplate":"https:\/\/tourtravelandmore.com\/fr\/?s={search_term_string}"},"query-input":{"@type":"PropertyValueSpecification","valueRequired":true,"valueName":"search_term_string"}}],"inLanguage":"fr-FR"},{"@type":"Organization","@id":"https:\/\/tourtravelandmore.com\/fr\/#organization","name":"Tour Travel And More","url":"https:\/\/tourtravelandmore.com\/fr\/","logo":{"@type":"ImageObject","inLanguage":"fr-FR","@id":"https:\/\/tourtravelandmore.com\/fr\/#\/schema\/logo\/image\/","url":"https:\/\/tourtravelandmore.com\/wp-content\/uploads\/2022\/12\/cropped-logo-cabecera-new.png","contentUrl":"https:\/\/tourtravelandmore.com\/wp-content\/uploads\/2022\/12\/cropped-logo-cabecera-new.png","width":430,"height":61,"caption":"Tour Travel And More"},"image":{"@id":"https:\/\/tourtravelandmore.com\/fr\/#\/schema\/logo\/image\/"},"sameAs":["https:\/\/www.facebook.com\/tourtravelandmore\/","https:\/\/x.com\/TourTravel_More"]}]}},"_links":{"self":[{"href":"https:\/\/tourtravelandmore.com\/fr\/wp-json\/wp\/v2\/product\/184793","targetHints":{"allow":["GET"]}}],"collection":[{"href":"https:\/\/tourtravelandmore.com\/fr\/wp-json\/wp\/v2\/product"}],"about":[{"href":"https:\/\/tourtravelandmore.com\/fr\/wp-json\/wp\/v2\/types\/product"}],"replies":[{"embeddable":true,"href":"https:\/\/tourtravelandmore.com\/fr\/wp-json\/wp\/v2\/comments?post=184793"}],"wp:featuredmedia":[{"embeddable":true,"href":"https:\/\/tourtravelandmore.com\/fr\/wp-json\/wp\/v2\/media\/184811"}],"wp:attachment":[{"href":"https:\/\/tourtravelandmore.com\/fr\/wp-json\/wp\/v2\/media?parent=184793"}],"wp:term":[{"taxonomy":"product_brand","embeddable":true,"href":"https:\/\/tourtravelandmore.com\/fr\/wp-json\/wp\/v2\/product_brand?post=184793"},{"taxonomy":"product_cat","embeddable":true,"href":"https:\/\/tourtravelandmore.com\/fr\/wp-json\/wp\/v2\/product_cat?post=184793"},{"taxonomy":"product_tag","embeddable":true,"href":"https:\/\/tourtravelandmore.com\/fr\/wp-json\/wp\/v2\/product_tag?post=184793"}],"curies":[{"name":"wp","href":"https:\/\/api.w.org\/{rel}","templated":true}]}}