{"id":184578,"date":"2025-06-06T20:23:38","date_gmt":"2025-06-06T18:23:41","guid":{"rendered":"https:\/\/tourtravelandmore.com\/?post_type=product&#038;p=184578"},"modified":"2025-06-06T20:38:44","modified_gmt":"2025-06-06T18:38:44","slug":"visite-privee-de-saint-tropez-au-depart-de-nice-copy","status":"publish","type":"product","link":"https:\/\/tourtravelandmore.com\/fr\/tours\/france-fr\/nice-fr\/visite-privee-de-saint-tropez-au-depart-de-nice-copy\/","title":{"rendered":"Visite priv\u00e9e des villages perch\u00e9s et de la campagne proven\u00e7ale au d\u00e9part de Nice"},"content":{"rendered":"<h2><b><strong>Description<\/strong><\/b><\/h2>\n<p>D\u00e9couvrez le charme intemporel et la beaut\u00e9 naturelle de la Provence lors de cette visite priv\u00e9e exclusive de 9 heures au d\u00e9part de Nice. Accompagn\u00e9 de votre chauffeur-guide exp\u00e9riment\u00e9, explorez trois des villages perch\u00e9s les plus pittoresques de la r\u00e9gion : Gourdon, Tourrettes-sur-Loup et Saint-Paul-de-Vence.<\/p>\n<p>Nich\u00e9s dans les collines surplombant la C\u00f4te d&#8217;Azur, ces joyaux m\u00e9di\u00e9vaux offrent des vues panoramiques, des rues pav\u00e9es, des boutiques d&#8217;artisans et un aper\u00e7u de la vie proven\u00e7ale authentique.<\/p>\n<p>Pour un maximum de 8 personnes : visite guid\u00e9e par un chauffeur-guide, pour 9 \u00e0 15 personnes : la visite comprend un chauffeur et un guide expert s\u00e9par\u00e9.<\/p>\n<h2><b><strong>Visite priv\u00e9e des villages perch\u00e9s et de la campagne proven\u00e7ale au d\u00e9part de Nice | Points d&#8217;int\u00e9r\u00eat et sites touristiques<\/strong><\/b><\/h2>\n<p>Id\u00e9ale pour les voyageurs qui souhaitent s&#8217;\u00e9loigner de la c\u00f4te et s&#8217;immerger dans la riche culture et les paysages de la campagne, cette visite est \u00e0 la fois relaxante et inspirante. Sans frais d&#8217;entr\u00e9e \u00e0 aucune des \u00e9tapes, c&#8217;est une journ\u00e9e accessible et enrichissante pour tous les types de groupes.<\/p>\n<ul>\n<li><b>Gourdon<\/b> \u2013 D\u00e9couvrez l&#8217;un des plus beaux villages de France, perch\u00e9 de mani\u00e8re spectaculaire sur une falaise surplombant la vall\u00e9e du Loup. Promenez-vous dans les ruelles \u00e9troites, fl\u00e2nez dans les boutiques d&#8217;artisans et admirez des vues inoubliables sur la C\u00f4te d&#8217;Azur.<\/li>\n<li><b>Tourrettes-sur-Loup<\/b> \u2013 Connue comme la \u00ab ville des violettes \u00bb, ce village proven\u00e7al m\u00e9connu poss\u00e8de des maisons traditionnelles en pierre, des galeries d&#8217;art local et une atmosph\u00e8re paisible et authentique, loin de la foule.<\/li>\n<li><b>Saint-Paul-de-Vence<\/b> \u2013 L&#8217;une des plus anciennes villes m\u00e9di\u00e9vales de la C\u00f4te d&#8217;Azur, Saint-Paul attire depuis longtemps les artistes et les cr\u00e9atifs. Profitez de sa sc\u00e8ne culturelle anim\u00e9e, de ses rues charmantes et de ses vues impressionnantes sur la campagne m\u00e9diterran\u00e9enne.<\/li>\n<li><b>Une exp\u00e9rience enti\u00e8rement priv\u00e9e<\/b> \u2013 Profitez de la flexibilit\u00e9 et de l&#8217;exclusivit\u00e9 d&#8217;une visite adapt\u00e9e \u00e0 votre groupe, avec des commentaires et des informations adapt\u00e9s \u00e0 vos centres d&#8217;int\u00e9r\u00eat.<\/li>\n<li><b>Une route panoramique \u00e0 travers la campagne<\/b> \u2013 Installez-vous confortablement et d\u00e9tendez-vous en serpentant \u00e0 travers les oliveraies, les for\u00eats de pins et les collines vallonn\u00e9es entre chaque village enchanteur.<\/li>\n<\/ul>\n<p>Que vous soyez amateur d&#8217;art, d&#8217;histoire ou simplement de vues imprenables, cette visite priv\u00e9e vous invite \u00e0 d\u00e9couvrir la Provence \u00e0 votre rythme, dans un confort total et avec une attention personnalis\u00e9e.<\/p>\n","protected":false},"excerpt":{"rendered":"<p>D\u00e9couvrez le charme intemporel et la beaut\u00e9 naturelle de la Provence lors de cette visite priv\u00e9e exclusive de 9 heures au d\u00e9part de Nice. Accompagn\u00e9 de votre chauffeur-guide exp\u00e9riment\u00e9, explorez trois des villages perch\u00e9s les plus pittoresques de la r\u00e9gion : Gourdon, Tourrettes-sur-Loup et Saint-Paul-de-Vence.<\/p>\n","protected":false},"featured_media":184588,"comment_status":"open","ping_status":"closed","template":"","meta":{"_acf_changed":false},"product_brand":[],"product_cat":[5533,5532,3694],"product_tag":[],"class_list":{"0":"post-184578","1":"product","2":"type-product","3":"status-publish","4":"has-post-thumbnail","6":"product_cat-all-private-tours-activities-fr-40","7":"product_cat-private-sightseeing-tours-fr-49","8":"product_cat-nice-fr","10":"first","11":"instock","12":"shipping-taxable","13":"purchasable","14":"product-type-simple"},"acf":[],"yoast_head":"<!-- This site is optimized with the Yoast SEO Premium plugin v25.3.1 (Yoast SEO v25.3.1) - https:\/\/yoast.com\/wordpress\/plugins\/seo\/ -->\n<title>Visite priv\u00e9e des villages perch\u00e9s et de la campagne proven\u00e7ale au d\u00e9part de Nice<\/title>\n<meta name=\"description\" content=\"Apprenez \u00e0 conna\u00eetre l&#039;une des villes les plus populaires et les plus belles du sud de la France lors d&#039;uneVisite priv\u00e9e de Saint-Tropez au d\u00e9part de Nice avec un chauffeur \/ guide local\" \/>\n<meta name=\"robots\" content=\"index, follow, max-snippet:-1, max-image-preview:large, max-video-preview:-1\" \/>\n<link rel=\"canonical\" href=\"https:\/\/tourtravelandmore.com\/fr\/tours\/france-fr\/nice-fr\/visite-privee-de-saint-tropez-au-depart-de-nice-copy\/\" \/>\n<meta property=\"og:locale\" content=\"fr_FR\" \/>\n<meta property=\"og:type\" content=\"article\" \/>\n<meta property=\"og:title\" content=\"Visite priv\u00e9e des villages perch\u00e9s et de la campagne proven\u00e7ale au d\u00e9part de Nice\" \/>\n<meta property=\"og:description\" content=\"Apprenez \u00e0 conna\u00eetre l&#039;une des villes les plus populaires et les plus belles du sud de la France lors d&#039;uneVisite priv\u00e9e de Saint-Tropez au d\u00e9part de Nice avec un chauffeur \/ guide local\" \/>\n<meta property=\"og:url\" content=\"https:\/\/tourtravelandmore.com\/fr\/tours\/france-fr\/nice-fr\/visite-privee-de-saint-tropez-au-depart-de-nice-copy\/\" \/>\n<meta property=\"og:site_name\" content=\"Tour Travel And More\" \/>\n<meta property=\"article:publisher\" content=\"https:\/\/www.facebook.com\/tourtravelandmore\/\" \/>\n<meta property=\"article:modified_time\" content=\"2025-06-06T18:38:44+00:00\" \/>\n<meta property=\"og:image\" content=\"https:\/\/tourtravelandmore.com\/wp-content\/uploads\/2025\/06\/france-2074643_1280.jpg\" \/>\n\t<meta property=\"og:image:width\" content=\"1280\" \/>\n\t<meta property=\"og:image:height\" content=\"853\" \/>\n\t<meta property=\"og:image:type\" content=\"image\/jpeg\" \/>\n<meta name=\"twitter:card\" content=\"summary_large_image\" \/>\n<meta name=\"twitter:site\" content=\"@TourTravel_More\" \/>\n<meta name=\"twitter:label1\" content=\"Dur\u00e9e de lecture estim\u00e9e\" \/>\n\t<meta name=\"twitter:data1\" content=\"2 minutes\" \/>\n<script type=\"application\/ld+json\" class=\"yoast-schema-graph\">{\"@context\":\"https:\/\/schema.org\",\"@graph\":[{\"@type\":\"WebPage\",\"@id\":\"https:\/\/tourtravelandmore.com\/fr\/tours\/france-fr\/nice-fr\/visite-privee-de-saint-tropez-au-depart-de-nice-copy\/\",\"url\":\"https:\/\/tourtravelandmore.com\/fr\/tours\/france-fr\/nice-fr\/visite-privee-de-saint-tropez-au-depart-de-nice-copy\/\",\"name\":\"Visite priv\u00e9e des villages perch\u00e9s et de la campagne proven\u00e7ale au d\u00e9part de Nice\",\"isPartOf\":{\"@id\":\"https:\/\/tourtravelandmore.com\/fr\/#website\"},\"primaryImageOfPage\":{\"@id\":\"https:\/\/tourtravelandmore.com\/fr\/tours\/france-fr\/nice-fr\/visite-privee-de-saint-tropez-au-depart-de-nice-copy\/#primaryimage\"},\"image\":{\"@id\":\"https:\/\/tourtravelandmore.com\/fr\/tours\/france-fr\/nice-fr\/visite-privee-de-saint-tropez-au-depart-de-nice-copy\/#primaryimage\"},\"thumbnailUrl\":\"https:\/\/tourtravelandmore.com\/wp-content\/uploads\/2025\/06\/france-2074643_1280.jpg\",\"datePublished\":\"2025-06-06T18:23:41+00:00\",\"dateModified\":\"2025-06-06T18:38:44+00:00\",\"description\":\"Apprenez \u00e0 conna\u00eetre l'une des villes les plus populaires et les plus belles du sud de la France lors d'uneVisite priv\u00e9e de Saint-Tropez au d\u00e9part de Nice avec un chauffeur \/ guide local\",\"breadcrumb\":{\"@id\":\"https:\/\/tourtravelandmore.com\/fr\/tours\/france-fr\/nice-fr\/visite-privee-de-saint-tropez-au-depart-de-nice-copy\/#breadcrumb\"},\"inLanguage\":\"fr-FR\",\"potentialAction\":[{\"@type\":\"ReadAction\",\"target\":[\"https:\/\/tourtravelandmore.com\/fr\/tours\/france-fr\/nice-fr\/visite-privee-de-saint-tropez-au-depart-de-nice-copy\/\"]}]},{\"@type\":\"ImageObject\",\"inLanguage\":\"fr-FR\",\"@id\":\"https:\/\/tourtravelandmore.com\/fr\/tours\/france-fr\/nice-fr\/visite-privee-de-saint-tropez-au-depart-de-nice-copy\/#primaryimage\",\"url\":\"https:\/\/tourtravelandmore.com\/wp-content\/uploads\/2025\/06\/france-2074643_1280.jpg\",\"contentUrl\":\"https:\/\/tourtravelandmore.com\/wp-content\/uploads\/2025\/06\/france-2074643_1280.jpg\",\"width\":1280,\"height\":853},{\"@type\":\"BreadcrumbList\",\"@id\":\"https:\/\/tourtravelandmore.com\/fr\/tours\/france-fr\/nice-fr\/visite-privee-de-saint-tropez-au-depart-de-nice-copy\/#breadcrumb\",\"itemListElement\":[{\"@type\":\"ListItem\",\"position\":1,\"name\":\"Home\",\"item\":\"https:\/\/tourtravelandmore.com\/fr\/\"},{\"@type\":\"ListItem\",\"position\":2,\"name\":\"Tours\",\"item\":\"https:\/\/tourtravelandmore.com\/fr\/tours\/\"},{\"@type\":\"ListItem\",\"position\":3,\"name\":\"Visite priv\u00e9e des villages perch\u00e9s et de la campagne proven\u00e7ale au d\u00e9part de Nice\"}]},{\"@type\":\"WebSite\",\"@id\":\"https:\/\/tourtravelandmore.com\/fr\/#website\",\"url\":\"https:\/\/tourtravelandmore.com\/fr\/\",\"name\":\"Tour Travel And More\",\"description\":\"Private sightseeing tours and luxury transfers in Spain\",\"publisher\":{\"@id\":\"https:\/\/tourtravelandmore.com\/fr\/#organization\"},\"potentialAction\":[{\"@type\":\"SearchAction\",\"target\":{\"@type\":\"EntryPoint\",\"urlTemplate\":\"https:\/\/tourtravelandmore.com\/fr\/?s={search_term_string}\"},\"query-input\":{\"@type\":\"PropertyValueSpecification\",\"valueRequired\":true,\"valueName\":\"search_term_string\"}}],\"inLanguage\":\"fr-FR\"},{\"@type\":\"Organization\",\"@id\":\"https:\/\/tourtravelandmore.com\/fr\/#organization\",\"name\":\"Tour Travel And More\",\"url\":\"https:\/\/tourtravelandmore.com\/fr\/\",\"logo\":{\"@type\":\"ImageObject\",\"inLanguage\":\"fr-FR\",\"@id\":\"https:\/\/tourtravelandmore.com\/fr\/#\/schema\/logo\/image\/\",\"url\":\"https:\/\/tourtravelandmore.com\/wp-content\/uploads\/2022\/12\/cropped-logo-cabecera-new.png\",\"contentUrl\":\"https:\/\/tourtravelandmore.com\/wp-content\/uploads\/2022\/12\/cropped-logo-cabecera-new.png\",\"width\":430,\"height\":61,\"caption\":\"Tour Travel And More\"},\"image\":{\"@id\":\"https:\/\/tourtravelandmore.com\/fr\/#\/schema\/logo\/image\/\"},\"sameAs\":[\"https:\/\/www.facebook.com\/tourtravelandmore\/\",\"https:\/\/x.com\/TourTravel_More\"]}]}<\/script>\n<!-- \/ Yoast SEO Premium plugin. -->","yoast_head_json":{"title":"Visite priv\u00e9e des villages perch\u00e9s et de la campagne proven\u00e7ale au d\u00e9part de Nice","description":"Apprenez \u00e0 conna\u00eetre l'une des villes les plus populaires et les plus belles du sud de la France lors d'uneVisite priv\u00e9e de Saint-Tropez au d\u00e9part de Nice avec un chauffeur \/ guide local","robots":{"index":"index","follow":"follow","max-snippet":"max-snippet:-1","max-image-preview":"max-image-preview:large","max-video-preview":"max-video-preview:-1"},"canonical":"https:\/\/tourtravelandmore.com\/fr\/tours\/france-fr\/nice-fr\/visite-privee-de-saint-tropez-au-depart-de-nice-copy\/","og_locale":"fr_FR","og_type":"article","og_title":"Visite priv\u00e9e des villages perch\u00e9s et de la campagne proven\u00e7ale au d\u00e9part de Nice","og_description":"Apprenez \u00e0 conna\u00eetre l'une des villes les plus populaires et les plus belles du sud de la France lors d'uneVisite priv\u00e9e de Saint-Tropez au d\u00e9part de Nice avec un chauffeur \/ guide local","og_url":"https:\/\/tourtravelandmore.com\/fr\/tours\/france-fr\/nice-fr\/visite-privee-de-saint-tropez-au-depart-de-nice-copy\/","og_site_name":"Tour Travel And More","article_publisher":"https:\/\/www.facebook.com\/tourtravelandmore\/","article_modified_time":"2025-06-06T18:38:44+00:00","og_image":[{"width":1280,"height":853,"url":"https:\/\/tourtravelandmore.com\/wp-content\/uploads\/2025\/06\/france-2074643_1280.jpg","type":"image\/jpeg"}],"twitter_card":"summary_large_image","twitter_site":"@TourTravel_More","twitter_misc":{"Dur\u00e9e de lecture estim\u00e9e":"2 minutes"},"schema":{"@context":"https:\/\/schema.org","@graph":[{"@type":"WebPage","@id":"https:\/\/tourtravelandmore.com\/fr\/tours\/france-fr\/nice-fr\/visite-privee-de-saint-tropez-au-depart-de-nice-copy\/","url":"https:\/\/tourtravelandmore.com\/fr\/tours\/france-fr\/nice-fr\/visite-privee-de-saint-tropez-au-depart-de-nice-copy\/","name":"Visite priv\u00e9e des villages perch\u00e9s et de la campagne proven\u00e7ale au d\u00e9part de Nice","isPartOf":{"@id":"https:\/\/tourtravelandmore.com\/fr\/#website"},"primaryImageOfPage":{"@id":"https:\/\/tourtravelandmore.com\/fr\/tours\/france-fr\/nice-fr\/visite-privee-de-saint-tropez-au-depart-de-nice-copy\/#primaryimage"},"image":{"@id":"https:\/\/tourtravelandmore.com\/fr\/tours\/france-fr\/nice-fr\/visite-privee-de-saint-tropez-au-depart-de-nice-copy\/#primaryimage"},"thumbnailUrl":"https:\/\/tourtravelandmore.com\/wp-content\/uploads\/2025\/06\/france-2074643_1280.jpg","datePublished":"2025-06-06T18:23:41+00:00","dateModified":"2025-06-06T18:38:44+00:00","description":"Apprenez \u00e0 conna\u00eetre l'une des villes les plus populaires et les plus belles du sud de la France lors d'uneVisite priv\u00e9e de Saint-Tropez au d\u00e9part de Nice avec un chauffeur \/ guide local","breadcrumb":{"@id":"https:\/\/tourtravelandmore.com\/fr\/tours\/france-fr\/nice-fr\/visite-privee-de-saint-tropez-au-depart-de-nice-copy\/#breadcrumb"},"inLanguage":"fr-FR","potentialAction":[{"@type":"ReadAction","target":["https:\/\/tourtravelandmore.com\/fr\/tours\/france-fr\/nice-fr\/visite-privee-de-saint-tropez-au-depart-de-nice-copy\/"]}]},{"@type":"ImageObject","inLanguage":"fr-FR","@id":"https:\/\/tourtravelandmore.com\/fr\/tours\/france-fr\/nice-fr\/visite-privee-de-saint-tropez-au-depart-de-nice-copy\/#primaryimage","url":"https:\/\/tourtravelandmore.com\/wp-content\/uploads\/2025\/06\/france-2074643_1280.jpg","contentUrl":"https:\/\/tourtravelandmore.com\/wp-content\/uploads\/2025\/06\/france-2074643_1280.jpg","width":1280,"height":853},{"@type":"BreadcrumbList","@id":"https:\/\/tourtravelandmore.com\/fr\/tours\/france-fr\/nice-fr\/visite-privee-de-saint-tropez-au-depart-de-nice-copy\/#breadcrumb","itemListElement":[{"@type":"ListItem","position":1,"name":"Home","item":"https:\/\/tourtravelandmore.com\/fr\/"},{"@type":"ListItem","position":2,"name":"Tours","item":"https:\/\/tourtravelandmore.com\/fr\/tours\/"},{"@type":"ListItem","position":3,"name":"Visite priv\u00e9e des villages perch\u00e9s et de la campagne proven\u00e7ale au d\u00e9part de Nice"}]},{"@type":"WebSite","@id":"https:\/\/tourtravelandmore.com\/fr\/#website","url":"https:\/\/tourtravelandmore.com\/fr\/","name":"Tour Travel And More","description":"Private sightseeing tours and luxury transfers in Spain","publisher":{"@id":"https:\/\/tourtravelandmore.com\/fr\/#organization"},"potentialAction":[{"@type":"SearchAction","target":{"@type":"EntryPoint","urlTemplate":"https:\/\/tourtravelandmore.com\/fr\/?s={search_term_string}"},"query-input":{"@type":"PropertyValueSpecification","valueRequired":true,"valueName":"search_term_string"}}],"inLanguage":"fr-FR"},{"@type":"Organization","@id":"https:\/\/tourtravelandmore.com\/fr\/#organization","name":"Tour Travel And More","url":"https:\/\/tourtravelandmore.com\/fr\/","logo":{"@type":"ImageObject","inLanguage":"fr-FR","@id":"https:\/\/tourtravelandmore.com\/fr\/#\/schema\/logo\/image\/","url":"https:\/\/tourtravelandmore.com\/wp-content\/uploads\/2022\/12\/cropped-logo-cabecera-new.png","contentUrl":"https:\/\/tourtravelandmore.com\/wp-content\/uploads\/2022\/12\/cropped-logo-cabecera-new.png","width":430,"height":61,"caption":"Tour Travel And More"},"image":{"@id":"https:\/\/tourtravelandmore.com\/fr\/#\/schema\/logo\/image\/"},"sameAs":["https:\/\/www.facebook.com\/tourtravelandmore\/","https:\/\/x.com\/TourTravel_More"]}]}},"_links":{"self":[{"href":"https:\/\/tourtravelandmore.com\/fr\/wp-json\/wp\/v2\/product\/184578","targetHints":{"allow":["GET"]}}],"collection":[{"href":"https:\/\/tourtravelandmore.com\/fr\/wp-json\/wp\/v2\/product"}],"about":[{"href":"https:\/\/tourtravelandmore.com\/fr\/wp-json\/wp\/v2\/types\/product"}],"replies":[{"embeddable":true,"href":"https:\/\/tourtravelandmore.com\/fr\/wp-json\/wp\/v2\/comments?post=184578"}],"wp:featuredmedia":[{"embeddable":true,"href":"https:\/\/tourtravelandmore.com\/fr\/wp-json\/wp\/v2\/media\/184588"}],"wp:attachment":[{"href":"https:\/\/tourtravelandmore.com\/fr\/wp-json\/wp\/v2\/media?parent=184578"}],"wp:term":[{"taxonomy":"product_brand","embeddable":true,"href":"https:\/\/tourtravelandmore.com\/fr\/wp-json\/wp\/v2\/product_brand?post=184578"},{"taxonomy":"product_cat","embeddable":true,"href":"https:\/\/tourtravelandmore.com\/fr\/wp-json\/wp\/v2\/product_cat?post=184578"},{"taxonomy":"product_tag","embeddable":true,"href":"https:\/\/tourtravelandmore.com\/fr\/wp-json\/wp\/v2\/product_tag?post=184578"}],"curies":[{"name":"wp","href":"https:\/\/api.w.org\/{rel}","templated":true}]}}