{"id":184534,"date":"2025-06-06T20:15:41","date_gmt":"2025-06-06T18:15:45","guid":{"rendered":"https:\/\/tourtravelandmore.com\/?post_type=product&#038;p=184534"},"modified":"2025-06-06T20:23:14","modified_gmt":"2025-06-06T18:23:14","slug":"visite-privee-de-cannes-antibes-et-juan-les-pins-copy","status":"publish","type":"product","link":"https:\/\/tourtravelandmore.com\/fr\/tours\/france-fr\/nice-fr\/visite-privee-de-cannes-antibes-et-juan-les-pins-copy\/","title":{"rendered":"Visite priv\u00e9e de Saint-Tropez au d\u00e9part de Nice"},"content":{"rendered":"<h2><b><strong>Description<\/strong><\/b><\/h2>\n<p>D\u00e9couvrez le charme l\u00e9gendaire de Saint-Tropez lors de cette visite priv\u00e9e exclusive de 8 heures au d\u00e9part de Nice, con\u00e7ue pour les voyageurs en qu\u00eate d&#8217;\u00e9l\u00e9gance, d&#8217;authenticit\u00e9 et d&#8217;une touche de jet-set. Avec votre chauffeur-guide priv\u00e9 (ou chauffeur + guide professionnel pour les groupes de 9 personnes ou plus), parcourez les routes c\u00f4ti\u00e8res pittoresques de la C\u00f4te d&#8217;Azur et admirez des vues spectaculaires sur la M\u00e9diterran\u00e9e en route vers l&#8217;une des destinations les plus c\u00e9l\u00e8bres de la Riviera.<\/p>\n<p>Adapt\u00e9e \u00e0 votre rythme et \u00e0 vos centres d&#8217;int\u00e9r\u00eat, cette visite offre un m\u00e9lange parfait entre route panoramique, d\u00e9couverte culturelle et ambiance m\u00e9diterran\u00e9enne, le tout sans avoir \u00e0 acheter de billets d&#8217;entr\u00e9e.<\/p>\n<h2><b><strong>Visite priv\u00e9e de Saint-Tropez au d\u00e9part de Nice | Points d&#8217;int\u00e9r\u00eat et sites touristiques<\/strong><\/b><\/h2>\n<p>Autrefois village de p\u00eacheurs pittoresque, Saint-Tropez est aujourd&#8217;hui un symbole mondialement connu de luxe, de culture et de charme c\u00f4tier d\u00e9contract\u00e9. Promenez-vous dans sa vieille ville anim\u00e9e, admirez ses b\u00e2timents aux couleurs pastel et impr\u00e9gnez-vous de l&#8217;atmosph\u00e8re unique qui attire depuis des d\u00e9cennies artistes, \u00e9crivains et c\u00e9l\u00e9brit\u00e9s.<\/p>\n<p>Cette visite comprend la d\u00e9couverte de sites embl\u00e9matiques et librement accessibles tels que le quartier historique de <b>La Ponche<\/b>, le pittoresque <b>Vieux Port<\/b> et le magnifique <b>point de vue de la Citadelle<\/b>. Vous aurez \u00e9galement du temps libre pour explorer les boutiques locales, prendre un caf\u00e9 au bord de l&#8217;eau ou vous d\u00e9tendre sur le sable de la <b>Plage de la Bouillabaisse<\/b>.<\/p>\n<ul>\n<li><b>Transport priv\u00e9 aller-retour depuis Nice<\/b> en v\u00e9hicule de luxe<\/li>\n<li><b>Chauffeur-guide pour 8 personnes maximum<\/b> \/\/ <b>Chauffeur + guide agr\u00e9\u00e9 pour 9 \u00e0 15 personnes<\/b><\/li>\n<li><b>Promenade guid\u00e9e dans la vieille ville (La Ponche)<\/b> \u2013 pleine de charme et d&#8217;histoire<\/li>\n<li><b>Visite du vieux port<\/b> \u2013 yachts, caf\u00e9s et c\u0153ur du glamour de la ville<\/li>\n<li><b>Point de vue de la Citadelle<\/b> \u2013 vue panoramique imprenable sur la baie de Saint-Tropez (acc\u00e8s ext\u00e9rieur)<\/li>\n<li><b>Temps libre<\/b> pour faire du shopping, d\u00eener ou profiter de la plage \u00e0 votre guise<\/li>\n<li>Arr\u00eat \u00e0 la <b>Plage de la Bouillabaisse<\/b>, une plage pittoresque et facilement accessible<\/li>\n<li>Route c\u00f4ti\u00e8re \u00e0 couper le souffle \u00e0 travers la C\u00f4te d&#8217;Azur<\/li>\n<\/ul>\n<p>Profitez de Saint-Tropez \u00e0 votre fa\u00e7on, avec un confort total, une grande flexibilit\u00e9 et les conseils avis\u00e9s de Tour Travel &amp; More.<\/p>\n","protected":false},"excerpt":{"rendered":"<p>D\u00e9couvrez le charme l\u00e9gendaire de Saint-Tropez lors de cette visite priv\u00e9e exclusive de 8 heures au d\u00e9part de Nice, con\u00e7ue pour les voyageurs en qu\u00eate d&#8217;\u00e9l\u00e9gance, d&#8217;authenticit\u00e9 et d&#8217;une touche de jet-set. Avec votre chauffeur-guide priv\u00e9 (ou chauffeur + guide professionnel pour les groupes de 9 personnes ou plus), parcourez les routes c\u00f4ti\u00e8res pittoresques de la C\u00f4te d&#8217;Azur et admirez des vues spectaculaires sur la M\u00e9diterran\u00e9e en route vers l&#8217;une des destinations les plus c\u00e9l\u00e8bres de la Riviera.<\/p>\n","protected":false},"featured_media":184544,"comment_status":"open","ping_status":"closed","template":"","meta":{"_acf_changed":false},"product_brand":[],"product_cat":[5533,5532,3694],"product_tag":[],"class_list":{"0":"post-184534","1":"product","2":"type-product","3":"status-publish","4":"has-post-thumbnail","6":"product_cat-all-private-tours-activities-fr-40","7":"product_cat-private-sightseeing-tours-fr-49","8":"product_cat-nice-fr","10":"first","11":"instock","12":"shipping-taxable","13":"purchasable","14":"product-type-simple"},"acf":[],"yoast_head":"<!-- This site is optimized with the Yoast SEO Premium plugin v25.3.1 (Yoast SEO v25.3.1) - https:\/\/yoast.com\/wordpress\/plugins\/seo\/ -->\n<title>Visite priv\u00e9e de Saint-Tropez au d\u00e9part de Nice<\/title>\n<meta name=\"description\" content=\"Apprenez \u00e0 conna\u00eetre l&#039;une des villes les plus populaires et les plus belles du sud de la France lors d&#039;uneVisite priv\u00e9e de Saint-Tropez au d\u00e9part de Nice avec un chauffeur \/ guide local\" \/>\n<meta name=\"robots\" content=\"index, follow, max-snippet:-1, max-image-preview:large, max-video-preview:-1\" \/>\n<link rel=\"canonical\" href=\"https:\/\/tourtravelandmore.com\/fr\/tours\/france-fr\/nice-fr\/visite-privee-de-cannes-antibes-et-juan-les-pins-copy\/\" \/>\n<meta property=\"og:locale\" content=\"fr_FR\" \/>\n<meta property=\"og:type\" content=\"article\" \/>\n<meta property=\"og:title\" content=\"Visite priv\u00e9e de Saint-Tropez au d\u00e9part de Nice\" \/>\n<meta property=\"og:description\" content=\"Apprenez \u00e0 conna\u00eetre l&#039;une des villes les plus populaires et les plus belles du sud de la France lors d&#039;uneVisite priv\u00e9e de Saint-Tropez au d\u00e9part de Nice avec un chauffeur \/ guide local\" \/>\n<meta property=\"og:url\" content=\"https:\/\/tourtravelandmore.com\/fr\/tours\/france-fr\/nice-fr\/visite-privee-de-cannes-antibes-et-juan-les-pins-copy\/\" \/>\n<meta property=\"og:site_name\" content=\"Tour Travel And More\" \/>\n<meta property=\"article:publisher\" content=\"https:\/\/www.facebook.com\/tourtravelandmore\/\" \/>\n<meta property=\"article:modified_time\" content=\"2025-06-06T18:23:14+00:00\" \/>\n<meta property=\"og:image\" content=\"https:\/\/tourtravelandmore.com\/wp-content\/uploads\/2025\/06\/saint-tropez-7960722_1280.jpg\" \/>\n\t<meta property=\"og:image:width\" content=\"1280\" \/>\n\t<meta property=\"og:image:height\" content=\"853\" \/>\n\t<meta property=\"og:image:type\" content=\"image\/jpeg\" \/>\n<meta name=\"twitter:card\" content=\"summary_large_image\" \/>\n<meta name=\"twitter:site\" content=\"@TourTravel_More\" \/>\n<meta name=\"twitter:label1\" content=\"Dur\u00e9e de lecture estim\u00e9e\" \/>\n\t<meta name=\"twitter:data1\" content=\"2 minutes\" \/>\n<script type=\"application\/ld+json\" class=\"yoast-schema-graph\">{\"@context\":\"https:\/\/schema.org\",\"@graph\":[{\"@type\":\"WebPage\",\"@id\":\"https:\/\/tourtravelandmore.com\/fr\/tours\/france-fr\/nice-fr\/visite-privee-de-cannes-antibes-et-juan-les-pins-copy\/\",\"url\":\"https:\/\/tourtravelandmore.com\/fr\/tours\/france-fr\/nice-fr\/visite-privee-de-cannes-antibes-et-juan-les-pins-copy\/\",\"name\":\"Visite priv\u00e9e de Saint-Tropez au d\u00e9part de Nice\",\"isPartOf\":{\"@id\":\"https:\/\/tourtravelandmore.com\/fr\/#website\"},\"primaryImageOfPage\":{\"@id\":\"https:\/\/tourtravelandmore.com\/fr\/tours\/france-fr\/nice-fr\/visite-privee-de-cannes-antibes-et-juan-les-pins-copy\/#primaryimage\"},\"image\":{\"@id\":\"https:\/\/tourtravelandmore.com\/fr\/tours\/france-fr\/nice-fr\/visite-privee-de-cannes-antibes-et-juan-les-pins-copy\/#primaryimage\"},\"thumbnailUrl\":\"https:\/\/tourtravelandmore.com\/wp-content\/uploads\/2025\/06\/saint-tropez-7960722_1280.jpg\",\"datePublished\":\"2025-06-06T18:15:45+00:00\",\"dateModified\":\"2025-06-06T18:23:14+00:00\",\"description\":\"Apprenez \u00e0 conna\u00eetre l'une des villes les plus populaires et les plus belles du sud de la France lors d'uneVisite priv\u00e9e de Saint-Tropez au d\u00e9part de Nice avec un chauffeur \/ guide local\",\"breadcrumb\":{\"@id\":\"https:\/\/tourtravelandmore.com\/fr\/tours\/france-fr\/nice-fr\/visite-privee-de-cannes-antibes-et-juan-les-pins-copy\/#breadcrumb\"},\"inLanguage\":\"fr-FR\",\"potentialAction\":[{\"@type\":\"ReadAction\",\"target\":[\"https:\/\/tourtravelandmore.com\/fr\/tours\/france-fr\/nice-fr\/visite-privee-de-cannes-antibes-et-juan-les-pins-copy\/\"]}]},{\"@type\":\"ImageObject\",\"inLanguage\":\"fr-FR\",\"@id\":\"https:\/\/tourtravelandmore.com\/fr\/tours\/france-fr\/nice-fr\/visite-privee-de-cannes-antibes-et-juan-les-pins-copy\/#primaryimage\",\"url\":\"https:\/\/tourtravelandmore.com\/wp-content\/uploads\/2025\/06\/saint-tropez-7960722_1280.jpg\",\"contentUrl\":\"https:\/\/tourtravelandmore.com\/wp-content\/uploads\/2025\/06\/saint-tropez-7960722_1280.jpg\",\"width\":1280,\"height\":853},{\"@type\":\"BreadcrumbList\",\"@id\":\"https:\/\/tourtravelandmore.com\/fr\/tours\/france-fr\/nice-fr\/visite-privee-de-cannes-antibes-et-juan-les-pins-copy\/#breadcrumb\",\"itemListElement\":[{\"@type\":\"ListItem\",\"position\":1,\"name\":\"Home\",\"item\":\"https:\/\/tourtravelandmore.com\/fr\/\"},{\"@type\":\"ListItem\",\"position\":2,\"name\":\"Tours\",\"item\":\"https:\/\/tourtravelandmore.com\/fr\/tours\/\"},{\"@type\":\"ListItem\",\"position\":3,\"name\":\"Visite priv\u00e9e de Saint-Tropez au d\u00e9part de Nice\"}]},{\"@type\":\"WebSite\",\"@id\":\"https:\/\/tourtravelandmore.com\/fr\/#website\",\"url\":\"https:\/\/tourtravelandmore.com\/fr\/\",\"name\":\"Tour Travel And More\",\"description\":\"Private sightseeing tours and luxury transfers in Spain\",\"publisher\":{\"@id\":\"https:\/\/tourtravelandmore.com\/fr\/#organization\"},\"potentialAction\":[{\"@type\":\"SearchAction\",\"target\":{\"@type\":\"EntryPoint\",\"urlTemplate\":\"https:\/\/tourtravelandmore.com\/fr\/?s={search_term_string}\"},\"query-input\":{\"@type\":\"PropertyValueSpecification\",\"valueRequired\":true,\"valueName\":\"search_term_string\"}}],\"inLanguage\":\"fr-FR\"},{\"@type\":\"Organization\",\"@id\":\"https:\/\/tourtravelandmore.com\/fr\/#organization\",\"name\":\"Tour Travel And More\",\"url\":\"https:\/\/tourtravelandmore.com\/fr\/\",\"logo\":{\"@type\":\"ImageObject\",\"inLanguage\":\"fr-FR\",\"@id\":\"https:\/\/tourtravelandmore.com\/fr\/#\/schema\/logo\/image\/\",\"url\":\"https:\/\/tourtravelandmore.com\/wp-content\/uploads\/2022\/12\/cropped-logo-cabecera-new.png\",\"contentUrl\":\"https:\/\/tourtravelandmore.com\/wp-content\/uploads\/2022\/12\/cropped-logo-cabecera-new.png\",\"width\":430,\"height\":61,\"caption\":\"Tour Travel And More\"},\"image\":{\"@id\":\"https:\/\/tourtravelandmore.com\/fr\/#\/schema\/logo\/image\/\"},\"sameAs\":[\"https:\/\/www.facebook.com\/tourtravelandmore\/\",\"https:\/\/x.com\/TourTravel_More\"]}]}<\/script>\n<!-- \/ Yoast SEO Premium plugin. -->","yoast_head_json":{"title":"Visite priv\u00e9e de Saint-Tropez au d\u00e9part de Nice","description":"Apprenez \u00e0 conna\u00eetre l'une des villes les plus populaires et les plus belles du sud de la France lors d'uneVisite priv\u00e9e de Saint-Tropez au d\u00e9part de Nice avec un chauffeur \/ guide local","robots":{"index":"index","follow":"follow","max-snippet":"max-snippet:-1","max-image-preview":"max-image-preview:large","max-video-preview":"max-video-preview:-1"},"canonical":"https:\/\/tourtravelandmore.com\/fr\/tours\/france-fr\/nice-fr\/visite-privee-de-cannes-antibes-et-juan-les-pins-copy\/","og_locale":"fr_FR","og_type":"article","og_title":"Visite priv\u00e9e de Saint-Tropez au d\u00e9part de Nice","og_description":"Apprenez \u00e0 conna\u00eetre l'une des villes les plus populaires et les plus belles du sud de la France lors d'uneVisite priv\u00e9e de Saint-Tropez au d\u00e9part de Nice avec un chauffeur \/ guide local","og_url":"https:\/\/tourtravelandmore.com\/fr\/tours\/france-fr\/nice-fr\/visite-privee-de-cannes-antibes-et-juan-les-pins-copy\/","og_site_name":"Tour Travel And More","article_publisher":"https:\/\/www.facebook.com\/tourtravelandmore\/","article_modified_time":"2025-06-06T18:23:14+00:00","og_image":[{"width":1280,"height":853,"url":"https:\/\/tourtravelandmore.com\/wp-content\/uploads\/2025\/06\/saint-tropez-7960722_1280.jpg","type":"image\/jpeg"}],"twitter_card":"summary_large_image","twitter_site":"@TourTravel_More","twitter_misc":{"Dur\u00e9e de lecture estim\u00e9e":"2 minutes"},"schema":{"@context":"https:\/\/schema.org","@graph":[{"@type":"WebPage","@id":"https:\/\/tourtravelandmore.com\/fr\/tours\/france-fr\/nice-fr\/visite-privee-de-cannes-antibes-et-juan-les-pins-copy\/","url":"https:\/\/tourtravelandmore.com\/fr\/tours\/france-fr\/nice-fr\/visite-privee-de-cannes-antibes-et-juan-les-pins-copy\/","name":"Visite priv\u00e9e de Saint-Tropez au d\u00e9part de Nice","isPartOf":{"@id":"https:\/\/tourtravelandmore.com\/fr\/#website"},"primaryImageOfPage":{"@id":"https:\/\/tourtravelandmore.com\/fr\/tours\/france-fr\/nice-fr\/visite-privee-de-cannes-antibes-et-juan-les-pins-copy\/#primaryimage"},"image":{"@id":"https:\/\/tourtravelandmore.com\/fr\/tours\/france-fr\/nice-fr\/visite-privee-de-cannes-antibes-et-juan-les-pins-copy\/#primaryimage"},"thumbnailUrl":"https:\/\/tourtravelandmore.com\/wp-content\/uploads\/2025\/06\/saint-tropez-7960722_1280.jpg","datePublished":"2025-06-06T18:15:45+00:00","dateModified":"2025-06-06T18:23:14+00:00","description":"Apprenez \u00e0 conna\u00eetre l'une des villes les plus populaires et les plus belles du sud de la France lors d'uneVisite priv\u00e9e de Saint-Tropez au d\u00e9part de Nice avec un chauffeur \/ guide local","breadcrumb":{"@id":"https:\/\/tourtravelandmore.com\/fr\/tours\/france-fr\/nice-fr\/visite-privee-de-cannes-antibes-et-juan-les-pins-copy\/#breadcrumb"},"inLanguage":"fr-FR","potentialAction":[{"@type":"ReadAction","target":["https:\/\/tourtravelandmore.com\/fr\/tours\/france-fr\/nice-fr\/visite-privee-de-cannes-antibes-et-juan-les-pins-copy\/"]}]},{"@type":"ImageObject","inLanguage":"fr-FR","@id":"https:\/\/tourtravelandmore.com\/fr\/tours\/france-fr\/nice-fr\/visite-privee-de-cannes-antibes-et-juan-les-pins-copy\/#primaryimage","url":"https:\/\/tourtravelandmore.com\/wp-content\/uploads\/2025\/06\/saint-tropez-7960722_1280.jpg","contentUrl":"https:\/\/tourtravelandmore.com\/wp-content\/uploads\/2025\/06\/saint-tropez-7960722_1280.jpg","width":1280,"height":853},{"@type":"BreadcrumbList","@id":"https:\/\/tourtravelandmore.com\/fr\/tours\/france-fr\/nice-fr\/visite-privee-de-cannes-antibes-et-juan-les-pins-copy\/#breadcrumb","itemListElement":[{"@type":"ListItem","position":1,"name":"Home","item":"https:\/\/tourtravelandmore.com\/fr\/"},{"@type":"ListItem","position":2,"name":"Tours","item":"https:\/\/tourtravelandmore.com\/fr\/tours\/"},{"@type":"ListItem","position":3,"name":"Visite priv\u00e9e de Saint-Tropez au d\u00e9part de Nice"}]},{"@type":"WebSite","@id":"https:\/\/tourtravelandmore.com\/fr\/#website","url":"https:\/\/tourtravelandmore.com\/fr\/","name":"Tour Travel And More","description":"Private sightseeing tours and luxury transfers in Spain","publisher":{"@id":"https:\/\/tourtravelandmore.com\/fr\/#organization"},"potentialAction":[{"@type":"SearchAction","target":{"@type":"EntryPoint","urlTemplate":"https:\/\/tourtravelandmore.com\/fr\/?s={search_term_string}"},"query-input":{"@type":"PropertyValueSpecification","valueRequired":true,"valueName":"search_term_string"}}],"inLanguage":"fr-FR"},{"@type":"Organization","@id":"https:\/\/tourtravelandmore.com\/fr\/#organization","name":"Tour Travel And More","url":"https:\/\/tourtravelandmore.com\/fr\/","logo":{"@type":"ImageObject","inLanguage":"fr-FR","@id":"https:\/\/tourtravelandmore.com\/fr\/#\/schema\/logo\/image\/","url":"https:\/\/tourtravelandmore.com\/wp-content\/uploads\/2022\/12\/cropped-logo-cabecera-new.png","contentUrl":"https:\/\/tourtravelandmore.com\/wp-content\/uploads\/2022\/12\/cropped-logo-cabecera-new.png","width":430,"height":61,"caption":"Tour Travel And More"},"image":{"@id":"https:\/\/tourtravelandmore.com\/fr\/#\/schema\/logo\/image\/"},"sameAs":["https:\/\/www.facebook.com\/tourtravelandmore\/","https:\/\/x.com\/TourTravel_More"]}]}},"_links":{"self":[{"href":"https:\/\/tourtravelandmore.com\/fr\/wp-json\/wp\/v2\/product\/184534","targetHints":{"allow":["GET"]}}],"collection":[{"href":"https:\/\/tourtravelandmore.com\/fr\/wp-json\/wp\/v2\/product"}],"about":[{"href":"https:\/\/tourtravelandmore.com\/fr\/wp-json\/wp\/v2\/types\/product"}],"replies":[{"embeddable":true,"href":"https:\/\/tourtravelandmore.com\/fr\/wp-json\/wp\/v2\/comments?post=184534"}],"wp:featuredmedia":[{"embeddable":true,"href":"https:\/\/tourtravelandmore.com\/fr\/wp-json\/wp\/v2\/media\/184544"}],"wp:attachment":[{"href":"https:\/\/tourtravelandmore.com\/fr\/wp-json\/wp\/v2\/media?parent=184534"}],"wp:term":[{"taxonomy":"product_brand","embeddable":true,"href":"https:\/\/tourtravelandmore.com\/fr\/wp-json\/wp\/v2\/product_brand?post=184534"},{"taxonomy":"product_cat","embeddable":true,"href":"https:\/\/tourtravelandmore.com\/fr\/wp-json\/wp\/v2\/product_cat?post=184534"},{"taxonomy":"product_tag","embeddable":true,"href":"https:\/\/tourtravelandmore.com\/fr\/wp-json\/wp\/v2\/product_tag?post=184534"}],"curies":[{"name":"wp","href":"https:\/\/api.w.org\/{rel}","templated":true}]}}