{"id":184508,"date":"2025-06-06T19:20:46","date_gmt":"2025-06-06T17:20:49","guid":{"rendered":"https:\/\/tourtravelandmore.com\/?post_type=product&#038;p=184508"},"modified":"2025-06-06T20:10:30","modified_gmt":"2025-06-06T18:10:30","slug":"visite-guidee-privee-du-centre-historique-de-nice-copy","status":"publish","type":"product","link":"https:\/\/tourtravelandmore.com\/fr\/tours\/france-fr\/nice-fr\/visite-guidee-privee-du-centre-historique-de-nice-copy\/","title":{"rendered":"Visite gastronomique priv\u00e9e \u00e0 pied de la vieille ville de Nice"},"content":{"rendered":"<h2><strong>Description<\/strong><\/h2>\n<p>Embarquez pour un voyage sensoriel \u00e0 travers les charmantes rues pav\u00e9es de la vieille ville de Nice avec notre <b>visite gastronomique priv\u00e9e \u00e0 pied<\/b>, con\u00e7ue pour vous plonger dans le riche patrimoine culinaire de la C\u00f4te d&#8217;Azur. Cette exp\u00e9rience exclusive de 3 heures, anim\u00e9e par un guide local exp\u00e9riment\u00e9, allie gastronomie, histoire et culture locale dans une visite inoubliable.<\/p>\n<p>Votre guide adaptera l&#8217;itin\u00e9raire \u00e0 vos centres d&#8217;int\u00e9r\u00eat, en combinant contexte historique et anecdotes locales pour faire revivre le pass\u00e9 et le pr\u00e9sent de la ville. Cette visite guid\u00e9e \u00e0 pied vous permettra d&#8217;appr\u00e9cier davantage l&#8217;identit\u00e9 unique de Nice, \u00e0 la fois italienne et ind\u00e9niablement fran\u00e7aise.<\/p>\n<h2><strong>Visite gastronomique priv\u00e9e \u00e0 pied de la vieille ville de Nice | Points d&#8217;int\u00e9r\u00eat et sites touristiques<\/strong><\/h2>\n<p>En explorant les ruelles anim\u00e9es du <b>Vieux Nice<\/b>, vous d\u00e9couvrirez des tr\u00e9sors cach\u00e9s et des \u00e9tapes gastronomiques embl\u00e9matiques, tout en d\u00e9gustant des sp\u00e9cialit\u00e9s r\u00e9gionales et des d\u00e9lices artisanaux. De la savoureuse <b>socca<\/b> \u00e0 la sucr\u00e9e <b>pissaladi\u00e8re<\/b>, chaque bouch\u00e9e raconte une histoire de tradition et de terroir. Apprenez les origines de la cuisine ni\u00e7oise, d\u00e9couvrez les secrets des ingr\u00e9dients locaux et rencontrez des vendeurs passionn\u00e9s qui font vivre l&#8217;\u00e2me de la ville.<\/p>\n<p>Cette visite \u00e0 pied comprend <b>plusieurs d\u00e9gustations<\/b> et <b>des informations privil\u00e9gi\u00e9es<\/b> sans frais d&#8217;entr\u00e9e, vous permettant de d\u00e9couvrir l&#8217;authenticit\u00e9 de Nice en toute simplicit\u00e9 et confort.<\/p>\n<ul>\n<li>\u2714\ufe0f <b>Visite guid\u00e9e priv\u00e9e de 3 heures<\/b> de la vieille ville de Nice avec un expert local<\/li>\n<li>\u2714\ufe0f <b>D\u00e9gustation de plats traditionnels ni\u00e7ois<\/b>, notamment la socca, la pissaladi\u00e8re, des fromages proven\u00e7aux, de la tapenade d&#8217;olives et des p\u00e2tisseries locales<\/li>\n<li>\u2714\ufe0f <b>Promenade dans le march\u00e9 du Cours Saleya<\/b> (visites le matin uniquement), connu pour ses produits color\u00e9s, ses fleurs et ses produits locaux<\/li>\n<li>\u2714\ufe0f D\u00e9couvrez <b>des cours cach\u00e9es, des fontaines historiques<\/b> et des passages charmants<\/li>\n<li>\u2714\ufe0f Visitez <b>des boulangeries, des \u00e9piceries fines et des boutiques sp\u00e9cialis\u00e9es<\/b><\/li>\n<li>\u2714\ufe0f D\u00e9couvrez l&#8217;<b>histoire culinaire et les influences m\u00e9diterran\u00e9ennes<\/b> de la r\u00e9gion<\/li>\n<li>\u2714\ufe0f Rythme flexible et attention personnalis\u00e9e dans un <b>cadre priv\u00e9<\/b><\/li>\n<\/ul>\n<p>Id\u00e9al pour les gourmets, les nouveaux visiteurs ou ceux qui souhaitent approfondir leurs connaissances culinaires de la C\u00f4te d&#8217;Azur.<\/p>\n","protected":false},"excerpt":{"rendered":"<p>Embarquez pour un voyage sensoriel \u00e0 travers les charmantes rues pav\u00e9es de la vieille ville de Nice avec notre <b>visite gastronomique priv\u00e9e \u00e0 pied<\/b>, con\u00e7ue pour vous plonger dans le riche patrimoine culinaire de la C\u00f4te d&#8217;Azur. Cette exp\u00e9rience exclusive de 3 heures, anim\u00e9e par un guide local exp\u00e9riment\u00e9, allie gastronomie, histoire et culture locale dans une visite inoubliable.<\/p>\n","protected":false},"featured_media":184518,"comment_status":"open","ping_status":"closed","template":"","meta":{"_acf_changed":false},"product_brand":[],"product_cat":[5533,5532,3694],"product_tag":[],"class_list":{"0":"post-184508","1":"product","2":"type-product","3":"status-publish","4":"has-post-thumbnail","6":"product_cat-all-private-tours-activities-fr-40","7":"product_cat-private-sightseeing-tours-fr-49","8":"product_cat-nice-fr","10":"first","11":"instock","12":"shipping-taxable","13":"purchasable","14":"product-type-simple"},"acf":[],"yoast_head":"<!-- This site is optimized with the Yoast SEO Premium plugin v25.3.1 (Yoast SEO v25.3.1) - https:\/\/yoast.com\/wordpress\/plugins\/seo\/ -->\n<title>Visite gastronomique priv\u00e9e \u00e0 pied de la vieille ville de Nice<\/title>\n<meta name=\"description\" content=\"D\u00e9couvrez la superbe architecture et les sites remarquables de Nice lors de cette visite guid\u00e9e priv\u00e9e \u00e0 pied du centre historique de Nice avec votre guide.\" \/>\n<meta name=\"robots\" content=\"index, follow, max-snippet:-1, max-image-preview:large, max-video-preview:-1\" \/>\n<link rel=\"canonical\" href=\"https:\/\/tourtravelandmore.com\/fr\/tours\/france-fr\/nice-fr\/visite-guidee-privee-du-centre-historique-de-nice-copy\/\" \/>\n<meta property=\"og:locale\" content=\"fr_FR\" \/>\n<meta property=\"og:type\" content=\"article\" \/>\n<meta property=\"og:title\" content=\"Visite gastronomique priv\u00e9e \u00e0 pied de la vieille ville de Nice\" \/>\n<meta property=\"og:description\" content=\"D\u00e9couvrez la superbe architecture et les sites remarquables de Nice lors de cette visite guid\u00e9e priv\u00e9e \u00e0 pied du centre historique de Nice avec votre guide.\" \/>\n<meta property=\"og:url\" content=\"https:\/\/tourtravelandmore.com\/fr\/tours\/france-fr\/nice-fr\/visite-guidee-privee-du-centre-historique-de-nice-copy\/\" \/>\n<meta property=\"og:site_name\" content=\"Tour Travel And More\" \/>\n<meta property=\"article:publisher\" content=\"https:\/\/www.facebook.com\/tourtravelandmore\/\" \/>\n<meta property=\"article:modified_time\" content=\"2025-06-06T18:10:30+00:00\" \/>\n<meta property=\"og:image\" content=\"https:\/\/tourtravelandmore.com\/wp-content\/uploads\/2025\/06\/olive-oil-968657_1280.jpg\" \/>\n\t<meta property=\"og:image:width\" content=\"1280\" \/>\n\t<meta property=\"og:image:height\" content=\"853\" \/>\n\t<meta property=\"og:image:type\" content=\"image\/jpeg\" \/>\n<meta name=\"twitter:card\" content=\"summary_large_image\" \/>\n<meta name=\"twitter:site\" content=\"@TourTravel_More\" \/>\n<meta name=\"twitter:label1\" content=\"Dur\u00e9e de lecture estim\u00e9e\" \/>\n\t<meta name=\"twitter:data1\" content=\"2 minutes\" \/>\n<script type=\"application\/ld+json\" class=\"yoast-schema-graph\">{\"@context\":\"https:\/\/schema.org\",\"@graph\":[{\"@type\":\"WebPage\",\"@id\":\"https:\/\/tourtravelandmore.com\/fr\/tours\/france-fr\/nice-fr\/visite-guidee-privee-du-centre-historique-de-nice-copy\/\",\"url\":\"https:\/\/tourtravelandmore.com\/fr\/tours\/france-fr\/nice-fr\/visite-guidee-privee-du-centre-historique-de-nice-copy\/\",\"name\":\"Visite gastronomique priv\u00e9e \u00e0 pied de la vieille ville de Nice\",\"isPartOf\":{\"@id\":\"https:\/\/tourtravelandmore.com\/fr\/#website\"},\"primaryImageOfPage\":{\"@id\":\"https:\/\/tourtravelandmore.com\/fr\/tours\/france-fr\/nice-fr\/visite-guidee-privee-du-centre-historique-de-nice-copy\/#primaryimage\"},\"image\":{\"@id\":\"https:\/\/tourtravelandmore.com\/fr\/tours\/france-fr\/nice-fr\/visite-guidee-privee-du-centre-historique-de-nice-copy\/#primaryimage\"},\"thumbnailUrl\":\"https:\/\/tourtravelandmore.com\/wp-content\/uploads\/2025\/06\/olive-oil-968657_1280.jpg\",\"datePublished\":\"2025-06-06T17:20:49+00:00\",\"dateModified\":\"2025-06-06T18:10:30+00:00\",\"description\":\"D\u00e9couvrez la superbe architecture et les sites remarquables de Nice lors de cette visite guid\u00e9e priv\u00e9e \u00e0 pied du centre historique de Nice avec votre guide.\",\"breadcrumb\":{\"@id\":\"https:\/\/tourtravelandmore.com\/fr\/tours\/france-fr\/nice-fr\/visite-guidee-privee-du-centre-historique-de-nice-copy\/#breadcrumb\"},\"inLanguage\":\"fr-FR\",\"potentialAction\":[{\"@type\":\"ReadAction\",\"target\":[\"https:\/\/tourtravelandmore.com\/fr\/tours\/france-fr\/nice-fr\/visite-guidee-privee-du-centre-historique-de-nice-copy\/\"]}]},{\"@type\":\"ImageObject\",\"inLanguage\":\"fr-FR\",\"@id\":\"https:\/\/tourtravelandmore.com\/fr\/tours\/france-fr\/nice-fr\/visite-guidee-privee-du-centre-historique-de-nice-copy\/#primaryimage\",\"url\":\"https:\/\/tourtravelandmore.com\/wp-content\/uploads\/2025\/06\/olive-oil-968657_1280.jpg\",\"contentUrl\":\"https:\/\/tourtravelandmore.com\/wp-content\/uploads\/2025\/06\/olive-oil-968657_1280.jpg\",\"width\":1280,\"height\":853},{\"@type\":\"BreadcrumbList\",\"@id\":\"https:\/\/tourtravelandmore.com\/fr\/tours\/france-fr\/nice-fr\/visite-guidee-privee-du-centre-historique-de-nice-copy\/#breadcrumb\",\"itemListElement\":[{\"@type\":\"ListItem\",\"position\":1,\"name\":\"Home\",\"item\":\"https:\/\/tourtravelandmore.com\/fr\/\"},{\"@type\":\"ListItem\",\"position\":2,\"name\":\"Tours\",\"item\":\"https:\/\/tourtravelandmore.com\/fr\/tours\/\"},{\"@type\":\"ListItem\",\"position\":3,\"name\":\"Visite gastronomique priv\u00e9e \u00e0 pied de la vieille ville de Nice\"}]},{\"@type\":\"WebSite\",\"@id\":\"https:\/\/tourtravelandmore.com\/fr\/#website\",\"url\":\"https:\/\/tourtravelandmore.com\/fr\/\",\"name\":\"Tour Travel And More\",\"description\":\"Private sightseeing tours and luxury transfers in Spain\",\"publisher\":{\"@id\":\"https:\/\/tourtravelandmore.com\/fr\/#organization\"},\"potentialAction\":[{\"@type\":\"SearchAction\",\"target\":{\"@type\":\"EntryPoint\",\"urlTemplate\":\"https:\/\/tourtravelandmore.com\/fr\/?s={search_term_string}\"},\"query-input\":{\"@type\":\"PropertyValueSpecification\",\"valueRequired\":true,\"valueName\":\"search_term_string\"}}],\"inLanguage\":\"fr-FR\"},{\"@type\":\"Organization\",\"@id\":\"https:\/\/tourtravelandmore.com\/fr\/#organization\",\"name\":\"Tour Travel And More\",\"url\":\"https:\/\/tourtravelandmore.com\/fr\/\",\"logo\":{\"@type\":\"ImageObject\",\"inLanguage\":\"fr-FR\",\"@id\":\"https:\/\/tourtravelandmore.com\/fr\/#\/schema\/logo\/image\/\",\"url\":\"https:\/\/tourtravelandmore.com\/wp-content\/uploads\/2022\/12\/cropped-logo-cabecera-new.png\",\"contentUrl\":\"https:\/\/tourtravelandmore.com\/wp-content\/uploads\/2022\/12\/cropped-logo-cabecera-new.png\",\"width\":430,\"height\":61,\"caption\":\"Tour Travel And More\"},\"image\":{\"@id\":\"https:\/\/tourtravelandmore.com\/fr\/#\/schema\/logo\/image\/\"},\"sameAs\":[\"https:\/\/www.facebook.com\/tourtravelandmore\/\",\"https:\/\/x.com\/TourTravel_More\"]}]}<\/script>\n<!-- \/ Yoast SEO Premium plugin. -->","yoast_head_json":{"title":"Visite gastronomique priv\u00e9e \u00e0 pied de la vieille ville de Nice","description":"D\u00e9couvrez la superbe architecture et les sites remarquables de Nice lors de cette visite guid\u00e9e priv\u00e9e \u00e0 pied du centre historique de Nice avec votre guide.","robots":{"index":"index","follow":"follow","max-snippet":"max-snippet:-1","max-image-preview":"max-image-preview:large","max-video-preview":"max-video-preview:-1"},"canonical":"https:\/\/tourtravelandmore.com\/fr\/tours\/france-fr\/nice-fr\/visite-guidee-privee-du-centre-historique-de-nice-copy\/","og_locale":"fr_FR","og_type":"article","og_title":"Visite gastronomique priv\u00e9e \u00e0 pied de la vieille ville de Nice","og_description":"D\u00e9couvrez la superbe architecture et les sites remarquables de Nice lors de cette visite guid\u00e9e priv\u00e9e \u00e0 pied du centre historique de Nice avec votre guide.","og_url":"https:\/\/tourtravelandmore.com\/fr\/tours\/france-fr\/nice-fr\/visite-guidee-privee-du-centre-historique-de-nice-copy\/","og_site_name":"Tour Travel And More","article_publisher":"https:\/\/www.facebook.com\/tourtravelandmore\/","article_modified_time":"2025-06-06T18:10:30+00:00","og_image":[{"width":1280,"height":853,"url":"https:\/\/tourtravelandmore.com\/wp-content\/uploads\/2025\/06\/olive-oil-968657_1280.jpg","type":"image\/jpeg"}],"twitter_card":"summary_large_image","twitter_site":"@TourTravel_More","twitter_misc":{"Dur\u00e9e de lecture estim\u00e9e":"2 minutes"},"schema":{"@context":"https:\/\/schema.org","@graph":[{"@type":"WebPage","@id":"https:\/\/tourtravelandmore.com\/fr\/tours\/france-fr\/nice-fr\/visite-guidee-privee-du-centre-historique-de-nice-copy\/","url":"https:\/\/tourtravelandmore.com\/fr\/tours\/france-fr\/nice-fr\/visite-guidee-privee-du-centre-historique-de-nice-copy\/","name":"Visite gastronomique priv\u00e9e \u00e0 pied de la vieille ville de Nice","isPartOf":{"@id":"https:\/\/tourtravelandmore.com\/fr\/#website"},"primaryImageOfPage":{"@id":"https:\/\/tourtravelandmore.com\/fr\/tours\/france-fr\/nice-fr\/visite-guidee-privee-du-centre-historique-de-nice-copy\/#primaryimage"},"image":{"@id":"https:\/\/tourtravelandmore.com\/fr\/tours\/france-fr\/nice-fr\/visite-guidee-privee-du-centre-historique-de-nice-copy\/#primaryimage"},"thumbnailUrl":"https:\/\/tourtravelandmore.com\/wp-content\/uploads\/2025\/06\/olive-oil-968657_1280.jpg","datePublished":"2025-06-06T17:20:49+00:00","dateModified":"2025-06-06T18:10:30+00:00","description":"D\u00e9couvrez la superbe architecture et les sites remarquables de Nice lors de cette visite guid\u00e9e priv\u00e9e \u00e0 pied du centre historique de Nice avec votre guide.","breadcrumb":{"@id":"https:\/\/tourtravelandmore.com\/fr\/tours\/france-fr\/nice-fr\/visite-guidee-privee-du-centre-historique-de-nice-copy\/#breadcrumb"},"inLanguage":"fr-FR","potentialAction":[{"@type":"ReadAction","target":["https:\/\/tourtravelandmore.com\/fr\/tours\/france-fr\/nice-fr\/visite-guidee-privee-du-centre-historique-de-nice-copy\/"]}]},{"@type":"ImageObject","inLanguage":"fr-FR","@id":"https:\/\/tourtravelandmore.com\/fr\/tours\/france-fr\/nice-fr\/visite-guidee-privee-du-centre-historique-de-nice-copy\/#primaryimage","url":"https:\/\/tourtravelandmore.com\/wp-content\/uploads\/2025\/06\/olive-oil-968657_1280.jpg","contentUrl":"https:\/\/tourtravelandmore.com\/wp-content\/uploads\/2025\/06\/olive-oil-968657_1280.jpg","width":1280,"height":853},{"@type":"BreadcrumbList","@id":"https:\/\/tourtravelandmore.com\/fr\/tours\/france-fr\/nice-fr\/visite-guidee-privee-du-centre-historique-de-nice-copy\/#breadcrumb","itemListElement":[{"@type":"ListItem","position":1,"name":"Home","item":"https:\/\/tourtravelandmore.com\/fr\/"},{"@type":"ListItem","position":2,"name":"Tours","item":"https:\/\/tourtravelandmore.com\/fr\/tours\/"},{"@type":"ListItem","position":3,"name":"Visite gastronomique priv\u00e9e \u00e0 pied de la vieille ville de Nice"}]},{"@type":"WebSite","@id":"https:\/\/tourtravelandmore.com\/fr\/#website","url":"https:\/\/tourtravelandmore.com\/fr\/","name":"Tour Travel And More","description":"Private sightseeing tours and luxury transfers in Spain","publisher":{"@id":"https:\/\/tourtravelandmore.com\/fr\/#organization"},"potentialAction":[{"@type":"SearchAction","target":{"@type":"EntryPoint","urlTemplate":"https:\/\/tourtravelandmore.com\/fr\/?s={search_term_string}"},"query-input":{"@type":"PropertyValueSpecification","valueRequired":true,"valueName":"search_term_string"}}],"inLanguage":"fr-FR"},{"@type":"Organization","@id":"https:\/\/tourtravelandmore.com\/fr\/#organization","name":"Tour Travel And More","url":"https:\/\/tourtravelandmore.com\/fr\/","logo":{"@type":"ImageObject","inLanguage":"fr-FR","@id":"https:\/\/tourtravelandmore.com\/fr\/#\/schema\/logo\/image\/","url":"https:\/\/tourtravelandmore.com\/wp-content\/uploads\/2022\/12\/cropped-logo-cabecera-new.png","contentUrl":"https:\/\/tourtravelandmore.com\/wp-content\/uploads\/2022\/12\/cropped-logo-cabecera-new.png","width":430,"height":61,"caption":"Tour Travel And More"},"image":{"@id":"https:\/\/tourtravelandmore.com\/fr\/#\/schema\/logo\/image\/"},"sameAs":["https:\/\/www.facebook.com\/tourtravelandmore\/","https:\/\/x.com\/TourTravel_More"]}]}},"_links":{"self":[{"href":"https:\/\/tourtravelandmore.com\/fr\/wp-json\/wp\/v2\/product\/184508","targetHints":{"allow":["GET"]}}],"collection":[{"href":"https:\/\/tourtravelandmore.com\/fr\/wp-json\/wp\/v2\/product"}],"about":[{"href":"https:\/\/tourtravelandmore.com\/fr\/wp-json\/wp\/v2\/types\/product"}],"replies":[{"embeddable":true,"href":"https:\/\/tourtravelandmore.com\/fr\/wp-json\/wp\/v2\/comments?post=184508"}],"wp:featuredmedia":[{"embeddable":true,"href":"https:\/\/tourtravelandmore.com\/fr\/wp-json\/wp\/v2\/media\/184518"}],"wp:attachment":[{"href":"https:\/\/tourtravelandmore.com\/fr\/wp-json\/wp\/v2\/media?parent=184508"}],"wp:term":[{"taxonomy":"product_brand","embeddable":true,"href":"https:\/\/tourtravelandmore.com\/fr\/wp-json\/wp\/v2\/product_brand?post=184508"},{"taxonomy":"product_cat","embeddable":true,"href":"https:\/\/tourtravelandmore.com\/fr\/wp-json\/wp\/v2\/product_cat?post=184508"},{"taxonomy":"product_tag","embeddable":true,"href":"https:\/\/tourtravelandmore.com\/fr\/wp-json\/wp\/v2\/product_tag?post=184508"}],"curies":[{"name":"wp","href":"https:\/\/api.w.org\/{rel}","templated":true}]}}