{"id":184482,"date":"2025-06-06T19:09:15","date_gmt":"2025-06-06T17:09:26","guid":{"rendered":"https:\/\/tourtravelandmore.com\/?post_type=product&#038;p=184482"},"modified":"2025-06-06T19:19:25","modified_gmt":"2025-06-06T17:19:25","slug":"visite-privee-de-nice-avec-votre-propre-chauffeur-guide-copy","status":"publish","type":"product","link":"https:\/\/tourtravelandmore.com\/fr\/tours\/france-fr\/nice-fr\/visite-privee-de-nice-avec-votre-propre-chauffeur-guide-copy\/","title":{"rendered":"Visite nocturne priv\u00e9e de Nice"},"content":{"rendered":"<h2><b><strong>Description<\/strong><\/b><\/h2>\n<p>D\u00e9couvrez le charme et l&#8217;\u00e9l\u00e9gance de Nice apr\u00e8s le coucher du soleil gr\u00e2ce \u00e0 notre <b>visite nocturne priv\u00e9e<\/b>. Cette exp\u00e9rience exclusive de 3 heures est con\u00e7ue pour ceux qui souhaitent d\u00e9couvrir la ville sous un nouveau jour, au sens propre comme au figur\u00e9. Accompagn\u00e9 d&#8217;un <b>chauffeur\/guide<\/b> priv\u00e9, vous explorerez les sites les plus embl\u00e9matiques et les coins cach\u00e9s de la ville la plus \u00e9blouissante de la C\u00f4te d&#8217;Azur, magnifiquement illumin\u00e9s par la nuit.<\/p>\n<p>Id\u00e9ale pour les couples, les petits groupes ou les voyageurs solitaires \u00e0 la recherche d&#8217;une perspective plus intime de la ville, cette visite met en valeur la magie de Nice apr\u00e8s la tomb\u00e9e de la nuit, sans avoir \u00e0 payer de billets d&#8217;entr\u00e9e.<\/p>\n<h2><b><strong>Visite nocturne priv\u00e9e de Nice | Points d&#8217;int\u00e9r\u00eat et sites touristiques<\/strong><\/b><\/h2>\n<p>Profitez d&#8217;un trajet confortable dans un v\u00e9hicule de luxe tout en admirant des vues panoramiques, en vous promenant le long de promenades romantiques et en vous impr\u00e9gnant de l&#8217;atmosph\u00e8re anim\u00e9e de la vieille ville. Cette visite nocturne est adapt\u00e9e \u00e0 votre rythme et \u00e0 vos pr\u00e9f\u00e9rences, vous offrant une fa\u00e7on d\u00e9tendue et inoubliable de d\u00e9couvrir Nice sans la foule diurne.<\/p>\n<ul>\n<li><b>V\u00e9hicule priv\u00e9 avec chauffeur\/guide<\/b> exclusivement pour votre groupe<\/li>\n<li><b>Vue panoramique depuis le Mont Boron<\/b> pour une vue imprenable sur Nice et la Baie des Anges<\/li>\n<li>La Promenade des Anglais, l&#8217;une des plus c\u00e9l\u00e8bres avenues en bord de mer au monde, magnifiquement \u00e9clair\u00e9e la nuit<\/li>\n<li>Promenade dans le Vieux Nice pour explorer ses ruelles \u00e9troites, son architecture baroque et son ambiance locale anim\u00e9e<\/li>\n<li>Arr\u00eat \u00e0 la Place Mass\u00e9na, la place centrale de la ville, illumin\u00e9e par des installations lumineuses modernes et bord\u00e9e d&#8217;\u00e9l\u00e9gantes fa\u00e7ades<\/li>\n<li>Visite du port de Nice, o\u00f9 se refl\u00e8tent sur l&#8217;eau des yachts de luxe et des bateaux de p\u00eache color\u00e9s<\/li>\n<li>Temps libre pour prendre un verre ou d\u00e9guster une collation locale dans un caf\u00e9 ou un bar typique (\u00e0 vos frais)<\/li>\n<li>Itin\u00e9raire enti\u00e8rement personnalisable en fonction de vos centres d&#8217;int\u00e9r\u00eat<\/li>\n<\/ul>\n<p>D\u00e9couvrez l&#8217;\u00e2me de <b>Nice<\/b> de la mani\u00e8re la plus sereine et la plus authentique qui soit. Contactez-nous pour personnaliser votre visite nocturne ou r\u00e9servez directement aupr\u00e8s de Tour Travel &amp; More pour une exp\u00e9rience \u00e9l\u00e9gante et sans souci sur la C\u00f4te d&#8217;Azur.<\/p>\n","protected":false},"excerpt":{"rendered":"<p>D\u00e9couvrez le charme et l&#8217;\u00e9l\u00e9gance de Nice apr\u00e8s le coucher du soleil gr\u00e2ce \u00e0 notre <b>visite nocturne priv\u00e9e<\/b>. Cette exp\u00e9rience exclusive de 3 heures est con\u00e7ue pour ceux qui souhaitent d\u00e9couvrir la ville sous un nouveau jour, au sens propre comme au figur\u00e9. Accompagn\u00e9 d&#8217;un <b>chauffeur\/guide<\/b> priv\u00e9, vous explorerez les sites les plus embl\u00e9matiques et les coins cach\u00e9s de la ville la plus \u00e9blouissante de la C\u00f4te d&#8217;Azur, magnifiquement illumin\u00e9s par la nuit.<\/p>\n","protected":false},"featured_media":184492,"comment_status":"open","ping_status":"closed","template":"","meta":{"_acf_changed":false},"product_brand":[],"product_cat":[5533,5532,3694],"product_tag":[],"class_list":{"0":"post-184482","1":"product","2":"type-product","3":"status-publish","4":"has-post-thumbnail","6":"product_cat-all-private-tours-activities-fr-40","7":"product_cat-private-sightseeing-tours-fr-49","8":"product_cat-nice-fr","10":"first","11":"instock","12":"shipping-taxable","13":"purchasable","14":"product-type-simple"},"acf":[],"yoast_head":"<!-- This site is optimized with the Yoast SEO Premium plugin v25.3.1 (Yoast SEO v25.3.1) - https:\/\/yoast.com\/wordpress\/plugins\/seo\/ -->\n<title>\u27a1\ufe0f Visite nocturne priv\u00e9e de Nice - Tour Travel &amp; More<\/title>\n<meta name=\"description\" content=\"Profitez de la grande architecture de Nice, d\u00e9couvrez son histoire et \u00e9merveillez-vous de ses merveilleux sites lors de cette visite priv\u00e9e avec votre chauffeur \/ guide agr\u00e9\u00e9.\" \/>\n<meta name=\"robots\" content=\"index, follow, max-snippet:-1, max-image-preview:large, max-video-preview:-1\" \/>\n<link rel=\"canonical\" href=\"https:\/\/tourtravelandmore.com\/fr\/tours\/france-fr\/nice-fr\/visite-privee-de-nice-avec-votre-propre-chauffeur-guide-copy\/\" \/>\n<meta property=\"og:locale\" content=\"fr_FR\" \/>\n<meta property=\"og:type\" content=\"article\" \/>\n<meta property=\"og:title\" content=\"Visite nocturne priv\u00e9e de Nice\" \/>\n<meta property=\"og:description\" content=\"Profitez de la grande architecture de Nice, d\u00e9couvrez son histoire et \u00e9merveillez-vous de ses merveilleux sites lors de cette visite priv\u00e9e avec votre chauffeur \/ guide agr\u00e9\u00e9.\" \/>\n<meta property=\"og:url\" content=\"https:\/\/tourtravelandmore.com\/fr\/tours\/france-fr\/nice-fr\/visite-privee-de-nice-avec-votre-propre-chauffeur-guide-copy\/\" \/>\n<meta property=\"og:site_name\" content=\"Tour Travel And More\" \/>\n<meta property=\"article:publisher\" content=\"https:\/\/www.facebook.com\/tourtravelandmore\/\" \/>\n<meta property=\"article:modified_time\" content=\"2025-06-06T17:19:25+00:00\" \/>\n<meta property=\"og:image\" content=\"https:\/\/tourtravelandmore.com\/wp-content\/uploads\/2025\/06\/blue-hour-1502101_1920.jpg\" \/>\n\t<meta property=\"og:image:width\" content=\"1920\" \/>\n\t<meta property=\"og:image:height\" content=\"812\" \/>\n\t<meta property=\"og:image:type\" content=\"image\/jpeg\" \/>\n<meta name=\"twitter:card\" content=\"summary_large_image\" \/>\n<meta name=\"twitter:site\" content=\"@TourTravel_More\" \/>\n<meta name=\"twitter:label1\" content=\"Dur\u00e9e de lecture estim\u00e9e\" \/>\n\t<meta name=\"twitter:data1\" content=\"2 minutes\" \/>\n<script type=\"application\/ld+json\" class=\"yoast-schema-graph\">{\"@context\":\"https:\/\/schema.org\",\"@graph\":[{\"@type\":\"WebPage\",\"@id\":\"https:\/\/tourtravelandmore.com\/fr\/tours\/france-fr\/nice-fr\/visite-privee-de-nice-avec-votre-propre-chauffeur-guide-copy\/\",\"url\":\"https:\/\/tourtravelandmore.com\/fr\/tours\/france-fr\/nice-fr\/visite-privee-de-nice-avec-votre-propre-chauffeur-guide-copy\/\",\"name\":\"\u27a1\ufe0f Visite nocturne priv\u00e9e de Nice - Tour Travel & More\",\"isPartOf\":{\"@id\":\"https:\/\/tourtravelandmore.com\/fr\/#website\"},\"primaryImageOfPage\":{\"@id\":\"https:\/\/tourtravelandmore.com\/fr\/tours\/france-fr\/nice-fr\/visite-privee-de-nice-avec-votre-propre-chauffeur-guide-copy\/#primaryimage\"},\"image\":{\"@id\":\"https:\/\/tourtravelandmore.com\/fr\/tours\/france-fr\/nice-fr\/visite-privee-de-nice-avec-votre-propre-chauffeur-guide-copy\/#primaryimage\"},\"thumbnailUrl\":\"https:\/\/tourtravelandmore.com\/wp-content\/uploads\/2025\/06\/blue-hour-1502101_1920.jpg\",\"datePublished\":\"2025-06-06T17:09:26+00:00\",\"dateModified\":\"2025-06-06T17:19:25+00:00\",\"description\":\"Profitez de la grande architecture de Nice, d\u00e9couvrez son histoire et \u00e9merveillez-vous de ses merveilleux sites lors de cette visite priv\u00e9e avec votre chauffeur \/ guide agr\u00e9\u00e9.\",\"breadcrumb\":{\"@id\":\"https:\/\/tourtravelandmore.com\/fr\/tours\/france-fr\/nice-fr\/visite-privee-de-nice-avec-votre-propre-chauffeur-guide-copy\/#breadcrumb\"},\"inLanguage\":\"fr-FR\",\"potentialAction\":[{\"@type\":\"ReadAction\",\"target\":[\"https:\/\/tourtravelandmore.com\/fr\/tours\/france-fr\/nice-fr\/visite-privee-de-nice-avec-votre-propre-chauffeur-guide-copy\/\"]}]},{\"@type\":\"ImageObject\",\"inLanguage\":\"fr-FR\",\"@id\":\"https:\/\/tourtravelandmore.com\/fr\/tours\/france-fr\/nice-fr\/visite-privee-de-nice-avec-votre-propre-chauffeur-guide-copy\/#primaryimage\",\"url\":\"https:\/\/tourtravelandmore.com\/wp-content\/uploads\/2025\/06\/blue-hour-1502101_1920.jpg\",\"contentUrl\":\"https:\/\/tourtravelandmore.com\/wp-content\/uploads\/2025\/06\/blue-hour-1502101_1920.jpg\",\"width\":1920,\"height\":812},{\"@type\":\"BreadcrumbList\",\"@id\":\"https:\/\/tourtravelandmore.com\/fr\/tours\/france-fr\/nice-fr\/visite-privee-de-nice-avec-votre-propre-chauffeur-guide-copy\/#breadcrumb\",\"itemListElement\":[{\"@type\":\"ListItem\",\"position\":1,\"name\":\"Home\",\"item\":\"https:\/\/tourtravelandmore.com\/fr\/\"},{\"@type\":\"ListItem\",\"position\":2,\"name\":\"Tours\",\"item\":\"https:\/\/tourtravelandmore.com\/fr\/tours\/\"},{\"@type\":\"ListItem\",\"position\":3,\"name\":\"Visite nocturne priv\u00e9e de Nice\"}]},{\"@type\":\"WebSite\",\"@id\":\"https:\/\/tourtravelandmore.com\/fr\/#website\",\"url\":\"https:\/\/tourtravelandmore.com\/fr\/\",\"name\":\"Tour Travel And More\",\"description\":\"Private sightseeing tours and luxury transfers in Spain\",\"publisher\":{\"@id\":\"https:\/\/tourtravelandmore.com\/fr\/#organization\"},\"potentialAction\":[{\"@type\":\"SearchAction\",\"target\":{\"@type\":\"EntryPoint\",\"urlTemplate\":\"https:\/\/tourtravelandmore.com\/fr\/?s={search_term_string}\"},\"query-input\":{\"@type\":\"PropertyValueSpecification\",\"valueRequired\":true,\"valueName\":\"search_term_string\"}}],\"inLanguage\":\"fr-FR\"},{\"@type\":\"Organization\",\"@id\":\"https:\/\/tourtravelandmore.com\/fr\/#organization\",\"name\":\"Tour Travel And More\",\"url\":\"https:\/\/tourtravelandmore.com\/fr\/\",\"logo\":{\"@type\":\"ImageObject\",\"inLanguage\":\"fr-FR\",\"@id\":\"https:\/\/tourtravelandmore.com\/fr\/#\/schema\/logo\/image\/\",\"url\":\"https:\/\/tourtravelandmore.com\/wp-content\/uploads\/2022\/12\/cropped-logo-cabecera-new.png\",\"contentUrl\":\"https:\/\/tourtravelandmore.com\/wp-content\/uploads\/2022\/12\/cropped-logo-cabecera-new.png\",\"width\":430,\"height\":61,\"caption\":\"Tour Travel And More\"},\"image\":{\"@id\":\"https:\/\/tourtravelandmore.com\/fr\/#\/schema\/logo\/image\/\"},\"sameAs\":[\"https:\/\/www.facebook.com\/tourtravelandmore\/\",\"https:\/\/x.com\/TourTravel_More\"]}]}<\/script>\n<!-- \/ Yoast SEO Premium plugin. -->","yoast_head_json":{"title":"\u27a1\ufe0f Visite nocturne priv\u00e9e de Nice - Tour Travel & More","description":"Profitez de la grande architecture de Nice, d\u00e9couvrez son histoire et \u00e9merveillez-vous de ses merveilleux sites lors de cette visite priv\u00e9e avec votre chauffeur \/ guide agr\u00e9\u00e9.","robots":{"index":"index","follow":"follow","max-snippet":"max-snippet:-1","max-image-preview":"max-image-preview:large","max-video-preview":"max-video-preview:-1"},"canonical":"https:\/\/tourtravelandmore.com\/fr\/tours\/france-fr\/nice-fr\/visite-privee-de-nice-avec-votre-propre-chauffeur-guide-copy\/","og_locale":"fr_FR","og_type":"article","og_title":"Visite nocturne priv\u00e9e de Nice","og_description":"Profitez de la grande architecture de Nice, d\u00e9couvrez son histoire et \u00e9merveillez-vous de ses merveilleux sites lors de cette visite priv\u00e9e avec votre chauffeur \/ guide agr\u00e9\u00e9.","og_url":"https:\/\/tourtravelandmore.com\/fr\/tours\/france-fr\/nice-fr\/visite-privee-de-nice-avec-votre-propre-chauffeur-guide-copy\/","og_site_name":"Tour Travel And More","article_publisher":"https:\/\/www.facebook.com\/tourtravelandmore\/","article_modified_time":"2025-06-06T17:19:25+00:00","og_image":[{"width":1920,"height":812,"url":"https:\/\/tourtravelandmore.com\/wp-content\/uploads\/2025\/06\/blue-hour-1502101_1920.jpg","type":"image\/jpeg"}],"twitter_card":"summary_large_image","twitter_site":"@TourTravel_More","twitter_misc":{"Dur\u00e9e de lecture estim\u00e9e":"2 minutes"},"schema":{"@context":"https:\/\/schema.org","@graph":[{"@type":"WebPage","@id":"https:\/\/tourtravelandmore.com\/fr\/tours\/france-fr\/nice-fr\/visite-privee-de-nice-avec-votre-propre-chauffeur-guide-copy\/","url":"https:\/\/tourtravelandmore.com\/fr\/tours\/france-fr\/nice-fr\/visite-privee-de-nice-avec-votre-propre-chauffeur-guide-copy\/","name":"\u27a1\ufe0f Visite nocturne priv\u00e9e de Nice - Tour Travel & More","isPartOf":{"@id":"https:\/\/tourtravelandmore.com\/fr\/#website"},"primaryImageOfPage":{"@id":"https:\/\/tourtravelandmore.com\/fr\/tours\/france-fr\/nice-fr\/visite-privee-de-nice-avec-votre-propre-chauffeur-guide-copy\/#primaryimage"},"image":{"@id":"https:\/\/tourtravelandmore.com\/fr\/tours\/france-fr\/nice-fr\/visite-privee-de-nice-avec-votre-propre-chauffeur-guide-copy\/#primaryimage"},"thumbnailUrl":"https:\/\/tourtravelandmore.com\/wp-content\/uploads\/2025\/06\/blue-hour-1502101_1920.jpg","datePublished":"2025-06-06T17:09:26+00:00","dateModified":"2025-06-06T17:19:25+00:00","description":"Profitez de la grande architecture de Nice, d\u00e9couvrez son histoire et \u00e9merveillez-vous de ses merveilleux sites lors de cette visite priv\u00e9e avec votre chauffeur \/ guide agr\u00e9\u00e9.","breadcrumb":{"@id":"https:\/\/tourtravelandmore.com\/fr\/tours\/france-fr\/nice-fr\/visite-privee-de-nice-avec-votre-propre-chauffeur-guide-copy\/#breadcrumb"},"inLanguage":"fr-FR","potentialAction":[{"@type":"ReadAction","target":["https:\/\/tourtravelandmore.com\/fr\/tours\/france-fr\/nice-fr\/visite-privee-de-nice-avec-votre-propre-chauffeur-guide-copy\/"]}]},{"@type":"ImageObject","inLanguage":"fr-FR","@id":"https:\/\/tourtravelandmore.com\/fr\/tours\/france-fr\/nice-fr\/visite-privee-de-nice-avec-votre-propre-chauffeur-guide-copy\/#primaryimage","url":"https:\/\/tourtravelandmore.com\/wp-content\/uploads\/2025\/06\/blue-hour-1502101_1920.jpg","contentUrl":"https:\/\/tourtravelandmore.com\/wp-content\/uploads\/2025\/06\/blue-hour-1502101_1920.jpg","width":1920,"height":812},{"@type":"BreadcrumbList","@id":"https:\/\/tourtravelandmore.com\/fr\/tours\/france-fr\/nice-fr\/visite-privee-de-nice-avec-votre-propre-chauffeur-guide-copy\/#breadcrumb","itemListElement":[{"@type":"ListItem","position":1,"name":"Home","item":"https:\/\/tourtravelandmore.com\/fr\/"},{"@type":"ListItem","position":2,"name":"Tours","item":"https:\/\/tourtravelandmore.com\/fr\/tours\/"},{"@type":"ListItem","position":3,"name":"Visite nocturne priv\u00e9e de Nice"}]},{"@type":"WebSite","@id":"https:\/\/tourtravelandmore.com\/fr\/#website","url":"https:\/\/tourtravelandmore.com\/fr\/","name":"Tour Travel And More","description":"Private sightseeing tours and luxury transfers in Spain","publisher":{"@id":"https:\/\/tourtravelandmore.com\/fr\/#organization"},"potentialAction":[{"@type":"SearchAction","target":{"@type":"EntryPoint","urlTemplate":"https:\/\/tourtravelandmore.com\/fr\/?s={search_term_string}"},"query-input":{"@type":"PropertyValueSpecification","valueRequired":true,"valueName":"search_term_string"}}],"inLanguage":"fr-FR"},{"@type":"Organization","@id":"https:\/\/tourtravelandmore.com\/fr\/#organization","name":"Tour Travel And More","url":"https:\/\/tourtravelandmore.com\/fr\/","logo":{"@type":"ImageObject","inLanguage":"fr-FR","@id":"https:\/\/tourtravelandmore.com\/fr\/#\/schema\/logo\/image\/","url":"https:\/\/tourtravelandmore.com\/wp-content\/uploads\/2022\/12\/cropped-logo-cabecera-new.png","contentUrl":"https:\/\/tourtravelandmore.com\/wp-content\/uploads\/2022\/12\/cropped-logo-cabecera-new.png","width":430,"height":61,"caption":"Tour Travel And More"},"image":{"@id":"https:\/\/tourtravelandmore.com\/fr\/#\/schema\/logo\/image\/"},"sameAs":["https:\/\/www.facebook.com\/tourtravelandmore\/","https:\/\/x.com\/TourTravel_More"]}]}},"_links":{"self":[{"href":"https:\/\/tourtravelandmore.com\/fr\/wp-json\/wp\/v2\/product\/184482","targetHints":{"allow":["GET"]}}],"collection":[{"href":"https:\/\/tourtravelandmore.com\/fr\/wp-json\/wp\/v2\/product"}],"about":[{"href":"https:\/\/tourtravelandmore.com\/fr\/wp-json\/wp\/v2\/types\/product"}],"replies":[{"embeddable":true,"href":"https:\/\/tourtravelandmore.com\/fr\/wp-json\/wp\/v2\/comments?post=184482"}],"wp:featuredmedia":[{"embeddable":true,"href":"https:\/\/tourtravelandmore.com\/fr\/wp-json\/wp\/v2\/media\/184492"}],"wp:attachment":[{"href":"https:\/\/tourtravelandmore.com\/fr\/wp-json\/wp\/v2\/media?parent=184482"}],"wp:term":[{"taxonomy":"product_brand","embeddable":true,"href":"https:\/\/tourtravelandmore.com\/fr\/wp-json\/wp\/v2\/product_brand?post=184482"},{"taxonomy":"product_cat","embeddable":true,"href":"https:\/\/tourtravelandmore.com\/fr\/wp-json\/wp\/v2\/product_cat?post=184482"},{"taxonomy":"product_tag","embeddable":true,"href":"https:\/\/tourtravelandmore.com\/fr\/wp-json\/wp\/v2\/product_tag?post=184482"}],"curies":[{"name":"wp","href":"https:\/\/api.w.org\/{rel}","templated":true}]}}