{"id":184445,"date":"2025-06-04T18:40:15","date_gmt":"2025-06-04T16:40:26","guid":{"rendered":"https:\/\/tourtravelandmore.com\/?post_type=product&#038;p=184445"},"modified":"2025-06-04T19:21:22","modified_gmt":"2025-06-04T17:21:22","slug":"visite-privee-de-monaco-et-menton-au-depart-de-nice-avec-chauffeur-guide-copy","status":"publish","type":"product","link":"https:\/\/tourtravelandmore.com\/fr\/tours\/france-fr\/nice-fr\/visite-privee-de-monaco-et-menton-au-depart-de-nice-avec-chauffeur-guide-copy\/","title":{"rendered":"Visite guid\u00e9e priv\u00e9e du centre historique de Nice"},"content":{"rendered":"<h2><b><strong>Description<\/strong><\/b><\/h2>\n<p>D\u00e9couvrez l&#8217;essence m\u00eame de la C\u00f4te d&#8217;Azur gr\u00e2ce \u00e0 notre visite guid\u00e9e priv\u00e9e de 2 heures dans le centre historique de Nice, en compagnie d&#8217;un guide local exp\u00e9riment\u00e9. Cette exp\u00e9rience est id\u00e9ale pour ceux qui souhaitent explorer l&#8217;\u00e2me authentique de Nice, son patrimoine culturel et son charme m\u00e9diterran\u00e9en, le tout \u00e0 un rythme tranquille et sans avoir \u00e0 acheter de billets d&#8217;entr\u00e9e.<\/p>\n<p>Votre guide adaptera l&#8217;itin\u00e9raire \u00e0 vos centres d&#8217;int\u00e9r\u00eat, en combinant contexte historique et anecdotes locales pour faire revivre le pass\u00e9 et le pr\u00e9sent de la ville. Cette visite guid\u00e9e \u00e0 pied vous permettra d&#8217;appr\u00e9cier davantage l&#8217;identit\u00e9 unique de Nice, \u00e0 la fois italienne et r\u00e9solument fran\u00e7aise.<\/p>\n<h2><b><strong>Visite guid\u00e9e priv\u00e9e du centre historique de Nice | Points d&#8217;int\u00e9r\u00eat et monuments<\/strong><\/b><\/h2>\n<p>Au d\u00e9part d&#8217;un point de rendez-vous central ou de votre h\u00f4tel si vous le souhaitez, votre guide priv\u00e9 vous emm\u00e8nera au c\u0153ur de la <b>Vieille Nice<\/b>, la vieille ville color\u00e9e et anim\u00e9e de la ville. En vous promenant dans ses ruelles \u00e9troites, vous d\u00e9couvrirez des pans entiers de l&#8217;histoire et la vie quotidienne des habitants, tout en admirant la magnifique architecture baroque, les charmantes places et les march\u00e9s en plein air anim\u00e9s.<\/p>\n<ul>\n<li><b>Vieux Nice<\/b> : d\u00e9couvrez le charme des ruelles \u00e9troites, des fa\u00e7ades aux couleurs pastel et des boutiques d&#8217;artisans dans le c\u0153ur historique de la ville.<\/li>\n<li><b>March\u00e9 du Cours Saleya<\/b> : visitez le march\u00e9 le plus c\u00e9l\u00e8bre de Nice, connu pour ses fleurs, ses produits locaux et son charme proven\u00e7al (ouvert presque tous les matins).<\/li>\n<li><b>Place Rossetti<\/b> : admirez cette place pittoresque et la <b>cath\u00e9drale Sainte-R\u00e9parate<\/b>, un bel exemple d&#8217;architecture baroque du XVIIe si\u00e8cle.<\/li>\n<li><b>Promenade du Paillon<\/b> : profitez d&#8217;une promenade rafra\u00eechissante dans ce parc urbain moderne qui relie la vieille ville au nouveau centre-ville.<\/li>\n<li><b>Place Mass\u00e9na<\/b> : explorez cette place embl\u00e9matique entour\u00e9e de b\u00e2timents \u00e0 arcades et connue pour son sol en damier et ses sculptures modernes.<\/li>\n<li><b>Aper\u00e7u historique et anecdotes locales<\/b> : d\u00e9couvrez les racines italiennes de Nice, son annexion \u00e0 la France et son \u00e9volution vers une ville cosmopolite de la C\u00f4te d&#8217;Azur.<\/li>\n<li><b>Exp\u00e9rience priv\u00e9e avec un guide expert<\/b> : profitez d&#8217;une visite \u00e0 pied enti\u00e8rement personnalis\u00e9e, adapt\u00e9e \u00e0 votre rythme et \u00e0 vos centres d&#8217;int\u00e9r\u00eat.<\/li>\n<\/ul>\n<p>Cette visite priv\u00e9e \u00e0 pied est con\u00e7ue pour vous donner un aper\u00e7u significatif de Nice en seulement deux heures. Elle est id\u00e9ale pour les escales de croisi\u00e8re, les courts s\u00e9jours ou toute personne souhaitant profiter au maximum de son temps dans la ville.<\/p>\n","protected":false},"excerpt":{"rendered":"<p>D\u00e9couvrez l&#8217;essence m\u00eame de la C\u00f4te d&#8217;Azur gr\u00e2ce \u00e0 notre visite guid\u00e9e priv\u00e9e de 2 heures dans le centre historique de Nice, en compagnie d&#8217;un guide local exp\u00e9riment\u00e9. Cette exp\u00e9rience est id\u00e9ale pour ceux qui souhaitent explorer l&#8217;\u00e2me authentique de Nice, son patrimoine culturel et son charme m\u00e9diterran\u00e9en, le tout \u00e0 un rythme tranquille et sans avoir \u00e0 acheter de billets d&#8217;entr\u00e9e.<\/p>\n","protected":false},"featured_media":184455,"comment_status":"open","ping_status":"closed","template":"","meta":{"_acf_changed":false},"product_brand":[],"product_cat":[5533,5532,3694],"product_tag":[],"class_list":{"0":"post-184445","1":"product","2":"type-product","3":"status-publish","4":"has-post-thumbnail","6":"product_cat-all-private-tours-activities-fr-40","7":"product_cat-private-sightseeing-tours-fr-49","8":"product_cat-nice-fr","10":"first","11":"instock","12":"shipping-taxable","13":"purchasable","14":"product-type-simple"},"acf":[],"yoast_head":"<!-- This site is optimized with the Yoast SEO Premium plugin v25.3.1 (Yoast SEO v25.3.1) - https:\/\/yoast.com\/wordpress\/plugins\/seo\/ -->\n<title>Visite guid\u00e9e priv\u00e9e du centre historique de Nice<\/title>\n<meta name=\"description\" content=\"D\u00e9couvrez la superbe architecture et les sites remarquables de Nice lors de cette visite guid\u00e9e priv\u00e9e \u00e0 pied du centre historique de Nice avec votre guide.\" \/>\n<meta name=\"robots\" content=\"index, follow, max-snippet:-1, max-image-preview:large, max-video-preview:-1\" \/>\n<link rel=\"canonical\" href=\"https:\/\/tourtravelandmore.com\/fr\/tours\/france-fr\/nice-fr\/visite-privee-de-monaco-et-menton-au-depart-de-nice-avec-chauffeur-guide-copy\/\" \/>\n<meta property=\"og:locale\" content=\"fr_FR\" \/>\n<meta property=\"og:type\" content=\"article\" \/>\n<meta property=\"og:title\" content=\"Visite guid\u00e9e priv\u00e9e du centre historique de Nice\" \/>\n<meta property=\"og:description\" content=\"D\u00e9couvrez la superbe architecture et les sites remarquables de Nice lors de cette visite guid\u00e9e priv\u00e9e \u00e0 pied du centre historique de Nice avec votre guide.\" \/>\n<meta property=\"og:url\" content=\"https:\/\/tourtravelandmore.com\/fr\/tours\/france-fr\/nice-fr\/visite-privee-de-monaco-et-menton-au-depart-de-nice-avec-chauffeur-guide-copy\/\" \/>\n<meta property=\"og:site_name\" content=\"Tour Travel And More\" \/>\n<meta property=\"article:publisher\" content=\"https:\/\/www.facebook.com\/tourtravelandmore\/\" \/>\n<meta property=\"article:modified_time\" content=\"2025-06-04T17:21:22+00:00\" \/>\n<meta property=\"og:image\" content=\"https:\/\/tourtravelandmore.com\/wp-content\/uploads\/2025\/06\/pexels-pierre-blache-651604-3016350.jpg\" \/>\n\t<meta property=\"og:image:width\" content=\"1280\" \/>\n\t<meta property=\"og:image:height\" content=\"720\" \/>\n\t<meta property=\"og:image:type\" content=\"image\/jpeg\" \/>\n<meta name=\"twitter:card\" content=\"summary_large_image\" \/>\n<meta name=\"twitter:site\" content=\"@TourTravel_More\" \/>\n<meta name=\"twitter:label1\" content=\"Dur\u00e9e de lecture estim\u00e9e\" \/>\n\t<meta name=\"twitter:data1\" content=\"2 minutes\" \/>\n<script type=\"application\/ld+json\" class=\"yoast-schema-graph\">{\"@context\":\"https:\/\/schema.org\",\"@graph\":[{\"@type\":\"WebPage\",\"@id\":\"https:\/\/tourtravelandmore.com\/fr\/tours\/france-fr\/nice-fr\/visite-privee-de-monaco-et-menton-au-depart-de-nice-avec-chauffeur-guide-copy\/\",\"url\":\"https:\/\/tourtravelandmore.com\/fr\/tours\/france-fr\/nice-fr\/visite-privee-de-monaco-et-menton-au-depart-de-nice-avec-chauffeur-guide-copy\/\",\"name\":\"Visite guid\u00e9e priv\u00e9e du centre historique de Nice\",\"isPartOf\":{\"@id\":\"https:\/\/tourtravelandmore.com\/fr\/#website\"},\"primaryImageOfPage\":{\"@id\":\"https:\/\/tourtravelandmore.com\/fr\/tours\/france-fr\/nice-fr\/visite-privee-de-monaco-et-menton-au-depart-de-nice-avec-chauffeur-guide-copy\/#primaryimage\"},\"image\":{\"@id\":\"https:\/\/tourtravelandmore.com\/fr\/tours\/france-fr\/nice-fr\/visite-privee-de-monaco-et-menton-au-depart-de-nice-avec-chauffeur-guide-copy\/#primaryimage\"},\"thumbnailUrl\":\"https:\/\/tourtravelandmore.com\/wp-content\/uploads\/2025\/06\/pexels-pierre-blache-651604-3016350.jpg\",\"datePublished\":\"2025-06-04T16:40:26+00:00\",\"dateModified\":\"2025-06-04T17:21:22+00:00\",\"description\":\"D\u00e9couvrez la superbe architecture et les sites remarquables de Nice lors de cette visite guid\u00e9e priv\u00e9e \u00e0 pied du centre historique de Nice avec votre guide.\",\"breadcrumb\":{\"@id\":\"https:\/\/tourtravelandmore.com\/fr\/tours\/france-fr\/nice-fr\/visite-privee-de-monaco-et-menton-au-depart-de-nice-avec-chauffeur-guide-copy\/#breadcrumb\"},\"inLanguage\":\"fr-FR\",\"potentialAction\":[{\"@type\":\"ReadAction\",\"target\":[\"https:\/\/tourtravelandmore.com\/fr\/tours\/france-fr\/nice-fr\/visite-privee-de-monaco-et-menton-au-depart-de-nice-avec-chauffeur-guide-copy\/\"]}]},{\"@type\":\"ImageObject\",\"inLanguage\":\"fr-FR\",\"@id\":\"https:\/\/tourtravelandmore.com\/fr\/tours\/france-fr\/nice-fr\/visite-privee-de-monaco-et-menton-au-depart-de-nice-avec-chauffeur-guide-copy\/#primaryimage\",\"url\":\"https:\/\/tourtravelandmore.com\/wp-content\/uploads\/2025\/06\/pexels-pierre-blache-651604-3016350.jpg\",\"contentUrl\":\"https:\/\/tourtravelandmore.com\/wp-content\/uploads\/2025\/06\/pexels-pierre-blache-651604-3016350.jpg\",\"width\":1280,\"height\":720},{\"@type\":\"BreadcrumbList\",\"@id\":\"https:\/\/tourtravelandmore.com\/fr\/tours\/france-fr\/nice-fr\/visite-privee-de-monaco-et-menton-au-depart-de-nice-avec-chauffeur-guide-copy\/#breadcrumb\",\"itemListElement\":[{\"@type\":\"ListItem\",\"position\":1,\"name\":\"Home\",\"item\":\"https:\/\/tourtravelandmore.com\/fr\/\"},{\"@type\":\"ListItem\",\"position\":2,\"name\":\"Tours\",\"item\":\"https:\/\/tourtravelandmore.com\/fr\/tours\/\"},{\"@type\":\"ListItem\",\"position\":3,\"name\":\"Visite guid\u00e9e priv\u00e9e du centre historique de Nice\"}]},{\"@type\":\"WebSite\",\"@id\":\"https:\/\/tourtravelandmore.com\/fr\/#website\",\"url\":\"https:\/\/tourtravelandmore.com\/fr\/\",\"name\":\"Tour Travel And More\",\"description\":\"Private sightseeing tours and luxury transfers in Spain\",\"publisher\":{\"@id\":\"https:\/\/tourtravelandmore.com\/fr\/#organization\"},\"potentialAction\":[{\"@type\":\"SearchAction\",\"target\":{\"@type\":\"EntryPoint\",\"urlTemplate\":\"https:\/\/tourtravelandmore.com\/fr\/?s={search_term_string}\"},\"query-input\":{\"@type\":\"PropertyValueSpecification\",\"valueRequired\":true,\"valueName\":\"search_term_string\"}}],\"inLanguage\":\"fr-FR\"},{\"@type\":\"Organization\",\"@id\":\"https:\/\/tourtravelandmore.com\/fr\/#organization\",\"name\":\"Tour Travel And More\",\"url\":\"https:\/\/tourtravelandmore.com\/fr\/\",\"logo\":{\"@type\":\"ImageObject\",\"inLanguage\":\"fr-FR\",\"@id\":\"https:\/\/tourtravelandmore.com\/fr\/#\/schema\/logo\/image\/\",\"url\":\"https:\/\/tourtravelandmore.com\/wp-content\/uploads\/2022\/12\/cropped-logo-cabecera-new.png\",\"contentUrl\":\"https:\/\/tourtravelandmore.com\/wp-content\/uploads\/2022\/12\/cropped-logo-cabecera-new.png\",\"width\":430,\"height\":61,\"caption\":\"Tour Travel And More\"},\"image\":{\"@id\":\"https:\/\/tourtravelandmore.com\/fr\/#\/schema\/logo\/image\/\"},\"sameAs\":[\"https:\/\/www.facebook.com\/tourtravelandmore\/\",\"https:\/\/x.com\/TourTravel_More\"]}]}<\/script>\n<!-- \/ Yoast SEO Premium plugin. -->","yoast_head_json":{"title":"Visite guid\u00e9e priv\u00e9e du centre historique de Nice","description":"D\u00e9couvrez la superbe architecture et les sites remarquables de Nice lors de cette visite guid\u00e9e priv\u00e9e \u00e0 pied du centre historique de Nice avec votre guide.","robots":{"index":"index","follow":"follow","max-snippet":"max-snippet:-1","max-image-preview":"max-image-preview:large","max-video-preview":"max-video-preview:-1"},"canonical":"https:\/\/tourtravelandmore.com\/fr\/tours\/france-fr\/nice-fr\/visite-privee-de-monaco-et-menton-au-depart-de-nice-avec-chauffeur-guide-copy\/","og_locale":"fr_FR","og_type":"article","og_title":"Visite guid\u00e9e priv\u00e9e du centre historique de Nice","og_description":"D\u00e9couvrez la superbe architecture et les sites remarquables de Nice lors de cette visite guid\u00e9e priv\u00e9e \u00e0 pied du centre historique de Nice avec votre guide.","og_url":"https:\/\/tourtravelandmore.com\/fr\/tours\/france-fr\/nice-fr\/visite-privee-de-monaco-et-menton-au-depart-de-nice-avec-chauffeur-guide-copy\/","og_site_name":"Tour Travel And More","article_publisher":"https:\/\/www.facebook.com\/tourtravelandmore\/","article_modified_time":"2025-06-04T17:21:22+00:00","og_image":[{"width":1280,"height":720,"url":"https:\/\/tourtravelandmore.com\/wp-content\/uploads\/2025\/06\/pexels-pierre-blache-651604-3016350.jpg","type":"image\/jpeg"}],"twitter_card":"summary_large_image","twitter_site":"@TourTravel_More","twitter_misc":{"Dur\u00e9e de lecture estim\u00e9e":"2 minutes"},"schema":{"@context":"https:\/\/schema.org","@graph":[{"@type":"WebPage","@id":"https:\/\/tourtravelandmore.com\/fr\/tours\/france-fr\/nice-fr\/visite-privee-de-monaco-et-menton-au-depart-de-nice-avec-chauffeur-guide-copy\/","url":"https:\/\/tourtravelandmore.com\/fr\/tours\/france-fr\/nice-fr\/visite-privee-de-monaco-et-menton-au-depart-de-nice-avec-chauffeur-guide-copy\/","name":"Visite guid\u00e9e priv\u00e9e du centre historique de Nice","isPartOf":{"@id":"https:\/\/tourtravelandmore.com\/fr\/#website"},"primaryImageOfPage":{"@id":"https:\/\/tourtravelandmore.com\/fr\/tours\/france-fr\/nice-fr\/visite-privee-de-monaco-et-menton-au-depart-de-nice-avec-chauffeur-guide-copy\/#primaryimage"},"image":{"@id":"https:\/\/tourtravelandmore.com\/fr\/tours\/france-fr\/nice-fr\/visite-privee-de-monaco-et-menton-au-depart-de-nice-avec-chauffeur-guide-copy\/#primaryimage"},"thumbnailUrl":"https:\/\/tourtravelandmore.com\/wp-content\/uploads\/2025\/06\/pexels-pierre-blache-651604-3016350.jpg","datePublished":"2025-06-04T16:40:26+00:00","dateModified":"2025-06-04T17:21:22+00:00","description":"D\u00e9couvrez la superbe architecture et les sites remarquables de Nice lors de cette visite guid\u00e9e priv\u00e9e \u00e0 pied du centre historique de Nice avec votre guide.","breadcrumb":{"@id":"https:\/\/tourtravelandmore.com\/fr\/tours\/france-fr\/nice-fr\/visite-privee-de-monaco-et-menton-au-depart-de-nice-avec-chauffeur-guide-copy\/#breadcrumb"},"inLanguage":"fr-FR","potentialAction":[{"@type":"ReadAction","target":["https:\/\/tourtravelandmore.com\/fr\/tours\/france-fr\/nice-fr\/visite-privee-de-monaco-et-menton-au-depart-de-nice-avec-chauffeur-guide-copy\/"]}]},{"@type":"ImageObject","inLanguage":"fr-FR","@id":"https:\/\/tourtravelandmore.com\/fr\/tours\/france-fr\/nice-fr\/visite-privee-de-monaco-et-menton-au-depart-de-nice-avec-chauffeur-guide-copy\/#primaryimage","url":"https:\/\/tourtravelandmore.com\/wp-content\/uploads\/2025\/06\/pexels-pierre-blache-651604-3016350.jpg","contentUrl":"https:\/\/tourtravelandmore.com\/wp-content\/uploads\/2025\/06\/pexels-pierre-blache-651604-3016350.jpg","width":1280,"height":720},{"@type":"BreadcrumbList","@id":"https:\/\/tourtravelandmore.com\/fr\/tours\/france-fr\/nice-fr\/visite-privee-de-monaco-et-menton-au-depart-de-nice-avec-chauffeur-guide-copy\/#breadcrumb","itemListElement":[{"@type":"ListItem","position":1,"name":"Home","item":"https:\/\/tourtravelandmore.com\/fr\/"},{"@type":"ListItem","position":2,"name":"Tours","item":"https:\/\/tourtravelandmore.com\/fr\/tours\/"},{"@type":"ListItem","position":3,"name":"Visite guid\u00e9e priv\u00e9e du centre historique de Nice"}]},{"@type":"WebSite","@id":"https:\/\/tourtravelandmore.com\/fr\/#website","url":"https:\/\/tourtravelandmore.com\/fr\/","name":"Tour Travel And More","description":"Private sightseeing tours and luxury transfers in Spain","publisher":{"@id":"https:\/\/tourtravelandmore.com\/fr\/#organization"},"potentialAction":[{"@type":"SearchAction","target":{"@type":"EntryPoint","urlTemplate":"https:\/\/tourtravelandmore.com\/fr\/?s={search_term_string}"},"query-input":{"@type":"PropertyValueSpecification","valueRequired":true,"valueName":"search_term_string"}}],"inLanguage":"fr-FR"},{"@type":"Organization","@id":"https:\/\/tourtravelandmore.com\/fr\/#organization","name":"Tour Travel And More","url":"https:\/\/tourtravelandmore.com\/fr\/","logo":{"@type":"ImageObject","inLanguage":"fr-FR","@id":"https:\/\/tourtravelandmore.com\/fr\/#\/schema\/logo\/image\/","url":"https:\/\/tourtravelandmore.com\/wp-content\/uploads\/2022\/12\/cropped-logo-cabecera-new.png","contentUrl":"https:\/\/tourtravelandmore.com\/wp-content\/uploads\/2022\/12\/cropped-logo-cabecera-new.png","width":430,"height":61,"caption":"Tour Travel And More"},"image":{"@id":"https:\/\/tourtravelandmore.com\/fr\/#\/schema\/logo\/image\/"},"sameAs":["https:\/\/www.facebook.com\/tourtravelandmore\/","https:\/\/x.com\/TourTravel_More"]}]}},"_links":{"self":[{"href":"https:\/\/tourtravelandmore.com\/fr\/wp-json\/wp\/v2\/product\/184445","targetHints":{"allow":["GET"]}}],"collection":[{"href":"https:\/\/tourtravelandmore.com\/fr\/wp-json\/wp\/v2\/product"}],"about":[{"href":"https:\/\/tourtravelandmore.com\/fr\/wp-json\/wp\/v2\/types\/product"}],"replies":[{"embeddable":true,"href":"https:\/\/tourtravelandmore.com\/fr\/wp-json\/wp\/v2\/comments?post=184445"}],"wp:featuredmedia":[{"embeddable":true,"href":"https:\/\/tourtravelandmore.com\/fr\/wp-json\/wp\/v2\/media\/184455"}],"wp:attachment":[{"href":"https:\/\/tourtravelandmore.com\/fr\/wp-json\/wp\/v2\/media?parent=184445"}],"wp:term":[{"taxonomy":"product_brand","embeddable":true,"href":"https:\/\/tourtravelandmore.com\/fr\/wp-json\/wp\/v2\/product_brand?post=184445"},{"taxonomy":"product_cat","embeddable":true,"href":"https:\/\/tourtravelandmore.com\/fr\/wp-json\/wp\/v2\/product_cat?post=184445"},{"taxonomy":"product_tag","embeddable":true,"href":"https:\/\/tourtravelandmore.com\/fr\/wp-json\/wp\/v2\/product_tag?post=184445"}],"curies":[{"name":"wp","href":"https:\/\/api.w.org\/{rel}","templated":true}]}}