{"id":184293,"date":"2025-05-28T17:11:55","date_gmt":"2025-05-28T15:12:04","guid":{"rendered":"https:\/\/tourtravelandmore.com\/?post_type=product&#038;p=184293"},"modified":"2025-05-30T16:20:31","modified_gmt":"2025-05-30T14:20:31","slug":"visite-privee-du-cercle-dor-et-du-lagon-bleu-au-depart-de-reykjavik-copy","status":"publish","type":"product","link":"https:\/\/tourtravelandmore.com\/fr\/tours\/islande-fr\/reykjavik-fr\/visite-privee-du-cercle-dor-et-du-lagon-bleu-au-depart-de-reykjavik-copy\/","title":{"rendered":"Visite priv\u00e9e des chutes de Seljalandsfoss et Sk\u00f3gafoss + glacier S\u00f3lheimaj\u00f6kull"},"content":{"rendered":"<h2>Visite priv\u00e9e des chutes de Seljalandsfoss et Sk\u00f3gafoss + glacier S\u00f3lheimaj\u00f6kull Description<\/h2>\n<p>D\u00e9couvrez les merveilles naturelles de la c\u00f4te sud de l&#8217;Islande gr\u00e2ce \u00e0 notre <b>visite priv\u00e9e exclusive des chutes de Seljalandsfoss et Sk\u00f3gafoss et du glacier S\u00f3lheimaj\u00f6kull<\/b>. Ce circuit priv\u00e9 de 10 heures, guid\u00e9 par un chauffeur\/guide local exp\u00e9riment\u00e9, vous fera d\u00e9couvrir des paysages \u00e0 couper le souffle, des plaines volcaniques aux langues glaciaires en passant par des chutes d&#8217;eau impressionnantes, le tout dans le confort et la flexibilit\u00e9 d&#8217;une exp\u00e9rience sur mesure.<\/p>\n<p>Pour cette visite priv\u00e9e, nous organiserons une prise en charge rapide et facile \u00e0 l&#8217;endroit de votre choix dans la ville ou ses environs.<\/p>\n<h2><b>Visite priv\u00e9e des chutes de Seljalandsfoss et Sk\u00f3gafoss + glacier S\u00f3lheimaj\u00f6kull | Points d&#8217;int\u00e9r\u00eat et sites remarquables<\/b><\/h2>\n<p>Apr\u00e8s une pause d\u00e9jeuner d\u00e9tendue dans un \u00e9tablissement local (en option), la visite se poursuit vers le <b>glacier S\u00f3lheimaj\u00f6kull<\/b>, un glacier accessible de la calotte glaciaire du M\u00fdrdalsj\u00f6kull. Profitez d&#8217;une promenade tranquille jusqu&#8217;\u00e0 sa langue glaciaire, o\u00f9 vous pourrez admirer les crevasses bleues spectaculaires, les couches de cendres volcaniques et les formations de glace impressionnantes, le tout sans payer de droit d&#8217;entr\u00e9e.<\/p>\n<p>Cette exp\u00e9rience priv\u00e9e est id\u00e9ale pour les amoureux de la nature et les photographes qui souhaitent explorer la beaut\u00e9 sauvage de l&#8217;Islande \u00e0 leur rythme, loin de la foule.<\/p>\n<ul>\n<li><b>V\u00e9hicule priv\u00e9 avec chauffeur\/guide expert<\/b> pour une exp\u00e9rience personnalis\u00e9e et flexible<\/li>\n<li><b>Cascade de Seljalandsfoss<\/b> \u2013 Promenez-vous derri\u00e8re l&#8217;une des cascades les plus embl\u00e9matiques d&#8217;Islande<\/li>\n<li><b>Cascade de Sk\u00f3gafoss<\/b> \u2013 \u00c9merveillez-vous devant la puissance et la beaut\u00e9 d&#8217;une cascade de 60 m\u00e8tres<\/li>\n<li><b>Glacier S\u00f3lheimaj\u00f6kull<\/b> \u2013 Promenade tranquille vers une langue glaciaire impressionnante<\/li>\n<li><b>Route panoramique le long de la c\u00f4te sud de l&#8217;Islande<\/b> \u2013 Champs de lave, plaines de sable noir et vue sur les volcans<\/li>\n<li><b>Id\u00e9al pour les amateurs de photographie et de nature<\/b><\/li>\n<li><b>Aucun droit d&#8217;entr\u00e9e<\/b> pour aucun des arr\u00eats<\/li>\n<\/ul>\n<p>Votre chauffeur\/guide (ou un guide s\u00e9par\u00e9, selon votre pr\u00e9f\u00e9rence) sera \u00e0 votre enti\u00e8re disposition pendant toute la dur\u00e9e de la visite.<\/p>\n<p>Tous nos guides sont officiels et agr\u00e9\u00e9s, et poss\u00e8dent une exp\u00e9rience tr\u00e8s vaste et longue. Vous disposerez bien s\u00fbr de temps libre pour d\u00e9jeuner pendant la visite. Cette visite priv\u00e9e du Cercle d&#8217;Or au d\u00e9part de Reykjavik est une exp\u00e9rience unique pour vous !<\/p>\n<p><a href=\"https:\/\/tourtravelandmore.com\/fr\/city\/islande-fr\/reykjavik-en\/\">D\u00e9couvrez nos autres visites priv\u00e9es en Islande ici !<\/a><\/p>\n","protected":false},"excerpt":{"rendered":"<p>D\u00e9couvrez les merveilles naturelles de la c\u00f4te sud de l&#8217;Islande gr\u00e2ce \u00e0 notre <b>visite priv\u00e9e exclusive des chutes de Seljalandsfoss et Sk\u00f3gafoss et du glacier S\u00f3lheimaj\u00f6kull<\/b>. Ce circuit priv\u00e9 de 10 heures, guid\u00e9 par un chauffeur\/guide local exp\u00e9riment\u00e9, vous fera d\u00e9couvrir des paysages \u00e0 couper le souffle, des plaines volcaniques aux langues glaciaires en passant par des chutes d&#8217;eau impressionnantes, le tout dans le confort et la flexibilit\u00e9 d&#8217;une exp\u00e9rience sur mesure.<\/p>\n","protected":false},"featured_media":184306,"comment_status":"open","ping_status":"closed","template":"","meta":{"_acf_changed":false},"product_brand":[],"product_cat":[5526,5528,3713,3719],"product_tag":[],"class_list":{"0":"post-184293","1":"product","2":"type-product","3":"status-publish","4":"has-post-thumbnail","6":"product_cat-all-private-tours-and-activities-fr-13","7":"product_cat-private-excursions","8":"product_cat-islande-fr","9":"product_cat-reykjavik-fr","11":"first","12":"instock","13":"shipping-taxable","14":"purchasable","15":"product-type-simple"},"acf":[],"yoast_head":"<!-- This site is optimized with the Yoast SEO Premium plugin v25.3.1 (Yoast SEO v25.3.1) - https:\/\/yoast.com\/wordpress\/plugins\/seo\/ -->\n<title>Visite priv\u00e9e des chutes de Seljalandsfoss et Sk\u00f3gafoss + glacier S\u00f3lheimaj\u00f6kull<\/title>\n<meta name=\"description\" content=\"D\u00e9couvrez certains des sites naturels les plus \u00e9poustouflants d&#039;Islande lors de cette visite priv\u00e9e du Cercle d&#039;or au d\u00e9part de Reykjavik avec un guide local.\" \/>\n<meta name=\"robots\" content=\"index, follow, max-snippet:-1, max-image-preview:large, max-video-preview:-1\" \/>\n<link rel=\"canonical\" href=\"https:\/\/tourtravelandmore.com\/fr\/tours\/islande-fr\/reykjavik-fr\/visite-privee-du-cercle-dor-et-du-lagon-bleu-au-depart-de-reykjavik-copy\/\" \/>\n<meta property=\"og:locale\" content=\"fr_FR\" \/>\n<meta property=\"og:type\" content=\"article\" \/>\n<meta property=\"og:title\" content=\"Visite priv\u00e9e des chutes de Seljalandsfoss et Sk\u00f3gafoss + glacier S\u00f3lheimaj\u00f6kull\" \/>\n<meta property=\"og:description\" content=\"D\u00e9couvrez certains des sites naturels les plus \u00e9poustouflants d&#039;Islande lors de cette visite priv\u00e9e du Cercle d&#039;or au d\u00e9part de Reykjavik avec un guide local.\" \/>\n<meta property=\"og:url\" content=\"https:\/\/tourtravelandmore.com\/fr\/tours\/islande-fr\/reykjavik-fr\/visite-privee-du-cercle-dor-et-du-lagon-bleu-au-depart-de-reykjavik-copy\/\" \/>\n<meta property=\"og:site_name\" content=\"Tour Travel And More\" \/>\n<meta property=\"article:publisher\" content=\"https:\/\/www.facebook.com\/tourtravelandmore\/\" \/>\n<meta property=\"article:modified_time\" content=\"2025-05-30T14:20:31+00:00\" \/>\n<meta property=\"og:image\" content=\"https:\/\/tourtravelandmore.com\/wp-content\/uploads\/2025\/05\/pexels-pixabay-356831.jpg\" \/>\n\t<meta property=\"og:image:width\" content=\"1280\" \/>\n\t<meta property=\"og:image:height\" content=\"886\" \/>\n\t<meta property=\"og:image:type\" content=\"image\/jpeg\" \/>\n<meta name=\"twitter:card\" content=\"summary_large_image\" \/>\n<meta name=\"twitter:site\" content=\"@TourTravel_More\" \/>\n<meta name=\"twitter:label1\" content=\"Dur\u00e9e de lecture estim\u00e9e\" \/>\n\t<meta name=\"twitter:data1\" content=\"2 minutes\" \/>\n<script type=\"application\/ld+json\" class=\"yoast-schema-graph\">{\"@context\":\"https:\/\/schema.org\",\"@graph\":[{\"@type\":\"WebPage\",\"@id\":\"https:\/\/tourtravelandmore.com\/fr\/tours\/islande-fr\/reykjavik-fr\/visite-privee-du-cercle-dor-et-du-lagon-bleu-au-depart-de-reykjavik-copy\/\",\"url\":\"https:\/\/tourtravelandmore.com\/fr\/tours\/islande-fr\/reykjavik-fr\/visite-privee-du-cercle-dor-et-du-lagon-bleu-au-depart-de-reykjavik-copy\/\",\"name\":\"Visite priv\u00e9e des chutes de Seljalandsfoss et Sk\u00f3gafoss + glacier S\u00f3lheimaj\u00f6kull\",\"isPartOf\":{\"@id\":\"https:\/\/tourtravelandmore.com\/fr\/#website\"},\"primaryImageOfPage\":{\"@id\":\"https:\/\/tourtravelandmore.com\/fr\/tours\/islande-fr\/reykjavik-fr\/visite-privee-du-cercle-dor-et-du-lagon-bleu-au-depart-de-reykjavik-copy\/#primaryimage\"},\"image\":{\"@id\":\"https:\/\/tourtravelandmore.com\/fr\/tours\/islande-fr\/reykjavik-fr\/visite-privee-du-cercle-dor-et-du-lagon-bleu-au-depart-de-reykjavik-copy\/#primaryimage\"},\"thumbnailUrl\":\"https:\/\/tourtravelandmore.com\/wp-content\/uploads\/2025\/05\/pexels-pixabay-356831.jpg\",\"datePublished\":\"2025-05-28T15:12:04+00:00\",\"dateModified\":\"2025-05-30T14:20:31+00:00\",\"description\":\"D\u00e9couvrez certains des sites naturels les plus \u00e9poustouflants d'Islande lors de cette visite priv\u00e9e du Cercle d'or au d\u00e9part de Reykjavik avec un guide local.\",\"breadcrumb\":{\"@id\":\"https:\/\/tourtravelandmore.com\/fr\/tours\/islande-fr\/reykjavik-fr\/visite-privee-du-cercle-dor-et-du-lagon-bleu-au-depart-de-reykjavik-copy\/#breadcrumb\"},\"inLanguage\":\"fr-FR\",\"potentialAction\":[{\"@type\":\"ReadAction\",\"target\":[\"https:\/\/tourtravelandmore.com\/fr\/tours\/islande-fr\/reykjavik-fr\/visite-privee-du-cercle-dor-et-du-lagon-bleu-au-depart-de-reykjavik-copy\/\"]}]},{\"@type\":\"ImageObject\",\"inLanguage\":\"fr-FR\",\"@id\":\"https:\/\/tourtravelandmore.com\/fr\/tours\/islande-fr\/reykjavik-fr\/visite-privee-du-cercle-dor-et-du-lagon-bleu-au-depart-de-reykjavik-copy\/#primaryimage\",\"url\":\"https:\/\/tourtravelandmore.com\/wp-content\/uploads\/2025\/05\/pexels-pixabay-356831.jpg\",\"contentUrl\":\"https:\/\/tourtravelandmore.com\/wp-content\/uploads\/2025\/05\/pexels-pixabay-356831.jpg\",\"width\":1280,\"height\":886},{\"@type\":\"BreadcrumbList\",\"@id\":\"https:\/\/tourtravelandmore.com\/fr\/tours\/islande-fr\/reykjavik-fr\/visite-privee-du-cercle-dor-et-du-lagon-bleu-au-depart-de-reykjavik-copy\/#breadcrumb\",\"itemListElement\":[{\"@type\":\"ListItem\",\"position\":1,\"name\":\"Home\",\"item\":\"https:\/\/tourtravelandmore.com\/fr\/\"},{\"@type\":\"ListItem\",\"position\":2,\"name\":\"Tours\",\"item\":\"https:\/\/tourtravelandmore.com\/fr\/tours\/\"},{\"@type\":\"ListItem\",\"position\":3,\"name\":\"Visite priv\u00e9e des chutes de Seljalandsfoss et Sk\u00f3gafoss + glacier S\u00f3lheimaj\u00f6kull\"}]},{\"@type\":\"WebSite\",\"@id\":\"https:\/\/tourtravelandmore.com\/fr\/#website\",\"url\":\"https:\/\/tourtravelandmore.com\/fr\/\",\"name\":\"Tour Travel And More\",\"description\":\"Private sightseeing tours and luxury transfers in Spain\",\"publisher\":{\"@id\":\"https:\/\/tourtravelandmore.com\/fr\/#organization\"},\"potentialAction\":[{\"@type\":\"SearchAction\",\"target\":{\"@type\":\"EntryPoint\",\"urlTemplate\":\"https:\/\/tourtravelandmore.com\/fr\/?s={search_term_string}\"},\"query-input\":{\"@type\":\"PropertyValueSpecification\",\"valueRequired\":true,\"valueName\":\"search_term_string\"}}],\"inLanguage\":\"fr-FR\"},{\"@type\":\"Organization\",\"@id\":\"https:\/\/tourtravelandmore.com\/fr\/#organization\",\"name\":\"Tour Travel And More\",\"url\":\"https:\/\/tourtravelandmore.com\/fr\/\",\"logo\":{\"@type\":\"ImageObject\",\"inLanguage\":\"fr-FR\",\"@id\":\"https:\/\/tourtravelandmore.com\/fr\/#\/schema\/logo\/image\/\",\"url\":\"https:\/\/tourtravelandmore.com\/wp-content\/uploads\/2022\/12\/cropped-logo-cabecera-new.png\",\"contentUrl\":\"https:\/\/tourtravelandmore.com\/wp-content\/uploads\/2022\/12\/cropped-logo-cabecera-new.png\",\"width\":430,\"height\":61,\"caption\":\"Tour Travel And More\"},\"image\":{\"@id\":\"https:\/\/tourtravelandmore.com\/fr\/#\/schema\/logo\/image\/\"},\"sameAs\":[\"https:\/\/www.facebook.com\/tourtravelandmore\/\",\"https:\/\/x.com\/TourTravel_More\"]}]}<\/script>\n<!-- \/ Yoast SEO Premium plugin. -->","yoast_head_json":{"title":"Visite priv\u00e9e des chutes de Seljalandsfoss et Sk\u00f3gafoss + glacier S\u00f3lheimaj\u00f6kull","description":"D\u00e9couvrez certains des sites naturels les plus \u00e9poustouflants d'Islande lors de cette visite priv\u00e9e du Cercle d'or au d\u00e9part de Reykjavik avec un guide local.","robots":{"index":"index","follow":"follow","max-snippet":"max-snippet:-1","max-image-preview":"max-image-preview:large","max-video-preview":"max-video-preview:-1"},"canonical":"https:\/\/tourtravelandmore.com\/fr\/tours\/islande-fr\/reykjavik-fr\/visite-privee-du-cercle-dor-et-du-lagon-bleu-au-depart-de-reykjavik-copy\/","og_locale":"fr_FR","og_type":"article","og_title":"Visite priv\u00e9e des chutes de Seljalandsfoss et Sk\u00f3gafoss + glacier S\u00f3lheimaj\u00f6kull","og_description":"D\u00e9couvrez certains des sites naturels les plus \u00e9poustouflants d'Islande lors de cette visite priv\u00e9e du Cercle d'or au d\u00e9part de Reykjavik avec un guide local.","og_url":"https:\/\/tourtravelandmore.com\/fr\/tours\/islande-fr\/reykjavik-fr\/visite-privee-du-cercle-dor-et-du-lagon-bleu-au-depart-de-reykjavik-copy\/","og_site_name":"Tour Travel And More","article_publisher":"https:\/\/www.facebook.com\/tourtravelandmore\/","article_modified_time":"2025-05-30T14:20:31+00:00","og_image":[{"width":1280,"height":886,"url":"https:\/\/tourtravelandmore.com\/wp-content\/uploads\/2025\/05\/pexels-pixabay-356831.jpg","type":"image\/jpeg"}],"twitter_card":"summary_large_image","twitter_site":"@TourTravel_More","twitter_misc":{"Dur\u00e9e de lecture estim\u00e9e":"2 minutes"},"schema":{"@context":"https:\/\/schema.org","@graph":[{"@type":"WebPage","@id":"https:\/\/tourtravelandmore.com\/fr\/tours\/islande-fr\/reykjavik-fr\/visite-privee-du-cercle-dor-et-du-lagon-bleu-au-depart-de-reykjavik-copy\/","url":"https:\/\/tourtravelandmore.com\/fr\/tours\/islande-fr\/reykjavik-fr\/visite-privee-du-cercle-dor-et-du-lagon-bleu-au-depart-de-reykjavik-copy\/","name":"Visite priv\u00e9e des chutes de Seljalandsfoss et Sk\u00f3gafoss + glacier S\u00f3lheimaj\u00f6kull","isPartOf":{"@id":"https:\/\/tourtravelandmore.com\/fr\/#website"},"primaryImageOfPage":{"@id":"https:\/\/tourtravelandmore.com\/fr\/tours\/islande-fr\/reykjavik-fr\/visite-privee-du-cercle-dor-et-du-lagon-bleu-au-depart-de-reykjavik-copy\/#primaryimage"},"image":{"@id":"https:\/\/tourtravelandmore.com\/fr\/tours\/islande-fr\/reykjavik-fr\/visite-privee-du-cercle-dor-et-du-lagon-bleu-au-depart-de-reykjavik-copy\/#primaryimage"},"thumbnailUrl":"https:\/\/tourtravelandmore.com\/wp-content\/uploads\/2025\/05\/pexels-pixabay-356831.jpg","datePublished":"2025-05-28T15:12:04+00:00","dateModified":"2025-05-30T14:20:31+00:00","description":"D\u00e9couvrez certains des sites naturels les plus \u00e9poustouflants d'Islande lors de cette visite priv\u00e9e du Cercle d'or au d\u00e9part de Reykjavik avec un guide local.","breadcrumb":{"@id":"https:\/\/tourtravelandmore.com\/fr\/tours\/islande-fr\/reykjavik-fr\/visite-privee-du-cercle-dor-et-du-lagon-bleu-au-depart-de-reykjavik-copy\/#breadcrumb"},"inLanguage":"fr-FR","potentialAction":[{"@type":"ReadAction","target":["https:\/\/tourtravelandmore.com\/fr\/tours\/islande-fr\/reykjavik-fr\/visite-privee-du-cercle-dor-et-du-lagon-bleu-au-depart-de-reykjavik-copy\/"]}]},{"@type":"ImageObject","inLanguage":"fr-FR","@id":"https:\/\/tourtravelandmore.com\/fr\/tours\/islande-fr\/reykjavik-fr\/visite-privee-du-cercle-dor-et-du-lagon-bleu-au-depart-de-reykjavik-copy\/#primaryimage","url":"https:\/\/tourtravelandmore.com\/wp-content\/uploads\/2025\/05\/pexels-pixabay-356831.jpg","contentUrl":"https:\/\/tourtravelandmore.com\/wp-content\/uploads\/2025\/05\/pexels-pixabay-356831.jpg","width":1280,"height":886},{"@type":"BreadcrumbList","@id":"https:\/\/tourtravelandmore.com\/fr\/tours\/islande-fr\/reykjavik-fr\/visite-privee-du-cercle-dor-et-du-lagon-bleu-au-depart-de-reykjavik-copy\/#breadcrumb","itemListElement":[{"@type":"ListItem","position":1,"name":"Home","item":"https:\/\/tourtravelandmore.com\/fr\/"},{"@type":"ListItem","position":2,"name":"Tours","item":"https:\/\/tourtravelandmore.com\/fr\/tours\/"},{"@type":"ListItem","position":3,"name":"Visite priv\u00e9e des chutes de Seljalandsfoss et Sk\u00f3gafoss + glacier S\u00f3lheimaj\u00f6kull"}]},{"@type":"WebSite","@id":"https:\/\/tourtravelandmore.com\/fr\/#website","url":"https:\/\/tourtravelandmore.com\/fr\/","name":"Tour Travel And More","description":"Private sightseeing tours and luxury transfers in Spain","publisher":{"@id":"https:\/\/tourtravelandmore.com\/fr\/#organization"},"potentialAction":[{"@type":"SearchAction","target":{"@type":"EntryPoint","urlTemplate":"https:\/\/tourtravelandmore.com\/fr\/?s={search_term_string}"},"query-input":{"@type":"PropertyValueSpecification","valueRequired":true,"valueName":"search_term_string"}}],"inLanguage":"fr-FR"},{"@type":"Organization","@id":"https:\/\/tourtravelandmore.com\/fr\/#organization","name":"Tour Travel And More","url":"https:\/\/tourtravelandmore.com\/fr\/","logo":{"@type":"ImageObject","inLanguage":"fr-FR","@id":"https:\/\/tourtravelandmore.com\/fr\/#\/schema\/logo\/image\/","url":"https:\/\/tourtravelandmore.com\/wp-content\/uploads\/2022\/12\/cropped-logo-cabecera-new.png","contentUrl":"https:\/\/tourtravelandmore.com\/wp-content\/uploads\/2022\/12\/cropped-logo-cabecera-new.png","width":430,"height":61,"caption":"Tour Travel And More"},"image":{"@id":"https:\/\/tourtravelandmore.com\/fr\/#\/schema\/logo\/image\/"},"sameAs":["https:\/\/www.facebook.com\/tourtravelandmore\/","https:\/\/x.com\/TourTravel_More"]}]}},"_links":{"self":[{"href":"https:\/\/tourtravelandmore.com\/fr\/wp-json\/wp\/v2\/product\/184293","targetHints":{"allow":["GET"]}}],"collection":[{"href":"https:\/\/tourtravelandmore.com\/fr\/wp-json\/wp\/v2\/product"}],"about":[{"href":"https:\/\/tourtravelandmore.com\/fr\/wp-json\/wp\/v2\/types\/product"}],"replies":[{"embeddable":true,"href":"https:\/\/tourtravelandmore.com\/fr\/wp-json\/wp\/v2\/comments?post=184293"}],"wp:featuredmedia":[{"embeddable":true,"href":"https:\/\/tourtravelandmore.com\/fr\/wp-json\/wp\/v2\/media\/184306"}],"wp:attachment":[{"href":"https:\/\/tourtravelandmore.com\/fr\/wp-json\/wp\/v2\/media?parent=184293"}],"wp:term":[{"taxonomy":"product_brand","embeddable":true,"href":"https:\/\/tourtravelandmore.com\/fr\/wp-json\/wp\/v2\/product_brand?post=184293"},{"taxonomy":"product_cat","embeddable":true,"href":"https:\/\/tourtravelandmore.com\/fr\/wp-json\/wp\/v2\/product_cat?post=184293"},{"taxonomy":"product_tag","embeddable":true,"href":"https:\/\/tourtravelandmore.com\/fr\/wp-json\/wp\/v2\/product_tag?post=184293"}],"curies":[{"name":"wp","href":"https:\/\/api.w.org\/{rel}","templated":true}]}}