{"id":184262,"date":"2025-05-27T22:12:47","date_gmt":"2025-05-27T20:12:59","guid":{"rendered":"https:\/\/tourtravelandmore.com\/?post_type=product&#038;p=184262"},"modified":"2025-05-30T18:52:50","modified_gmt":"2025-05-30T16:52:50","slug":"visite-privee-du-cercle-dor-au-depart-de-reykjavik-copy","status":"publish","type":"product","link":"https:\/\/tourtravelandmore.com\/fr\/tours\/islande-fr\/reykjavik-fr\/visite-privee-du-cercle-dor-au-depart-de-reykjavik-copy\/","title":{"rendered":"Visite priv\u00e9e du Cercle d&#8217;Or et du Lagon Bleu au d\u00e9part de Reykjavik"},"content":{"rendered":"<h2>Visite priv\u00e9e du Cercle d&#8217;Or et du Lagon Bleu au d\u00e9part de Reykjavik Description<\/h2>\n<p>D\u00e9couvrez les merveilles naturelles les plus embl\u00e9matiques de l&#8217;Islande lors d&#8217;une visite priv\u00e9e exclusive de 10 heures \u00e0 travers le Cercle d&#8217;Or, suivie d&#8217;un moment de d\u00e9tente dans le c\u00e9l\u00e8bre Lagon Bleu. Accompagn\u00e9 de votre chauffeur-guide personnel, cette visite est con\u00e7ue pour vous offrir confort, flexibilit\u00e9 et des paysages inoubliables.<\/p>\n<p>Pour cette visite priv\u00e9e, nous organiserons une prise en charge rapide et facile \u00e0 l&#8217;endroit de votre choix dans la ville ou ses environs.<\/p>\n<h2><b>Visite priv\u00e9e du Cercle d&#8217;Or et du Lagon Bleu au d\u00e9part de Reykjavik | Points d&#8217;int\u00e9r\u00eat et sites touristiques<\/b><\/h2>\n<p>Commencez votre voyage par une route panoramique depuis Reykjavik \u00e0 travers le parc national de \u00deingvellir, site class\u00e9 au patrimoine mondial de l&#8217;UNESCO, o\u00f9 se rencontrent les plaques tectoniques nord-am\u00e9ricaine et eurasienne.<\/p>\n<p>Continuez pour d\u00e9couvrir la puissance explosive de la zone g\u00e9othermique de Geysir et admirez la majestueuse cascade de Gullfoss.<\/p>\n<p>Apr\u00e8s avoir explor\u00e9 le Cercle d&#8217;Or, d\u00e9tendez-vous dans les eaux riches en min\u00e9raux du Lagon Bleu, o\u00f9 votre entr\u00e9e r\u00e9serv\u00e9e \u00e0 l&#8217;avance vous garantit une visite sans stress.<\/p>\n<p>Id\u00e9al pour les voyageurs \u00e0 la recherche d&#8217;une aventure priv\u00e9e d&#8217;une journ\u00e9e compl\u00e8te avec une attention personnalis\u00e9e et les meilleurs sites naturels d&#8217;Islande, le tout sans avoir \u00e0 acheter de billets d&#8217;entr\u00e9e (\u00e0 l&#8217;exception du Blue Lagoon, qui est inclus).<\/p>\n<ul>\n<li><b>Exp\u00e9rience priv\u00e9e<\/b> \u2013 Profitez d&#8217;un service personnalis\u00e9 avec un chauffeur-guide d\u00e9di\u00e9 et un v\u00e9hicule enti\u00e8rement priv\u00e9.<\/li>\n<li><b>Parc national de \u00deingvellir<\/b> \u2013 Marchez entre deux continents dans une vall\u00e9e fissur\u00e9e \u00e0 couper le souffle, riche en histoire et en g\u00e9ologie.<\/li>\n<li><b>Zone g\u00e9othermique de Geysir<\/b> \u2013 Observez le Strokkur entrer en \u00e9ruption toutes les quelques minutes, projetant de l&#8217;eau chaude dans les airs.<\/li>\n<li><b>Chute de Gullfoss<\/b> \u2013 \u00c9merveillez-vous devant la cascade \u00e0 deux niveaux la plus embl\u00e9matique d&#8217;Islande.<\/li>\n<li><b>Blue Lagoon<\/b> \u2013 Plongez dans des eaux chaudes et riches en min\u00e9raux, entour\u00e9es de champs de lave, avec billet d&#8217;entr\u00e9e inclus.<\/li>\n<li><b>Itin\u00e9raire flexible<\/b> \u2013 Arr\u00eatez-vous pour prendre des photos, faire de courtes randonn\u00e9es ou d\u00e9guster des sp\u00e9cialit\u00e9s locales \u00e0 votre rythme.<\/li>\n<\/ul>\n<p>Votre chauffeur\/guide (ou guide s\u00e9par\u00e9 selon votre pr\u00e9f\u00e9rence) sera \u00e0 votre enti\u00e8re disposition pendant toute la dur\u00e9e de l&#8217;excursion.<\/p>\n<p>Tous nos guides sont officiels et agr\u00e9\u00e9s, et poss\u00e8dent une exp\u00e9rience tr\u00e8s vaste et longue. Vous aurez bien s\u00fbr du temps libre pour d\u00e9jeuner pendant l&#8217;excursion. Cette excursion priv\u00e9e du Cercle d&#8217;Or au d\u00e9part de Reykjavik est une exp\u00e9rience unique pour vous !<\/p>\n<p><a href=\"https:\/\/tourtravelandmore.com\/fr\/city\/islande-fr\/reykjavik-en\/\">D\u00e9couvrez nos autres excursions priv\u00e9es en Islande ici !<\/a><\/p>\n","protected":false},"excerpt":{"rendered":"<p>D\u00e9couvrez les merveilles naturelles les plus embl\u00e9matiques de l&#8217;Islande lors d&#8217;une visite priv\u00e9e exclusive de 10 heures \u00e0 travers le Cercle d&#8217;Or, suivie d&#8217;un moment de d\u00e9tente dans le c\u00e9l\u00e8bre Lagon Bleu. Accompagn\u00e9 de votre chauffeur-guide personnel, cette visite est con\u00e7ue pour vous offrir confort, flexibilit\u00e9 et des paysages inoubliables.<\/p>\n","protected":false},"featured_media":184274,"comment_status":"open","ping_status":"closed","template":"","meta":{"_acf_changed":false},"product_brand":[],"product_cat":[5526,5528,3713,3719],"product_tag":[],"class_list":{"0":"post-184262","1":"product","2":"type-product","3":"status-publish","4":"has-post-thumbnail","6":"product_cat-all-private-tours-and-activities-fr-13","7":"product_cat-private-excursions","8":"product_cat-islande-fr","9":"product_cat-reykjavik-fr","11":"first","12":"instock","13":"shipping-taxable","14":"purchasable","15":"product-type-simple"},"acf":[],"yoast_head":"<!-- This site is optimized with the Yoast SEO Premium plugin v25.3.1 (Yoast SEO v25.3.1) - https:\/\/yoast.com\/wordpress\/plugins\/seo\/ -->\n<title>Visite priv\u00e9e du Cercle d&#039;Or et du Lagon Bleu au d\u00e9part de Reykjavik<\/title>\n<meta name=\"description\" content=\"D\u00e9couvrez certains des sites naturels les plus \u00e9poustouflants d&#039;Islande lors de cette visite priv\u00e9e du Cercle d&#039;or au d\u00e9part de Reykjavik avec un guide local.\" \/>\n<meta name=\"robots\" content=\"index, follow, max-snippet:-1, max-image-preview:large, max-video-preview:-1\" \/>\n<link rel=\"canonical\" href=\"https:\/\/tourtravelandmore.com\/fr\/tours\/islande-fr\/reykjavik-fr\/visite-privee-du-cercle-dor-au-depart-de-reykjavik-copy\/\" \/>\n<meta property=\"og:locale\" content=\"fr_FR\" \/>\n<meta property=\"og:type\" content=\"article\" \/>\n<meta property=\"og:title\" content=\"Visite priv\u00e9e du Cercle d&#039;Or et du Lagon Bleu au d\u00e9part de Reykjavik\" \/>\n<meta property=\"og:description\" content=\"D\u00e9couvrez certains des sites naturels les plus \u00e9poustouflants d&#039;Islande lors de cette visite priv\u00e9e du Cercle d&#039;or au d\u00e9part de Reykjavik avec un guide local.\" \/>\n<meta property=\"og:url\" content=\"https:\/\/tourtravelandmore.com\/fr\/tours\/islande-fr\/reykjavik-fr\/visite-privee-du-cercle-dor-au-depart-de-reykjavik-copy\/\" \/>\n<meta property=\"og:site_name\" content=\"Tour Travel And More\" \/>\n<meta property=\"article:publisher\" content=\"https:\/\/www.facebook.com\/tourtravelandmore\/\" \/>\n<meta property=\"article:modified_time\" content=\"2025-05-30T16:52:50+00:00\" \/>\n<meta property=\"og:image\" content=\"https:\/\/tourtravelandmore.com\/wp-content\/uploads\/2025\/05\/pexels-darrell-gough-217632-1696478.jpg\" \/>\n\t<meta property=\"og:image:width\" content=\"1279\" \/>\n\t<meta property=\"og:image:height\" content=\"853\" \/>\n\t<meta property=\"og:image:type\" content=\"image\/jpeg\" \/>\n<meta name=\"twitter:card\" content=\"summary_large_image\" \/>\n<meta name=\"twitter:site\" content=\"@TourTravel_More\" \/>\n<meta name=\"twitter:label1\" content=\"Dur\u00e9e de lecture estim\u00e9e\" \/>\n\t<meta name=\"twitter:data1\" content=\"2 minutes\" \/>\n<script type=\"application\/ld+json\" class=\"yoast-schema-graph\">{\"@context\":\"https:\/\/schema.org\",\"@graph\":[{\"@type\":\"WebPage\",\"@id\":\"https:\/\/tourtravelandmore.com\/fr\/tours\/islande-fr\/reykjavik-fr\/visite-privee-du-cercle-dor-au-depart-de-reykjavik-copy\/\",\"url\":\"https:\/\/tourtravelandmore.com\/fr\/tours\/islande-fr\/reykjavik-fr\/visite-privee-du-cercle-dor-au-depart-de-reykjavik-copy\/\",\"name\":\"Visite priv\u00e9e du Cercle d'Or et du Lagon Bleu au d\u00e9part de Reykjavik\",\"isPartOf\":{\"@id\":\"https:\/\/tourtravelandmore.com\/fr\/#website\"},\"primaryImageOfPage\":{\"@id\":\"https:\/\/tourtravelandmore.com\/fr\/tours\/islande-fr\/reykjavik-fr\/visite-privee-du-cercle-dor-au-depart-de-reykjavik-copy\/#primaryimage\"},\"image\":{\"@id\":\"https:\/\/tourtravelandmore.com\/fr\/tours\/islande-fr\/reykjavik-fr\/visite-privee-du-cercle-dor-au-depart-de-reykjavik-copy\/#primaryimage\"},\"thumbnailUrl\":\"https:\/\/tourtravelandmore.com\/wp-content\/uploads\/2025\/05\/pexels-darrell-gough-217632-1696478.jpg\",\"datePublished\":\"2025-05-27T20:12:59+00:00\",\"dateModified\":\"2025-05-30T16:52:50+00:00\",\"description\":\"D\u00e9couvrez certains des sites naturels les plus \u00e9poustouflants d'Islande lors de cette visite priv\u00e9e du Cercle d'or au d\u00e9part de Reykjavik avec un guide local.\",\"breadcrumb\":{\"@id\":\"https:\/\/tourtravelandmore.com\/fr\/tours\/islande-fr\/reykjavik-fr\/visite-privee-du-cercle-dor-au-depart-de-reykjavik-copy\/#breadcrumb\"},\"inLanguage\":\"fr-FR\",\"potentialAction\":[{\"@type\":\"ReadAction\",\"target\":[\"https:\/\/tourtravelandmore.com\/fr\/tours\/islande-fr\/reykjavik-fr\/visite-privee-du-cercle-dor-au-depart-de-reykjavik-copy\/\"]}]},{\"@type\":\"ImageObject\",\"inLanguage\":\"fr-FR\",\"@id\":\"https:\/\/tourtravelandmore.com\/fr\/tours\/islande-fr\/reykjavik-fr\/visite-privee-du-cercle-dor-au-depart-de-reykjavik-copy\/#primaryimage\",\"url\":\"https:\/\/tourtravelandmore.com\/wp-content\/uploads\/2025\/05\/pexels-darrell-gough-217632-1696478.jpg\",\"contentUrl\":\"https:\/\/tourtravelandmore.com\/wp-content\/uploads\/2025\/05\/pexels-darrell-gough-217632-1696478.jpg\",\"width\":1279,\"height\":853},{\"@type\":\"BreadcrumbList\",\"@id\":\"https:\/\/tourtravelandmore.com\/fr\/tours\/islande-fr\/reykjavik-fr\/visite-privee-du-cercle-dor-au-depart-de-reykjavik-copy\/#breadcrumb\",\"itemListElement\":[{\"@type\":\"ListItem\",\"position\":1,\"name\":\"Home\",\"item\":\"https:\/\/tourtravelandmore.com\/fr\/\"},{\"@type\":\"ListItem\",\"position\":2,\"name\":\"Tours\",\"item\":\"https:\/\/tourtravelandmore.com\/fr\/tours\/\"},{\"@type\":\"ListItem\",\"position\":3,\"name\":\"Visite priv\u00e9e du Cercle d&#8217;Or et du Lagon Bleu au d\u00e9part de Reykjavik\"}]},{\"@type\":\"WebSite\",\"@id\":\"https:\/\/tourtravelandmore.com\/fr\/#website\",\"url\":\"https:\/\/tourtravelandmore.com\/fr\/\",\"name\":\"Tour Travel And More\",\"description\":\"Private sightseeing tours and luxury transfers in Spain\",\"publisher\":{\"@id\":\"https:\/\/tourtravelandmore.com\/fr\/#organization\"},\"potentialAction\":[{\"@type\":\"SearchAction\",\"target\":{\"@type\":\"EntryPoint\",\"urlTemplate\":\"https:\/\/tourtravelandmore.com\/fr\/?s={search_term_string}\"},\"query-input\":{\"@type\":\"PropertyValueSpecification\",\"valueRequired\":true,\"valueName\":\"search_term_string\"}}],\"inLanguage\":\"fr-FR\"},{\"@type\":\"Organization\",\"@id\":\"https:\/\/tourtravelandmore.com\/fr\/#organization\",\"name\":\"Tour Travel And More\",\"url\":\"https:\/\/tourtravelandmore.com\/fr\/\",\"logo\":{\"@type\":\"ImageObject\",\"inLanguage\":\"fr-FR\",\"@id\":\"https:\/\/tourtravelandmore.com\/fr\/#\/schema\/logo\/image\/\",\"url\":\"https:\/\/tourtravelandmore.com\/wp-content\/uploads\/2022\/12\/cropped-logo-cabecera-new.png\",\"contentUrl\":\"https:\/\/tourtravelandmore.com\/wp-content\/uploads\/2022\/12\/cropped-logo-cabecera-new.png\",\"width\":430,\"height\":61,\"caption\":\"Tour Travel And More\"},\"image\":{\"@id\":\"https:\/\/tourtravelandmore.com\/fr\/#\/schema\/logo\/image\/\"},\"sameAs\":[\"https:\/\/www.facebook.com\/tourtravelandmore\/\",\"https:\/\/x.com\/TourTravel_More\"]}]}<\/script>\n<!-- \/ Yoast SEO Premium plugin. -->","yoast_head_json":{"title":"Visite priv\u00e9e du Cercle d'Or et du Lagon Bleu au d\u00e9part de Reykjavik","description":"D\u00e9couvrez certains des sites naturels les plus \u00e9poustouflants d'Islande lors de cette visite priv\u00e9e du Cercle d'or au d\u00e9part de Reykjavik avec un guide local.","robots":{"index":"index","follow":"follow","max-snippet":"max-snippet:-1","max-image-preview":"max-image-preview:large","max-video-preview":"max-video-preview:-1"},"canonical":"https:\/\/tourtravelandmore.com\/fr\/tours\/islande-fr\/reykjavik-fr\/visite-privee-du-cercle-dor-au-depart-de-reykjavik-copy\/","og_locale":"fr_FR","og_type":"article","og_title":"Visite priv\u00e9e du Cercle d'Or et du Lagon Bleu au d\u00e9part de Reykjavik","og_description":"D\u00e9couvrez certains des sites naturels les plus \u00e9poustouflants d'Islande lors de cette visite priv\u00e9e du Cercle d'or au d\u00e9part de Reykjavik avec un guide local.","og_url":"https:\/\/tourtravelandmore.com\/fr\/tours\/islande-fr\/reykjavik-fr\/visite-privee-du-cercle-dor-au-depart-de-reykjavik-copy\/","og_site_name":"Tour Travel And More","article_publisher":"https:\/\/www.facebook.com\/tourtravelandmore\/","article_modified_time":"2025-05-30T16:52:50+00:00","og_image":[{"width":1279,"height":853,"url":"https:\/\/tourtravelandmore.com\/wp-content\/uploads\/2025\/05\/pexels-darrell-gough-217632-1696478.jpg","type":"image\/jpeg"}],"twitter_card":"summary_large_image","twitter_site":"@TourTravel_More","twitter_misc":{"Dur\u00e9e de lecture estim\u00e9e":"2 minutes"},"schema":{"@context":"https:\/\/schema.org","@graph":[{"@type":"WebPage","@id":"https:\/\/tourtravelandmore.com\/fr\/tours\/islande-fr\/reykjavik-fr\/visite-privee-du-cercle-dor-au-depart-de-reykjavik-copy\/","url":"https:\/\/tourtravelandmore.com\/fr\/tours\/islande-fr\/reykjavik-fr\/visite-privee-du-cercle-dor-au-depart-de-reykjavik-copy\/","name":"Visite priv\u00e9e du Cercle d'Or et du Lagon Bleu au d\u00e9part de Reykjavik","isPartOf":{"@id":"https:\/\/tourtravelandmore.com\/fr\/#website"},"primaryImageOfPage":{"@id":"https:\/\/tourtravelandmore.com\/fr\/tours\/islande-fr\/reykjavik-fr\/visite-privee-du-cercle-dor-au-depart-de-reykjavik-copy\/#primaryimage"},"image":{"@id":"https:\/\/tourtravelandmore.com\/fr\/tours\/islande-fr\/reykjavik-fr\/visite-privee-du-cercle-dor-au-depart-de-reykjavik-copy\/#primaryimage"},"thumbnailUrl":"https:\/\/tourtravelandmore.com\/wp-content\/uploads\/2025\/05\/pexels-darrell-gough-217632-1696478.jpg","datePublished":"2025-05-27T20:12:59+00:00","dateModified":"2025-05-30T16:52:50+00:00","description":"D\u00e9couvrez certains des sites naturels les plus \u00e9poustouflants d'Islande lors de cette visite priv\u00e9e du Cercle d'or au d\u00e9part de Reykjavik avec un guide local.","breadcrumb":{"@id":"https:\/\/tourtravelandmore.com\/fr\/tours\/islande-fr\/reykjavik-fr\/visite-privee-du-cercle-dor-au-depart-de-reykjavik-copy\/#breadcrumb"},"inLanguage":"fr-FR","potentialAction":[{"@type":"ReadAction","target":["https:\/\/tourtravelandmore.com\/fr\/tours\/islande-fr\/reykjavik-fr\/visite-privee-du-cercle-dor-au-depart-de-reykjavik-copy\/"]}]},{"@type":"ImageObject","inLanguage":"fr-FR","@id":"https:\/\/tourtravelandmore.com\/fr\/tours\/islande-fr\/reykjavik-fr\/visite-privee-du-cercle-dor-au-depart-de-reykjavik-copy\/#primaryimage","url":"https:\/\/tourtravelandmore.com\/wp-content\/uploads\/2025\/05\/pexels-darrell-gough-217632-1696478.jpg","contentUrl":"https:\/\/tourtravelandmore.com\/wp-content\/uploads\/2025\/05\/pexels-darrell-gough-217632-1696478.jpg","width":1279,"height":853},{"@type":"BreadcrumbList","@id":"https:\/\/tourtravelandmore.com\/fr\/tours\/islande-fr\/reykjavik-fr\/visite-privee-du-cercle-dor-au-depart-de-reykjavik-copy\/#breadcrumb","itemListElement":[{"@type":"ListItem","position":1,"name":"Home","item":"https:\/\/tourtravelandmore.com\/fr\/"},{"@type":"ListItem","position":2,"name":"Tours","item":"https:\/\/tourtravelandmore.com\/fr\/tours\/"},{"@type":"ListItem","position":3,"name":"Visite priv\u00e9e du Cercle d&#8217;Or et du Lagon Bleu au d\u00e9part de Reykjavik"}]},{"@type":"WebSite","@id":"https:\/\/tourtravelandmore.com\/fr\/#website","url":"https:\/\/tourtravelandmore.com\/fr\/","name":"Tour Travel And More","description":"Private sightseeing tours and luxury transfers in Spain","publisher":{"@id":"https:\/\/tourtravelandmore.com\/fr\/#organization"},"potentialAction":[{"@type":"SearchAction","target":{"@type":"EntryPoint","urlTemplate":"https:\/\/tourtravelandmore.com\/fr\/?s={search_term_string}"},"query-input":{"@type":"PropertyValueSpecification","valueRequired":true,"valueName":"search_term_string"}}],"inLanguage":"fr-FR"},{"@type":"Organization","@id":"https:\/\/tourtravelandmore.com\/fr\/#organization","name":"Tour Travel And More","url":"https:\/\/tourtravelandmore.com\/fr\/","logo":{"@type":"ImageObject","inLanguage":"fr-FR","@id":"https:\/\/tourtravelandmore.com\/fr\/#\/schema\/logo\/image\/","url":"https:\/\/tourtravelandmore.com\/wp-content\/uploads\/2022\/12\/cropped-logo-cabecera-new.png","contentUrl":"https:\/\/tourtravelandmore.com\/wp-content\/uploads\/2022\/12\/cropped-logo-cabecera-new.png","width":430,"height":61,"caption":"Tour Travel And More"},"image":{"@id":"https:\/\/tourtravelandmore.com\/fr\/#\/schema\/logo\/image\/"},"sameAs":["https:\/\/www.facebook.com\/tourtravelandmore\/","https:\/\/x.com\/TourTravel_More"]}]}},"_links":{"self":[{"href":"https:\/\/tourtravelandmore.com\/fr\/wp-json\/wp\/v2\/product\/184262","targetHints":{"allow":["GET"]}}],"collection":[{"href":"https:\/\/tourtravelandmore.com\/fr\/wp-json\/wp\/v2\/product"}],"about":[{"href":"https:\/\/tourtravelandmore.com\/fr\/wp-json\/wp\/v2\/types\/product"}],"replies":[{"embeddable":true,"href":"https:\/\/tourtravelandmore.com\/fr\/wp-json\/wp\/v2\/comments?post=184262"}],"wp:featuredmedia":[{"embeddable":true,"href":"https:\/\/tourtravelandmore.com\/fr\/wp-json\/wp\/v2\/media\/184274"}],"wp:attachment":[{"href":"https:\/\/tourtravelandmore.com\/fr\/wp-json\/wp\/v2\/media?parent=184262"}],"wp:term":[{"taxonomy":"product_brand","embeddable":true,"href":"https:\/\/tourtravelandmore.com\/fr\/wp-json\/wp\/v2\/product_brand?post=184262"},{"taxonomy":"product_cat","embeddable":true,"href":"https:\/\/tourtravelandmore.com\/fr\/wp-json\/wp\/v2\/product_cat?post=184262"},{"taxonomy":"product_tag","embeddable":true,"href":"https:\/\/tourtravelandmore.com\/fr\/wp-json\/wp\/v2\/product_tag?post=184262"}],"curies":[{"name":"wp","href":"https:\/\/api.w.org\/{rel}","templated":true}]}}