{"id":184228,"date":"2025-05-23T19:44:50","date_gmt":"2025-05-23T17:44:55","guid":{"rendered":"https:\/\/tourtravelandmore.com\/?post_type=product&#038;p=184228"},"modified":"2025-05-30T18:48:23","modified_gmt":"2025-05-30T16:48:23","slug":"excursion-privee-dune-journee-a-reykjadalur-au-depart-de-reykjavik-copy","status":"publish","type":"product","link":"https:\/\/tourtravelandmore.com\/fr\/tours\/islande-fr\/reykjavik-fr\/excursion-privee-dune-journee-a-reykjadalur-au-depart-de-reykjavik-copy\/","title":{"rendered":"Visite gastronomique priv\u00e9e \u00e0 pied \u00e0 Reykjavik"},"content":{"rendered":"<h2><strong>Visite gastronomique priv\u00e9e \u00e0 pied \u00e0 Reykjavik Description<\/strong><\/h2>\n<p>D\u00e9couvrez les saveurs riches de l&#8217;Islande gr\u00e2ce \u00e0 notre visite gastronomique priv\u00e9e \u00e0 pied de Reykjavik, une exp\u00e9rience culinaire immersive au c\u0153ur de la charmante capitale islandaise. Pendant deux heures, vous explorerez certains des lieux gastronomiques les plus embl\u00e9matiques de la ville et d\u00e9couvrirez des tr\u00e9sors locaux cach\u00e9s, sans avoir \u00e0 payer d&#8217;entr\u00e9e.<\/p>\n<p>Accompagn\u00e9 d&#8217;un guide local exp\u00e9riment\u00e9, cette visite guid\u00e9e priv\u00e9e vous emm\u00e8nera dans le centre-ville anim\u00e9 de Reykjavik, o\u00f9 la cuisine islandaise traditionnelle c\u00f4toie une cuisine moderne et innovante. Vous profiterez de d\u00e9gustations s\u00e9lectionn\u00e9es avec soin \u00e0 diff\u00e9rents arr\u00eats, notamment des sp\u00e9cialit\u00e9s locales telles que l&#8217;agneau islandais, du fromage artisanal, du poisson fum\u00e9 et le c\u00e9l\u00e8bre hot-dog islandais, tout en d\u00e9couvrant la signification culturelle et historique de chaque bouch\u00e9e.<\/p>\n<h2><b>Visite gastronomique priv\u00e9e \u00e0 pied \u00e0 Reykjavik | Points d&#8217;int\u00e9r\u00eat et sites touristiques<\/b><\/h2>\n<p>Id\u00e9ale pour les gourmets et les voyageurs curieux, cette visite vous offre un aper\u00e7u authentique et intime de la sc\u00e8ne culinaire de Reykjavik. Venez avec un app\u00e9tit solide et repartez avec une appr\u00e9ciation plus profonde des saveurs islandaises.<\/p>\n<ul>\n<li>\ud83c\udf7d\ufe0f <b>Exp\u00e9rience priv\u00e9e avec un guide local<\/b> \u2013 Profitez d&#8217;une visite personnalis\u00e9e adapt\u00e9e \u00e0 vos go\u00fbts, avec un guide exp\u00e9riment\u00e9 qui vous fera d\u00e9couvrir des anecdotes et des secrets culinaires.<\/li>\n<li>\ud83e\udded <b>Explorez le centre-ville de Reykjavik<\/b> \u2013 Promenez-vous dans les charmantes rues du centre-ville, passez devant des sites embl\u00e9matiques tels que l&#8217;\u00e9glise Hallgr\u00edmskirkja et la salle de concert Harpa, et faites une halte dans les meilleurs restaurants locaux.<\/li>\n<li>\ud83c\udf2d <b>D\u00e9gustations islandaises authentiques<\/b> \u2013 Go\u00fbtez \u00e0 une gamme de sp\u00e9cialit\u00e9s locales, notamment le pain de seigle islandais, le skyr, le poisson s\u00e9ch\u00e9 (har\u00f0fiskur) et l&#8217;embl\u00e9matique hot-dog de Reykjavik de B\u00e6jarins Beztu Pylsur.<\/li>\n<li>\ud83e\uddc0 <b>Visitez les march\u00e9s et les boutiques locaux<\/b> \u2013 D\u00e9couvrez des ingr\u00e9dients traditionnels et des produits artisanaux dans des lieux tr\u00e8s appr\u00e9ci\u00e9s tels que le march\u00e9 aux puces de Kolaporti\u00f0 (le week-end) ou les \u00e9piceries fines du vieux port.<\/li>\n<\/ul>\n<p>D\u00e9couvrez nos autres circuits priv\u00e9s en Islande.<\/p>\n","protected":false},"excerpt":{"rendered":"<p>D\u00e9couvrez les saveurs riches de l&#8217;Islande gr\u00e2ce \u00e0 notre visite gastronomique priv\u00e9e \u00e0 pied de Reykjavik, une exp\u00e9rience culinaire immersive au c\u0153ur de la charmante capitale islandaise. Pendant deux heures, vous explorerez certains des lieux gastronomiques les plus embl\u00e9matiques de la ville et d\u00e9couvrirez des tr\u00e9sors locaux cach\u00e9s, sans avoir \u00e0 payer d&#8217;entr\u00e9e.<\/p>\n","protected":false},"featured_media":184240,"comment_status":"open","ping_status":"closed","template":"","meta":{"_acf_changed":false},"product_brand":[],"product_cat":[5526,5528,3713,3719],"product_tag":[],"class_list":{"0":"post-184228","1":"product","2":"type-product","3":"status-publish","4":"has-post-thumbnail","6":"product_cat-all-private-tours-and-activities-fr-13","7":"product_cat-private-excursions","8":"product_cat-islande-fr","9":"product_cat-reykjavik-fr","11":"first","12":"instock","13":"shipping-taxable","14":"purchasable","15":"product-type-simple"},"acf":[],"yoast_head":"<!-- This site is optimized with the Yoast SEO Premium plugin v25.3.1 (Yoast SEO v25.3.1) - https:\/\/yoast.com\/wordpress\/plugins\/seo\/ -->\n<title>Visite gastronomique priv\u00e9e \u00e0 pied \u00e0 Reykjavik<\/title>\n<meta name=\"description\" content=\"D\u00e9couvrez certains des sites naturels les plus \u00e9poustouflants d&#039;Islande lors de cette visite priv\u00e9e de la c\u00f4te sud au d\u00e9part de Reykjavik avec un guide local, exp\u00e9riment\u00e9 et agr\u00e9\u00e9\" \/>\n<meta name=\"robots\" content=\"index, follow, max-snippet:-1, max-image-preview:large, max-video-preview:-1\" \/>\n<link rel=\"canonical\" href=\"https:\/\/tourtravelandmore.com\/fr\/tours\/islande-fr\/reykjavik-fr\/excursion-privee-dune-journee-a-reykjadalur-au-depart-de-reykjavik-copy\/\" \/>\n<meta property=\"og:locale\" content=\"fr_FR\" \/>\n<meta property=\"og:type\" content=\"article\" \/>\n<meta property=\"og:title\" content=\"Visite gastronomique priv\u00e9e \u00e0 pied \u00e0 Reykjavik\" \/>\n<meta property=\"og:description\" content=\"D\u00e9couvrez certains des sites naturels les plus \u00e9poustouflants d&#039;Islande lors de cette visite priv\u00e9e de la c\u00f4te sud au d\u00e9part de Reykjavik avec un guide local, exp\u00e9riment\u00e9 et agr\u00e9\u00e9\" \/>\n<meta property=\"og:url\" content=\"https:\/\/tourtravelandmore.com\/fr\/tours\/islande-fr\/reykjavik-fr\/excursion-privee-dune-journee-a-reykjadalur-au-depart-de-reykjavik-copy\/\" \/>\n<meta property=\"og:site_name\" content=\"Tour Travel And More\" \/>\n<meta property=\"article:publisher\" content=\"https:\/\/www.facebook.com\/tourtravelandmore\/\" \/>\n<meta property=\"article:modified_time\" content=\"2025-05-30T16:48:23+00:00\" \/>\n<meta property=\"og:image\" content=\"https:\/\/tourtravelandmore.com\/wp-content\/uploads\/2025\/05\/pexels-jaymantri-2666.jpg\" \/>\n\t<meta property=\"og:image:width\" content=\"1280\" \/>\n\t<meta property=\"og:image:height\" content=\"849\" \/>\n\t<meta property=\"og:image:type\" content=\"image\/jpeg\" \/>\n<meta name=\"twitter:card\" content=\"summary_large_image\" \/>\n<meta name=\"twitter:site\" content=\"@TourTravel_More\" \/>\n<meta name=\"twitter:label1\" content=\"Dur\u00e9e de lecture estim\u00e9e\" \/>\n\t<meta name=\"twitter:data1\" content=\"2 minutes\" \/>\n<script type=\"application\/ld+json\" class=\"yoast-schema-graph\">{\"@context\":\"https:\/\/schema.org\",\"@graph\":[{\"@type\":\"WebPage\",\"@id\":\"https:\/\/tourtravelandmore.com\/fr\/tours\/islande-fr\/reykjavik-fr\/excursion-privee-dune-journee-a-reykjadalur-au-depart-de-reykjavik-copy\/\",\"url\":\"https:\/\/tourtravelandmore.com\/fr\/tours\/islande-fr\/reykjavik-fr\/excursion-privee-dune-journee-a-reykjadalur-au-depart-de-reykjavik-copy\/\",\"name\":\"Visite gastronomique priv\u00e9e \u00e0 pied \u00e0 Reykjavik\",\"isPartOf\":{\"@id\":\"https:\/\/tourtravelandmore.com\/fr\/#website\"},\"primaryImageOfPage\":{\"@id\":\"https:\/\/tourtravelandmore.com\/fr\/tours\/islande-fr\/reykjavik-fr\/excursion-privee-dune-journee-a-reykjadalur-au-depart-de-reykjavik-copy\/#primaryimage\"},\"image\":{\"@id\":\"https:\/\/tourtravelandmore.com\/fr\/tours\/islande-fr\/reykjavik-fr\/excursion-privee-dune-journee-a-reykjadalur-au-depart-de-reykjavik-copy\/#primaryimage\"},\"thumbnailUrl\":\"https:\/\/tourtravelandmore.com\/wp-content\/uploads\/2025\/05\/pexels-jaymantri-2666.jpg\",\"datePublished\":\"2025-05-23T17:44:55+00:00\",\"dateModified\":\"2025-05-30T16:48:23+00:00\",\"description\":\"D\u00e9couvrez certains des sites naturels les plus \u00e9poustouflants d'Islande lors de cette visite priv\u00e9e de la c\u00f4te sud au d\u00e9part de Reykjavik avec un guide local, exp\u00e9riment\u00e9 et agr\u00e9\u00e9\",\"breadcrumb\":{\"@id\":\"https:\/\/tourtravelandmore.com\/fr\/tours\/islande-fr\/reykjavik-fr\/excursion-privee-dune-journee-a-reykjadalur-au-depart-de-reykjavik-copy\/#breadcrumb\"},\"inLanguage\":\"fr-FR\",\"potentialAction\":[{\"@type\":\"ReadAction\",\"target\":[\"https:\/\/tourtravelandmore.com\/fr\/tours\/islande-fr\/reykjavik-fr\/excursion-privee-dune-journee-a-reykjadalur-au-depart-de-reykjavik-copy\/\"]}]},{\"@type\":\"ImageObject\",\"inLanguage\":\"fr-FR\",\"@id\":\"https:\/\/tourtravelandmore.com\/fr\/tours\/islande-fr\/reykjavik-fr\/excursion-privee-dune-journee-a-reykjadalur-au-depart-de-reykjavik-copy\/#primaryimage\",\"url\":\"https:\/\/tourtravelandmore.com\/wp-content\/uploads\/2025\/05\/pexels-jaymantri-2666.jpg\",\"contentUrl\":\"https:\/\/tourtravelandmore.com\/wp-content\/uploads\/2025\/05\/pexels-jaymantri-2666.jpg\",\"width\":1280,\"height\":849},{\"@type\":\"BreadcrumbList\",\"@id\":\"https:\/\/tourtravelandmore.com\/fr\/tours\/islande-fr\/reykjavik-fr\/excursion-privee-dune-journee-a-reykjadalur-au-depart-de-reykjavik-copy\/#breadcrumb\",\"itemListElement\":[{\"@type\":\"ListItem\",\"position\":1,\"name\":\"Home\",\"item\":\"https:\/\/tourtravelandmore.com\/fr\/\"},{\"@type\":\"ListItem\",\"position\":2,\"name\":\"Tours\",\"item\":\"https:\/\/tourtravelandmore.com\/fr\/tours\/\"},{\"@type\":\"ListItem\",\"position\":3,\"name\":\"Visite gastronomique priv\u00e9e \u00e0 pied \u00e0 Reykjavik\"}]},{\"@type\":\"WebSite\",\"@id\":\"https:\/\/tourtravelandmore.com\/fr\/#website\",\"url\":\"https:\/\/tourtravelandmore.com\/fr\/\",\"name\":\"Tour Travel And More\",\"description\":\"Private sightseeing tours and luxury transfers in Spain\",\"publisher\":{\"@id\":\"https:\/\/tourtravelandmore.com\/fr\/#organization\"},\"potentialAction\":[{\"@type\":\"SearchAction\",\"target\":{\"@type\":\"EntryPoint\",\"urlTemplate\":\"https:\/\/tourtravelandmore.com\/fr\/?s={search_term_string}\"},\"query-input\":{\"@type\":\"PropertyValueSpecification\",\"valueRequired\":true,\"valueName\":\"search_term_string\"}}],\"inLanguage\":\"fr-FR\"},{\"@type\":\"Organization\",\"@id\":\"https:\/\/tourtravelandmore.com\/fr\/#organization\",\"name\":\"Tour Travel And More\",\"url\":\"https:\/\/tourtravelandmore.com\/fr\/\",\"logo\":{\"@type\":\"ImageObject\",\"inLanguage\":\"fr-FR\",\"@id\":\"https:\/\/tourtravelandmore.com\/fr\/#\/schema\/logo\/image\/\",\"url\":\"https:\/\/tourtravelandmore.com\/wp-content\/uploads\/2022\/12\/cropped-logo-cabecera-new.png\",\"contentUrl\":\"https:\/\/tourtravelandmore.com\/wp-content\/uploads\/2022\/12\/cropped-logo-cabecera-new.png\",\"width\":430,\"height\":61,\"caption\":\"Tour Travel And More\"},\"image\":{\"@id\":\"https:\/\/tourtravelandmore.com\/fr\/#\/schema\/logo\/image\/\"},\"sameAs\":[\"https:\/\/www.facebook.com\/tourtravelandmore\/\",\"https:\/\/x.com\/TourTravel_More\"]}]}<\/script>\n<!-- \/ Yoast SEO Premium plugin. -->","yoast_head_json":{"title":"Visite gastronomique priv\u00e9e \u00e0 pied \u00e0 Reykjavik","description":"D\u00e9couvrez certains des sites naturels les plus \u00e9poustouflants d'Islande lors de cette visite priv\u00e9e de la c\u00f4te sud au d\u00e9part de Reykjavik avec un guide local, exp\u00e9riment\u00e9 et agr\u00e9\u00e9","robots":{"index":"index","follow":"follow","max-snippet":"max-snippet:-1","max-image-preview":"max-image-preview:large","max-video-preview":"max-video-preview:-1"},"canonical":"https:\/\/tourtravelandmore.com\/fr\/tours\/islande-fr\/reykjavik-fr\/excursion-privee-dune-journee-a-reykjadalur-au-depart-de-reykjavik-copy\/","og_locale":"fr_FR","og_type":"article","og_title":"Visite gastronomique priv\u00e9e \u00e0 pied \u00e0 Reykjavik","og_description":"D\u00e9couvrez certains des sites naturels les plus \u00e9poustouflants d'Islande lors de cette visite priv\u00e9e de la c\u00f4te sud au d\u00e9part de Reykjavik avec un guide local, exp\u00e9riment\u00e9 et agr\u00e9\u00e9","og_url":"https:\/\/tourtravelandmore.com\/fr\/tours\/islande-fr\/reykjavik-fr\/excursion-privee-dune-journee-a-reykjadalur-au-depart-de-reykjavik-copy\/","og_site_name":"Tour Travel And More","article_publisher":"https:\/\/www.facebook.com\/tourtravelandmore\/","article_modified_time":"2025-05-30T16:48:23+00:00","og_image":[{"width":1280,"height":849,"url":"https:\/\/tourtravelandmore.com\/wp-content\/uploads\/2025\/05\/pexels-jaymantri-2666.jpg","type":"image\/jpeg"}],"twitter_card":"summary_large_image","twitter_site":"@TourTravel_More","twitter_misc":{"Dur\u00e9e de lecture estim\u00e9e":"2 minutes"},"schema":{"@context":"https:\/\/schema.org","@graph":[{"@type":"WebPage","@id":"https:\/\/tourtravelandmore.com\/fr\/tours\/islande-fr\/reykjavik-fr\/excursion-privee-dune-journee-a-reykjadalur-au-depart-de-reykjavik-copy\/","url":"https:\/\/tourtravelandmore.com\/fr\/tours\/islande-fr\/reykjavik-fr\/excursion-privee-dune-journee-a-reykjadalur-au-depart-de-reykjavik-copy\/","name":"Visite gastronomique priv\u00e9e \u00e0 pied \u00e0 Reykjavik","isPartOf":{"@id":"https:\/\/tourtravelandmore.com\/fr\/#website"},"primaryImageOfPage":{"@id":"https:\/\/tourtravelandmore.com\/fr\/tours\/islande-fr\/reykjavik-fr\/excursion-privee-dune-journee-a-reykjadalur-au-depart-de-reykjavik-copy\/#primaryimage"},"image":{"@id":"https:\/\/tourtravelandmore.com\/fr\/tours\/islande-fr\/reykjavik-fr\/excursion-privee-dune-journee-a-reykjadalur-au-depart-de-reykjavik-copy\/#primaryimage"},"thumbnailUrl":"https:\/\/tourtravelandmore.com\/wp-content\/uploads\/2025\/05\/pexels-jaymantri-2666.jpg","datePublished":"2025-05-23T17:44:55+00:00","dateModified":"2025-05-30T16:48:23+00:00","description":"D\u00e9couvrez certains des sites naturels les plus \u00e9poustouflants d'Islande lors de cette visite priv\u00e9e de la c\u00f4te sud au d\u00e9part de Reykjavik avec un guide local, exp\u00e9riment\u00e9 et agr\u00e9\u00e9","breadcrumb":{"@id":"https:\/\/tourtravelandmore.com\/fr\/tours\/islande-fr\/reykjavik-fr\/excursion-privee-dune-journee-a-reykjadalur-au-depart-de-reykjavik-copy\/#breadcrumb"},"inLanguage":"fr-FR","potentialAction":[{"@type":"ReadAction","target":["https:\/\/tourtravelandmore.com\/fr\/tours\/islande-fr\/reykjavik-fr\/excursion-privee-dune-journee-a-reykjadalur-au-depart-de-reykjavik-copy\/"]}]},{"@type":"ImageObject","inLanguage":"fr-FR","@id":"https:\/\/tourtravelandmore.com\/fr\/tours\/islande-fr\/reykjavik-fr\/excursion-privee-dune-journee-a-reykjadalur-au-depart-de-reykjavik-copy\/#primaryimage","url":"https:\/\/tourtravelandmore.com\/wp-content\/uploads\/2025\/05\/pexels-jaymantri-2666.jpg","contentUrl":"https:\/\/tourtravelandmore.com\/wp-content\/uploads\/2025\/05\/pexels-jaymantri-2666.jpg","width":1280,"height":849},{"@type":"BreadcrumbList","@id":"https:\/\/tourtravelandmore.com\/fr\/tours\/islande-fr\/reykjavik-fr\/excursion-privee-dune-journee-a-reykjadalur-au-depart-de-reykjavik-copy\/#breadcrumb","itemListElement":[{"@type":"ListItem","position":1,"name":"Home","item":"https:\/\/tourtravelandmore.com\/fr\/"},{"@type":"ListItem","position":2,"name":"Tours","item":"https:\/\/tourtravelandmore.com\/fr\/tours\/"},{"@type":"ListItem","position":3,"name":"Visite gastronomique priv\u00e9e \u00e0 pied \u00e0 Reykjavik"}]},{"@type":"WebSite","@id":"https:\/\/tourtravelandmore.com\/fr\/#website","url":"https:\/\/tourtravelandmore.com\/fr\/","name":"Tour Travel And More","description":"Private sightseeing tours and luxury transfers in Spain","publisher":{"@id":"https:\/\/tourtravelandmore.com\/fr\/#organization"},"potentialAction":[{"@type":"SearchAction","target":{"@type":"EntryPoint","urlTemplate":"https:\/\/tourtravelandmore.com\/fr\/?s={search_term_string}"},"query-input":{"@type":"PropertyValueSpecification","valueRequired":true,"valueName":"search_term_string"}}],"inLanguage":"fr-FR"},{"@type":"Organization","@id":"https:\/\/tourtravelandmore.com\/fr\/#organization","name":"Tour Travel And More","url":"https:\/\/tourtravelandmore.com\/fr\/","logo":{"@type":"ImageObject","inLanguage":"fr-FR","@id":"https:\/\/tourtravelandmore.com\/fr\/#\/schema\/logo\/image\/","url":"https:\/\/tourtravelandmore.com\/wp-content\/uploads\/2022\/12\/cropped-logo-cabecera-new.png","contentUrl":"https:\/\/tourtravelandmore.com\/wp-content\/uploads\/2022\/12\/cropped-logo-cabecera-new.png","width":430,"height":61,"caption":"Tour Travel And More"},"image":{"@id":"https:\/\/tourtravelandmore.com\/fr\/#\/schema\/logo\/image\/"},"sameAs":["https:\/\/www.facebook.com\/tourtravelandmore\/","https:\/\/x.com\/TourTravel_More"]}]}},"_links":{"self":[{"href":"https:\/\/tourtravelandmore.com\/fr\/wp-json\/wp\/v2\/product\/184228","targetHints":{"allow":["GET"]}}],"collection":[{"href":"https:\/\/tourtravelandmore.com\/fr\/wp-json\/wp\/v2\/product"}],"about":[{"href":"https:\/\/tourtravelandmore.com\/fr\/wp-json\/wp\/v2\/types\/product"}],"replies":[{"embeddable":true,"href":"https:\/\/tourtravelandmore.com\/fr\/wp-json\/wp\/v2\/comments?post=184228"}],"wp:featuredmedia":[{"embeddable":true,"href":"https:\/\/tourtravelandmore.com\/fr\/wp-json\/wp\/v2\/media\/184240"}],"wp:attachment":[{"href":"https:\/\/tourtravelandmore.com\/fr\/wp-json\/wp\/v2\/media?parent=184228"}],"wp:term":[{"taxonomy":"product_brand","embeddable":true,"href":"https:\/\/tourtravelandmore.com\/fr\/wp-json\/wp\/v2\/product_brand?post=184228"},{"taxonomy":"product_cat","embeddable":true,"href":"https:\/\/tourtravelandmore.com\/fr\/wp-json\/wp\/v2\/product_cat?post=184228"},{"taxonomy":"product_tag","embeddable":true,"href":"https:\/\/tourtravelandmore.com\/fr\/wp-json\/wp\/v2\/product_tag?post=184228"}],"curies":[{"name":"wp","href":"https:\/\/api.w.org\/{rel}","templated":true}]}}