{"id":184195,"date":"2025-05-23T17:37:49","date_gmt":"2025-05-23T15:37:58","guid":{"rendered":"https:\/\/tourtravelandmore.com\/?post_type=product&#038;p=184195"},"modified":"2025-05-30T16:45:51","modified_gmt":"2025-05-30T14:45:51","slug":"visite-privee-de-la-cote-sud-de-lislande-copy","status":"publish","type":"product","link":"https:\/\/tourtravelandmore.com\/fr\/tours\/islande-fr\/reykjavik-fr\/visite-privee-de-la-cote-sud-de-lislande-copy\/","title":{"rendered":"Excursion priv\u00e9e d&#8217;une journ\u00e9e \u00e0 Reykjadalur au d\u00e9part de Reykjavik"},"content":{"rendered":"<h2><b><strong>Excursion priv\u00e9e d&#8217;une journ\u00e9e \u00e0 Reykjadalur au d\u00e9part de Reykjavik Description<\/strong><\/b><\/h2>\n<p>D\u00e9couvrez la beaut\u00e9 intacte de l&#8217;Islande lors de cette excursion priv\u00e9e d&#8217;une journ\u00e9e \u00e0 Reykjadalur, \u00e9galement connue sous le nom de \u00ab vall\u00e9e de la vapeur \u00bb. \u00c0 quelques minutes en voiture de Reykjavik, cette vall\u00e9e g\u00e9othermique offre une occasion unique de faire une randonn\u00e9e dans des paysages hors du commun et de vous baigner dans une rivi\u00e8re chaude naturelle, une exp\u00e9rience islandaise authentique loin de la foule.<\/p>\n<p>Votre chauffeur-guide personnel viendra vous chercher \u00e0 votre h\u00e9bergement \u00e0 Reykjavik et vous emm\u00e8nera le long de la route panoramique du sud vers Hverager\u00f0i, une charmante ville connue pour son activit\u00e9 g\u00e9othermique. De l\u00e0, nous entreprendrons une randonn\u00e9e mod\u00e9r\u00e9e (environ 1 heure dans chaque sens) pour atteindre le c\u0153ur de Reykjadalur, o\u00f9 des sources de vapeur s&#8217;\u00e9chappent de la terre et o\u00f9 une rivi\u00e8re chaude vous attend pour un bain apaisant.<\/p>\n<h2><b>Excursion priv\u00e9e d&#8217;une journ\u00e9e \u00e0 Reykjadalur au d\u00e9part de Reykjavik | Points d&#8217;int\u00e9r\u00eat et sites touristiques<\/b><\/h2>\n<p>Apr\u00e8s vous \u00eatre d\u00e9tendu dans la rivi\u00e8re, nous retournerons \u00e0 Hverager\u00f0i, o\u00f9 vous aurez la possibilit\u00e9 de vous promener dans le parc g\u00e9othermique ou de d\u00e9guster une collation locale. Le trajet du retour comprend plusieurs arr\u00eats dans des endroits pittoresques et moins connus, tels que le point de vue du tunnel de lave de Raufarh\u00f3lshellir et le plateau de Hellishei\u00f0i pour prendre des photos panoramiques.<\/p>\n<p>Cette excursion est id\u00e9ale pour les amoureux de la nature \u00e0 la recherche d&#8217;un m\u00e9lange d&#8217;aventure, de tranquillit\u00e9 et de paysages islandais authentiques, le tout avec le confort et la flexibilit\u00e9 d&#8217;un v\u00e9hicule priv\u00e9 et d&#8217;un guide local expert.<\/p>\n<ul>\n<li>Transfert priv\u00e9 aller-retour depuis Reykjavik avec un chauffeur-guide professionnel<\/li>\n<li>Randonn\u00e9e guid\u00e9e dans la vall\u00e9e g\u00e9othermique de Reykjadalur<\/li>\n<li>D\u00e9tendez-vous dans une rivi\u00e8re chaude naturelle entour\u00e9e par les montagnes islandaises<\/li>\n<li>Arr\u00eat dans la ville g\u00e9othermique de Hverager\u00f0i<\/li>\n<li>Possibilit\u00e9 de prendre des photos panoramiques \u00e0 Hellishei\u00f0i et dans la campagne environnante<\/li>\n<li>Visite du point de vue du tunnel de lave de Raufarh\u00f3lshellir (ext\u00e9rieur uniquement &#8211; entr\u00e9e gratuite)<\/li>\n<li>Exp\u00e9rience personnalis\u00e9e adapt\u00e9e \u00e0 votre rythme et \u00e0 vos int\u00e9r\u00eats<\/li>\n<\/ul>\n<p>D\u00e9couvrez nos autres circuits priv\u00e9s en Islande.<\/p>\n","protected":false},"excerpt":{"rendered":"<p>D\u00e9couvrez la beaut\u00e9 intacte de l&#8217;Islande lors de cette excursion priv\u00e9e d&#8217;une journ\u00e9e \u00e0 Reykjadalur, \u00e9galement connue sous le nom de \u00ab vall\u00e9e de la vapeur \u00bb. \u00c0 quelques minutes en voiture de Reykjavik, cette vall\u00e9e g\u00e9othermique offre une occasion unique de faire une randonn\u00e9e dans des paysages hors du commun et de vous baigner dans une rivi\u00e8re chaude naturelle, une exp\u00e9rience islandaise authentique loin de la foule.<\/p>\n","protected":false},"featured_media":184208,"comment_status":"open","ping_status":"closed","template":"","meta":{"_acf_changed":false},"product_brand":[],"product_cat":[5526,5528,3713,3719],"product_tag":[],"class_list":{"0":"post-184195","1":"product","2":"type-product","3":"status-publish","4":"has-post-thumbnail","6":"product_cat-all-private-tours-and-activities-fr-13","7":"product_cat-private-excursions","8":"product_cat-islande-fr","9":"product_cat-reykjavik-fr","11":"first","12":"instock","13":"shipping-taxable","14":"purchasable","15":"product-type-simple"},"acf":[],"yoast_head":"<!-- This site is optimized with the Yoast SEO Premium plugin v25.3.1 (Yoast SEO v25.3.1) - https:\/\/yoast.com\/wordpress\/plugins\/seo\/ -->\n<title>Excursion priv\u00e9e d&#039;une journ\u00e9e \u00e0 Reykjadalur au d\u00e9part de Reykjavik<\/title>\n<meta name=\"description\" content=\"D\u00e9couvrez certains des sites naturels les plus \u00e9poustouflants d&#039;Islande lors de cette visite priv\u00e9e de la c\u00f4te sud au d\u00e9part de Reykjavik avec un guide local, exp\u00e9riment\u00e9 et agr\u00e9\u00e9\" \/>\n<meta name=\"robots\" content=\"index, follow, max-snippet:-1, max-image-preview:large, max-video-preview:-1\" \/>\n<link rel=\"canonical\" href=\"https:\/\/tourtravelandmore.com\/fr\/tours\/islande-fr\/reykjavik-fr\/visite-privee-de-la-cote-sud-de-lislande-copy\/\" \/>\n<meta property=\"og:locale\" content=\"fr_FR\" \/>\n<meta property=\"og:type\" content=\"article\" \/>\n<meta property=\"og:title\" content=\"Excursion priv\u00e9e d&#039;une journ\u00e9e \u00e0 Reykjadalur au d\u00e9part de Reykjavik\" \/>\n<meta property=\"og:description\" content=\"D\u00e9couvrez certains des sites naturels les plus \u00e9poustouflants d&#039;Islande lors de cette visite priv\u00e9e de la c\u00f4te sud au d\u00e9part de Reykjavik avec un guide local, exp\u00e9riment\u00e9 et agr\u00e9\u00e9\" \/>\n<meta property=\"og:url\" content=\"https:\/\/tourtravelandmore.com\/fr\/tours\/islande-fr\/reykjavik-fr\/visite-privee-de-la-cote-sud-de-lislande-copy\/\" \/>\n<meta property=\"og:site_name\" content=\"Tour Travel And More\" \/>\n<meta property=\"article:publisher\" content=\"https:\/\/www.facebook.com\/tourtravelandmore\/\" \/>\n<meta property=\"article:modified_time\" content=\"2025-05-30T14:45:51+00:00\" \/>\n<meta property=\"og:image\" content=\"https:\/\/tourtravelandmore.com\/wp-content\/uploads\/2025\/05\/pexels-xavier-mestdag-2230864-3903672-1.jpg\" \/>\n\t<meta property=\"og:image:width\" content=\"1280\" \/>\n\t<meta property=\"og:image:height\" content=\"853\" \/>\n\t<meta property=\"og:image:type\" content=\"image\/jpeg\" \/>\n<meta name=\"twitter:card\" content=\"summary_large_image\" \/>\n<meta name=\"twitter:site\" content=\"@TourTravel_More\" \/>\n<meta name=\"twitter:label1\" content=\"Dur\u00e9e de lecture estim\u00e9e\" \/>\n\t<meta name=\"twitter:data1\" content=\"2 minutes\" \/>\n<script type=\"application\/ld+json\" class=\"yoast-schema-graph\">{\"@context\":\"https:\/\/schema.org\",\"@graph\":[{\"@type\":\"WebPage\",\"@id\":\"https:\/\/tourtravelandmore.com\/fr\/tours\/islande-fr\/reykjavik-fr\/visite-privee-de-la-cote-sud-de-lislande-copy\/\",\"url\":\"https:\/\/tourtravelandmore.com\/fr\/tours\/islande-fr\/reykjavik-fr\/visite-privee-de-la-cote-sud-de-lislande-copy\/\",\"name\":\"Excursion priv\u00e9e d'une journ\u00e9e \u00e0 Reykjadalur au d\u00e9part de Reykjavik\",\"isPartOf\":{\"@id\":\"https:\/\/tourtravelandmore.com\/fr\/#website\"},\"primaryImageOfPage\":{\"@id\":\"https:\/\/tourtravelandmore.com\/fr\/tours\/islande-fr\/reykjavik-fr\/visite-privee-de-la-cote-sud-de-lislande-copy\/#primaryimage\"},\"image\":{\"@id\":\"https:\/\/tourtravelandmore.com\/fr\/tours\/islande-fr\/reykjavik-fr\/visite-privee-de-la-cote-sud-de-lislande-copy\/#primaryimage\"},\"thumbnailUrl\":\"https:\/\/tourtravelandmore.com\/wp-content\/uploads\/2025\/05\/pexels-xavier-mestdag-2230864-3903672-1.jpg\",\"datePublished\":\"2025-05-23T15:37:58+00:00\",\"dateModified\":\"2025-05-30T14:45:51+00:00\",\"description\":\"D\u00e9couvrez certains des sites naturels les plus \u00e9poustouflants d'Islande lors de cette visite priv\u00e9e de la c\u00f4te sud au d\u00e9part de Reykjavik avec un guide local, exp\u00e9riment\u00e9 et agr\u00e9\u00e9\",\"breadcrumb\":{\"@id\":\"https:\/\/tourtravelandmore.com\/fr\/tours\/islande-fr\/reykjavik-fr\/visite-privee-de-la-cote-sud-de-lislande-copy\/#breadcrumb\"},\"inLanguage\":\"fr-FR\",\"potentialAction\":[{\"@type\":\"ReadAction\",\"target\":[\"https:\/\/tourtravelandmore.com\/fr\/tours\/islande-fr\/reykjavik-fr\/visite-privee-de-la-cote-sud-de-lislande-copy\/\"]}]},{\"@type\":\"ImageObject\",\"inLanguage\":\"fr-FR\",\"@id\":\"https:\/\/tourtravelandmore.com\/fr\/tours\/islande-fr\/reykjavik-fr\/visite-privee-de-la-cote-sud-de-lislande-copy\/#primaryimage\",\"url\":\"https:\/\/tourtravelandmore.com\/wp-content\/uploads\/2025\/05\/pexels-xavier-mestdag-2230864-3903672-1.jpg\",\"contentUrl\":\"https:\/\/tourtravelandmore.com\/wp-content\/uploads\/2025\/05\/pexels-xavier-mestdag-2230864-3903672-1.jpg\",\"width\":1280,\"height\":853},{\"@type\":\"BreadcrumbList\",\"@id\":\"https:\/\/tourtravelandmore.com\/fr\/tours\/islande-fr\/reykjavik-fr\/visite-privee-de-la-cote-sud-de-lislande-copy\/#breadcrumb\",\"itemListElement\":[{\"@type\":\"ListItem\",\"position\":1,\"name\":\"Home\",\"item\":\"https:\/\/tourtravelandmore.com\/fr\/\"},{\"@type\":\"ListItem\",\"position\":2,\"name\":\"Tours\",\"item\":\"https:\/\/tourtravelandmore.com\/fr\/tours\/\"},{\"@type\":\"ListItem\",\"position\":3,\"name\":\"Excursion priv\u00e9e d&#8217;une journ\u00e9e \u00e0 Reykjadalur au d\u00e9part de Reykjavik\"}]},{\"@type\":\"WebSite\",\"@id\":\"https:\/\/tourtravelandmore.com\/fr\/#website\",\"url\":\"https:\/\/tourtravelandmore.com\/fr\/\",\"name\":\"Tour Travel And More\",\"description\":\"Private sightseeing tours and luxury transfers in Spain\",\"publisher\":{\"@id\":\"https:\/\/tourtravelandmore.com\/fr\/#organization\"},\"potentialAction\":[{\"@type\":\"SearchAction\",\"target\":{\"@type\":\"EntryPoint\",\"urlTemplate\":\"https:\/\/tourtravelandmore.com\/fr\/?s={search_term_string}\"},\"query-input\":{\"@type\":\"PropertyValueSpecification\",\"valueRequired\":true,\"valueName\":\"search_term_string\"}}],\"inLanguage\":\"fr-FR\"},{\"@type\":\"Organization\",\"@id\":\"https:\/\/tourtravelandmore.com\/fr\/#organization\",\"name\":\"Tour Travel And More\",\"url\":\"https:\/\/tourtravelandmore.com\/fr\/\",\"logo\":{\"@type\":\"ImageObject\",\"inLanguage\":\"fr-FR\",\"@id\":\"https:\/\/tourtravelandmore.com\/fr\/#\/schema\/logo\/image\/\",\"url\":\"https:\/\/tourtravelandmore.com\/wp-content\/uploads\/2022\/12\/cropped-logo-cabecera-new.png\",\"contentUrl\":\"https:\/\/tourtravelandmore.com\/wp-content\/uploads\/2022\/12\/cropped-logo-cabecera-new.png\",\"width\":430,\"height\":61,\"caption\":\"Tour Travel And More\"},\"image\":{\"@id\":\"https:\/\/tourtravelandmore.com\/fr\/#\/schema\/logo\/image\/\"},\"sameAs\":[\"https:\/\/www.facebook.com\/tourtravelandmore\/\",\"https:\/\/x.com\/TourTravel_More\"]}]}<\/script>\n<!-- \/ Yoast SEO Premium plugin. -->","yoast_head_json":{"title":"Excursion priv\u00e9e d'une journ\u00e9e \u00e0 Reykjadalur au d\u00e9part de Reykjavik","description":"D\u00e9couvrez certains des sites naturels les plus \u00e9poustouflants d'Islande lors de cette visite priv\u00e9e de la c\u00f4te sud au d\u00e9part de Reykjavik avec un guide local, exp\u00e9riment\u00e9 et agr\u00e9\u00e9","robots":{"index":"index","follow":"follow","max-snippet":"max-snippet:-1","max-image-preview":"max-image-preview:large","max-video-preview":"max-video-preview:-1"},"canonical":"https:\/\/tourtravelandmore.com\/fr\/tours\/islande-fr\/reykjavik-fr\/visite-privee-de-la-cote-sud-de-lislande-copy\/","og_locale":"fr_FR","og_type":"article","og_title":"Excursion priv\u00e9e d'une journ\u00e9e \u00e0 Reykjadalur au d\u00e9part de Reykjavik","og_description":"D\u00e9couvrez certains des sites naturels les plus \u00e9poustouflants d'Islande lors de cette visite priv\u00e9e de la c\u00f4te sud au d\u00e9part de Reykjavik avec un guide local, exp\u00e9riment\u00e9 et agr\u00e9\u00e9","og_url":"https:\/\/tourtravelandmore.com\/fr\/tours\/islande-fr\/reykjavik-fr\/visite-privee-de-la-cote-sud-de-lislande-copy\/","og_site_name":"Tour Travel And More","article_publisher":"https:\/\/www.facebook.com\/tourtravelandmore\/","article_modified_time":"2025-05-30T14:45:51+00:00","og_image":[{"width":1280,"height":853,"url":"https:\/\/tourtravelandmore.com\/wp-content\/uploads\/2025\/05\/pexels-xavier-mestdag-2230864-3903672-1.jpg","type":"image\/jpeg"}],"twitter_card":"summary_large_image","twitter_site":"@TourTravel_More","twitter_misc":{"Dur\u00e9e de lecture estim\u00e9e":"2 minutes"},"schema":{"@context":"https:\/\/schema.org","@graph":[{"@type":"WebPage","@id":"https:\/\/tourtravelandmore.com\/fr\/tours\/islande-fr\/reykjavik-fr\/visite-privee-de-la-cote-sud-de-lislande-copy\/","url":"https:\/\/tourtravelandmore.com\/fr\/tours\/islande-fr\/reykjavik-fr\/visite-privee-de-la-cote-sud-de-lislande-copy\/","name":"Excursion priv\u00e9e d'une journ\u00e9e \u00e0 Reykjadalur au d\u00e9part de Reykjavik","isPartOf":{"@id":"https:\/\/tourtravelandmore.com\/fr\/#website"},"primaryImageOfPage":{"@id":"https:\/\/tourtravelandmore.com\/fr\/tours\/islande-fr\/reykjavik-fr\/visite-privee-de-la-cote-sud-de-lislande-copy\/#primaryimage"},"image":{"@id":"https:\/\/tourtravelandmore.com\/fr\/tours\/islande-fr\/reykjavik-fr\/visite-privee-de-la-cote-sud-de-lislande-copy\/#primaryimage"},"thumbnailUrl":"https:\/\/tourtravelandmore.com\/wp-content\/uploads\/2025\/05\/pexels-xavier-mestdag-2230864-3903672-1.jpg","datePublished":"2025-05-23T15:37:58+00:00","dateModified":"2025-05-30T14:45:51+00:00","description":"D\u00e9couvrez certains des sites naturels les plus \u00e9poustouflants d'Islande lors de cette visite priv\u00e9e de la c\u00f4te sud au d\u00e9part de Reykjavik avec un guide local, exp\u00e9riment\u00e9 et agr\u00e9\u00e9","breadcrumb":{"@id":"https:\/\/tourtravelandmore.com\/fr\/tours\/islande-fr\/reykjavik-fr\/visite-privee-de-la-cote-sud-de-lislande-copy\/#breadcrumb"},"inLanguage":"fr-FR","potentialAction":[{"@type":"ReadAction","target":["https:\/\/tourtravelandmore.com\/fr\/tours\/islande-fr\/reykjavik-fr\/visite-privee-de-la-cote-sud-de-lislande-copy\/"]}]},{"@type":"ImageObject","inLanguage":"fr-FR","@id":"https:\/\/tourtravelandmore.com\/fr\/tours\/islande-fr\/reykjavik-fr\/visite-privee-de-la-cote-sud-de-lislande-copy\/#primaryimage","url":"https:\/\/tourtravelandmore.com\/wp-content\/uploads\/2025\/05\/pexels-xavier-mestdag-2230864-3903672-1.jpg","contentUrl":"https:\/\/tourtravelandmore.com\/wp-content\/uploads\/2025\/05\/pexels-xavier-mestdag-2230864-3903672-1.jpg","width":1280,"height":853},{"@type":"BreadcrumbList","@id":"https:\/\/tourtravelandmore.com\/fr\/tours\/islande-fr\/reykjavik-fr\/visite-privee-de-la-cote-sud-de-lislande-copy\/#breadcrumb","itemListElement":[{"@type":"ListItem","position":1,"name":"Home","item":"https:\/\/tourtravelandmore.com\/fr\/"},{"@type":"ListItem","position":2,"name":"Tours","item":"https:\/\/tourtravelandmore.com\/fr\/tours\/"},{"@type":"ListItem","position":3,"name":"Excursion priv\u00e9e d&#8217;une journ\u00e9e \u00e0 Reykjadalur au d\u00e9part de Reykjavik"}]},{"@type":"WebSite","@id":"https:\/\/tourtravelandmore.com\/fr\/#website","url":"https:\/\/tourtravelandmore.com\/fr\/","name":"Tour Travel And More","description":"Private sightseeing tours and luxury transfers in Spain","publisher":{"@id":"https:\/\/tourtravelandmore.com\/fr\/#organization"},"potentialAction":[{"@type":"SearchAction","target":{"@type":"EntryPoint","urlTemplate":"https:\/\/tourtravelandmore.com\/fr\/?s={search_term_string}"},"query-input":{"@type":"PropertyValueSpecification","valueRequired":true,"valueName":"search_term_string"}}],"inLanguage":"fr-FR"},{"@type":"Organization","@id":"https:\/\/tourtravelandmore.com\/fr\/#organization","name":"Tour Travel And More","url":"https:\/\/tourtravelandmore.com\/fr\/","logo":{"@type":"ImageObject","inLanguage":"fr-FR","@id":"https:\/\/tourtravelandmore.com\/fr\/#\/schema\/logo\/image\/","url":"https:\/\/tourtravelandmore.com\/wp-content\/uploads\/2022\/12\/cropped-logo-cabecera-new.png","contentUrl":"https:\/\/tourtravelandmore.com\/wp-content\/uploads\/2022\/12\/cropped-logo-cabecera-new.png","width":430,"height":61,"caption":"Tour Travel And More"},"image":{"@id":"https:\/\/tourtravelandmore.com\/fr\/#\/schema\/logo\/image\/"},"sameAs":["https:\/\/www.facebook.com\/tourtravelandmore\/","https:\/\/x.com\/TourTravel_More"]}]}},"_links":{"self":[{"href":"https:\/\/tourtravelandmore.com\/fr\/wp-json\/wp\/v2\/product\/184195","targetHints":{"allow":["GET"]}}],"collection":[{"href":"https:\/\/tourtravelandmore.com\/fr\/wp-json\/wp\/v2\/product"}],"about":[{"href":"https:\/\/tourtravelandmore.com\/fr\/wp-json\/wp\/v2\/types\/product"}],"replies":[{"embeddable":true,"href":"https:\/\/tourtravelandmore.com\/fr\/wp-json\/wp\/v2\/comments?post=184195"}],"wp:featuredmedia":[{"embeddable":true,"href":"https:\/\/tourtravelandmore.com\/fr\/wp-json\/wp\/v2\/media\/184208"}],"wp:attachment":[{"href":"https:\/\/tourtravelandmore.com\/fr\/wp-json\/wp\/v2\/media?parent=184195"}],"wp:term":[{"taxonomy":"product_brand","embeddable":true,"href":"https:\/\/tourtravelandmore.com\/fr\/wp-json\/wp\/v2\/product_brand?post=184195"},{"taxonomy":"product_cat","embeddable":true,"href":"https:\/\/tourtravelandmore.com\/fr\/wp-json\/wp\/v2\/product_cat?post=184195"},{"taxonomy":"product_tag","embeddable":true,"href":"https:\/\/tourtravelandmore.com\/fr\/wp-json\/wp\/v2\/product_tag?post=184195"}],"curies":[{"name":"wp","href":"https:\/\/api.w.org\/{rel}","templated":true}]}}