{"id":184149,"date":"2025-05-22T17:23:36","date_gmt":"2025-05-22T15:23:39","guid":{"rendered":"https:\/\/tourtravelandmore.com\/?post_type=product&#038;p=184149"},"modified":"2025-05-30T16:36:34","modified_gmt":"2025-05-30T14:36:34","slug":"transfert-en-vehicule-prive-vers-le-blue-lagoon-depuis-reykjavik-copy","status":"publish","type":"product","link":"https:\/\/tourtravelandmore.com\/fr\/tours\/islande-fr\/reykjavik-fr\/transfert-en-vehicule-prive-vers-le-blue-lagoon-depuis-reykjavik-copy\/","title":{"rendered":"Visite priv\u00e9e de la p\u00e9ninsule de Sn\u00e6fellsnes au d\u00e9part de Reykjavik"},"content":{"rendered":"<h2><b><strong>Visite priv\u00e9e de la p\u00e9ninsule de Sn\u00e6fellsnes au d\u00e9part de Reykjavik Description<\/strong><\/b><\/h2>\n<p>Embarquez pour une excursion priv\u00e9e d&#8217;une journ\u00e9e compl\u00e8te dans l&#8217;une des r\u00e9gions les plus captivantes d&#8217;Islande, la p\u00e9ninsule de Sn\u00e6fellsnes, souvent qualifi\u00e9e de \u00ab Islande en miniature \u00bb en raison de l&#8217;\u00e9tonnante diversit\u00e9 de ses paysages. Ce voyage exclusif de 12 heures commence par la prise en charge priv\u00e9e \u00e0 votre h\u00f4tel \u00e0 Reykjavik par votre chauffeur-guide personnel, qui vous accompagnera tout au long de la journ\u00e9e, vous fournissant des informations locales, le contexte historique et une attention personnalis\u00e9e.<\/p>\n<p>En voyageant vers l&#8217;ouest, vous d\u00e9couvrirez des falaises c\u00f4ti\u00e8res spectaculaires, des plages de sable noir, des crat\u00e8res volcaniques, des champs de lave et des montagnes majestueuses, le tout encadr\u00e9 par la pr\u00e9sence mystique du glacier-volcan Sn\u00e6fellsj\u00f6kull. Sans frais d&#8217;entr\u00e9e aux principales \u00e9tapes, cette excursion est id\u00e9ale pour ceux qui souhaitent explorer la beaut\u00e9 naturelle de l&#8217;Islande dans le confort et l&#8217;intimit\u00e9.<\/p>\n<p>Ce service est id\u00e9al pour les voyageurs qui appr\u00e9cient le confort, la flexibilit\u00e9 et une touche de luxe dans leur aventure islandaise.<\/p>\n<h2><b>Excursion priv\u00e9e dans la p\u00e9ninsule de Sn\u00e6fellsnes au d\u00e9part de Reykjavik | Points d&#8217;int\u00e9r\u00eat et sites remarquables<\/b><\/h2>\n<p>Que vous soyez amateur de nature, passionn\u00e9 de photographie ou simplement \u00e0 la recherche d&#8217;une escapade hors de la ville, la p\u00e9ninsule de Sn\u00e6fellsnes vous offre une exp\u00e9rience inoubliable. Cette excursion est enti\u00e8rement personnalisable selon vos pr\u00e9f\u00e9rences et peut inclure de courtes randonn\u00e9es, des arr\u00eats photo et des pauses en cours de route.<\/p>\n<ul>\n<li><b>Parc national de Sn\u00e6fellsj\u00f6kull<\/b> \u2013 \u00c9merveillez-vous devant le volcan recouvert d&#8217;un glacier qui a inspir\u00e9 Jules Verne pour son roman \u00ab Voyage au centre de la Terre \u00bb.<\/li>\n<li><b>Arnarstapi et Hellnar<\/b> \u2013 Explorez ces pittoresques villages de p\u00eacheurs avec leurs falaises de basalte spectaculaires et leurs formations rocheuses c\u00f4ti\u00e8res.<\/li>\n<li><b>Falaises de L\u00f3ndrangar<\/b> \u2013 Admirez les imposants pics rocheux volcaniques qui s&#8217;\u00e9l\u00e8vent de la mer, un site tr\u00e8s appr\u00e9ci\u00e9 des ornithologues et des photographes.<\/li>\n<li><b>Plage de galets noirs de Dj\u00fapal\u00f3nssandur<\/b> \u2013 Promenez-vous le long de cette plage d&#8217;une beaut\u00e9 envo\u00fbtante, parsem\u00e9e de vestiges d&#8217;\u00e9paves.<\/li>\n<li><b>Mont Kirkjufell et cascade Kirkjufellsfoss<\/b> \u2013 Capturez des vues embl\u00e9matiques de la montagne la plus photographi\u00e9e d&#8217;Islande et de la cascade qui l&#8217;entoure.<\/li>\n<li><b>Champ de lave de Berserkjahraun<\/b> \u2013 D\u00e9couvrez ce champ de lave recouvert de mousse et impr\u00e9gn\u00e9 du folklore islandais.<\/li>\n<li><b>Ville de Stykkish\u00f3lmur<\/b> \u2013 Promenez-vous dans cette charmante ville portuaire connue pour ses maisons color\u00e9es et ses vues sur la baie de Brei\u00f0afj\u00f6r\u00f0ur.<\/li>\n<li><b>Routes c\u00f4ti\u00e8res pittoresques<\/b> \u2013 Profitez d&#8217;innombrables occasions de prendre des photos en longeant les fjords, les falaises et les plaines de lave.<\/li>\n<\/ul>\n<p><a href=\"https:\/\/tourtravelandmore.com\/fr\/city\/islande-fr\/reykjavik-fr\/\">D\u00e9couvrez nos offres d&#8217;exp\u00e9riences priv\u00e9es en Islande.<\/a><\/p>\n","protected":false},"excerpt":{"rendered":"<p>Embarquez pour une excursion priv\u00e9e d&#8217;une journ\u00e9e compl\u00e8te dans l&#8217;une des r\u00e9gions les plus captivantes d&#8217;Islande, la p\u00e9ninsule de Sn\u00e6fellsnes, souvent qualifi\u00e9e de \u00ab Islande en miniature \u00bb en raison de l&#8217;\u00e9tonnante diversit\u00e9 de ses paysages. Ce voyage exclusif de 12 heures commence par la prise en charge priv\u00e9e \u00e0 votre h\u00f4tel \u00e0 Reykjavik par votre chauffeur-guide personnel, qui vous accompagnera tout au long de la journ\u00e9e, vous fournissant des informations locales, le contexte historique et une attention personnalis\u00e9e.<\/p>\n","protected":false},"featured_media":184161,"comment_status":"open","ping_status":"closed","template":"","meta":{"_acf_changed":false},"product_brand":[],"product_cat":[5526,5527,3713,3719],"product_tag":[],"class_list":{"0":"post-184149","1":"product","2":"type-product","3":"status-publish","4":"has-post-thumbnail","6":"product_cat-all-private-tours-and-activities-fr-13","7":"product_cat-private-sightseeing-tours-fr-47","8":"product_cat-islande-fr","9":"product_cat-reykjavik-fr","11":"first","12":"instock","13":"shipping-taxable","14":"purchasable","15":"product-type-simple"},"acf":[],"yoast_head":"<!-- This site is optimized with the Yoast SEO Premium plugin v25.3.1 (Yoast SEO v25.3.1) - https:\/\/yoast.com\/wordpress\/plugins\/seo\/ -->\n<title>Visite priv\u00e9e de la p\u00e9ninsule de Sn\u00e6fellsnes au d\u00e9part de Reykjavik<\/title>\n<meta name=\"description\" content=\"D\u00e9couvrez Reykjavik, la capitale la plus septentrionale du monde, gr\u00e2ce \u00e0 notre visite priv\u00e9e de la p\u00e9ninsule de Sn\u00e6fellsnes au d\u00e9part de Reykjavik.\" \/>\n<meta name=\"robots\" content=\"index, follow, max-snippet:-1, max-image-preview:large, max-video-preview:-1\" \/>\n<link rel=\"canonical\" href=\"https:\/\/tourtravelandmore.com\/fr\/tours\/islande-fr\/reykjavik-fr\/transfert-en-vehicule-prive-vers-le-blue-lagoon-depuis-reykjavik-copy\/\" \/>\n<meta property=\"og:locale\" content=\"fr_FR\" \/>\n<meta property=\"og:type\" content=\"article\" \/>\n<meta property=\"og:title\" content=\"Visite priv\u00e9e de la p\u00e9ninsule de Sn\u00e6fellsnes au d\u00e9part de Reykjavik\" \/>\n<meta property=\"og:description\" content=\"D\u00e9couvrez Reykjavik, la capitale la plus septentrionale du monde, gr\u00e2ce \u00e0 notre visite priv\u00e9e de la p\u00e9ninsule de Sn\u00e6fellsnes au d\u00e9part de Reykjavik.\" \/>\n<meta property=\"og:url\" content=\"https:\/\/tourtravelandmore.com\/fr\/tours\/islande-fr\/reykjavik-fr\/transfert-en-vehicule-prive-vers-le-blue-lagoon-depuis-reykjavik-copy\/\" \/>\n<meta property=\"og:site_name\" content=\"Tour Travel And More\" \/>\n<meta property=\"article:publisher\" content=\"https:\/\/www.facebook.com\/tourtravelandmore\/\" \/>\n<meta property=\"article:modified_time\" content=\"2025-05-30T14:36:34+00:00\" \/>\n<meta property=\"og:image\" content=\"https:\/\/tourtravelandmore.com\/wp-content\/uploads\/2025\/05\/pexels-raulling-32096257.jpg\" \/>\n\t<meta property=\"og:image:width\" content=\"1279\" \/>\n\t<meta property=\"og:image:height\" content=\"853\" \/>\n\t<meta property=\"og:image:type\" content=\"image\/jpeg\" \/>\n<meta name=\"twitter:card\" content=\"summary_large_image\" \/>\n<meta name=\"twitter:site\" content=\"@TourTravel_More\" \/>\n<meta name=\"twitter:label1\" content=\"Dur\u00e9e de lecture estim\u00e9e\" \/>\n\t<meta name=\"twitter:data1\" content=\"2 minutes\" \/>\n<script type=\"application\/ld+json\" class=\"yoast-schema-graph\">{\"@context\":\"https:\/\/schema.org\",\"@graph\":[{\"@type\":\"WebPage\",\"@id\":\"https:\/\/tourtravelandmore.com\/fr\/tours\/islande-fr\/reykjavik-fr\/transfert-en-vehicule-prive-vers-le-blue-lagoon-depuis-reykjavik-copy\/\",\"url\":\"https:\/\/tourtravelandmore.com\/fr\/tours\/islande-fr\/reykjavik-fr\/transfert-en-vehicule-prive-vers-le-blue-lagoon-depuis-reykjavik-copy\/\",\"name\":\"Visite priv\u00e9e de la p\u00e9ninsule de Sn\u00e6fellsnes au d\u00e9part de Reykjavik\",\"isPartOf\":{\"@id\":\"https:\/\/tourtravelandmore.com\/fr\/#website\"},\"primaryImageOfPage\":{\"@id\":\"https:\/\/tourtravelandmore.com\/fr\/tours\/islande-fr\/reykjavik-fr\/transfert-en-vehicule-prive-vers-le-blue-lagoon-depuis-reykjavik-copy\/#primaryimage\"},\"image\":{\"@id\":\"https:\/\/tourtravelandmore.com\/fr\/tours\/islande-fr\/reykjavik-fr\/transfert-en-vehicule-prive-vers-le-blue-lagoon-depuis-reykjavik-copy\/#primaryimage\"},\"thumbnailUrl\":\"https:\/\/tourtravelandmore.com\/wp-content\/uploads\/2025\/05\/pexels-raulling-32096257.jpg\",\"datePublished\":\"2025-05-22T15:23:39+00:00\",\"dateModified\":\"2025-05-30T14:36:34+00:00\",\"description\":\"D\u00e9couvrez Reykjavik, la capitale la plus septentrionale du monde, gr\u00e2ce \u00e0 notre visite priv\u00e9e de la p\u00e9ninsule de Sn\u00e6fellsnes au d\u00e9part de Reykjavik.\",\"breadcrumb\":{\"@id\":\"https:\/\/tourtravelandmore.com\/fr\/tours\/islande-fr\/reykjavik-fr\/transfert-en-vehicule-prive-vers-le-blue-lagoon-depuis-reykjavik-copy\/#breadcrumb\"},\"inLanguage\":\"fr-FR\",\"potentialAction\":[{\"@type\":\"ReadAction\",\"target\":[\"https:\/\/tourtravelandmore.com\/fr\/tours\/islande-fr\/reykjavik-fr\/transfert-en-vehicule-prive-vers-le-blue-lagoon-depuis-reykjavik-copy\/\"]}]},{\"@type\":\"ImageObject\",\"inLanguage\":\"fr-FR\",\"@id\":\"https:\/\/tourtravelandmore.com\/fr\/tours\/islande-fr\/reykjavik-fr\/transfert-en-vehicule-prive-vers-le-blue-lagoon-depuis-reykjavik-copy\/#primaryimage\",\"url\":\"https:\/\/tourtravelandmore.com\/wp-content\/uploads\/2025\/05\/pexels-raulling-32096257.jpg\",\"contentUrl\":\"https:\/\/tourtravelandmore.com\/wp-content\/uploads\/2025\/05\/pexels-raulling-32096257.jpg\",\"width\":1279,\"height\":853},{\"@type\":\"BreadcrumbList\",\"@id\":\"https:\/\/tourtravelandmore.com\/fr\/tours\/islande-fr\/reykjavik-fr\/transfert-en-vehicule-prive-vers-le-blue-lagoon-depuis-reykjavik-copy\/#breadcrumb\",\"itemListElement\":[{\"@type\":\"ListItem\",\"position\":1,\"name\":\"Home\",\"item\":\"https:\/\/tourtravelandmore.com\/fr\/\"},{\"@type\":\"ListItem\",\"position\":2,\"name\":\"Tours\",\"item\":\"https:\/\/tourtravelandmore.com\/fr\/tours\/\"},{\"@type\":\"ListItem\",\"position\":3,\"name\":\"Visite priv\u00e9e de la p\u00e9ninsule de Sn\u00e6fellsnes au d\u00e9part de Reykjavik\"}]},{\"@type\":\"WebSite\",\"@id\":\"https:\/\/tourtravelandmore.com\/fr\/#website\",\"url\":\"https:\/\/tourtravelandmore.com\/fr\/\",\"name\":\"Tour Travel And More\",\"description\":\"Private sightseeing tours and luxury transfers in Spain\",\"publisher\":{\"@id\":\"https:\/\/tourtravelandmore.com\/fr\/#organization\"},\"potentialAction\":[{\"@type\":\"SearchAction\",\"target\":{\"@type\":\"EntryPoint\",\"urlTemplate\":\"https:\/\/tourtravelandmore.com\/fr\/?s={search_term_string}\"},\"query-input\":{\"@type\":\"PropertyValueSpecification\",\"valueRequired\":true,\"valueName\":\"search_term_string\"}}],\"inLanguage\":\"fr-FR\"},{\"@type\":\"Organization\",\"@id\":\"https:\/\/tourtravelandmore.com\/fr\/#organization\",\"name\":\"Tour Travel And More\",\"url\":\"https:\/\/tourtravelandmore.com\/fr\/\",\"logo\":{\"@type\":\"ImageObject\",\"inLanguage\":\"fr-FR\",\"@id\":\"https:\/\/tourtravelandmore.com\/fr\/#\/schema\/logo\/image\/\",\"url\":\"https:\/\/tourtravelandmore.com\/wp-content\/uploads\/2022\/12\/cropped-logo-cabecera-new.png\",\"contentUrl\":\"https:\/\/tourtravelandmore.com\/wp-content\/uploads\/2022\/12\/cropped-logo-cabecera-new.png\",\"width\":430,\"height\":61,\"caption\":\"Tour Travel And More\"},\"image\":{\"@id\":\"https:\/\/tourtravelandmore.com\/fr\/#\/schema\/logo\/image\/\"},\"sameAs\":[\"https:\/\/www.facebook.com\/tourtravelandmore\/\",\"https:\/\/x.com\/TourTravel_More\"]}]}<\/script>\n<!-- \/ Yoast SEO Premium plugin. -->","yoast_head_json":{"title":"Visite priv\u00e9e de la p\u00e9ninsule de Sn\u00e6fellsnes au d\u00e9part de Reykjavik","description":"D\u00e9couvrez Reykjavik, la capitale la plus septentrionale du monde, gr\u00e2ce \u00e0 notre visite priv\u00e9e de la p\u00e9ninsule de Sn\u00e6fellsnes au d\u00e9part de Reykjavik.","robots":{"index":"index","follow":"follow","max-snippet":"max-snippet:-1","max-image-preview":"max-image-preview:large","max-video-preview":"max-video-preview:-1"},"canonical":"https:\/\/tourtravelandmore.com\/fr\/tours\/islande-fr\/reykjavik-fr\/transfert-en-vehicule-prive-vers-le-blue-lagoon-depuis-reykjavik-copy\/","og_locale":"fr_FR","og_type":"article","og_title":"Visite priv\u00e9e de la p\u00e9ninsule de Sn\u00e6fellsnes au d\u00e9part de Reykjavik","og_description":"D\u00e9couvrez Reykjavik, la capitale la plus septentrionale du monde, gr\u00e2ce \u00e0 notre visite priv\u00e9e de la p\u00e9ninsule de Sn\u00e6fellsnes au d\u00e9part de Reykjavik.","og_url":"https:\/\/tourtravelandmore.com\/fr\/tours\/islande-fr\/reykjavik-fr\/transfert-en-vehicule-prive-vers-le-blue-lagoon-depuis-reykjavik-copy\/","og_site_name":"Tour Travel And More","article_publisher":"https:\/\/www.facebook.com\/tourtravelandmore\/","article_modified_time":"2025-05-30T14:36:34+00:00","og_image":[{"width":1279,"height":853,"url":"https:\/\/tourtravelandmore.com\/wp-content\/uploads\/2025\/05\/pexels-raulling-32096257.jpg","type":"image\/jpeg"}],"twitter_card":"summary_large_image","twitter_site":"@TourTravel_More","twitter_misc":{"Dur\u00e9e de lecture estim\u00e9e":"2 minutes"},"schema":{"@context":"https:\/\/schema.org","@graph":[{"@type":"WebPage","@id":"https:\/\/tourtravelandmore.com\/fr\/tours\/islande-fr\/reykjavik-fr\/transfert-en-vehicule-prive-vers-le-blue-lagoon-depuis-reykjavik-copy\/","url":"https:\/\/tourtravelandmore.com\/fr\/tours\/islande-fr\/reykjavik-fr\/transfert-en-vehicule-prive-vers-le-blue-lagoon-depuis-reykjavik-copy\/","name":"Visite priv\u00e9e de la p\u00e9ninsule de Sn\u00e6fellsnes au d\u00e9part de Reykjavik","isPartOf":{"@id":"https:\/\/tourtravelandmore.com\/fr\/#website"},"primaryImageOfPage":{"@id":"https:\/\/tourtravelandmore.com\/fr\/tours\/islande-fr\/reykjavik-fr\/transfert-en-vehicule-prive-vers-le-blue-lagoon-depuis-reykjavik-copy\/#primaryimage"},"image":{"@id":"https:\/\/tourtravelandmore.com\/fr\/tours\/islande-fr\/reykjavik-fr\/transfert-en-vehicule-prive-vers-le-blue-lagoon-depuis-reykjavik-copy\/#primaryimage"},"thumbnailUrl":"https:\/\/tourtravelandmore.com\/wp-content\/uploads\/2025\/05\/pexels-raulling-32096257.jpg","datePublished":"2025-05-22T15:23:39+00:00","dateModified":"2025-05-30T14:36:34+00:00","description":"D\u00e9couvrez Reykjavik, la capitale la plus septentrionale du monde, gr\u00e2ce \u00e0 notre visite priv\u00e9e de la p\u00e9ninsule de Sn\u00e6fellsnes au d\u00e9part de Reykjavik.","breadcrumb":{"@id":"https:\/\/tourtravelandmore.com\/fr\/tours\/islande-fr\/reykjavik-fr\/transfert-en-vehicule-prive-vers-le-blue-lagoon-depuis-reykjavik-copy\/#breadcrumb"},"inLanguage":"fr-FR","potentialAction":[{"@type":"ReadAction","target":["https:\/\/tourtravelandmore.com\/fr\/tours\/islande-fr\/reykjavik-fr\/transfert-en-vehicule-prive-vers-le-blue-lagoon-depuis-reykjavik-copy\/"]}]},{"@type":"ImageObject","inLanguage":"fr-FR","@id":"https:\/\/tourtravelandmore.com\/fr\/tours\/islande-fr\/reykjavik-fr\/transfert-en-vehicule-prive-vers-le-blue-lagoon-depuis-reykjavik-copy\/#primaryimage","url":"https:\/\/tourtravelandmore.com\/wp-content\/uploads\/2025\/05\/pexels-raulling-32096257.jpg","contentUrl":"https:\/\/tourtravelandmore.com\/wp-content\/uploads\/2025\/05\/pexels-raulling-32096257.jpg","width":1279,"height":853},{"@type":"BreadcrumbList","@id":"https:\/\/tourtravelandmore.com\/fr\/tours\/islande-fr\/reykjavik-fr\/transfert-en-vehicule-prive-vers-le-blue-lagoon-depuis-reykjavik-copy\/#breadcrumb","itemListElement":[{"@type":"ListItem","position":1,"name":"Home","item":"https:\/\/tourtravelandmore.com\/fr\/"},{"@type":"ListItem","position":2,"name":"Tours","item":"https:\/\/tourtravelandmore.com\/fr\/tours\/"},{"@type":"ListItem","position":3,"name":"Visite priv\u00e9e de la p\u00e9ninsule de Sn\u00e6fellsnes au d\u00e9part de Reykjavik"}]},{"@type":"WebSite","@id":"https:\/\/tourtravelandmore.com\/fr\/#website","url":"https:\/\/tourtravelandmore.com\/fr\/","name":"Tour Travel And More","description":"Private sightseeing tours and luxury transfers in Spain","publisher":{"@id":"https:\/\/tourtravelandmore.com\/fr\/#organization"},"potentialAction":[{"@type":"SearchAction","target":{"@type":"EntryPoint","urlTemplate":"https:\/\/tourtravelandmore.com\/fr\/?s={search_term_string}"},"query-input":{"@type":"PropertyValueSpecification","valueRequired":true,"valueName":"search_term_string"}}],"inLanguage":"fr-FR"},{"@type":"Organization","@id":"https:\/\/tourtravelandmore.com\/fr\/#organization","name":"Tour Travel And More","url":"https:\/\/tourtravelandmore.com\/fr\/","logo":{"@type":"ImageObject","inLanguage":"fr-FR","@id":"https:\/\/tourtravelandmore.com\/fr\/#\/schema\/logo\/image\/","url":"https:\/\/tourtravelandmore.com\/wp-content\/uploads\/2022\/12\/cropped-logo-cabecera-new.png","contentUrl":"https:\/\/tourtravelandmore.com\/wp-content\/uploads\/2022\/12\/cropped-logo-cabecera-new.png","width":430,"height":61,"caption":"Tour Travel And More"},"image":{"@id":"https:\/\/tourtravelandmore.com\/fr\/#\/schema\/logo\/image\/"},"sameAs":["https:\/\/www.facebook.com\/tourtravelandmore\/","https:\/\/x.com\/TourTravel_More"]}]}},"_links":{"self":[{"href":"https:\/\/tourtravelandmore.com\/fr\/wp-json\/wp\/v2\/product\/184149","targetHints":{"allow":["GET"]}}],"collection":[{"href":"https:\/\/tourtravelandmore.com\/fr\/wp-json\/wp\/v2\/product"}],"about":[{"href":"https:\/\/tourtravelandmore.com\/fr\/wp-json\/wp\/v2\/types\/product"}],"replies":[{"embeddable":true,"href":"https:\/\/tourtravelandmore.com\/fr\/wp-json\/wp\/v2\/comments?post=184149"}],"wp:featuredmedia":[{"embeddable":true,"href":"https:\/\/tourtravelandmore.com\/fr\/wp-json\/wp\/v2\/media\/184161"}],"wp:attachment":[{"href":"https:\/\/tourtravelandmore.com\/fr\/wp-json\/wp\/v2\/media?parent=184149"}],"wp:term":[{"taxonomy":"product_brand","embeddable":true,"href":"https:\/\/tourtravelandmore.com\/fr\/wp-json\/wp\/v2\/product_brand?post=184149"},{"taxonomy":"product_cat","embeddable":true,"href":"https:\/\/tourtravelandmore.com\/fr\/wp-json\/wp\/v2\/product_cat?post=184149"},{"taxonomy":"product_tag","embeddable":true,"href":"https:\/\/tourtravelandmore.com\/fr\/wp-json\/wp\/v2\/product_tag?post=184149"}],"curies":[{"name":"wp","href":"https:\/\/api.w.org\/{rel}","templated":true}]}}