{"id":184117,"date":"2025-05-22T17:06:21","date_gmt":"2025-05-22T15:06:26","guid":{"rendered":"https:\/\/tourtravelandmore.com\/?post_type=product&#038;p=184117"},"modified":"2025-05-30T16:33:05","modified_gmt":"2025-05-30T14:33:05","slug":"visite-guidee-privee-a-pied-de-reykjavik-copy","status":"publish","type":"product","link":"https:\/\/tourtravelandmore.com\/fr\/tours\/islande-fr\/reykjavik-fr\/visite-guidee-privee-a-pied-de-reykjavik-copy\/","title":{"rendered":"Transfert en v\u00e9hicule priv\u00e9 vers le Blue Lagoon depuis Reykjavik"},"content":{"rendered":"<h2><b><strong>Transfert en v\u00e9hicule priv\u00e9 vers le Blue Lagoon depuis Reykjavik Description<\/strong><\/b><\/h2>\n<p>Profitez d&#8217;une exp\u00e9rience fluide et relaxante gr\u00e2ce \u00e0 notre service de transfert en v\u00e9hicule priv\u00e9 vers le c\u00e9l\u00e8bre Blue Lagoon. Au d\u00e9part de Reykjavik, ce service de 6 heures vous offre le confort et la commodit\u00e9 d&#8217;un chauffeur priv\u00e9 qui vous conduira directement \u00e0 ce spa g\u00e9othermique embl\u00e9matique, nich\u00e9 dans un magnifique champ de lave sur la p\u00e9ninsule de Reykjanes.<\/p>\n<p>Apr\u00e8s votre visite au lagon, votre chauffeur sera pr\u00eat \u00e0 vous ramener confortablement \u00e0 Reykjavik, vous garantissant un retour en douceur et sans stress.<\/p>\n<p>Ce service est id\u00e9al pour les voyageurs qui appr\u00e9cient le confort, la flexibilit\u00e9 et une touche de luxe dans leur aventure islandaise.<\/p>\n<h2><b>Transfert en v\u00e9hicule priv\u00e9 vers le Blue Lagoon depuis Reykjavik | Points d&#8217;int\u00e9r\u00eat et sites touristiques<\/b><\/h2>\n<p>Votre voyage commence par une prise en charge confortable \u00e0 votre h\u00e9bergement \u00e0 Reykjavik. Sur le chemin du Blue Lagoon, votre chauffeur empruntera des routes panoramiques \u00e0 travers les paysages islandais \u00e0 couper le souffle, avec la possibilit\u00e9 de faire de brefs arr\u00eats photo aux attractions naturelles le long du chemin, telles que les spectaculaires champs de lave de la p\u00e9ninsule de Reykjanes ou les impressionnantes sources chaudes de Gunnuhver, toutes accessibles gratuitement et parfaites pour capturer la beaut\u00e9 sauvage de l&#8217;Islande.<\/p>\n<p>\u00c0 votre arriv\u00e9e au Lagon Bleu, vous profiterez d&#8217;une <b>entr\u00e9e r\u00e9serv\u00e9e \u00e0 l&#8217;avance<\/b>, ce qui vous permettra d&#8217;\u00e9viter les files d&#8217;attente et de vous immerger pleinement dans les eaux riches en min\u00e9raux aux vertus revitalisantes. Que vous souhaitiez vous d\u00e9tendre, vous ressourcer ou vous faire plaisir avec les masques de boue de silice uniques, votre exp\u00e9rience sera tout simplement magique.<\/p>\n<ul>\n<li><b>V\u00e9hicule priv\u00e9 avec chauffeur professionnel<\/b> pour un confort et une flexibilit\u00e9 maximum<\/li>\n<li><b>Entr\u00e9e au Lagon Bleu<\/b> incluse : \u00e9vitez les files d&#8217;attente et profitez d&#8217;une exp\u00e9rience sans encombre<\/li>\n<li><b>Trajet panoramique \u00e0 travers la p\u00e9ninsule de Reykjanes<\/b>, un paysage volcanique spectaculaire<\/li>\n<li><b>Arr\u00eats photo facultatifs<\/b> \u00e0 des sites naturels tels que les sources chaudes de Gunnuhver ou le pont entre les continents (entr\u00e9e gratuite)<\/li>\n<li><b>Dur\u00e9e totale de 6 heures<\/b>, incluant le transport aller-retour et le temps de d\u00e9tente au Blue Lagoon<\/li>\n<li>Id\u00e9al pour les couples, les familles ou les petits groupes \u00e0 la recherche d&#8217;une journ\u00e9e spa haut de gamme en Islande<\/li>\n<\/ul>\n<p><a href=\"https:\/\/tourtravelandmore.com\/fr\/city\/islande-fr\/reykjavik-fr\/\">D\u00e9couvrez nos offres d&#8217;exp\u00e9riences priv\u00e9es en Islande !<\/a><\/p>\n","protected":false},"excerpt":{"rendered":"<p>Profitez d&#8217;une exp\u00e9rience fluide et relaxante gr\u00e2ce \u00e0 notre service de transfert en v\u00e9hicule priv\u00e9 vers le c\u00e9l\u00e8bre Blue Lagoon. Au d\u00e9part de Reykjavik, ce service de 6 heures vous offre le confort et la commodit\u00e9 d&#8217;un chauffeur priv\u00e9 qui vous conduira directement \u00e0 ce spa g\u00e9othermique embl\u00e9matique, nich\u00e9 dans un magnifique champ de lave sur la p\u00e9ninsule de Reykjanes.<\/p>\n","protected":false},"featured_media":184130,"comment_status":"open","ping_status":"closed","template":"","meta":{"_acf_changed":false},"product_brand":[],"product_cat":[5526,5527,3713,3719],"product_tag":[],"class_list":{"0":"post-184117","1":"product","2":"type-product","3":"status-publish","4":"has-post-thumbnail","6":"product_cat-all-private-tours-and-activities-fr-13","7":"product_cat-private-sightseeing-tours-fr-47","8":"product_cat-islande-fr","9":"product_cat-reykjavik-fr","11":"first","12":"instock","13":"shipping-taxable","14":"purchasable","15":"product-type-simple"},"acf":[],"yoast_head":"<!-- This site is optimized with the Yoast SEO Premium plugin v25.3.1 (Yoast SEO v25.3.1) - https:\/\/yoast.com\/wordpress\/plugins\/seo\/ -->\n<title>Transfert en v\u00e9hicule priv\u00e9 vers le Blue Lagoon depuis Reykjavik<\/title>\n<meta name=\"description\" content=\"D\u00e9couvrez Reykjavik, la capitale la plus septentrionale du monde, gr\u00e2ce \u00e0 notre service de transport priv\u00e9 vers le Lagon Bleu au d\u00e9part de Reykjavik.\" \/>\n<meta name=\"robots\" content=\"index, follow, max-snippet:-1, max-image-preview:large, max-video-preview:-1\" \/>\n<link rel=\"canonical\" href=\"https:\/\/tourtravelandmore.com\/fr\/tours\/islande-fr\/reykjavik-fr\/visite-guidee-privee-a-pied-de-reykjavik-copy\/\" \/>\n<meta property=\"og:locale\" content=\"fr_FR\" \/>\n<meta property=\"og:type\" content=\"article\" \/>\n<meta property=\"og:title\" content=\"Transfert en v\u00e9hicule priv\u00e9 vers le Blue Lagoon depuis Reykjavik\" \/>\n<meta property=\"og:description\" content=\"D\u00e9couvrez Reykjavik, la capitale la plus septentrionale du monde, gr\u00e2ce \u00e0 notre service de transport priv\u00e9 vers le Lagon Bleu au d\u00e9part de Reykjavik.\" \/>\n<meta property=\"og:url\" content=\"https:\/\/tourtravelandmore.com\/fr\/tours\/islande-fr\/reykjavik-fr\/visite-guidee-privee-a-pied-de-reykjavik-copy\/\" \/>\n<meta property=\"og:site_name\" content=\"Tour Travel And More\" \/>\n<meta property=\"article:publisher\" content=\"https:\/\/www.facebook.com\/tourtravelandmore\/\" \/>\n<meta property=\"article:modified_time\" content=\"2025-05-30T14:33:05+00:00\" \/>\n<meta property=\"og:image\" content=\"https:\/\/tourtravelandmore.com\/wp-content\/uploads\/2025\/05\/pexels-julia-volk-5111046.jpg\" \/>\n\t<meta property=\"og:image:width\" content=\"1280\" \/>\n\t<meta property=\"og:image:height\" content=\"853\" \/>\n\t<meta property=\"og:image:type\" content=\"image\/jpeg\" \/>\n<meta name=\"twitter:card\" content=\"summary_large_image\" \/>\n<meta name=\"twitter:site\" content=\"@TourTravel_More\" \/>\n<meta name=\"twitter:label1\" content=\"Dur\u00e9e de lecture estim\u00e9e\" \/>\n\t<meta name=\"twitter:data1\" content=\"2 minutes\" \/>\n<script type=\"application\/ld+json\" class=\"yoast-schema-graph\">{\"@context\":\"https:\/\/schema.org\",\"@graph\":[{\"@type\":\"WebPage\",\"@id\":\"https:\/\/tourtravelandmore.com\/fr\/tours\/islande-fr\/reykjavik-fr\/visite-guidee-privee-a-pied-de-reykjavik-copy\/\",\"url\":\"https:\/\/tourtravelandmore.com\/fr\/tours\/islande-fr\/reykjavik-fr\/visite-guidee-privee-a-pied-de-reykjavik-copy\/\",\"name\":\"Transfert en v\u00e9hicule priv\u00e9 vers le Blue Lagoon depuis Reykjavik\",\"isPartOf\":{\"@id\":\"https:\/\/tourtravelandmore.com\/fr\/#website\"},\"primaryImageOfPage\":{\"@id\":\"https:\/\/tourtravelandmore.com\/fr\/tours\/islande-fr\/reykjavik-fr\/visite-guidee-privee-a-pied-de-reykjavik-copy\/#primaryimage\"},\"image\":{\"@id\":\"https:\/\/tourtravelandmore.com\/fr\/tours\/islande-fr\/reykjavik-fr\/visite-guidee-privee-a-pied-de-reykjavik-copy\/#primaryimage\"},\"thumbnailUrl\":\"https:\/\/tourtravelandmore.com\/wp-content\/uploads\/2025\/05\/pexels-julia-volk-5111046.jpg\",\"datePublished\":\"2025-05-22T15:06:26+00:00\",\"dateModified\":\"2025-05-30T14:33:05+00:00\",\"description\":\"D\u00e9couvrez Reykjavik, la capitale la plus septentrionale du monde, gr\u00e2ce \u00e0 notre service de transport priv\u00e9 vers le Lagon Bleu au d\u00e9part de Reykjavik.\",\"breadcrumb\":{\"@id\":\"https:\/\/tourtravelandmore.com\/fr\/tours\/islande-fr\/reykjavik-fr\/visite-guidee-privee-a-pied-de-reykjavik-copy\/#breadcrumb\"},\"inLanguage\":\"fr-FR\",\"potentialAction\":[{\"@type\":\"ReadAction\",\"target\":[\"https:\/\/tourtravelandmore.com\/fr\/tours\/islande-fr\/reykjavik-fr\/visite-guidee-privee-a-pied-de-reykjavik-copy\/\"]}]},{\"@type\":\"ImageObject\",\"inLanguage\":\"fr-FR\",\"@id\":\"https:\/\/tourtravelandmore.com\/fr\/tours\/islande-fr\/reykjavik-fr\/visite-guidee-privee-a-pied-de-reykjavik-copy\/#primaryimage\",\"url\":\"https:\/\/tourtravelandmore.com\/wp-content\/uploads\/2025\/05\/pexels-julia-volk-5111046.jpg\",\"contentUrl\":\"https:\/\/tourtravelandmore.com\/wp-content\/uploads\/2025\/05\/pexels-julia-volk-5111046.jpg\",\"width\":1280,\"height\":853},{\"@type\":\"BreadcrumbList\",\"@id\":\"https:\/\/tourtravelandmore.com\/fr\/tours\/islande-fr\/reykjavik-fr\/visite-guidee-privee-a-pied-de-reykjavik-copy\/#breadcrumb\",\"itemListElement\":[{\"@type\":\"ListItem\",\"position\":1,\"name\":\"Home\",\"item\":\"https:\/\/tourtravelandmore.com\/fr\/\"},{\"@type\":\"ListItem\",\"position\":2,\"name\":\"Tours\",\"item\":\"https:\/\/tourtravelandmore.com\/fr\/tours\/\"},{\"@type\":\"ListItem\",\"position\":3,\"name\":\"Transfert en v\u00e9hicule priv\u00e9 vers le Blue Lagoon depuis Reykjavik\"}]},{\"@type\":\"WebSite\",\"@id\":\"https:\/\/tourtravelandmore.com\/fr\/#website\",\"url\":\"https:\/\/tourtravelandmore.com\/fr\/\",\"name\":\"Tour Travel And More\",\"description\":\"Private sightseeing tours and luxury transfers in Spain\",\"publisher\":{\"@id\":\"https:\/\/tourtravelandmore.com\/fr\/#organization\"},\"potentialAction\":[{\"@type\":\"SearchAction\",\"target\":{\"@type\":\"EntryPoint\",\"urlTemplate\":\"https:\/\/tourtravelandmore.com\/fr\/?s={search_term_string}\"},\"query-input\":{\"@type\":\"PropertyValueSpecification\",\"valueRequired\":true,\"valueName\":\"search_term_string\"}}],\"inLanguage\":\"fr-FR\"},{\"@type\":\"Organization\",\"@id\":\"https:\/\/tourtravelandmore.com\/fr\/#organization\",\"name\":\"Tour Travel And More\",\"url\":\"https:\/\/tourtravelandmore.com\/fr\/\",\"logo\":{\"@type\":\"ImageObject\",\"inLanguage\":\"fr-FR\",\"@id\":\"https:\/\/tourtravelandmore.com\/fr\/#\/schema\/logo\/image\/\",\"url\":\"https:\/\/tourtravelandmore.com\/wp-content\/uploads\/2022\/12\/cropped-logo-cabecera-new.png\",\"contentUrl\":\"https:\/\/tourtravelandmore.com\/wp-content\/uploads\/2022\/12\/cropped-logo-cabecera-new.png\",\"width\":430,\"height\":61,\"caption\":\"Tour Travel And More\"},\"image\":{\"@id\":\"https:\/\/tourtravelandmore.com\/fr\/#\/schema\/logo\/image\/\"},\"sameAs\":[\"https:\/\/www.facebook.com\/tourtravelandmore\/\",\"https:\/\/x.com\/TourTravel_More\"]}]}<\/script>\n<!-- \/ Yoast SEO Premium plugin. -->","yoast_head_json":{"title":"Transfert en v\u00e9hicule priv\u00e9 vers le Blue Lagoon depuis Reykjavik","description":"D\u00e9couvrez Reykjavik, la capitale la plus septentrionale du monde, gr\u00e2ce \u00e0 notre service de transport priv\u00e9 vers le Lagon Bleu au d\u00e9part de Reykjavik.","robots":{"index":"index","follow":"follow","max-snippet":"max-snippet:-1","max-image-preview":"max-image-preview:large","max-video-preview":"max-video-preview:-1"},"canonical":"https:\/\/tourtravelandmore.com\/fr\/tours\/islande-fr\/reykjavik-fr\/visite-guidee-privee-a-pied-de-reykjavik-copy\/","og_locale":"fr_FR","og_type":"article","og_title":"Transfert en v\u00e9hicule priv\u00e9 vers le Blue Lagoon depuis Reykjavik","og_description":"D\u00e9couvrez Reykjavik, la capitale la plus septentrionale du monde, gr\u00e2ce \u00e0 notre service de transport priv\u00e9 vers le Lagon Bleu au d\u00e9part de Reykjavik.","og_url":"https:\/\/tourtravelandmore.com\/fr\/tours\/islande-fr\/reykjavik-fr\/visite-guidee-privee-a-pied-de-reykjavik-copy\/","og_site_name":"Tour Travel And More","article_publisher":"https:\/\/www.facebook.com\/tourtravelandmore\/","article_modified_time":"2025-05-30T14:33:05+00:00","og_image":[{"width":1280,"height":853,"url":"https:\/\/tourtravelandmore.com\/wp-content\/uploads\/2025\/05\/pexels-julia-volk-5111046.jpg","type":"image\/jpeg"}],"twitter_card":"summary_large_image","twitter_site":"@TourTravel_More","twitter_misc":{"Dur\u00e9e de lecture estim\u00e9e":"2 minutes"},"schema":{"@context":"https:\/\/schema.org","@graph":[{"@type":"WebPage","@id":"https:\/\/tourtravelandmore.com\/fr\/tours\/islande-fr\/reykjavik-fr\/visite-guidee-privee-a-pied-de-reykjavik-copy\/","url":"https:\/\/tourtravelandmore.com\/fr\/tours\/islande-fr\/reykjavik-fr\/visite-guidee-privee-a-pied-de-reykjavik-copy\/","name":"Transfert en v\u00e9hicule priv\u00e9 vers le Blue Lagoon depuis Reykjavik","isPartOf":{"@id":"https:\/\/tourtravelandmore.com\/fr\/#website"},"primaryImageOfPage":{"@id":"https:\/\/tourtravelandmore.com\/fr\/tours\/islande-fr\/reykjavik-fr\/visite-guidee-privee-a-pied-de-reykjavik-copy\/#primaryimage"},"image":{"@id":"https:\/\/tourtravelandmore.com\/fr\/tours\/islande-fr\/reykjavik-fr\/visite-guidee-privee-a-pied-de-reykjavik-copy\/#primaryimage"},"thumbnailUrl":"https:\/\/tourtravelandmore.com\/wp-content\/uploads\/2025\/05\/pexels-julia-volk-5111046.jpg","datePublished":"2025-05-22T15:06:26+00:00","dateModified":"2025-05-30T14:33:05+00:00","description":"D\u00e9couvrez Reykjavik, la capitale la plus septentrionale du monde, gr\u00e2ce \u00e0 notre service de transport priv\u00e9 vers le Lagon Bleu au d\u00e9part de Reykjavik.","breadcrumb":{"@id":"https:\/\/tourtravelandmore.com\/fr\/tours\/islande-fr\/reykjavik-fr\/visite-guidee-privee-a-pied-de-reykjavik-copy\/#breadcrumb"},"inLanguage":"fr-FR","potentialAction":[{"@type":"ReadAction","target":["https:\/\/tourtravelandmore.com\/fr\/tours\/islande-fr\/reykjavik-fr\/visite-guidee-privee-a-pied-de-reykjavik-copy\/"]}]},{"@type":"ImageObject","inLanguage":"fr-FR","@id":"https:\/\/tourtravelandmore.com\/fr\/tours\/islande-fr\/reykjavik-fr\/visite-guidee-privee-a-pied-de-reykjavik-copy\/#primaryimage","url":"https:\/\/tourtravelandmore.com\/wp-content\/uploads\/2025\/05\/pexels-julia-volk-5111046.jpg","contentUrl":"https:\/\/tourtravelandmore.com\/wp-content\/uploads\/2025\/05\/pexels-julia-volk-5111046.jpg","width":1280,"height":853},{"@type":"BreadcrumbList","@id":"https:\/\/tourtravelandmore.com\/fr\/tours\/islande-fr\/reykjavik-fr\/visite-guidee-privee-a-pied-de-reykjavik-copy\/#breadcrumb","itemListElement":[{"@type":"ListItem","position":1,"name":"Home","item":"https:\/\/tourtravelandmore.com\/fr\/"},{"@type":"ListItem","position":2,"name":"Tours","item":"https:\/\/tourtravelandmore.com\/fr\/tours\/"},{"@type":"ListItem","position":3,"name":"Transfert en v\u00e9hicule priv\u00e9 vers le Blue Lagoon depuis Reykjavik"}]},{"@type":"WebSite","@id":"https:\/\/tourtravelandmore.com\/fr\/#website","url":"https:\/\/tourtravelandmore.com\/fr\/","name":"Tour Travel And More","description":"Private sightseeing tours and luxury transfers in Spain","publisher":{"@id":"https:\/\/tourtravelandmore.com\/fr\/#organization"},"potentialAction":[{"@type":"SearchAction","target":{"@type":"EntryPoint","urlTemplate":"https:\/\/tourtravelandmore.com\/fr\/?s={search_term_string}"},"query-input":{"@type":"PropertyValueSpecification","valueRequired":true,"valueName":"search_term_string"}}],"inLanguage":"fr-FR"},{"@type":"Organization","@id":"https:\/\/tourtravelandmore.com\/fr\/#organization","name":"Tour Travel And More","url":"https:\/\/tourtravelandmore.com\/fr\/","logo":{"@type":"ImageObject","inLanguage":"fr-FR","@id":"https:\/\/tourtravelandmore.com\/fr\/#\/schema\/logo\/image\/","url":"https:\/\/tourtravelandmore.com\/wp-content\/uploads\/2022\/12\/cropped-logo-cabecera-new.png","contentUrl":"https:\/\/tourtravelandmore.com\/wp-content\/uploads\/2022\/12\/cropped-logo-cabecera-new.png","width":430,"height":61,"caption":"Tour Travel And More"},"image":{"@id":"https:\/\/tourtravelandmore.com\/fr\/#\/schema\/logo\/image\/"},"sameAs":["https:\/\/www.facebook.com\/tourtravelandmore\/","https:\/\/x.com\/TourTravel_More"]}]}},"_links":{"self":[{"href":"https:\/\/tourtravelandmore.com\/fr\/wp-json\/wp\/v2\/product\/184117","targetHints":{"allow":["GET"]}}],"collection":[{"href":"https:\/\/tourtravelandmore.com\/fr\/wp-json\/wp\/v2\/product"}],"about":[{"href":"https:\/\/tourtravelandmore.com\/fr\/wp-json\/wp\/v2\/types\/product"}],"replies":[{"embeddable":true,"href":"https:\/\/tourtravelandmore.com\/fr\/wp-json\/wp\/v2\/comments?post=184117"}],"wp:featuredmedia":[{"embeddable":true,"href":"https:\/\/tourtravelandmore.com\/fr\/wp-json\/wp\/v2\/media\/184130"}],"wp:attachment":[{"href":"https:\/\/tourtravelandmore.com\/fr\/wp-json\/wp\/v2\/media?parent=184117"}],"wp:term":[{"taxonomy":"product_brand","embeddable":true,"href":"https:\/\/tourtravelandmore.com\/fr\/wp-json\/wp\/v2\/product_brand?post=184117"},{"taxonomy":"product_cat","embeddable":true,"href":"https:\/\/tourtravelandmore.com\/fr\/wp-json\/wp\/v2\/product_cat?post=184117"},{"taxonomy":"product_tag","embeddable":true,"href":"https:\/\/tourtravelandmore.com\/fr\/wp-json\/wp\/v2\/product_tag?post=184117"}],"curies":[{"name":"wp","href":"https:\/\/api.w.org\/{rel}","templated":true}]}}