{"id":184086,"date":"2025-05-22T16:11:52","date_gmt":"2025-05-22T14:12:02","guid":{"rendered":"https:\/\/tourtravelandmore.com\/?post_type=product&#038;p=184086"},"modified":"2025-06-02T16:32:44","modified_gmt":"2025-06-02T14:32:44","slug":"visite-privee-de-reykjavik-copy","status":"publish","type":"product","link":"https:\/\/tourtravelandmore.com\/fr\/tours\/islande-fr\/reykjavik-fr\/visite-privee-de-reykjavik-copy\/","title":{"rendered":"Visite guid\u00e9e priv\u00e9e \u00e0 pied de Reykjavik"},"content":{"rendered":"<h2><b><strong>Visite guid\u00e9e priv\u00e9e \u00e0 pied de Reykjavik Description<\/strong><\/b><\/h2>\n<p>Explorez le c\u0153ur de la capitale anim\u00e9e de l&#8217;Islande gr\u00e2ce \u00e0 une visite guid\u00e9e priv\u00e9e \u00e0 pied dans les rues historiques de Reykjavik. Accompagn\u00e9 d&#8217;un guide anglophone exp\u00e9riment\u00e9, vous d\u00e9couvrirez l&#8217;histoire, la culture et le charme insolite de l&#8217;une des villes les plus uniques d&#8217;Europe.<\/p>\n<p>Notre formule priv\u00e9e vous garantit une exp\u00e9rience personnalis\u00e9e et flexible, o\u00f9 vous pourrez poser des questions, prendre votre temps et profiter des connaissances d&#8217;un guide local exp\u00e9riment\u00e9.<\/p>\n<h2><b>Visite guid\u00e9e priv\u00e9e \u00e0 pied de Reykjavik | Points d&#8217;int\u00e9r\u00eat et sites embl\u00e9matiques<\/b><\/h2>\n<p>Cette visite guid\u00e9e \u00e0 pied de deux heures, soigneusement \u00e9labor\u00e9e, vous fera d\u00e9couvrir les sites les plus embl\u00e9matiques de Reykjavik, sans frais d&#8217;entr\u00e9e, vous permettant ainsi de profiter pleinement de la richesse culturelle de la ville de mani\u00e8re accessible et d\u00e9tendue. De l&#8217;architecture moderne \u00e9poustouflante aux contes de l&#8217;\u00e9poque viking en passant par les coins de rue artistiques, cette exp\u00e9rience offre une introduction parfaite \u00e0 Reykjavik, tant pour les nouveaux visiteurs que pour ceux qui reviennent.<\/p>\n<ul>\n<li><b>Place Austurv\u00f6llur et Parlement<\/b>Commencez votre voyage au c\u0153ur de la sc\u00e8ne politique et sociale de Reykjavik, o\u00f9 les habitants se rassemblent et o\u00f9 l&#8217;histoire se d\u00e9roule devant l&#8217;Althingi, le parlement islandais.<\/li>\n<li><b>D\u00f3mkirkjan (cath\u00e9drale de Reykjavik)<\/b>Une charmante cath\u00e9drale luth\u00e9rienne \u00e0 la profonde signification historique, nich\u00e9e au calme \u00e0 c\u00f4t\u00e9 du b\u00e2timent du Parlement.<\/li>\n<li><b>Salle de concert Harpa<\/b>Admirez la fa\u00e7ade en verre impressionnante de ce joyau architectural, l&#8217;un des monuments les plus reconnaissables de Reykjavik, qui se dresse fi\u00e8rement au bord de l&#8217;eau.<\/li>\n<li><b>Sculpture Sun Voyager<\/b>Capturez des vues imprenables sur le mont Esja et la baie tout en d\u00e9couvrant la symbolique de cette sculpture moderne repr\u00e9sentant un bateau viking.<\/li>\n<li><b>Vieux port<\/b>Promenez-vous dans le quartier anim\u00e9 du vieux port, aujourd&#8217;hui transform\u00e9 en zone branch\u00e9e regorgeant de restaurants locaux, d&#8217;espaces artistiques et de charme baln\u00e9aire.<\/li>\n<li><b>Rue Laugavegur<\/b>Fl\u00e2nez dans la principale rue commer\u00e7ante et culturelle de Reykjavik, qui regorge de boutiques originales, de caf\u00e9s et d&#8217;\u0153uvres d&#8217;art urbain impressionnantes. C&#8217;est l&#8217;endroit id\u00e9al pour s&#8217;impr\u00e9gner de l&#8217;atmosph\u00e8re unique de la ville.<\/li>\n<li><b>\u00c9glise Hallgr\u00edmskirkja (visite ext\u00e9rieure)<\/b>Terminez votre visite par la structure la plus embl\u00e9matique de Reykjavik. Admirez son design unique inspir\u00e9 des paysages basaltiques islandais et profitez d&#8217;une vue panoramique si vous d\u00e9cidez de revenir plus tard pour visiter la tour (entr\u00e9e non comprise dans la visite).<\/li>\n<\/ul>\n<p><a href=\"https:\/\/tourtravelandmore.com\/fr\/city\/islande-fr\/reykjavik-fr\/\">D\u00e9couvrez nos offres pour des exp\u00e9riences priv\u00e9es en Islande !<\/a><\/p>\n","protected":false},"excerpt":{"rendered":"<p>Explorez le c\u0153ur de la capitale anim\u00e9e de l&#8217;Islande gr\u00e2ce \u00e0 une visite guid\u00e9e priv\u00e9e \u00e0 pied dans les rues historiques de Reykjavik. Accompagn\u00e9 d&#8217;un guide anglophone exp\u00e9riment\u00e9, vous d\u00e9couvrirez l&#8217;histoire, la culture et le charme insolite de l&#8217;une des villes les plus uniques d&#8217;Europe.<\/p>\n","protected":false},"featured_media":184098,"comment_status":"open","ping_status":"closed","template":"","meta":{"_acf_changed":false},"product_brand":[],"product_cat":[5526,5527,3713,3719],"product_tag":[],"class_list":{"0":"post-184086","1":"product","2":"type-product","3":"status-publish","4":"has-post-thumbnail","6":"product_cat-all-private-tours-and-activities-fr-13","7":"product_cat-private-sightseeing-tours-fr-47","8":"product_cat-islande-fr","9":"product_cat-reykjavik-fr","11":"first","12":"instock","13":"shipping-taxable","14":"purchasable","15":"product-type-simple"},"acf":[],"yoast_head":"<!-- This site is optimized with the Yoast SEO Premium plugin v25.3.1 (Yoast SEO v25.3.1) - https:\/\/yoast.com\/wordpress\/plugins\/seo\/ -->\n<title>Visite guid\u00e9e priv\u00e9e \u00e0 pied de Reykjavik | Tour Travel and More<\/title>\n<meta name=\"description\" content=\"D\u00e9couvrez Reykjavik, la capitale la plus septentrionale du monde, gr\u00e2ce \u00e0 notre visite priv\u00e9e de Reykjavik avec un guide agr\u00e9\u00e9. Visitez la Perle, Hallgr\u00edmskirkja, Harpa...\u2705\" \/>\n<meta name=\"robots\" content=\"index, follow, max-snippet:-1, max-image-preview:large, max-video-preview:-1\" \/>\n<link rel=\"canonical\" href=\"https:\/\/tourtravelandmore.com\/fr\/tours\/islande-fr\/reykjavik-fr\/visite-privee-de-reykjavik-copy\/\" \/>\n<meta property=\"og:locale\" content=\"fr_FR\" \/>\n<meta property=\"og:type\" content=\"article\" \/>\n<meta property=\"og:title\" content=\"Visite guid\u00e9e priv\u00e9e \u00e0 pied de Reykjavik\" \/>\n<meta property=\"og:description\" content=\"D\u00e9couvrez Reykjavik, la capitale la plus septentrionale du monde, gr\u00e2ce \u00e0 notre visite priv\u00e9e de Reykjavik avec un guide agr\u00e9\u00e9. Visitez la Perle, Hallgr\u00edmskirkja, Harpa...\u2705\" \/>\n<meta property=\"og:url\" content=\"https:\/\/tourtravelandmore.com\/fr\/tours\/islande-fr\/reykjavik-fr\/visite-privee-de-reykjavik-copy\/\" \/>\n<meta property=\"og:site_name\" content=\"Tour Travel And More\" \/>\n<meta property=\"article:publisher\" content=\"https:\/\/www.facebook.com\/tourtravelandmore\/\" \/>\n<meta property=\"article:modified_time\" content=\"2025-06-02T14:32:44+00:00\" \/>\n<meta property=\"og:image\" content=\"https:\/\/tourtravelandmore.com\/wp-content\/uploads\/2025\/05\/pexels-max-s-397720042-14823197.jpg\" \/>\n\t<meta property=\"og:image:width\" content=\"1279\" \/>\n\t<meta property=\"og:image:height\" content=\"853\" \/>\n\t<meta property=\"og:image:type\" content=\"image\/jpeg\" \/>\n<meta name=\"twitter:card\" content=\"summary_large_image\" \/>\n<meta name=\"twitter:site\" content=\"@TourTravel_More\" \/>\n<meta name=\"twitter:label1\" content=\"Dur\u00e9e de lecture estim\u00e9e\" \/>\n\t<meta name=\"twitter:data1\" content=\"2 minutes\" \/>\n<script type=\"application\/ld+json\" class=\"yoast-schema-graph\">{\"@context\":\"https:\/\/schema.org\",\"@graph\":[{\"@type\":\"WebPage\",\"@id\":\"https:\/\/tourtravelandmore.com\/fr\/tours\/islande-fr\/reykjavik-fr\/visite-privee-de-reykjavik-copy\/\",\"url\":\"https:\/\/tourtravelandmore.com\/fr\/tours\/islande-fr\/reykjavik-fr\/visite-privee-de-reykjavik-copy\/\",\"name\":\"Visite guid\u00e9e priv\u00e9e \u00e0 pied de Reykjavik | Tour Travel and More\",\"isPartOf\":{\"@id\":\"https:\/\/tourtravelandmore.com\/fr\/#website\"},\"primaryImageOfPage\":{\"@id\":\"https:\/\/tourtravelandmore.com\/fr\/tours\/islande-fr\/reykjavik-fr\/visite-privee-de-reykjavik-copy\/#primaryimage\"},\"image\":{\"@id\":\"https:\/\/tourtravelandmore.com\/fr\/tours\/islande-fr\/reykjavik-fr\/visite-privee-de-reykjavik-copy\/#primaryimage\"},\"thumbnailUrl\":\"https:\/\/tourtravelandmore.com\/wp-content\/uploads\/2025\/05\/pexels-max-s-397720042-14823197.jpg\",\"datePublished\":\"2025-05-22T14:12:02+00:00\",\"dateModified\":\"2025-06-02T14:32:44+00:00\",\"description\":\"D\u00e9couvrez Reykjavik, la capitale la plus septentrionale du monde, gr\u00e2ce \u00e0 notre visite priv\u00e9e de Reykjavik avec un guide agr\u00e9\u00e9. Visitez la Perle, Hallgr\u00edmskirkja, Harpa...\u2705\",\"breadcrumb\":{\"@id\":\"https:\/\/tourtravelandmore.com\/fr\/tours\/islande-fr\/reykjavik-fr\/visite-privee-de-reykjavik-copy\/#breadcrumb\"},\"inLanguage\":\"fr-FR\",\"potentialAction\":[{\"@type\":\"ReadAction\",\"target\":[\"https:\/\/tourtravelandmore.com\/fr\/tours\/islande-fr\/reykjavik-fr\/visite-privee-de-reykjavik-copy\/\"]}]},{\"@type\":\"ImageObject\",\"inLanguage\":\"fr-FR\",\"@id\":\"https:\/\/tourtravelandmore.com\/fr\/tours\/islande-fr\/reykjavik-fr\/visite-privee-de-reykjavik-copy\/#primaryimage\",\"url\":\"https:\/\/tourtravelandmore.com\/wp-content\/uploads\/2025\/05\/pexels-max-s-397720042-14823197.jpg\",\"contentUrl\":\"https:\/\/tourtravelandmore.com\/wp-content\/uploads\/2025\/05\/pexels-max-s-397720042-14823197.jpg\",\"width\":1279,\"height\":853},{\"@type\":\"BreadcrumbList\",\"@id\":\"https:\/\/tourtravelandmore.com\/fr\/tours\/islande-fr\/reykjavik-fr\/visite-privee-de-reykjavik-copy\/#breadcrumb\",\"itemListElement\":[{\"@type\":\"ListItem\",\"position\":1,\"name\":\"Home\",\"item\":\"https:\/\/tourtravelandmore.com\/fr\/\"},{\"@type\":\"ListItem\",\"position\":2,\"name\":\"Tours\",\"item\":\"https:\/\/tourtravelandmore.com\/fr\/tours\/\"},{\"@type\":\"ListItem\",\"position\":3,\"name\":\"Visite guid\u00e9e priv\u00e9e \u00e0 pied de Reykjavik\"}]},{\"@type\":\"WebSite\",\"@id\":\"https:\/\/tourtravelandmore.com\/fr\/#website\",\"url\":\"https:\/\/tourtravelandmore.com\/fr\/\",\"name\":\"Tour Travel And More\",\"description\":\"Private sightseeing tours and luxury transfers in Spain\",\"publisher\":{\"@id\":\"https:\/\/tourtravelandmore.com\/fr\/#organization\"},\"potentialAction\":[{\"@type\":\"SearchAction\",\"target\":{\"@type\":\"EntryPoint\",\"urlTemplate\":\"https:\/\/tourtravelandmore.com\/fr\/?s={search_term_string}\"},\"query-input\":{\"@type\":\"PropertyValueSpecification\",\"valueRequired\":true,\"valueName\":\"search_term_string\"}}],\"inLanguage\":\"fr-FR\"},{\"@type\":\"Organization\",\"@id\":\"https:\/\/tourtravelandmore.com\/fr\/#organization\",\"name\":\"Tour Travel And More\",\"url\":\"https:\/\/tourtravelandmore.com\/fr\/\",\"logo\":{\"@type\":\"ImageObject\",\"inLanguage\":\"fr-FR\",\"@id\":\"https:\/\/tourtravelandmore.com\/fr\/#\/schema\/logo\/image\/\",\"url\":\"https:\/\/tourtravelandmore.com\/wp-content\/uploads\/2022\/12\/cropped-logo-cabecera-new.png\",\"contentUrl\":\"https:\/\/tourtravelandmore.com\/wp-content\/uploads\/2022\/12\/cropped-logo-cabecera-new.png\",\"width\":430,\"height\":61,\"caption\":\"Tour Travel And More\"},\"image\":{\"@id\":\"https:\/\/tourtravelandmore.com\/fr\/#\/schema\/logo\/image\/\"},\"sameAs\":[\"https:\/\/www.facebook.com\/tourtravelandmore\/\",\"https:\/\/x.com\/TourTravel_More\"]}]}<\/script>\n<!-- \/ Yoast SEO Premium plugin. -->","yoast_head_json":{"title":"Visite guid\u00e9e priv\u00e9e \u00e0 pied de Reykjavik | Tour Travel and More","description":"D\u00e9couvrez Reykjavik, la capitale la plus septentrionale du monde, gr\u00e2ce \u00e0 notre visite priv\u00e9e de Reykjavik avec un guide agr\u00e9\u00e9. Visitez la Perle, Hallgr\u00edmskirkja, Harpa...\u2705","robots":{"index":"index","follow":"follow","max-snippet":"max-snippet:-1","max-image-preview":"max-image-preview:large","max-video-preview":"max-video-preview:-1"},"canonical":"https:\/\/tourtravelandmore.com\/fr\/tours\/islande-fr\/reykjavik-fr\/visite-privee-de-reykjavik-copy\/","og_locale":"fr_FR","og_type":"article","og_title":"Visite guid\u00e9e priv\u00e9e \u00e0 pied de Reykjavik","og_description":"D\u00e9couvrez Reykjavik, la capitale la plus septentrionale du monde, gr\u00e2ce \u00e0 notre visite priv\u00e9e de Reykjavik avec un guide agr\u00e9\u00e9. Visitez la Perle, Hallgr\u00edmskirkja, Harpa...\u2705","og_url":"https:\/\/tourtravelandmore.com\/fr\/tours\/islande-fr\/reykjavik-fr\/visite-privee-de-reykjavik-copy\/","og_site_name":"Tour Travel And More","article_publisher":"https:\/\/www.facebook.com\/tourtravelandmore\/","article_modified_time":"2025-06-02T14:32:44+00:00","og_image":[{"width":1279,"height":853,"url":"https:\/\/tourtravelandmore.com\/wp-content\/uploads\/2025\/05\/pexels-max-s-397720042-14823197.jpg","type":"image\/jpeg"}],"twitter_card":"summary_large_image","twitter_site":"@TourTravel_More","twitter_misc":{"Dur\u00e9e de lecture estim\u00e9e":"2 minutes"},"schema":{"@context":"https:\/\/schema.org","@graph":[{"@type":"WebPage","@id":"https:\/\/tourtravelandmore.com\/fr\/tours\/islande-fr\/reykjavik-fr\/visite-privee-de-reykjavik-copy\/","url":"https:\/\/tourtravelandmore.com\/fr\/tours\/islande-fr\/reykjavik-fr\/visite-privee-de-reykjavik-copy\/","name":"Visite guid\u00e9e priv\u00e9e \u00e0 pied de Reykjavik | Tour Travel and More","isPartOf":{"@id":"https:\/\/tourtravelandmore.com\/fr\/#website"},"primaryImageOfPage":{"@id":"https:\/\/tourtravelandmore.com\/fr\/tours\/islande-fr\/reykjavik-fr\/visite-privee-de-reykjavik-copy\/#primaryimage"},"image":{"@id":"https:\/\/tourtravelandmore.com\/fr\/tours\/islande-fr\/reykjavik-fr\/visite-privee-de-reykjavik-copy\/#primaryimage"},"thumbnailUrl":"https:\/\/tourtravelandmore.com\/wp-content\/uploads\/2025\/05\/pexels-max-s-397720042-14823197.jpg","datePublished":"2025-05-22T14:12:02+00:00","dateModified":"2025-06-02T14:32:44+00:00","description":"D\u00e9couvrez Reykjavik, la capitale la plus septentrionale du monde, gr\u00e2ce \u00e0 notre visite priv\u00e9e de Reykjavik avec un guide agr\u00e9\u00e9. Visitez la Perle, Hallgr\u00edmskirkja, Harpa...\u2705","breadcrumb":{"@id":"https:\/\/tourtravelandmore.com\/fr\/tours\/islande-fr\/reykjavik-fr\/visite-privee-de-reykjavik-copy\/#breadcrumb"},"inLanguage":"fr-FR","potentialAction":[{"@type":"ReadAction","target":["https:\/\/tourtravelandmore.com\/fr\/tours\/islande-fr\/reykjavik-fr\/visite-privee-de-reykjavik-copy\/"]}]},{"@type":"ImageObject","inLanguage":"fr-FR","@id":"https:\/\/tourtravelandmore.com\/fr\/tours\/islande-fr\/reykjavik-fr\/visite-privee-de-reykjavik-copy\/#primaryimage","url":"https:\/\/tourtravelandmore.com\/wp-content\/uploads\/2025\/05\/pexels-max-s-397720042-14823197.jpg","contentUrl":"https:\/\/tourtravelandmore.com\/wp-content\/uploads\/2025\/05\/pexels-max-s-397720042-14823197.jpg","width":1279,"height":853},{"@type":"BreadcrumbList","@id":"https:\/\/tourtravelandmore.com\/fr\/tours\/islande-fr\/reykjavik-fr\/visite-privee-de-reykjavik-copy\/#breadcrumb","itemListElement":[{"@type":"ListItem","position":1,"name":"Home","item":"https:\/\/tourtravelandmore.com\/fr\/"},{"@type":"ListItem","position":2,"name":"Tours","item":"https:\/\/tourtravelandmore.com\/fr\/tours\/"},{"@type":"ListItem","position":3,"name":"Visite guid\u00e9e priv\u00e9e \u00e0 pied de Reykjavik"}]},{"@type":"WebSite","@id":"https:\/\/tourtravelandmore.com\/fr\/#website","url":"https:\/\/tourtravelandmore.com\/fr\/","name":"Tour Travel And More","description":"Private sightseeing tours and luxury transfers in Spain","publisher":{"@id":"https:\/\/tourtravelandmore.com\/fr\/#organization"},"potentialAction":[{"@type":"SearchAction","target":{"@type":"EntryPoint","urlTemplate":"https:\/\/tourtravelandmore.com\/fr\/?s={search_term_string}"},"query-input":{"@type":"PropertyValueSpecification","valueRequired":true,"valueName":"search_term_string"}}],"inLanguage":"fr-FR"},{"@type":"Organization","@id":"https:\/\/tourtravelandmore.com\/fr\/#organization","name":"Tour Travel And More","url":"https:\/\/tourtravelandmore.com\/fr\/","logo":{"@type":"ImageObject","inLanguage":"fr-FR","@id":"https:\/\/tourtravelandmore.com\/fr\/#\/schema\/logo\/image\/","url":"https:\/\/tourtravelandmore.com\/wp-content\/uploads\/2022\/12\/cropped-logo-cabecera-new.png","contentUrl":"https:\/\/tourtravelandmore.com\/wp-content\/uploads\/2022\/12\/cropped-logo-cabecera-new.png","width":430,"height":61,"caption":"Tour Travel And More"},"image":{"@id":"https:\/\/tourtravelandmore.com\/fr\/#\/schema\/logo\/image\/"},"sameAs":["https:\/\/www.facebook.com\/tourtravelandmore\/","https:\/\/x.com\/TourTravel_More"]}]}},"_links":{"self":[{"href":"https:\/\/tourtravelandmore.com\/fr\/wp-json\/wp\/v2\/product\/184086","targetHints":{"allow":["GET"]}}],"collection":[{"href":"https:\/\/tourtravelandmore.com\/fr\/wp-json\/wp\/v2\/product"}],"about":[{"href":"https:\/\/tourtravelandmore.com\/fr\/wp-json\/wp\/v2\/types\/product"}],"replies":[{"embeddable":true,"href":"https:\/\/tourtravelandmore.com\/fr\/wp-json\/wp\/v2\/comments?post=184086"}],"wp:featuredmedia":[{"embeddable":true,"href":"https:\/\/tourtravelandmore.com\/fr\/wp-json\/wp\/v2\/media\/184098"}],"wp:attachment":[{"href":"https:\/\/tourtravelandmore.com\/fr\/wp-json\/wp\/v2\/media?parent=184086"}],"wp:term":[{"taxonomy":"product_brand","embeddable":true,"href":"https:\/\/tourtravelandmore.com\/fr\/wp-json\/wp\/v2\/product_brand?post=184086"},{"taxonomy":"product_cat","embeddable":true,"href":"https:\/\/tourtravelandmore.com\/fr\/wp-json\/wp\/v2\/product_cat?post=184086"},{"taxonomy":"product_tag","embeddable":true,"href":"https:\/\/tourtravelandmore.com\/fr\/wp-json\/wp\/v2\/product_tag?post=184086"}],"curies":[{"name":"wp","href":"https:\/\/api.w.org\/{rel}","templated":true}]}}