{"id":183174,"date":"2025-04-30T15:24:08","date_gmt":"2025-04-30T13:24:11","guid":{"rendered":"https:\/\/tourtravelandmore.com\/?post_type=product&#038;p=183174"},"modified":"2025-05-14T19:22:33","modified_gmt":"2025-05-14T17:22:33","slug":"visite-privee-ultime-du-loch-ness-au-depart-dinvergordon-copy-2","status":"publish","type":"product","link":"https:\/\/tourtravelandmore.com\/fr\/tours\/ecosse-fr\/invergordon-fr\/visite-privee-ultime-du-loch-ness-au-depart-dinvergordon-copy-2\/","title":{"rendered":"Exp\u00e9rience VIP priv\u00e9e autour du whisky dans les Highlands au d\u00e9part d&#8217;Invergordon"},"content":{"rendered":"<h2><b><strong>Exp\u00e9rience VIP priv\u00e9e autour du whisky dans les Highlands au d\u00e9part d&#8217;Invergordon Description<\/strong><\/b><\/h2>\n<p>D\u00e9couvrez le c\u0153ur et l&#8217;\u00e2me des Highlands \u00e9cossais gr\u00e2ce \u00e0 cette exp\u00e9rience VIP priv\u00e9e exclusive au d\u00e9part d&#8217;Invergordon, sp\u00e9cialement con\u00e7ue pour les amateurs de whisky et les voyageurs curieux. Accompagn\u00e9 d&#8217;un chauffeur\/guide anglophone exp\u00e9riment\u00e9, vous traverserez les paysages \u00e9poustouflants des Highlands et de charmants villages, \u00e0 la d\u00e9couverte de l&#8217;h\u00e9ritage du spiritueux le plus c\u00e9l\u00e8bre d&#8217;\u00c9cosse : le whisky.<\/p>\n<p>Id\u00e9ale pour les couples, les amis ou les petits groupes \u00e0 la recherche d&#8217;une \u00ab \u00e9vasion culturelle raffin\u00e9e \u00bb, cette exp\u00e9rience VIP r\u00e9unit le meilleur de la nature, du patrimoine et du whisky, sans avoir besoin de billets d&#8217;entr\u00e9e.<\/p>\n<h2>Exp\u00e9rience VIP priv\u00e9e autour du whisky dans les Highlands au d\u00e9part d&#8217;Invergordon | Points d&#8217;int\u00e9r\u00eat et sites touristiques<\/h2>\n<p>Votre voyage commence au port d&#8217;Invergordon, o\u00f9 votre chauffeur\/guide priv\u00e9 vous accueillera et vous emm\u00e8nera sur des routes panoramiques parsem\u00e9es de lochs, de for\u00eats et de collines escarp\u00e9es. Vous profiterez de vues panoramiques et ferez des arr\u00eats dans des villes pittoresques telles que <b>Beauly<\/b> et <b>Strathpeffer<\/b>, toutes deux riches en histoire et au charme typique des Highlands.<\/p>\n<p>Le clou de la journ\u00e9e sera la visite d&#8217;une <b>distillerie locale des Highlands<\/b>, r\u00e9put\u00e9e pour son savoir-faire artisanal et sa production de single malt authentique. Bien que nous nous concentrions sur les sites gratuits, la distillerie offre <b>l&#8217;acc\u00e8s gratuit \u00e0 son centre d&#8217;accueil et \u00e0 sa boutique<\/b>, o\u00f9 vous pourrez d\u00e9couvrir les m\u00e9thodes de distillation traditionnelles et m\u00eame <b>d\u00e9guster un verre de whisky<\/b> dans un cadre accueillant.<\/p>\n<p>Vous aurez \u00e9galement le temps de vous promener le long de la <b>rivi\u00e8re Conon<\/b>, d&#8217;admirer l&#8217;<b>architecture victorienne<\/b> et de vous arr\u00eater \u00e0 plusieurs points de vue panoramiques pour prendre des photos et \u00e9couter les anecdotes de votre guide. Profitez d&#8217;une exp\u00e9rience authentique des Highlands, sans foule ni programme charg\u00e9 : c&#8217;est le <b>slow travel \u00e0 son meilleur<\/b>, con\u00e7u sp\u00e9cialement pour vous.<\/p>\n<p><a href=\"https:\/\/tourtravelandmore.com\/fr\/city\/ecosse-fr\/edinburgh-en\/\">Ne manquez pas toutes les visites priv\u00e9es que nous proposons \u00e0 \u00c9dimbourg, en \u00c9cosse et dans toutes les autres villes !<\/a><\/p>\n","protected":false},"excerpt":{"rendered":"<p>D\u00e9couvrez le c\u0153ur et l&#8217;\u00e2me des Highlands \u00e9cossais gr\u00e2ce \u00e0 cette exp\u00e9rience VIP priv\u00e9e exclusive au d\u00e9part d&#8217;Invergordon, sp\u00e9cialement con\u00e7ue pour les amateurs de whisky et les voyageurs curieux. Accompagn\u00e9 d&#8217;un chauffeur\/guide anglophone exp\u00e9riment\u00e9, vous traverserez les paysages \u00e9poustouflants des Highlands et de charmants villages, \u00e0 la d\u00e9couverte de l&#8217;h\u00e9ritage du spiritueux le plus c\u00e9l\u00e8bre d&#8217;\u00c9cosse : le whisky.<\/p>\n","protected":false},"featured_media":183187,"comment_status":"open","ping_status":"closed","template":"","meta":{"_acf_changed":false},"product_brand":[],"product_cat":[5521,5516,3741,3545],"product_tag":[],"class_list":{"0":"post-183174","1":"product","2":"type-product","3":"status-publish","4":"has-post-thumbnail","6":"product_cat-all-private-tour-and-activities-fr-4","7":"product_cat-invergordon-fr","8":"product_cat-ecosse-fr","9":"product_cat-royaume-uni-fr","11":"first","12":"instock","13":"shipping-taxable","14":"purchasable","15":"product-type-simple"},"acf":[],"yoast_head":"<!-- This site is optimized with the Yoast SEO Premium plugin v25.3.1 (Yoast SEO v25.3.1) - https:\/\/yoast.com\/wordpress\/plugins\/seo\/ -->\n<title>\u27a1\ufe0f Exp\u00e9rience VIP priv\u00e9e autour du whisky dans les Highlands au d\u00e9part d&#039;Invergordon | Tour Travel &amp; More<\/title>\n<meta name=\"description\" content=\"D\u00e9couvrez et appr\u00e9ciez l&#039;exp\u00e9rience VIP Highland Whisky Private Experience au d\u00e9part d&#039;Invergordon avec un guide local et explorez certains de ses sites les plus connus.\" \/>\n<meta name=\"robots\" content=\"index, follow, max-snippet:-1, max-image-preview:large, max-video-preview:-1\" \/>\n<link rel=\"canonical\" href=\"https:\/\/tourtravelandmore.com\/fr\/tours\/ecosse-fr\/invergordon-fr\/visite-privee-ultime-du-loch-ness-au-depart-dinvergordon-copy-2\/\" \/>\n<meta property=\"og:locale\" content=\"fr_FR\" \/>\n<meta property=\"og:type\" content=\"article\" \/>\n<meta property=\"og:title\" content=\"Exp\u00e9rience VIP priv\u00e9e autour du whisky dans les Highlands au d\u00e9part d&#039;Invergordon\" \/>\n<meta property=\"og:description\" content=\"D\u00e9couvrez et appr\u00e9ciez l&#039;exp\u00e9rience VIP Highland Whisky Private Experience au d\u00e9part d&#039;Invergordon avec un guide local et explorez certains de ses sites les plus connus.\" \/>\n<meta property=\"og:url\" content=\"https:\/\/tourtravelandmore.com\/fr\/tours\/ecosse-fr\/invergordon-fr\/visite-privee-ultime-du-loch-ness-au-depart-dinvergordon-copy-2\/\" \/>\n<meta property=\"og:site_name\" content=\"Tour Travel And More\" \/>\n<meta property=\"article:publisher\" content=\"https:\/\/www.facebook.com\/tourtravelandmore\/\" \/>\n<meta property=\"article:modified_time\" content=\"2025-05-14T17:22:33+00:00\" \/>\n<meta property=\"og:image\" content=\"https:\/\/tourtravelandmore.com\/wp-content\/uploads\/2025\/04\/pexels-chris-f-38966-1283219-1.jpg\" \/>\n\t<meta property=\"og:image:width\" content=\"1280\" \/>\n\t<meta property=\"og:image:height\" content=\"853\" \/>\n\t<meta property=\"og:image:type\" content=\"image\/jpeg\" \/>\n<meta name=\"twitter:card\" content=\"summary_large_image\" \/>\n<meta name=\"twitter:site\" content=\"@TourTravel_More\" \/>\n<meta name=\"twitter:label1\" content=\"Dur\u00e9e de lecture estim\u00e9e\" \/>\n\t<meta name=\"twitter:data1\" content=\"2 minutes\" \/>\n<script type=\"application\/ld+json\" class=\"yoast-schema-graph\">{\"@context\":\"https:\/\/schema.org\",\"@graph\":[{\"@type\":\"WebPage\",\"@id\":\"https:\/\/tourtravelandmore.com\/fr\/tours\/ecosse-fr\/invergordon-fr\/visite-privee-ultime-du-loch-ness-au-depart-dinvergordon-copy-2\/\",\"url\":\"https:\/\/tourtravelandmore.com\/fr\/tours\/ecosse-fr\/invergordon-fr\/visite-privee-ultime-du-loch-ness-au-depart-dinvergordon-copy-2\/\",\"name\":\"\u27a1\ufe0f Exp\u00e9rience VIP priv\u00e9e autour du whisky dans les Highlands au d\u00e9part d'Invergordon | Tour Travel & More\",\"isPartOf\":{\"@id\":\"https:\/\/tourtravelandmore.com\/fr\/#website\"},\"primaryImageOfPage\":{\"@id\":\"https:\/\/tourtravelandmore.com\/fr\/tours\/ecosse-fr\/invergordon-fr\/visite-privee-ultime-du-loch-ness-au-depart-dinvergordon-copy-2\/#primaryimage\"},\"image\":{\"@id\":\"https:\/\/tourtravelandmore.com\/fr\/tours\/ecosse-fr\/invergordon-fr\/visite-privee-ultime-du-loch-ness-au-depart-dinvergordon-copy-2\/#primaryimage\"},\"thumbnailUrl\":\"https:\/\/tourtravelandmore.com\/wp-content\/uploads\/2025\/04\/pexels-chris-f-38966-1283219-1.jpg\",\"datePublished\":\"2025-04-30T13:24:11+00:00\",\"dateModified\":\"2025-05-14T17:22:33+00:00\",\"description\":\"D\u00e9couvrez et appr\u00e9ciez l'exp\u00e9rience VIP Highland Whisky Private Experience au d\u00e9part d'Invergordon avec un guide local et explorez certains de ses sites les plus connus.\",\"breadcrumb\":{\"@id\":\"https:\/\/tourtravelandmore.com\/fr\/tours\/ecosse-fr\/invergordon-fr\/visite-privee-ultime-du-loch-ness-au-depart-dinvergordon-copy-2\/#breadcrumb\"},\"inLanguage\":\"fr-FR\",\"potentialAction\":[{\"@type\":\"ReadAction\",\"target\":[\"https:\/\/tourtravelandmore.com\/fr\/tours\/ecosse-fr\/invergordon-fr\/visite-privee-ultime-du-loch-ness-au-depart-dinvergordon-copy-2\/\"]}]},{\"@type\":\"ImageObject\",\"inLanguage\":\"fr-FR\",\"@id\":\"https:\/\/tourtravelandmore.com\/fr\/tours\/ecosse-fr\/invergordon-fr\/visite-privee-ultime-du-loch-ness-au-depart-dinvergordon-copy-2\/#primaryimage\",\"url\":\"https:\/\/tourtravelandmore.com\/wp-content\/uploads\/2025\/04\/pexels-chris-f-38966-1283219-1.jpg\",\"contentUrl\":\"https:\/\/tourtravelandmore.com\/wp-content\/uploads\/2025\/04\/pexels-chris-f-38966-1283219-1.jpg\",\"width\":1280,\"height\":853},{\"@type\":\"BreadcrumbList\",\"@id\":\"https:\/\/tourtravelandmore.com\/fr\/tours\/ecosse-fr\/invergordon-fr\/visite-privee-ultime-du-loch-ness-au-depart-dinvergordon-copy-2\/#breadcrumb\",\"itemListElement\":[{\"@type\":\"ListItem\",\"position\":1,\"name\":\"Home\",\"item\":\"https:\/\/tourtravelandmore.com\/fr\/\"},{\"@type\":\"ListItem\",\"position\":2,\"name\":\"Tours\",\"item\":\"https:\/\/tourtravelandmore.com\/fr\/tours\/\"},{\"@type\":\"ListItem\",\"position\":3,\"name\":\"Exp\u00e9rience VIP priv\u00e9e autour du whisky dans les Highlands au d\u00e9part d&#8217;Invergordon\"}]},{\"@type\":\"WebSite\",\"@id\":\"https:\/\/tourtravelandmore.com\/fr\/#website\",\"url\":\"https:\/\/tourtravelandmore.com\/fr\/\",\"name\":\"Tour Travel And More\",\"description\":\"Private sightseeing tours and luxury transfers in Spain\",\"publisher\":{\"@id\":\"https:\/\/tourtravelandmore.com\/fr\/#organization\"},\"potentialAction\":[{\"@type\":\"SearchAction\",\"target\":{\"@type\":\"EntryPoint\",\"urlTemplate\":\"https:\/\/tourtravelandmore.com\/fr\/?s={search_term_string}\"},\"query-input\":{\"@type\":\"PropertyValueSpecification\",\"valueRequired\":true,\"valueName\":\"search_term_string\"}}],\"inLanguage\":\"fr-FR\"},{\"@type\":\"Organization\",\"@id\":\"https:\/\/tourtravelandmore.com\/fr\/#organization\",\"name\":\"Tour Travel And More\",\"url\":\"https:\/\/tourtravelandmore.com\/fr\/\",\"logo\":{\"@type\":\"ImageObject\",\"inLanguage\":\"fr-FR\",\"@id\":\"https:\/\/tourtravelandmore.com\/fr\/#\/schema\/logo\/image\/\",\"url\":\"https:\/\/tourtravelandmore.com\/wp-content\/uploads\/2022\/12\/cropped-logo-cabecera-new.png\",\"contentUrl\":\"https:\/\/tourtravelandmore.com\/wp-content\/uploads\/2022\/12\/cropped-logo-cabecera-new.png\",\"width\":430,\"height\":61,\"caption\":\"Tour Travel And More\"},\"image\":{\"@id\":\"https:\/\/tourtravelandmore.com\/fr\/#\/schema\/logo\/image\/\"},\"sameAs\":[\"https:\/\/www.facebook.com\/tourtravelandmore\/\",\"https:\/\/x.com\/TourTravel_More\"]}]}<\/script>\n<!-- \/ Yoast SEO Premium plugin. -->","yoast_head_json":{"title":"\u27a1\ufe0f Exp\u00e9rience VIP priv\u00e9e autour du whisky dans les Highlands au d\u00e9part d'Invergordon | Tour Travel & More","description":"D\u00e9couvrez et appr\u00e9ciez l'exp\u00e9rience VIP Highland Whisky Private Experience au d\u00e9part d'Invergordon avec un guide local et explorez certains de ses sites les plus connus.","robots":{"index":"index","follow":"follow","max-snippet":"max-snippet:-1","max-image-preview":"max-image-preview:large","max-video-preview":"max-video-preview:-1"},"canonical":"https:\/\/tourtravelandmore.com\/fr\/tours\/ecosse-fr\/invergordon-fr\/visite-privee-ultime-du-loch-ness-au-depart-dinvergordon-copy-2\/","og_locale":"fr_FR","og_type":"article","og_title":"Exp\u00e9rience VIP priv\u00e9e autour du whisky dans les Highlands au d\u00e9part d'Invergordon","og_description":"D\u00e9couvrez et appr\u00e9ciez l'exp\u00e9rience VIP Highland Whisky Private Experience au d\u00e9part d'Invergordon avec un guide local et explorez certains de ses sites les plus connus.","og_url":"https:\/\/tourtravelandmore.com\/fr\/tours\/ecosse-fr\/invergordon-fr\/visite-privee-ultime-du-loch-ness-au-depart-dinvergordon-copy-2\/","og_site_name":"Tour Travel And More","article_publisher":"https:\/\/www.facebook.com\/tourtravelandmore\/","article_modified_time":"2025-05-14T17:22:33+00:00","og_image":[{"width":1280,"height":853,"url":"https:\/\/tourtravelandmore.com\/wp-content\/uploads\/2025\/04\/pexels-chris-f-38966-1283219-1.jpg","type":"image\/jpeg"}],"twitter_card":"summary_large_image","twitter_site":"@TourTravel_More","twitter_misc":{"Dur\u00e9e de lecture estim\u00e9e":"2 minutes"},"schema":{"@context":"https:\/\/schema.org","@graph":[{"@type":"WebPage","@id":"https:\/\/tourtravelandmore.com\/fr\/tours\/ecosse-fr\/invergordon-fr\/visite-privee-ultime-du-loch-ness-au-depart-dinvergordon-copy-2\/","url":"https:\/\/tourtravelandmore.com\/fr\/tours\/ecosse-fr\/invergordon-fr\/visite-privee-ultime-du-loch-ness-au-depart-dinvergordon-copy-2\/","name":"\u27a1\ufe0f Exp\u00e9rience VIP priv\u00e9e autour du whisky dans les Highlands au d\u00e9part d'Invergordon | Tour Travel & More","isPartOf":{"@id":"https:\/\/tourtravelandmore.com\/fr\/#website"},"primaryImageOfPage":{"@id":"https:\/\/tourtravelandmore.com\/fr\/tours\/ecosse-fr\/invergordon-fr\/visite-privee-ultime-du-loch-ness-au-depart-dinvergordon-copy-2\/#primaryimage"},"image":{"@id":"https:\/\/tourtravelandmore.com\/fr\/tours\/ecosse-fr\/invergordon-fr\/visite-privee-ultime-du-loch-ness-au-depart-dinvergordon-copy-2\/#primaryimage"},"thumbnailUrl":"https:\/\/tourtravelandmore.com\/wp-content\/uploads\/2025\/04\/pexels-chris-f-38966-1283219-1.jpg","datePublished":"2025-04-30T13:24:11+00:00","dateModified":"2025-05-14T17:22:33+00:00","description":"D\u00e9couvrez et appr\u00e9ciez l'exp\u00e9rience VIP Highland Whisky Private Experience au d\u00e9part d'Invergordon avec un guide local et explorez certains de ses sites les plus connus.","breadcrumb":{"@id":"https:\/\/tourtravelandmore.com\/fr\/tours\/ecosse-fr\/invergordon-fr\/visite-privee-ultime-du-loch-ness-au-depart-dinvergordon-copy-2\/#breadcrumb"},"inLanguage":"fr-FR","potentialAction":[{"@type":"ReadAction","target":["https:\/\/tourtravelandmore.com\/fr\/tours\/ecosse-fr\/invergordon-fr\/visite-privee-ultime-du-loch-ness-au-depart-dinvergordon-copy-2\/"]}]},{"@type":"ImageObject","inLanguage":"fr-FR","@id":"https:\/\/tourtravelandmore.com\/fr\/tours\/ecosse-fr\/invergordon-fr\/visite-privee-ultime-du-loch-ness-au-depart-dinvergordon-copy-2\/#primaryimage","url":"https:\/\/tourtravelandmore.com\/wp-content\/uploads\/2025\/04\/pexels-chris-f-38966-1283219-1.jpg","contentUrl":"https:\/\/tourtravelandmore.com\/wp-content\/uploads\/2025\/04\/pexels-chris-f-38966-1283219-1.jpg","width":1280,"height":853},{"@type":"BreadcrumbList","@id":"https:\/\/tourtravelandmore.com\/fr\/tours\/ecosse-fr\/invergordon-fr\/visite-privee-ultime-du-loch-ness-au-depart-dinvergordon-copy-2\/#breadcrumb","itemListElement":[{"@type":"ListItem","position":1,"name":"Home","item":"https:\/\/tourtravelandmore.com\/fr\/"},{"@type":"ListItem","position":2,"name":"Tours","item":"https:\/\/tourtravelandmore.com\/fr\/tours\/"},{"@type":"ListItem","position":3,"name":"Exp\u00e9rience VIP priv\u00e9e autour du whisky dans les Highlands au d\u00e9part d&#8217;Invergordon"}]},{"@type":"WebSite","@id":"https:\/\/tourtravelandmore.com\/fr\/#website","url":"https:\/\/tourtravelandmore.com\/fr\/","name":"Tour Travel And More","description":"Private sightseeing tours and luxury transfers in Spain","publisher":{"@id":"https:\/\/tourtravelandmore.com\/fr\/#organization"},"potentialAction":[{"@type":"SearchAction","target":{"@type":"EntryPoint","urlTemplate":"https:\/\/tourtravelandmore.com\/fr\/?s={search_term_string}"},"query-input":{"@type":"PropertyValueSpecification","valueRequired":true,"valueName":"search_term_string"}}],"inLanguage":"fr-FR"},{"@type":"Organization","@id":"https:\/\/tourtravelandmore.com\/fr\/#organization","name":"Tour Travel And More","url":"https:\/\/tourtravelandmore.com\/fr\/","logo":{"@type":"ImageObject","inLanguage":"fr-FR","@id":"https:\/\/tourtravelandmore.com\/fr\/#\/schema\/logo\/image\/","url":"https:\/\/tourtravelandmore.com\/wp-content\/uploads\/2022\/12\/cropped-logo-cabecera-new.png","contentUrl":"https:\/\/tourtravelandmore.com\/wp-content\/uploads\/2022\/12\/cropped-logo-cabecera-new.png","width":430,"height":61,"caption":"Tour Travel And More"},"image":{"@id":"https:\/\/tourtravelandmore.com\/fr\/#\/schema\/logo\/image\/"},"sameAs":["https:\/\/www.facebook.com\/tourtravelandmore\/","https:\/\/x.com\/TourTravel_More"]}]}},"_links":{"self":[{"href":"https:\/\/tourtravelandmore.com\/fr\/wp-json\/wp\/v2\/product\/183174","targetHints":{"allow":["GET"]}}],"collection":[{"href":"https:\/\/tourtravelandmore.com\/fr\/wp-json\/wp\/v2\/product"}],"about":[{"href":"https:\/\/tourtravelandmore.com\/fr\/wp-json\/wp\/v2\/types\/product"}],"replies":[{"embeddable":true,"href":"https:\/\/tourtravelandmore.com\/fr\/wp-json\/wp\/v2\/comments?post=183174"}],"wp:featuredmedia":[{"embeddable":true,"href":"https:\/\/tourtravelandmore.com\/fr\/wp-json\/wp\/v2\/media\/183187"}],"wp:attachment":[{"href":"https:\/\/tourtravelandmore.com\/fr\/wp-json\/wp\/v2\/media?parent=183174"}],"wp:term":[{"taxonomy":"product_brand","embeddable":true,"href":"https:\/\/tourtravelandmore.com\/fr\/wp-json\/wp\/v2\/product_brand?post=183174"},{"taxonomy":"product_cat","embeddable":true,"href":"https:\/\/tourtravelandmore.com\/fr\/wp-json\/wp\/v2\/product_cat?post=183174"},{"taxonomy":"product_tag","embeddable":true,"href":"https:\/\/tourtravelandmore.com\/fr\/wp-json\/wp\/v2\/product_tag?post=183174"}],"curies":[{"name":"wp","href":"https:\/\/api.w.org\/{rel}","templated":true}]}}