{"id":183135,"date":"2025-04-30T15:03:31","date_gmt":"2025-04-30T13:03:35","guid":{"rendered":"https:\/\/tourtravelandmore.com\/?post_type=product&#038;p=183135"},"modified":"2025-05-14T19:22:35","modified_gmt":"2025-05-14T17:22:35","slug":"visite-privee-ultime-du-loch-ness-au-depart-dinvergordon-copy","status":"publish","type":"product","link":"https:\/\/tourtravelandmore.com\/fr\/tours\/ecosse-fr\/invergordon-fr\/visite-privee-ultime-du-loch-ness-au-depart-dinvergordon-copy\/","title":{"rendered":"Visite priv\u00e9e Outlander au d\u00e9part d&#8217;Invergordon"},"content":{"rendered":"<h2><b><strong>Visite priv\u00e9e Outlander au d\u00e9part d&#8217;Invergordon Description<\/strong><\/b><\/h2>\n<p>Plongez dans l&#8217;univers d&#8217;Outlander gr\u00e2ce \u00e0 cette visite priv\u00e9e exclusive de 8 heures au d\u00e9part d&#8217;Invergordon, sp\u00e9cialement con\u00e7ue pour les fans de la s\u00e9rie. Suivez les traces de Claire et Jamie en explorant certains des lieux de tournage les plus embl\u00e9matiques, des paysages pittoresques et des sites historiques qui ont inspir\u00e9 la s\u00e9rie t\u00e9l\u00e9vis\u00e9e \u00e0 succ\u00e8s, sans avoir \u00e0 payer de frais d&#8217;entr\u00e9e.<\/p>\n<p>Id\u00e9ale pour les croisi\u00e9ristes ou les visiteurs d&#8217;un jour, cette visite donne vie \u00e0 l&#8217;histoire tout en offrant des vues \u00e0 couper le souffle et des aper\u00e7us culturels inoubliables.<\/p>\n<h2>Visite priv\u00e9e Outlander au d\u00e9part d&#8217;Invergordon | Points d&#8217;int\u00e9r\u00eat et sites remarquables<\/h2>\n<p>Votre chauffeur\/guide priv\u00e9 vous accueillera directement au port d&#8217;Invergordon et vous emm\u00e8nera \u00e0 travers les enchant\u00e9s Highlands \u00e9cossais. Gr\u00e2ce \u00e0 un transport priv\u00e9 confortable et \u00e0 des commentaires experts en anglais, vous vivrez un voyage personnalis\u00e9 \u00e0 travers le temps, les mythes et les l\u00e9gendes.<\/p>\n<ul>\n<li><b>Champ de bataille de Culloden (visite ext\u00e9rieure)<\/b>Promenez-vous sur les lieux hant\u00e9s de la bataille de 1746 qui a fa\u00e7onn\u00e9 l&#8217;histoire de l&#8217;\u00c9cosse et l&#8217;histoire d&#8217;Outlander. L&#8217;entr\u00e9e au centre d&#8217;accueil est payante, mais le champ de bataille lui-m\u00eame est ouvert \u00e0 la visite.<\/li>\n<li><b>Clava Cairns<\/b>Remontez 4 000 ans en arri\u00e8re dans ce site fun\u00e9raire de l&#8217;\u00e2ge du bronze, qui aurait inspir\u00e9 Craigh na Dun, le cercle de pierres mystique d&#8217;Outlander.<\/li>\n<li><b>Beauly Priory<\/b>Visitez les ruines de ce paisible monast\u00e8re du XIIIe si\u00e8cle, pr\u00e9sent\u00e9 dans Outlander comme un lieu spirituel li\u00e9 au clan Fraser.<\/li>\n<li><b>Vieille ville d&#8217;Inverness<\/b>Promenez-vous dans le c\u0153ur historique d&#8217;Inverness, o\u00f9 tradition et charme moderne se m\u00ealent. Profitez d&#8217;une balade le long de la rivi\u00e8re Ness et d\u00e9couvrez les sites embl\u00e9matiques d&#8217;Outlander.<\/li>\n<li><b>Mausol\u00e9e Wardlaw<\/b>Joyau m\u00e9connu et lieu de s\u00e9pulture pr\u00e9sum\u00e9 de Lord Lovat, le grand-p\u00e8re de Jamie Fraser. Un incontournable pour les fans d&#8217;Outlander curieux de d\u00e9couvrir les sources d&#8217;inspiration r\u00e9elles de la s\u00e9rie.<\/li>\n<li><b>Route panoramique dans les Highlands<\/b>Profitez des paysages \u00e9poustouflants des Highlands entre deux \u00e9tapes : collines vallonn\u00e9es, lochs et landes couvertes de bruy\u00e8re qui capturent l&#8217;essence m\u00eame de la s\u00e9rie.<\/li>\n<\/ul>\n<p>C&#8217;est le circuit id\u00e9al pour ceux qui souhaitent d\u00e9couvrir l&#8217;\u00c9cosse authentique loin de la foule, avec de nombreuses occasions de s&#8217;arr\u00eater pour prendre des photos, faire de courtes promenades et d\u00e9couvrir la r\u00e9gion.<\/p>\n<p><a href=\"https:\/\/tourtravelandmore.com\/fr\/city\/ecosse-fr\/edinburgh-en\/\">Ne manquez pas toutes les visites priv\u00e9es que nous proposons \u00e0 \u00c9dimbourg, en \u00c9cosse et dans toutes les autres villes !<\/a><\/p>\n","protected":false},"excerpt":{"rendered":"<p>Plongez dans l&#8217;univers d&#8217;Outlander gr\u00e2ce \u00e0 cette visite priv\u00e9e exclusive de 8 heures au d\u00e9part d&#8217;Invergordon, sp\u00e9cialement con\u00e7ue pour les fans de la s\u00e9rie. Suivez les traces de Claire et Jamie en explorant certains des lieux de tournage les plus embl\u00e9matiques, des paysages pittoresques et des sites historiques qui ont inspir\u00e9 la s\u00e9rie t\u00e9l\u00e9vis\u00e9e \u00e0 succ\u00e8s, sans avoir \u00e0 payer de frais d&#8217;entr\u00e9e.<\/p>\n","protected":false},"featured_media":183145,"comment_status":"open","ping_status":"closed","template":"","meta":{"_acf_changed":false},"product_brand":[],"product_cat":[5521,5516,3741,3545],"product_tag":[],"class_list":{"0":"post-183135","1":"product","2":"type-product","3":"status-publish","4":"has-post-thumbnail","6":"product_cat-all-private-tour-and-activities-fr-4","7":"product_cat-invergordon-fr","8":"product_cat-ecosse-fr","9":"product_cat-royaume-uni-fr","11":"first","12":"instock","13":"shipping-taxable","14":"purchasable","15":"product-type-simple"},"acf":[],"yoast_head":"<!-- This site is optimized with the Yoast SEO Premium plugin v25.3.1 (Yoast SEO v25.3.1) - https:\/\/yoast.com\/wordpress\/plugins\/seo\/ -->\n<title>\u27a1\ufe0f Visite priv\u00e9e Outlander au d\u00e9part d&#039;Invergordon | Tour Travel &amp; More<\/title>\n<meta name=\"description\" content=\"D\u00e9couvrez et appr\u00e9ciez la visite priv\u00e9e Outlander au d\u00e9part d&#039;Invergordon avec un guide local et explorez certains de ses sites les plus c\u00e9l\u00e8bres.\" \/>\n<meta name=\"robots\" content=\"index, follow, max-snippet:-1, max-image-preview:large, max-video-preview:-1\" \/>\n<link rel=\"canonical\" href=\"https:\/\/tourtravelandmore.com\/fr\/tours\/ecosse-fr\/invergordon-fr\/visite-privee-ultime-du-loch-ness-au-depart-dinvergordon-copy\/\" \/>\n<meta property=\"og:locale\" content=\"fr_FR\" \/>\n<meta property=\"og:type\" content=\"article\" \/>\n<meta property=\"og:title\" content=\"Visite priv\u00e9e Outlander au d\u00e9part d&#039;Invergordon\" \/>\n<meta property=\"og:description\" content=\"D\u00e9couvrez et appr\u00e9ciez la visite priv\u00e9e Outlander au d\u00e9part d&#039;Invergordon avec un guide local et explorez certains de ses sites les plus c\u00e9l\u00e8bres.\" \/>\n<meta property=\"og:url\" content=\"https:\/\/tourtravelandmore.com\/fr\/tours\/ecosse-fr\/invergordon-fr\/visite-privee-ultime-du-loch-ness-au-depart-dinvergordon-copy\/\" \/>\n<meta property=\"og:site_name\" content=\"Tour Travel And More\" \/>\n<meta property=\"article:publisher\" content=\"https:\/\/www.facebook.com\/tourtravelandmore\/\" \/>\n<meta property=\"article:modified_time\" content=\"2025-05-14T17:22:35+00:00\" \/>\n<meta property=\"og:image\" content=\"https:\/\/tourtravelandmore.com\/wp-content\/uploads\/2025\/04\/pexels-sinileunen-5013612.jpg\" \/>\n\t<meta property=\"og:image:width\" content=\"1280\" \/>\n\t<meta property=\"og:image:height\" content=\"853\" \/>\n\t<meta property=\"og:image:type\" content=\"image\/jpeg\" \/>\n<meta name=\"twitter:card\" content=\"summary_large_image\" \/>\n<meta name=\"twitter:site\" content=\"@TourTravel_More\" \/>\n<meta name=\"twitter:label1\" content=\"Dur\u00e9e de lecture estim\u00e9e\" \/>\n\t<meta name=\"twitter:data1\" content=\"2 minutes\" \/>\n<script type=\"application\/ld+json\" class=\"yoast-schema-graph\">{\"@context\":\"https:\/\/schema.org\",\"@graph\":[{\"@type\":\"WebPage\",\"@id\":\"https:\/\/tourtravelandmore.com\/fr\/tours\/ecosse-fr\/invergordon-fr\/visite-privee-ultime-du-loch-ness-au-depart-dinvergordon-copy\/\",\"url\":\"https:\/\/tourtravelandmore.com\/fr\/tours\/ecosse-fr\/invergordon-fr\/visite-privee-ultime-du-loch-ness-au-depart-dinvergordon-copy\/\",\"name\":\"\u27a1\ufe0f Visite priv\u00e9e Outlander au d\u00e9part d'Invergordon | Tour Travel & More\",\"isPartOf\":{\"@id\":\"https:\/\/tourtravelandmore.com\/fr\/#website\"},\"primaryImageOfPage\":{\"@id\":\"https:\/\/tourtravelandmore.com\/fr\/tours\/ecosse-fr\/invergordon-fr\/visite-privee-ultime-du-loch-ness-au-depart-dinvergordon-copy\/#primaryimage\"},\"image\":{\"@id\":\"https:\/\/tourtravelandmore.com\/fr\/tours\/ecosse-fr\/invergordon-fr\/visite-privee-ultime-du-loch-ness-au-depart-dinvergordon-copy\/#primaryimage\"},\"thumbnailUrl\":\"https:\/\/tourtravelandmore.com\/wp-content\/uploads\/2025\/04\/pexels-sinileunen-5013612.jpg\",\"datePublished\":\"2025-04-30T13:03:35+00:00\",\"dateModified\":\"2025-05-14T17:22:35+00:00\",\"description\":\"D\u00e9couvrez et appr\u00e9ciez la visite priv\u00e9e Outlander au d\u00e9part d'Invergordon avec un guide local et explorez certains de ses sites les plus c\u00e9l\u00e8bres.\",\"breadcrumb\":{\"@id\":\"https:\/\/tourtravelandmore.com\/fr\/tours\/ecosse-fr\/invergordon-fr\/visite-privee-ultime-du-loch-ness-au-depart-dinvergordon-copy\/#breadcrumb\"},\"inLanguage\":\"fr-FR\",\"potentialAction\":[{\"@type\":\"ReadAction\",\"target\":[\"https:\/\/tourtravelandmore.com\/fr\/tours\/ecosse-fr\/invergordon-fr\/visite-privee-ultime-du-loch-ness-au-depart-dinvergordon-copy\/\"]}]},{\"@type\":\"ImageObject\",\"inLanguage\":\"fr-FR\",\"@id\":\"https:\/\/tourtravelandmore.com\/fr\/tours\/ecosse-fr\/invergordon-fr\/visite-privee-ultime-du-loch-ness-au-depart-dinvergordon-copy\/#primaryimage\",\"url\":\"https:\/\/tourtravelandmore.com\/wp-content\/uploads\/2025\/04\/pexels-sinileunen-5013612.jpg\",\"contentUrl\":\"https:\/\/tourtravelandmore.com\/wp-content\/uploads\/2025\/04\/pexels-sinileunen-5013612.jpg\",\"width\":1280,\"height\":853},{\"@type\":\"BreadcrumbList\",\"@id\":\"https:\/\/tourtravelandmore.com\/fr\/tours\/ecosse-fr\/invergordon-fr\/visite-privee-ultime-du-loch-ness-au-depart-dinvergordon-copy\/#breadcrumb\",\"itemListElement\":[{\"@type\":\"ListItem\",\"position\":1,\"name\":\"Home\",\"item\":\"https:\/\/tourtravelandmore.com\/fr\/\"},{\"@type\":\"ListItem\",\"position\":2,\"name\":\"Tours\",\"item\":\"https:\/\/tourtravelandmore.com\/fr\/tours\/\"},{\"@type\":\"ListItem\",\"position\":3,\"name\":\"Visite priv\u00e9e Outlander au d\u00e9part d&#8217;Invergordon\"}]},{\"@type\":\"WebSite\",\"@id\":\"https:\/\/tourtravelandmore.com\/fr\/#website\",\"url\":\"https:\/\/tourtravelandmore.com\/fr\/\",\"name\":\"Tour Travel And More\",\"description\":\"Private sightseeing tours and luxury transfers in Spain\",\"publisher\":{\"@id\":\"https:\/\/tourtravelandmore.com\/fr\/#organization\"},\"potentialAction\":[{\"@type\":\"SearchAction\",\"target\":{\"@type\":\"EntryPoint\",\"urlTemplate\":\"https:\/\/tourtravelandmore.com\/fr\/?s={search_term_string}\"},\"query-input\":{\"@type\":\"PropertyValueSpecification\",\"valueRequired\":true,\"valueName\":\"search_term_string\"}}],\"inLanguage\":\"fr-FR\"},{\"@type\":\"Organization\",\"@id\":\"https:\/\/tourtravelandmore.com\/fr\/#organization\",\"name\":\"Tour Travel And More\",\"url\":\"https:\/\/tourtravelandmore.com\/fr\/\",\"logo\":{\"@type\":\"ImageObject\",\"inLanguage\":\"fr-FR\",\"@id\":\"https:\/\/tourtravelandmore.com\/fr\/#\/schema\/logo\/image\/\",\"url\":\"https:\/\/tourtravelandmore.com\/wp-content\/uploads\/2022\/12\/cropped-logo-cabecera-new.png\",\"contentUrl\":\"https:\/\/tourtravelandmore.com\/wp-content\/uploads\/2022\/12\/cropped-logo-cabecera-new.png\",\"width\":430,\"height\":61,\"caption\":\"Tour Travel And More\"},\"image\":{\"@id\":\"https:\/\/tourtravelandmore.com\/fr\/#\/schema\/logo\/image\/\"},\"sameAs\":[\"https:\/\/www.facebook.com\/tourtravelandmore\/\",\"https:\/\/x.com\/TourTravel_More\"]}]}<\/script>\n<!-- \/ Yoast SEO Premium plugin. -->","yoast_head_json":{"title":"\u27a1\ufe0f Visite priv\u00e9e Outlander au d\u00e9part d'Invergordon | Tour Travel & More","description":"D\u00e9couvrez et appr\u00e9ciez la visite priv\u00e9e Outlander au d\u00e9part d'Invergordon avec un guide local et explorez certains de ses sites les plus c\u00e9l\u00e8bres.","robots":{"index":"index","follow":"follow","max-snippet":"max-snippet:-1","max-image-preview":"max-image-preview:large","max-video-preview":"max-video-preview:-1"},"canonical":"https:\/\/tourtravelandmore.com\/fr\/tours\/ecosse-fr\/invergordon-fr\/visite-privee-ultime-du-loch-ness-au-depart-dinvergordon-copy\/","og_locale":"fr_FR","og_type":"article","og_title":"Visite priv\u00e9e Outlander au d\u00e9part d'Invergordon","og_description":"D\u00e9couvrez et appr\u00e9ciez la visite priv\u00e9e Outlander au d\u00e9part d'Invergordon avec un guide local et explorez certains de ses sites les plus c\u00e9l\u00e8bres.","og_url":"https:\/\/tourtravelandmore.com\/fr\/tours\/ecosse-fr\/invergordon-fr\/visite-privee-ultime-du-loch-ness-au-depart-dinvergordon-copy\/","og_site_name":"Tour Travel And More","article_publisher":"https:\/\/www.facebook.com\/tourtravelandmore\/","article_modified_time":"2025-05-14T17:22:35+00:00","og_image":[{"width":1280,"height":853,"url":"https:\/\/tourtravelandmore.com\/wp-content\/uploads\/2025\/04\/pexels-sinileunen-5013612.jpg","type":"image\/jpeg"}],"twitter_card":"summary_large_image","twitter_site":"@TourTravel_More","twitter_misc":{"Dur\u00e9e de lecture estim\u00e9e":"2 minutes"},"schema":{"@context":"https:\/\/schema.org","@graph":[{"@type":"WebPage","@id":"https:\/\/tourtravelandmore.com\/fr\/tours\/ecosse-fr\/invergordon-fr\/visite-privee-ultime-du-loch-ness-au-depart-dinvergordon-copy\/","url":"https:\/\/tourtravelandmore.com\/fr\/tours\/ecosse-fr\/invergordon-fr\/visite-privee-ultime-du-loch-ness-au-depart-dinvergordon-copy\/","name":"\u27a1\ufe0f Visite priv\u00e9e Outlander au d\u00e9part d'Invergordon | Tour Travel & More","isPartOf":{"@id":"https:\/\/tourtravelandmore.com\/fr\/#website"},"primaryImageOfPage":{"@id":"https:\/\/tourtravelandmore.com\/fr\/tours\/ecosse-fr\/invergordon-fr\/visite-privee-ultime-du-loch-ness-au-depart-dinvergordon-copy\/#primaryimage"},"image":{"@id":"https:\/\/tourtravelandmore.com\/fr\/tours\/ecosse-fr\/invergordon-fr\/visite-privee-ultime-du-loch-ness-au-depart-dinvergordon-copy\/#primaryimage"},"thumbnailUrl":"https:\/\/tourtravelandmore.com\/wp-content\/uploads\/2025\/04\/pexels-sinileunen-5013612.jpg","datePublished":"2025-04-30T13:03:35+00:00","dateModified":"2025-05-14T17:22:35+00:00","description":"D\u00e9couvrez et appr\u00e9ciez la visite priv\u00e9e Outlander au d\u00e9part d'Invergordon avec un guide local et explorez certains de ses sites les plus c\u00e9l\u00e8bres.","breadcrumb":{"@id":"https:\/\/tourtravelandmore.com\/fr\/tours\/ecosse-fr\/invergordon-fr\/visite-privee-ultime-du-loch-ness-au-depart-dinvergordon-copy\/#breadcrumb"},"inLanguage":"fr-FR","potentialAction":[{"@type":"ReadAction","target":["https:\/\/tourtravelandmore.com\/fr\/tours\/ecosse-fr\/invergordon-fr\/visite-privee-ultime-du-loch-ness-au-depart-dinvergordon-copy\/"]}]},{"@type":"ImageObject","inLanguage":"fr-FR","@id":"https:\/\/tourtravelandmore.com\/fr\/tours\/ecosse-fr\/invergordon-fr\/visite-privee-ultime-du-loch-ness-au-depart-dinvergordon-copy\/#primaryimage","url":"https:\/\/tourtravelandmore.com\/wp-content\/uploads\/2025\/04\/pexels-sinileunen-5013612.jpg","contentUrl":"https:\/\/tourtravelandmore.com\/wp-content\/uploads\/2025\/04\/pexels-sinileunen-5013612.jpg","width":1280,"height":853},{"@type":"BreadcrumbList","@id":"https:\/\/tourtravelandmore.com\/fr\/tours\/ecosse-fr\/invergordon-fr\/visite-privee-ultime-du-loch-ness-au-depart-dinvergordon-copy\/#breadcrumb","itemListElement":[{"@type":"ListItem","position":1,"name":"Home","item":"https:\/\/tourtravelandmore.com\/fr\/"},{"@type":"ListItem","position":2,"name":"Tours","item":"https:\/\/tourtravelandmore.com\/fr\/tours\/"},{"@type":"ListItem","position":3,"name":"Visite priv\u00e9e Outlander au d\u00e9part d&#8217;Invergordon"}]},{"@type":"WebSite","@id":"https:\/\/tourtravelandmore.com\/fr\/#website","url":"https:\/\/tourtravelandmore.com\/fr\/","name":"Tour Travel And More","description":"Private sightseeing tours and luxury transfers in Spain","publisher":{"@id":"https:\/\/tourtravelandmore.com\/fr\/#organization"},"potentialAction":[{"@type":"SearchAction","target":{"@type":"EntryPoint","urlTemplate":"https:\/\/tourtravelandmore.com\/fr\/?s={search_term_string}"},"query-input":{"@type":"PropertyValueSpecification","valueRequired":true,"valueName":"search_term_string"}}],"inLanguage":"fr-FR"},{"@type":"Organization","@id":"https:\/\/tourtravelandmore.com\/fr\/#organization","name":"Tour Travel And More","url":"https:\/\/tourtravelandmore.com\/fr\/","logo":{"@type":"ImageObject","inLanguage":"fr-FR","@id":"https:\/\/tourtravelandmore.com\/fr\/#\/schema\/logo\/image\/","url":"https:\/\/tourtravelandmore.com\/wp-content\/uploads\/2022\/12\/cropped-logo-cabecera-new.png","contentUrl":"https:\/\/tourtravelandmore.com\/wp-content\/uploads\/2022\/12\/cropped-logo-cabecera-new.png","width":430,"height":61,"caption":"Tour Travel And More"},"image":{"@id":"https:\/\/tourtravelandmore.com\/fr\/#\/schema\/logo\/image\/"},"sameAs":["https:\/\/www.facebook.com\/tourtravelandmore\/","https:\/\/x.com\/TourTravel_More"]}]}},"_links":{"self":[{"href":"https:\/\/tourtravelandmore.com\/fr\/wp-json\/wp\/v2\/product\/183135","targetHints":{"allow":["GET"]}}],"collection":[{"href":"https:\/\/tourtravelandmore.com\/fr\/wp-json\/wp\/v2\/product"}],"about":[{"href":"https:\/\/tourtravelandmore.com\/fr\/wp-json\/wp\/v2\/types\/product"}],"replies":[{"embeddable":true,"href":"https:\/\/tourtravelandmore.com\/fr\/wp-json\/wp\/v2\/comments?post=183135"}],"wp:featuredmedia":[{"embeddable":true,"href":"https:\/\/tourtravelandmore.com\/fr\/wp-json\/wp\/v2\/media\/183145"}],"wp:attachment":[{"href":"https:\/\/tourtravelandmore.com\/fr\/wp-json\/wp\/v2\/media?parent=183135"}],"wp:term":[{"taxonomy":"product_brand","embeddable":true,"href":"https:\/\/tourtravelandmore.com\/fr\/wp-json\/wp\/v2\/product_brand?post=183135"},{"taxonomy":"product_cat","embeddable":true,"href":"https:\/\/tourtravelandmore.com\/fr\/wp-json\/wp\/v2\/product_cat?post=183135"},{"taxonomy":"product_tag","embeddable":true,"href":"https:\/\/tourtravelandmore.com\/fr\/wp-json\/wp\/v2\/product_tag?post=183135"}],"curies":[{"name":"wp","href":"https:\/\/api.w.org\/{rel}","templated":true}]}}