{"id":183081,"date":"2025-04-28T21:14:54","date_gmt":"2025-04-28T19:14:57","guid":{"rendered":"https:\/\/tourtravelandmore.com\/?post_type=product&#038;p=183081"},"modified":"2025-05-14T19:22:36","modified_gmt":"2025-05-14T17:22:36","slug":"visite-privee-du-loch-ness-et-des-highlands-copy","status":"publish","type":"product","link":"https:\/\/tourtravelandmore.com\/fr\/tours\/ecosse-fr\/invergordon-fr\/visite-privee-du-loch-ness-et-des-highlands-copy\/","title":{"rendered":"Visite priv\u00e9e ultime du Loch Ness au d\u00e9part d&#8217;Invergordon"},"content":{"rendered":"<h2><b><strong>Visite priv\u00e9e ultime du Loch Ness au d\u00e9part d&#8217;Invergordon Description<\/strong><\/b><\/h2>\n<p>Embarquez pour un voyage inoubliable au c\u0153ur des Highlands \u00e9cossais avec notre visite priv\u00e9e ultime du Loch Ness au d\u00e9part d&#8217;Invergordon. Con\u00e7ue pour les voyageurs en qu\u00eate d&#8217;une exp\u00e9rience exclusive, cette visite priv\u00e9e de 8 heures offre un m\u00e9lange parfait de paysages \u00e0 couper le souffle, de contes l\u00e9gendaires et de charmants villages des Highlands.<\/p>\n<p>Nous nous engageons \u00e0 vous offrir une exp\u00e9rience touristique flexible, personnalis\u00e9e et inoubliable, adapt\u00e9e \u00e0 vos int\u00e9r\u00eats.<\/p>\n<h2>Visite priv\u00e9e ultime du Loch Ness au d\u00e9part d&#8217;Invergordon | Points d&#8217;int\u00e9r\u00eat et sites touristiques<\/h2>\n<p>Votre chauffeur\/guide priv\u00e9 vous accueillera au port d&#8217;Invergordon, o\u00f9 votre aventure commencera. Confortablement install\u00e9 dans un v\u00e9hicule priv\u00e9, vous d\u00e9couvrirez la magie du Loch Ness et de ses environs, \u00e0 votre rythme. Nous explorerons des sites pittoresques dont l&#8217;entr\u00e9e est gratuite, vous garantissant une journ\u00e9e d\u00e9tendue et sans encombre, immerg\u00e9e dans la nature et l&#8217;histoire \u00e9cossaises.<\/p>\n<ul>\n<li><b>Prise en charge et retour au port d&#8217;Invergordon<\/b>Commencez et terminez votre journ\u00e9e en toute tranquillit\u00e9 gr\u00e2ce \u00e0 la prise en charge et au retour priv\u00e9s directement au port.<\/li>\n<li><b>Trajet panoramique \u00e0 travers les Highlands<\/b>Admirez les paysages \u00e9poustouflants de l&#8217;\u00c9cosse en traversant des collines vallonn\u00e9es, des montagnes escarp\u00e9es et des villages pittoresques.<\/li>\n<li><b>Beauly Priory<\/b>Visitez les ruines \u00e9vocatrices de ce monast\u00e8re du XIIIe si\u00e8cle, nich\u00e9 au milieu d&#8217;arbres centenaires, un lieu paisible et historique dont l&#8217;entr\u00e9e est gratuite.<\/li>\n<li><b>Points de vue sur le Loch Ness<\/b>Arr\u00eatez-vous \u00e0 certains des meilleurs points de vue gratuits le long du l\u00e9gendaire Loch Ness. Admirez des paysages spectaculaires et peut-\u00eatre apercevrez-vous Nessie !<\/li>\n<\/ul>\n<p>Tout au long de la journ\u00e9e, votre guide vous racontera des histoires fascinantes sur les mythes, les traditions et le riche patrimoine de la r\u00e9gion, notamment le myst\u00e8re \u00e9ternel de Nessie, le c\u00e9l\u00e8bre monstre du Loch Ness. Cette excursion est id\u00e9ale pour ceux qui souhaitent d\u00e9couvrir l&#8217;\u00c9cosse authentique loin de la foule, avec de nombreuses occasions de s&#8217;arr\u00eater pour prendre des photos, faire de courtes promenades et d\u00e9couvrir la r\u00e9gion.<\/p>\n<p><a href=\"https:\/\/tourtravelandmore.com\/fr\/city\/ecosse-fr\/edinburgh-en\/\">Ne manquez pas toutes les visites priv\u00e9es que nous proposons \u00e0 \u00c9dimbourg, en \u00c9cosse et dans toutes les autres villes !<\/a><\/p>\n","protected":false},"excerpt":{"rendered":"<p>Embarquez pour un voyage inoubliable au c\u0153ur des Highlands \u00e9cossais avec notre visite priv\u00e9e ultime du Loch Ness au d\u00e9part d&#8217;Invergordon. Con\u00e7ue pour les voyageurs en qu\u00eate d&#8217;une exp\u00e9rience exclusive, cette visite priv\u00e9e de 8 heures offre un m\u00e9lange parfait de paysages \u00e0 couper le souffle, de contes l\u00e9gendaires et de charmants villages des Highlands.<\/p>\n","protected":false},"featured_media":182197,"comment_status":"open","ping_status":"closed","template":"","meta":{"_acf_changed":false},"product_brand":[],"product_cat":[5521,5516,3741,3545],"product_tag":[],"class_list":{"0":"post-183081","1":"product","2":"type-product","3":"status-publish","4":"has-post-thumbnail","6":"product_cat-all-private-tour-and-activities-fr-4","7":"product_cat-invergordon-fr","8":"product_cat-ecosse-fr","9":"product_cat-royaume-uni-fr","11":"first","12":"instock","13":"shipping-taxable","14":"purchasable","15":"product-type-simple"},"acf":[],"yoast_head":"<!-- This site is optimized with the Yoast SEO Premium plugin v25.3.1 (Yoast SEO v25.3.1) - https:\/\/yoast.com\/wordpress\/plugins\/seo\/ -->\n<title>\u27a1\ufe0f Visite priv\u00e9e ultime du Loch Ness au d\u00e9part d&#039;Invergordon | Tour Travel &amp; More<\/title>\n<meta name=\"description\" content=\"D\u00e9couvrez et appr\u00e9ciez le Loch Ness \u00e0 Invergordon gr\u00e2ce \u00e0 cette visite priv\u00e9e avec un guide local et explorez certains de ses sites les plus connus.\" \/>\n<meta name=\"robots\" content=\"index, follow, max-snippet:-1, max-image-preview:large, max-video-preview:-1\" \/>\n<link rel=\"canonical\" href=\"https:\/\/tourtravelandmore.com\/fr\/tours\/ecosse-fr\/invergordon-fr\/visite-privee-du-loch-ness-et-des-highlands-copy\/\" \/>\n<meta property=\"og:locale\" content=\"fr_FR\" \/>\n<meta property=\"og:type\" content=\"article\" \/>\n<meta property=\"og:title\" content=\"Visite priv\u00e9e ultime du Loch Ness au d\u00e9part d&#039;Invergordon\" \/>\n<meta property=\"og:description\" content=\"D\u00e9couvrez et appr\u00e9ciez le Loch Ness \u00e0 Invergordon gr\u00e2ce \u00e0 cette visite priv\u00e9e avec un guide local et explorez certains de ses sites les plus connus.\" \/>\n<meta property=\"og:url\" content=\"https:\/\/tourtravelandmore.com\/fr\/tours\/ecosse-fr\/invergordon-fr\/visite-privee-du-loch-ness-et-des-highlands-copy\/\" \/>\n<meta property=\"og:site_name\" content=\"Tour Travel And More\" \/>\n<meta property=\"article:publisher\" content=\"https:\/\/www.facebook.com\/tourtravelandmore\/\" \/>\n<meta property=\"article:modified_time\" content=\"2025-05-14T17:22:36+00:00\" \/>\n<meta property=\"og:image\" content=\"https:\/\/tourtravelandmore.com\/wp-content\/uploads\/2025\/04\/lake-4862130_1280.jpg\" \/>\n\t<meta property=\"og:image:width\" content=\"1280\" \/>\n\t<meta property=\"og:image:height\" content=\"853\" \/>\n\t<meta property=\"og:image:type\" content=\"image\/jpeg\" \/>\n<meta name=\"twitter:card\" content=\"summary_large_image\" \/>\n<meta name=\"twitter:site\" content=\"@TourTravel_More\" \/>\n<meta name=\"twitter:label1\" content=\"Dur\u00e9e de lecture estim\u00e9e\" \/>\n\t<meta name=\"twitter:data1\" content=\"2 minutes\" \/>\n<script type=\"application\/ld+json\" class=\"yoast-schema-graph\">{\"@context\":\"https:\/\/schema.org\",\"@graph\":[{\"@type\":\"WebPage\",\"@id\":\"https:\/\/tourtravelandmore.com\/fr\/tours\/ecosse-fr\/invergordon-fr\/visite-privee-du-loch-ness-et-des-highlands-copy\/\",\"url\":\"https:\/\/tourtravelandmore.com\/fr\/tours\/ecosse-fr\/invergordon-fr\/visite-privee-du-loch-ness-et-des-highlands-copy\/\",\"name\":\"\u27a1\ufe0f Visite priv\u00e9e ultime du Loch Ness au d\u00e9part d'Invergordon | Tour Travel & More\",\"isPartOf\":{\"@id\":\"https:\/\/tourtravelandmore.com\/fr\/#website\"},\"primaryImageOfPage\":{\"@id\":\"https:\/\/tourtravelandmore.com\/fr\/tours\/ecosse-fr\/invergordon-fr\/visite-privee-du-loch-ness-et-des-highlands-copy\/#primaryimage\"},\"image\":{\"@id\":\"https:\/\/tourtravelandmore.com\/fr\/tours\/ecosse-fr\/invergordon-fr\/visite-privee-du-loch-ness-et-des-highlands-copy\/#primaryimage\"},\"thumbnailUrl\":\"https:\/\/tourtravelandmore.com\/wp-content\/uploads\/2025\/04\/lake-4862130_1280.jpg\",\"datePublished\":\"2025-04-28T19:14:57+00:00\",\"dateModified\":\"2025-05-14T17:22:36+00:00\",\"description\":\"D\u00e9couvrez et appr\u00e9ciez le Loch Ness \u00e0 Invergordon gr\u00e2ce \u00e0 cette visite priv\u00e9e avec un guide local et explorez certains de ses sites les plus connus.\",\"breadcrumb\":{\"@id\":\"https:\/\/tourtravelandmore.com\/fr\/tours\/ecosse-fr\/invergordon-fr\/visite-privee-du-loch-ness-et-des-highlands-copy\/#breadcrumb\"},\"inLanguage\":\"fr-FR\",\"potentialAction\":[{\"@type\":\"ReadAction\",\"target\":[\"https:\/\/tourtravelandmore.com\/fr\/tours\/ecosse-fr\/invergordon-fr\/visite-privee-du-loch-ness-et-des-highlands-copy\/\"]}]},{\"@type\":\"ImageObject\",\"inLanguage\":\"fr-FR\",\"@id\":\"https:\/\/tourtravelandmore.com\/fr\/tours\/ecosse-fr\/invergordon-fr\/visite-privee-du-loch-ness-et-des-highlands-copy\/#primaryimage\",\"url\":\"https:\/\/tourtravelandmore.com\/wp-content\/uploads\/2025\/04\/lake-4862130_1280.jpg\",\"contentUrl\":\"https:\/\/tourtravelandmore.com\/wp-content\/uploads\/2025\/04\/lake-4862130_1280.jpg\",\"width\":1280,\"height\":853},{\"@type\":\"BreadcrumbList\",\"@id\":\"https:\/\/tourtravelandmore.com\/fr\/tours\/ecosse-fr\/invergordon-fr\/visite-privee-du-loch-ness-et-des-highlands-copy\/#breadcrumb\",\"itemListElement\":[{\"@type\":\"ListItem\",\"position\":1,\"name\":\"Home\",\"item\":\"https:\/\/tourtravelandmore.com\/fr\/\"},{\"@type\":\"ListItem\",\"position\":2,\"name\":\"Tours\",\"item\":\"https:\/\/tourtravelandmore.com\/fr\/tours\/\"},{\"@type\":\"ListItem\",\"position\":3,\"name\":\"Visite priv\u00e9e ultime du Loch Ness au d\u00e9part d&#8217;Invergordon\"}]},{\"@type\":\"WebSite\",\"@id\":\"https:\/\/tourtravelandmore.com\/fr\/#website\",\"url\":\"https:\/\/tourtravelandmore.com\/fr\/\",\"name\":\"Tour Travel And More\",\"description\":\"Private sightseeing tours and luxury transfers in Spain\",\"publisher\":{\"@id\":\"https:\/\/tourtravelandmore.com\/fr\/#organization\"},\"potentialAction\":[{\"@type\":\"SearchAction\",\"target\":{\"@type\":\"EntryPoint\",\"urlTemplate\":\"https:\/\/tourtravelandmore.com\/fr\/?s={search_term_string}\"},\"query-input\":{\"@type\":\"PropertyValueSpecification\",\"valueRequired\":true,\"valueName\":\"search_term_string\"}}],\"inLanguage\":\"fr-FR\"},{\"@type\":\"Organization\",\"@id\":\"https:\/\/tourtravelandmore.com\/fr\/#organization\",\"name\":\"Tour Travel And More\",\"url\":\"https:\/\/tourtravelandmore.com\/fr\/\",\"logo\":{\"@type\":\"ImageObject\",\"inLanguage\":\"fr-FR\",\"@id\":\"https:\/\/tourtravelandmore.com\/fr\/#\/schema\/logo\/image\/\",\"url\":\"https:\/\/tourtravelandmore.com\/wp-content\/uploads\/2022\/12\/cropped-logo-cabecera-new.png\",\"contentUrl\":\"https:\/\/tourtravelandmore.com\/wp-content\/uploads\/2022\/12\/cropped-logo-cabecera-new.png\",\"width\":430,\"height\":61,\"caption\":\"Tour Travel And More\"},\"image\":{\"@id\":\"https:\/\/tourtravelandmore.com\/fr\/#\/schema\/logo\/image\/\"},\"sameAs\":[\"https:\/\/www.facebook.com\/tourtravelandmore\/\",\"https:\/\/x.com\/TourTravel_More\"]}]}<\/script>\n<!-- \/ Yoast SEO Premium plugin. -->","yoast_head_json":{"title":"\u27a1\ufe0f Visite priv\u00e9e ultime du Loch Ness au d\u00e9part d'Invergordon | Tour Travel & More","description":"D\u00e9couvrez et appr\u00e9ciez le Loch Ness \u00e0 Invergordon gr\u00e2ce \u00e0 cette visite priv\u00e9e avec un guide local et explorez certains de ses sites les plus connus.","robots":{"index":"index","follow":"follow","max-snippet":"max-snippet:-1","max-image-preview":"max-image-preview:large","max-video-preview":"max-video-preview:-1"},"canonical":"https:\/\/tourtravelandmore.com\/fr\/tours\/ecosse-fr\/invergordon-fr\/visite-privee-du-loch-ness-et-des-highlands-copy\/","og_locale":"fr_FR","og_type":"article","og_title":"Visite priv\u00e9e ultime du Loch Ness au d\u00e9part d'Invergordon","og_description":"D\u00e9couvrez et appr\u00e9ciez le Loch Ness \u00e0 Invergordon gr\u00e2ce \u00e0 cette visite priv\u00e9e avec un guide local et explorez certains de ses sites les plus connus.","og_url":"https:\/\/tourtravelandmore.com\/fr\/tours\/ecosse-fr\/invergordon-fr\/visite-privee-du-loch-ness-et-des-highlands-copy\/","og_site_name":"Tour Travel And More","article_publisher":"https:\/\/www.facebook.com\/tourtravelandmore\/","article_modified_time":"2025-05-14T17:22:36+00:00","og_image":[{"width":1280,"height":853,"url":"https:\/\/tourtravelandmore.com\/wp-content\/uploads\/2025\/04\/lake-4862130_1280.jpg","type":"image\/jpeg"}],"twitter_card":"summary_large_image","twitter_site":"@TourTravel_More","twitter_misc":{"Dur\u00e9e de lecture estim\u00e9e":"2 minutes"},"schema":{"@context":"https:\/\/schema.org","@graph":[{"@type":"WebPage","@id":"https:\/\/tourtravelandmore.com\/fr\/tours\/ecosse-fr\/invergordon-fr\/visite-privee-du-loch-ness-et-des-highlands-copy\/","url":"https:\/\/tourtravelandmore.com\/fr\/tours\/ecosse-fr\/invergordon-fr\/visite-privee-du-loch-ness-et-des-highlands-copy\/","name":"\u27a1\ufe0f Visite priv\u00e9e ultime du Loch Ness au d\u00e9part d'Invergordon | Tour Travel & More","isPartOf":{"@id":"https:\/\/tourtravelandmore.com\/fr\/#website"},"primaryImageOfPage":{"@id":"https:\/\/tourtravelandmore.com\/fr\/tours\/ecosse-fr\/invergordon-fr\/visite-privee-du-loch-ness-et-des-highlands-copy\/#primaryimage"},"image":{"@id":"https:\/\/tourtravelandmore.com\/fr\/tours\/ecosse-fr\/invergordon-fr\/visite-privee-du-loch-ness-et-des-highlands-copy\/#primaryimage"},"thumbnailUrl":"https:\/\/tourtravelandmore.com\/wp-content\/uploads\/2025\/04\/lake-4862130_1280.jpg","datePublished":"2025-04-28T19:14:57+00:00","dateModified":"2025-05-14T17:22:36+00:00","description":"D\u00e9couvrez et appr\u00e9ciez le Loch Ness \u00e0 Invergordon gr\u00e2ce \u00e0 cette visite priv\u00e9e avec un guide local et explorez certains de ses sites les plus connus.","breadcrumb":{"@id":"https:\/\/tourtravelandmore.com\/fr\/tours\/ecosse-fr\/invergordon-fr\/visite-privee-du-loch-ness-et-des-highlands-copy\/#breadcrumb"},"inLanguage":"fr-FR","potentialAction":[{"@type":"ReadAction","target":["https:\/\/tourtravelandmore.com\/fr\/tours\/ecosse-fr\/invergordon-fr\/visite-privee-du-loch-ness-et-des-highlands-copy\/"]}]},{"@type":"ImageObject","inLanguage":"fr-FR","@id":"https:\/\/tourtravelandmore.com\/fr\/tours\/ecosse-fr\/invergordon-fr\/visite-privee-du-loch-ness-et-des-highlands-copy\/#primaryimage","url":"https:\/\/tourtravelandmore.com\/wp-content\/uploads\/2025\/04\/lake-4862130_1280.jpg","contentUrl":"https:\/\/tourtravelandmore.com\/wp-content\/uploads\/2025\/04\/lake-4862130_1280.jpg","width":1280,"height":853},{"@type":"BreadcrumbList","@id":"https:\/\/tourtravelandmore.com\/fr\/tours\/ecosse-fr\/invergordon-fr\/visite-privee-du-loch-ness-et-des-highlands-copy\/#breadcrumb","itemListElement":[{"@type":"ListItem","position":1,"name":"Home","item":"https:\/\/tourtravelandmore.com\/fr\/"},{"@type":"ListItem","position":2,"name":"Tours","item":"https:\/\/tourtravelandmore.com\/fr\/tours\/"},{"@type":"ListItem","position":3,"name":"Visite priv\u00e9e ultime du Loch Ness au d\u00e9part d&#8217;Invergordon"}]},{"@type":"WebSite","@id":"https:\/\/tourtravelandmore.com\/fr\/#website","url":"https:\/\/tourtravelandmore.com\/fr\/","name":"Tour Travel And More","description":"Private sightseeing tours and luxury transfers in Spain","publisher":{"@id":"https:\/\/tourtravelandmore.com\/fr\/#organization"},"potentialAction":[{"@type":"SearchAction","target":{"@type":"EntryPoint","urlTemplate":"https:\/\/tourtravelandmore.com\/fr\/?s={search_term_string}"},"query-input":{"@type":"PropertyValueSpecification","valueRequired":true,"valueName":"search_term_string"}}],"inLanguage":"fr-FR"},{"@type":"Organization","@id":"https:\/\/tourtravelandmore.com\/fr\/#organization","name":"Tour Travel And More","url":"https:\/\/tourtravelandmore.com\/fr\/","logo":{"@type":"ImageObject","inLanguage":"fr-FR","@id":"https:\/\/tourtravelandmore.com\/fr\/#\/schema\/logo\/image\/","url":"https:\/\/tourtravelandmore.com\/wp-content\/uploads\/2022\/12\/cropped-logo-cabecera-new.png","contentUrl":"https:\/\/tourtravelandmore.com\/wp-content\/uploads\/2022\/12\/cropped-logo-cabecera-new.png","width":430,"height":61,"caption":"Tour Travel And More"},"image":{"@id":"https:\/\/tourtravelandmore.com\/fr\/#\/schema\/logo\/image\/"},"sameAs":["https:\/\/www.facebook.com\/tourtravelandmore\/","https:\/\/x.com\/TourTravel_More"]}]}},"_links":{"self":[{"href":"https:\/\/tourtravelandmore.com\/fr\/wp-json\/wp\/v2\/product\/183081","targetHints":{"allow":["GET"]}}],"collection":[{"href":"https:\/\/tourtravelandmore.com\/fr\/wp-json\/wp\/v2\/product"}],"about":[{"href":"https:\/\/tourtravelandmore.com\/fr\/wp-json\/wp\/v2\/types\/product"}],"replies":[{"embeddable":true,"href":"https:\/\/tourtravelandmore.com\/fr\/wp-json\/wp\/v2\/comments?post=183081"}],"wp:featuredmedia":[{"embeddable":true,"href":"https:\/\/tourtravelandmore.com\/fr\/wp-json\/wp\/v2\/media\/182197"}],"wp:attachment":[{"href":"https:\/\/tourtravelandmore.com\/fr\/wp-json\/wp\/v2\/media?parent=183081"}],"wp:term":[{"taxonomy":"product_brand","embeddable":true,"href":"https:\/\/tourtravelandmore.com\/fr\/wp-json\/wp\/v2\/product_brand?post=183081"},{"taxonomy":"product_cat","embeddable":true,"href":"https:\/\/tourtravelandmore.com\/fr\/wp-json\/wp\/v2\/product_cat?post=183081"},{"taxonomy":"product_tag","embeddable":true,"href":"https:\/\/tourtravelandmore.com\/fr\/wp-json\/wp\/v2\/product_tag?post=183081"}],"curies":[{"name":"wp","href":"https:\/\/api.w.org\/{rel}","templated":true}]}}