{"id":183039,"date":"2025-04-28T16:46:40","date_gmt":"2025-04-28T14:46:45","guid":{"rendered":"https:\/\/tourtravelandmore.com\/?post_type=product&#038;p=183039"},"modified":"2025-04-28T18:12:52","modified_gmt":"2025-04-28T16:12:52","slug":"excursion-privee-dune-journee-belfast-et-la-chaussee-des-geants-copy-2","status":"publish","type":"product","link":"https:\/\/tourtravelandmore.com\/fr\/tours\/irlande-fr\/belfast-fr\/excursion-privee-dune-journee-belfast-et-la-chaussee-des-geants-copy-2\/","title":{"rendered":"Visite priv\u00e9e de Game of Thrones et de la Chauss\u00e9e des G\u00e9ants au d\u00e9part de Belfast"},"content":{"rendered":"<h2>Visite priv\u00e9e de Game of Thrones et de la Chauss\u00e9e des G\u00e9ants au d\u00e9part de Belfast | Description<\/h2>\n<p>Rejoignez-nous pour une exp\u00e9rience priv\u00e9e inoubliable de 9 heures \u00e0 la d\u00e9couverte des superbes lieux de tournage de <b>Game<\/b> of <b>Thrones<\/b> en Irlande du Nord et de l&#8217;embl\u00e9matique <b>Chauss\u00e9e des G\u00e9ants.<\/b> Au d\u00e9part de <b>Belfast<\/b>, vous voyagerez confortablement dans un v\u00e9hicule priv\u00e9 de luxe avec votre guide officiel et vous aventurerez dans certains des paysages les plus \u00e9poustouflants utilis\u00e9s dans la s\u00e9rie, et bien plus encore.<\/p>\n<p>Revivez les moments cl\u00e9s de Game of Thrones dans des lieux c\u00e9l\u00e8bres tels que les Dark Hedges et le port de Ballintoy, tout en profitant des merveilles naturelles de la Chauss\u00e9e des G\u00e9ants, site class\u00e9 au patrimoine mondial de l&#8217;UNESCO. Cette visite priv\u00e9e est soigneusement con\u00e7ue pour \u00e9viter les frais d&#8217;entr\u00e9e et se concentrer sur des sites spectaculaires en plein air et des paysages c\u00f4tiers.<\/p>\n<h2>Visite priv\u00e9e de Game of Thrones et de la Chauss\u00e9e des G\u00e9ants au d\u00e9part de Belfast | Points d&#8217;int\u00e9r\u00eat et sites remarquables<\/h2>\n<p>Voyagez \u00e0 votre rythme avec les commentaires personnalis\u00e9s de votre guide expert, qui vous fera d\u00e9couvrir des anecdotes, des l\u00e9gendes et des faits insolites. Que vous soyez un fan inconditionnel ou simplement d\u00e9sireux d&#8217;explorer la beaut\u00e9 sauvage de l&#8217;Irlande du Nord, cette visite offre un m\u00e9lange parfait de culture, d&#8217;histoire et de fantaisie.<\/p>\n<ul>\n<li><b>Prise en charge et retour<\/b> \u00e0 votre h\u00f4tel ou lieu d&#8217;h\u00e9bergement \u00e0 Belfast<\/li>\n<li><b>Dark Hedges<\/b> \u2013 Promenez-vous dans l&#8217;all\u00e9e envo\u00fbtante bord\u00e9e de h\u00eatres, connue sous le nom de Kingsroad<\/li>\n<li><b>Ballintoy Harbour<\/b> \u2013 Entrez dans le d\u00e9cor sauvage des Iron Islands<\/li>\n<li><b>Dunluce Castle (arr\u00eat photo)<\/b> \u2013 Admirez les ruines spectaculaires qui ont inspir\u00e9 les d\u00e9cors de Game of Thrones<\/li>\n<li><b>Giant&#8217;s Causeway<\/b> \u2013 Explorez les c\u00e9l\u00e8bres colonnes de basalte, accessibles gratuitement<\/li>\n<li><b>Cushendun Caves<\/b> \u2013 Visitez les grottes inqui\u00e9tantes o\u00f9 Melisandre a donn\u00e9 naissance \u00e0 la cr\u00e9ature de l&#8217;ombre<\/li>\n<li><b>Route c\u00f4ti\u00e8re le long de la c\u00f4te d&#8217;Antrim<\/b> \u2013 Profitez de vues \u00e0 couper le souffle tout au long du trajet<\/li>\n<li><b>Une exp\u00e9rience personnalis\u00e9e<\/b> avec un guide priv\u00e9 professionnel et comp\u00e9tent<\/li>\n<li><b>Un v\u00e9hicule priv\u00e9 de luxe<\/b> \u00e0 votre enti\u00e8re disposition pendant toute la journ\u00e9e<\/li>\n<\/ul>\n<p><a href=\"https:\/\/tourtravelandmore.com\/fr\/city\/irlande-fr\/dublin-fr\/\">D\u00e9couvrez nos circuits priv\u00e9s \u00e0 Dublin et au d\u00e9part de Dublin.<\/a><\/p>\n","protected":false},"excerpt":{"rendered":"<p>Rejoignez-nous pour une exp\u00e9rience priv\u00e9e inoubliable de 9 heures \u00e0 la d\u00e9couverte des superbes lieux de tournage de <b>Game<\/b> of <b>Thrones<\/b> en Irlande du Nord et de l&#8217;embl\u00e9matique <b>Chauss\u00e9e des G\u00e9ants.<\/b> Au d\u00e9part de <b>Belfast<\/b>, vous voyagerez confortablement dans un v\u00e9hicule priv\u00e9 de luxe avec votre guide officiel et vous aventurerez dans certains des paysages les plus \u00e9poustouflants utilis\u00e9s dans la s\u00e9rie, et bien plus encore.<\/p>\n","protected":false},"featured_media":183051,"comment_status":"open","ping_status":"closed","template":"","meta":{"_acf_changed":false},"product_brand":[],"product_cat":[5513,5508,3732],"product_tag":[],"class_list":{"0":"post-183039","1":"product","2":"type-product","3":"status-publish","4":"has-post-thumbnail","6":"product_cat-all-private-tours-fr-8","7":"product_cat-belfast-fr","8":"product_cat-irlande-fr","10":"first","11":"instock","12":"shipping-taxable","13":"purchasable","14":"product-type-simple"},"acf":[],"yoast_head":"<!-- This site is optimized with the Yoast SEO Premium plugin v25.3.1 (Yoast SEO v25.3.1) - https:\/\/yoast.com\/wordpress\/plugins\/seo\/ -->\n<title>Visite priv\u00e9e de Game of Thrones et de la Chauss\u00e9e des G\u00e9ants au d\u00e9part de Belfast<\/title>\n<meta name=\"description\" content=\"Visite priv\u00e9e de Game of Thrones et de la Chauss\u00e9e des G\u00e9ants au d\u00e9part de Belfast. Explorez ses rues et ses paysages avec cette visite priv\u00e9e d&#039;une journ\u00e9e compl\u00e8te avec un guide et un v\u00e9hicule priv\u00e9 avec chauffeur.\" \/>\n<meta name=\"robots\" content=\"index, follow, max-snippet:-1, max-image-preview:large, max-video-preview:-1\" \/>\n<link rel=\"canonical\" href=\"https:\/\/tourtravelandmore.com\/fr\/tours\/irlande-fr\/belfast-fr\/excursion-privee-dune-journee-belfast-et-la-chaussee-des-geants-copy-2\/\" \/>\n<meta property=\"og:locale\" content=\"fr_FR\" \/>\n<meta property=\"og:type\" content=\"article\" \/>\n<meta property=\"og:title\" content=\"Visite priv\u00e9e de Game of Thrones et de la Chauss\u00e9e des G\u00e9ants au d\u00e9part de Belfast\" \/>\n<meta property=\"og:description\" content=\"Visite priv\u00e9e de Game of Thrones et de la Chauss\u00e9e des G\u00e9ants au d\u00e9part de Belfast. Explorez ses rues et ses paysages avec cette visite priv\u00e9e d&#039;une journ\u00e9e compl\u00e8te avec un guide et un v\u00e9hicule priv\u00e9 avec chauffeur.\" \/>\n<meta property=\"og:url\" content=\"https:\/\/tourtravelandmore.com\/fr\/tours\/irlande-fr\/belfast-fr\/excursion-privee-dune-journee-belfast-et-la-chaussee-des-geants-copy-2\/\" \/>\n<meta property=\"og:site_name\" content=\"Tour Travel And More\" \/>\n<meta property=\"article:publisher\" content=\"https:\/\/www.facebook.com\/tourtravelandmore\/\" \/>\n<meta property=\"article:modified_time\" content=\"2025-04-28T16:12:52+00:00\" \/>\n<meta property=\"og:image\" content=\"https:\/\/tourtravelandmore.com\/wp-content\/uploads\/2025\/04\/pexels-philevenphotos-28811398.jpg\" \/>\n\t<meta property=\"og:image:width\" content=\"1280\" \/>\n\t<meta property=\"og:image:height\" content=\"853\" \/>\n\t<meta property=\"og:image:type\" content=\"image\/jpeg\" \/>\n<meta name=\"twitter:card\" content=\"summary_large_image\" \/>\n<meta name=\"twitter:site\" content=\"@TourTravel_More\" \/>\n<meta name=\"twitter:label1\" content=\"Dur\u00e9e de lecture estim\u00e9e\" \/>\n\t<meta name=\"twitter:data1\" content=\"2 minutes\" \/>\n<script type=\"application\/ld+json\" class=\"yoast-schema-graph\">{\"@context\":\"https:\/\/schema.org\",\"@graph\":[{\"@type\":\"WebPage\",\"@id\":\"https:\/\/tourtravelandmore.com\/fr\/tours\/irlande-fr\/belfast-fr\/excursion-privee-dune-journee-belfast-et-la-chaussee-des-geants-copy-2\/\",\"url\":\"https:\/\/tourtravelandmore.com\/fr\/tours\/irlande-fr\/belfast-fr\/excursion-privee-dune-journee-belfast-et-la-chaussee-des-geants-copy-2\/\",\"name\":\"Visite priv\u00e9e de Game of Thrones et de la Chauss\u00e9e des G\u00e9ants au d\u00e9part de Belfast\",\"isPartOf\":{\"@id\":\"https:\/\/tourtravelandmore.com\/fr\/#website\"},\"primaryImageOfPage\":{\"@id\":\"https:\/\/tourtravelandmore.com\/fr\/tours\/irlande-fr\/belfast-fr\/excursion-privee-dune-journee-belfast-et-la-chaussee-des-geants-copy-2\/#primaryimage\"},\"image\":{\"@id\":\"https:\/\/tourtravelandmore.com\/fr\/tours\/irlande-fr\/belfast-fr\/excursion-privee-dune-journee-belfast-et-la-chaussee-des-geants-copy-2\/#primaryimage\"},\"thumbnailUrl\":\"https:\/\/tourtravelandmore.com\/wp-content\/uploads\/2025\/04\/pexels-philevenphotos-28811398.jpg\",\"datePublished\":\"2025-04-28T14:46:45+00:00\",\"dateModified\":\"2025-04-28T16:12:52+00:00\",\"description\":\"Visite priv\u00e9e de Game of Thrones et de la Chauss\u00e9e des G\u00e9ants au d\u00e9part de Belfast. Explorez ses rues et ses paysages avec cette visite priv\u00e9e d'une journ\u00e9e compl\u00e8te avec un guide et un v\u00e9hicule priv\u00e9 avec chauffeur.\",\"breadcrumb\":{\"@id\":\"https:\/\/tourtravelandmore.com\/fr\/tours\/irlande-fr\/belfast-fr\/excursion-privee-dune-journee-belfast-et-la-chaussee-des-geants-copy-2\/#breadcrumb\"},\"inLanguage\":\"fr-FR\",\"potentialAction\":[{\"@type\":\"ReadAction\",\"target\":[\"https:\/\/tourtravelandmore.com\/fr\/tours\/irlande-fr\/belfast-fr\/excursion-privee-dune-journee-belfast-et-la-chaussee-des-geants-copy-2\/\"]}]},{\"@type\":\"ImageObject\",\"inLanguage\":\"fr-FR\",\"@id\":\"https:\/\/tourtravelandmore.com\/fr\/tours\/irlande-fr\/belfast-fr\/excursion-privee-dune-journee-belfast-et-la-chaussee-des-geants-copy-2\/#primaryimage\",\"url\":\"https:\/\/tourtravelandmore.com\/wp-content\/uploads\/2025\/04\/pexels-philevenphotos-28811398.jpg\",\"contentUrl\":\"https:\/\/tourtravelandmore.com\/wp-content\/uploads\/2025\/04\/pexels-philevenphotos-28811398.jpg\",\"width\":1280,\"height\":853},{\"@type\":\"BreadcrumbList\",\"@id\":\"https:\/\/tourtravelandmore.com\/fr\/tours\/irlande-fr\/belfast-fr\/excursion-privee-dune-journee-belfast-et-la-chaussee-des-geants-copy-2\/#breadcrumb\",\"itemListElement\":[{\"@type\":\"ListItem\",\"position\":1,\"name\":\"Home\",\"item\":\"https:\/\/tourtravelandmore.com\/fr\/\"},{\"@type\":\"ListItem\",\"position\":2,\"name\":\"Tours\",\"item\":\"https:\/\/tourtravelandmore.com\/fr\/tours\/\"},{\"@type\":\"ListItem\",\"position\":3,\"name\":\"Visite priv\u00e9e de Game of Thrones et de la Chauss\u00e9e des G\u00e9ants au d\u00e9part de Belfast\"}]},{\"@type\":\"WebSite\",\"@id\":\"https:\/\/tourtravelandmore.com\/fr\/#website\",\"url\":\"https:\/\/tourtravelandmore.com\/fr\/\",\"name\":\"Tour Travel And More\",\"description\":\"Private sightseeing tours and luxury transfers in Spain\",\"publisher\":{\"@id\":\"https:\/\/tourtravelandmore.com\/fr\/#organization\"},\"potentialAction\":[{\"@type\":\"SearchAction\",\"target\":{\"@type\":\"EntryPoint\",\"urlTemplate\":\"https:\/\/tourtravelandmore.com\/fr\/?s={search_term_string}\"},\"query-input\":{\"@type\":\"PropertyValueSpecification\",\"valueRequired\":true,\"valueName\":\"search_term_string\"}}],\"inLanguage\":\"fr-FR\"},{\"@type\":\"Organization\",\"@id\":\"https:\/\/tourtravelandmore.com\/fr\/#organization\",\"name\":\"Tour Travel And More\",\"url\":\"https:\/\/tourtravelandmore.com\/fr\/\",\"logo\":{\"@type\":\"ImageObject\",\"inLanguage\":\"fr-FR\",\"@id\":\"https:\/\/tourtravelandmore.com\/fr\/#\/schema\/logo\/image\/\",\"url\":\"https:\/\/tourtravelandmore.com\/wp-content\/uploads\/2022\/12\/cropped-logo-cabecera-new.png\",\"contentUrl\":\"https:\/\/tourtravelandmore.com\/wp-content\/uploads\/2022\/12\/cropped-logo-cabecera-new.png\",\"width\":430,\"height\":61,\"caption\":\"Tour Travel And More\"},\"image\":{\"@id\":\"https:\/\/tourtravelandmore.com\/fr\/#\/schema\/logo\/image\/\"},\"sameAs\":[\"https:\/\/www.facebook.com\/tourtravelandmore\/\",\"https:\/\/x.com\/TourTravel_More\"]}]}<\/script>\n<!-- \/ Yoast SEO Premium plugin. -->","yoast_head_json":{"title":"Visite priv\u00e9e de Game of Thrones et de la Chauss\u00e9e des G\u00e9ants au d\u00e9part de Belfast","description":"Visite priv\u00e9e de Game of Thrones et de la Chauss\u00e9e des G\u00e9ants au d\u00e9part de Belfast. Explorez ses rues et ses paysages avec cette visite priv\u00e9e d'une journ\u00e9e compl\u00e8te avec un guide et un v\u00e9hicule priv\u00e9 avec chauffeur.","robots":{"index":"index","follow":"follow","max-snippet":"max-snippet:-1","max-image-preview":"max-image-preview:large","max-video-preview":"max-video-preview:-1"},"canonical":"https:\/\/tourtravelandmore.com\/fr\/tours\/irlande-fr\/belfast-fr\/excursion-privee-dune-journee-belfast-et-la-chaussee-des-geants-copy-2\/","og_locale":"fr_FR","og_type":"article","og_title":"Visite priv\u00e9e de Game of Thrones et de la Chauss\u00e9e des G\u00e9ants au d\u00e9part de Belfast","og_description":"Visite priv\u00e9e de Game of Thrones et de la Chauss\u00e9e des G\u00e9ants au d\u00e9part de Belfast. Explorez ses rues et ses paysages avec cette visite priv\u00e9e d'une journ\u00e9e compl\u00e8te avec un guide et un v\u00e9hicule priv\u00e9 avec chauffeur.","og_url":"https:\/\/tourtravelandmore.com\/fr\/tours\/irlande-fr\/belfast-fr\/excursion-privee-dune-journee-belfast-et-la-chaussee-des-geants-copy-2\/","og_site_name":"Tour Travel And More","article_publisher":"https:\/\/www.facebook.com\/tourtravelandmore\/","article_modified_time":"2025-04-28T16:12:52+00:00","og_image":[{"width":1280,"height":853,"url":"https:\/\/tourtravelandmore.com\/wp-content\/uploads\/2025\/04\/pexels-philevenphotos-28811398.jpg","type":"image\/jpeg"}],"twitter_card":"summary_large_image","twitter_site":"@TourTravel_More","twitter_misc":{"Dur\u00e9e de lecture estim\u00e9e":"2 minutes"},"schema":{"@context":"https:\/\/schema.org","@graph":[{"@type":"WebPage","@id":"https:\/\/tourtravelandmore.com\/fr\/tours\/irlande-fr\/belfast-fr\/excursion-privee-dune-journee-belfast-et-la-chaussee-des-geants-copy-2\/","url":"https:\/\/tourtravelandmore.com\/fr\/tours\/irlande-fr\/belfast-fr\/excursion-privee-dune-journee-belfast-et-la-chaussee-des-geants-copy-2\/","name":"Visite priv\u00e9e de Game of Thrones et de la Chauss\u00e9e des G\u00e9ants au d\u00e9part de Belfast","isPartOf":{"@id":"https:\/\/tourtravelandmore.com\/fr\/#website"},"primaryImageOfPage":{"@id":"https:\/\/tourtravelandmore.com\/fr\/tours\/irlande-fr\/belfast-fr\/excursion-privee-dune-journee-belfast-et-la-chaussee-des-geants-copy-2\/#primaryimage"},"image":{"@id":"https:\/\/tourtravelandmore.com\/fr\/tours\/irlande-fr\/belfast-fr\/excursion-privee-dune-journee-belfast-et-la-chaussee-des-geants-copy-2\/#primaryimage"},"thumbnailUrl":"https:\/\/tourtravelandmore.com\/wp-content\/uploads\/2025\/04\/pexels-philevenphotos-28811398.jpg","datePublished":"2025-04-28T14:46:45+00:00","dateModified":"2025-04-28T16:12:52+00:00","description":"Visite priv\u00e9e de Game of Thrones et de la Chauss\u00e9e des G\u00e9ants au d\u00e9part de Belfast. Explorez ses rues et ses paysages avec cette visite priv\u00e9e d'une journ\u00e9e compl\u00e8te avec un guide et un v\u00e9hicule priv\u00e9 avec chauffeur.","breadcrumb":{"@id":"https:\/\/tourtravelandmore.com\/fr\/tours\/irlande-fr\/belfast-fr\/excursion-privee-dune-journee-belfast-et-la-chaussee-des-geants-copy-2\/#breadcrumb"},"inLanguage":"fr-FR","potentialAction":[{"@type":"ReadAction","target":["https:\/\/tourtravelandmore.com\/fr\/tours\/irlande-fr\/belfast-fr\/excursion-privee-dune-journee-belfast-et-la-chaussee-des-geants-copy-2\/"]}]},{"@type":"ImageObject","inLanguage":"fr-FR","@id":"https:\/\/tourtravelandmore.com\/fr\/tours\/irlande-fr\/belfast-fr\/excursion-privee-dune-journee-belfast-et-la-chaussee-des-geants-copy-2\/#primaryimage","url":"https:\/\/tourtravelandmore.com\/wp-content\/uploads\/2025\/04\/pexels-philevenphotos-28811398.jpg","contentUrl":"https:\/\/tourtravelandmore.com\/wp-content\/uploads\/2025\/04\/pexels-philevenphotos-28811398.jpg","width":1280,"height":853},{"@type":"BreadcrumbList","@id":"https:\/\/tourtravelandmore.com\/fr\/tours\/irlande-fr\/belfast-fr\/excursion-privee-dune-journee-belfast-et-la-chaussee-des-geants-copy-2\/#breadcrumb","itemListElement":[{"@type":"ListItem","position":1,"name":"Home","item":"https:\/\/tourtravelandmore.com\/fr\/"},{"@type":"ListItem","position":2,"name":"Tours","item":"https:\/\/tourtravelandmore.com\/fr\/tours\/"},{"@type":"ListItem","position":3,"name":"Visite priv\u00e9e de Game of Thrones et de la Chauss\u00e9e des G\u00e9ants au d\u00e9part de Belfast"}]},{"@type":"WebSite","@id":"https:\/\/tourtravelandmore.com\/fr\/#website","url":"https:\/\/tourtravelandmore.com\/fr\/","name":"Tour Travel And More","description":"Private sightseeing tours and luxury transfers in Spain","publisher":{"@id":"https:\/\/tourtravelandmore.com\/fr\/#organization"},"potentialAction":[{"@type":"SearchAction","target":{"@type":"EntryPoint","urlTemplate":"https:\/\/tourtravelandmore.com\/fr\/?s={search_term_string}"},"query-input":{"@type":"PropertyValueSpecification","valueRequired":true,"valueName":"search_term_string"}}],"inLanguage":"fr-FR"},{"@type":"Organization","@id":"https:\/\/tourtravelandmore.com\/fr\/#organization","name":"Tour Travel And More","url":"https:\/\/tourtravelandmore.com\/fr\/","logo":{"@type":"ImageObject","inLanguage":"fr-FR","@id":"https:\/\/tourtravelandmore.com\/fr\/#\/schema\/logo\/image\/","url":"https:\/\/tourtravelandmore.com\/wp-content\/uploads\/2022\/12\/cropped-logo-cabecera-new.png","contentUrl":"https:\/\/tourtravelandmore.com\/wp-content\/uploads\/2022\/12\/cropped-logo-cabecera-new.png","width":430,"height":61,"caption":"Tour Travel And More"},"image":{"@id":"https:\/\/tourtravelandmore.com\/fr\/#\/schema\/logo\/image\/"},"sameAs":["https:\/\/www.facebook.com\/tourtravelandmore\/","https:\/\/x.com\/TourTravel_More"]}]}},"_links":{"self":[{"href":"https:\/\/tourtravelandmore.com\/fr\/wp-json\/wp\/v2\/product\/183039","targetHints":{"allow":["GET"]}}],"collection":[{"href":"https:\/\/tourtravelandmore.com\/fr\/wp-json\/wp\/v2\/product"}],"about":[{"href":"https:\/\/tourtravelandmore.com\/fr\/wp-json\/wp\/v2\/types\/product"}],"replies":[{"embeddable":true,"href":"https:\/\/tourtravelandmore.com\/fr\/wp-json\/wp\/v2\/comments?post=183039"}],"wp:featuredmedia":[{"embeddable":true,"href":"https:\/\/tourtravelandmore.com\/fr\/wp-json\/wp\/v2\/media\/183051"}],"wp:attachment":[{"href":"https:\/\/tourtravelandmore.com\/fr\/wp-json\/wp\/v2\/media?parent=183039"}],"wp:term":[{"taxonomy":"product_brand","embeddable":true,"href":"https:\/\/tourtravelandmore.com\/fr\/wp-json\/wp\/v2\/product_brand?post=183039"},{"taxonomy":"product_cat","embeddable":true,"href":"https:\/\/tourtravelandmore.com\/fr\/wp-json\/wp\/v2\/product_cat?post=183039"},{"taxonomy":"product_tag","embeddable":true,"href":"https:\/\/tourtravelandmore.com\/fr\/wp-json\/wp\/v2\/product_tag?post=183039"}],"curies":[{"name":"wp","href":"https:\/\/api.w.org\/{rel}","templated":true}]}}