{"id":182929,"date":"2025-04-25T18:50:41","date_gmt":"2025-04-25T16:50:47","guid":{"rendered":"https:\/\/tourtravelandmore.com\/?post_type=product&#038;p=182929"},"modified":"2025-04-25T19:09:07","modified_gmt":"2025-04-25T17:09:07","slug":"excursion-privee-dune-journee-belfast-et-la-chaussee-des-geants-copy","status":"publish","type":"product","link":"https:\/\/tourtravelandmore.com\/fr\/tours\/irlande-fr\/belfast-fr\/excursion-privee-dune-journee-belfast-et-la-chaussee-des-geants-copy\/","title":{"rendered":"Visite priv\u00e9e de la Chauss\u00e9e des G\u00e9ants"},"content":{"rendered":"<h2>Visite priv\u00e9e de la Chauss\u00e9e des G\u00e9ants | Description<\/h2>\n<p>D\u00e9couvrez le mythe et la magie de la merveille naturelle la plus embl\u00e9matique d&#8217;Irlande du Nord gr\u00e2ce \u00e0 notre <b>visite priv\u00e9e de la Chauss\u00e9e des G\u00e9ants<\/b>. Au cours de 8 heures inoubliables, voyagez confortablement dans un v\u00e9hicule de luxe priv\u00e9 avec votre propre guide expert, tout en explorant des c\u00f4tes spectaculaires, des l\u00e9gendes anciennes et des paysages impressionnants.<\/p>\n<p>Au d\u00e9part de Belfast ou de n&#8217;importe quel endroit dans les environs, votre guide vous emm\u00e8nera sur une route panoramique le long de la <b>c\u00f4te d&#8217;Antrim<\/b>, l&#8217;une des plus pittoresques du Royaume-Uni. Admirez les falaises escarp\u00e9es, les ch\u00e2teaux historiques et les charmants villages avant d&#8217;arriver au site class\u00e9 au patrimoine mondial de l&#8217;UNESCO : <b>la Chauss\u00e9e des G\u00e9ants<\/b>.<\/p>\n<p>Cette visite est enti\u00e8rement personnalisable. Vous pouvez adapter toutes nos visites \u00e0 Belfast \u00e0 vos propres int\u00e9r\u00eats en nous contactant, c&#8217;est pourquoi cette visite priv\u00e9e de Belfast est parfaite pour vous !<\/p>\n<h2>Visite priv\u00e9e de la Chauss\u00e9e des G\u00e9ants | Points d&#8217;int\u00e9r\u00eat et sites remarquables<\/h2>\n<p>Form\u00e9e il y a plus de 60 millions d&#8217;ann\u00e9es par l&#8217;activit\u00e9 volcanique et impr\u00e9gn\u00e9e de l\u00e9gendes sur les g\u00e9ants et les guerriers, la Chauss\u00e9e des G\u00e9ants est une mosa\u00efque \u00e9poustouflante de plus de 40 000 colonnes de basalte entrelac\u00e9es. Promenez-vous le long de la c\u00f4te, marchez sur ces pierres l\u00e9gendaires et \u00e9coutez les histoires qui ont inspir\u00e9 des g\u00e9n\u00e9rations.<\/p>\n<ul>\n<li><b>Visite priv\u00e9e en v\u00e9hicule de luxe avec guide personnel<\/b><\/li>\n<li><b>Route panoramique le long de la c\u00f4te d&#8217;Antrim<\/b><\/li>\n<li><b><strong>Visitez le site class\u00e9 au patrimoine mondial de l&#8217;UNESCO : la Chauss\u00e9e des G\u00e9ants<\/strong><\/b><\/li>\n<li><b><strong>Explorez plus de 40 000 colonnes de basalte form\u00e9es par l&#8217;activit\u00e9 volcanique ancienne<\/strong><\/b><\/li>\n<li>Nombreux arr\u00eats photo le long du magnifique littoral<\/li>\n<li><b>Exp\u00e9rience de 8 heures<\/b>, enti\u00e8rement personnalisable selon vos pr\u00e9f\u00e9rences<\/li>\n<\/ul>\n<p>Cette exp\u00e9rience enti\u00e8rement priv\u00e9e est adapt\u00e9e \u00e0 votre rythme et \u00e0 vos centres d&#8217;int\u00e9r\u00eat. Vous aurez le temps de profiter d&#8217;un d\u00e9jeuner tranquille, de faire des arr\u00eats photo et m\u00eame de visiter des attractions \u00e0 proximit\u00e9 telles que le <b>ch\u00e2teau de Dunluce<\/b> ou le <b>pont de corde de Carrick-a-Rede<\/b> sur demande.<\/p>\n<p><a href=\"https:\/\/tourtravelandmore.com\/fr\/city\/irlande-fr\/dublin-fr\/\">D\u00e9couvrez nos visites priv\u00e9es \u00e0 Dublin et au d\u00e9part de Dublin.<\/a><\/p>\n","protected":false},"excerpt":{"rendered":"<p>D\u00e9couvrez le mythe et la magie de la merveille naturelle la plus embl\u00e9matique d&#8217;Irlande du Nord gr\u00e2ce \u00e0 notre <b>visite priv\u00e9e de la Chauss\u00e9e des G\u00e9ants<\/b>. Au cours de 8 heures inoubliables, voyagez confortablement dans un v\u00e9hicule de luxe priv\u00e9 avec votre propre guide expert, tout en explorant des c\u00f4tes spectaculaires, des l\u00e9gendes anciennes et des paysages impressionnants.<\/p>\n","protected":false},"featured_media":182947,"comment_status":"open","ping_status":"closed","template":"","meta":{"_acf_changed":false},"product_brand":[],"product_cat":[5513,5508,3732],"product_tag":[],"class_list":{"0":"post-182929","1":"product","2":"type-product","3":"status-publish","4":"has-post-thumbnail","6":"product_cat-all-private-tours-fr-8","7":"product_cat-belfast-fr","8":"product_cat-irlande-fr","10":"first","11":"instock","12":"shipping-taxable","13":"purchasable","14":"product-type-simple"},"acf":[],"yoast_head":"<!-- This site is optimized with the Yoast SEO Premium plugin v25.3.1 (Yoast SEO v25.3.1) - https:\/\/yoast.com\/wordpress\/plugins\/seo\/ -->\n<title>Visite priv\u00e9e de la Chauss\u00e9e des G\u00e9ants | Tour Travel &amp; More<\/title>\n<meta name=\"description\" content=\"Visite priv\u00e9e de la Chauss\u00e9e des G\u00e9ants. Explorez ses rues et ses paysages avec cette visite priv\u00e9e d&#039;une journ\u00e9e compl\u00e8te avec un guide et un v\u00e9hicule priv\u00e9 avec chauffeur.\" \/>\n<meta name=\"robots\" content=\"index, follow, max-snippet:-1, max-image-preview:large, max-video-preview:-1\" \/>\n<link rel=\"canonical\" href=\"https:\/\/tourtravelandmore.com\/fr\/tours\/irlande-fr\/belfast-fr\/excursion-privee-dune-journee-belfast-et-la-chaussee-des-geants-copy\/\" \/>\n<meta property=\"og:locale\" content=\"fr_FR\" \/>\n<meta property=\"og:type\" content=\"article\" \/>\n<meta property=\"og:title\" content=\"Visite priv\u00e9e de la Chauss\u00e9e des G\u00e9ants\" \/>\n<meta property=\"og:description\" content=\"Visite priv\u00e9e de la Chauss\u00e9e des G\u00e9ants. Explorez ses rues et ses paysages avec cette visite priv\u00e9e d&#039;une journ\u00e9e compl\u00e8te avec un guide et un v\u00e9hicule priv\u00e9 avec chauffeur.\" \/>\n<meta property=\"og:url\" content=\"https:\/\/tourtravelandmore.com\/fr\/tours\/irlande-fr\/belfast-fr\/excursion-privee-dune-journee-belfast-et-la-chaussee-des-geants-copy\/\" \/>\n<meta property=\"og:site_name\" content=\"Tour Travel And More\" \/>\n<meta property=\"article:publisher\" content=\"https:\/\/www.facebook.com\/tourtravelandmore\/\" \/>\n<meta property=\"article:modified_time\" content=\"2025-04-25T17:09:07+00:00\" \/>\n<meta property=\"og:image\" content=\"https:\/\/tourtravelandmore.com\/wp-content\/uploads\/2025\/04\/pexels-samforson-12103505.jpg\" \/>\n\t<meta property=\"og:image:width\" content=\"1920\" \/>\n\t<meta property=\"og:image:height\" content=\"1280\" \/>\n\t<meta property=\"og:image:type\" content=\"image\/jpeg\" \/>\n<meta name=\"twitter:card\" content=\"summary_large_image\" \/>\n<meta name=\"twitter:site\" content=\"@TourTravel_More\" \/>\n<meta name=\"twitter:label1\" content=\"Dur\u00e9e de lecture estim\u00e9e\" \/>\n\t<meta name=\"twitter:data1\" content=\"2 minutes\" \/>\n<script type=\"application\/ld+json\" class=\"yoast-schema-graph\">{\"@context\":\"https:\/\/schema.org\",\"@graph\":[{\"@type\":\"WebPage\",\"@id\":\"https:\/\/tourtravelandmore.com\/fr\/tours\/irlande-fr\/belfast-fr\/excursion-privee-dune-journee-belfast-et-la-chaussee-des-geants-copy\/\",\"url\":\"https:\/\/tourtravelandmore.com\/fr\/tours\/irlande-fr\/belfast-fr\/excursion-privee-dune-journee-belfast-et-la-chaussee-des-geants-copy\/\",\"name\":\"Visite priv\u00e9e de la Chauss\u00e9e des G\u00e9ants | Tour Travel & More\",\"isPartOf\":{\"@id\":\"https:\/\/tourtravelandmore.com\/fr\/#website\"},\"primaryImageOfPage\":{\"@id\":\"https:\/\/tourtravelandmore.com\/fr\/tours\/irlande-fr\/belfast-fr\/excursion-privee-dune-journee-belfast-et-la-chaussee-des-geants-copy\/#primaryimage\"},\"image\":{\"@id\":\"https:\/\/tourtravelandmore.com\/fr\/tours\/irlande-fr\/belfast-fr\/excursion-privee-dune-journee-belfast-et-la-chaussee-des-geants-copy\/#primaryimage\"},\"thumbnailUrl\":\"https:\/\/tourtravelandmore.com\/wp-content\/uploads\/2025\/04\/pexels-samforson-12103505.jpg\",\"datePublished\":\"2025-04-25T16:50:47+00:00\",\"dateModified\":\"2025-04-25T17:09:07+00:00\",\"description\":\"Visite priv\u00e9e de la Chauss\u00e9e des G\u00e9ants. Explorez ses rues et ses paysages avec cette visite priv\u00e9e d'une journ\u00e9e compl\u00e8te avec un guide et un v\u00e9hicule priv\u00e9 avec chauffeur.\",\"breadcrumb\":{\"@id\":\"https:\/\/tourtravelandmore.com\/fr\/tours\/irlande-fr\/belfast-fr\/excursion-privee-dune-journee-belfast-et-la-chaussee-des-geants-copy\/#breadcrumb\"},\"inLanguage\":\"fr-FR\",\"potentialAction\":[{\"@type\":\"ReadAction\",\"target\":[\"https:\/\/tourtravelandmore.com\/fr\/tours\/irlande-fr\/belfast-fr\/excursion-privee-dune-journee-belfast-et-la-chaussee-des-geants-copy\/\"]}]},{\"@type\":\"ImageObject\",\"inLanguage\":\"fr-FR\",\"@id\":\"https:\/\/tourtravelandmore.com\/fr\/tours\/irlande-fr\/belfast-fr\/excursion-privee-dune-journee-belfast-et-la-chaussee-des-geants-copy\/#primaryimage\",\"url\":\"https:\/\/tourtravelandmore.com\/wp-content\/uploads\/2025\/04\/pexels-samforson-12103505.jpg\",\"contentUrl\":\"https:\/\/tourtravelandmore.com\/wp-content\/uploads\/2025\/04\/pexels-samforson-12103505.jpg\",\"width\":1920,\"height\":1280},{\"@type\":\"BreadcrumbList\",\"@id\":\"https:\/\/tourtravelandmore.com\/fr\/tours\/irlande-fr\/belfast-fr\/excursion-privee-dune-journee-belfast-et-la-chaussee-des-geants-copy\/#breadcrumb\",\"itemListElement\":[{\"@type\":\"ListItem\",\"position\":1,\"name\":\"Home\",\"item\":\"https:\/\/tourtravelandmore.com\/fr\/\"},{\"@type\":\"ListItem\",\"position\":2,\"name\":\"Tours\",\"item\":\"https:\/\/tourtravelandmore.com\/fr\/tours\/\"},{\"@type\":\"ListItem\",\"position\":3,\"name\":\"Visite priv\u00e9e de la Chauss\u00e9e des G\u00e9ants\"}]},{\"@type\":\"WebSite\",\"@id\":\"https:\/\/tourtravelandmore.com\/fr\/#website\",\"url\":\"https:\/\/tourtravelandmore.com\/fr\/\",\"name\":\"Tour Travel And More\",\"description\":\"Private sightseeing tours and luxury transfers in Spain\",\"publisher\":{\"@id\":\"https:\/\/tourtravelandmore.com\/fr\/#organization\"},\"potentialAction\":[{\"@type\":\"SearchAction\",\"target\":{\"@type\":\"EntryPoint\",\"urlTemplate\":\"https:\/\/tourtravelandmore.com\/fr\/?s={search_term_string}\"},\"query-input\":{\"@type\":\"PropertyValueSpecification\",\"valueRequired\":true,\"valueName\":\"search_term_string\"}}],\"inLanguage\":\"fr-FR\"},{\"@type\":\"Organization\",\"@id\":\"https:\/\/tourtravelandmore.com\/fr\/#organization\",\"name\":\"Tour Travel And More\",\"url\":\"https:\/\/tourtravelandmore.com\/fr\/\",\"logo\":{\"@type\":\"ImageObject\",\"inLanguage\":\"fr-FR\",\"@id\":\"https:\/\/tourtravelandmore.com\/fr\/#\/schema\/logo\/image\/\",\"url\":\"https:\/\/tourtravelandmore.com\/wp-content\/uploads\/2022\/12\/cropped-logo-cabecera-new.png\",\"contentUrl\":\"https:\/\/tourtravelandmore.com\/wp-content\/uploads\/2022\/12\/cropped-logo-cabecera-new.png\",\"width\":430,\"height\":61,\"caption\":\"Tour Travel And More\"},\"image\":{\"@id\":\"https:\/\/tourtravelandmore.com\/fr\/#\/schema\/logo\/image\/\"},\"sameAs\":[\"https:\/\/www.facebook.com\/tourtravelandmore\/\",\"https:\/\/x.com\/TourTravel_More\"]}]}<\/script>\n<!-- \/ Yoast SEO Premium plugin. -->","yoast_head_json":{"title":"Visite priv\u00e9e de la Chauss\u00e9e des G\u00e9ants | Tour Travel & More","description":"Visite priv\u00e9e de la Chauss\u00e9e des G\u00e9ants. Explorez ses rues et ses paysages avec cette visite priv\u00e9e d'une journ\u00e9e compl\u00e8te avec un guide et un v\u00e9hicule priv\u00e9 avec chauffeur.","robots":{"index":"index","follow":"follow","max-snippet":"max-snippet:-1","max-image-preview":"max-image-preview:large","max-video-preview":"max-video-preview:-1"},"canonical":"https:\/\/tourtravelandmore.com\/fr\/tours\/irlande-fr\/belfast-fr\/excursion-privee-dune-journee-belfast-et-la-chaussee-des-geants-copy\/","og_locale":"fr_FR","og_type":"article","og_title":"Visite priv\u00e9e de la Chauss\u00e9e des G\u00e9ants","og_description":"Visite priv\u00e9e de la Chauss\u00e9e des G\u00e9ants. Explorez ses rues et ses paysages avec cette visite priv\u00e9e d'une journ\u00e9e compl\u00e8te avec un guide et un v\u00e9hicule priv\u00e9 avec chauffeur.","og_url":"https:\/\/tourtravelandmore.com\/fr\/tours\/irlande-fr\/belfast-fr\/excursion-privee-dune-journee-belfast-et-la-chaussee-des-geants-copy\/","og_site_name":"Tour Travel And More","article_publisher":"https:\/\/www.facebook.com\/tourtravelandmore\/","article_modified_time":"2025-04-25T17:09:07+00:00","og_image":[{"width":1920,"height":1280,"url":"https:\/\/tourtravelandmore.com\/wp-content\/uploads\/2025\/04\/pexels-samforson-12103505.jpg","type":"image\/jpeg"}],"twitter_card":"summary_large_image","twitter_site":"@TourTravel_More","twitter_misc":{"Dur\u00e9e de lecture estim\u00e9e":"2 minutes"},"schema":{"@context":"https:\/\/schema.org","@graph":[{"@type":"WebPage","@id":"https:\/\/tourtravelandmore.com\/fr\/tours\/irlande-fr\/belfast-fr\/excursion-privee-dune-journee-belfast-et-la-chaussee-des-geants-copy\/","url":"https:\/\/tourtravelandmore.com\/fr\/tours\/irlande-fr\/belfast-fr\/excursion-privee-dune-journee-belfast-et-la-chaussee-des-geants-copy\/","name":"Visite priv\u00e9e de la Chauss\u00e9e des G\u00e9ants | Tour Travel & More","isPartOf":{"@id":"https:\/\/tourtravelandmore.com\/fr\/#website"},"primaryImageOfPage":{"@id":"https:\/\/tourtravelandmore.com\/fr\/tours\/irlande-fr\/belfast-fr\/excursion-privee-dune-journee-belfast-et-la-chaussee-des-geants-copy\/#primaryimage"},"image":{"@id":"https:\/\/tourtravelandmore.com\/fr\/tours\/irlande-fr\/belfast-fr\/excursion-privee-dune-journee-belfast-et-la-chaussee-des-geants-copy\/#primaryimage"},"thumbnailUrl":"https:\/\/tourtravelandmore.com\/wp-content\/uploads\/2025\/04\/pexels-samforson-12103505.jpg","datePublished":"2025-04-25T16:50:47+00:00","dateModified":"2025-04-25T17:09:07+00:00","description":"Visite priv\u00e9e de la Chauss\u00e9e des G\u00e9ants. Explorez ses rues et ses paysages avec cette visite priv\u00e9e d'une journ\u00e9e compl\u00e8te avec un guide et un v\u00e9hicule priv\u00e9 avec chauffeur.","breadcrumb":{"@id":"https:\/\/tourtravelandmore.com\/fr\/tours\/irlande-fr\/belfast-fr\/excursion-privee-dune-journee-belfast-et-la-chaussee-des-geants-copy\/#breadcrumb"},"inLanguage":"fr-FR","potentialAction":[{"@type":"ReadAction","target":["https:\/\/tourtravelandmore.com\/fr\/tours\/irlande-fr\/belfast-fr\/excursion-privee-dune-journee-belfast-et-la-chaussee-des-geants-copy\/"]}]},{"@type":"ImageObject","inLanguage":"fr-FR","@id":"https:\/\/tourtravelandmore.com\/fr\/tours\/irlande-fr\/belfast-fr\/excursion-privee-dune-journee-belfast-et-la-chaussee-des-geants-copy\/#primaryimage","url":"https:\/\/tourtravelandmore.com\/wp-content\/uploads\/2025\/04\/pexels-samforson-12103505.jpg","contentUrl":"https:\/\/tourtravelandmore.com\/wp-content\/uploads\/2025\/04\/pexels-samforson-12103505.jpg","width":1920,"height":1280},{"@type":"BreadcrumbList","@id":"https:\/\/tourtravelandmore.com\/fr\/tours\/irlande-fr\/belfast-fr\/excursion-privee-dune-journee-belfast-et-la-chaussee-des-geants-copy\/#breadcrumb","itemListElement":[{"@type":"ListItem","position":1,"name":"Home","item":"https:\/\/tourtravelandmore.com\/fr\/"},{"@type":"ListItem","position":2,"name":"Tours","item":"https:\/\/tourtravelandmore.com\/fr\/tours\/"},{"@type":"ListItem","position":3,"name":"Visite priv\u00e9e de la Chauss\u00e9e des G\u00e9ants"}]},{"@type":"WebSite","@id":"https:\/\/tourtravelandmore.com\/fr\/#website","url":"https:\/\/tourtravelandmore.com\/fr\/","name":"Tour Travel And More","description":"Private sightseeing tours and luxury transfers in Spain","publisher":{"@id":"https:\/\/tourtravelandmore.com\/fr\/#organization"},"potentialAction":[{"@type":"SearchAction","target":{"@type":"EntryPoint","urlTemplate":"https:\/\/tourtravelandmore.com\/fr\/?s={search_term_string}"},"query-input":{"@type":"PropertyValueSpecification","valueRequired":true,"valueName":"search_term_string"}}],"inLanguage":"fr-FR"},{"@type":"Organization","@id":"https:\/\/tourtravelandmore.com\/fr\/#organization","name":"Tour Travel And More","url":"https:\/\/tourtravelandmore.com\/fr\/","logo":{"@type":"ImageObject","inLanguage":"fr-FR","@id":"https:\/\/tourtravelandmore.com\/fr\/#\/schema\/logo\/image\/","url":"https:\/\/tourtravelandmore.com\/wp-content\/uploads\/2022\/12\/cropped-logo-cabecera-new.png","contentUrl":"https:\/\/tourtravelandmore.com\/wp-content\/uploads\/2022\/12\/cropped-logo-cabecera-new.png","width":430,"height":61,"caption":"Tour Travel And More"},"image":{"@id":"https:\/\/tourtravelandmore.com\/fr\/#\/schema\/logo\/image\/"},"sameAs":["https:\/\/www.facebook.com\/tourtravelandmore\/","https:\/\/x.com\/TourTravel_More"]}]}},"_links":{"self":[{"href":"https:\/\/tourtravelandmore.com\/fr\/wp-json\/wp\/v2\/product\/182929","targetHints":{"allow":["GET"]}}],"collection":[{"href":"https:\/\/tourtravelandmore.com\/fr\/wp-json\/wp\/v2\/product"}],"about":[{"href":"https:\/\/tourtravelandmore.com\/fr\/wp-json\/wp\/v2\/types\/product"}],"replies":[{"embeddable":true,"href":"https:\/\/tourtravelandmore.com\/fr\/wp-json\/wp\/v2\/comments?post=182929"}],"wp:featuredmedia":[{"embeddable":true,"href":"https:\/\/tourtravelandmore.com\/fr\/wp-json\/wp\/v2\/media\/182947"}],"wp:attachment":[{"href":"https:\/\/tourtravelandmore.com\/fr\/wp-json\/wp\/v2\/media?parent=182929"}],"wp:term":[{"taxonomy":"product_brand","embeddable":true,"href":"https:\/\/tourtravelandmore.com\/fr\/wp-json\/wp\/v2\/product_brand?post=182929"},{"taxonomy":"product_cat","embeddable":true,"href":"https:\/\/tourtravelandmore.com\/fr\/wp-json\/wp\/v2\/product_cat?post=182929"},{"taxonomy":"product_tag","embeddable":true,"href":"https:\/\/tourtravelandmore.com\/fr\/wp-json\/wp\/v2\/product_tag?post=182929"}],"curies":[{"name":"wp","href":"https:\/\/api.w.org\/{rel}","templated":true}]}}