{"id":182895,"date":"2025-04-25T16:59:52","date_gmt":"2025-04-25T14:59:55","guid":{"rendered":"https:\/\/tourtravelandmore.com\/?post_type=product&#038;p=182895"},"modified":"2025-04-25T17:40:02","modified_gmt":"2025-04-25T15:40:02","slug":"visite-privee-de-belfast-copy","status":"publish","type":"product","link":"https:\/\/tourtravelandmore.com\/fr\/tours\/irlande-fr\/belfast-fr\/visite-privee-de-belfast-copy\/","title":{"rendered":"Excursion priv\u00e9e d&#8217;une journ\u00e9e : Belfast et la Chauss\u00e9e des G\u00e9ants"},"content":{"rendered":"<h2>Excursion priv\u00e9e d&#8217;une journ\u00e9e : Belfast et la Chauss\u00e9e des G\u00e9ants | Description<\/h2>\n<p>D\u00e9couvrez la magie de l&#8217;Irlande du Nord gr\u00e2ce \u00e0 notre excursion priv\u00e9e exclusive de 8 heures au d\u00e9part de Belfast vers la c\u00e9l\u00e8bre Chauss\u00e9e des G\u00e9ants. Cette exp\u00e9rience sur mesure combine le riche patrimoine culturel de Belfast et la beaut\u00e9 naturelle \u00e9poustouflante de la c\u00f4te d&#8217;Antrim, le tout dans le confort d&#8217;un v\u00e9hicule priv\u00e9 et en compagnie d&#8217;un guide professionnel anglophone.<\/p>\n<p>Cette exp\u00e9rience priv\u00e9e offre une flexibilit\u00e9 totale et une attention personnalis\u00e9e, ce qui la rend id\u00e9ale pour les familles, les couples ou les petits groupes qui souhaitent explorer l&#8217;Irlande du Nord dans le confort et l&#8217;\u00e9l\u00e9gance.<\/p>\n<p>Cette excursion est enti\u00e8rement personnalisable. Vous pouvez adapter toutes nos excursions \u00e0 Belfast \u00e0 vos propres int\u00e9r\u00eats en nous contactant, c&#8217;est pourquoi cette excursion priv\u00e9e \u00e0 Belfast est parfaite pour vous.<\/p>\n<h2>Excursion priv\u00e9e d&#8217;une journ\u00e9e : Belfast et la Chauss\u00e9e des G\u00e9ants | Points d&#8217;int\u00e9r\u00eat et sites touristiques<\/h2>\n<p>Votre voyage commence par une visite panoramique de Belfast, o\u00f9 vous d\u00e9couvrirez son centre-ville dynamique, ses fresques murales embl\u00e9matiques et ses monuments tels que l&#8217;h\u00f4tel de ville, le quartier du Titanic et les murs de la paix. Plongez dans l&#8217;histoire complexe de la ville, de son pass\u00e9 industriel aux \u00e9v\u00e9nements politiques qui ont fa\u00e7onn\u00e9 son pr\u00e9sent.<\/p>\n<p>De l\u00e0, nous nous dirigerons vers le nord en empruntant l&#8217;une des routes c\u00f4ti\u00e8res les plus pittoresques au monde. Vous arriverez au site class\u00e9 au patrimoine mondial de l&#8217;UNESCO de la Chauss\u00e9e des G\u00e9ants, o\u00f9 vous aurez le temps de vous promener parmi les colonnes hexagonales de basalte uniques et d&#8217;en apprendre davantage sur les mythes et la g\u00e9ologie qui se cachent derri\u00e8re cette merveille naturelle.<\/p>\n<p>Sur le chemin du retour, nous ferons de brefs arr\u00eats \u00e0 certains points de vue ou attractions locales, tels que le ch\u00e2teau de Dunluce ou le pont de corde de Carrick-a-Rede (arr\u00eat photo facultatif), en fonction du temps disponible et de vos pr\u00e9f\u00e9rences.<\/p>\n<p><a href=\"https:\/\/tourtravelandmore.com\/fr\/city\/irlande-fr\/dublin-fr\/\">D\u00e9couvrez nos visites priv\u00e9es \u00e0 Dublin et au d\u00e9part de Dublin.<\/a><\/p>\n","protected":false},"excerpt":{"rendered":"<p>D\u00e9couvrez la magie de l&#8217;Irlande du Nord gr\u00e2ce \u00e0 notre excursion priv\u00e9e exclusive de 8 heures au d\u00e9part de Belfast vers la c\u00e9l\u00e8bre Chauss\u00e9e des G\u00e9ants. Cette exp\u00e9rience sur mesure combine le riche patrimoine culturel de Belfast et la beaut\u00e9 naturelle \u00e9poustouflante de la c\u00f4te d&#8217;Antrim, le tout dans le confort d&#8217;un v\u00e9hicule priv\u00e9 et en compagnie d&#8217;un guide professionnel anglophone.<\/p>\n","protected":false},"featured_media":182907,"comment_status":"open","ping_status":"closed","template":"","meta":{"_acf_changed":false},"product_brand":[],"product_cat":[5513,5508,3732],"product_tag":[],"class_list":{"0":"post-182895","1":"product","2":"type-product","3":"status-publish","4":"has-post-thumbnail","6":"product_cat-all-private-tours-fr-8","7":"product_cat-belfast-fr","8":"product_cat-irlande-fr","10":"first","11":"instock","12":"shipping-taxable","13":"purchasable","14":"product-type-simple"},"acf":[],"yoast_head":"<!-- This site is optimized with the Yoast SEO Premium plugin v25.3.1 (Yoast SEO v25.3.1) - https:\/\/yoast.com\/wordpress\/plugins\/seo\/ -->\n<title>Excursion priv\u00e9e d&#039;une journ\u00e9e : Belfast et la Chauss\u00e9e des G\u00e9ants | Tour Travel &amp; More<\/title>\n<meta name=\"description\" content=\"Excursion priv\u00e9e d&#039;une journ\u00e9e : Belfast et la Chauss\u00e9e des G\u00e9ants. Explorez ses rues et ses paysages avec cette visite priv\u00e9e d&#039;une journ\u00e9e compl\u00e8te avec un guide et un v\u00e9hicule priv\u00e9 avec chauffeur.\" \/>\n<meta name=\"robots\" content=\"index, follow, max-snippet:-1, max-image-preview:large, max-video-preview:-1\" \/>\n<link rel=\"canonical\" href=\"https:\/\/tourtravelandmore.com\/fr\/tours\/irlande-fr\/belfast-fr\/visite-privee-de-belfast-copy\/\" \/>\n<meta property=\"og:locale\" content=\"fr_FR\" \/>\n<meta property=\"og:type\" content=\"article\" \/>\n<meta property=\"og:title\" content=\"Excursion priv\u00e9e d&#039;une journ\u00e9e : Belfast et la Chauss\u00e9e des G\u00e9ants\" \/>\n<meta property=\"og:description\" content=\"Excursion priv\u00e9e d&#039;une journ\u00e9e : Belfast et la Chauss\u00e9e des G\u00e9ants. Explorez ses rues et ses paysages avec cette visite priv\u00e9e d&#039;une journ\u00e9e compl\u00e8te avec un guide et un v\u00e9hicule priv\u00e9 avec chauffeur.\" \/>\n<meta property=\"og:url\" content=\"https:\/\/tourtravelandmore.com\/fr\/tours\/irlande-fr\/belfast-fr\/visite-privee-de-belfast-copy\/\" \/>\n<meta property=\"og:site_name\" content=\"Tour Travel And More\" \/>\n<meta property=\"article:publisher\" content=\"https:\/\/www.facebook.com\/tourtravelandmore\/\" \/>\n<meta property=\"article:modified_time\" content=\"2025-04-25T15:40:02+00:00\" \/>\n<meta property=\"og:image\" content=\"https:\/\/tourtravelandmore.com\/wp-content\/uploads\/2025\/04\/titanic-7557477_1280.jpg\" \/>\n\t<meta property=\"og:image:width\" content=\"1280\" \/>\n\t<meta property=\"og:image:height\" content=\"844\" \/>\n\t<meta property=\"og:image:type\" content=\"image\/jpeg\" \/>\n<meta name=\"twitter:card\" content=\"summary_large_image\" \/>\n<meta name=\"twitter:site\" content=\"@TourTravel_More\" \/>\n<meta name=\"twitter:label1\" content=\"Dur\u00e9e de lecture estim\u00e9e\" \/>\n\t<meta name=\"twitter:data1\" content=\"2 minutes\" \/>\n<script type=\"application\/ld+json\" class=\"yoast-schema-graph\">{\"@context\":\"https:\/\/schema.org\",\"@graph\":[{\"@type\":\"WebPage\",\"@id\":\"https:\/\/tourtravelandmore.com\/fr\/tours\/irlande-fr\/belfast-fr\/visite-privee-de-belfast-copy\/\",\"url\":\"https:\/\/tourtravelandmore.com\/fr\/tours\/irlande-fr\/belfast-fr\/visite-privee-de-belfast-copy\/\",\"name\":\"Excursion priv\u00e9e d'une journ\u00e9e : Belfast et la Chauss\u00e9e des G\u00e9ants | Tour Travel & More\",\"isPartOf\":{\"@id\":\"https:\/\/tourtravelandmore.com\/fr\/#website\"},\"primaryImageOfPage\":{\"@id\":\"https:\/\/tourtravelandmore.com\/fr\/tours\/irlande-fr\/belfast-fr\/visite-privee-de-belfast-copy\/#primaryimage\"},\"image\":{\"@id\":\"https:\/\/tourtravelandmore.com\/fr\/tours\/irlande-fr\/belfast-fr\/visite-privee-de-belfast-copy\/#primaryimage\"},\"thumbnailUrl\":\"https:\/\/tourtravelandmore.com\/wp-content\/uploads\/2025\/04\/titanic-7557477_1280.jpg\",\"datePublished\":\"2025-04-25T14:59:55+00:00\",\"dateModified\":\"2025-04-25T15:40:02+00:00\",\"description\":\"Excursion priv\u00e9e d'une journ\u00e9e : Belfast et la Chauss\u00e9e des G\u00e9ants. Explorez ses rues et ses paysages avec cette visite priv\u00e9e d'une journ\u00e9e compl\u00e8te avec un guide et un v\u00e9hicule priv\u00e9 avec chauffeur.\",\"breadcrumb\":{\"@id\":\"https:\/\/tourtravelandmore.com\/fr\/tours\/irlande-fr\/belfast-fr\/visite-privee-de-belfast-copy\/#breadcrumb\"},\"inLanguage\":\"fr-FR\",\"potentialAction\":[{\"@type\":\"ReadAction\",\"target\":[\"https:\/\/tourtravelandmore.com\/fr\/tours\/irlande-fr\/belfast-fr\/visite-privee-de-belfast-copy\/\"]}]},{\"@type\":\"ImageObject\",\"inLanguage\":\"fr-FR\",\"@id\":\"https:\/\/tourtravelandmore.com\/fr\/tours\/irlande-fr\/belfast-fr\/visite-privee-de-belfast-copy\/#primaryimage\",\"url\":\"https:\/\/tourtravelandmore.com\/wp-content\/uploads\/2025\/04\/titanic-7557477_1280.jpg\",\"contentUrl\":\"https:\/\/tourtravelandmore.com\/wp-content\/uploads\/2025\/04\/titanic-7557477_1280.jpg\",\"width\":1280,\"height\":844},{\"@type\":\"BreadcrumbList\",\"@id\":\"https:\/\/tourtravelandmore.com\/fr\/tours\/irlande-fr\/belfast-fr\/visite-privee-de-belfast-copy\/#breadcrumb\",\"itemListElement\":[{\"@type\":\"ListItem\",\"position\":1,\"name\":\"Home\",\"item\":\"https:\/\/tourtravelandmore.com\/fr\/\"},{\"@type\":\"ListItem\",\"position\":2,\"name\":\"Tours\",\"item\":\"https:\/\/tourtravelandmore.com\/fr\/tours\/\"},{\"@type\":\"ListItem\",\"position\":3,\"name\":\"Excursion priv\u00e9e d&#8217;une journ\u00e9e : Belfast et la Chauss\u00e9e des G\u00e9ants\"}]},{\"@type\":\"WebSite\",\"@id\":\"https:\/\/tourtravelandmore.com\/fr\/#website\",\"url\":\"https:\/\/tourtravelandmore.com\/fr\/\",\"name\":\"Tour Travel And More\",\"description\":\"Private sightseeing tours and luxury transfers in Spain\",\"publisher\":{\"@id\":\"https:\/\/tourtravelandmore.com\/fr\/#organization\"},\"potentialAction\":[{\"@type\":\"SearchAction\",\"target\":{\"@type\":\"EntryPoint\",\"urlTemplate\":\"https:\/\/tourtravelandmore.com\/fr\/?s={search_term_string}\"},\"query-input\":{\"@type\":\"PropertyValueSpecification\",\"valueRequired\":true,\"valueName\":\"search_term_string\"}}],\"inLanguage\":\"fr-FR\"},{\"@type\":\"Organization\",\"@id\":\"https:\/\/tourtravelandmore.com\/fr\/#organization\",\"name\":\"Tour Travel And More\",\"url\":\"https:\/\/tourtravelandmore.com\/fr\/\",\"logo\":{\"@type\":\"ImageObject\",\"inLanguage\":\"fr-FR\",\"@id\":\"https:\/\/tourtravelandmore.com\/fr\/#\/schema\/logo\/image\/\",\"url\":\"https:\/\/tourtravelandmore.com\/wp-content\/uploads\/2022\/12\/cropped-logo-cabecera-new.png\",\"contentUrl\":\"https:\/\/tourtravelandmore.com\/wp-content\/uploads\/2022\/12\/cropped-logo-cabecera-new.png\",\"width\":430,\"height\":61,\"caption\":\"Tour Travel And More\"},\"image\":{\"@id\":\"https:\/\/tourtravelandmore.com\/fr\/#\/schema\/logo\/image\/\"},\"sameAs\":[\"https:\/\/www.facebook.com\/tourtravelandmore\/\",\"https:\/\/x.com\/TourTravel_More\"]}]}<\/script>\n<!-- \/ Yoast SEO Premium plugin. -->","yoast_head_json":{"title":"Excursion priv\u00e9e d'une journ\u00e9e : Belfast et la Chauss\u00e9e des G\u00e9ants | Tour Travel & More","description":"Excursion priv\u00e9e d'une journ\u00e9e : Belfast et la Chauss\u00e9e des G\u00e9ants. Explorez ses rues et ses paysages avec cette visite priv\u00e9e d'une journ\u00e9e compl\u00e8te avec un guide et un v\u00e9hicule priv\u00e9 avec chauffeur.","robots":{"index":"index","follow":"follow","max-snippet":"max-snippet:-1","max-image-preview":"max-image-preview:large","max-video-preview":"max-video-preview:-1"},"canonical":"https:\/\/tourtravelandmore.com\/fr\/tours\/irlande-fr\/belfast-fr\/visite-privee-de-belfast-copy\/","og_locale":"fr_FR","og_type":"article","og_title":"Excursion priv\u00e9e d'une journ\u00e9e : Belfast et la Chauss\u00e9e des G\u00e9ants","og_description":"Excursion priv\u00e9e d'une journ\u00e9e : Belfast et la Chauss\u00e9e des G\u00e9ants. Explorez ses rues et ses paysages avec cette visite priv\u00e9e d'une journ\u00e9e compl\u00e8te avec un guide et un v\u00e9hicule priv\u00e9 avec chauffeur.","og_url":"https:\/\/tourtravelandmore.com\/fr\/tours\/irlande-fr\/belfast-fr\/visite-privee-de-belfast-copy\/","og_site_name":"Tour Travel And More","article_publisher":"https:\/\/www.facebook.com\/tourtravelandmore\/","article_modified_time":"2025-04-25T15:40:02+00:00","og_image":[{"width":1280,"height":844,"url":"https:\/\/tourtravelandmore.com\/wp-content\/uploads\/2025\/04\/titanic-7557477_1280.jpg","type":"image\/jpeg"}],"twitter_card":"summary_large_image","twitter_site":"@TourTravel_More","twitter_misc":{"Dur\u00e9e de lecture estim\u00e9e":"2 minutes"},"schema":{"@context":"https:\/\/schema.org","@graph":[{"@type":"WebPage","@id":"https:\/\/tourtravelandmore.com\/fr\/tours\/irlande-fr\/belfast-fr\/visite-privee-de-belfast-copy\/","url":"https:\/\/tourtravelandmore.com\/fr\/tours\/irlande-fr\/belfast-fr\/visite-privee-de-belfast-copy\/","name":"Excursion priv\u00e9e d'une journ\u00e9e : Belfast et la Chauss\u00e9e des G\u00e9ants | Tour Travel & More","isPartOf":{"@id":"https:\/\/tourtravelandmore.com\/fr\/#website"},"primaryImageOfPage":{"@id":"https:\/\/tourtravelandmore.com\/fr\/tours\/irlande-fr\/belfast-fr\/visite-privee-de-belfast-copy\/#primaryimage"},"image":{"@id":"https:\/\/tourtravelandmore.com\/fr\/tours\/irlande-fr\/belfast-fr\/visite-privee-de-belfast-copy\/#primaryimage"},"thumbnailUrl":"https:\/\/tourtravelandmore.com\/wp-content\/uploads\/2025\/04\/titanic-7557477_1280.jpg","datePublished":"2025-04-25T14:59:55+00:00","dateModified":"2025-04-25T15:40:02+00:00","description":"Excursion priv\u00e9e d'une journ\u00e9e : Belfast et la Chauss\u00e9e des G\u00e9ants. Explorez ses rues et ses paysages avec cette visite priv\u00e9e d'une journ\u00e9e compl\u00e8te avec un guide et un v\u00e9hicule priv\u00e9 avec chauffeur.","breadcrumb":{"@id":"https:\/\/tourtravelandmore.com\/fr\/tours\/irlande-fr\/belfast-fr\/visite-privee-de-belfast-copy\/#breadcrumb"},"inLanguage":"fr-FR","potentialAction":[{"@type":"ReadAction","target":["https:\/\/tourtravelandmore.com\/fr\/tours\/irlande-fr\/belfast-fr\/visite-privee-de-belfast-copy\/"]}]},{"@type":"ImageObject","inLanguage":"fr-FR","@id":"https:\/\/tourtravelandmore.com\/fr\/tours\/irlande-fr\/belfast-fr\/visite-privee-de-belfast-copy\/#primaryimage","url":"https:\/\/tourtravelandmore.com\/wp-content\/uploads\/2025\/04\/titanic-7557477_1280.jpg","contentUrl":"https:\/\/tourtravelandmore.com\/wp-content\/uploads\/2025\/04\/titanic-7557477_1280.jpg","width":1280,"height":844},{"@type":"BreadcrumbList","@id":"https:\/\/tourtravelandmore.com\/fr\/tours\/irlande-fr\/belfast-fr\/visite-privee-de-belfast-copy\/#breadcrumb","itemListElement":[{"@type":"ListItem","position":1,"name":"Home","item":"https:\/\/tourtravelandmore.com\/fr\/"},{"@type":"ListItem","position":2,"name":"Tours","item":"https:\/\/tourtravelandmore.com\/fr\/tours\/"},{"@type":"ListItem","position":3,"name":"Excursion priv\u00e9e d&#8217;une journ\u00e9e : Belfast et la Chauss\u00e9e des G\u00e9ants"}]},{"@type":"WebSite","@id":"https:\/\/tourtravelandmore.com\/fr\/#website","url":"https:\/\/tourtravelandmore.com\/fr\/","name":"Tour Travel And More","description":"Private sightseeing tours and luxury transfers in Spain","publisher":{"@id":"https:\/\/tourtravelandmore.com\/fr\/#organization"},"potentialAction":[{"@type":"SearchAction","target":{"@type":"EntryPoint","urlTemplate":"https:\/\/tourtravelandmore.com\/fr\/?s={search_term_string}"},"query-input":{"@type":"PropertyValueSpecification","valueRequired":true,"valueName":"search_term_string"}}],"inLanguage":"fr-FR"},{"@type":"Organization","@id":"https:\/\/tourtravelandmore.com\/fr\/#organization","name":"Tour Travel And More","url":"https:\/\/tourtravelandmore.com\/fr\/","logo":{"@type":"ImageObject","inLanguage":"fr-FR","@id":"https:\/\/tourtravelandmore.com\/fr\/#\/schema\/logo\/image\/","url":"https:\/\/tourtravelandmore.com\/wp-content\/uploads\/2022\/12\/cropped-logo-cabecera-new.png","contentUrl":"https:\/\/tourtravelandmore.com\/wp-content\/uploads\/2022\/12\/cropped-logo-cabecera-new.png","width":430,"height":61,"caption":"Tour Travel And More"},"image":{"@id":"https:\/\/tourtravelandmore.com\/fr\/#\/schema\/logo\/image\/"},"sameAs":["https:\/\/www.facebook.com\/tourtravelandmore\/","https:\/\/x.com\/TourTravel_More"]}]}},"_links":{"self":[{"href":"https:\/\/tourtravelandmore.com\/fr\/wp-json\/wp\/v2\/product\/182895","targetHints":{"allow":["GET"]}}],"collection":[{"href":"https:\/\/tourtravelandmore.com\/fr\/wp-json\/wp\/v2\/product"}],"about":[{"href":"https:\/\/tourtravelandmore.com\/fr\/wp-json\/wp\/v2\/types\/product"}],"replies":[{"embeddable":true,"href":"https:\/\/tourtravelandmore.com\/fr\/wp-json\/wp\/v2\/comments?post=182895"}],"wp:featuredmedia":[{"embeddable":true,"href":"https:\/\/tourtravelandmore.com\/fr\/wp-json\/wp\/v2\/media\/182907"}],"wp:attachment":[{"href":"https:\/\/tourtravelandmore.com\/fr\/wp-json\/wp\/v2\/media?parent=182895"}],"wp:term":[{"taxonomy":"product_brand","embeddable":true,"href":"https:\/\/tourtravelandmore.com\/fr\/wp-json\/wp\/v2\/product_brand?post=182895"},{"taxonomy":"product_cat","embeddable":true,"href":"https:\/\/tourtravelandmore.com\/fr\/wp-json\/wp\/v2\/product_cat?post=182895"},{"taxonomy":"product_tag","embeddable":true,"href":"https:\/\/tourtravelandmore.com\/fr\/wp-json\/wp\/v2\/product_tag?post=182895"}],"curies":[{"name":"wp","href":"https:\/\/api.w.org\/{rel}","templated":true}]}}