{"id":182831,"date":"2025-04-25T16:25:56","date_gmt":"2025-04-25T14:25:59","guid":{"rendered":"https:\/\/tourtravelandmore.com\/?post_type=product&#038;p=182831"},"modified":"2025-04-25T16:45:40","modified_gmt":"2025-04-25T14:45:40","slug":"visite-privee-de-dublin-copy","status":"publish","type":"product","link":"https:\/\/tourtravelandmore.com\/fr\/tours\/irlande-fr\/belfast-fr\/visite-privee-de-dublin-copy\/","title":{"rendered":"Visite Priv\u00e9e de Belfast"},"content":{"rendered":"<h2>Description de la visite priv\u00e9e de Belfast<\/h2>\n<p>D\u00e9couvrez la capitale anim\u00e9e de l&#8217;Irlande du Nord gr\u00e2ce \u00e0 cette visite priv\u00e9e exclusive de 4 heures \u00e0 Belfast, au d\u00e9part de votre h\u00f4tel ou du terminal de croisi\u00e8re. Accompagn\u00e9 d&#8217;un guide officiel priv\u00e9 et d&#8217;un v\u00e9hicule de luxe avec chauffeur, vous explorerez les sites les plus embl\u00e9matiques, les lieux culturels et les coins cach\u00e9s de la ville dans un confort absolu.<\/p>\n<p>Cette exp\u00e9rience sur mesure vous offre une introduction approfondie \u00e0 la riche histoire de Belfast, de ses racines industrielles \u00e0 son h\u00e9ritage politique et \u00e0 son renouveau artistique. Admirez l&#8217;\u00e9l\u00e9gante architecture victorienne, visitez les c\u00e9l\u00e8bres fresques murales des quartiers de Falls et Shankill Roads, et d\u00e9couvrez l&#8217;histoire complexe des Troubles.<\/p>\n<p>Cette visite est enti\u00e8rement personnalisable. Vous pouvez adapter toutes nos visites \u00e0 Belfast \u00e0 vos propres int\u00e9r\u00eats en nous contactant, c&#8217;est pourquoi cette visite priv\u00e9e de Belfast est parfaite pour vous !<\/p>\n<h2>Visite priv\u00e9e de Belfast | Points d&#8217;int\u00e9r\u00eat et sites touristiques<\/h2>\n<p>Au cours de la visite, vous passerez \u00e9galement devant le Titanic Quarter, qui abrite le mus\u00e9e prim\u00e9 Titanic Belfast, et vous verrez des sites tels que l&#8217;h\u00f4tel de ville de Belfast, l&#8217;Albert Memorial Clock, l&#8217;universit\u00e9 Queen&#8217;s, et bien d&#8217;autres encore. Votre guide expert adaptera la visite \u00e0 vos centres d&#8217;int\u00e9r\u00eat, vous offrant des informations et des anecdotes qui donneront vie \u00e0 la ville.<\/p>\n<p>Que vous arriviez par la mer ou que vous s\u00e9journiez en ville, cette visite priv\u00e9e vous offre un aper\u00e7u parfait de Belfast en seulement une demi-journ\u00e9e.<\/p>\n<ul>\n<li><strong>Prise en charge et retour priv\u00e9s \u00e0 votre h\u00f4tel ou au terminal de croisi\u00e8re<\/strong><\/li>\n<li><strong>D\u00e9couvrez Belfast avec un guide local officiel et un chauffeur priv\u00e9<\/strong><\/li>\n<li><strong>Explorez les principaux sites touristiques tels que l&#8217;h\u00f4tel de ville, les murs de la paix et l&#8217;universit\u00e9 Queen&#8217;s<\/strong><\/li>\n<li><strong>D\u00e9couvrez le pass\u00e9 industriel et l&#8217;histoire politique de Belfast<\/strong><\/li>\n<li><strong>Traversez le quartier Titanic et d\u00e9couvrez les chantiers navals o\u00f9 le Titanic a \u00e9t\u00e9 construit<\/strong><\/li>\n<li><strong>Itin\u00e9raire enti\u00e8rement personnalisable en fonction de vos int\u00e9r\u00eats<\/strong><\/li>\n<\/ul>\n<p><a href=\"https:\/\/tourtravelandmore.com\/fr\/city\/irlande-fr\/dublin-fr\/\">D\u00e9couvrez nos visites priv\u00e9es \u00e0 Dublin et au d\u00e9part de Dublin.<\/a><\/p>\n","protected":false},"excerpt":{"rendered":"<p>D\u00e9couvrez la capitale anim\u00e9e de l&#8217;Irlande du Nord gr\u00e2ce \u00e0 cette visite priv\u00e9e exclusive de 4 heures \u00e0 Belfast, au d\u00e9part de votre h\u00f4tel ou du terminal de croisi\u00e8re. Accompagn\u00e9 d&#8217;un guide officiel priv\u00e9 et d&#8217;un v\u00e9hicule de luxe avec chauffeur, vous explorerez les sites les plus embl\u00e9matiques, les lieux culturels et les coins cach\u00e9s de la ville dans un confort absolu.<\/p>\n","protected":false},"featured_media":182876,"comment_status":"open","ping_status":"closed","template":"","meta":{"_acf_changed":false},"product_brand":[],"product_cat":[5513,5508,3732],"product_tag":[],"class_list":{"0":"post-182831","1":"product","2":"type-product","3":"status-publish","4":"has-post-thumbnail","6":"product_cat-all-private-tours-fr-8","7":"product_cat-belfast-fr","8":"product_cat-irlande-fr","10":"first","11":"instock","12":"shipping-taxable","13":"purchasable","14":"product-type-simple"},"acf":[],"yoast_head":"<!-- This site is optimized with the Yoast SEO Premium plugin v25.3.1 (Yoast SEO v25.3.1) - https:\/\/yoast.com\/wordpress\/plugins\/seo\/ -->\n<title>Visite priv\u00e9e d&#039;une demi-journ\u00e9e de Belfast avec guide priv\u00e9 | Tour Travel &amp; More<\/title>\n<meta name=\"description\" content=\"Visite priv\u00e9e de Belfast. Explorez ses rues et ses paysages avec cette visite priv\u00e9e d&#039;une journ\u00e9e compl\u00e8te avec un guide et un v\u00e9hicule priv\u00e9 avec chauffeur.\" \/>\n<meta name=\"robots\" content=\"index, follow, max-snippet:-1, max-image-preview:large, max-video-preview:-1\" \/>\n<link rel=\"canonical\" href=\"https:\/\/tourtravelandmore.com\/fr\/tours\/irlande-fr\/belfast-fr\/visite-privee-de-dublin-copy\/\" \/>\n<meta property=\"og:locale\" content=\"fr_FR\" \/>\n<meta property=\"og:type\" content=\"article\" \/>\n<meta property=\"og:title\" content=\"Visite Priv\u00e9e de Belfast\" \/>\n<meta property=\"og:description\" content=\"Visite priv\u00e9e de Belfast. Explorez ses rues et ses paysages avec cette visite priv\u00e9e d&#039;une journ\u00e9e compl\u00e8te avec un guide et un v\u00e9hicule priv\u00e9 avec chauffeur.\" \/>\n<meta property=\"og:url\" content=\"https:\/\/tourtravelandmore.com\/fr\/tours\/irlande-fr\/belfast-fr\/visite-privee-de-dublin-copy\/\" \/>\n<meta property=\"og:site_name\" content=\"Tour Travel And More\" \/>\n<meta property=\"article:publisher\" content=\"https:\/\/www.facebook.com\/tourtravelandmore\/\" \/>\n<meta property=\"article:modified_time\" content=\"2025-04-25T14:45:40+00:00\" \/>\n<meta property=\"og:image\" content=\"https:\/\/tourtravelandmore.com\/wp-content\/uploads\/2025\/04\/pexels-shutterspeed-ireland-15955120.jpg\" \/>\n\t<meta property=\"og:image:width\" content=\"1919\" \/>\n\t<meta property=\"og:image:height\" content=\"1012\" \/>\n\t<meta property=\"og:image:type\" content=\"image\/jpeg\" \/>\n<meta name=\"twitter:card\" content=\"summary_large_image\" \/>\n<meta name=\"twitter:site\" content=\"@TourTravel_More\" \/>\n<meta name=\"twitter:label1\" content=\"Dur\u00e9e de lecture estim\u00e9e\" \/>\n\t<meta name=\"twitter:data1\" content=\"2 minutes\" \/>\n<script type=\"application\/ld+json\" class=\"yoast-schema-graph\">{\"@context\":\"https:\/\/schema.org\",\"@graph\":[{\"@type\":\"WebPage\",\"@id\":\"https:\/\/tourtravelandmore.com\/fr\/tours\/irlande-fr\/belfast-fr\/visite-privee-de-dublin-copy\/\",\"url\":\"https:\/\/tourtravelandmore.com\/fr\/tours\/irlande-fr\/belfast-fr\/visite-privee-de-dublin-copy\/\",\"name\":\"Visite priv\u00e9e d'une demi-journ\u00e9e de Belfast avec guide priv\u00e9 | Tour Travel & More\",\"isPartOf\":{\"@id\":\"https:\/\/tourtravelandmore.com\/fr\/#website\"},\"primaryImageOfPage\":{\"@id\":\"https:\/\/tourtravelandmore.com\/fr\/tours\/irlande-fr\/belfast-fr\/visite-privee-de-dublin-copy\/#primaryimage\"},\"image\":{\"@id\":\"https:\/\/tourtravelandmore.com\/fr\/tours\/irlande-fr\/belfast-fr\/visite-privee-de-dublin-copy\/#primaryimage\"},\"thumbnailUrl\":\"https:\/\/tourtravelandmore.com\/wp-content\/uploads\/2025\/04\/pexels-shutterspeed-ireland-15955120.jpg\",\"datePublished\":\"2025-04-25T14:25:59+00:00\",\"dateModified\":\"2025-04-25T14:45:40+00:00\",\"description\":\"Visite priv\u00e9e de Belfast. Explorez ses rues et ses paysages avec cette visite priv\u00e9e d'une journ\u00e9e compl\u00e8te avec un guide et un v\u00e9hicule priv\u00e9 avec chauffeur.\",\"breadcrumb\":{\"@id\":\"https:\/\/tourtravelandmore.com\/fr\/tours\/irlande-fr\/belfast-fr\/visite-privee-de-dublin-copy\/#breadcrumb\"},\"inLanguage\":\"fr-FR\",\"potentialAction\":[{\"@type\":\"ReadAction\",\"target\":[\"https:\/\/tourtravelandmore.com\/fr\/tours\/irlande-fr\/belfast-fr\/visite-privee-de-dublin-copy\/\"]}]},{\"@type\":\"ImageObject\",\"inLanguage\":\"fr-FR\",\"@id\":\"https:\/\/tourtravelandmore.com\/fr\/tours\/irlande-fr\/belfast-fr\/visite-privee-de-dublin-copy\/#primaryimage\",\"url\":\"https:\/\/tourtravelandmore.com\/wp-content\/uploads\/2025\/04\/pexels-shutterspeed-ireland-15955120.jpg\",\"contentUrl\":\"https:\/\/tourtravelandmore.com\/wp-content\/uploads\/2025\/04\/pexels-shutterspeed-ireland-15955120.jpg\",\"width\":1919,\"height\":1012},{\"@type\":\"BreadcrumbList\",\"@id\":\"https:\/\/tourtravelandmore.com\/fr\/tours\/irlande-fr\/belfast-fr\/visite-privee-de-dublin-copy\/#breadcrumb\",\"itemListElement\":[{\"@type\":\"ListItem\",\"position\":1,\"name\":\"Home\",\"item\":\"https:\/\/tourtravelandmore.com\/fr\/\"},{\"@type\":\"ListItem\",\"position\":2,\"name\":\"Tours\",\"item\":\"https:\/\/tourtravelandmore.com\/fr\/tours\/\"},{\"@type\":\"ListItem\",\"position\":3,\"name\":\"Visite Priv\u00e9e de Belfast\"}]},{\"@type\":\"WebSite\",\"@id\":\"https:\/\/tourtravelandmore.com\/fr\/#website\",\"url\":\"https:\/\/tourtravelandmore.com\/fr\/\",\"name\":\"Tour Travel And More\",\"description\":\"Private sightseeing tours and luxury transfers in Spain\",\"publisher\":{\"@id\":\"https:\/\/tourtravelandmore.com\/fr\/#organization\"},\"potentialAction\":[{\"@type\":\"SearchAction\",\"target\":{\"@type\":\"EntryPoint\",\"urlTemplate\":\"https:\/\/tourtravelandmore.com\/fr\/?s={search_term_string}\"},\"query-input\":{\"@type\":\"PropertyValueSpecification\",\"valueRequired\":true,\"valueName\":\"search_term_string\"}}],\"inLanguage\":\"fr-FR\"},{\"@type\":\"Organization\",\"@id\":\"https:\/\/tourtravelandmore.com\/fr\/#organization\",\"name\":\"Tour Travel And More\",\"url\":\"https:\/\/tourtravelandmore.com\/fr\/\",\"logo\":{\"@type\":\"ImageObject\",\"inLanguage\":\"fr-FR\",\"@id\":\"https:\/\/tourtravelandmore.com\/fr\/#\/schema\/logo\/image\/\",\"url\":\"https:\/\/tourtravelandmore.com\/wp-content\/uploads\/2022\/12\/cropped-logo-cabecera-new.png\",\"contentUrl\":\"https:\/\/tourtravelandmore.com\/wp-content\/uploads\/2022\/12\/cropped-logo-cabecera-new.png\",\"width\":430,\"height\":61,\"caption\":\"Tour Travel And More\"},\"image\":{\"@id\":\"https:\/\/tourtravelandmore.com\/fr\/#\/schema\/logo\/image\/\"},\"sameAs\":[\"https:\/\/www.facebook.com\/tourtravelandmore\/\",\"https:\/\/x.com\/TourTravel_More\"]}]}<\/script>\n<!-- \/ Yoast SEO Premium plugin. -->","yoast_head_json":{"title":"Visite priv\u00e9e d'une demi-journ\u00e9e de Belfast avec guide priv\u00e9 | Tour Travel & More","description":"Visite priv\u00e9e de Belfast. Explorez ses rues et ses paysages avec cette visite priv\u00e9e d'une journ\u00e9e compl\u00e8te avec un guide et un v\u00e9hicule priv\u00e9 avec chauffeur.","robots":{"index":"index","follow":"follow","max-snippet":"max-snippet:-1","max-image-preview":"max-image-preview:large","max-video-preview":"max-video-preview:-1"},"canonical":"https:\/\/tourtravelandmore.com\/fr\/tours\/irlande-fr\/belfast-fr\/visite-privee-de-dublin-copy\/","og_locale":"fr_FR","og_type":"article","og_title":"Visite Priv\u00e9e de Belfast","og_description":"Visite priv\u00e9e de Belfast. Explorez ses rues et ses paysages avec cette visite priv\u00e9e d'une journ\u00e9e compl\u00e8te avec un guide et un v\u00e9hicule priv\u00e9 avec chauffeur.","og_url":"https:\/\/tourtravelandmore.com\/fr\/tours\/irlande-fr\/belfast-fr\/visite-privee-de-dublin-copy\/","og_site_name":"Tour Travel And More","article_publisher":"https:\/\/www.facebook.com\/tourtravelandmore\/","article_modified_time":"2025-04-25T14:45:40+00:00","og_image":[{"width":1919,"height":1012,"url":"https:\/\/tourtravelandmore.com\/wp-content\/uploads\/2025\/04\/pexels-shutterspeed-ireland-15955120.jpg","type":"image\/jpeg"}],"twitter_card":"summary_large_image","twitter_site":"@TourTravel_More","twitter_misc":{"Dur\u00e9e de lecture estim\u00e9e":"2 minutes"},"schema":{"@context":"https:\/\/schema.org","@graph":[{"@type":"WebPage","@id":"https:\/\/tourtravelandmore.com\/fr\/tours\/irlande-fr\/belfast-fr\/visite-privee-de-dublin-copy\/","url":"https:\/\/tourtravelandmore.com\/fr\/tours\/irlande-fr\/belfast-fr\/visite-privee-de-dublin-copy\/","name":"Visite priv\u00e9e d'une demi-journ\u00e9e de Belfast avec guide priv\u00e9 | Tour Travel & More","isPartOf":{"@id":"https:\/\/tourtravelandmore.com\/fr\/#website"},"primaryImageOfPage":{"@id":"https:\/\/tourtravelandmore.com\/fr\/tours\/irlande-fr\/belfast-fr\/visite-privee-de-dublin-copy\/#primaryimage"},"image":{"@id":"https:\/\/tourtravelandmore.com\/fr\/tours\/irlande-fr\/belfast-fr\/visite-privee-de-dublin-copy\/#primaryimage"},"thumbnailUrl":"https:\/\/tourtravelandmore.com\/wp-content\/uploads\/2025\/04\/pexels-shutterspeed-ireland-15955120.jpg","datePublished":"2025-04-25T14:25:59+00:00","dateModified":"2025-04-25T14:45:40+00:00","description":"Visite priv\u00e9e de Belfast. Explorez ses rues et ses paysages avec cette visite priv\u00e9e d'une journ\u00e9e compl\u00e8te avec un guide et un v\u00e9hicule priv\u00e9 avec chauffeur.","breadcrumb":{"@id":"https:\/\/tourtravelandmore.com\/fr\/tours\/irlande-fr\/belfast-fr\/visite-privee-de-dublin-copy\/#breadcrumb"},"inLanguage":"fr-FR","potentialAction":[{"@type":"ReadAction","target":["https:\/\/tourtravelandmore.com\/fr\/tours\/irlande-fr\/belfast-fr\/visite-privee-de-dublin-copy\/"]}]},{"@type":"ImageObject","inLanguage":"fr-FR","@id":"https:\/\/tourtravelandmore.com\/fr\/tours\/irlande-fr\/belfast-fr\/visite-privee-de-dublin-copy\/#primaryimage","url":"https:\/\/tourtravelandmore.com\/wp-content\/uploads\/2025\/04\/pexels-shutterspeed-ireland-15955120.jpg","contentUrl":"https:\/\/tourtravelandmore.com\/wp-content\/uploads\/2025\/04\/pexels-shutterspeed-ireland-15955120.jpg","width":1919,"height":1012},{"@type":"BreadcrumbList","@id":"https:\/\/tourtravelandmore.com\/fr\/tours\/irlande-fr\/belfast-fr\/visite-privee-de-dublin-copy\/#breadcrumb","itemListElement":[{"@type":"ListItem","position":1,"name":"Home","item":"https:\/\/tourtravelandmore.com\/fr\/"},{"@type":"ListItem","position":2,"name":"Tours","item":"https:\/\/tourtravelandmore.com\/fr\/tours\/"},{"@type":"ListItem","position":3,"name":"Visite Priv\u00e9e de Belfast"}]},{"@type":"WebSite","@id":"https:\/\/tourtravelandmore.com\/fr\/#website","url":"https:\/\/tourtravelandmore.com\/fr\/","name":"Tour Travel And More","description":"Private sightseeing tours and luxury transfers in Spain","publisher":{"@id":"https:\/\/tourtravelandmore.com\/fr\/#organization"},"potentialAction":[{"@type":"SearchAction","target":{"@type":"EntryPoint","urlTemplate":"https:\/\/tourtravelandmore.com\/fr\/?s={search_term_string}"},"query-input":{"@type":"PropertyValueSpecification","valueRequired":true,"valueName":"search_term_string"}}],"inLanguage":"fr-FR"},{"@type":"Organization","@id":"https:\/\/tourtravelandmore.com\/fr\/#organization","name":"Tour Travel And More","url":"https:\/\/tourtravelandmore.com\/fr\/","logo":{"@type":"ImageObject","inLanguage":"fr-FR","@id":"https:\/\/tourtravelandmore.com\/fr\/#\/schema\/logo\/image\/","url":"https:\/\/tourtravelandmore.com\/wp-content\/uploads\/2022\/12\/cropped-logo-cabecera-new.png","contentUrl":"https:\/\/tourtravelandmore.com\/wp-content\/uploads\/2022\/12\/cropped-logo-cabecera-new.png","width":430,"height":61,"caption":"Tour Travel And More"},"image":{"@id":"https:\/\/tourtravelandmore.com\/fr\/#\/schema\/logo\/image\/"},"sameAs":["https:\/\/www.facebook.com\/tourtravelandmore\/","https:\/\/x.com\/TourTravel_More"]}]}},"_links":{"self":[{"href":"https:\/\/tourtravelandmore.com\/fr\/wp-json\/wp\/v2\/product\/182831","targetHints":{"allow":["GET"]}}],"collection":[{"href":"https:\/\/tourtravelandmore.com\/fr\/wp-json\/wp\/v2\/product"}],"about":[{"href":"https:\/\/tourtravelandmore.com\/fr\/wp-json\/wp\/v2\/types\/product"}],"replies":[{"embeddable":true,"href":"https:\/\/tourtravelandmore.com\/fr\/wp-json\/wp\/v2\/comments?post=182831"}],"wp:featuredmedia":[{"embeddable":true,"href":"https:\/\/tourtravelandmore.com\/fr\/wp-json\/wp\/v2\/media\/182876"}],"wp:attachment":[{"href":"https:\/\/tourtravelandmore.com\/fr\/wp-json\/wp\/v2\/media?parent=182831"}],"wp:term":[{"taxonomy":"product_brand","embeddable":true,"href":"https:\/\/tourtravelandmore.com\/fr\/wp-json\/wp\/v2\/product_brand?post=182831"},{"taxonomy":"product_cat","embeddable":true,"href":"https:\/\/tourtravelandmore.com\/fr\/wp-json\/wp\/v2\/product_cat?post=182831"},{"taxonomy":"product_tag","embeddable":true,"href":"https:\/\/tourtravelandmore.com\/fr\/wp-json\/wp\/v2\/product_tag?post=182831"}],"curies":[{"name":"wp","href":"https:\/\/api.w.org\/{rel}","templated":true}]}}